{"id":267963,"date":"2025-08-23T10:28:45","date_gmt":"2025-08-23T08:28:45","guid":{"rendered":"https:\/\/revolutionpadelstore.com\/bullpadel-icon-26\/"},"modified":"2026-04-08T04:26:18","modified_gmt":"2026-04-08T02:26:18","slug":"bullpadel-icon-26-1","status":"publish","type":"product","link":"https:\/\/revolutionpadelstore.com\/de\/produkt\/bullpadel-icon-26-1\/","title":{"rendered":"BULLPADEL ICON 26"},"content":{"rendered":"<h2><strong>Bullpadel Icon 26 \u2013 Professionelle Power f\u00fcr das Offensivspiel<\/strong><\/h2>\n<p>Der Bullpadel Icon 26 ist das Flaggschiff des legend\u00e4ren Juan Mart\u00edn D\u00edaz und wurde f\u00fcr Spieler entwickelt, die den Platz mit einem offensiven und pr\u00e4zisen Stil dominieren. Sein Diamantformat, seine hohe Balance und sein Gewicht zwischen 370 und 375 Gramm machen ihn zu einem der besten professionellen Padelschl\u00e4ger f\u00fcr alle, die maximale Leistung suchen, ohne die Kontrolle zu verlieren.<\/p>\n<p>Dank der rauen Oberfl\u00e4che mit 3D-Grain-Technologie k\u00f6nnen Sie problemlos Effekte aus jedem Bereich des Spielfelds drucken und so sowohl in der Verteidigung als auch im Angriff einen Wettbewerbsvorteil erzielen.<\/p>\n<p>Dieser aus X-Tend 12K Carbon gefertigte Schl\u00e4ger bietet eine einzigartige Kombination aus St\u00e4rke, Leichtigkeit und Man\u00f6vrierf\u00e4higkeit. Sein Multieva-Kern mit doppelter Dichte passt die Reaktion an die St\u00e4rke des Schlags an und bietet so Vielseitigkeit an jedem Punkt.<\/p>\n<h2><strong>Ideal f\u00fcr erfahrene Spieler<\/strong><\/h2>\n<p>Das Bullpadel Icon ist f\u00fcr fortgeschrittene Spieler konzipiert, die Spa\u00df an einem aggressiven und technischen Spiel haben. Wenn Sie gerne schie\u00dfen, volley spielen und das Netz dr\u00fccken, wird dieser Schl\u00e4ger Ihren Offensivstil maximal verbessern.<\/p>\n<p>Dieser Schl\u00e4ger wurde von einem der gr\u00f6\u00dften Padel-Namen der Welt inspiriert und vereint Innovation, Leistung und die M\u00f6glichkeit, Ihr Spielerlebnis mit einstellbaren Balancesystemen individuell zu gestalten.<\/p>\n<h2><strong>Hervorgehobene Technologien und Funktionen<\/strong><\/h2>\n<p>-Torsion-Konzept: Verbessert die Energie\u00fcbertragung mit kontrolliertem Drehmoment.<\/p>\n<p>-Ease Vibe: absorbiert bis zu 49 % der Vibrationen und reduziert so die Auswirkungen auf den Arm.<\/p>\n<p>-Custom Weight: System, mit dem Sie die Waage nach Ihren W\u00fcnschen anpassen k\u00f6nnen.<\/p>\n<p>-3D-K\u00f6rnung: raue Oberfl\u00e4che, um die Wirkung jeder Aufnahme zu maximieren.<\/p>\n<p>-Hesacore: ergonomischer Griff, der den Kraftaufwand reduziert und Verletzungen vorbeugt.<\/p>\n<p>-Vibradrive: minimiert Vibrationen bei au\u00dfermittigen Schl\u00e4gen.<\/p>\n<p>-X-Tend Carbon 12K: starkes und leichtes Carbon f\u00fcr mehr Agilit\u00e4t.<\/p>\n<p>-Multieva: Kern mit doppelter Dichte, der Kontrolle und Leistung vereint.<\/p>\n<p>-Carbontube: Rahmen aus 100 % Carbon f\u00fcr \u00fcberragende Haltbarkeit.<\/p>\n<h2><strong>Spielen Sie wie eine Padel-Legende<\/strong><\/h2>\n<p>Mit dem Bullpadel Icon 26 halten Sie einen Schl\u00e4ger in Ihren H\u00e4nden, der f\u00fcr den Wettkampf auf h\u00f6chstem Niveau konzipiert ist. Wenn Sie auf der Suche nach professioneller Leistung, Kontrolle bei jedem Spiel und explosiver Kraft sind, ist dies die beste Wahl.<\/p>\n<h2><strong>Warum im Revolution Padel Store kaufen?<\/strong><\/h2>\n<p>-Lagerbestand verf\u00fcgbar und schneller Versand.<\/p>\n<p>-Spezialisierte Beratung f\u00fcr anspruchsvolle Spieler.<\/p>\n<p>-Offizielle Bullpadel-Qualit\u00e4tsgarantie.<\/p>\n<p>-Wahrscheinlich der beste Preis auf dem Markt.<\/p>\n<p><strong>Holen Sie sich jetzt Ihr Exemplar bei <a href=\"http:\/\/www.revolutionpadelstore.com\/\">www.revolutionpadelstore.com<\/a> und dominieren Sie den Platz mit der Kraft einer Legende.<\/strong><\/p>\n","protected":false},"excerpt":{"rendered":"<p>Der offizielle Schl\u00e4ger von Juan Mart\u00edn D\u00edaz vereint Kraft, Pr\u00e4zision und fortschrittliche Technologien und wurde speziell f\u00fcr Spieler auf Expertenniveau entwickelt.<\/p>\n","protected":false},"featured_media":267987,"comment_status":"open","ping_status":"closed","template":"","meta":{"_acf_changed":false,"_joinchat":[]},"acabado":[1089],"balance":[1134],"dureza":[1154],"forma":[1169],"jugador":[1189],"marca":[1254],"nivel-de-juego":[1334,1344],"superficie":[1359],"tipo-de-juego":[1374],"product_brand":[],"product_cat":[299],"product_tag":[],"class_list":{"0":"post-267963","1":"product","2":"type-product","3":"status-publish","4":"has-post-thumbnail","6":"acabado-3d-entlasten","7":"balance-hoch","8":"dureza-media-de","9":"forma-diamante-de","10":"jugador-mann","11":"marca-bullpadel-de","12":"superficie-rugosa-de","13":"tipo-de-juego-leistung","14":"product_cat-palas-de-padel-de","16":"first","17":"instock","18":"sale","19":"taxable","20":"shipping-taxable","21":"purchasable","22":"product-type-simple"},"acf":[],"yoast_head":"<!-- This site is optimized with the Yoast SEO plugin v27.4 - https:\/\/yoast.com\/product\/yoast-seo-wordpress\/ -->\n<title>BULLPADEL ICON 26 - Revolution Padel Store<\/title>\n<meta name=\"description\" content=\"Pala Bullpadel Icon 26 con balance alto y carbono 12K, ideal para jugadores ofensivos de nivel avanzado. Potencia, control y efectos en www.revolutionpadelstore.com.\" \/>\n<meta name=\"robots\" content=\"index, follow, max-snippet:-1, max-image-preview:large, max-video-preview:-1\" \/>\n<link rel=\"canonical\" href=\"https:\/\/revolutionpadelstore.com\/de\/produkt\/bullpadel-icon-26-1\/\" \/>\n<meta property=\"og:locale\" content=\"de_DE\" \/>\n<meta property=\"og:type\" content=\"article\" \/>\n<meta property=\"og:title\" content=\"BULLPADEL ICON 26 - Revolution Padel Store\" \/>\n<meta property=\"og:description\" content=\"Pala Bullpadel Icon 26 con balance alto y carbono 12K, ideal para jugadores ofensivos de nivel avanzado. Potencia, control y efectos en www.revolutionpadelstore.com.\" \/>\n<meta property=\"og:url\" content=\"https:\/\/revolutionpadelstore.com\/de\/produkt\/bullpadel-icon-26-1\/\" \/>\n<meta property=\"og:site_name\" content=\"Revolution Padel Store\" \/>\n<meta property=\"article:modified_time\" content=\"2026-04-08T02:26:18+00:00\" \/>\n<meta property=\"og:image\" content=\"https:\/\/revolutionpadelstore.com\/wp-content\/uploads\/2025\/08\/120898-pala-bullpadel-icon-26-494404-1200x1200-1.webp\" \/>\n\t<meta property=\"og:image:width\" content=\"1200\" \/>\n\t<meta property=\"og:image:height\" content=\"1200\" \/>\n\t<meta property=\"og:image:type\" content=\"image\/webp\" \/>\n<meta name=\"twitter:card\" content=\"summary_large_image\" \/>\n<meta name=\"twitter:label1\" content=\"Gesch\u00e4tzte Lesezeit\" \/>\n\t<meta name=\"twitter:data1\" content=\"2\u00a0Minuten\" \/>\n<script type=\"application\/ld+json\" class=\"yoast-schema-graph\">{\"@context\":\"https:\\\/\\\/schema.org\",\"@graph\":[{\"@type\":\"WebPage\",\"@id\":\"https:\\\/\\\/revolutionpadelstore.com\\\/de\\\/produkt\\\/bullpadel-icon-26-1\\\/\",\"url\":\"https:\\\/\\\/revolutionpadelstore.com\\\/de\\\/produkt\\\/bullpadel-icon-26-1\\\/\",\"name\":\"BULLPADEL ICON 26 - Revolution Padel Store\",\"isPartOf\":{\"@id\":\"https:\\\/\\\/revolutionpadelstore.com\\\/de\\\/#website\"},\"primaryImageOfPage\":{\"@id\":\"https:\\\/\\\/revolutionpadelstore.com\\\/de\\\/produkt\\\/bullpadel-icon-26-1\\\/#primaryimage\"},\"image\":{\"@id\":\"https:\\\/\\\/revolutionpadelstore.com\\\/de\\\/produkt\\\/bullpadel-icon-26-1\\\/#primaryimage\"},\"thumbnailUrl\":\"https:\\\/\\\/revolutionpadelstore.com\\\/wp-content\\\/uploads\\\/2025\\\/08\\\/120898-pala-bullpadel-icon-26-494404-1200x1200-1.webp\",\"datePublished\":\"2025-08-23T08:28:45+00:00\",\"dateModified\":\"2026-04-08T02:26:18+00:00\",\"description\":\"Pala Bullpadel Icon 26 con balance alto y carbono 12K, ideal para jugadores ofensivos de nivel avanzado. Potencia, control y efectos en www.revolutionpadelstore.com.\",\"breadcrumb\":{\"@id\":\"https:\\\/\\\/revolutionpadelstore.com\\\/de\\\/produkt\\\/bullpadel-icon-26-1\\\/#breadcrumb\"},\"inLanguage\":\"de\",\"potentialAction\":[{\"@type\":\"ReadAction\",\"target\":[\"https:\\\/\\\/revolutionpadelstore.com\\\/de\\\/produkt\\\/bullpadel-icon-26-1\\\/\"]}]},{\"@type\":\"ImageObject\",\"inLanguage\":\"de\",\"@id\":\"https:\\\/\\\/revolutionpadelstore.com\\\/de\\\/produkt\\\/bullpadel-icon-26-1\\\/#primaryimage\",\"url\":\"https:\\\/\\\/revolutionpadelstore.com\\\/wp-content\\\/uploads\\\/2025\\\/08\\\/120898-pala-bullpadel-icon-26-494404-1200x1200-1.webp\",\"contentUrl\":\"https:\\\/\\\/revolutionpadelstore.com\\\/wp-content\\\/uploads\\\/2025\\\/08\\\/120898-pala-bullpadel-icon-26-494404-1200x1200-1.webp\",\"width\":1200,\"height\":1200},{\"@type\":\"BreadcrumbList\",\"@id\":\"https:\\\/\\\/revolutionpadelstore.com\\\/de\\\/produkt\\\/bullpadel-icon-26-1\\\/#breadcrumb\",\"itemListElement\":[{\"@type\":\"ListItem\",\"position\":1,\"name\":\"Portada\",\"item\":\"https:\\\/\\\/revolutionpadelstore.com\\\/de\\\/\"},{\"@type\":\"ListItem\",\"position\":2,\"name\":\"Shop\",\"item\":\"https:\\\/\\\/revolutionpadelstore.com\\\/de\\\/tienda\\\/\"},{\"@type\":\"ListItem\",\"position\":3,\"name\":\"BULLPADEL ICON 26\"}]},{\"@type\":\"WebSite\",\"@id\":\"https:\\\/\\\/revolutionpadelstore.com\\\/de\\\/#website\",\"url\":\"https:\\\/\\\/revolutionpadelstore.com\\\/de\\\/\",\"name\":\"Revolution Padel Store\",\"description\":\"\",\"publisher\":{\"@id\":\"https:\\\/\\\/revolutionpadelstore.com\\\/de\\\/#organization\"},\"potentialAction\":[{\"@type\":\"SearchAction\",\"target\":{\"@type\":\"EntryPoint\",\"urlTemplate\":\"https:\\\/\\\/revolutionpadelstore.com\\\/de\\\/?s={search_term_string}\"},\"query-input\":{\"@type\":\"PropertyValueSpecification\",\"valueRequired\":true,\"valueName\":\"search_term_string\"}}],\"inLanguage\":\"de\"},{\"@type\":\"Organization\",\"@id\":\"https:\\\/\\\/revolutionpadelstore.com\\\/de\\\/#organization\",\"name\":\"Revolution Padel Store\",\"url\":\"https:\\\/\\\/revolutionpadelstore.com\\\/de\\\/\",\"logo\":{\"@type\":\"ImageObject\",\"inLanguage\":\"de\",\"@id\":\"https:\\\/\\\/revolutionpadelstore.com\\\/de\\\/#\\\/schema\\\/logo\\\/image\\\/\",\"url\":\"https:\\\/\\\/revolutionpadelstore.com\\\/wp-content\\\/uploads\\\/2026\\\/02\\\/revolution-padel-store.jpg\",\"contentUrl\":\"https:\\\/\\\/revolutionpadelstore.com\\\/wp-content\\\/uploads\\\/2026\\\/02\\\/revolution-padel-store.jpg\",\"width\":2000,\"height\":2000,\"caption\":\"Revolution Padel Store\"},\"image\":{\"@id\":\"https:\\\/\\\/revolutionpadelstore.com\\\/de\\\/#\\\/schema\\\/logo\\\/image\\\/\"},\"sameAs\":[\"https:\\\/\\\/www.instagram.com\\\/revolutionpadelstore\\\/\"]}]}<\/script>\n<!-- \/ Yoast SEO plugin. -->","yoast_head_json":{"title":"BULLPADEL ICON 26 - Revolution Padel Store","description":"Pala Bullpadel Icon 26 con balance alto y carbono 12K, ideal para jugadores ofensivos de nivel avanzado. Potencia, control y efectos en www.revolutionpadelstore.com.","robots":{"index":"index","follow":"follow","max-snippet":"max-snippet:-1","max-image-preview":"max-image-preview:large","max-video-preview":"max-video-preview:-1"},"canonical":"https:\/\/revolutionpadelstore.com\/de\/produkt\/bullpadel-icon-26-1\/","og_locale":"de_DE","og_type":"article","og_title":"BULLPADEL ICON 26 - Revolution Padel Store","og_description":"Pala Bullpadel Icon 26 con balance alto y carbono 12K, ideal para jugadores ofensivos de nivel avanzado. Potencia, control y efectos en www.revolutionpadelstore.com.","og_url":"https:\/\/revolutionpadelstore.com\/de\/produkt\/bullpadel-icon-26-1\/","og_site_name":"Revolution Padel Store","article_modified_time":"2026-04-08T02:26:18+00:00","og_image":[{"width":1200,"height":1200,"url":"https:\/\/revolutionpadelstore.com\/wp-content\/uploads\/2025\/08\/120898-pala-bullpadel-icon-26-494404-1200x1200-1.webp","type":"image\/webp"}],"twitter_card":"summary_large_image","twitter_misc":{"Gesch\u00e4tzte Lesezeit":"2\u00a0Minuten"},"schema":{"@context":"https:\/\/schema.org","@graph":[{"@type":"WebPage","@id":"https:\/\/revolutionpadelstore.com\/de\/produkt\/bullpadel-icon-26-1\/","url":"https:\/\/revolutionpadelstore.com\/de\/produkt\/bullpadel-icon-26-1\/","name":"BULLPADEL ICON 26 - Revolution Padel Store","isPartOf":{"@id":"https:\/\/revolutionpadelstore.com\/de\/#website"},"primaryImageOfPage":{"@id":"https:\/\/revolutionpadelstore.com\/de\/produkt\/bullpadel-icon-26-1\/#primaryimage"},"image":{"@id":"https:\/\/revolutionpadelstore.com\/de\/produkt\/bullpadel-icon-26-1\/#primaryimage"},"thumbnailUrl":"https:\/\/revolutionpadelstore.com\/wp-content\/uploads\/2025\/08\/120898-pala-bullpadel-icon-26-494404-1200x1200-1.webp","datePublished":"2025-08-23T08:28:45+00:00","dateModified":"2026-04-08T02:26:18+00:00","description":"Pala Bullpadel Icon 26 con balance alto y carbono 12K, ideal para jugadores ofensivos de nivel avanzado. Potencia, control y efectos en www.revolutionpadelstore.com.","breadcrumb":{"@id":"https:\/\/revolutionpadelstore.com\/de\/produkt\/bullpadel-icon-26-1\/#breadcrumb"},"inLanguage":"de","potentialAction":[{"@type":"ReadAction","target":["https:\/\/revolutionpadelstore.com\/de\/produkt\/bullpadel-icon-26-1\/"]}]},{"@type":"ImageObject","inLanguage":"de","@id":"https:\/\/revolutionpadelstore.com\/de\/produkt\/bullpadel-icon-26-1\/#primaryimage","url":"https:\/\/revolutionpadelstore.com\/wp-content\/uploads\/2025\/08\/120898-pala-bullpadel-icon-26-494404-1200x1200-1.webp","contentUrl":"https:\/\/revolutionpadelstore.com\/wp-content\/uploads\/2025\/08\/120898-pala-bullpadel-icon-26-494404-1200x1200-1.webp","width":1200,"height":1200},{"@type":"BreadcrumbList","@id":"https:\/\/revolutionpadelstore.com\/de\/produkt\/bullpadel-icon-26-1\/#breadcrumb","itemListElement":[{"@type":"ListItem","position":1,"name":"Portada","item":"https:\/\/revolutionpadelstore.com\/de\/"},{"@type":"ListItem","position":2,"name":"Shop","item":"https:\/\/revolutionpadelstore.com\/de\/tienda\/"},{"@type":"ListItem","position":3,"name":"BULLPADEL ICON 26"}]},{"@type":"WebSite","@id":"https:\/\/revolutionpadelstore.com\/de\/#website","url":"https:\/\/revolutionpadelstore.com\/de\/","name":"Revolution Padel Store","description":"","publisher":{"@id":"https:\/\/revolutionpadelstore.com\/de\/#organization"},"potentialAction":[{"@type":"SearchAction","target":{"@type":"EntryPoint","urlTemplate":"https:\/\/revolutionpadelstore.com\/de\/?s={search_term_string}"},"query-input":{"@type":"PropertyValueSpecification","valueRequired":true,"valueName":"search_term_string"}}],"inLanguage":"de"},{"@type":"Organization","@id":"https:\/\/revolutionpadelstore.com\/de\/#organization","name":"Revolution Padel Store","url":"https:\/\/revolutionpadelstore.com\/de\/","logo":{"@type":"ImageObject","inLanguage":"de","@id":"https:\/\/revolutionpadelstore.com\/de\/#\/schema\/logo\/image\/","url":"https:\/\/revolutionpadelstore.com\/wp-content\/uploads\/2026\/02\/revolution-padel-store.jpg","contentUrl":"https:\/\/revolutionpadelstore.com\/wp-content\/uploads\/2026\/02\/revolution-padel-store.jpg","width":2000,"height":2000,"caption":"Revolution Padel Store"},"image":{"@id":"https:\/\/revolutionpadelstore.com\/de\/#\/schema\/logo\/image\/"},"sameAs":["https:\/\/www.instagram.com\/revolutionpadelstore\/"]}]}},"_links":{"self":[{"href":"https:\/\/revolutionpadelstore.com\/de\/wp-json\/wp\/v2\/product\/267963","targetHints":{"allow":["GET"]}}],"collection":[{"href":"https:\/\/revolutionpadelstore.com\/de\/wp-json\/wp\/v2\/product"}],"about":[{"href":"https:\/\/revolutionpadelstore.com\/de\/wp-json\/wp\/v2\/types\/product"}],"replies":[{"embeddable":true,"href":"https:\/\/revolutionpadelstore.com\/de\/wp-json\/wp\/v2\/comments?post=267963"}],"wp:featuredmedia":[{"embeddable":true,"href":"https:\/\/revolutionpadelstore.com\/de\/wp-json\/wp\/v2\/media\/267987"}],"wp:attachment":[{"href":"https:\/\/revolutionpadelstore.com\/de\/wp-json\/wp\/v2\/media?parent=267963"}],"wp:term":[{"taxonomy":"acabado","embeddable":true,"href":"https:\/\/revolutionpadelstore.com\/de\/wp-json\/wp\/v2\/acabado?post=267963"},{"taxonomy":"balance","embeddable":true,"href":"https:\/\/revolutionpadelstore.com\/de\/wp-json\/wp\/v2\/balance?post=267963"},{"taxonomy":"dureza","embeddable":true,"href":"https:\/\/revolutionpadelstore.com\/de\/wp-json\/wp\/v2\/dureza?post=267963"},{"taxonomy":"forma","embeddable":true,"href":"https:\/\/revolutionpadelstore.com\/de\/wp-json\/wp\/v2\/forma?post=267963"},{"taxonomy":"jugador","embeddable":true,"href":"https:\/\/revolutionpadelstore.com\/de\/wp-json\/wp\/v2\/jugador?post=267963"},{"taxonomy":"marca","embeddable":true,"href":"https:\/\/revolutionpadelstore.com\/de\/wp-json\/wp\/v2\/marca?post=267963"},{"taxonomy":"nivel-de-juego","embeddable":true,"href":"https:\/\/revolutionpadelstore.com\/de\/wp-json\/wp\/v2\/nivel-de-juego?post=267963"},{"taxonomy":"superficie","embeddable":true,"href":"https:\/\/revolutionpadelstore.com\/de\/wp-json\/wp\/v2\/superficie?post=267963"},{"taxonomy":"tipo-de-juego","embeddable":true,"href":"https:\/\/revolutionpadelstore.com\/de\/wp-json\/wp\/v2\/tipo-de-juego?post=267963"},{"taxonomy":"product_brand","embeddable":true,"href":"https:\/\/revolutionpadelstore.com\/de\/wp-json\/wp\/v2\/product_brand?post=267963"},{"taxonomy":"product_cat","embeddable":true,"href":"https:\/\/revolutionpadelstore.com\/de\/wp-json\/wp\/v2\/product_cat?post=267963"},{"taxonomy":"product_tag","embeddable":true,"href":"https:\/\/revolutionpadelstore.com\/de\/wp-json\/wp\/v2\/product_tag?post=267963"}],"curies":[{"name":"wp","href":"https:\/\/api.w.org\/{rel}","templated":true}]}}