{"id":267911,"date":"2025-08-23T10:26:09","date_gmt":"2025-08-23T08:26:09","guid":{"rendered":"https:\/\/revolutionpadelstore.com\/bullpadel-xplo-comfort-26\/"},"modified":"2026-04-15T14:01:50","modified_gmt":"2026-04-15T12:01:50","slug":"bullpadel-xplo-comfort-26-1","status":"publish","type":"product","link":"https:\/\/revolutionpadelstore.com\/de\/produkt\/bullpadel-xplo-comfort-26-1\/","title":{"rendered":"BULLPADEL XPLO COMFORT 26"},"content":{"rendered":"<h2>Bullpadel XPLO Comfort \u2013 Meistern Sie das Spiel mit Pr\u00e4zision, Kraft und Komfort<\/h2>\n<p>Der <strong>Bullpadel XPLO Comfort<\/strong> ist ein Hochleistungsschl\u00e4ger, der f\u00fcr Offensivspieler entwickelt wurde, die <strong>maximale Power suchen, ohne auf Komfort zu verzichten<\/strong>. Sein aerodynamisches Design mit <strong>Tropfenformat und hoher Balance<\/strong> sorgt f\u00fcr einen kraftvollen Ballaussto\u00df, ideal f\u00fcr Spikes und Luftvolleys. Dank seiner hochfesten Carbonstruktur wird jeder Schlag zu einem festen und explosiven Aufprall.<\/p>\n<h2>Hervorgehobene Funktionen<\/h2>\n<p><strong>-Verst\u00e4rkter geometrischer Rahmen<\/strong>, der die strukturelle Steifigkeit verbessert und Torsionen reduziert.<\/p>\n<p><strong>-Custom Weight System<\/strong> zur Anpassung des Gewichts und zur Anpassung des Schl\u00e4gers an Ihren Spielstil.<\/p>\n<p><strong>-Multieva-Kern<\/strong> mit drei Schichten EVA, die Kraft, Kontrolle und Komfort in Einklang bringen.<\/p>\n<p><strong>-Fibrix-Hybridzusammensetzung<\/strong>: Kombination aus Carbon und Glasfaser f\u00fcr einen weichen Griff und besseres Handling.<\/p>\n<p><strong>-3D-Korn-Finish<\/strong>: raue Textur, um bei Spin-Schl\u00e4gen mehr Wirkung zu erzielen.<\/p>\n<h2>Technologien, die einen Unterschied machen<\/h2>\n<p><strong>Geometrischer Kern<\/strong>: Verst\u00e4rkung im Herzen der Klinge, die f\u00fcr Stabilit\u00e4t sorgt.<\/p>\n<p><strong>-Hexature<\/strong>: sechseckiger Rahmen, der die Haltbarkeit erh\u00f6ht.<\/p>\n<p><strong>-Ease Vibe<\/strong>: Reduziert bis zu 49 % der Vibrationen, ideal f\u00fcr die Pflege Ihres Arms und Handgelenks.<\/p>\n<p><strong>-Wave System + Air Power<\/strong>: Kanalisiert die Energie des Schlags f\u00fcr mehr Explosivit\u00e4t.<\/p>\n<p><strong>-Smart Holes Pattern<\/strong>: Optimiertes Lochmuster, das die Leistung an jedem Punkt verbessert.<\/p>\n<p><strong>-Hesacore Grip + Vibradrive<\/strong>: ergonomischer Griff mit Vibrationsd\u00e4mpfung f\u00fcr absoluten Komfort.<\/p>\n<h2>An wen ist es gerichtet?<\/h2>\n<p>Der XPLO Comfort wurde f\u00fcr <strong>fortgeschrittene oder fortgeschrittene Spieler<\/strong> entwickelt, die aggressives Padel spielen. Wenn Sie den Punkt vom Netz aus dominieren, Lobs zum Abschluss nutzen oder den Druck mit kraftvollen Volleys aufrechterhalten m\u00f6chten, bietet Ihnen dieser Schl\u00e4ger <strong>die perfekte Balance zwischen Kraft, Kontrolle und Anpassungsf\u00e4higkeit<\/strong>.<\/p>\n<h2>Warum sollten Sie sich f\u00fcr den Bullpadel XPLO Comfort entscheiden?<\/h2>\n<p>-Offizielle Palette des Profispielers <strong>Mart\u00edn Di Nenno<\/strong>.<\/p>\n<p>-Entwickelt f\u00fcr dominante Spieler, die ihre Rivalen in Geschwindigkeit und Schlagkraft \u00fcbertreffen m\u00f6chten.<\/p>\n<p>&#8211; Perfekte Balance zwischen technologischer Innovation und funktionalem Design.<\/p>\n<p>-\u00dcberlegener Komfort, um \u00dcberlastungen bei langen Spielen oder intensivem Training zu vermeiden.<\/p>\n<p><strong>Holen Sie sich den Bullpadel XPLO Comfort<\/strong> und verbessern Sie Ihre Leistung auf dem Platz mit einem Schl\u00e4ger, der an jedem Punkt hervorsticht.<br \/>\nErh\u00e4ltlich in unserem Online-Shop <strong><a href=\"https:\/\/www.revolutionpadelstore.com\/\">www.revolutionpadelstore.com<\/a><\/strong>, wahrscheinlich zum besten Preis auf dem Markt.<\/p>\n<h2>Bullpadel XPLO Comfort &#8211;\u00a0Domina el juego con precisi\u00f3n, potencia y confort<\/h2>\n","protected":false},"excerpt":{"rendered":"<p>Entdecken Sie den Bullpadel-Schl\u00e4ger von Mart\u00edn Di Nenno, der f\u00fcr diejenigen entwickelt wurde, die mit Aggressivit\u00e4t dominieren und Leistung und Komfort w\u00fcnschen.<\/p>\n","protected":false},"featured_media":267935,"comment_status":"open","ping_status":"closed","template":"","meta":{"_acf_changed":false,"_joinchat":[]},"acabado":[1089],"balance":[1134],"dureza":[1154],"forma":[1169],"jugador":[1189],"marca":[1254],"nivel-de-juego":[1334],"superficie":[1359],"tipo-de-juego":[1374],"product_brand":[],"product_cat":[299],"product_tag":[],"class_list":{"0":"post-267911","1":"product","2":"type-product","3":"status-publish","4":"has-post-thumbnail","6":"acabado-3d-entlasten","7":"balance-hoch","8":"dureza-media-de","9":"forma-diamante-de","10":"jugador-mann","11":"marca-bullpadel-de","12":"superficie-rugosa-de","13":"tipo-de-juego-leistung","14":"product_cat-palas-de-padel-de","16":"first","17":"instock","18":"sale","19":"taxable","20":"shipping-taxable","21":"purchasable","22":"product-type-simple"},"acf":[],"yoast_head":"<!-- This site is optimized with the Yoast SEO plugin v27.4 - https:\/\/yoast.com\/product\/yoast-seo-wordpress\/ -->\n<title>BULLPADEL XPLO COMFORT 26 - Revolution Padel Store<\/title>\n<meta name=\"description\" content=\"Potencia, control y confort se combinan en la Bullpadel XPLO Comfort, la pala ideal para jugadores ofensivos. \u00a1C\u00f3mprala en Revolution Padel Store al mejor precio online!\" \/>\n<meta name=\"robots\" content=\"index, follow, max-snippet:-1, max-image-preview:large, max-video-preview:-1\" \/>\n<link rel=\"canonical\" href=\"https:\/\/revolutionpadelstore.com\/de\/produkt\/bullpadel-xplo-comfort-26-1\/\" \/>\n<meta property=\"og:locale\" content=\"de_DE\" \/>\n<meta property=\"og:type\" content=\"article\" \/>\n<meta property=\"og:title\" content=\"BULLPADEL XPLO COMFORT 26 - Revolution Padel Store\" \/>\n<meta property=\"og:description\" content=\"Potencia, control y confort se combinan en la Bullpadel XPLO Comfort, la pala ideal para jugadores ofensivos. \u00a1C\u00f3mprala en Revolution Padel Store al mejor precio online!\" \/>\n<meta property=\"og:url\" content=\"https:\/\/revolutionpadelstore.com\/de\/produkt\/bullpadel-xplo-comfort-26-1\/\" \/>\n<meta property=\"og:site_name\" content=\"Revolution Padel Store\" \/>\n<meta property=\"article:modified_time\" content=\"2026-04-15T12:01:50+00:00\" \/>\n<meta property=\"og:image\" content=\"https:\/\/revolutionpadelstore.com\/wp-content\/uploads\/2025\/08\/120921-pala-bullpadel-xplo-cmf-26-494401-1200x1200-1.webp\" \/>\n\t<meta property=\"og:image:width\" content=\"1200\" \/>\n\t<meta property=\"og:image:height\" content=\"1200\" \/>\n\t<meta property=\"og:image:type\" content=\"image\/webp\" \/>\n<meta name=\"twitter:card\" content=\"summary_large_image\" \/>\n<meta name=\"twitter:label1\" content=\"Gesch\u00e4tzte Lesezeit\" \/>\n\t<meta name=\"twitter:data1\" content=\"2\u00a0Minuten\" \/>\n<script type=\"application\/ld+json\" class=\"yoast-schema-graph\">{\"@context\":\"https:\\\/\\\/schema.org\",\"@graph\":[{\"@type\":\"WebPage\",\"@id\":\"https:\\\/\\\/revolutionpadelstore.com\\\/de\\\/produkt\\\/bullpadel-xplo-comfort-26-1\\\/\",\"url\":\"https:\\\/\\\/revolutionpadelstore.com\\\/de\\\/produkt\\\/bullpadel-xplo-comfort-26-1\\\/\",\"name\":\"BULLPADEL XPLO COMFORT 26 - Revolution Padel Store\",\"isPartOf\":{\"@id\":\"https:\\\/\\\/revolutionpadelstore.com\\\/de\\\/#website\"},\"primaryImageOfPage\":{\"@id\":\"https:\\\/\\\/revolutionpadelstore.com\\\/de\\\/produkt\\\/bullpadel-xplo-comfort-26-1\\\/#primaryimage\"},\"image\":{\"@id\":\"https:\\\/\\\/revolutionpadelstore.com\\\/de\\\/produkt\\\/bullpadel-xplo-comfort-26-1\\\/#primaryimage\"},\"thumbnailUrl\":\"https:\\\/\\\/revolutionpadelstore.com\\\/wp-content\\\/uploads\\\/2025\\\/08\\\/120921-pala-bullpadel-xplo-cmf-26-494401-1200x1200-1.webp\",\"datePublished\":\"2025-08-23T08:26:09+00:00\",\"dateModified\":\"2026-04-15T12:01:50+00:00\",\"description\":\"Potencia, control y confort se combinan en la Bullpadel XPLO Comfort, la pala ideal para jugadores ofensivos. \u00a1C\u00f3mprala en Revolution Padel Store al mejor precio online!\",\"breadcrumb\":{\"@id\":\"https:\\\/\\\/revolutionpadelstore.com\\\/de\\\/produkt\\\/bullpadel-xplo-comfort-26-1\\\/#breadcrumb\"},\"inLanguage\":\"de\",\"potentialAction\":[{\"@type\":\"ReadAction\",\"target\":[\"https:\\\/\\\/revolutionpadelstore.com\\\/de\\\/produkt\\\/bullpadel-xplo-comfort-26-1\\\/\"]}]},{\"@type\":\"ImageObject\",\"inLanguage\":\"de\",\"@id\":\"https:\\\/\\\/revolutionpadelstore.com\\\/de\\\/produkt\\\/bullpadel-xplo-comfort-26-1\\\/#primaryimage\",\"url\":\"https:\\\/\\\/revolutionpadelstore.com\\\/wp-content\\\/uploads\\\/2025\\\/08\\\/120921-pala-bullpadel-xplo-cmf-26-494401-1200x1200-1.webp\",\"contentUrl\":\"https:\\\/\\\/revolutionpadelstore.com\\\/wp-content\\\/uploads\\\/2025\\\/08\\\/120921-pala-bullpadel-xplo-cmf-26-494401-1200x1200-1.webp\",\"width\":1200,\"height\":1200},{\"@type\":\"BreadcrumbList\",\"@id\":\"https:\\\/\\\/revolutionpadelstore.com\\\/de\\\/produkt\\\/bullpadel-xplo-comfort-26-1\\\/#breadcrumb\",\"itemListElement\":[{\"@type\":\"ListItem\",\"position\":1,\"name\":\"Portada\",\"item\":\"https:\\\/\\\/revolutionpadelstore.com\\\/de\\\/\"},{\"@type\":\"ListItem\",\"position\":2,\"name\":\"Shop\",\"item\":\"https:\\\/\\\/revolutionpadelstore.com\\\/de\\\/tienda\\\/\"},{\"@type\":\"ListItem\",\"position\":3,\"name\":\"BULLPADEL XPLO COMFORT 26\"}]},{\"@type\":\"WebSite\",\"@id\":\"https:\\\/\\\/revolutionpadelstore.com\\\/de\\\/#website\",\"url\":\"https:\\\/\\\/revolutionpadelstore.com\\\/de\\\/\",\"name\":\"Revolution Padel Store\",\"description\":\"\",\"publisher\":{\"@id\":\"https:\\\/\\\/revolutionpadelstore.com\\\/de\\\/#organization\"},\"potentialAction\":[{\"@type\":\"SearchAction\",\"target\":{\"@type\":\"EntryPoint\",\"urlTemplate\":\"https:\\\/\\\/revolutionpadelstore.com\\\/de\\\/?s={search_term_string}\"},\"query-input\":{\"@type\":\"PropertyValueSpecification\",\"valueRequired\":true,\"valueName\":\"search_term_string\"}}],\"inLanguage\":\"de\"},{\"@type\":\"Organization\",\"@id\":\"https:\\\/\\\/revolutionpadelstore.com\\\/de\\\/#organization\",\"name\":\"Revolution Padel Store\",\"url\":\"https:\\\/\\\/revolutionpadelstore.com\\\/de\\\/\",\"logo\":{\"@type\":\"ImageObject\",\"inLanguage\":\"de\",\"@id\":\"https:\\\/\\\/revolutionpadelstore.com\\\/de\\\/#\\\/schema\\\/logo\\\/image\\\/\",\"url\":\"https:\\\/\\\/revolutionpadelstore.com\\\/wp-content\\\/uploads\\\/2026\\\/02\\\/revolution-padel-store.jpg\",\"contentUrl\":\"https:\\\/\\\/revolutionpadelstore.com\\\/wp-content\\\/uploads\\\/2026\\\/02\\\/revolution-padel-store.jpg\",\"width\":2000,\"height\":2000,\"caption\":\"Revolution Padel Store\"},\"image\":{\"@id\":\"https:\\\/\\\/revolutionpadelstore.com\\\/de\\\/#\\\/schema\\\/logo\\\/image\\\/\"},\"sameAs\":[\"https:\\\/\\\/www.instagram.com\\\/revolutionpadelstore\\\/\"]}]}<\/script>\n<!-- \/ Yoast SEO plugin. -->","yoast_head_json":{"title":"BULLPADEL XPLO COMFORT 26 - Revolution Padel Store","description":"Potencia, control y confort se combinan en la Bullpadel XPLO Comfort, la pala ideal para jugadores ofensivos. \u00a1C\u00f3mprala en Revolution Padel Store al mejor precio online!","robots":{"index":"index","follow":"follow","max-snippet":"max-snippet:-1","max-image-preview":"max-image-preview:large","max-video-preview":"max-video-preview:-1"},"canonical":"https:\/\/revolutionpadelstore.com\/de\/produkt\/bullpadel-xplo-comfort-26-1\/","og_locale":"de_DE","og_type":"article","og_title":"BULLPADEL XPLO COMFORT 26 - Revolution Padel Store","og_description":"Potencia, control y confort se combinan en la Bullpadel XPLO Comfort, la pala ideal para jugadores ofensivos. \u00a1C\u00f3mprala en Revolution Padel Store al mejor precio online!","og_url":"https:\/\/revolutionpadelstore.com\/de\/produkt\/bullpadel-xplo-comfort-26-1\/","og_site_name":"Revolution Padel Store","article_modified_time":"2026-04-15T12:01:50+00:00","og_image":[{"width":1200,"height":1200,"url":"https:\/\/revolutionpadelstore.com\/wp-content\/uploads\/2025\/08\/120921-pala-bullpadel-xplo-cmf-26-494401-1200x1200-1.webp","type":"image\/webp"}],"twitter_card":"summary_large_image","twitter_misc":{"Gesch\u00e4tzte Lesezeit":"2\u00a0Minuten"},"schema":{"@context":"https:\/\/schema.org","@graph":[{"@type":"WebPage","@id":"https:\/\/revolutionpadelstore.com\/de\/produkt\/bullpadel-xplo-comfort-26-1\/","url":"https:\/\/revolutionpadelstore.com\/de\/produkt\/bullpadel-xplo-comfort-26-1\/","name":"BULLPADEL XPLO COMFORT 26 - Revolution Padel Store","isPartOf":{"@id":"https:\/\/revolutionpadelstore.com\/de\/#website"},"primaryImageOfPage":{"@id":"https:\/\/revolutionpadelstore.com\/de\/produkt\/bullpadel-xplo-comfort-26-1\/#primaryimage"},"image":{"@id":"https:\/\/revolutionpadelstore.com\/de\/produkt\/bullpadel-xplo-comfort-26-1\/#primaryimage"},"thumbnailUrl":"https:\/\/revolutionpadelstore.com\/wp-content\/uploads\/2025\/08\/120921-pala-bullpadel-xplo-cmf-26-494401-1200x1200-1.webp","datePublished":"2025-08-23T08:26:09+00:00","dateModified":"2026-04-15T12:01:50+00:00","description":"Potencia, control y confort se combinan en la Bullpadel XPLO Comfort, la pala ideal para jugadores ofensivos. \u00a1C\u00f3mprala en Revolution Padel Store al mejor precio online!","breadcrumb":{"@id":"https:\/\/revolutionpadelstore.com\/de\/produkt\/bullpadel-xplo-comfort-26-1\/#breadcrumb"},"inLanguage":"de","potentialAction":[{"@type":"ReadAction","target":["https:\/\/revolutionpadelstore.com\/de\/produkt\/bullpadel-xplo-comfort-26-1\/"]}]},{"@type":"ImageObject","inLanguage":"de","@id":"https:\/\/revolutionpadelstore.com\/de\/produkt\/bullpadel-xplo-comfort-26-1\/#primaryimage","url":"https:\/\/revolutionpadelstore.com\/wp-content\/uploads\/2025\/08\/120921-pala-bullpadel-xplo-cmf-26-494401-1200x1200-1.webp","contentUrl":"https:\/\/revolutionpadelstore.com\/wp-content\/uploads\/2025\/08\/120921-pala-bullpadel-xplo-cmf-26-494401-1200x1200-1.webp","width":1200,"height":1200},{"@type":"BreadcrumbList","@id":"https:\/\/revolutionpadelstore.com\/de\/produkt\/bullpadel-xplo-comfort-26-1\/#breadcrumb","itemListElement":[{"@type":"ListItem","position":1,"name":"Portada","item":"https:\/\/revolutionpadelstore.com\/de\/"},{"@type":"ListItem","position":2,"name":"Shop","item":"https:\/\/revolutionpadelstore.com\/de\/tienda\/"},{"@type":"ListItem","position":3,"name":"BULLPADEL XPLO COMFORT 26"}]},{"@type":"WebSite","@id":"https:\/\/revolutionpadelstore.com\/de\/#website","url":"https:\/\/revolutionpadelstore.com\/de\/","name":"Revolution Padel Store","description":"","publisher":{"@id":"https:\/\/revolutionpadelstore.com\/de\/#organization"},"potentialAction":[{"@type":"SearchAction","target":{"@type":"EntryPoint","urlTemplate":"https:\/\/revolutionpadelstore.com\/de\/?s={search_term_string}"},"query-input":{"@type":"PropertyValueSpecification","valueRequired":true,"valueName":"search_term_string"}}],"inLanguage":"de"},{"@type":"Organization","@id":"https:\/\/revolutionpadelstore.com\/de\/#organization","name":"Revolution Padel Store","url":"https:\/\/revolutionpadelstore.com\/de\/","logo":{"@type":"ImageObject","inLanguage":"de","@id":"https:\/\/revolutionpadelstore.com\/de\/#\/schema\/logo\/image\/","url":"https:\/\/revolutionpadelstore.com\/wp-content\/uploads\/2026\/02\/revolution-padel-store.jpg","contentUrl":"https:\/\/revolutionpadelstore.com\/wp-content\/uploads\/2026\/02\/revolution-padel-store.jpg","width":2000,"height":2000,"caption":"Revolution Padel Store"},"image":{"@id":"https:\/\/revolutionpadelstore.com\/de\/#\/schema\/logo\/image\/"},"sameAs":["https:\/\/www.instagram.com\/revolutionpadelstore\/"]}]}},"_links":{"self":[{"href":"https:\/\/revolutionpadelstore.com\/de\/wp-json\/wp\/v2\/product\/267911","targetHints":{"allow":["GET"]}}],"collection":[{"href":"https:\/\/revolutionpadelstore.com\/de\/wp-json\/wp\/v2\/product"}],"about":[{"href":"https:\/\/revolutionpadelstore.com\/de\/wp-json\/wp\/v2\/types\/product"}],"replies":[{"embeddable":true,"href":"https:\/\/revolutionpadelstore.com\/de\/wp-json\/wp\/v2\/comments?post=267911"}],"wp:featuredmedia":[{"embeddable":true,"href":"https:\/\/revolutionpadelstore.com\/de\/wp-json\/wp\/v2\/media\/267935"}],"wp:attachment":[{"href":"https:\/\/revolutionpadelstore.com\/de\/wp-json\/wp\/v2\/media?parent=267911"}],"wp:term":[{"taxonomy":"acabado","embeddable":true,"href":"https:\/\/revolutionpadelstore.com\/de\/wp-json\/wp\/v2\/acabado?post=267911"},{"taxonomy":"balance","embeddable":true,"href":"https:\/\/revolutionpadelstore.com\/de\/wp-json\/wp\/v2\/balance?post=267911"},{"taxonomy":"dureza","embeddable":true,"href":"https:\/\/revolutionpadelstore.com\/de\/wp-json\/wp\/v2\/dureza?post=267911"},{"taxonomy":"forma","embeddable":true,"href":"https:\/\/revolutionpadelstore.com\/de\/wp-json\/wp\/v2\/forma?post=267911"},{"taxonomy":"jugador","embeddable":true,"href":"https:\/\/revolutionpadelstore.com\/de\/wp-json\/wp\/v2\/jugador?post=267911"},{"taxonomy":"marca","embeddable":true,"href":"https:\/\/revolutionpadelstore.com\/de\/wp-json\/wp\/v2\/marca?post=267911"},{"taxonomy":"nivel-de-juego","embeddable":true,"href":"https:\/\/revolutionpadelstore.com\/de\/wp-json\/wp\/v2\/nivel-de-juego?post=267911"},{"taxonomy":"superficie","embeddable":true,"href":"https:\/\/revolutionpadelstore.com\/de\/wp-json\/wp\/v2\/superficie?post=267911"},{"taxonomy":"tipo-de-juego","embeddable":true,"href":"https:\/\/revolutionpadelstore.com\/de\/wp-json\/wp\/v2\/tipo-de-juego?post=267911"},{"taxonomy":"product_brand","embeddable":true,"href":"https:\/\/revolutionpadelstore.com\/de\/wp-json\/wp\/v2\/product_brand?post=267911"},{"taxonomy":"product_cat","embeddable":true,"href":"https:\/\/revolutionpadelstore.com\/de\/wp-json\/wp\/v2\/product_cat?post=267911"},{"taxonomy":"product_tag","embeddable":true,"href":"https:\/\/revolutionpadelstore.com\/de\/wp-json\/wp\/v2\/product_tag?post=267911"}],"curies":[{"name":"wp","href":"https:\/\/api.w.org\/{rel}","templated":true}]}}