{"id":267857,"date":"2025-08-23T10:24:04","date_gmt":"2025-08-23T08:24:04","guid":{"rendered":"https:\/\/revolutionpadelstore.com\/bullpadel-xplo-26\/"},"modified":"2026-04-20T02:01:52","modified_gmt":"2026-04-20T00:01:52","slug":"bullpadel-xplo-26","status":"publish","type":"product","link":"https:\/\/revolutionpadelstore.com\/de\/produkt\/bullpadel-xplo-26\/","title":{"rendered":"BULLPADEL XPLO 26"},"content":{"rendered":"<h2><strong>Bullpadel Xplo 26 \u2013 Explosive Power f\u00fcr Offensivspieler<\/strong><\/h2>\n<p>Der <strong>Bullpadel Xplo 26<\/strong> ist der explosivste Schl\u00e4ger, den die Marke je geschaffen hat, entwickelt in Zusammenarbeit mit <strong>Mart\u00edn Di Nenno<\/strong>. Entwickelt, um das Offensivspiel zu dominieren, bietet es enorme Kraft, ohne die Kontrolle zu verlieren, ideal f\u00fcr <strong>professionelle und fortgeschrittene Spieler<\/strong>, die ihre Leistung maximieren m\u00f6chten.<\/p>\n<h2><strong>Design und Konstruktion f\u00fcr maximale Leistung<\/strong><\/h2>\n<p>Dieser aus <strong>Xtend Carbon 12K<\/strong> gefertigte Schl\u00e4ger bietet eine solide, leichte und \u00e4u\u00dferst widerstandsf\u00e4hige Struktur. Seine <strong>geometrische<\/strong> Form und <strong>hohe Balance (26,5 cm)<\/strong> machen ihn zu einem perfekten Padelschl\u00e4ger f\u00fcr einen aggressiven und offensiven Stil.<\/p>\n<p>Der Dual-Density-<strong>Multieva-Kern<\/strong> reagiert mit Kraft beim Abschluss und bietet Kontrolle bei Abwehrschl\u00e4gen, w\u00e4hrend sein <strong>mittelharter Touch<\/strong> Sicherheit, Festigkeit und Pr\u00e4zision bei jeder Aktion vermittelt.<\/p>\n<h2><strong>Ausgew\u00e4hlte Technologien des Bullpadel Xplo 26<\/strong><\/h2>\n<p><strong>-Xtend Carbon 12K<\/strong>: Hochwertiger Carbon, der Steifigkeit, Haltbarkeit und Leichtigkeit bietet.<\/p>\n<p><strong>-Multieva Core<\/strong>: doppelte Dichte, die Kraft und Kontrolle in Einklang bringt.<\/p>\n<p><strong>-Geometrische Form<\/strong>: Verbessert die Stabilit\u00e4t und erweitert den Sweet Spot.<\/p>\n<p><strong>-Rough 3D Grain Finish<\/strong>: gr\u00f6\u00dfere Wirkung bei Topspin- und Slice-Schl\u00e4gen.<\/p>\n<p><strong>-Gewicht 365-375 g und 38 mm Profil<\/strong>: professionelle Messungen f\u00fcr absolute Pr\u00e4zision.<\/p>\n<p><strong>-Hohe Balance (26,5 cm): ideal f\u00fcr Spieler mit offensivem Stil.<\/p>\n<p><strong>-Mittelharter Touch<\/strong>: festes Gef\u00fchl, ideal f\u00fcr kraftvolle Volleys und entscheidende Schl\u00e4ge.<\/p>\n<h2><strong>F\u00fcr wen ist der XPLO 26 geeignet?<\/strong><\/h2>\n<p>Der Bullpadel Xplo 26 richtet sich an <strong>fortgeschrittene und professionelle Spieler<\/strong>, die Wert auf <strong>Kraft, Aggressivit\u00e4t und Pr\u00e4zision<\/strong> legen. Wenn Ihr Spielstil offensiv ist und Sie jeden Punkt vom ersten Schlag an dominieren m\u00f6chten, ist dieser Schl\u00e4ger Ihre definitive Waffe.<\/p>\n<h2><strong>Hauptvorteile<\/strong><\/h2>\n<p>-Kompromisslose Leistung dank hoher Balance und 12K-Carbon-Konstruktion.<\/p>\n<p>-Hervorragende Kontrolle in Verteidigungssituationen dank des Multieva-Kerns.<\/p>\n<p>-Verbesserte Effekte durch die raue 3D-Oberfl\u00e4che.<\/p>\n<p>-Exklusives Design vom Bullpadel Lab in Zusammenarbeit mit Mart\u00edn Di Nenno.<\/p>\n<h2><strong>Dominieren Sie den Platz mit dem Bullpadel Xplo 26 Schl\u00e4ger!<\/strong><\/h2>\n<p>Holen Sie sich den st\u00e4rksten Bullpadel-Schl\u00e4ger und bringen Sie Ihr Spiel auf ein professionelles Niveau. Ab sofort in unserem Online-Shop <a href=\"https:\/\/www.revolutionpadelstore.com\/\">www.revolutionpadelstore.com<\/a> erh\u00e4ltlich, <strong>wahrscheinlich zum besten Preis auf dem Markt<\/strong>.<\/p>\n<h2><strong>Bullpadel Xplo 26 \u2013 Potencia explosiva para jugadores ofensivos<\/strong><\/p>\n","protected":false},"excerpt":{"rendered":"<p>Erleben Sie maximale Leistung mit dem Bullpadel XPLO 26, der zusammen mit Mart\u00edn Di Nenno entwickelt wurde. Seine 12K-Carbon-Konstruktion, der Multieva-Kern und das raue 3D-Grain-Finish garantieren eine \u00fcberragende Leistung bei jedem Schlag.<\/p>\n","protected":false},"featured_media":267881,"comment_status":"open","ping_status":"closed","template":"","meta":{"_acf_changed":false,"_joinchat":[]},"acabado":[1089],"balance":[1139],"dureza":[1159,1154],"forma":[1169],"jugador":[1189],"marca":[1254],"nivel-de-juego":[1334,1344],"superficie":[1359],"tipo-de-juego":[1374],"product_brand":[],"product_cat":[299],"product_tag":[],"class_list":{"0":"post-267857","1":"product","2":"type-product","3":"status-publish","4":"has-post-thumbnail","6":"acabado-3d-entlasten","7":"balance-mittel","8":"dureza-dura-de","9":"dureza-media-de","10":"forma-diamante-de","11":"jugador-mann","12":"marca-bullpadel-de","13":"superficie-rugosa-de","14":"tipo-de-juego-leistung","15":"product_cat-palas-de-padel-de","17":"first","18":"instock","19":"sale","20":"taxable","21":"shipping-taxable","22":"purchasable","23":"product-type-simple"},"acf":[],"yoast_head":"<!-- This site is optimized with the Yoast SEO plugin v27.4 - https:\/\/yoast.com\/product\/yoast-seo-wordpress\/ -->\n<title>BULLPADEL XPLO 26 - Revolution Padel Store<\/title>\n<meta name=\"description\" content=\"Descubre la Bullpadel Xplo 26, la pala m\u00e1s explosiva de la marca, ideal para jugadores ofensivos. Con carbono 12K, n\u00facleo Multieva y dise\u00f1o de \u00e9lite. \u00a1C\u00f3mprala al mejor precio en Revolution Padel Store!\" \/>\n<meta name=\"robots\" content=\"index, follow, max-snippet:-1, max-image-preview:large, max-video-preview:-1\" \/>\n<link rel=\"canonical\" href=\"https:\/\/revolutionpadelstore.com\/de\/produkt\/bullpadel-xplo-26\/\" \/>\n<meta property=\"og:locale\" content=\"de_DE\" \/>\n<meta property=\"og:type\" content=\"article\" \/>\n<meta property=\"og:title\" content=\"BULLPADEL XPLO 26 - Revolution Padel Store\" \/>\n<meta property=\"og:description\" content=\"Descubre la Bullpadel Xplo 26, la pala m\u00e1s explosiva de la marca, ideal para jugadores ofensivos. Con carbono 12K, n\u00facleo Multieva y dise\u00f1o de \u00e9lite. \u00a1C\u00f3mprala al mejor precio en Revolution Padel Store!\" \/>\n<meta property=\"og:url\" content=\"https:\/\/revolutionpadelstore.com\/de\/produkt\/bullpadel-xplo-26\/\" \/>\n<meta property=\"og:site_name\" content=\"Revolution Padel Store\" \/>\n<meta property=\"article:modified_time\" content=\"2026-04-20T00:01:52+00:00\" \/>\n<meta property=\"og:image\" content=\"https:\/\/revolutionpadelstore.com\/wp-content\/uploads\/2025\/08\/120920-pala-bullpadel-xplo-26-494400-1200x1200-1.webp\" \/>\n\t<meta property=\"og:image:width\" content=\"1200\" \/>\n\t<meta property=\"og:image:height\" content=\"1200\" \/>\n\t<meta property=\"og:image:type\" content=\"image\/webp\" \/>\n<meta name=\"twitter:card\" content=\"summary_large_image\" \/>\n<meta name=\"twitter:label1\" content=\"Gesch\u00e4tzte Lesezeit\" \/>\n\t<meta name=\"twitter:data1\" content=\"2\u00a0Minuten\" \/>\n<script type=\"application\/ld+json\" class=\"yoast-schema-graph\">{\"@context\":\"https:\\\/\\\/schema.org\",\"@graph\":[{\"@type\":\"WebPage\",\"@id\":\"https:\\\/\\\/revolutionpadelstore.com\\\/de\\\/produkt\\\/bullpadel-xplo-26\\\/\",\"url\":\"https:\\\/\\\/revolutionpadelstore.com\\\/de\\\/produkt\\\/bullpadel-xplo-26\\\/\",\"name\":\"BULLPADEL XPLO 26 - Revolution Padel Store\",\"isPartOf\":{\"@id\":\"https:\\\/\\\/revolutionpadelstore.com\\\/de\\\/#website\"},\"primaryImageOfPage\":{\"@id\":\"https:\\\/\\\/revolutionpadelstore.com\\\/de\\\/produkt\\\/bullpadel-xplo-26\\\/#primaryimage\"},\"image\":{\"@id\":\"https:\\\/\\\/revolutionpadelstore.com\\\/de\\\/produkt\\\/bullpadel-xplo-26\\\/#primaryimage\"},\"thumbnailUrl\":\"https:\\\/\\\/revolutionpadelstore.com\\\/wp-content\\\/uploads\\\/2025\\\/08\\\/120920-pala-bullpadel-xplo-26-494400-1200x1200-1.webp\",\"datePublished\":\"2025-08-23T08:24:04+00:00\",\"dateModified\":\"2026-04-20T00:01:52+00:00\",\"description\":\"Descubre la Bullpadel Xplo 26, la pala m\u00e1s explosiva de la marca, ideal para jugadores ofensivos. Con carbono 12K, n\u00facleo Multieva y dise\u00f1o de \u00e9lite. \u00a1C\u00f3mprala al mejor precio en Revolution Padel Store!\",\"breadcrumb\":{\"@id\":\"https:\\\/\\\/revolutionpadelstore.com\\\/de\\\/produkt\\\/bullpadel-xplo-26\\\/#breadcrumb\"},\"inLanguage\":\"de\",\"potentialAction\":[{\"@type\":\"ReadAction\",\"target\":[\"https:\\\/\\\/revolutionpadelstore.com\\\/de\\\/produkt\\\/bullpadel-xplo-26\\\/\"]}]},{\"@type\":\"ImageObject\",\"inLanguage\":\"de\",\"@id\":\"https:\\\/\\\/revolutionpadelstore.com\\\/de\\\/produkt\\\/bullpadel-xplo-26\\\/#primaryimage\",\"url\":\"https:\\\/\\\/revolutionpadelstore.com\\\/wp-content\\\/uploads\\\/2025\\\/08\\\/120920-pala-bullpadel-xplo-26-494400-1200x1200-1.webp\",\"contentUrl\":\"https:\\\/\\\/revolutionpadelstore.com\\\/wp-content\\\/uploads\\\/2025\\\/08\\\/120920-pala-bullpadel-xplo-26-494400-1200x1200-1.webp\",\"width\":1200,\"height\":1200},{\"@type\":\"BreadcrumbList\",\"@id\":\"https:\\\/\\\/revolutionpadelstore.com\\\/de\\\/produkt\\\/bullpadel-xplo-26\\\/#breadcrumb\",\"itemListElement\":[{\"@type\":\"ListItem\",\"position\":1,\"name\":\"Portada\",\"item\":\"https:\\\/\\\/revolutionpadelstore.com\\\/de\\\/\"},{\"@type\":\"ListItem\",\"position\":2,\"name\":\"Shop\",\"item\":\"https:\\\/\\\/revolutionpadelstore.com\\\/de\\\/tienda\\\/\"},{\"@type\":\"ListItem\",\"position\":3,\"name\":\"BULLPADEL XPLO 26\"}]},{\"@type\":\"WebSite\",\"@id\":\"https:\\\/\\\/revolutionpadelstore.com\\\/de\\\/#website\",\"url\":\"https:\\\/\\\/revolutionpadelstore.com\\\/de\\\/\",\"name\":\"Revolution Padel Store\",\"description\":\"\",\"publisher\":{\"@id\":\"https:\\\/\\\/revolutionpadelstore.com\\\/de\\\/#organization\"},\"potentialAction\":[{\"@type\":\"SearchAction\",\"target\":{\"@type\":\"EntryPoint\",\"urlTemplate\":\"https:\\\/\\\/revolutionpadelstore.com\\\/de\\\/?s={search_term_string}\"},\"query-input\":{\"@type\":\"PropertyValueSpecification\",\"valueRequired\":true,\"valueName\":\"search_term_string\"}}],\"inLanguage\":\"de\"},{\"@type\":\"Organization\",\"@id\":\"https:\\\/\\\/revolutionpadelstore.com\\\/de\\\/#organization\",\"name\":\"Revolution Padel Store\",\"url\":\"https:\\\/\\\/revolutionpadelstore.com\\\/de\\\/\",\"logo\":{\"@type\":\"ImageObject\",\"inLanguage\":\"de\",\"@id\":\"https:\\\/\\\/revolutionpadelstore.com\\\/de\\\/#\\\/schema\\\/logo\\\/image\\\/\",\"url\":\"https:\\\/\\\/revolutionpadelstore.com\\\/wp-content\\\/uploads\\\/2026\\\/02\\\/revolution-padel-store.jpg\",\"contentUrl\":\"https:\\\/\\\/revolutionpadelstore.com\\\/wp-content\\\/uploads\\\/2026\\\/02\\\/revolution-padel-store.jpg\",\"width\":2000,\"height\":2000,\"caption\":\"Revolution Padel Store\"},\"image\":{\"@id\":\"https:\\\/\\\/revolutionpadelstore.com\\\/de\\\/#\\\/schema\\\/logo\\\/image\\\/\"},\"sameAs\":[\"https:\\\/\\\/www.instagram.com\\\/revolutionpadelstore\\\/\"]}]}<\/script>\n<!-- \/ Yoast SEO plugin. -->","yoast_head_json":{"title":"BULLPADEL XPLO 26 - Revolution Padel Store","description":"Descubre la Bullpadel Xplo 26, la pala m\u00e1s explosiva de la marca, ideal para jugadores ofensivos. Con carbono 12K, n\u00facleo Multieva y dise\u00f1o de \u00e9lite. \u00a1C\u00f3mprala al mejor precio en Revolution Padel Store!","robots":{"index":"index","follow":"follow","max-snippet":"max-snippet:-1","max-image-preview":"max-image-preview:large","max-video-preview":"max-video-preview:-1"},"canonical":"https:\/\/revolutionpadelstore.com\/de\/produkt\/bullpadel-xplo-26\/","og_locale":"de_DE","og_type":"article","og_title":"BULLPADEL XPLO 26 - Revolution Padel Store","og_description":"Descubre la Bullpadel Xplo 26, la pala m\u00e1s explosiva de la marca, ideal para jugadores ofensivos. Con carbono 12K, n\u00facleo Multieva y dise\u00f1o de \u00e9lite. \u00a1C\u00f3mprala al mejor precio en Revolution Padel Store!","og_url":"https:\/\/revolutionpadelstore.com\/de\/produkt\/bullpadel-xplo-26\/","og_site_name":"Revolution Padel Store","article_modified_time":"2026-04-20T00:01:52+00:00","og_image":[{"width":1200,"height":1200,"url":"https:\/\/revolutionpadelstore.com\/wp-content\/uploads\/2025\/08\/120920-pala-bullpadel-xplo-26-494400-1200x1200-1.webp","type":"image\/webp"}],"twitter_card":"summary_large_image","twitter_misc":{"Gesch\u00e4tzte Lesezeit":"2\u00a0Minuten"},"schema":{"@context":"https:\/\/schema.org","@graph":[{"@type":"WebPage","@id":"https:\/\/revolutionpadelstore.com\/de\/produkt\/bullpadel-xplo-26\/","url":"https:\/\/revolutionpadelstore.com\/de\/produkt\/bullpadel-xplo-26\/","name":"BULLPADEL XPLO 26 - Revolution Padel Store","isPartOf":{"@id":"https:\/\/revolutionpadelstore.com\/de\/#website"},"primaryImageOfPage":{"@id":"https:\/\/revolutionpadelstore.com\/de\/produkt\/bullpadel-xplo-26\/#primaryimage"},"image":{"@id":"https:\/\/revolutionpadelstore.com\/de\/produkt\/bullpadel-xplo-26\/#primaryimage"},"thumbnailUrl":"https:\/\/revolutionpadelstore.com\/wp-content\/uploads\/2025\/08\/120920-pala-bullpadel-xplo-26-494400-1200x1200-1.webp","datePublished":"2025-08-23T08:24:04+00:00","dateModified":"2026-04-20T00:01:52+00:00","description":"Descubre la Bullpadel Xplo 26, la pala m\u00e1s explosiva de la marca, ideal para jugadores ofensivos. Con carbono 12K, n\u00facleo Multieva y dise\u00f1o de \u00e9lite. \u00a1C\u00f3mprala al mejor precio en Revolution Padel Store!","breadcrumb":{"@id":"https:\/\/revolutionpadelstore.com\/de\/produkt\/bullpadel-xplo-26\/#breadcrumb"},"inLanguage":"de","potentialAction":[{"@type":"ReadAction","target":["https:\/\/revolutionpadelstore.com\/de\/produkt\/bullpadel-xplo-26\/"]}]},{"@type":"ImageObject","inLanguage":"de","@id":"https:\/\/revolutionpadelstore.com\/de\/produkt\/bullpadel-xplo-26\/#primaryimage","url":"https:\/\/revolutionpadelstore.com\/wp-content\/uploads\/2025\/08\/120920-pala-bullpadel-xplo-26-494400-1200x1200-1.webp","contentUrl":"https:\/\/revolutionpadelstore.com\/wp-content\/uploads\/2025\/08\/120920-pala-bullpadel-xplo-26-494400-1200x1200-1.webp","width":1200,"height":1200},{"@type":"BreadcrumbList","@id":"https:\/\/revolutionpadelstore.com\/de\/produkt\/bullpadel-xplo-26\/#breadcrumb","itemListElement":[{"@type":"ListItem","position":1,"name":"Portada","item":"https:\/\/revolutionpadelstore.com\/de\/"},{"@type":"ListItem","position":2,"name":"Shop","item":"https:\/\/revolutionpadelstore.com\/de\/tienda\/"},{"@type":"ListItem","position":3,"name":"BULLPADEL XPLO 26"}]},{"@type":"WebSite","@id":"https:\/\/revolutionpadelstore.com\/de\/#website","url":"https:\/\/revolutionpadelstore.com\/de\/","name":"Revolution Padel Store","description":"","publisher":{"@id":"https:\/\/revolutionpadelstore.com\/de\/#organization"},"potentialAction":[{"@type":"SearchAction","target":{"@type":"EntryPoint","urlTemplate":"https:\/\/revolutionpadelstore.com\/de\/?s={search_term_string}"},"query-input":{"@type":"PropertyValueSpecification","valueRequired":true,"valueName":"search_term_string"}}],"inLanguage":"de"},{"@type":"Organization","@id":"https:\/\/revolutionpadelstore.com\/de\/#organization","name":"Revolution Padel Store","url":"https:\/\/revolutionpadelstore.com\/de\/","logo":{"@type":"ImageObject","inLanguage":"de","@id":"https:\/\/revolutionpadelstore.com\/de\/#\/schema\/logo\/image\/","url":"https:\/\/revolutionpadelstore.com\/wp-content\/uploads\/2026\/02\/revolution-padel-store.jpg","contentUrl":"https:\/\/revolutionpadelstore.com\/wp-content\/uploads\/2026\/02\/revolution-padel-store.jpg","width":2000,"height":2000,"caption":"Revolution Padel Store"},"image":{"@id":"https:\/\/revolutionpadelstore.com\/de\/#\/schema\/logo\/image\/"},"sameAs":["https:\/\/www.instagram.com\/revolutionpadelstore\/"]}]}},"_links":{"self":[{"href":"https:\/\/revolutionpadelstore.com\/de\/wp-json\/wp\/v2\/product\/267857","targetHints":{"allow":["GET"]}}],"collection":[{"href":"https:\/\/revolutionpadelstore.com\/de\/wp-json\/wp\/v2\/product"}],"about":[{"href":"https:\/\/revolutionpadelstore.com\/de\/wp-json\/wp\/v2\/types\/product"}],"replies":[{"embeddable":true,"href":"https:\/\/revolutionpadelstore.com\/de\/wp-json\/wp\/v2\/comments?post=267857"}],"wp:featuredmedia":[{"embeddable":true,"href":"https:\/\/revolutionpadelstore.com\/de\/wp-json\/wp\/v2\/media\/267881"}],"wp:attachment":[{"href":"https:\/\/revolutionpadelstore.com\/de\/wp-json\/wp\/v2\/media?parent=267857"}],"wp:term":[{"taxonomy":"acabado","embeddable":true,"href":"https:\/\/revolutionpadelstore.com\/de\/wp-json\/wp\/v2\/acabado?post=267857"},{"taxonomy":"balance","embeddable":true,"href":"https:\/\/revolutionpadelstore.com\/de\/wp-json\/wp\/v2\/balance?post=267857"},{"taxonomy":"dureza","embeddable":true,"href":"https:\/\/revolutionpadelstore.com\/de\/wp-json\/wp\/v2\/dureza?post=267857"},{"taxonomy":"forma","embeddable":true,"href":"https:\/\/revolutionpadelstore.com\/de\/wp-json\/wp\/v2\/forma?post=267857"},{"taxonomy":"jugador","embeddable":true,"href":"https:\/\/revolutionpadelstore.com\/de\/wp-json\/wp\/v2\/jugador?post=267857"},{"taxonomy":"marca","embeddable":true,"href":"https:\/\/revolutionpadelstore.com\/de\/wp-json\/wp\/v2\/marca?post=267857"},{"taxonomy":"nivel-de-juego","embeddable":true,"href":"https:\/\/revolutionpadelstore.com\/de\/wp-json\/wp\/v2\/nivel-de-juego?post=267857"},{"taxonomy":"superficie","embeddable":true,"href":"https:\/\/revolutionpadelstore.com\/de\/wp-json\/wp\/v2\/superficie?post=267857"},{"taxonomy":"tipo-de-juego","embeddable":true,"href":"https:\/\/revolutionpadelstore.com\/de\/wp-json\/wp\/v2\/tipo-de-juego?post=267857"},{"taxonomy":"product_brand","embeddable":true,"href":"https:\/\/revolutionpadelstore.com\/de\/wp-json\/wp\/v2\/product_brand?post=267857"},{"taxonomy":"product_cat","embeddable":true,"href":"https:\/\/revolutionpadelstore.com\/de\/wp-json\/wp\/v2\/product_cat?post=267857"},{"taxonomy":"product_tag","embeddable":true,"href":"https:\/\/revolutionpadelstore.com\/de\/wp-json\/wp\/v2\/product_tag?post=267857"}],"curies":[{"name":"wp","href":"https:\/\/api.w.org\/{rel}","templated":true}]}}