{"id":267473,"date":"2025-07-27T16:26:51","date_gmt":"2025-07-27T14:26:51","guid":{"rendered":"https:\/\/revolutionpadelstore.com\/bullpadel-vertex-05-woman\/"},"modified":"2026-04-10T02:01:36","modified_gmt":"2026-04-10T00:01:36","slug":"bullpadel-vertex-05-woman-1","status":"publish","type":"product","link":"https:\/\/revolutionpadelstore.com\/de\/produkt\/bullpadel-vertex-05-woman-1\/","title":{"rendered":"BULLPADEL VERTEX 05 WOMAN"},"content":{"rendered":"<h2>Bullpadel Vertex 05 Woman \u2013 Kraft, Leichtigkeit und Pr\u00e4zision f\u00fcr anspruchsvolle Spieler<\/h2>\n<p>Der <strong>Bullpadel Vertex 05 Woman<\/strong> ist der definitive Schl\u00e4ger f\u00fcr fortgeschrittene Spieler, die <strong>maximale Power suchen, ohne auf Kontrolle und Handhabbarkeit zu verzichten<\/strong>. Mit seinem rautenf\u00f6rmigen Design, seinem geringen Gewicht (350\u2013360 g) und seiner mittelhohen Balance bietet dieser Schl\u00e4ger in jeder Hinsicht herausragende Leistung.<\/p>\n<h2>Entwickelt f\u00fcr ein dynamisches und vollst\u00e4ndiges Spiel<\/h2>\n<p>Dieser Schl\u00e4ger wurde in Zusammenarbeit mit dem Profi <strong>Delfi Brea<\/strong> entwickelt und wurde f\u00fcr Spieler entwickelt, die den Platz mit einem agilen und reaktiven Spiel dominieren. Seine Struktur erm\u00f6glicht eine <strong>hervorragende Reaktion sowohl in der Verteidigung als auch im Angriff<\/strong> und passt sich jeder Spielsituation an.<\/p>\n<h2>Hervorgehobene technische Eigenschaften<\/h2>\n<p><strong>-Form<\/strong>: Diamant<\/p>\n<p><strong>-Gewicht<\/strong>: 350-360 Gramm<\/p>\n<p><strong>-Balance<\/strong>: Mittel-hoch<\/p>\n<p><strong>-Spielerlevel<\/strong>: Fortgeschritten\/Profi<\/p>\n<p><strong>-Top-Spin-Textur<\/strong>: Erh\u00f6ht den Spin und die Pr\u00e4zision bei jedem Schlag<\/p>\n<h2>Bullpadel-Technologien der neuesten Generation<\/h2>\n<p>Der Vertex 05 Woman verf\u00fcgt \u00fcber die fortschrittlichsten Technologien von Bullpadel und garantiert Komfort, Haltbarkeit und Leistung bei jedem Schlag:<\/p>\n<p><strong>-Fibrix<\/strong>: Kombination aus Glasfaser und Carbon f\u00fcr mehr Flexibilit\u00e4t und angenehmes Tragegef\u00fchl.<\/p>\n<p><strong>-Multieva<\/strong>: Kern mit doppelter Dichte, der die Kraft bei starken Schl\u00e4gen und die Kontrolle bei weichen Schl\u00e4gen verbessert.<\/p>\n<p><strong>-Carbontube<\/strong>: Rahmen aus 100 % Carbon f\u00fcr maximale Widerstandsf\u00e4higkeit.<\/p>\n<p><strong>-CurvAktiv<\/strong>: Reduziert Vibrationen und verbessert die Festigkeit des Rahmens.<\/p>\n<p><strong>-Air Power<\/strong>: Kanalstruktur f\u00fcr einen leichteren und aerodynamischeren Schl\u00e4ger.<\/p>\n<p><strong>-Vertex Core<\/strong>: Neuer Kern, der die Stabilit\u00e4t und Pr\u00e4zision erh\u00f6ht.<\/p>\n<p><strong>-Custom Weight<\/strong>: M\u00f6glichkeit zur individuellen Anpassung von Balance und Leistung.<\/p>\n<p><strong>-Top Spin<\/strong>: Raue Oberfl\u00e4che, die Schl\u00e4ge mit gr\u00f6\u00dferer Wirkung und Kontrolle erm\u00f6glicht.<\/p>\n<h2>Ideal f\u00fcr Spieler, die alles wollen<\/h2>\n<p>Der <strong>Bullpadel Vertex 05 Woman<\/strong> bietet die perfekte Balance zwischen Leichtigkeit, Kraft und Kontrolle. Es ist der perfekte Verb\u00fcndete f\u00fcr Spieler, die Folgendes suchen:<\/p>\n<p>-Gr\u00f6\u00dfere Mobilit\u00e4t und Reaktionsgeschwindigkeit<\/p>\n<p>-Kraft in Angriffsschl\u00e4gen<\/p>\n<p>-Pr\u00e4zision in Verteidigungssituationen<\/p>\n<p>-Komfort in der Handhabung w\u00e4hrend des gesamten Spiels<\/p>\n<h2> Warum sollten Sie sich im Revolution Padel Store f\u00fcr den Vertex 05 Woman entscheiden?<\/h2>\n<p>Unter <strong><a href=\"http:\/\/www.revolutionpadelstore.com\/\">www.revolutionpadelstore.com<\/a><\/strong> finden Sie diesen Bullpadel-Schl\u00e4ger <strong>wahrscheinlich zum besten Preis auf dem Markt<\/strong>, mit sofortiger Verf\u00fcgbarkeit und der Sicherheit, in einem auf Padel spezialisierten Gesch\u00e4ft zu kaufen. Bestellen Sie noch heute und erleben Sie das n\u00e4chste Level des Gamings!<\/p>\n<h2>Bullpadel Vertex 05 Woman \u2013 Potencia, ligereza y precisi\u00f3n para jugadoras exigentes<\/h2>\n","protected":false},"excerpt":{"rendered":"<p>Beherrschen Sie den Platz mit einem rautenf\u00f6rmigen Schl\u00e4ger, der in Zusammenarbeit mit Delfi Brea f\u00fcr fortgeschrittene Spieler auf der Suche nach Vielseitigkeit entwickelt wurde.<\/p>\n","protected":false},"featured_media":267479,"comment_status":"open","ping_status":"closed","template":"","meta":{"_acf_changed":false,"_joinchat":[]},"acabado":[1104],"balance":[1134,1139],"dureza":[1154],"forma":[1169],"jugador":[1194],"marca":[1254],"nivel-de-juego":[1334],"superficie":[1359],"tipo-de-juego":[1384],"product_brand":[],"product_cat":[299],"product_tag":[],"class_list":{"0":"post-267473","1":"product","2":"type-product","3":"status-publish","4":"has-post-thumbnail","6":"acabado-rau","7":"balance-hoch","8":"balance-mittel","9":"dureza-media-de","10":"forma-diamante-de","11":"jugador-frau","12":"marca-bullpadel-de","13":"superficie-rugosa-de","14":"tipo-de-juego-mehrzweck","15":"product_cat-palas-de-padel-de","17":"first","18":"instock","19":"sale","20":"taxable","21":"shipping-taxable","22":"purchasable","23":"product-type-simple"},"acf":[],"yoast_head":"<!-- This site is optimized with the Yoast SEO plugin v27.3 - https:\/\/yoast.com\/product\/yoast-seo-wordpress\/ -->\n<title>BULLPADEL VERTEX 05 WOMAN - Revolution Padel Store<\/title>\n<meta name=\"description\" content=\"Compra la Bullpadel Vertex 05 Woman al mejor precio en Revolution Padel Store. Pala de p\u00e1del para mujer, nivel avanzado, ligera, potente y precisa, con tecnolog\u00edas Top Spin, Multieva y Fibrix.\" \/>\n<meta name=\"robots\" content=\"index, follow, max-snippet:-1, max-image-preview:large, max-video-preview:-1\" \/>\n<link rel=\"canonical\" href=\"https:\/\/revolutionpadelstore.com\/de\/produkt\/bullpadel-vertex-05-woman-1\/\" \/>\n<meta property=\"og:locale\" content=\"de_DE\" \/>\n<meta property=\"og:type\" content=\"article\" \/>\n<meta property=\"og:title\" content=\"BULLPADEL VERTEX 05 WOMAN - Revolution Padel Store\" \/>\n<meta property=\"og:description\" content=\"Compra la Bullpadel Vertex 05 Woman al mejor precio en Revolution Padel Store. Pala de p\u00e1del para mujer, nivel avanzado, ligera, potente y precisa, con tecnolog\u00edas Top Spin, Multieva y Fibrix.\" \/>\n<meta property=\"og:url\" content=\"https:\/\/revolutionpadelstore.com\/de\/produkt\/bullpadel-vertex-05-woman-1\/\" \/>\n<meta property=\"og:site_name\" content=\"Revolution Padel Store\" \/>\n<meta property=\"article:modified_time\" content=\"2026-04-10T00:01:36+00:00\" \/>\n<meta property=\"og:image\" content=\"https:\/\/revolutionpadelstore.com\/wp-content\/uploads\/2025\/07\/120914-pala-bullpadel-vertex-05-w-494399-mujer-1200x1200-1.webp\" \/>\n\t<meta property=\"og:image:width\" content=\"1200\" \/>\n\t<meta property=\"og:image:height\" content=\"1200\" \/>\n\t<meta property=\"og:image:type\" content=\"image\/webp\" \/>\n<meta name=\"twitter:card\" content=\"summary_large_image\" \/>\n<meta name=\"twitter:label1\" content=\"Gesch\u00e4tzte Lesezeit\" \/>\n\t<meta name=\"twitter:data1\" content=\"2\u00a0Minuten\" \/>\n<script type=\"application\/ld+json\" class=\"yoast-schema-graph\">{\"@context\":\"https:\\\/\\\/schema.org\",\"@graph\":[{\"@type\":\"WebPage\",\"@id\":\"https:\\\/\\\/revolutionpadelstore.com\\\/de\\\/produkt\\\/bullpadel-vertex-05-woman-1\\\/\",\"url\":\"https:\\\/\\\/revolutionpadelstore.com\\\/de\\\/produkt\\\/bullpadel-vertex-05-woman-1\\\/\",\"name\":\"BULLPADEL VERTEX 05 WOMAN - Revolution Padel Store\",\"isPartOf\":{\"@id\":\"https:\\\/\\\/revolutionpadelstore.com\\\/de\\\/#website\"},\"primaryImageOfPage\":{\"@id\":\"https:\\\/\\\/revolutionpadelstore.com\\\/de\\\/produkt\\\/bullpadel-vertex-05-woman-1\\\/#primaryimage\"},\"image\":{\"@id\":\"https:\\\/\\\/revolutionpadelstore.com\\\/de\\\/produkt\\\/bullpadel-vertex-05-woman-1\\\/#primaryimage\"},\"thumbnailUrl\":\"https:\\\/\\\/revolutionpadelstore.com\\\/wp-content\\\/uploads\\\/2025\\\/07\\\/120914-pala-bullpadel-vertex-05-w-494399-mujer-1200x1200-1.webp\",\"datePublished\":\"2025-07-27T14:26:51+00:00\",\"dateModified\":\"2026-04-10T00:01:36+00:00\",\"description\":\"Compra la Bullpadel Vertex 05 Woman al mejor precio en Revolution Padel Store. Pala de p\u00e1del para mujer, nivel avanzado, ligera, potente y precisa, con tecnolog\u00edas Top Spin, Multieva y Fibrix.\",\"breadcrumb\":{\"@id\":\"https:\\\/\\\/revolutionpadelstore.com\\\/de\\\/produkt\\\/bullpadel-vertex-05-woman-1\\\/#breadcrumb\"},\"inLanguage\":\"de\",\"potentialAction\":[{\"@type\":\"ReadAction\",\"target\":[\"https:\\\/\\\/revolutionpadelstore.com\\\/de\\\/produkt\\\/bullpadel-vertex-05-woman-1\\\/\"]}]},{\"@type\":\"ImageObject\",\"inLanguage\":\"de\",\"@id\":\"https:\\\/\\\/revolutionpadelstore.com\\\/de\\\/produkt\\\/bullpadel-vertex-05-woman-1\\\/#primaryimage\",\"url\":\"https:\\\/\\\/revolutionpadelstore.com\\\/wp-content\\\/uploads\\\/2025\\\/07\\\/120914-pala-bullpadel-vertex-05-w-494399-mujer-1200x1200-1.webp\",\"contentUrl\":\"https:\\\/\\\/revolutionpadelstore.com\\\/wp-content\\\/uploads\\\/2025\\\/07\\\/120914-pala-bullpadel-vertex-05-w-494399-mujer-1200x1200-1.webp\",\"width\":1200,\"height\":1200},{\"@type\":\"BreadcrumbList\",\"@id\":\"https:\\\/\\\/revolutionpadelstore.com\\\/de\\\/produkt\\\/bullpadel-vertex-05-woman-1\\\/#breadcrumb\",\"itemListElement\":[{\"@type\":\"ListItem\",\"position\":1,\"name\":\"Portada\",\"item\":\"https:\\\/\\\/revolutionpadelstore.com\\\/de\\\/\"},{\"@type\":\"ListItem\",\"position\":2,\"name\":\"Shop\",\"item\":\"https:\\\/\\\/revolutionpadelstore.com\\\/de\\\/tienda\\\/\"},{\"@type\":\"ListItem\",\"position\":3,\"name\":\"BULLPADEL VERTEX 05 WOMAN\"}]},{\"@type\":\"WebSite\",\"@id\":\"https:\\\/\\\/revolutionpadelstore.com\\\/de\\\/#website\",\"url\":\"https:\\\/\\\/revolutionpadelstore.com\\\/de\\\/\",\"name\":\"Revolution Padel Store\",\"description\":\"\",\"publisher\":{\"@id\":\"https:\\\/\\\/revolutionpadelstore.com\\\/de\\\/#organization\"},\"potentialAction\":[{\"@type\":\"SearchAction\",\"target\":{\"@type\":\"EntryPoint\",\"urlTemplate\":\"https:\\\/\\\/revolutionpadelstore.com\\\/de\\\/?s={search_term_string}\"},\"query-input\":{\"@type\":\"PropertyValueSpecification\",\"valueRequired\":true,\"valueName\":\"search_term_string\"}}],\"inLanguage\":\"de\"},{\"@type\":\"Organization\",\"@id\":\"https:\\\/\\\/revolutionpadelstore.com\\\/de\\\/#organization\",\"name\":\"Revolution Padel Store\",\"url\":\"https:\\\/\\\/revolutionpadelstore.com\\\/de\\\/\",\"logo\":{\"@type\":\"ImageObject\",\"inLanguage\":\"de\",\"@id\":\"https:\\\/\\\/revolutionpadelstore.com\\\/de\\\/#\\\/schema\\\/logo\\\/image\\\/\",\"url\":\"https:\\\/\\\/revolutionpadelstore.com\\\/wp-content\\\/uploads\\\/2026\\\/02\\\/revolution-padel-store.jpg\",\"contentUrl\":\"https:\\\/\\\/revolutionpadelstore.com\\\/wp-content\\\/uploads\\\/2026\\\/02\\\/revolution-padel-store.jpg\",\"width\":2000,\"height\":2000,\"caption\":\"Revolution Padel Store\"},\"image\":{\"@id\":\"https:\\\/\\\/revolutionpadelstore.com\\\/de\\\/#\\\/schema\\\/logo\\\/image\\\/\"},\"sameAs\":[\"https:\\\/\\\/www.instagram.com\\\/revolutionpadelstore\\\/\"]}]}<\/script>\n<!-- \/ Yoast SEO plugin. -->","yoast_head_json":{"title":"BULLPADEL VERTEX 05 WOMAN - Revolution Padel Store","description":"Compra la Bullpadel Vertex 05 Woman al mejor precio en Revolution Padel Store. Pala de p\u00e1del para mujer, nivel avanzado, ligera, potente y precisa, con tecnolog\u00edas Top Spin, Multieva y Fibrix.","robots":{"index":"index","follow":"follow","max-snippet":"max-snippet:-1","max-image-preview":"max-image-preview:large","max-video-preview":"max-video-preview:-1"},"canonical":"https:\/\/revolutionpadelstore.com\/de\/produkt\/bullpadel-vertex-05-woman-1\/","og_locale":"de_DE","og_type":"article","og_title":"BULLPADEL VERTEX 05 WOMAN - Revolution Padel Store","og_description":"Compra la Bullpadel Vertex 05 Woman al mejor precio en Revolution Padel Store. Pala de p\u00e1del para mujer, nivel avanzado, ligera, potente y precisa, con tecnolog\u00edas Top Spin, Multieva y Fibrix.","og_url":"https:\/\/revolutionpadelstore.com\/de\/produkt\/bullpadel-vertex-05-woman-1\/","og_site_name":"Revolution Padel Store","article_modified_time":"2026-04-10T00:01:36+00:00","og_image":[{"width":1200,"height":1200,"url":"https:\/\/revolutionpadelstore.com\/wp-content\/uploads\/2025\/07\/120914-pala-bullpadel-vertex-05-w-494399-mujer-1200x1200-1.webp","type":"image\/webp"}],"twitter_card":"summary_large_image","twitter_misc":{"Gesch\u00e4tzte Lesezeit":"2\u00a0Minuten"},"schema":{"@context":"https:\/\/schema.org","@graph":[{"@type":"WebPage","@id":"https:\/\/revolutionpadelstore.com\/de\/produkt\/bullpadel-vertex-05-woman-1\/","url":"https:\/\/revolutionpadelstore.com\/de\/produkt\/bullpadel-vertex-05-woman-1\/","name":"BULLPADEL VERTEX 05 WOMAN - Revolution Padel Store","isPartOf":{"@id":"https:\/\/revolutionpadelstore.com\/de\/#website"},"primaryImageOfPage":{"@id":"https:\/\/revolutionpadelstore.com\/de\/produkt\/bullpadel-vertex-05-woman-1\/#primaryimage"},"image":{"@id":"https:\/\/revolutionpadelstore.com\/de\/produkt\/bullpadel-vertex-05-woman-1\/#primaryimage"},"thumbnailUrl":"https:\/\/revolutionpadelstore.com\/wp-content\/uploads\/2025\/07\/120914-pala-bullpadel-vertex-05-w-494399-mujer-1200x1200-1.webp","datePublished":"2025-07-27T14:26:51+00:00","dateModified":"2026-04-10T00:01:36+00:00","description":"Compra la Bullpadel Vertex 05 Woman al mejor precio en Revolution Padel Store. Pala de p\u00e1del para mujer, nivel avanzado, ligera, potente y precisa, con tecnolog\u00edas Top Spin, Multieva y Fibrix.","breadcrumb":{"@id":"https:\/\/revolutionpadelstore.com\/de\/produkt\/bullpadel-vertex-05-woman-1\/#breadcrumb"},"inLanguage":"de","potentialAction":[{"@type":"ReadAction","target":["https:\/\/revolutionpadelstore.com\/de\/produkt\/bullpadel-vertex-05-woman-1\/"]}]},{"@type":"ImageObject","inLanguage":"de","@id":"https:\/\/revolutionpadelstore.com\/de\/produkt\/bullpadel-vertex-05-woman-1\/#primaryimage","url":"https:\/\/revolutionpadelstore.com\/wp-content\/uploads\/2025\/07\/120914-pala-bullpadel-vertex-05-w-494399-mujer-1200x1200-1.webp","contentUrl":"https:\/\/revolutionpadelstore.com\/wp-content\/uploads\/2025\/07\/120914-pala-bullpadel-vertex-05-w-494399-mujer-1200x1200-1.webp","width":1200,"height":1200},{"@type":"BreadcrumbList","@id":"https:\/\/revolutionpadelstore.com\/de\/produkt\/bullpadel-vertex-05-woman-1\/#breadcrumb","itemListElement":[{"@type":"ListItem","position":1,"name":"Portada","item":"https:\/\/revolutionpadelstore.com\/de\/"},{"@type":"ListItem","position":2,"name":"Shop","item":"https:\/\/revolutionpadelstore.com\/de\/tienda\/"},{"@type":"ListItem","position":3,"name":"BULLPADEL VERTEX 05 WOMAN"}]},{"@type":"WebSite","@id":"https:\/\/revolutionpadelstore.com\/de\/#website","url":"https:\/\/revolutionpadelstore.com\/de\/","name":"Revolution Padel Store","description":"","publisher":{"@id":"https:\/\/revolutionpadelstore.com\/de\/#organization"},"potentialAction":[{"@type":"SearchAction","target":{"@type":"EntryPoint","urlTemplate":"https:\/\/revolutionpadelstore.com\/de\/?s={search_term_string}"},"query-input":{"@type":"PropertyValueSpecification","valueRequired":true,"valueName":"search_term_string"}}],"inLanguage":"de"},{"@type":"Organization","@id":"https:\/\/revolutionpadelstore.com\/de\/#organization","name":"Revolution Padel Store","url":"https:\/\/revolutionpadelstore.com\/de\/","logo":{"@type":"ImageObject","inLanguage":"de","@id":"https:\/\/revolutionpadelstore.com\/de\/#\/schema\/logo\/image\/","url":"https:\/\/revolutionpadelstore.com\/wp-content\/uploads\/2026\/02\/revolution-padel-store.jpg","contentUrl":"https:\/\/revolutionpadelstore.com\/wp-content\/uploads\/2026\/02\/revolution-padel-store.jpg","width":2000,"height":2000,"caption":"Revolution Padel Store"},"image":{"@id":"https:\/\/revolutionpadelstore.com\/de\/#\/schema\/logo\/image\/"},"sameAs":["https:\/\/www.instagram.com\/revolutionpadelstore\/"]}]}},"_links":{"self":[{"href":"https:\/\/revolutionpadelstore.com\/de\/wp-json\/wp\/v2\/product\/267473","targetHints":{"allow":["GET"]}}],"collection":[{"href":"https:\/\/revolutionpadelstore.com\/de\/wp-json\/wp\/v2\/product"}],"about":[{"href":"https:\/\/revolutionpadelstore.com\/de\/wp-json\/wp\/v2\/types\/product"}],"replies":[{"embeddable":true,"href":"https:\/\/revolutionpadelstore.com\/de\/wp-json\/wp\/v2\/comments?post=267473"}],"wp:featuredmedia":[{"embeddable":true,"href":"https:\/\/revolutionpadelstore.com\/de\/wp-json\/wp\/v2\/media\/267479"}],"wp:attachment":[{"href":"https:\/\/revolutionpadelstore.com\/de\/wp-json\/wp\/v2\/media?parent=267473"}],"wp:term":[{"taxonomy":"acabado","embeddable":true,"href":"https:\/\/revolutionpadelstore.com\/de\/wp-json\/wp\/v2\/acabado?post=267473"},{"taxonomy":"balance","embeddable":true,"href":"https:\/\/revolutionpadelstore.com\/de\/wp-json\/wp\/v2\/balance?post=267473"},{"taxonomy":"dureza","embeddable":true,"href":"https:\/\/revolutionpadelstore.com\/de\/wp-json\/wp\/v2\/dureza?post=267473"},{"taxonomy":"forma","embeddable":true,"href":"https:\/\/revolutionpadelstore.com\/de\/wp-json\/wp\/v2\/forma?post=267473"},{"taxonomy":"jugador","embeddable":true,"href":"https:\/\/revolutionpadelstore.com\/de\/wp-json\/wp\/v2\/jugador?post=267473"},{"taxonomy":"marca","embeddable":true,"href":"https:\/\/revolutionpadelstore.com\/de\/wp-json\/wp\/v2\/marca?post=267473"},{"taxonomy":"nivel-de-juego","embeddable":true,"href":"https:\/\/revolutionpadelstore.com\/de\/wp-json\/wp\/v2\/nivel-de-juego?post=267473"},{"taxonomy":"superficie","embeddable":true,"href":"https:\/\/revolutionpadelstore.com\/de\/wp-json\/wp\/v2\/superficie?post=267473"},{"taxonomy":"tipo-de-juego","embeddable":true,"href":"https:\/\/revolutionpadelstore.com\/de\/wp-json\/wp\/v2\/tipo-de-juego?post=267473"},{"taxonomy":"product_brand","embeddable":true,"href":"https:\/\/revolutionpadelstore.com\/de\/wp-json\/wp\/v2\/product_brand?post=267473"},{"taxonomy":"product_cat","embeddable":true,"href":"https:\/\/revolutionpadelstore.com\/de\/wp-json\/wp\/v2\/product_cat?post=267473"},{"taxonomy":"product_tag","embeddable":true,"href":"https:\/\/revolutionpadelstore.com\/de\/wp-json\/wp\/v2\/product_tag?post=267473"}],"curies":[{"name":"wp","href":"https:\/\/api.w.org\/{rel}","templated":true}]}}