{"id":267236,"date":"2025-09-01T20:20:08","date_gmt":"2025-09-01T18:20:08","guid":{"rendered":"https:\/\/revolutionpadelstore.com\/joma-slam-lady-2512-gris\/"},"modified":"2026-04-10T14:04:52","modified_gmt":"2026-04-10T12:04:52","slug":"joma-slam-lady-2512-gris-1","status":"publish","type":"product","link":"https:\/\/revolutionpadelstore.com\/de\/produkt\/joma-slam-lady-2512-gris-1\/","title":{"rendered":"JOMA SLAM LADY 2512 GRIS"},"content":{"rendered":"<h2>Slam 2512 Graue Damen-Paddelschuhe \u2013 Leistung, Stil und Komfort<\/h2>\n<p>Die <strong>Slam 2512 Padel-Schuhe in Grau f\u00fcr Damen<\/strong> sind die ideale Option f\u00fcr anspruchsvolle Spieler, die auf und neben dem Platz <strong>maximale Leistung<\/strong>, <strong>Komfort<\/strong> und ein attraktives Design suchen.<\/p>\n<p>Diese Schuhe sind mit einem <strong>atmungsaktiven Schnitt<\/strong> und dem <strong>VTS<\/strong>-Bel\u00fcftungssystem ausgestattet und sorgen f\u00fcr eine hervorragende Luftzirkulation, sodass Ihre F\u00fc\u00dfe auch bei intensivsten Spielen k\u00fchl bleiben. Sein leichtes und ergonomisches Design wird durch ein Schn\u00fcrverschlusssystem erg\u00e4nzt, das eine <strong>pr\u00e4zise und sichere Passform<\/strong> bietet.<\/p>\n<h2>Premium-Technologie und -Funktionen<\/h2>\n<p>Diese Schuhe zeichnen sich durch die Integration innovativer Technologien aus, die Ihr Spielniveau steigern:<\/p>\n<p><strong>-Schnitt mit SPORTTECH-Technologie<\/strong>: Bietet zus\u00e4tzlichen Halt und bessere Anpassung an den Fu\u00df.<\/p>\n<p><strong>-DUAL REACTIVE Zwischensohle mit REACTIVE BALL<\/strong>: Bietet hervorragende D\u00e4mpfung und Energier\u00fcckgabe bei jedem Schritt.<\/p>\n<p><strong>-DURABILITY-Au\u00dfensohle mit STABILIS<\/strong>: Verbessert die Stabilit\u00e4t und garantiert optimale Traktion auf allen Arten von Oberfl\u00e4chen.<\/p>\n<p><strong>-PROTECTION-Verst\u00e4rkung<\/strong>: Sch\u00fctzt die empfindlichsten Bereiche des Fu\u00dfes in aggressiven oder hochintensiven Spielsituationen.<\/p>\n<h2>F\u00fcr den Wettbewerb konzipiert<\/h2>\n<p>Der Slam 2512 ist ideal sowohl f\u00fcr <strong>anspruchsvolles Training<\/strong> als auch f\u00fcr <strong>Wettk\u00e4mpfe auf hohem Niveau<\/strong> und besteht aus widerstandsf\u00e4higen Materialien, die eine <strong>lange Nutzungsdauer<\/strong> gew\u00e4hrleisten. Seine <strong>erstklassige Leistung<\/strong> macht dieses Modell zu einer sicheren Wahl f\u00fcr Spieler, die Wert auf Qualit\u00e4t und Haltbarkeit legen.<\/p>\n<h2>Warum sollten Sie sich f\u00fcr die Slam 2512 grauen Damen-Sneaker entscheiden?<\/h2>\n<p>Denn sie vereinen das Beste der Sporttechnologie mit modernem Design und bieten Ihnen so die perfekte Balance zwischen Stil, Komfort und Leistung. Steigern Sie Ihr Spielniveau mit einem Schuh, der jeder Herausforderung auf dem Platz gewachsen ist.<\/p>\n<p><strong>Holen Sie sie sich noch heute und machen Sie den Qualit\u00e4tssprung, den Ihr Spiel braucht!<\/strong><\/p>\n<p><strong>Erh\u00e4ltlich in unserem Online-Shop <a href=\"https:\/\/www.revolutionpadelstore.com\/\">www.revolutionpadelstore.com<\/a>, wahrscheinlich zum besten Preis auf dem Markt.<\/strong><\/p>\n","protected":false},"excerpt":{"rendered":"<p>Entdecken Sie die Slam 2512 Paddle-Schuhe in Grau f\u00fcr Damen: Entwickelt f\u00fcr Spielerinnen, die auf dem Platz ihr Bestes geben m\u00f6chten, ohne auf Komfort und Stil zu verzichten.<\/p>\n","protected":false},"featured_media":267219,"comment_status":"open","ping_status":"closed","template":"","meta":{"_acf_changed":false,"_joinchat":[]},"acabado":[],"balance":[],"dureza":[],"forma":[],"jugador":[],"marca":[1224],"nivel-de-juego":[],"superficie":[],"tipo-de-juego":[],"product_brand":[],"product_cat":[453,831],"product_tag":[],"class_list":{"0":"post-267236","1":"product","2":"type-product","3":"status-publish","4":"has-post-thumbnail","6":"marca-joma-de","7":"product_cat-sneakers-fur-damen","8":"product_cat-turnschuhe","10":"first","11":"outofstock","12":"sale","13":"taxable","14":"shipping-taxable","15":"purchasable","16":"product-type-variable"},"acf":[],"yoast_head":"<!-- This site is optimized with the Yoast SEO plugin v27.4 - https:\/\/yoast.com\/product\/yoast-seo-wordpress\/ -->\n<title>JOMA SLAM LADY 2512 GRIS - Revolution Padel Store<\/title>\n<meta name=\"description\" content=\"Zapatillas de p\u00e1del Slam 2512 gris para mujer con tecnolog\u00edas SPORTECH, VTS y DUAL REACTIVE. Comodidad, durabilidad y alto rendimiento en pista. \u00a1Compra ahora al mejor precio en Revolution Padel Store!\" \/>\n<meta name=\"robots\" content=\"index, follow, max-snippet:-1, max-image-preview:large, max-video-preview:-1\" \/>\n<link rel=\"canonical\" href=\"https:\/\/revolutionpadelstore.com\/de\/produkt\/joma-slam-lady-2512-gris-1\/\" \/>\n<meta property=\"og:locale\" content=\"de_DE\" \/>\n<meta property=\"og:type\" content=\"article\" \/>\n<meta property=\"og:title\" content=\"JOMA SLAM LADY 2512 GRIS - Revolution Padel Store\" \/>\n<meta property=\"og:description\" content=\"Zapatillas de p\u00e1del Slam 2512 gris para mujer con tecnolog\u00edas SPORTECH, VTS y DUAL REACTIVE. Comodidad, durabilidad y alto rendimiento en pista. \u00a1Compra ahora al mejor precio en Revolution Padel Store!\" \/>\n<meta property=\"og:url\" content=\"https:\/\/revolutionpadelstore.com\/de\/produkt\/joma-slam-lady-2512-gris-1\/\" \/>\n<meta property=\"og:site_name\" content=\"Revolution Padel Store\" \/>\n<meta property=\"article:modified_time\" content=\"2026-04-10T12:04:52+00:00\" \/>\n<meta property=\"og:image\" content=\"https:\/\/revolutionpadelstore.com\/wp-content\/uploads\/2025\/09\/FOTO-PALAS-30.png\" \/>\n\t<meta property=\"og:image:width\" content=\"1500\" \/>\n\t<meta property=\"og:image:height\" content=\"1500\" \/>\n\t<meta property=\"og:image:type\" content=\"image\/png\" \/>\n<meta name=\"twitter:card\" content=\"summary_large_image\" \/>\n<meta name=\"twitter:label1\" content=\"Gesch\u00e4tzte Lesezeit\" \/>\n\t<meta name=\"twitter:data1\" content=\"2\u00a0Minuten\" \/>\n<script type=\"application\/ld+json\" class=\"yoast-schema-graph\">{\"@context\":\"https:\\\/\\\/schema.org\",\"@graph\":[{\"@type\":\"WebPage\",\"@id\":\"https:\\\/\\\/revolutionpadelstore.com\\\/de\\\/produkt\\\/joma-slam-lady-2512-gris-1\\\/\",\"url\":\"https:\\\/\\\/revolutionpadelstore.com\\\/de\\\/produkt\\\/joma-slam-lady-2512-gris-1\\\/\",\"name\":\"JOMA SLAM LADY 2512 GRIS - Revolution Padel Store\",\"isPartOf\":{\"@id\":\"https:\\\/\\\/revolutionpadelstore.com\\\/de\\\/#website\"},\"primaryImageOfPage\":{\"@id\":\"https:\\\/\\\/revolutionpadelstore.com\\\/de\\\/produkt\\\/joma-slam-lady-2512-gris-1\\\/#primaryimage\"},\"image\":{\"@id\":\"https:\\\/\\\/revolutionpadelstore.com\\\/de\\\/produkt\\\/joma-slam-lady-2512-gris-1\\\/#primaryimage\"},\"thumbnailUrl\":\"https:\\\/\\\/revolutionpadelstore.com\\\/wp-content\\\/uploads\\\/2025\\\/09\\\/FOTO-PALAS-30.png\",\"datePublished\":\"2025-09-01T18:20:08+00:00\",\"dateModified\":\"2026-04-10T12:04:52+00:00\",\"description\":\"Zapatillas de p\u00e1del Slam 2512 gris para mujer con tecnolog\u00edas SPORTECH, VTS y DUAL REACTIVE. Comodidad, durabilidad y alto rendimiento en pista. \u00a1Compra ahora al mejor precio en Revolution Padel Store!\",\"breadcrumb\":{\"@id\":\"https:\\\/\\\/revolutionpadelstore.com\\\/de\\\/produkt\\\/joma-slam-lady-2512-gris-1\\\/#breadcrumb\"},\"inLanguage\":\"de\",\"potentialAction\":[{\"@type\":\"ReadAction\",\"target\":[\"https:\\\/\\\/revolutionpadelstore.com\\\/de\\\/produkt\\\/joma-slam-lady-2512-gris-1\\\/\"]}]},{\"@type\":\"ImageObject\",\"inLanguage\":\"de\",\"@id\":\"https:\\\/\\\/revolutionpadelstore.com\\\/de\\\/produkt\\\/joma-slam-lady-2512-gris-1\\\/#primaryimage\",\"url\":\"https:\\\/\\\/revolutionpadelstore.com\\\/wp-content\\\/uploads\\\/2025\\\/09\\\/FOTO-PALAS-30.png\",\"contentUrl\":\"https:\\\/\\\/revolutionpadelstore.com\\\/wp-content\\\/uploads\\\/2025\\\/09\\\/FOTO-PALAS-30.png\",\"width\":1500,\"height\":1500},{\"@type\":\"BreadcrumbList\",\"@id\":\"https:\\\/\\\/revolutionpadelstore.com\\\/de\\\/produkt\\\/joma-slam-lady-2512-gris-1\\\/#breadcrumb\",\"itemListElement\":[{\"@type\":\"ListItem\",\"position\":1,\"name\":\"Portada\",\"item\":\"https:\\\/\\\/revolutionpadelstore.com\\\/de\\\/\"},{\"@type\":\"ListItem\",\"position\":2,\"name\":\"Shop\",\"item\":\"https:\\\/\\\/revolutionpadelstore.com\\\/de\\\/tienda\\\/\"},{\"@type\":\"ListItem\",\"position\":3,\"name\":\"JOMA SLAM LADY 2512 GRIS\"}]},{\"@type\":\"WebSite\",\"@id\":\"https:\\\/\\\/revolutionpadelstore.com\\\/de\\\/#website\",\"url\":\"https:\\\/\\\/revolutionpadelstore.com\\\/de\\\/\",\"name\":\"Revolution Padel Store\",\"description\":\"\",\"publisher\":{\"@id\":\"https:\\\/\\\/revolutionpadelstore.com\\\/de\\\/#organization\"},\"potentialAction\":[{\"@type\":\"SearchAction\",\"target\":{\"@type\":\"EntryPoint\",\"urlTemplate\":\"https:\\\/\\\/revolutionpadelstore.com\\\/de\\\/?s={search_term_string}\"},\"query-input\":{\"@type\":\"PropertyValueSpecification\",\"valueRequired\":true,\"valueName\":\"search_term_string\"}}],\"inLanguage\":\"de\"},{\"@type\":\"Organization\",\"@id\":\"https:\\\/\\\/revolutionpadelstore.com\\\/de\\\/#organization\",\"name\":\"Revolution Padel Store\",\"url\":\"https:\\\/\\\/revolutionpadelstore.com\\\/de\\\/\",\"logo\":{\"@type\":\"ImageObject\",\"inLanguage\":\"de\",\"@id\":\"https:\\\/\\\/revolutionpadelstore.com\\\/de\\\/#\\\/schema\\\/logo\\\/image\\\/\",\"url\":\"https:\\\/\\\/revolutionpadelstore.com\\\/wp-content\\\/uploads\\\/2026\\\/02\\\/revolution-padel-store.jpg\",\"contentUrl\":\"https:\\\/\\\/revolutionpadelstore.com\\\/wp-content\\\/uploads\\\/2026\\\/02\\\/revolution-padel-store.jpg\",\"width\":2000,\"height\":2000,\"caption\":\"Revolution Padel Store\"},\"image\":{\"@id\":\"https:\\\/\\\/revolutionpadelstore.com\\\/de\\\/#\\\/schema\\\/logo\\\/image\\\/\"},\"sameAs\":[\"https:\\\/\\\/www.instagram.com\\\/revolutionpadelstore\\\/\"]}]}<\/script>\n<!-- \/ Yoast SEO plugin. -->","yoast_head_json":{"title":"JOMA SLAM LADY 2512 GRIS - Revolution Padel Store","description":"Zapatillas de p\u00e1del Slam 2512 gris para mujer con tecnolog\u00edas SPORTECH, VTS y DUAL REACTIVE. Comodidad, durabilidad y alto rendimiento en pista. \u00a1Compra ahora al mejor precio en Revolution Padel Store!","robots":{"index":"index","follow":"follow","max-snippet":"max-snippet:-1","max-image-preview":"max-image-preview:large","max-video-preview":"max-video-preview:-1"},"canonical":"https:\/\/revolutionpadelstore.com\/de\/produkt\/joma-slam-lady-2512-gris-1\/","og_locale":"de_DE","og_type":"article","og_title":"JOMA SLAM LADY 2512 GRIS - Revolution Padel Store","og_description":"Zapatillas de p\u00e1del Slam 2512 gris para mujer con tecnolog\u00edas SPORTECH, VTS y DUAL REACTIVE. Comodidad, durabilidad y alto rendimiento en pista. \u00a1Compra ahora al mejor precio en Revolution Padel Store!","og_url":"https:\/\/revolutionpadelstore.com\/de\/produkt\/joma-slam-lady-2512-gris-1\/","og_site_name":"Revolution Padel Store","article_modified_time":"2026-04-10T12:04:52+00:00","og_image":[{"width":1500,"height":1500,"url":"https:\/\/revolutionpadelstore.com\/wp-content\/uploads\/2025\/09\/FOTO-PALAS-30.png","type":"image\/png"}],"twitter_card":"summary_large_image","twitter_misc":{"Gesch\u00e4tzte Lesezeit":"2\u00a0Minuten"},"schema":{"@context":"https:\/\/schema.org","@graph":[{"@type":"WebPage","@id":"https:\/\/revolutionpadelstore.com\/de\/produkt\/joma-slam-lady-2512-gris-1\/","url":"https:\/\/revolutionpadelstore.com\/de\/produkt\/joma-slam-lady-2512-gris-1\/","name":"JOMA SLAM LADY 2512 GRIS - Revolution Padel Store","isPartOf":{"@id":"https:\/\/revolutionpadelstore.com\/de\/#website"},"primaryImageOfPage":{"@id":"https:\/\/revolutionpadelstore.com\/de\/produkt\/joma-slam-lady-2512-gris-1\/#primaryimage"},"image":{"@id":"https:\/\/revolutionpadelstore.com\/de\/produkt\/joma-slam-lady-2512-gris-1\/#primaryimage"},"thumbnailUrl":"https:\/\/revolutionpadelstore.com\/wp-content\/uploads\/2025\/09\/FOTO-PALAS-30.png","datePublished":"2025-09-01T18:20:08+00:00","dateModified":"2026-04-10T12:04:52+00:00","description":"Zapatillas de p\u00e1del Slam 2512 gris para mujer con tecnolog\u00edas SPORTECH, VTS y DUAL REACTIVE. Comodidad, durabilidad y alto rendimiento en pista. \u00a1Compra ahora al mejor precio en Revolution Padel Store!","breadcrumb":{"@id":"https:\/\/revolutionpadelstore.com\/de\/produkt\/joma-slam-lady-2512-gris-1\/#breadcrumb"},"inLanguage":"de","potentialAction":[{"@type":"ReadAction","target":["https:\/\/revolutionpadelstore.com\/de\/produkt\/joma-slam-lady-2512-gris-1\/"]}]},{"@type":"ImageObject","inLanguage":"de","@id":"https:\/\/revolutionpadelstore.com\/de\/produkt\/joma-slam-lady-2512-gris-1\/#primaryimage","url":"https:\/\/revolutionpadelstore.com\/wp-content\/uploads\/2025\/09\/FOTO-PALAS-30.png","contentUrl":"https:\/\/revolutionpadelstore.com\/wp-content\/uploads\/2025\/09\/FOTO-PALAS-30.png","width":1500,"height":1500},{"@type":"BreadcrumbList","@id":"https:\/\/revolutionpadelstore.com\/de\/produkt\/joma-slam-lady-2512-gris-1\/#breadcrumb","itemListElement":[{"@type":"ListItem","position":1,"name":"Portada","item":"https:\/\/revolutionpadelstore.com\/de\/"},{"@type":"ListItem","position":2,"name":"Shop","item":"https:\/\/revolutionpadelstore.com\/de\/tienda\/"},{"@type":"ListItem","position":3,"name":"JOMA SLAM LADY 2512 GRIS"}]},{"@type":"WebSite","@id":"https:\/\/revolutionpadelstore.com\/de\/#website","url":"https:\/\/revolutionpadelstore.com\/de\/","name":"Revolution Padel Store","description":"","publisher":{"@id":"https:\/\/revolutionpadelstore.com\/de\/#organization"},"potentialAction":[{"@type":"SearchAction","target":{"@type":"EntryPoint","urlTemplate":"https:\/\/revolutionpadelstore.com\/de\/?s={search_term_string}"},"query-input":{"@type":"PropertyValueSpecification","valueRequired":true,"valueName":"search_term_string"}}],"inLanguage":"de"},{"@type":"Organization","@id":"https:\/\/revolutionpadelstore.com\/de\/#organization","name":"Revolution Padel Store","url":"https:\/\/revolutionpadelstore.com\/de\/","logo":{"@type":"ImageObject","inLanguage":"de","@id":"https:\/\/revolutionpadelstore.com\/de\/#\/schema\/logo\/image\/","url":"https:\/\/revolutionpadelstore.com\/wp-content\/uploads\/2026\/02\/revolution-padel-store.jpg","contentUrl":"https:\/\/revolutionpadelstore.com\/wp-content\/uploads\/2026\/02\/revolution-padel-store.jpg","width":2000,"height":2000,"caption":"Revolution Padel Store"},"image":{"@id":"https:\/\/revolutionpadelstore.com\/de\/#\/schema\/logo\/image\/"},"sameAs":["https:\/\/www.instagram.com\/revolutionpadelstore\/"]}]}},"_links":{"self":[{"href":"https:\/\/revolutionpadelstore.com\/de\/wp-json\/wp\/v2\/product\/267236","targetHints":{"allow":["GET"]}}],"collection":[{"href":"https:\/\/revolutionpadelstore.com\/de\/wp-json\/wp\/v2\/product"}],"about":[{"href":"https:\/\/revolutionpadelstore.com\/de\/wp-json\/wp\/v2\/types\/product"}],"replies":[{"embeddable":true,"href":"https:\/\/revolutionpadelstore.com\/de\/wp-json\/wp\/v2\/comments?post=267236"}],"wp:featuredmedia":[{"embeddable":true,"href":"https:\/\/revolutionpadelstore.com\/de\/wp-json\/wp\/v2\/media\/267219"}],"wp:attachment":[{"href":"https:\/\/revolutionpadelstore.com\/de\/wp-json\/wp\/v2\/media?parent=267236"}],"wp:term":[{"taxonomy":"acabado","embeddable":true,"href":"https:\/\/revolutionpadelstore.com\/de\/wp-json\/wp\/v2\/acabado?post=267236"},{"taxonomy":"balance","embeddable":true,"href":"https:\/\/revolutionpadelstore.com\/de\/wp-json\/wp\/v2\/balance?post=267236"},{"taxonomy":"dureza","embeddable":true,"href":"https:\/\/revolutionpadelstore.com\/de\/wp-json\/wp\/v2\/dureza?post=267236"},{"taxonomy":"forma","embeddable":true,"href":"https:\/\/revolutionpadelstore.com\/de\/wp-json\/wp\/v2\/forma?post=267236"},{"taxonomy":"jugador","embeddable":true,"href":"https:\/\/revolutionpadelstore.com\/de\/wp-json\/wp\/v2\/jugador?post=267236"},{"taxonomy":"marca","embeddable":true,"href":"https:\/\/revolutionpadelstore.com\/de\/wp-json\/wp\/v2\/marca?post=267236"},{"taxonomy":"nivel-de-juego","embeddable":true,"href":"https:\/\/revolutionpadelstore.com\/de\/wp-json\/wp\/v2\/nivel-de-juego?post=267236"},{"taxonomy":"superficie","embeddable":true,"href":"https:\/\/revolutionpadelstore.com\/de\/wp-json\/wp\/v2\/superficie?post=267236"},{"taxonomy":"tipo-de-juego","embeddable":true,"href":"https:\/\/revolutionpadelstore.com\/de\/wp-json\/wp\/v2\/tipo-de-juego?post=267236"},{"taxonomy":"product_brand","embeddable":true,"href":"https:\/\/revolutionpadelstore.com\/de\/wp-json\/wp\/v2\/product_brand?post=267236"},{"taxonomy":"product_cat","embeddable":true,"href":"https:\/\/revolutionpadelstore.com\/de\/wp-json\/wp\/v2\/product_cat?post=267236"},{"taxonomy":"product_tag","embeddable":true,"href":"https:\/\/revolutionpadelstore.com\/de\/wp-json\/wp\/v2\/product_tag?post=267236"}],"curies":[{"name":"wp","href":"https:\/\/api.w.org\/{rel}","templated":true}]}}