{"id":267186,"date":"2025-09-01T19:27:10","date_gmt":"2025-09-01T17:27:10","guid":{"rendered":"https:\/\/revolutionpadelstore.com\/joma-open-men-2528-naranja\/"},"modified":"2026-04-01T00:54:42","modified_gmt":"2026-03-31T22:54:42","slug":"joma-open-men-2528-naranja-1","status":"publish","type":"product","link":"https:\/\/revolutionpadelstore.com\/de\/produkt\/joma-open-men-2528-naranja-1\/","title":{"rendered":"JOMA OPEN MEN 2528 NARANJA"},"content":{"rendered":"<h2>JOMA Open 2528 Herren \u2013 Safranorange<\/h2>\n<h2>Komfort, Technologie und Leistung an jedem Punkt<\/h2>\n<p>Entdecken Sie die <strong>Open 2528 Padel-Schuhe f\u00fcr Herren<\/strong> in der leuchtenden Farbe <strong>Saffron Orange<\/strong>, die f\u00fcr Spieler entwickelt wurden, die auf dem Platz <strong>maximalen Komfort, Unterst\u00fctzung und Leistung<\/strong> suchen. Dieses Modell kombiniert fortschrittliche Technologie mit hochwertigen Materialien, um ein erstklassiges Spielerlebnis zu bieten, sowohl im Training als auch in anspruchsvollen Spielen.<\/p>\n<h2>Technologie und Design, die den Unterschied machen<\/h2>\n<p>Diese Schuhe verf\u00fcgen \u00fcber einen <strong>atmungsaktiven VTS-Schnitt<\/strong>, der die Bel\u00fcftung f\u00f6rdert und Ihre F\u00fc\u00dfe auch bei intensivsten Spielen <strong>k\u00fchl und trocken<\/strong> h\u00e4lt. Dank der <strong>SPORTECH<\/strong>-Technologie wird eine anatomische und nahtlose Passform erreicht, die das Risiko von Scheuerstellen verringert und die Beweglichkeit verbessert.<\/p>\n<p>Die <strong>Phylon-Zwischensohle unterschiedlicher Dichte<\/strong> ist mit <strong>REACTIVE FOAM<\/strong> verst\u00e4rkt und bietet au\u00dfergew\u00f6hnliche D\u00e4mpfung, Energier\u00fcckgabe und Unterst\u00fctzung bei jeder Bewegung.<\/p>\n<h2>Sohle mit hoher Haltbarkeit und hervorragender Stabilit\u00e4t<\/h2>\n<p>Die Sohle aus <strong>DURABILITY<\/strong>-Gummi garantiert <strong>hervorragende Traktion und Verschlei\u00dffestigkeit<\/strong>, ideal f\u00fcr Padel-Oberfl\u00e4chen. Die hintere Strebe des EXO Counter verbessert die Stabilit\u00e4t bei jedem Richtungswechsel, w\u00e4hrend die PROTECTION-Verst\u00e4rkung eine zus\u00e4tzliche Sicherheitsschicht gegen St\u00f6\u00dfe oder seitlichen Widerstand bietet.<\/p>\n<h2>Technische Eigenschaften<\/h2>\n<p><strong>-Typ<\/strong>: Herren-Padelschuhe<\/p>\n<p><strong>-Oberer Schnitt<\/strong>: Atmungsaktives Mesh mit <strong>VTS<\/strong>-System<\/p>\n<p><strong>-Fit<\/strong>: <strong>SPORTTECH<\/strong>-Technologie f\u00fcr maximale Anpassung<\/p>\n<p><strong>-Zwischensohle<\/strong>: Phylon unterschiedlicher Dichte mit <strong>FOAM REACTIVE<\/strong><\/p>\n<p><strong>-Sohle<\/strong>: Hochbest\u00e4ndiger Gummi <strong>HALTBARKEIT<\/strong><\/p>\n<p><strong>-Stabilit\u00e4t<\/strong>: Hinterer Z\u00e4hler <strong>EXO Counter<\/strong><\/p>\n<p><strong>-Protection<\/strong>: Frontverst\u00e4rkung <strong>PROTECTION<\/strong><\/p>\n<h2>Warum sollten Sie sich f\u00fcr das Open 2528 entscheiden?<\/h2>\n<p>Atmungsaktivit\u00e4t und Komfort zum Spielen ohne Beschwerden<\/p>\n<p>Unterst\u00fctzung und Polsterung, die Ihre Gelenke schonen<\/p>\n<p>Strapazierf\u00e4hige Sohle f\u00fcr sicheren und dauerhaften Halt<\/p>\n<p>Modernes Design, das auf und neben dem Platz auff\u00e4llt<\/p>\n<p><strong>Verpassen Sie nicht die Gelegenheit, Ihr Spiel mit den Open 2528 Men&#8217;s Orange Saffron Shoes zu verbessern.<\/strong> Kaufen Sie jetzt bei <strong><a href=\"https:\/\/www.revolutionpadelstore.com\/\">www.revolutionpadelstore.com<\/a><\/strong>, wahrscheinlich zum <strong>besten Preis auf dem Markt<\/strong>.<\/p>\n<h2>JOMA Open 2528 Hombre \u2013 Naranja Saffron<\/h2>\n","protected":false},"excerpt":{"rendered":"<p>Entdecken Sie die Open 2528 Padel-Schuhe f\u00fcr Herren im auff\u00e4lligen Safran-Orange-Ton. Sie sind f\u00fcr Spieler konzipiert, die auf dem Platz Wert auf Komfort, Stabilit\u00e4t und ein hohes Leistungsniveau legen. Dank der Kombination aus innovativer Technologie und hochwertigen Materialien sorgt dieses Modell f\u00fcr ein au\u00dfergew\u00f6hnliches Spielerlebnis, ideal sowohl f\u00fcr Trainingseinheiten als auch f\u00fcr die anspruchsvollsten Spiele.<\/p>\n","protected":false},"featured_media":267145,"comment_status":"open","ping_status":"closed","template":"","meta":{"_acf_changed":false,"_joinchat":[]},"acabado":[],"balance":[],"dureza":[],"forma":[],"jugador":[],"marca":[1224],"nivel-de-juego":[],"superficie":[],"tipo-de-juego":[],"product_brand":[],"product_cat":[831],"product_tag":[],"class_list":{"0":"post-267186","1":"product","2":"type-product","3":"status-publish","4":"has-post-thumbnail","6":"marca-joma-de","7":"product_cat-turnschuhe","9":"first","10":"outofstock","11":"sale","12":"taxable","13":"shipping-taxable","14":"purchasable","15":"product-type-variable"},"acf":[],"yoast_head":"<!-- This site is optimized with the Yoast SEO plugin v27.3 - https:\/\/yoast.com\/product\/yoast-seo-wordpress\/ -->\n<title>JOMA OPEN MEN 2528 NARANJA - Revolution Padel Store<\/title>\n<meta name=\"description\" content=\"Zapatillas de P\u00e1del Open 2528 para hombre en color naranja saffron con corte transpirable VTS, tecnolog\u00eda SPORTECH, mediasuela FOAM REACTIVE y suela DURABILITY. Cons\u00edguelas al mejor precio en www.revolutionpadelstore.com.\" \/>\n<meta name=\"robots\" content=\"index, follow, max-snippet:-1, max-image-preview:large, max-video-preview:-1\" \/>\n<link rel=\"canonical\" href=\"https:\/\/revolutionpadelstore.com\/de\/produkt\/joma-open-men-2528-naranja-1\/\" \/>\n<meta property=\"og:locale\" content=\"de_DE\" \/>\n<meta property=\"og:type\" content=\"article\" \/>\n<meta property=\"og:title\" content=\"JOMA OPEN MEN 2528 NARANJA - Revolution Padel Store\" \/>\n<meta property=\"og:description\" content=\"Zapatillas de P\u00e1del Open 2528 para hombre en color naranja saffron con corte transpirable VTS, tecnolog\u00eda SPORTECH, mediasuela FOAM REACTIVE y suela DURABILITY. Cons\u00edguelas al mejor precio en www.revolutionpadelstore.com.\" \/>\n<meta property=\"og:url\" content=\"https:\/\/revolutionpadelstore.com\/de\/produkt\/joma-open-men-2528-naranja-1\/\" \/>\n<meta property=\"og:site_name\" content=\"Revolution Padel Store\" \/>\n<meta property=\"article:modified_time\" content=\"2026-03-31T22:54:42+00:00\" \/>\n<meta property=\"og:image\" content=\"https:\/\/revolutionpadelstore.com\/wp-content\/uploads\/2025\/09\/326.png\" \/>\n\t<meta property=\"og:image:width\" content=\"1500\" \/>\n\t<meta property=\"og:image:height\" content=\"1500\" \/>\n\t<meta property=\"og:image:type\" content=\"image\/png\" \/>\n<meta name=\"twitter:card\" content=\"summary_large_image\" \/>\n<meta name=\"twitter:label1\" content=\"Gesch\u00e4tzte Lesezeit\" \/>\n\t<meta name=\"twitter:data1\" content=\"2\u00a0Minuten\" \/>\n<script type=\"application\/ld+json\" class=\"yoast-schema-graph\">{\"@context\":\"https:\\\/\\\/schema.org\",\"@graph\":[{\"@type\":\"WebPage\",\"@id\":\"https:\\\/\\\/revolutionpadelstore.com\\\/de\\\/produkt\\\/joma-open-men-2528-naranja-1\\\/\",\"url\":\"https:\\\/\\\/revolutionpadelstore.com\\\/de\\\/produkt\\\/joma-open-men-2528-naranja-1\\\/\",\"name\":\"JOMA OPEN MEN 2528 NARANJA - Revolution Padel Store\",\"isPartOf\":{\"@id\":\"https:\\\/\\\/revolutionpadelstore.com\\\/de\\\/#website\"},\"primaryImageOfPage\":{\"@id\":\"https:\\\/\\\/revolutionpadelstore.com\\\/de\\\/produkt\\\/joma-open-men-2528-naranja-1\\\/#primaryimage\"},\"image\":{\"@id\":\"https:\\\/\\\/revolutionpadelstore.com\\\/de\\\/produkt\\\/joma-open-men-2528-naranja-1\\\/#primaryimage\"},\"thumbnailUrl\":\"https:\\\/\\\/revolutionpadelstore.com\\\/wp-content\\\/uploads\\\/2025\\\/09\\\/326.png\",\"datePublished\":\"2025-09-01T17:27:10+00:00\",\"dateModified\":\"2026-03-31T22:54:42+00:00\",\"description\":\"Zapatillas de P\u00e1del Open 2528 para hombre en color naranja saffron con corte transpirable VTS, tecnolog\u00eda SPORTECH, mediasuela FOAM REACTIVE y suela DURABILITY. Cons\u00edguelas al mejor precio en www.revolutionpadelstore.com.\",\"breadcrumb\":{\"@id\":\"https:\\\/\\\/revolutionpadelstore.com\\\/de\\\/produkt\\\/joma-open-men-2528-naranja-1\\\/#breadcrumb\"},\"inLanguage\":\"de\",\"potentialAction\":[{\"@type\":\"ReadAction\",\"target\":[\"https:\\\/\\\/revolutionpadelstore.com\\\/de\\\/produkt\\\/joma-open-men-2528-naranja-1\\\/\"]}]},{\"@type\":\"ImageObject\",\"inLanguage\":\"de\",\"@id\":\"https:\\\/\\\/revolutionpadelstore.com\\\/de\\\/produkt\\\/joma-open-men-2528-naranja-1\\\/#primaryimage\",\"url\":\"https:\\\/\\\/revolutionpadelstore.com\\\/wp-content\\\/uploads\\\/2025\\\/09\\\/326.png\",\"contentUrl\":\"https:\\\/\\\/revolutionpadelstore.com\\\/wp-content\\\/uploads\\\/2025\\\/09\\\/326.png\",\"width\":1500,\"height\":1500},{\"@type\":\"BreadcrumbList\",\"@id\":\"https:\\\/\\\/revolutionpadelstore.com\\\/de\\\/produkt\\\/joma-open-men-2528-naranja-1\\\/#breadcrumb\",\"itemListElement\":[{\"@type\":\"ListItem\",\"position\":1,\"name\":\"Portada\",\"item\":\"https:\\\/\\\/revolutionpadelstore.com\\\/de\\\/\"},{\"@type\":\"ListItem\",\"position\":2,\"name\":\"Shop\",\"item\":\"https:\\\/\\\/revolutionpadelstore.com\\\/de\\\/tienda\\\/\"},{\"@type\":\"ListItem\",\"position\":3,\"name\":\"JOMA OPEN MEN 2528 NARANJA\"}]},{\"@type\":\"WebSite\",\"@id\":\"https:\\\/\\\/revolutionpadelstore.com\\\/de\\\/#website\",\"url\":\"https:\\\/\\\/revolutionpadelstore.com\\\/de\\\/\",\"name\":\"Revolution Padel Store\",\"description\":\"\",\"publisher\":{\"@id\":\"https:\\\/\\\/revolutionpadelstore.com\\\/de\\\/#organization\"},\"potentialAction\":[{\"@type\":\"SearchAction\",\"target\":{\"@type\":\"EntryPoint\",\"urlTemplate\":\"https:\\\/\\\/revolutionpadelstore.com\\\/de\\\/?s={search_term_string}\"},\"query-input\":{\"@type\":\"PropertyValueSpecification\",\"valueRequired\":true,\"valueName\":\"search_term_string\"}}],\"inLanguage\":\"de\"},{\"@type\":\"Organization\",\"@id\":\"https:\\\/\\\/revolutionpadelstore.com\\\/de\\\/#organization\",\"name\":\"Revolution Padel Store\",\"url\":\"https:\\\/\\\/revolutionpadelstore.com\\\/de\\\/\",\"logo\":{\"@type\":\"ImageObject\",\"inLanguage\":\"de\",\"@id\":\"https:\\\/\\\/revolutionpadelstore.com\\\/de\\\/#\\\/schema\\\/logo\\\/image\\\/\",\"url\":\"https:\\\/\\\/revolutionpadelstore.com\\\/wp-content\\\/uploads\\\/2026\\\/02\\\/revolution-padel-store.jpg\",\"contentUrl\":\"https:\\\/\\\/revolutionpadelstore.com\\\/wp-content\\\/uploads\\\/2026\\\/02\\\/revolution-padel-store.jpg\",\"width\":2000,\"height\":2000,\"caption\":\"Revolution Padel Store\"},\"image\":{\"@id\":\"https:\\\/\\\/revolutionpadelstore.com\\\/de\\\/#\\\/schema\\\/logo\\\/image\\\/\"},\"sameAs\":[\"https:\\\/\\\/www.instagram.com\\\/revolutionpadelstore\\\/\"]}]}<\/script>\n<!-- \/ Yoast SEO plugin. -->","yoast_head_json":{"title":"JOMA OPEN MEN 2528 NARANJA - Revolution Padel Store","description":"Zapatillas de P\u00e1del Open 2528 para hombre en color naranja saffron con corte transpirable VTS, tecnolog\u00eda SPORTECH, mediasuela FOAM REACTIVE y suela DURABILITY. Cons\u00edguelas al mejor precio en www.revolutionpadelstore.com.","robots":{"index":"index","follow":"follow","max-snippet":"max-snippet:-1","max-image-preview":"max-image-preview:large","max-video-preview":"max-video-preview:-1"},"canonical":"https:\/\/revolutionpadelstore.com\/de\/produkt\/joma-open-men-2528-naranja-1\/","og_locale":"de_DE","og_type":"article","og_title":"JOMA OPEN MEN 2528 NARANJA - Revolution Padel Store","og_description":"Zapatillas de P\u00e1del Open 2528 para hombre en color naranja saffron con corte transpirable VTS, tecnolog\u00eda SPORTECH, mediasuela FOAM REACTIVE y suela DURABILITY. Cons\u00edguelas al mejor precio en www.revolutionpadelstore.com.","og_url":"https:\/\/revolutionpadelstore.com\/de\/produkt\/joma-open-men-2528-naranja-1\/","og_site_name":"Revolution Padel Store","article_modified_time":"2026-03-31T22:54:42+00:00","og_image":[{"width":1500,"height":1500,"url":"https:\/\/revolutionpadelstore.com\/wp-content\/uploads\/2025\/09\/326.png","type":"image\/png"}],"twitter_card":"summary_large_image","twitter_misc":{"Gesch\u00e4tzte Lesezeit":"2\u00a0Minuten"},"schema":{"@context":"https:\/\/schema.org","@graph":[{"@type":"WebPage","@id":"https:\/\/revolutionpadelstore.com\/de\/produkt\/joma-open-men-2528-naranja-1\/","url":"https:\/\/revolutionpadelstore.com\/de\/produkt\/joma-open-men-2528-naranja-1\/","name":"JOMA OPEN MEN 2528 NARANJA - Revolution Padel Store","isPartOf":{"@id":"https:\/\/revolutionpadelstore.com\/de\/#website"},"primaryImageOfPage":{"@id":"https:\/\/revolutionpadelstore.com\/de\/produkt\/joma-open-men-2528-naranja-1\/#primaryimage"},"image":{"@id":"https:\/\/revolutionpadelstore.com\/de\/produkt\/joma-open-men-2528-naranja-1\/#primaryimage"},"thumbnailUrl":"https:\/\/revolutionpadelstore.com\/wp-content\/uploads\/2025\/09\/326.png","datePublished":"2025-09-01T17:27:10+00:00","dateModified":"2026-03-31T22:54:42+00:00","description":"Zapatillas de P\u00e1del Open 2528 para hombre en color naranja saffron con corte transpirable VTS, tecnolog\u00eda SPORTECH, mediasuela FOAM REACTIVE y suela DURABILITY. Cons\u00edguelas al mejor precio en www.revolutionpadelstore.com.","breadcrumb":{"@id":"https:\/\/revolutionpadelstore.com\/de\/produkt\/joma-open-men-2528-naranja-1\/#breadcrumb"},"inLanguage":"de","potentialAction":[{"@type":"ReadAction","target":["https:\/\/revolutionpadelstore.com\/de\/produkt\/joma-open-men-2528-naranja-1\/"]}]},{"@type":"ImageObject","inLanguage":"de","@id":"https:\/\/revolutionpadelstore.com\/de\/produkt\/joma-open-men-2528-naranja-1\/#primaryimage","url":"https:\/\/revolutionpadelstore.com\/wp-content\/uploads\/2025\/09\/326.png","contentUrl":"https:\/\/revolutionpadelstore.com\/wp-content\/uploads\/2025\/09\/326.png","width":1500,"height":1500},{"@type":"BreadcrumbList","@id":"https:\/\/revolutionpadelstore.com\/de\/produkt\/joma-open-men-2528-naranja-1\/#breadcrumb","itemListElement":[{"@type":"ListItem","position":1,"name":"Portada","item":"https:\/\/revolutionpadelstore.com\/de\/"},{"@type":"ListItem","position":2,"name":"Shop","item":"https:\/\/revolutionpadelstore.com\/de\/tienda\/"},{"@type":"ListItem","position":3,"name":"JOMA OPEN MEN 2528 NARANJA"}]},{"@type":"WebSite","@id":"https:\/\/revolutionpadelstore.com\/de\/#website","url":"https:\/\/revolutionpadelstore.com\/de\/","name":"Revolution Padel Store","description":"","publisher":{"@id":"https:\/\/revolutionpadelstore.com\/de\/#organization"},"potentialAction":[{"@type":"SearchAction","target":{"@type":"EntryPoint","urlTemplate":"https:\/\/revolutionpadelstore.com\/de\/?s={search_term_string}"},"query-input":{"@type":"PropertyValueSpecification","valueRequired":true,"valueName":"search_term_string"}}],"inLanguage":"de"},{"@type":"Organization","@id":"https:\/\/revolutionpadelstore.com\/de\/#organization","name":"Revolution Padel Store","url":"https:\/\/revolutionpadelstore.com\/de\/","logo":{"@type":"ImageObject","inLanguage":"de","@id":"https:\/\/revolutionpadelstore.com\/de\/#\/schema\/logo\/image\/","url":"https:\/\/revolutionpadelstore.com\/wp-content\/uploads\/2026\/02\/revolution-padel-store.jpg","contentUrl":"https:\/\/revolutionpadelstore.com\/wp-content\/uploads\/2026\/02\/revolution-padel-store.jpg","width":2000,"height":2000,"caption":"Revolution Padel Store"},"image":{"@id":"https:\/\/revolutionpadelstore.com\/de\/#\/schema\/logo\/image\/"},"sameAs":["https:\/\/www.instagram.com\/revolutionpadelstore\/"]}]}},"_links":{"self":[{"href":"https:\/\/revolutionpadelstore.com\/de\/wp-json\/wp\/v2\/product\/267186","targetHints":{"allow":["GET"]}}],"collection":[{"href":"https:\/\/revolutionpadelstore.com\/de\/wp-json\/wp\/v2\/product"}],"about":[{"href":"https:\/\/revolutionpadelstore.com\/de\/wp-json\/wp\/v2\/types\/product"}],"replies":[{"embeddable":true,"href":"https:\/\/revolutionpadelstore.com\/de\/wp-json\/wp\/v2\/comments?post=267186"}],"wp:featuredmedia":[{"embeddable":true,"href":"https:\/\/revolutionpadelstore.com\/de\/wp-json\/wp\/v2\/media\/267145"}],"wp:attachment":[{"href":"https:\/\/revolutionpadelstore.com\/de\/wp-json\/wp\/v2\/media?parent=267186"}],"wp:term":[{"taxonomy":"acabado","embeddable":true,"href":"https:\/\/revolutionpadelstore.com\/de\/wp-json\/wp\/v2\/acabado?post=267186"},{"taxonomy":"balance","embeddable":true,"href":"https:\/\/revolutionpadelstore.com\/de\/wp-json\/wp\/v2\/balance?post=267186"},{"taxonomy":"dureza","embeddable":true,"href":"https:\/\/revolutionpadelstore.com\/de\/wp-json\/wp\/v2\/dureza?post=267186"},{"taxonomy":"forma","embeddable":true,"href":"https:\/\/revolutionpadelstore.com\/de\/wp-json\/wp\/v2\/forma?post=267186"},{"taxonomy":"jugador","embeddable":true,"href":"https:\/\/revolutionpadelstore.com\/de\/wp-json\/wp\/v2\/jugador?post=267186"},{"taxonomy":"marca","embeddable":true,"href":"https:\/\/revolutionpadelstore.com\/de\/wp-json\/wp\/v2\/marca?post=267186"},{"taxonomy":"nivel-de-juego","embeddable":true,"href":"https:\/\/revolutionpadelstore.com\/de\/wp-json\/wp\/v2\/nivel-de-juego?post=267186"},{"taxonomy":"superficie","embeddable":true,"href":"https:\/\/revolutionpadelstore.com\/de\/wp-json\/wp\/v2\/superficie?post=267186"},{"taxonomy":"tipo-de-juego","embeddable":true,"href":"https:\/\/revolutionpadelstore.com\/de\/wp-json\/wp\/v2\/tipo-de-juego?post=267186"},{"taxonomy":"product_brand","embeddable":true,"href":"https:\/\/revolutionpadelstore.com\/de\/wp-json\/wp\/v2\/product_brand?post=267186"},{"taxonomy":"product_cat","embeddable":true,"href":"https:\/\/revolutionpadelstore.com\/de\/wp-json\/wp\/v2\/product_cat?post=267186"},{"taxonomy":"product_tag","embeddable":true,"href":"https:\/\/revolutionpadelstore.com\/de\/wp-json\/wp\/v2\/product_tag?post=267186"}],"curies":[{"name":"wp","href":"https:\/\/api.w.org\/{rel}","templated":true}]}}