{"id":266374,"date":"2025-08-28T19:28:29","date_gmt":"2025-08-28T17:28:29","guid":{"rendered":"https:\/\/revolutionpadelstore.com\/joma-spin-men-2509-amarillo-fluor\/"},"modified":"2026-04-08T04:00:21","modified_gmt":"2026-04-08T02:00:21","slug":"joma-spin-men-2509-amarillo-fluor-1","status":"publish","type":"product","link":"https:\/\/revolutionpadelstore.com\/de\/produkt\/joma-spin-men-2509-amarillo-fluor-1\/","title":{"rendered":"JOMA SPIN MEN 2509 AMARILLO FL\u00daOR"},"content":{"rendered":"<h2><strong>Joma Spin 2509 Fluorgelb<\/strong><\/h2>\n<p>Die Joma Spin 2509 Fluor Yellow wurden f\u00fcr anspruchsvolle Spieler entwickelt, die professionelle, bequeme Padelschuhe mit Hochleistungstechnologie suchen. Diese von Spielern wie Jos\u00e9 Diestro getesteten Schuhe sind darauf vorbereitet, der Intensit\u00e4t des Padel-Wettkampfs standzuhalten und bieten Stabilit\u00e4t, Beweglichkeit und Komfort bei jedem Spiel.<\/p>\n<h2><strong>Hauptmerkmale:<\/strong><\/h2>\n<p>-Technisches Obermaterial mit VTS-Technologie: atmungsaktives Mesh, das Ihre F\u00fc\u00dfe w\u00e4hrend des Spiels k\u00fchl h\u00e4lt.<\/p>\n<p>-Bequeme und leichte Passform dank des Hei\u00dfsiegelsystems JOMA SPORTECH, das Halt ohne zus\u00e4tzliches Gewicht garantiert.<\/p>\n<p>-Verst\u00e4rkungen mit PROTECTION-Technologie an den am st\u00e4rksten beanspruchten Stellen f\u00fcr l\u00e4ngere Haltbarkeit.<\/p>\n<p>-D\u00e4mpfung und Stabilit\u00e4t durch die flexible Phylon-Zwischensohle und das doppelte STABILIS-System, ideal zum Absorbieren von St\u00f6\u00dfen und zur Aufrechterhaltung des Gleichgewichts.<\/p>\n<p>-Omni DURABILITY-Sohle aus hochfestem Gummi mit kreisf\u00f6rmigen Stollen, die den Grip verbessern und das Gleiten auf harten Oberfl\u00e4chen erleichtern.<\/p>\n<p>Sein fluorgelbes Design bleibt nicht unbemerkt und ist perfekt f\u00fcr alle, die sowohl durch ihren Stil als auch durch ihre Leistung auf der Rennstrecke auffallen m\u00f6chten. Der Joma Spin 2509 vereint Innovation, Leichtigkeit und Schutz und ist ideal f\u00fcr Spieler, die sich schnell, sicher und selbstbewusst bewegen m\u00f6chten.<\/p>\n<h2><strong>Vorteile der Wahl des Joma Spin 2509: <\/strong><\/h2>\n<p>&#8211; Von Paddle-Tennis-Profis getestetes Schuhwerk.<\/p>\n<p>-Hohe Widerstandsf\u00e4higkeit und Komfort bei intensiven Spielen.<\/p>\n<p>-Moderner Stil mit toller Sichtbarkeit.<\/p>\n<p>-Ausgezeichnetes Preis-Leistungs-Verh\u00e4ltnis im Vergleich zu anderen Top-Marken.<\/p>\n<p>Erh\u00e4ltlich in unserem Online-Shop <a href=\"http:\/\/www.revolutionpadelstore.com\/\">www.revolutionpadelstore.com<\/a>, wahrscheinlich zum besten Preis auf dem Markt.<\/p>\n<h2><strong>Joma Spin 2509 Amarillo Fl\u00faor<\/strong><\/p>\n","protected":false},"excerpt":{"rendered":"<p>Die Joma Spin 2509 in Fluorgelb wurden f\u00fcr Spieler entwickelt, die professionelle, bequeme Padelschuhe mit fortschrittlicher Technologie suchen. Basierend auf Tests, die von Spielern wie Jos\u00e9 Diestro durchgef\u00fchrt wurden, garantieren diese Schuhe eine optimale Leistung auf dem Platz und bieten Stabilit\u00e4t, Geschwindigkeit und Komfort auch in den anspruchsvollsten Spielen.<\/p>\n","protected":false},"featured_media":266321,"comment_status":"open","ping_status":"closed","template":"","meta":{"_acf_changed":false,"_joinchat":[]},"acabado":[],"balance":[],"dureza":[],"forma":[],"jugador":[],"marca":[1224],"nivel-de-juego":[],"superficie":[],"tipo-de-juego":[],"product_brand":[],"product_cat":[831],"product_tag":[],"class_list":{"0":"post-266374","1":"product","2":"type-product","3":"status-publish","4":"has-post-thumbnail","6":"marca-joma-de","7":"product_cat-turnschuhe","9":"first","10":"outofstock","11":"sale","12":"taxable","13":"shipping-taxable","14":"purchasable","15":"product-type-variable"},"acf":[],"yoast_head":"<!-- This site is optimized with the Yoast SEO plugin v27.4 - https:\/\/yoast.com\/product\/yoast-seo-wordpress\/ -->\n<title>JOMA SPIN MEN 2509 AMARILLO FL\u00daOR - Revolution Padel Store<\/title>\n<meta name=\"description\" content=\"Zapatillas Joma Spin 2509 Amarillo Fl\u00faor para p\u00e1del profesional: m\u00e1xima amortiguaci\u00f3n, estabilidad y dise\u00f1o vibrante. C\u00f3mpralas ahora en Revolution Padel Store al mejor precio.\" \/>\n<meta name=\"robots\" content=\"index, follow, max-snippet:-1, max-image-preview:large, max-video-preview:-1\" \/>\n<link rel=\"canonical\" href=\"https:\/\/revolutionpadelstore.com\/de\/produkt\/joma-spin-men-2509-amarillo-fluor-1\/\" \/>\n<meta property=\"og:locale\" content=\"de_DE\" \/>\n<meta property=\"og:type\" content=\"article\" \/>\n<meta property=\"og:title\" content=\"JOMA SPIN MEN 2509 AMARILLO FL\u00daOR - Revolution Padel Store\" \/>\n<meta property=\"og:description\" content=\"Zapatillas Joma Spin 2509 Amarillo Fl\u00faor para p\u00e1del profesional: m\u00e1xima amortiguaci\u00f3n, estabilidad y dise\u00f1o vibrante. C\u00f3mpralas ahora en Revolution Padel Store al mejor precio.\" \/>\n<meta property=\"og:url\" content=\"https:\/\/revolutionpadelstore.com\/de\/produkt\/joma-spin-men-2509-amarillo-fluor-1\/\" \/>\n<meta property=\"og:site_name\" content=\"Revolution Padel Store\" \/>\n<meta property=\"article:modified_time\" content=\"2026-04-08T02:00:21+00:00\" \/>\n<meta property=\"og:image\" content=\"https:\/\/revolutionpadelstore.com\/wp-content\/uploads\/2025\/08\/308.png\" \/>\n\t<meta property=\"og:image:width\" content=\"1500\" \/>\n\t<meta property=\"og:image:height\" content=\"1500\" \/>\n\t<meta property=\"og:image:type\" content=\"image\/png\" \/>\n<meta name=\"twitter:card\" content=\"summary_large_image\" \/>\n<meta name=\"twitter:label1\" content=\"Gesch\u00e4tzte Lesezeit\" \/>\n\t<meta name=\"twitter:data1\" content=\"1\u00a0Minute\" \/>\n<script type=\"application\/ld+json\" class=\"yoast-schema-graph\">{\"@context\":\"https:\\\/\\\/schema.org\",\"@graph\":[{\"@type\":\"WebPage\",\"@id\":\"https:\\\/\\\/revolutionpadelstore.com\\\/de\\\/produkt\\\/joma-spin-men-2509-amarillo-fluor-1\\\/\",\"url\":\"https:\\\/\\\/revolutionpadelstore.com\\\/de\\\/produkt\\\/joma-spin-men-2509-amarillo-fluor-1\\\/\",\"name\":\"JOMA SPIN MEN 2509 AMARILLO FL\u00daOR - Revolution Padel Store\",\"isPartOf\":{\"@id\":\"https:\\\/\\\/revolutionpadelstore.com\\\/de\\\/#website\"},\"primaryImageOfPage\":{\"@id\":\"https:\\\/\\\/revolutionpadelstore.com\\\/de\\\/produkt\\\/joma-spin-men-2509-amarillo-fluor-1\\\/#primaryimage\"},\"image\":{\"@id\":\"https:\\\/\\\/revolutionpadelstore.com\\\/de\\\/produkt\\\/joma-spin-men-2509-amarillo-fluor-1\\\/#primaryimage\"},\"thumbnailUrl\":\"https:\\\/\\\/revolutionpadelstore.com\\\/wp-content\\\/uploads\\\/2025\\\/08\\\/308.png\",\"datePublished\":\"2025-08-28T17:28:29+00:00\",\"dateModified\":\"2026-04-08T02:00:21+00:00\",\"description\":\"Zapatillas Joma Spin 2509 Amarillo Fl\u00faor para p\u00e1del profesional: m\u00e1xima amortiguaci\u00f3n, estabilidad y dise\u00f1o vibrante. C\u00f3mpralas ahora en Revolution Padel Store al mejor precio.\",\"breadcrumb\":{\"@id\":\"https:\\\/\\\/revolutionpadelstore.com\\\/de\\\/produkt\\\/joma-spin-men-2509-amarillo-fluor-1\\\/#breadcrumb\"},\"inLanguage\":\"de\",\"potentialAction\":[{\"@type\":\"ReadAction\",\"target\":[\"https:\\\/\\\/revolutionpadelstore.com\\\/de\\\/produkt\\\/joma-spin-men-2509-amarillo-fluor-1\\\/\"]}]},{\"@type\":\"ImageObject\",\"inLanguage\":\"de\",\"@id\":\"https:\\\/\\\/revolutionpadelstore.com\\\/de\\\/produkt\\\/joma-spin-men-2509-amarillo-fluor-1\\\/#primaryimage\",\"url\":\"https:\\\/\\\/revolutionpadelstore.com\\\/wp-content\\\/uploads\\\/2025\\\/08\\\/308.png\",\"contentUrl\":\"https:\\\/\\\/revolutionpadelstore.com\\\/wp-content\\\/uploads\\\/2025\\\/08\\\/308.png\",\"width\":1500,\"height\":1500},{\"@type\":\"BreadcrumbList\",\"@id\":\"https:\\\/\\\/revolutionpadelstore.com\\\/de\\\/produkt\\\/joma-spin-men-2509-amarillo-fluor-1\\\/#breadcrumb\",\"itemListElement\":[{\"@type\":\"ListItem\",\"position\":1,\"name\":\"Portada\",\"item\":\"https:\\\/\\\/revolutionpadelstore.com\\\/de\\\/\"},{\"@type\":\"ListItem\",\"position\":2,\"name\":\"Shop\",\"item\":\"https:\\\/\\\/revolutionpadelstore.com\\\/de\\\/tienda\\\/\"},{\"@type\":\"ListItem\",\"position\":3,\"name\":\"JOMA SPIN MEN 2509 AMARILLO FL\u00daOR\"}]},{\"@type\":\"WebSite\",\"@id\":\"https:\\\/\\\/revolutionpadelstore.com\\\/de\\\/#website\",\"url\":\"https:\\\/\\\/revolutionpadelstore.com\\\/de\\\/\",\"name\":\"Revolution Padel Store\",\"description\":\"\",\"publisher\":{\"@id\":\"https:\\\/\\\/revolutionpadelstore.com\\\/de\\\/#organization\"},\"potentialAction\":[{\"@type\":\"SearchAction\",\"target\":{\"@type\":\"EntryPoint\",\"urlTemplate\":\"https:\\\/\\\/revolutionpadelstore.com\\\/de\\\/?s={search_term_string}\"},\"query-input\":{\"@type\":\"PropertyValueSpecification\",\"valueRequired\":true,\"valueName\":\"search_term_string\"}}],\"inLanguage\":\"de\"},{\"@type\":\"Organization\",\"@id\":\"https:\\\/\\\/revolutionpadelstore.com\\\/de\\\/#organization\",\"name\":\"Revolution Padel Store\",\"url\":\"https:\\\/\\\/revolutionpadelstore.com\\\/de\\\/\",\"logo\":{\"@type\":\"ImageObject\",\"inLanguage\":\"de\",\"@id\":\"https:\\\/\\\/revolutionpadelstore.com\\\/de\\\/#\\\/schema\\\/logo\\\/image\\\/\",\"url\":\"https:\\\/\\\/revolutionpadelstore.com\\\/wp-content\\\/uploads\\\/2026\\\/02\\\/revolution-padel-store.jpg\",\"contentUrl\":\"https:\\\/\\\/revolutionpadelstore.com\\\/wp-content\\\/uploads\\\/2026\\\/02\\\/revolution-padel-store.jpg\",\"width\":2000,\"height\":2000,\"caption\":\"Revolution Padel Store\"},\"image\":{\"@id\":\"https:\\\/\\\/revolutionpadelstore.com\\\/de\\\/#\\\/schema\\\/logo\\\/image\\\/\"},\"sameAs\":[\"https:\\\/\\\/www.instagram.com\\\/revolutionpadelstore\\\/\"]}]}<\/script>\n<!-- \/ Yoast SEO plugin. -->","yoast_head_json":{"title":"JOMA SPIN MEN 2509 AMARILLO FL\u00daOR - Revolution Padel Store","description":"Zapatillas Joma Spin 2509 Amarillo Fl\u00faor para p\u00e1del profesional: m\u00e1xima amortiguaci\u00f3n, estabilidad y dise\u00f1o vibrante. C\u00f3mpralas ahora en Revolution Padel Store al mejor precio.","robots":{"index":"index","follow":"follow","max-snippet":"max-snippet:-1","max-image-preview":"max-image-preview:large","max-video-preview":"max-video-preview:-1"},"canonical":"https:\/\/revolutionpadelstore.com\/de\/produkt\/joma-spin-men-2509-amarillo-fluor-1\/","og_locale":"de_DE","og_type":"article","og_title":"JOMA SPIN MEN 2509 AMARILLO FL\u00daOR - Revolution Padel Store","og_description":"Zapatillas Joma Spin 2509 Amarillo Fl\u00faor para p\u00e1del profesional: m\u00e1xima amortiguaci\u00f3n, estabilidad y dise\u00f1o vibrante. C\u00f3mpralas ahora en Revolution Padel Store al mejor precio.","og_url":"https:\/\/revolutionpadelstore.com\/de\/produkt\/joma-spin-men-2509-amarillo-fluor-1\/","og_site_name":"Revolution Padel Store","article_modified_time":"2026-04-08T02:00:21+00:00","og_image":[{"width":1500,"height":1500,"url":"https:\/\/revolutionpadelstore.com\/wp-content\/uploads\/2025\/08\/308.png","type":"image\/png"}],"twitter_card":"summary_large_image","twitter_misc":{"Gesch\u00e4tzte Lesezeit":"1\u00a0Minute"},"schema":{"@context":"https:\/\/schema.org","@graph":[{"@type":"WebPage","@id":"https:\/\/revolutionpadelstore.com\/de\/produkt\/joma-spin-men-2509-amarillo-fluor-1\/","url":"https:\/\/revolutionpadelstore.com\/de\/produkt\/joma-spin-men-2509-amarillo-fluor-1\/","name":"JOMA SPIN MEN 2509 AMARILLO FL\u00daOR - Revolution Padel Store","isPartOf":{"@id":"https:\/\/revolutionpadelstore.com\/de\/#website"},"primaryImageOfPage":{"@id":"https:\/\/revolutionpadelstore.com\/de\/produkt\/joma-spin-men-2509-amarillo-fluor-1\/#primaryimage"},"image":{"@id":"https:\/\/revolutionpadelstore.com\/de\/produkt\/joma-spin-men-2509-amarillo-fluor-1\/#primaryimage"},"thumbnailUrl":"https:\/\/revolutionpadelstore.com\/wp-content\/uploads\/2025\/08\/308.png","datePublished":"2025-08-28T17:28:29+00:00","dateModified":"2026-04-08T02:00:21+00:00","description":"Zapatillas Joma Spin 2509 Amarillo Fl\u00faor para p\u00e1del profesional: m\u00e1xima amortiguaci\u00f3n, estabilidad y dise\u00f1o vibrante. C\u00f3mpralas ahora en Revolution Padel Store al mejor precio.","breadcrumb":{"@id":"https:\/\/revolutionpadelstore.com\/de\/produkt\/joma-spin-men-2509-amarillo-fluor-1\/#breadcrumb"},"inLanguage":"de","potentialAction":[{"@type":"ReadAction","target":["https:\/\/revolutionpadelstore.com\/de\/produkt\/joma-spin-men-2509-amarillo-fluor-1\/"]}]},{"@type":"ImageObject","inLanguage":"de","@id":"https:\/\/revolutionpadelstore.com\/de\/produkt\/joma-spin-men-2509-amarillo-fluor-1\/#primaryimage","url":"https:\/\/revolutionpadelstore.com\/wp-content\/uploads\/2025\/08\/308.png","contentUrl":"https:\/\/revolutionpadelstore.com\/wp-content\/uploads\/2025\/08\/308.png","width":1500,"height":1500},{"@type":"BreadcrumbList","@id":"https:\/\/revolutionpadelstore.com\/de\/produkt\/joma-spin-men-2509-amarillo-fluor-1\/#breadcrumb","itemListElement":[{"@type":"ListItem","position":1,"name":"Portada","item":"https:\/\/revolutionpadelstore.com\/de\/"},{"@type":"ListItem","position":2,"name":"Shop","item":"https:\/\/revolutionpadelstore.com\/de\/tienda\/"},{"@type":"ListItem","position":3,"name":"JOMA SPIN MEN 2509 AMARILLO FL\u00daOR"}]},{"@type":"WebSite","@id":"https:\/\/revolutionpadelstore.com\/de\/#website","url":"https:\/\/revolutionpadelstore.com\/de\/","name":"Revolution Padel Store","description":"","publisher":{"@id":"https:\/\/revolutionpadelstore.com\/de\/#organization"},"potentialAction":[{"@type":"SearchAction","target":{"@type":"EntryPoint","urlTemplate":"https:\/\/revolutionpadelstore.com\/de\/?s={search_term_string}"},"query-input":{"@type":"PropertyValueSpecification","valueRequired":true,"valueName":"search_term_string"}}],"inLanguage":"de"},{"@type":"Organization","@id":"https:\/\/revolutionpadelstore.com\/de\/#organization","name":"Revolution Padel Store","url":"https:\/\/revolutionpadelstore.com\/de\/","logo":{"@type":"ImageObject","inLanguage":"de","@id":"https:\/\/revolutionpadelstore.com\/de\/#\/schema\/logo\/image\/","url":"https:\/\/revolutionpadelstore.com\/wp-content\/uploads\/2026\/02\/revolution-padel-store.jpg","contentUrl":"https:\/\/revolutionpadelstore.com\/wp-content\/uploads\/2026\/02\/revolution-padel-store.jpg","width":2000,"height":2000,"caption":"Revolution Padel Store"},"image":{"@id":"https:\/\/revolutionpadelstore.com\/de\/#\/schema\/logo\/image\/"},"sameAs":["https:\/\/www.instagram.com\/revolutionpadelstore\/"]}]}},"_links":{"self":[{"href":"https:\/\/revolutionpadelstore.com\/de\/wp-json\/wp\/v2\/product\/266374","targetHints":{"allow":["GET"]}}],"collection":[{"href":"https:\/\/revolutionpadelstore.com\/de\/wp-json\/wp\/v2\/product"}],"about":[{"href":"https:\/\/revolutionpadelstore.com\/de\/wp-json\/wp\/v2\/types\/product"}],"replies":[{"embeddable":true,"href":"https:\/\/revolutionpadelstore.com\/de\/wp-json\/wp\/v2\/comments?post=266374"}],"wp:featuredmedia":[{"embeddable":true,"href":"https:\/\/revolutionpadelstore.com\/de\/wp-json\/wp\/v2\/media\/266321"}],"wp:attachment":[{"href":"https:\/\/revolutionpadelstore.com\/de\/wp-json\/wp\/v2\/media?parent=266374"}],"wp:term":[{"taxonomy":"acabado","embeddable":true,"href":"https:\/\/revolutionpadelstore.com\/de\/wp-json\/wp\/v2\/acabado?post=266374"},{"taxonomy":"balance","embeddable":true,"href":"https:\/\/revolutionpadelstore.com\/de\/wp-json\/wp\/v2\/balance?post=266374"},{"taxonomy":"dureza","embeddable":true,"href":"https:\/\/revolutionpadelstore.com\/de\/wp-json\/wp\/v2\/dureza?post=266374"},{"taxonomy":"forma","embeddable":true,"href":"https:\/\/revolutionpadelstore.com\/de\/wp-json\/wp\/v2\/forma?post=266374"},{"taxonomy":"jugador","embeddable":true,"href":"https:\/\/revolutionpadelstore.com\/de\/wp-json\/wp\/v2\/jugador?post=266374"},{"taxonomy":"marca","embeddable":true,"href":"https:\/\/revolutionpadelstore.com\/de\/wp-json\/wp\/v2\/marca?post=266374"},{"taxonomy":"nivel-de-juego","embeddable":true,"href":"https:\/\/revolutionpadelstore.com\/de\/wp-json\/wp\/v2\/nivel-de-juego?post=266374"},{"taxonomy":"superficie","embeddable":true,"href":"https:\/\/revolutionpadelstore.com\/de\/wp-json\/wp\/v2\/superficie?post=266374"},{"taxonomy":"tipo-de-juego","embeddable":true,"href":"https:\/\/revolutionpadelstore.com\/de\/wp-json\/wp\/v2\/tipo-de-juego?post=266374"},{"taxonomy":"product_brand","embeddable":true,"href":"https:\/\/revolutionpadelstore.com\/de\/wp-json\/wp\/v2\/product_brand?post=266374"},{"taxonomy":"product_cat","embeddable":true,"href":"https:\/\/revolutionpadelstore.com\/de\/wp-json\/wp\/v2\/product_cat?post=266374"},{"taxonomy":"product_tag","embeddable":true,"href":"https:\/\/revolutionpadelstore.com\/de\/wp-json\/wp\/v2\/product_tag?post=266374"}],"curies":[{"name":"wp","href":"https:\/\/api.w.org\/{rel}","templated":true}]}}