{"id":266289,"date":"2025-08-28T15:57:37","date_gmt":"2025-08-28T13:57:37","guid":{"rendered":"https:\/\/revolutionpadelstore.com\/joma-open-men-2503-marino\/"},"modified":"2026-04-08T04:04:07","modified_gmt":"2026-04-08T02:04:07","slug":"joma-open-men-2503-marino-1","status":"publish","type":"product","link":"https:\/\/revolutionpadelstore.com\/de\/produkt\/joma-open-men-2503-marino-1\/","title":{"rendered":"JOMA OPEN MEN 2503 MARINO"},"content":{"rendered":"<h2>JOMA OPEN Men 2503 Navy \u2013 Professionelle Technologie in jedem Schritt<\/h2>\n<p>Der <strong>JOMA OPEN Men 2503 Marino<\/strong> wurde f\u00fcr anspruchsvolle Spieler entwickelt und kombiniert ein modernes Design mit fortschrittlichen Technologien, die <strong>Komfort, Stabilit\u00e4t und Widerstandsf\u00e4higkeit<\/strong> auf dem Platz garantieren. Dieses Modell wurde von Padel-Profis wie Carolina Navarro und Juanlu Esbr\u00ed getestet und gew\u00e4hrleistet eine optimale Leistung bei hochintensiven Spielen.<\/p>\n<h2> Hervorgehobene technische Funktionen<\/h2>\n<p><strong>-Atmungsaktives Obermaterial mit VTS-Technologie<\/strong>: Technisches Mesh mit Perforationen, die eine konstante Bel\u00fcftung erm\u00f6glichen und Ihre F\u00fc\u00dfe trocken und frisch halten.<\/p>\n<p><strong>-Anpassung mit SPORTECH-Hei\u00dfsiegelsystem<\/strong>: Sorgt f\u00fcr pr\u00e4zisen Halt ohne st\u00f6rende N\u00e4hte und verbessert die Bewegungsfreiheit.<\/p>\n<p><strong>-Verst\u00e4rkung im Zehenbereich<\/strong>: Sorgt f\u00fcr zus\u00e4tzliche Strapazierf\u00e4higkeit in den Bereichen mit der h\u00f6chsten Abnutzung, ideal f\u00fcr h\u00e4ufiges Training oder intensive Spiele.<\/p>\n<p><strong>-DUAL REACTIVE Zwischensohle<\/strong>: Mischung aus Phylon und REACTIVE BALL f\u00fcr effektive D\u00e4mpfung und hervorragende Energier\u00fcckgabe.<\/p>\n<p><strong>-Omni-Sohle mit hoher Traktion<\/strong>: Sorgt f\u00fcr festen Halt und erm\u00f6glicht kontrolliertes Gleiten auf harten Oberfl\u00e4chen.<\/p>\n<h2> Hauptvorteile f\u00fcr Padel-Spieler<\/h2>\n<p>-Erweiterte Bel\u00fcftung f\u00fcr anspruchsvolle Spiele<\/p>\n<p>-Ergonomische Passform ohne Druckstellen<\/p>\n<p>-Zus\u00e4tzlicher Schutz in den Aufprallzonen<\/p>\n<p>-Mehr Impuls und Reaktion bei jeder Bewegung<\/p>\n<p>-Zuverl\u00e4ssige Traktion f\u00fcr schnelle Fahrten<\/p>\n<h2>Zusammensetzung des Schuhwerks<\/h2>\n<p><strong>Obermaterial<\/strong>: Technisches Mesh mit hei\u00dfversiegelten Verst\u00e4rkungen<\/p>\n<p><strong>-Zwischensohle<\/strong>: DUAL REACTIVE (Phylon + REACTIVE BALL)<\/p>\n<p><strong>-Sohle<\/strong>: Strapazierf\u00e4higes Gummi mit Omni-Muster<\/p>\n<h2>Holen Sie sich jetzt Ihren JOMA OPEN Men 2503 Navy<\/h2>\n<p>Erh\u00e4ltlich in unserem Online-Shop <strong><a href=\"https:\/\/www.revolutionpadelstore.com\/\">www.revolutionpadelstore.com<\/a><\/strong>, wahrscheinlich zum besten Preis auf dem Markt. Lassen Sie sich diese nicht entgehen und steigern Sie Ihr Spielniveau mit Schuhen, die f\u00fcr Spieler entwickelt wurden, die auf dem Platz ihr Bestes geben.<\/p>\n<h2>JOMA OPEN Men 2503 Marino \u2013 Tecnolog\u00eda profesional en cada paso<\/h2>\n","protected":false},"excerpt":{"rendered":"<p>Die JOMA OPEN Men 2503 Marino wurden f\u00fcr die anspruchsvollsten Spieler entwickelt und kombinieren einen aktuellen Stil mit technologischen Innovationen, die Komfort, Stabilit\u00e4t und Haltbarkeit auf dem Platz bieten.<\/p>\n","protected":false},"featured_media":266083,"comment_status":"open","ping_status":"closed","template":"","meta":{"_acf_changed":false,"_joinchat":[]},"acabado":[],"balance":[],"dureza":[],"forma":[],"jugador":[],"marca":[1224],"nivel-de-juego":[],"superficie":[],"tipo-de-juego":[],"product_brand":[],"product_cat":[831],"product_tag":[],"class_list":{"0":"post-266289","1":"product","2":"type-product","3":"status-publish","4":"has-post-thumbnail","6":"marca-joma-de","7":"product_cat-turnschuhe","9":"first","10":"outofstock","11":"sale","12":"taxable","13":"shipping-taxable","14":"purchasable","15":"product-type-variable"},"acf":[],"yoast_head":"<!-- This site is optimized with the Yoast SEO plugin v27.4 - https:\/\/yoast.com\/product\/yoast-seo-wordpress\/ -->\n<title>JOMA OPEN MEN 2503 MARINO - Revolution Padel Store<\/title>\n<meta name=\"description\" content=\"Compra las JOMA OPEN Men 2503 Marino FW25 en Revolution Padel Store. Zapatillas de p\u00e1del profesionales con amortiguaci\u00f3n DUAL REACTIVE, suela Omni y ventilaci\u00f3n avanzada. \u00a1El mejor precio online!\" \/>\n<meta name=\"robots\" content=\"index, follow, max-snippet:-1, max-image-preview:large, max-video-preview:-1\" \/>\n<link rel=\"canonical\" href=\"https:\/\/revolutionpadelstore.com\/de\/produkt\/joma-open-men-2503-marino-1\/\" \/>\n<meta property=\"og:locale\" content=\"de_DE\" \/>\n<meta property=\"og:type\" content=\"article\" \/>\n<meta property=\"og:title\" content=\"JOMA OPEN MEN 2503 MARINO - Revolution Padel Store\" \/>\n<meta property=\"og:description\" content=\"Compra las JOMA OPEN Men 2503 Marino FW25 en Revolution Padel Store. Zapatillas de p\u00e1del profesionales con amortiguaci\u00f3n DUAL REACTIVE, suela Omni y ventilaci\u00f3n avanzada. \u00a1El mejor precio online!\" \/>\n<meta property=\"og:url\" content=\"https:\/\/revolutionpadelstore.com\/de\/produkt\/joma-open-men-2503-marino-1\/\" \/>\n<meta property=\"og:site_name\" content=\"Revolution Padel Store\" \/>\n<meta property=\"article:modified_time\" content=\"2026-04-08T02:04:07+00:00\" \/>\n<meta property=\"og:image\" content=\"https:\/\/revolutionpadelstore.com\/wp-content\/uploads\/2025\/08\/297.png\" \/>\n\t<meta property=\"og:image:width\" content=\"1500\" \/>\n\t<meta property=\"og:image:height\" content=\"1500\" \/>\n\t<meta property=\"og:image:type\" content=\"image\/png\" \/>\n<meta name=\"twitter:card\" content=\"summary_large_image\" \/>\n<meta name=\"twitter:label1\" content=\"Gesch\u00e4tzte Lesezeit\" \/>\n\t<meta name=\"twitter:data1\" content=\"1\u00a0Minute\" \/>\n<script type=\"application\/ld+json\" class=\"yoast-schema-graph\">{\"@context\":\"https:\\\/\\\/schema.org\",\"@graph\":[{\"@type\":\"WebPage\",\"@id\":\"https:\\\/\\\/revolutionpadelstore.com\\\/de\\\/produkt\\\/joma-open-men-2503-marino-1\\\/\",\"url\":\"https:\\\/\\\/revolutionpadelstore.com\\\/de\\\/produkt\\\/joma-open-men-2503-marino-1\\\/\",\"name\":\"JOMA OPEN MEN 2503 MARINO - Revolution Padel Store\",\"isPartOf\":{\"@id\":\"https:\\\/\\\/revolutionpadelstore.com\\\/de\\\/#website\"},\"primaryImageOfPage\":{\"@id\":\"https:\\\/\\\/revolutionpadelstore.com\\\/de\\\/produkt\\\/joma-open-men-2503-marino-1\\\/#primaryimage\"},\"image\":{\"@id\":\"https:\\\/\\\/revolutionpadelstore.com\\\/de\\\/produkt\\\/joma-open-men-2503-marino-1\\\/#primaryimage\"},\"thumbnailUrl\":\"https:\\\/\\\/revolutionpadelstore.com\\\/wp-content\\\/uploads\\\/2025\\\/08\\\/297.png\",\"datePublished\":\"2025-08-28T13:57:37+00:00\",\"dateModified\":\"2026-04-08T02:04:07+00:00\",\"description\":\"Compra las JOMA OPEN Men 2503 Marino FW25 en Revolution Padel Store. Zapatillas de p\u00e1del profesionales con amortiguaci\u00f3n DUAL REACTIVE, suela Omni y ventilaci\u00f3n avanzada. \u00a1El mejor precio online!\",\"breadcrumb\":{\"@id\":\"https:\\\/\\\/revolutionpadelstore.com\\\/de\\\/produkt\\\/joma-open-men-2503-marino-1\\\/#breadcrumb\"},\"inLanguage\":\"de\",\"potentialAction\":[{\"@type\":\"ReadAction\",\"target\":[\"https:\\\/\\\/revolutionpadelstore.com\\\/de\\\/produkt\\\/joma-open-men-2503-marino-1\\\/\"]}]},{\"@type\":\"ImageObject\",\"inLanguage\":\"de\",\"@id\":\"https:\\\/\\\/revolutionpadelstore.com\\\/de\\\/produkt\\\/joma-open-men-2503-marino-1\\\/#primaryimage\",\"url\":\"https:\\\/\\\/revolutionpadelstore.com\\\/wp-content\\\/uploads\\\/2025\\\/08\\\/297.png\",\"contentUrl\":\"https:\\\/\\\/revolutionpadelstore.com\\\/wp-content\\\/uploads\\\/2025\\\/08\\\/297.png\",\"width\":1500,\"height\":1500},{\"@type\":\"BreadcrumbList\",\"@id\":\"https:\\\/\\\/revolutionpadelstore.com\\\/de\\\/produkt\\\/joma-open-men-2503-marino-1\\\/#breadcrumb\",\"itemListElement\":[{\"@type\":\"ListItem\",\"position\":1,\"name\":\"Portada\",\"item\":\"https:\\\/\\\/revolutionpadelstore.com\\\/de\\\/\"},{\"@type\":\"ListItem\",\"position\":2,\"name\":\"Shop\",\"item\":\"https:\\\/\\\/revolutionpadelstore.com\\\/de\\\/tienda\\\/\"},{\"@type\":\"ListItem\",\"position\":3,\"name\":\"JOMA OPEN MEN 2503 MARINO\"}]},{\"@type\":\"WebSite\",\"@id\":\"https:\\\/\\\/revolutionpadelstore.com\\\/de\\\/#website\",\"url\":\"https:\\\/\\\/revolutionpadelstore.com\\\/de\\\/\",\"name\":\"Revolution Padel Store\",\"description\":\"\",\"publisher\":{\"@id\":\"https:\\\/\\\/revolutionpadelstore.com\\\/de\\\/#organization\"},\"potentialAction\":[{\"@type\":\"SearchAction\",\"target\":{\"@type\":\"EntryPoint\",\"urlTemplate\":\"https:\\\/\\\/revolutionpadelstore.com\\\/de\\\/?s={search_term_string}\"},\"query-input\":{\"@type\":\"PropertyValueSpecification\",\"valueRequired\":true,\"valueName\":\"search_term_string\"}}],\"inLanguage\":\"de\"},{\"@type\":\"Organization\",\"@id\":\"https:\\\/\\\/revolutionpadelstore.com\\\/de\\\/#organization\",\"name\":\"Revolution Padel Store\",\"url\":\"https:\\\/\\\/revolutionpadelstore.com\\\/de\\\/\",\"logo\":{\"@type\":\"ImageObject\",\"inLanguage\":\"de\",\"@id\":\"https:\\\/\\\/revolutionpadelstore.com\\\/de\\\/#\\\/schema\\\/logo\\\/image\\\/\",\"url\":\"https:\\\/\\\/revolutionpadelstore.com\\\/wp-content\\\/uploads\\\/2026\\\/02\\\/revolution-padel-store.jpg\",\"contentUrl\":\"https:\\\/\\\/revolutionpadelstore.com\\\/wp-content\\\/uploads\\\/2026\\\/02\\\/revolution-padel-store.jpg\",\"width\":2000,\"height\":2000,\"caption\":\"Revolution Padel Store\"},\"image\":{\"@id\":\"https:\\\/\\\/revolutionpadelstore.com\\\/de\\\/#\\\/schema\\\/logo\\\/image\\\/\"},\"sameAs\":[\"https:\\\/\\\/www.instagram.com\\\/revolutionpadelstore\\\/\"]}]}<\/script>\n<!-- \/ Yoast SEO plugin. -->","yoast_head_json":{"title":"JOMA OPEN MEN 2503 MARINO - Revolution Padel Store","description":"Compra las JOMA OPEN Men 2503 Marino FW25 en Revolution Padel Store. Zapatillas de p\u00e1del profesionales con amortiguaci\u00f3n DUAL REACTIVE, suela Omni y ventilaci\u00f3n avanzada. \u00a1El mejor precio online!","robots":{"index":"index","follow":"follow","max-snippet":"max-snippet:-1","max-image-preview":"max-image-preview:large","max-video-preview":"max-video-preview:-1"},"canonical":"https:\/\/revolutionpadelstore.com\/de\/produkt\/joma-open-men-2503-marino-1\/","og_locale":"de_DE","og_type":"article","og_title":"JOMA OPEN MEN 2503 MARINO - Revolution Padel Store","og_description":"Compra las JOMA OPEN Men 2503 Marino FW25 en Revolution Padel Store. Zapatillas de p\u00e1del profesionales con amortiguaci\u00f3n DUAL REACTIVE, suela Omni y ventilaci\u00f3n avanzada. \u00a1El mejor precio online!","og_url":"https:\/\/revolutionpadelstore.com\/de\/produkt\/joma-open-men-2503-marino-1\/","og_site_name":"Revolution Padel Store","article_modified_time":"2026-04-08T02:04:07+00:00","og_image":[{"width":1500,"height":1500,"url":"https:\/\/revolutionpadelstore.com\/wp-content\/uploads\/2025\/08\/297.png","type":"image\/png"}],"twitter_card":"summary_large_image","twitter_misc":{"Gesch\u00e4tzte Lesezeit":"1\u00a0Minute"},"schema":{"@context":"https:\/\/schema.org","@graph":[{"@type":"WebPage","@id":"https:\/\/revolutionpadelstore.com\/de\/produkt\/joma-open-men-2503-marino-1\/","url":"https:\/\/revolutionpadelstore.com\/de\/produkt\/joma-open-men-2503-marino-1\/","name":"JOMA OPEN MEN 2503 MARINO - Revolution Padel Store","isPartOf":{"@id":"https:\/\/revolutionpadelstore.com\/de\/#website"},"primaryImageOfPage":{"@id":"https:\/\/revolutionpadelstore.com\/de\/produkt\/joma-open-men-2503-marino-1\/#primaryimage"},"image":{"@id":"https:\/\/revolutionpadelstore.com\/de\/produkt\/joma-open-men-2503-marino-1\/#primaryimage"},"thumbnailUrl":"https:\/\/revolutionpadelstore.com\/wp-content\/uploads\/2025\/08\/297.png","datePublished":"2025-08-28T13:57:37+00:00","dateModified":"2026-04-08T02:04:07+00:00","description":"Compra las JOMA OPEN Men 2503 Marino FW25 en Revolution Padel Store. Zapatillas de p\u00e1del profesionales con amortiguaci\u00f3n DUAL REACTIVE, suela Omni y ventilaci\u00f3n avanzada. \u00a1El mejor precio online!","breadcrumb":{"@id":"https:\/\/revolutionpadelstore.com\/de\/produkt\/joma-open-men-2503-marino-1\/#breadcrumb"},"inLanguage":"de","potentialAction":[{"@type":"ReadAction","target":["https:\/\/revolutionpadelstore.com\/de\/produkt\/joma-open-men-2503-marino-1\/"]}]},{"@type":"ImageObject","inLanguage":"de","@id":"https:\/\/revolutionpadelstore.com\/de\/produkt\/joma-open-men-2503-marino-1\/#primaryimage","url":"https:\/\/revolutionpadelstore.com\/wp-content\/uploads\/2025\/08\/297.png","contentUrl":"https:\/\/revolutionpadelstore.com\/wp-content\/uploads\/2025\/08\/297.png","width":1500,"height":1500},{"@type":"BreadcrumbList","@id":"https:\/\/revolutionpadelstore.com\/de\/produkt\/joma-open-men-2503-marino-1\/#breadcrumb","itemListElement":[{"@type":"ListItem","position":1,"name":"Portada","item":"https:\/\/revolutionpadelstore.com\/de\/"},{"@type":"ListItem","position":2,"name":"Shop","item":"https:\/\/revolutionpadelstore.com\/de\/tienda\/"},{"@type":"ListItem","position":3,"name":"JOMA OPEN MEN 2503 MARINO"}]},{"@type":"WebSite","@id":"https:\/\/revolutionpadelstore.com\/de\/#website","url":"https:\/\/revolutionpadelstore.com\/de\/","name":"Revolution Padel Store","description":"","publisher":{"@id":"https:\/\/revolutionpadelstore.com\/de\/#organization"},"potentialAction":[{"@type":"SearchAction","target":{"@type":"EntryPoint","urlTemplate":"https:\/\/revolutionpadelstore.com\/de\/?s={search_term_string}"},"query-input":{"@type":"PropertyValueSpecification","valueRequired":true,"valueName":"search_term_string"}}],"inLanguage":"de"},{"@type":"Organization","@id":"https:\/\/revolutionpadelstore.com\/de\/#organization","name":"Revolution Padel Store","url":"https:\/\/revolutionpadelstore.com\/de\/","logo":{"@type":"ImageObject","inLanguage":"de","@id":"https:\/\/revolutionpadelstore.com\/de\/#\/schema\/logo\/image\/","url":"https:\/\/revolutionpadelstore.com\/wp-content\/uploads\/2026\/02\/revolution-padel-store.jpg","contentUrl":"https:\/\/revolutionpadelstore.com\/wp-content\/uploads\/2026\/02\/revolution-padel-store.jpg","width":2000,"height":2000,"caption":"Revolution Padel Store"},"image":{"@id":"https:\/\/revolutionpadelstore.com\/de\/#\/schema\/logo\/image\/"},"sameAs":["https:\/\/www.instagram.com\/revolutionpadelstore\/"]}]}},"_links":{"self":[{"href":"https:\/\/revolutionpadelstore.com\/de\/wp-json\/wp\/v2\/product\/266289","targetHints":{"allow":["GET"]}}],"collection":[{"href":"https:\/\/revolutionpadelstore.com\/de\/wp-json\/wp\/v2\/product"}],"about":[{"href":"https:\/\/revolutionpadelstore.com\/de\/wp-json\/wp\/v2\/types\/product"}],"replies":[{"embeddable":true,"href":"https:\/\/revolutionpadelstore.com\/de\/wp-json\/wp\/v2\/comments?post=266289"}],"wp:featuredmedia":[{"embeddable":true,"href":"https:\/\/revolutionpadelstore.com\/de\/wp-json\/wp\/v2\/media\/266083"}],"wp:attachment":[{"href":"https:\/\/revolutionpadelstore.com\/de\/wp-json\/wp\/v2\/media?parent=266289"}],"wp:term":[{"taxonomy":"acabado","embeddable":true,"href":"https:\/\/revolutionpadelstore.com\/de\/wp-json\/wp\/v2\/acabado?post=266289"},{"taxonomy":"balance","embeddable":true,"href":"https:\/\/revolutionpadelstore.com\/de\/wp-json\/wp\/v2\/balance?post=266289"},{"taxonomy":"dureza","embeddable":true,"href":"https:\/\/revolutionpadelstore.com\/de\/wp-json\/wp\/v2\/dureza?post=266289"},{"taxonomy":"forma","embeddable":true,"href":"https:\/\/revolutionpadelstore.com\/de\/wp-json\/wp\/v2\/forma?post=266289"},{"taxonomy":"jugador","embeddable":true,"href":"https:\/\/revolutionpadelstore.com\/de\/wp-json\/wp\/v2\/jugador?post=266289"},{"taxonomy":"marca","embeddable":true,"href":"https:\/\/revolutionpadelstore.com\/de\/wp-json\/wp\/v2\/marca?post=266289"},{"taxonomy":"nivel-de-juego","embeddable":true,"href":"https:\/\/revolutionpadelstore.com\/de\/wp-json\/wp\/v2\/nivel-de-juego?post=266289"},{"taxonomy":"superficie","embeddable":true,"href":"https:\/\/revolutionpadelstore.com\/de\/wp-json\/wp\/v2\/superficie?post=266289"},{"taxonomy":"tipo-de-juego","embeddable":true,"href":"https:\/\/revolutionpadelstore.com\/de\/wp-json\/wp\/v2\/tipo-de-juego?post=266289"},{"taxonomy":"product_brand","embeddable":true,"href":"https:\/\/revolutionpadelstore.com\/de\/wp-json\/wp\/v2\/product_brand?post=266289"},{"taxonomy":"product_cat","embeddable":true,"href":"https:\/\/revolutionpadelstore.com\/de\/wp-json\/wp\/v2\/product_cat?post=266289"},{"taxonomy":"product_tag","embeddable":true,"href":"https:\/\/revolutionpadelstore.com\/de\/wp-json\/wp\/v2\/product_tag?post=266289"}],"curies":[{"name":"wp","href":"https:\/\/api.w.org\/{rel}","templated":true}]}}