{"id":266254,"date":"2025-08-28T18:33:17","date_gmt":"2025-08-28T16:33:17","guid":{"rendered":"https:\/\/revolutionpadelstore.com\/joma-spin-men-2531-blanco\/"},"modified":"2026-04-08T04:01:38","modified_gmt":"2026-04-08T02:01:38","slug":"joma-spin-men-2531-blanco-1","status":"publish","type":"product","link":"https:\/\/revolutionpadelstore.com\/de\/produkt\/joma-spin-men-2531-blanco-1\/","title":{"rendered":"JOMA SPIN MEN 2531 BLANCO"},"content":{"rendered":"<h2>Joma Spin 2531 White Men \u2013 Hohe Leistung und Komfort in jedem Punkt<\/h2>\n<p>Die <strong>Spin 2531 Padelschuhe f\u00fcr Herren<\/strong> sind die ideale Option f\u00fcr anspruchsvolle Spieler, die auf der Suche nach <strong>maximaler Leistung, Haltbarkeit und Komfort auf dem Platz<\/strong> sind. Diese Schuhe wurden mit fortschrittlichen Technologien und hochwertigen Materialien entwickelt und zeichnen sich durch hervorragende Bel\u00fcftung, Stabilit\u00e4t und Verschlei\u00dffestigkeit in einem modernen und attraktiven Design aus.<\/p>\n<h2>Hauptmerkmale<\/h2>\n<p><strong>-VTS atmungsaktives Mesh-Obermaterial und SPORTTECH-Technologie<\/strong><br \/>\nEs bietet hervorragende Bel\u00fcftung und anatomische Passform und h\u00e4lt Ihre F\u00fc\u00dfe auch bei den intensivsten Spielen k\u00fchl und bequem.<\/p>\n<p><strong>-Phylon-Zwischensohle mit STABILIS-System<\/strong><br \/>\nEs bietet leichte D\u00e4mpfung und hervorragende Stabilit\u00e4t bei seitlichen Bewegungen, ideal f\u00fcr explosive Bewegungen auf dem Platz.<\/p>\n<p><strong>-Hochfeste Sohle mit DURABILITY-Technologie<\/strong><br \/>\nEs verbessert die Traktion und verl\u00e4ngert die Nutzungsdauer des Schuhwerks dank seines \u00e4u\u00dferst haltbaren Gummis, perfekt f\u00fcr abrasive Oberfl\u00e4chen wie Paddle-Tennis.<\/p>\n<p><strong>-PROTECTION Seitenverst\u00e4rkung<\/strong><br \/>\nEs verst\u00e4rkt die am st\u00e4rksten beanspruchten Bereiche und bietet zus\u00e4tzlichen Schutz bei aggressiven Bewegungen und schnellen Kurven.<\/p>\n<p><strong>-Spitzenverschlusssystem<\/strong><br \/>\nGew\u00e4hrleistet eine individuelle, feste Passform, um ein Verrutschen w\u00e4hrend des Spiels zu verhindern.<\/p>\n<h2>Vorteile f\u00fcr den Spieler<\/h2>\n<p>-\u00dcberragende Leistung auf Padelpl\u00e4tzen dank hervorragender Unterst\u00fctzung und Griffigkeit.<\/p>\n<p>-H\u00f6here Haltbarkeit gegen\u00fcber der typischen Abnutzung beim Padel-Tennis.<\/p>\n<p>-Thermischer Komfort und Atmungsaktivit\u00e4t auch bei langen Spielen.<\/p>\n<p>-Ideal f\u00fcr Spieler mittleren bis fortgeschrittenen Niveaus, die Wert auf Qualit\u00e4t und Komfort ihrer Ausr\u00fcstung legen.<\/p>\n<h2>Technische Daten<\/h2>\n<p><strong>Leistung:<\/strong> Hoch\/Konkurrenz<\/p>\n<p><strong>Materialien:<\/strong> Technisches Netz, Phylon, widerstandsf\u00e4higes Gummi<\/p>\n<p><strong>Technologien:<\/strong> VTS, SPORTECH, STABILIS, HALTBARKEIT, SCHUTZ<\/p>\n<p><strong>Verschluss:<\/strong> Schn\u00fcrsenkel<\/p>\n<p><strong>Farbe:<\/strong> Wei\u00df<\/p>\n<p><strong>Geschlecht:<\/strong> M\u00e4nnlich<\/p>\n<h2>Bleiben Sie nicht ohne sie<\/h2>\n<p>Ganz gleich, ob Sie ein regelm\u00e4\u00dfiger Spieler oder ein Amateur sind, der sein Spiel verbessern m\u00f6chte, die <strong>Spin 2531<\/strong>-Schuhe bieten Ihnen die perfekte Balance zwischen Technologie, Design und Haltbarkeit.<\/p>\n<p><strong>Bestellen Sie jetzt Ihre Bestellung und genie\u00dfen Sie die beste Padel-Ausr\u00fcstung<\/strong> in unserem Online-Shop:<br \/>\n<a href=\"https:\/\/www.revolutionpadelstore.com\/\">www.revolutionpadelstore.com<\/a> \u2013 <em>wahrscheinlich zum besten Preis auf dem Markt.<\/em><\/p>\n","protected":false},"excerpt":{"rendered":"<p>Die Spin 2531 Padelschuhe f\u00fcr Herren sind f\u00fcr Spieler konzipiert, die w\u00e4hrend des Spiels hohe Leistung, Widerstandsf\u00e4higkeit und Komfort suchen. Sie bestehen aus hochwertigen Materialien und fortschrittlicher Technologie und bieten hervorragende Atmungsaktivit\u00e4t, Stabilit\u00e4t und Haltbarkeit sowie ein aktuelles und attraktives Design.<\/p>\n","protected":false},"featured_media":266213,"comment_status":"open","ping_status":"closed","template":"","meta":{"_acf_changed":false,"_joinchat":[]},"acabado":[],"balance":[],"dureza":[],"forma":[],"jugador":[],"marca":[1224],"nivel-de-juego":[],"superficie":[],"tipo-de-juego":[],"product_brand":[],"product_cat":[831],"product_tag":[],"class_list":{"0":"post-266254","1":"product","2":"type-product","3":"status-publish","4":"has-post-thumbnail","6":"marca-joma-de","7":"product_cat-turnschuhe","9":"first","10":"outofstock","11":"sale","12":"taxable","13":"shipping-taxable","14":"purchasable","15":"product-type-variable"},"acf":[],"yoast_head":"<!-- This site is optimized with the Yoast SEO plugin v27.4 - https:\/\/yoast.com\/product\/yoast-seo-wordpress\/ -->\n<title>JOMA SPIN MEN 2531 BLANCO - Revolution Padel Store<\/title>\n<meta name=\"description\" content=\"Compra las zapatillas de p\u00e1del Spin 2531 blancas para hombre con tecnolog\u00eda VTS, STABILIS y DURABILITY. Comodidad, agarre y rendimiento superior en Revolution Padel Store.\" \/>\n<meta name=\"robots\" content=\"index, follow, max-snippet:-1, max-image-preview:large, max-video-preview:-1\" \/>\n<link rel=\"canonical\" href=\"https:\/\/revolutionpadelstore.com\/de\/produkt\/joma-spin-men-2531-blanco-1\/\" \/>\n<meta property=\"og:locale\" content=\"de_DE\" \/>\n<meta property=\"og:type\" content=\"article\" \/>\n<meta property=\"og:title\" content=\"JOMA SPIN MEN 2531 BLANCO - Revolution Padel Store\" \/>\n<meta property=\"og:description\" content=\"Compra las zapatillas de p\u00e1del Spin 2531 blancas para hombre con tecnolog\u00eda VTS, STABILIS y DURABILITY. Comodidad, agarre y rendimiento superior en Revolution Padel Store.\" \/>\n<meta property=\"og:url\" content=\"https:\/\/revolutionpadelstore.com\/de\/produkt\/joma-spin-men-2531-blanco-1\/\" \/>\n<meta property=\"og:site_name\" content=\"Revolution Padel Store\" \/>\n<meta property=\"article:modified_time\" content=\"2026-04-08T02:01:38+00:00\" \/>\n<meta property=\"og:image\" content=\"https:\/\/revolutionpadelstore.com\/wp-content\/uploads\/2025\/08\/303.png\" \/>\n\t<meta property=\"og:image:width\" content=\"1500\" \/>\n\t<meta property=\"og:image:height\" content=\"1500\" \/>\n\t<meta property=\"og:image:type\" content=\"image\/png\" \/>\n<meta name=\"twitter:card\" content=\"summary_large_image\" \/>\n<meta name=\"twitter:label1\" content=\"Gesch\u00e4tzte Lesezeit\" \/>\n\t<meta name=\"twitter:data1\" content=\"2\u00a0Minuten\" \/>\n<script type=\"application\/ld+json\" class=\"yoast-schema-graph\">{\"@context\":\"https:\\\/\\\/schema.org\",\"@graph\":[{\"@type\":\"WebPage\",\"@id\":\"https:\\\/\\\/revolutionpadelstore.com\\\/de\\\/produkt\\\/joma-spin-men-2531-blanco-1\\\/\",\"url\":\"https:\\\/\\\/revolutionpadelstore.com\\\/de\\\/produkt\\\/joma-spin-men-2531-blanco-1\\\/\",\"name\":\"JOMA SPIN MEN 2531 BLANCO - Revolution Padel Store\",\"isPartOf\":{\"@id\":\"https:\\\/\\\/revolutionpadelstore.com\\\/de\\\/#website\"},\"primaryImageOfPage\":{\"@id\":\"https:\\\/\\\/revolutionpadelstore.com\\\/de\\\/produkt\\\/joma-spin-men-2531-blanco-1\\\/#primaryimage\"},\"image\":{\"@id\":\"https:\\\/\\\/revolutionpadelstore.com\\\/de\\\/produkt\\\/joma-spin-men-2531-blanco-1\\\/#primaryimage\"},\"thumbnailUrl\":\"https:\\\/\\\/revolutionpadelstore.com\\\/wp-content\\\/uploads\\\/2025\\\/08\\\/303.png\",\"datePublished\":\"2025-08-28T16:33:17+00:00\",\"dateModified\":\"2026-04-08T02:01:38+00:00\",\"description\":\"Compra las zapatillas de p\u00e1del Spin 2531 blancas para hombre con tecnolog\u00eda VTS, STABILIS y DURABILITY. Comodidad, agarre y rendimiento superior en Revolution Padel Store.\",\"breadcrumb\":{\"@id\":\"https:\\\/\\\/revolutionpadelstore.com\\\/de\\\/produkt\\\/joma-spin-men-2531-blanco-1\\\/#breadcrumb\"},\"inLanguage\":\"de\",\"potentialAction\":[{\"@type\":\"ReadAction\",\"target\":[\"https:\\\/\\\/revolutionpadelstore.com\\\/de\\\/produkt\\\/joma-spin-men-2531-blanco-1\\\/\"]}]},{\"@type\":\"ImageObject\",\"inLanguage\":\"de\",\"@id\":\"https:\\\/\\\/revolutionpadelstore.com\\\/de\\\/produkt\\\/joma-spin-men-2531-blanco-1\\\/#primaryimage\",\"url\":\"https:\\\/\\\/revolutionpadelstore.com\\\/wp-content\\\/uploads\\\/2025\\\/08\\\/303.png\",\"contentUrl\":\"https:\\\/\\\/revolutionpadelstore.com\\\/wp-content\\\/uploads\\\/2025\\\/08\\\/303.png\",\"width\":1500,\"height\":1500},{\"@type\":\"BreadcrumbList\",\"@id\":\"https:\\\/\\\/revolutionpadelstore.com\\\/de\\\/produkt\\\/joma-spin-men-2531-blanco-1\\\/#breadcrumb\",\"itemListElement\":[{\"@type\":\"ListItem\",\"position\":1,\"name\":\"Portada\",\"item\":\"https:\\\/\\\/revolutionpadelstore.com\\\/de\\\/\"},{\"@type\":\"ListItem\",\"position\":2,\"name\":\"Shop\",\"item\":\"https:\\\/\\\/revolutionpadelstore.com\\\/de\\\/tienda\\\/\"},{\"@type\":\"ListItem\",\"position\":3,\"name\":\"JOMA SPIN MEN 2531 BLANCO\"}]},{\"@type\":\"WebSite\",\"@id\":\"https:\\\/\\\/revolutionpadelstore.com\\\/de\\\/#website\",\"url\":\"https:\\\/\\\/revolutionpadelstore.com\\\/de\\\/\",\"name\":\"Revolution Padel Store\",\"description\":\"\",\"publisher\":{\"@id\":\"https:\\\/\\\/revolutionpadelstore.com\\\/de\\\/#organization\"},\"potentialAction\":[{\"@type\":\"SearchAction\",\"target\":{\"@type\":\"EntryPoint\",\"urlTemplate\":\"https:\\\/\\\/revolutionpadelstore.com\\\/de\\\/?s={search_term_string}\"},\"query-input\":{\"@type\":\"PropertyValueSpecification\",\"valueRequired\":true,\"valueName\":\"search_term_string\"}}],\"inLanguage\":\"de\"},{\"@type\":\"Organization\",\"@id\":\"https:\\\/\\\/revolutionpadelstore.com\\\/de\\\/#organization\",\"name\":\"Revolution Padel Store\",\"url\":\"https:\\\/\\\/revolutionpadelstore.com\\\/de\\\/\",\"logo\":{\"@type\":\"ImageObject\",\"inLanguage\":\"de\",\"@id\":\"https:\\\/\\\/revolutionpadelstore.com\\\/de\\\/#\\\/schema\\\/logo\\\/image\\\/\",\"url\":\"https:\\\/\\\/revolutionpadelstore.com\\\/wp-content\\\/uploads\\\/2026\\\/02\\\/revolution-padel-store.jpg\",\"contentUrl\":\"https:\\\/\\\/revolutionpadelstore.com\\\/wp-content\\\/uploads\\\/2026\\\/02\\\/revolution-padel-store.jpg\",\"width\":2000,\"height\":2000,\"caption\":\"Revolution Padel Store\"},\"image\":{\"@id\":\"https:\\\/\\\/revolutionpadelstore.com\\\/de\\\/#\\\/schema\\\/logo\\\/image\\\/\"},\"sameAs\":[\"https:\\\/\\\/www.instagram.com\\\/revolutionpadelstore\\\/\"]}]}<\/script>\n<!-- \/ Yoast SEO plugin. -->","yoast_head_json":{"title":"JOMA SPIN MEN 2531 BLANCO - Revolution Padel Store","description":"Compra las zapatillas de p\u00e1del Spin 2531 blancas para hombre con tecnolog\u00eda VTS, STABILIS y DURABILITY. Comodidad, agarre y rendimiento superior en Revolution Padel Store.","robots":{"index":"index","follow":"follow","max-snippet":"max-snippet:-1","max-image-preview":"max-image-preview:large","max-video-preview":"max-video-preview:-1"},"canonical":"https:\/\/revolutionpadelstore.com\/de\/produkt\/joma-spin-men-2531-blanco-1\/","og_locale":"de_DE","og_type":"article","og_title":"JOMA SPIN MEN 2531 BLANCO - Revolution Padel Store","og_description":"Compra las zapatillas de p\u00e1del Spin 2531 blancas para hombre con tecnolog\u00eda VTS, STABILIS y DURABILITY. Comodidad, agarre y rendimiento superior en Revolution Padel Store.","og_url":"https:\/\/revolutionpadelstore.com\/de\/produkt\/joma-spin-men-2531-blanco-1\/","og_site_name":"Revolution Padel Store","article_modified_time":"2026-04-08T02:01:38+00:00","og_image":[{"width":1500,"height":1500,"url":"https:\/\/revolutionpadelstore.com\/wp-content\/uploads\/2025\/08\/303.png","type":"image\/png"}],"twitter_card":"summary_large_image","twitter_misc":{"Gesch\u00e4tzte Lesezeit":"2\u00a0Minuten"},"schema":{"@context":"https:\/\/schema.org","@graph":[{"@type":"WebPage","@id":"https:\/\/revolutionpadelstore.com\/de\/produkt\/joma-spin-men-2531-blanco-1\/","url":"https:\/\/revolutionpadelstore.com\/de\/produkt\/joma-spin-men-2531-blanco-1\/","name":"JOMA SPIN MEN 2531 BLANCO - Revolution Padel Store","isPartOf":{"@id":"https:\/\/revolutionpadelstore.com\/de\/#website"},"primaryImageOfPage":{"@id":"https:\/\/revolutionpadelstore.com\/de\/produkt\/joma-spin-men-2531-blanco-1\/#primaryimage"},"image":{"@id":"https:\/\/revolutionpadelstore.com\/de\/produkt\/joma-spin-men-2531-blanco-1\/#primaryimage"},"thumbnailUrl":"https:\/\/revolutionpadelstore.com\/wp-content\/uploads\/2025\/08\/303.png","datePublished":"2025-08-28T16:33:17+00:00","dateModified":"2026-04-08T02:01:38+00:00","description":"Compra las zapatillas de p\u00e1del Spin 2531 blancas para hombre con tecnolog\u00eda VTS, STABILIS y DURABILITY. Comodidad, agarre y rendimiento superior en Revolution Padel Store.","breadcrumb":{"@id":"https:\/\/revolutionpadelstore.com\/de\/produkt\/joma-spin-men-2531-blanco-1\/#breadcrumb"},"inLanguage":"de","potentialAction":[{"@type":"ReadAction","target":["https:\/\/revolutionpadelstore.com\/de\/produkt\/joma-spin-men-2531-blanco-1\/"]}]},{"@type":"ImageObject","inLanguage":"de","@id":"https:\/\/revolutionpadelstore.com\/de\/produkt\/joma-spin-men-2531-blanco-1\/#primaryimage","url":"https:\/\/revolutionpadelstore.com\/wp-content\/uploads\/2025\/08\/303.png","contentUrl":"https:\/\/revolutionpadelstore.com\/wp-content\/uploads\/2025\/08\/303.png","width":1500,"height":1500},{"@type":"BreadcrumbList","@id":"https:\/\/revolutionpadelstore.com\/de\/produkt\/joma-spin-men-2531-blanco-1\/#breadcrumb","itemListElement":[{"@type":"ListItem","position":1,"name":"Portada","item":"https:\/\/revolutionpadelstore.com\/de\/"},{"@type":"ListItem","position":2,"name":"Shop","item":"https:\/\/revolutionpadelstore.com\/de\/tienda\/"},{"@type":"ListItem","position":3,"name":"JOMA SPIN MEN 2531 BLANCO"}]},{"@type":"WebSite","@id":"https:\/\/revolutionpadelstore.com\/de\/#website","url":"https:\/\/revolutionpadelstore.com\/de\/","name":"Revolution Padel Store","description":"","publisher":{"@id":"https:\/\/revolutionpadelstore.com\/de\/#organization"},"potentialAction":[{"@type":"SearchAction","target":{"@type":"EntryPoint","urlTemplate":"https:\/\/revolutionpadelstore.com\/de\/?s={search_term_string}"},"query-input":{"@type":"PropertyValueSpecification","valueRequired":true,"valueName":"search_term_string"}}],"inLanguage":"de"},{"@type":"Organization","@id":"https:\/\/revolutionpadelstore.com\/de\/#organization","name":"Revolution Padel Store","url":"https:\/\/revolutionpadelstore.com\/de\/","logo":{"@type":"ImageObject","inLanguage":"de","@id":"https:\/\/revolutionpadelstore.com\/de\/#\/schema\/logo\/image\/","url":"https:\/\/revolutionpadelstore.com\/wp-content\/uploads\/2026\/02\/revolution-padel-store.jpg","contentUrl":"https:\/\/revolutionpadelstore.com\/wp-content\/uploads\/2026\/02\/revolution-padel-store.jpg","width":2000,"height":2000,"caption":"Revolution Padel Store"},"image":{"@id":"https:\/\/revolutionpadelstore.com\/de\/#\/schema\/logo\/image\/"},"sameAs":["https:\/\/www.instagram.com\/revolutionpadelstore\/"]}]}},"_links":{"self":[{"href":"https:\/\/revolutionpadelstore.com\/de\/wp-json\/wp\/v2\/product\/266254","targetHints":{"allow":["GET"]}}],"collection":[{"href":"https:\/\/revolutionpadelstore.com\/de\/wp-json\/wp\/v2\/product"}],"about":[{"href":"https:\/\/revolutionpadelstore.com\/de\/wp-json\/wp\/v2\/types\/product"}],"replies":[{"embeddable":true,"href":"https:\/\/revolutionpadelstore.com\/de\/wp-json\/wp\/v2\/comments?post=266254"}],"wp:featuredmedia":[{"embeddable":true,"href":"https:\/\/revolutionpadelstore.com\/de\/wp-json\/wp\/v2\/media\/266213"}],"wp:attachment":[{"href":"https:\/\/revolutionpadelstore.com\/de\/wp-json\/wp\/v2\/media?parent=266254"}],"wp:term":[{"taxonomy":"acabado","embeddable":true,"href":"https:\/\/revolutionpadelstore.com\/de\/wp-json\/wp\/v2\/acabado?post=266254"},{"taxonomy":"balance","embeddable":true,"href":"https:\/\/revolutionpadelstore.com\/de\/wp-json\/wp\/v2\/balance?post=266254"},{"taxonomy":"dureza","embeddable":true,"href":"https:\/\/revolutionpadelstore.com\/de\/wp-json\/wp\/v2\/dureza?post=266254"},{"taxonomy":"forma","embeddable":true,"href":"https:\/\/revolutionpadelstore.com\/de\/wp-json\/wp\/v2\/forma?post=266254"},{"taxonomy":"jugador","embeddable":true,"href":"https:\/\/revolutionpadelstore.com\/de\/wp-json\/wp\/v2\/jugador?post=266254"},{"taxonomy":"marca","embeddable":true,"href":"https:\/\/revolutionpadelstore.com\/de\/wp-json\/wp\/v2\/marca?post=266254"},{"taxonomy":"nivel-de-juego","embeddable":true,"href":"https:\/\/revolutionpadelstore.com\/de\/wp-json\/wp\/v2\/nivel-de-juego?post=266254"},{"taxonomy":"superficie","embeddable":true,"href":"https:\/\/revolutionpadelstore.com\/de\/wp-json\/wp\/v2\/superficie?post=266254"},{"taxonomy":"tipo-de-juego","embeddable":true,"href":"https:\/\/revolutionpadelstore.com\/de\/wp-json\/wp\/v2\/tipo-de-juego?post=266254"},{"taxonomy":"product_brand","embeddable":true,"href":"https:\/\/revolutionpadelstore.com\/de\/wp-json\/wp\/v2\/product_brand?post=266254"},{"taxonomy":"product_cat","embeddable":true,"href":"https:\/\/revolutionpadelstore.com\/de\/wp-json\/wp\/v2\/product_cat?post=266254"},{"taxonomy":"product_tag","embeddable":true,"href":"https:\/\/revolutionpadelstore.com\/de\/wp-json\/wp\/v2\/product_tag?post=266254"}],"curies":[{"name":"wp","href":"https:\/\/api.w.org\/{rel}","templated":true}]}}