{"id":266182,"date":"2025-08-28T17:38:01","date_gmt":"2025-08-28T15:38:01","guid":{"rendered":"https:\/\/revolutionpadelstore.com\/joma-spin-men-2515-petroleo\/"},"modified":"2026-04-08T04:02:52","modified_gmt":"2026-04-08T02:02:52","slug":"joma-spin-men-2515-petroleo-1","status":"publish","type":"product","link":"https:\/\/revolutionpadelstore.com\/de\/produkt\/joma-spin-men-2515-petroleo-1\/","title":{"rendered":"JOMA SPIN MEN 2515 PETR\u00d3LEO"},"content":{"rendered":"<h2>JOMA SPIN MEN 2515 PETROLEUM \u2013 Maximale Leistung auf der Rennstrecke<\/h2>\n<p>Entdecken Sie das High-End-Modell f\u00fcr anspruchsvolle Spieler, die in jedem Punkt <em>maximale Leistung<\/em> suchen. Diese <strong>Herren-Padelschuhe<\/strong> wurden von Profispielern wie <strong>Jos\u00e9 Diestro<\/strong> getestet und garantieren ein \u00fcberragendes Spielerlebnis in Bezug auf D\u00e4mpfung, Stabilit\u00e4t und Komfort.<\/p>\n<h2>Besondere technische Merkmale<\/h2>\n<p><strong>-Technisches Mesh-Obermaterial mit VTS<\/strong>: Atmungsaktives Material, das die Fu\u00dftemperatur auch bei intensivsten Spielen konstant h\u00e4lt.<\/p>\n<p><strong>-JOMA SPORTECH-Anpassungssystem<\/strong>: Hei\u00dfversiegelung, die bequemen, leichten Halt ohne Druckstellen bietet.<\/p>\n<p><strong>-PROTECTION-Verst\u00e4rkungen<\/strong>: Erh\u00f6hen die Haltbarkeit in wichtigen Bereichen, die der Abnutzung ausgesetzt sind, und verbessern so die Widerstandsf\u00e4higkeit des Schuhwerks.<\/p>\n<h2>Maximale D\u00e4mpfung und Stabilit\u00e4t<\/h2>\n<p><strong>-Phylon-Zwischensohle<\/strong>: Leicht, flexibel und mit gro\u00dfer Sto\u00dfd\u00e4mpfungsf\u00e4higkeit. Ideal f\u00fcr schnelle Bewegungen und aggressive Bewegungen.<\/p>\n<p><strong>-Doppeltes STABILIS-System<\/strong>: Verbessert die Stabilit\u00e4t bei jedem Richtungswechsel und minimiert das Verletzungsrisiko, ohne die Beweglichkeit oder Flexibilit\u00e4t zu beeintr\u00e4chtigen.<\/p>\n<h2>OMNI-Sohle mit DURABILITY-Gummi<\/h2>\n<p><strong>-Sohle mit kreisf\u00f6rmigen Stollen<\/strong>: Optimal f\u00fcr harte Oberfl\u00e4chen, erm\u00f6glicht kontrolliertes Gleiten und schnellere Reaktionszeit auf dem Platz.<\/p>\n<p><strong>-HALTBARKEIT Zusammensetzung<\/strong>: Erh\u00f6ht die Nutzungsdauer des Schuhwerks, ohne auf Griffigkeit oder Traktion zu verzichten.<\/p>\n<h2>Warum dieses Modell w\u00e4hlen?<\/h2>\n<p>-Von professionellen Spielern empfohlen.<\/p>\n<p>-Ideal f\u00fcr intensives Training und Wettkampf.<\/p>\n<p>-Perfekte Balance zwischen Leichtigkeit, Widerstandsf\u00e4higkeit und Komfort.<\/p>\n<p>-Technologie, die auf <strong>hohe Leistung beim Padel<\/strong> abzielt.<\/p>\n<h2>Holen Sie sie sich jetzt!<\/h2>\n<p>Steigern Sie Ihr Spiel mit diesen <strong>professionellen Padelschuhen<\/strong> und erleben Sie den Unterschied in jedem Satz. Jetzt erh\u00e4ltlich in unserem Online-Shop <a href=\"https:\/\/www.revolutionpadelstore.com\/\">www.revolutionpadelstore.com<\/a>, <em>wahrscheinlich zum besten Preis auf dem Markt<\/em>.<\/p>\n<h2>JOMA SPIN MEN 2515 PETR\u00d3LEO \u2013 M\u00e1ximo Rendimiento en la Pista<\/h2>\n","protected":false},"excerpt":{"rendered":"<p>Entdecken Sie das Modell JOMA SPIN MEN 2515, das f\u00fcr Spieler entwickelt wurde, die bei jedem Spiel maximale Leistung suchen. Diese von Profis wie Jos\u00e9 Diestro getesteten Herren-Padelschuhe bieten dank hervorragender D\u00e4mpfung, gro\u00dfer Stabilit\u00e4t und hohem Tragekomfort ein au\u00dfergew\u00f6hnliches Spielerlebnis.<\/p>\n","protected":false},"featured_media":266165,"comment_status":"open","ping_status":"closed","template":"","meta":{"_acf_changed":false,"_joinchat":[]},"acabado":[],"balance":[],"dureza":[],"forma":[],"jugador":[],"marca":[1224],"nivel-de-juego":[],"superficie":[],"tipo-de-juego":[],"product_brand":[],"product_cat":[831],"product_tag":[],"class_list":{"0":"post-266182","1":"product","2":"type-product","3":"status-publish","4":"has-post-thumbnail","6":"marca-joma-de","7":"product_cat-turnschuhe","9":"first","10":"outofstock","11":"sale","12":"taxable","13":"shipping-taxable","14":"purchasable","15":"product-type-variable"},"acf":[],"yoast_head":"<!-- This site is optimized with the Yoast SEO plugin v27.4 - https:\/\/yoast.com\/product\/yoast-seo-wordpress\/ -->\n<title>JOMA SPIN MEN 2515 PETR\u00d3LEO - Revolution Padel Store<\/title>\n<meta name=\"description\" content=\"Zapatillas de p\u00e1del para hombre de alta gama con m\u00e1xima amortiguaci\u00f3n, estabilidad y transpirabilidad. Usadas por jugadores profesionales. \u00a1C\u00f3mpralas al mejor precio en Revolution Padel Store!\" \/>\n<meta name=\"robots\" content=\"index, follow, max-snippet:-1, max-image-preview:large, max-video-preview:-1\" \/>\n<link rel=\"canonical\" href=\"https:\/\/revolutionpadelstore.com\/de\/produkt\/joma-spin-men-2515-petroleo-1\/\" \/>\n<meta property=\"og:locale\" content=\"de_DE\" \/>\n<meta property=\"og:type\" content=\"article\" \/>\n<meta property=\"og:title\" content=\"JOMA SPIN MEN 2515 PETR\u00d3LEO - Revolution Padel Store\" \/>\n<meta property=\"og:description\" content=\"Zapatillas de p\u00e1del para hombre de alta gama con m\u00e1xima amortiguaci\u00f3n, estabilidad y transpirabilidad. Usadas por jugadores profesionales. \u00a1C\u00f3mpralas al mejor precio en Revolution Padel Store!\" \/>\n<meta property=\"og:url\" content=\"https:\/\/revolutionpadelstore.com\/de\/produkt\/joma-spin-men-2515-petroleo-1\/\" \/>\n<meta property=\"og:site_name\" content=\"Revolution Padel Store\" \/>\n<meta property=\"article:modified_time\" content=\"2026-04-08T02:02:52+00:00\" \/>\n<meta property=\"og:image\" content=\"https:\/\/revolutionpadelstore.com\/wp-content\/uploads\/2025\/08\/FOTO-PALAS-23.png\" \/>\n\t<meta property=\"og:image:width\" content=\"1500\" \/>\n\t<meta property=\"og:image:height\" content=\"1500\" \/>\n\t<meta property=\"og:image:type\" content=\"image\/png\" \/>\n<meta name=\"twitter:card\" content=\"summary_large_image\" \/>\n<meta name=\"twitter:label1\" content=\"Gesch\u00e4tzte Lesezeit\" \/>\n\t<meta name=\"twitter:data1\" content=\"1\u00a0Minute\" \/>\n<script type=\"application\/ld+json\" class=\"yoast-schema-graph\">{\"@context\":\"https:\\\/\\\/schema.org\",\"@graph\":[{\"@type\":\"WebPage\",\"@id\":\"https:\\\/\\\/revolutionpadelstore.com\\\/de\\\/produkt\\\/joma-spin-men-2515-petroleo-1\\\/\",\"url\":\"https:\\\/\\\/revolutionpadelstore.com\\\/de\\\/produkt\\\/joma-spin-men-2515-petroleo-1\\\/\",\"name\":\"JOMA SPIN MEN 2515 PETR\u00d3LEO - Revolution Padel Store\",\"isPartOf\":{\"@id\":\"https:\\\/\\\/revolutionpadelstore.com\\\/de\\\/#website\"},\"primaryImageOfPage\":{\"@id\":\"https:\\\/\\\/revolutionpadelstore.com\\\/de\\\/produkt\\\/joma-spin-men-2515-petroleo-1\\\/#primaryimage\"},\"image\":{\"@id\":\"https:\\\/\\\/revolutionpadelstore.com\\\/de\\\/produkt\\\/joma-spin-men-2515-petroleo-1\\\/#primaryimage\"},\"thumbnailUrl\":\"https:\\\/\\\/revolutionpadelstore.com\\\/wp-content\\\/uploads\\\/2025\\\/08\\\/FOTO-PALAS-23.png\",\"datePublished\":\"2025-08-28T15:38:01+00:00\",\"dateModified\":\"2026-04-08T02:02:52+00:00\",\"description\":\"Zapatillas de p\u00e1del para hombre de alta gama con m\u00e1xima amortiguaci\u00f3n, estabilidad y transpirabilidad. Usadas por jugadores profesionales. \u00a1C\u00f3mpralas al mejor precio en Revolution Padel Store!\",\"breadcrumb\":{\"@id\":\"https:\\\/\\\/revolutionpadelstore.com\\\/de\\\/produkt\\\/joma-spin-men-2515-petroleo-1\\\/#breadcrumb\"},\"inLanguage\":\"de\",\"potentialAction\":[{\"@type\":\"ReadAction\",\"target\":[\"https:\\\/\\\/revolutionpadelstore.com\\\/de\\\/produkt\\\/joma-spin-men-2515-petroleo-1\\\/\"]}]},{\"@type\":\"ImageObject\",\"inLanguage\":\"de\",\"@id\":\"https:\\\/\\\/revolutionpadelstore.com\\\/de\\\/produkt\\\/joma-spin-men-2515-petroleo-1\\\/#primaryimage\",\"url\":\"https:\\\/\\\/revolutionpadelstore.com\\\/wp-content\\\/uploads\\\/2025\\\/08\\\/FOTO-PALAS-23.png\",\"contentUrl\":\"https:\\\/\\\/revolutionpadelstore.com\\\/wp-content\\\/uploads\\\/2025\\\/08\\\/FOTO-PALAS-23.png\",\"width\":1500,\"height\":1500},{\"@type\":\"BreadcrumbList\",\"@id\":\"https:\\\/\\\/revolutionpadelstore.com\\\/de\\\/produkt\\\/joma-spin-men-2515-petroleo-1\\\/#breadcrumb\",\"itemListElement\":[{\"@type\":\"ListItem\",\"position\":1,\"name\":\"Portada\",\"item\":\"https:\\\/\\\/revolutionpadelstore.com\\\/de\\\/\"},{\"@type\":\"ListItem\",\"position\":2,\"name\":\"Shop\",\"item\":\"https:\\\/\\\/revolutionpadelstore.com\\\/de\\\/tienda\\\/\"},{\"@type\":\"ListItem\",\"position\":3,\"name\":\"JOMA SPIN MEN 2515 PETR\u00d3LEO\"}]},{\"@type\":\"WebSite\",\"@id\":\"https:\\\/\\\/revolutionpadelstore.com\\\/de\\\/#website\",\"url\":\"https:\\\/\\\/revolutionpadelstore.com\\\/de\\\/\",\"name\":\"Revolution Padel Store\",\"description\":\"\",\"publisher\":{\"@id\":\"https:\\\/\\\/revolutionpadelstore.com\\\/de\\\/#organization\"},\"potentialAction\":[{\"@type\":\"SearchAction\",\"target\":{\"@type\":\"EntryPoint\",\"urlTemplate\":\"https:\\\/\\\/revolutionpadelstore.com\\\/de\\\/?s={search_term_string}\"},\"query-input\":{\"@type\":\"PropertyValueSpecification\",\"valueRequired\":true,\"valueName\":\"search_term_string\"}}],\"inLanguage\":\"de\"},{\"@type\":\"Organization\",\"@id\":\"https:\\\/\\\/revolutionpadelstore.com\\\/de\\\/#organization\",\"name\":\"Revolution Padel Store\",\"url\":\"https:\\\/\\\/revolutionpadelstore.com\\\/de\\\/\",\"logo\":{\"@type\":\"ImageObject\",\"inLanguage\":\"de\",\"@id\":\"https:\\\/\\\/revolutionpadelstore.com\\\/de\\\/#\\\/schema\\\/logo\\\/image\\\/\",\"url\":\"https:\\\/\\\/revolutionpadelstore.com\\\/wp-content\\\/uploads\\\/2026\\\/02\\\/revolution-padel-store.jpg\",\"contentUrl\":\"https:\\\/\\\/revolutionpadelstore.com\\\/wp-content\\\/uploads\\\/2026\\\/02\\\/revolution-padel-store.jpg\",\"width\":2000,\"height\":2000,\"caption\":\"Revolution Padel Store\"},\"image\":{\"@id\":\"https:\\\/\\\/revolutionpadelstore.com\\\/de\\\/#\\\/schema\\\/logo\\\/image\\\/\"},\"sameAs\":[\"https:\\\/\\\/www.instagram.com\\\/revolutionpadelstore\\\/\"]}]}<\/script>\n<!-- \/ Yoast SEO plugin. -->","yoast_head_json":{"title":"JOMA SPIN MEN 2515 PETR\u00d3LEO - Revolution Padel Store","description":"Zapatillas de p\u00e1del para hombre de alta gama con m\u00e1xima amortiguaci\u00f3n, estabilidad y transpirabilidad. Usadas por jugadores profesionales. \u00a1C\u00f3mpralas al mejor precio en Revolution Padel Store!","robots":{"index":"index","follow":"follow","max-snippet":"max-snippet:-1","max-image-preview":"max-image-preview:large","max-video-preview":"max-video-preview:-1"},"canonical":"https:\/\/revolutionpadelstore.com\/de\/produkt\/joma-spin-men-2515-petroleo-1\/","og_locale":"de_DE","og_type":"article","og_title":"JOMA SPIN MEN 2515 PETR\u00d3LEO - Revolution Padel Store","og_description":"Zapatillas de p\u00e1del para hombre de alta gama con m\u00e1xima amortiguaci\u00f3n, estabilidad y transpirabilidad. Usadas por jugadores profesionales. \u00a1C\u00f3mpralas al mejor precio en Revolution Padel Store!","og_url":"https:\/\/revolutionpadelstore.com\/de\/produkt\/joma-spin-men-2515-petroleo-1\/","og_site_name":"Revolution Padel Store","article_modified_time":"2026-04-08T02:02:52+00:00","og_image":[{"width":1500,"height":1500,"url":"https:\/\/revolutionpadelstore.com\/wp-content\/uploads\/2025\/08\/FOTO-PALAS-23.png","type":"image\/png"}],"twitter_card":"summary_large_image","twitter_misc":{"Gesch\u00e4tzte Lesezeit":"1\u00a0Minute"},"schema":{"@context":"https:\/\/schema.org","@graph":[{"@type":"WebPage","@id":"https:\/\/revolutionpadelstore.com\/de\/produkt\/joma-spin-men-2515-petroleo-1\/","url":"https:\/\/revolutionpadelstore.com\/de\/produkt\/joma-spin-men-2515-petroleo-1\/","name":"JOMA SPIN MEN 2515 PETR\u00d3LEO - Revolution Padel Store","isPartOf":{"@id":"https:\/\/revolutionpadelstore.com\/de\/#website"},"primaryImageOfPage":{"@id":"https:\/\/revolutionpadelstore.com\/de\/produkt\/joma-spin-men-2515-petroleo-1\/#primaryimage"},"image":{"@id":"https:\/\/revolutionpadelstore.com\/de\/produkt\/joma-spin-men-2515-petroleo-1\/#primaryimage"},"thumbnailUrl":"https:\/\/revolutionpadelstore.com\/wp-content\/uploads\/2025\/08\/FOTO-PALAS-23.png","datePublished":"2025-08-28T15:38:01+00:00","dateModified":"2026-04-08T02:02:52+00:00","description":"Zapatillas de p\u00e1del para hombre de alta gama con m\u00e1xima amortiguaci\u00f3n, estabilidad y transpirabilidad. Usadas por jugadores profesionales. \u00a1C\u00f3mpralas al mejor precio en Revolution Padel Store!","breadcrumb":{"@id":"https:\/\/revolutionpadelstore.com\/de\/produkt\/joma-spin-men-2515-petroleo-1\/#breadcrumb"},"inLanguage":"de","potentialAction":[{"@type":"ReadAction","target":["https:\/\/revolutionpadelstore.com\/de\/produkt\/joma-spin-men-2515-petroleo-1\/"]}]},{"@type":"ImageObject","inLanguage":"de","@id":"https:\/\/revolutionpadelstore.com\/de\/produkt\/joma-spin-men-2515-petroleo-1\/#primaryimage","url":"https:\/\/revolutionpadelstore.com\/wp-content\/uploads\/2025\/08\/FOTO-PALAS-23.png","contentUrl":"https:\/\/revolutionpadelstore.com\/wp-content\/uploads\/2025\/08\/FOTO-PALAS-23.png","width":1500,"height":1500},{"@type":"BreadcrumbList","@id":"https:\/\/revolutionpadelstore.com\/de\/produkt\/joma-spin-men-2515-petroleo-1\/#breadcrumb","itemListElement":[{"@type":"ListItem","position":1,"name":"Portada","item":"https:\/\/revolutionpadelstore.com\/de\/"},{"@type":"ListItem","position":2,"name":"Shop","item":"https:\/\/revolutionpadelstore.com\/de\/tienda\/"},{"@type":"ListItem","position":3,"name":"JOMA SPIN MEN 2515 PETR\u00d3LEO"}]},{"@type":"WebSite","@id":"https:\/\/revolutionpadelstore.com\/de\/#website","url":"https:\/\/revolutionpadelstore.com\/de\/","name":"Revolution Padel Store","description":"","publisher":{"@id":"https:\/\/revolutionpadelstore.com\/de\/#organization"},"potentialAction":[{"@type":"SearchAction","target":{"@type":"EntryPoint","urlTemplate":"https:\/\/revolutionpadelstore.com\/de\/?s={search_term_string}"},"query-input":{"@type":"PropertyValueSpecification","valueRequired":true,"valueName":"search_term_string"}}],"inLanguage":"de"},{"@type":"Organization","@id":"https:\/\/revolutionpadelstore.com\/de\/#organization","name":"Revolution Padel Store","url":"https:\/\/revolutionpadelstore.com\/de\/","logo":{"@type":"ImageObject","inLanguage":"de","@id":"https:\/\/revolutionpadelstore.com\/de\/#\/schema\/logo\/image\/","url":"https:\/\/revolutionpadelstore.com\/wp-content\/uploads\/2026\/02\/revolution-padel-store.jpg","contentUrl":"https:\/\/revolutionpadelstore.com\/wp-content\/uploads\/2026\/02\/revolution-padel-store.jpg","width":2000,"height":2000,"caption":"Revolution Padel Store"},"image":{"@id":"https:\/\/revolutionpadelstore.com\/de\/#\/schema\/logo\/image\/"},"sameAs":["https:\/\/www.instagram.com\/revolutionpadelstore\/"]}]}},"_links":{"self":[{"href":"https:\/\/revolutionpadelstore.com\/de\/wp-json\/wp\/v2\/product\/266182","targetHints":{"allow":["GET"]}}],"collection":[{"href":"https:\/\/revolutionpadelstore.com\/de\/wp-json\/wp\/v2\/product"}],"about":[{"href":"https:\/\/revolutionpadelstore.com\/de\/wp-json\/wp\/v2\/types\/product"}],"replies":[{"embeddable":true,"href":"https:\/\/revolutionpadelstore.com\/de\/wp-json\/wp\/v2\/comments?post=266182"}],"wp:featuredmedia":[{"embeddable":true,"href":"https:\/\/revolutionpadelstore.com\/de\/wp-json\/wp\/v2\/media\/266165"}],"wp:attachment":[{"href":"https:\/\/revolutionpadelstore.com\/de\/wp-json\/wp\/v2\/media?parent=266182"}],"wp:term":[{"taxonomy":"acabado","embeddable":true,"href":"https:\/\/revolutionpadelstore.com\/de\/wp-json\/wp\/v2\/acabado?post=266182"},{"taxonomy":"balance","embeddable":true,"href":"https:\/\/revolutionpadelstore.com\/de\/wp-json\/wp\/v2\/balance?post=266182"},{"taxonomy":"dureza","embeddable":true,"href":"https:\/\/revolutionpadelstore.com\/de\/wp-json\/wp\/v2\/dureza?post=266182"},{"taxonomy":"forma","embeddable":true,"href":"https:\/\/revolutionpadelstore.com\/de\/wp-json\/wp\/v2\/forma?post=266182"},{"taxonomy":"jugador","embeddable":true,"href":"https:\/\/revolutionpadelstore.com\/de\/wp-json\/wp\/v2\/jugador?post=266182"},{"taxonomy":"marca","embeddable":true,"href":"https:\/\/revolutionpadelstore.com\/de\/wp-json\/wp\/v2\/marca?post=266182"},{"taxonomy":"nivel-de-juego","embeddable":true,"href":"https:\/\/revolutionpadelstore.com\/de\/wp-json\/wp\/v2\/nivel-de-juego?post=266182"},{"taxonomy":"superficie","embeddable":true,"href":"https:\/\/revolutionpadelstore.com\/de\/wp-json\/wp\/v2\/superficie?post=266182"},{"taxonomy":"tipo-de-juego","embeddable":true,"href":"https:\/\/revolutionpadelstore.com\/de\/wp-json\/wp\/v2\/tipo-de-juego?post=266182"},{"taxonomy":"product_brand","embeddable":true,"href":"https:\/\/revolutionpadelstore.com\/de\/wp-json\/wp\/v2\/product_brand?post=266182"},{"taxonomy":"product_cat","embeddable":true,"href":"https:\/\/revolutionpadelstore.com\/de\/wp-json\/wp\/v2\/product_cat?post=266182"},{"taxonomy":"product_tag","embeddable":true,"href":"https:\/\/revolutionpadelstore.com\/de\/wp-json\/wp\/v2\/product_tag?post=266182"}],"curies":[{"name":"wp","href":"https:\/\/api.w.org\/{rel}","templated":true}]}}