{"id":266128,"date":"2025-08-28T15:36:49","date_gmt":"2025-08-28T13:36:49","guid":{"rendered":"https:\/\/revolutionpadelstore.com\/joma-slam-men-2502-blanco\/"},"modified":"2026-04-08T04:05:00","modified_gmt":"2026-04-08T02:05:00","slug":"joma-slam-men-2502-blanco-1","status":"publish","type":"product","link":"https:\/\/revolutionpadelstore.com\/de\/produkt\/joma-slam-men-2502-blanco-1\/","title":{"rendered":"JOMA SLAM MEN 2502 BLANCO"},"content":{"rendered":"<h2> JOMA SLAM MEN 2502 Wei\u00df \u2013 Spitzenleistung in jedem Spiel<\/h2>\n<p>Der <strong>JOMA SLAM MEN 2502 White<\/strong> wurde entwickelt, um anspruchsvollen Spielern, die mit jeder Bewegung den Platz dominieren m\u00f6chten, maximale Leistung zu bieten. Diese Padelschuhe werden von Profis wie <em>Carolina Navarro<\/em> und <em>Juanlu Esbr\u00ed<\/em> verwendet und getestet und stellen die perfekte Kombination aus Technologie, Komfort und Haltbarkeit dar.<\/p>\n<h2> Haupttechnische Merkmale<\/h2>\n<p><strong>-Entwickelt f\u00fcr professionelles Padel<\/strong>: Offizielles Schuhwerk, das von Spitzenspielern im Wettbewerb getestet wurde.<\/p>\n<p><strong>-Atmungsaktives Obermaterial mit VTS-Technologie<\/strong>: Technisches Mesh, das die Luftzirkulation verbessert und Ihre F\u00fc\u00dfe auch bei den intensivsten Spielen k\u00fchl h\u00e4lt.<\/p>\n<p><strong>&#8211; Hei\u00dfversiegeltes SPORTECH-System<\/strong>: Sorgt f\u00fcr Leichtigkeit und pr\u00e4zise Passform, ohne st\u00f6rende N\u00e4hte.<\/p>\n<p><strong>-Verst\u00e4rkung in empfindlichen Bereichen (SCHUTZ)<\/strong>: Gummischutz in den Bereichen mit der gr\u00f6\u00dften Abnutzung, um die Nutzungsdauer des Schuhwerks zu verl\u00e4ngern.<\/p>\n<p><strong>-DUAL REACTIVE Zwischensohle<\/strong>: Kombiniert hochwertiges Phylon mit REACTIVE BALL und bietet hervorragende D\u00e4mpfung und Energier\u00fcckgabe.<\/p>\n<p><strong>-Stabilit\u00e4t garantiert mit STABILIS<\/strong>: Ergonomisches Teil im Mittelfu\u00df, das unerw\u00fcnschtes Verdrehen verhindert und die Sicherheit beim Bewegen erh\u00f6ht.<\/p>\n<p><strong>-Omni DURABILITY SOLE<\/strong>: Optimaler Halt auf Hartpl\u00e4tzen und kontrolliertes Gleiten, ideal f\u00fcr technische Spieler.<\/p>\n<h2> Hauptvorteile f\u00fcr den Spieler<\/h2>\n<p>-\u00dcberlegener Komfort w\u00e4hrend des gesamten Spiels<\/p>\n<p>-Stabilit\u00e4t und Sicherheit bei jedem Richtungswechsel<\/p>\n<p>-Extra-Boost dank Energier\u00fcckgabe<\/p>\n<p>-H\u00f6here Verschlei\u00dffestigkeit in kritischen Bereichen<\/p>\n<p>-Hervorragende Bel\u00fcftung, um \u00dcberhitzung zu vermeiden<\/p>\n<h2>Perfekt f\u00fcr technische und wettbewerbsorientierte Spieler<\/h2>\n<p>Diese Schuhe sind f\u00fcr diejenigen gedacht, die auf dem Platz ihr Bestes geben. Sein robustes, aber leichtes Design erm\u00f6glicht Ihnen die Ausf\u00fchrung explosiver Bewegungen ohne Kompromisse beim Komfort. Dar\u00fcber hinaus erm\u00f6glichen die hervorragende D\u00e4mpfung und die feste Passform ein hohes Spielniveau w\u00e4hrend des gesamten Spiels.<\/p>\n<h2> Warum sollten Sie sich f\u00fcr den JOMA SLAM MEN 2502 entscheiden?<\/h2>\n<p>Wenn Sie auf der Suche nach <strong>Herren-Padelschuhen<\/strong> sind, die Innovation, Haltbarkeit und eine leistungsstarke Passform vereinen, ist dieses Modell genau das Richtige f\u00fcr Sie. Sie sind ideal f\u00fcr Hartpl\u00e4tze und f\u00fcr Spieler, die Traktion und Bewegungsfreiheit ben\u00f6tigen, ohne auf Schutz oder Kontrolle zu verzichten.<\/p>\n<h2> Kaufen Sie jetzt den JOMA SLAM MEN 2502 Wei\u00df<\/h2>\n<p>Erh\u00e4ltlich in unserem Online-Shop <strong><a href=\"https:\/\/www.revolutionpadelstore.com\/\">www.revolutionpadelstore.com<\/a><\/strong>, wahrscheinlich zum besten Preis auf dem Markt. Verpassen Sie nicht die Gelegenheit, Ihr Spiel mit Schuhen, die f\u00fcr den harten Wettkampf konzipiert sind, auf die n\u00e4chste Stufe zu bringen.<\/p>\n<h2>\u00a0JOMA SLAM MEN 2502 Blanco \u2013 Rendimiento de \u00e9lite en cada partido<\/h2>\n","protected":false},"excerpt":{"rendered":"<p>Der JOMA SLAM MEN 2502 White ist f\u00fcr anspruchsvolle Spieler konzipiert, die in jedem Punkt ihr Bestes geben wollen. Sie wurden von Profis wie Carolina Navarro und Juanlu Esbr\u00ed getestet und vereinen Innovation, Komfort und Widerstandsf\u00e4higkeit, um den Platz zu dominieren.<\/p>\n","protected":false},"featured_media":266046,"comment_status":"open","ping_status":"closed","template":"","meta":{"_acf_changed":false,"_joinchat":[]},"acabado":[],"balance":[],"dureza":[],"forma":[],"jugador":[],"marca":[1224],"nivel-de-juego":[],"superficie":[],"tipo-de-juego":[],"product_brand":[],"product_cat":[831],"product_tag":[],"class_list":{"0":"post-266128","1":"product","2":"type-product","3":"status-publish","4":"has-post-thumbnail","6":"marca-joma-de","7":"product_cat-turnschuhe","9":"first","10":"outofstock","11":"sale","12":"taxable","13":"shipping-taxable","14":"purchasable","15":"product-type-variable"},"acf":[],"yoast_head":"<!-- This site is optimized with the Yoast SEO plugin v27.4 - https:\/\/yoast.com\/product\/yoast-seo-wordpress\/ -->\n<title>JOMA SLAM MEN 2502 BLANCO - Revolution Padel Store<\/title>\n<meta name=\"description\" content=\"Descubre las JOMA SLAM MEN 2502 Blanco FW25, zapatillas de p\u00e1del para hombre con tecnolog\u00eda profesional, m\u00e1xima amortiguaci\u00f3n y suela Omni Durability. \u00a1Compra online al mejor precio!\" \/>\n<meta name=\"robots\" content=\"index, follow, max-snippet:-1, max-image-preview:large, max-video-preview:-1\" \/>\n<link rel=\"canonical\" href=\"https:\/\/revolutionpadelstore.com\/de\/produkt\/joma-slam-men-2502-blanco-1\/\" \/>\n<meta property=\"og:locale\" content=\"de_DE\" \/>\n<meta property=\"og:type\" content=\"article\" \/>\n<meta property=\"og:title\" content=\"JOMA SLAM MEN 2502 BLANCO - Revolution Padel Store\" \/>\n<meta property=\"og:description\" content=\"Descubre las JOMA SLAM MEN 2502 Blanco FW25, zapatillas de p\u00e1del para hombre con tecnolog\u00eda profesional, m\u00e1xima amortiguaci\u00f3n y suela Omni Durability. \u00a1Compra online al mejor precio!\" \/>\n<meta property=\"og:url\" content=\"https:\/\/revolutionpadelstore.com\/de\/produkt\/joma-slam-men-2502-blanco-1\/\" \/>\n<meta property=\"og:site_name\" content=\"Revolution Padel Store\" \/>\n<meta property=\"article:modified_time\" content=\"2026-04-08T02:05:00+00:00\" \/>\n<meta property=\"og:image\" content=\"https:\/\/revolutionpadelstore.com\/wp-content\/uploads\/2025\/08\/292.png\" \/>\n\t<meta property=\"og:image:width\" content=\"1500\" \/>\n\t<meta property=\"og:image:height\" content=\"1500\" \/>\n\t<meta property=\"og:image:type\" content=\"image\/png\" \/>\n<meta name=\"twitter:card\" content=\"summary_large_image\" \/>\n<meta name=\"twitter:label1\" content=\"Gesch\u00e4tzte Lesezeit\" \/>\n\t<meta name=\"twitter:data1\" content=\"2\u00a0Minuten\" \/>\n<script type=\"application\/ld+json\" class=\"yoast-schema-graph\">{\"@context\":\"https:\\\/\\\/schema.org\",\"@graph\":[{\"@type\":\"WebPage\",\"@id\":\"https:\\\/\\\/revolutionpadelstore.com\\\/de\\\/produkt\\\/joma-slam-men-2502-blanco-1\\\/\",\"url\":\"https:\\\/\\\/revolutionpadelstore.com\\\/de\\\/produkt\\\/joma-slam-men-2502-blanco-1\\\/\",\"name\":\"JOMA SLAM MEN 2502 BLANCO - Revolution Padel Store\",\"isPartOf\":{\"@id\":\"https:\\\/\\\/revolutionpadelstore.com\\\/de\\\/#website\"},\"primaryImageOfPage\":{\"@id\":\"https:\\\/\\\/revolutionpadelstore.com\\\/de\\\/produkt\\\/joma-slam-men-2502-blanco-1\\\/#primaryimage\"},\"image\":{\"@id\":\"https:\\\/\\\/revolutionpadelstore.com\\\/de\\\/produkt\\\/joma-slam-men-2502-blanco-1\\\/#primaryimage\"},\"thumbnailUrl\":\"https:\\\/\\\/revolutionpadelstore.com\\\/wp-content\\\/uploads\\\/2025\\\/08\\\/292.png\",\"datePublished\":\"2025-08-28T13:36:49+00:00\",\"dateModified\":\"2026-04-08T02:05:00+00:00\",\"description\":\"Descubre las JOMA SLAM MEN 2502 Blanco FW25, zapatillas de p\u00e1del para hombre con tecnolog\u00eda profesional, m\u00e1xima amortiguaci\u00f3n y suela Omni Durability. \u00a1Compra online al mejor precio!\",\"breadcrumb\":{\"@id\":\"https:\\\/\\\/revolutionpadelstore.com\\\/de\\\/produkt\\\/joma-slam-men-2502-blanco-1\\\/#breadcrumb\"},\"inLanguage\":\"de\",\"potentialAction\":[{\"@type\":\"ReadAction\",\"target\":[\"https:\\\/\\\/revolutionpadelstore.com\\\/de\\\/produkt\\\/joma-slam-men-2502-blanco-1\\\/\"]}]},{\"@type\":\"ImageObject\",\"inLanguage\":\"de\",\"@id\":\"https:\\\/\\\/revolutionpadelstore.com\\\/de\\\/produkt\\\/joma-slam-men-2502-blanco-1\\\/#primaryimage\",\"url\":\"https:\\\/\\\/revolutionpadelstore.com\\\/wp-content\\\/uploads\\\/2025\\\/08\\\/292.png\",\"contentUrl\":\"https:\\\/\\\/revolutionpadelstore.com\\\/wp-content\\\/uploads\\\/2025\\\/08\\\/292.png\",\"width\":1500,\"height\":1500},{\"@type\":\"BreadcrumbList\",\"@id\":\"https:\\\/\\\/revolutionpadelstore.com\\\/de\\\/produkt\\\/joma-slam-men-2502-blanco-1\\\/#breadcrumb\",\"itemListElement\":[{\"@type\":\"ListItem\",\"position\":1,\"name\":\"Portada\",\"item\":\"https:\\\/\\\/revolutionpadelstore.com\\\/de\\\/\"},{\"@type\":\"ListItem\",\"position\":2,\"name\":\"Shop\",\"item\":\"https:\\\/\\\/revolutionpadelstore.com\\\/de\\\/tienda\\\/\"},{\"@type\":\"ListItem\",\"position\":3,\"name\":\"JOMA SLAM MEN 2502 BLANCO\"}]},{\"@type\":\"WebSite\",\"@id\":\"https:\\\/\\\/revolutionpadelstore.com\\\/de\\\/#website\",\"url\":\"https:\\\/\\\/revolutionpadelstore.com\\\/de\\\/\",\"name\":\"Revolution Padel Store\",\"description\":\"\",\"publisher\":{\"@id\":\"https:\\\/\\\/revolutionpadelstore.com\\\/de\\\/#organization\"},\"potentialAction\":[{\"@type\":\"SearchAction\",\"target\":{\"@type\":\"EntryPoint\",\"urlTemplate\":\"https:\\\/\\\/revolutionpadelstore.com\\\/de\\\/?s={search_term_string}\"},\"query-input\":{\"@type\":\"PropertyValueSpecification\",\"valueRequired\":true,\"valueName\":\"search_term_string\"}}],\"inLanguage\":\"de\"},{\"@type\":\"Organization\",\"@id\":\"https:\\\/\\\/revolutionpadelstore.com\\\/de\\\/#organization\",\"name\":\"Revolution Padel Store\",\"url\":\"https:\\\/\\\/revolutionpadelstore.com\\\/de\\\/\",\"logo\":{\"@type\":\"ImageObject\",\"inLanguage\":\"de\",\"@id\":\"https:\\\/\\\/revolutionpadelstore.com\\\/de\\\/#\\\/schema\\\/logo\\\/image\\\/\",\"url\":\"https:\\\/\\\/revolutionpadelstore.com\\\/wp-content\\\/uploads\\\/2026\\\/02\\\/revolution-padel-store.jpg\",\"contentUrl\":\"https:\\\/\\\/revolutionpadelstore.com\\\/wp-content\\\/uploads\\\/2026\\\/02\\\/revolution-padel-store.jpg\",\"width\":2000,\"height\":2000,\"caption\":\"Revolution Padel Store\"},\"image\":{\"@id\":\"https:\\\/\\\/revolutionpadelstore.com\\\/de\\\/#\\\/schema\\\/logo\\\/image\\\/\"},\"sameAs\":[\"https:\\\/\\\/www.instagram.com\\\/revolutionpadelstore\\\/\"]}]}<\/script>\n<!-- \/ Yoast SEO plugin. -->","yoast_head_json":{"title":"JOMA SLAM MEN 2502 BLANCO - Revolution Padel Store","description":"Descubre las JOMA SLAM MEN 2502 Blanco FW25, zapatillas de p\u00e1del para hombre con tecnolog\u00eda profesional, m\u00e1xima amortiguaci\u00f3n y suela Omni Durability. \u00a1Compra online al mejor precio!","robots":{"index":"index","follow":"follow","max-snippet":"max-snippet:-1","max-image-preview":"max-image-preview:large","max-video-preview":"max-video-preview:-1"},"canonical":"https:\/\/revolutionpadelstore.com\/de\/produkt\/joma-slam-men-2502-blanco-1\/","og_locale":"de_DE","og_type":"article","og_title":"JOMA SLAM MEN 2502 BLANCO - Revolution Padel Store","og_description":"Descubre las JOMA SLAM MEN 2502 Blanco FW25, zapatillas de p\u00e1del para hombre con tecnolog\u00eda profesional, m\u00e1xima amortiguaci\u00f3n y suela Omni Durability. \u00a1Compra online al mejor precio!","og_url":"https:\/\/revolutionpadelstore.com\/de\/produkt\/joma-slam-men-2502-blanco-1\/","og_site_name":"Revolution Padel Store","article_modified_time":"2026-04-08T02:05:00+00:00","og_image":[{"width":1500,"height":1500,"url":"https:\/\/revolutionpadelstore.com\/wp-content\/uploads\/2025\/08\/292.png","type":"image\/png"}],"twitter_card":"summary_large_image","twitter_misc":{"Gesch\u00e4tzte Lesezeit":"2\u00a0Minuten"},"schema":{"@context":"https:\/\/schema.org","@graph":[{"@type":"WebPage","@id":"https:\/\/revolutionpadelstore.com\/de\/produkt\/joma-slam-men-2502-blanco-1\/","url":"https:\/\/revolutionpadelstore.com\/de\/produkt\/joma-slam-men-2502-blanco-1\/","name":"JOMA SLAM MEN 2502 BLANCO - Revolution Padel Store","isPartOf":{"@id":"https:\/\/revolutionpadelstore.com\/de\/#website"},"primaryImageOfPage":{"@id":"https:\/\/revolutionpadelstore.com\/de\/produkt\/joma-slam-men-2502-blanco-1\/#primaryimage"},"image":{"@id":"https:\/\/revolutionpadelstore.com\/de\/produkt\/joma-slam-men-2502-blanco-1\/#primaryimage"},"thumbnailUrl":"https:\/\/revolutionpadelstore.com\/wp-content\/uploads\/2025\/08\/292.png","datePublished":"2025-08-28T13:36:49+00:00","dateModified":"2026-04-08T02:05:00+00:00","description":"Descubre las JOMA SLAM MEN 2502 Blanco FW25, zapatillas de p\u00e1del para hombre con tecnolog\u00eda profesional, m\u00e1xima amortiguaci\u00f3n y suela Omni Durability. \u00a1Compra online al mejor precio!","breadcrumb":{"@id":"https:\/\/revolutionpadelstore.com\/de\/produkt\/joma-slam-men-2502-blanco-1\/#breadcrumb"},"inLanguage":"de","potentialAction":[{"@type":"ReadAction","target":["https:\/\/revolutionpadelstore.com\/de\/produkt\/joma-slam-men-2502-blanco-1\/"]}]},{"@type":"ImageObject","inLanguage":"de","@id":"https:\/\/revolutionpadelstore.com\/de\/produkt\/joma-slam-men-2502-blanco-1\/#primaryimage","url":"https:\/\/revolutionpadelstore.com\/wp-content\/uploads\/2025\/08\/292.png","contentUrl":"https:\/\/revolutionpadelstore.com\/wp-content\/uploads\/2025\/08\/292.png","width":1500,"height":1500},{"@type":"BreadcrumbList","@id":"https:\/\/revolutionpadelstore.com\/de\/produkt\/joma-slam-men-2502-blanco-1\/#breadcrumb","itemListElement":[{"@type":"ListItem","position":1,"name":"Portada","item":"https:\/\/revolutionpadelstore.com\/de\/"},{"@type":"ListItem","position":2,"name":"Shop","item":"https:\/\/revolutionpadelstore.com\/de\/tienda\/"},{"@type":"ListItem","position":3,"name":"JOMA SLAM MEN 2502 BLANCO"}]},{"@type":"WebSite","@id":"https:\/\/revolutionpadelstore.com\/de\/#website","url":"https:\/\/revolutionpadelstore.com\/de\/","name":"Revolution Padel Store","description":"","publisher":{"@id":"https:\/\/revolutionpadelstore.com\/de\/#organization"},"potentialAction":[{"@type":"SearchAction","target":{"@type":"EntryPoint","urlTemplate":"https:\/\/revolutionpadelstore.com\/de\/?s={search_term_string}"},"query-input":{"@type":"PropertyValueSpecification","valueRequired":true,"valueName":"search_term_string"}}],"inLanguage":"de"},{"@type":"Organization","@id":"https:\/\/revolutionpadelstore.com\/de\/#organization","name":"Revolution Padel Store","url":"https:\/\/revolutionpadelstore.com\/de\/","logo":{"@type":"ImageObject","inLanguage":"de","@id":"https:\/\/revolutionpadelstore.com\/de\/#\/schema\/logo\/image\/","url":"https:\/\/revolutionpadelstore.com\/wp-content\/uploads\/2026\/02\/revolution-padel-store.jpg","contentUrl":"https:\/\/revolutionpadelstore.com\/wp-content\/uploads\/2026\/02\/revolution-padel-store.jpg","width":2000,"height":2000,"caption":"Revolution Padel Store"},"image":{"@id":"https:\/\/revolutionpadelstore.com\/de\/#\/schema\/logo\/image\/"},"sameAs":["https:\/\/www.instagram.com\/revolutionpadelstore\/"]}]}},"_links":{"self":[{"href":"https:\/\/revolutionpadelstore.com\/de\/wp-json\/wp\/v2\/product\/266128","targetHints":{"allow":["GET"]}}],"collection":[{"href":"https:\/\/revolutionpadelstore.com\/de\/wp-json\/wp\/v2\/product"}],"about":[{"href":"https:\/\/revolutionpadelstore.com\/de\/wp-json\/wp\/v2\/types\/product"}],"replies":[{"embeddable":true,"href":"https:\/\/revolutionpadelstore.com\/de\/wp-json\/wp\/v2\/comments?post=266128"}],"wp:featuredmedia":[{"embeddable":true,"href":"https:\/\/revolutionpadelstore.com\/de\/wp-json\/wp\/v2\/media\/266046"}],"wp:attachment":[{"href":"https:\/\/revolutionpadelstore.com\/de\/wp-json\/wp\/v2\/media?parent=266128"}],"wp:term":[{"taxonomy":"acabado","embeddable":true,"href":"https:\/\/revolutionpadelstore.com\/de\/wp-json\/wp\/v2\/acabado?post=266128"},{"taxonomy":"balance","embeddable":true,"href":"https:\/\/revolutionpadelstore.com\/de\/wp-json\/wp\/v2\/balance?post=266128"},{"taxonomy":"dureza","embeddable":true,"href":"https:\/\/revolutionpadelstore.com\/de\/wp-json\/wp\/v2\/dureza?post=266128"},{"taxonomy":"forma","embeddable":true,"href":"https:\/\/revolutionpadelstore.com\/de\/wp-json\/wp\/v2\/forma?post=266128"},{"taxonomy":"jugador","embeddable":true,"href":"https:\/\/revolutionpadelstore.com\/de\/wp-json\/wp\/v2\/jugador?post=266128"},{"taxonomy":"marca","embeddable":true,"href":"https:\/\/revolutionpadelstore.com\/de\/wp-json\/wp\/v2\/marca?post=266128"},{"taxonomy":"nivel-de-juego","embeddable":true,"href":"https:\/\/revolutionpadelstore.com\/de\/wp-json\/wp\/v2\/nivel-de-juego?post=266128"},{"taxonomy":"superficie","embeddable":true,"href":"https:\/\/revolutionpadelstore.com\/de\/wp-json\/wp\/v2\/superficie?post=266128"},{"taxonomy":"tipo-de-juego","embeddable":true,"href":"https:\/\/revolutionpadelstore.com\/de\/wp-json\/wp\/v2\/tipo-de-juego?post=266128"},{"taxonomy":"product_brand","embeddable":true,"href":"https:\/\/revolutionpadelstore.com\/de\/wp-json\/wp\/v2\/product_brand?post=266128"},{"taxonomy":"product_cat","embeddable":true,"href":"https:\/\/revolutionpadelstore.com\/de\/wp-json\/wp\/v2\/product_cat?post=266128"},{"taxonomy":"product_tag","embeddable":true,"href":"https:\/\/revolutionpadelstore.com\/de\/wp-json\/wp\/v2\/product_tag?post=266128"}],"curies":[{"name":"wp","href":"https:\/\/api.w.org\/{rel}","templated":true}]}}