{"id":265877,"date":"2025-08-22T20:40:14","date_gmt":"2025-08-22T18:40:14","guid":{"rendered":"https:\/\/revolutionpadelstore.com\/cajon-de-18-botes-de-4-bolas-head-cs\/"},"modified":"2026-04-15T14:01:38","modified_gmt":"2026-04-15T12:01:38","slug":"cajon-de-18-botes-de-4-bolas-head-cs-1","status":"publish","type":"product","link":"https:\/\/revolutionpadelstore.com\/de\/produkt\/cajon-de-18-botes-de-4-bolas-head-cs-1\/","title":{"rendered":"CAJON DE 18 BOTES DE 4 BOLAS HEAD CS"},"content":{"rendered":"<h2>Box mit 18 Dosen mit 4 HEAD CS-B\u00e4llen \u2013 72 Hochleistungsb\u00e4lle<\/h2>\n<p>Steigern Sie Ihr Spielniveau mit der <strong>Box mit 18 Dosen HEAD CS Padelb\u00e4llen<\/strong>, ideal f\u00fcr <strong>anspruchsvolle Spieler, Trainer und Vereine<\/strong>, die auf dem Platz die beste Leistung erzielen m\u00f6chten. Dieses Komplettpaket enth\u00e4lt <strong>72 HEAD Championship-B\u00e4lle<\/strong>, die f\u00fcr ihre Qualit\u00e4t, Haltbarkeit und Konsistenz bei jedem Schlag bekannt sind.<\/p>\n<h2>Hervorgehobene technische Eigenschaften<\/h2>\n<p><strong>-Gesamtmenge<\/strong>: 18 Dosen x 4 B\u00e4lle = <strong>72 HEAD CS Padelb\u00e4lle<\/strong><\/p>\n<p><strong>-Modell<\/strong>: HEAD Championship<\/p>\n<p><strong>-Unter Druck<\/strong>: Optimierter Druckkern f\u00fcr gleichm\u00e4\u00dfigen R\u00fcckprall<\/p>\n<p><strong>-Premium-Filz<\/strong>: Hohe Qualit\u00e4t, die eine l\u00e4ngere Haltbarkeit bietet<\/p>\n<p><strong>-Geeignet f\u00fcr alle Arten von Pl\u00e4tzen<\/strong>: Kunstrasen, Beton oder Indoor<\/p>\n<h2>Vorteile von HEAD CS-B\u00e4llen<\/h2>\n<p><strong>-Konsistenz im Spiel<\/strong>: Vorhersehbarer und kontrollierter Rebound bei jedem Schlag<\/p>\n<p><strong>-Hohe Verschlei\u00dffestigkeit<\/strong>: Perfekt f\u00fcr intensives Training<\/p>\n<p><strong>-Professioneller oder Freizeitgebrauch<\/strong>: Sie passen sich allen Spielertypen an<\/p>\n<p><strong>-Garantierte Einsparungen<\/strong>: Kaufen Sie im Kartonformat und reduzieren Sie die Kosten pro Einheit<\/p>\n<h2>Warum HEAD w\u00e4hlen?<\/h2>\n<p><strong>HEAD<\/strong> ist eine der <strong>f\u00fchrenden Marken f\u00fcr Padel-Ausr\u00fcstung<\/strong> und international bekannt f\u00fcr die Innovation und Qualit\u00e4t seiner Produkte. HEAD Championship-B\u00e4lle wurden speziell entwickelt, um die perfekte Balance zwischen Haltbarkeit, Kontrolle und Geschwindigkeit zu bieten.<\/p>\n<h2>Cleverer Kauf: Ideal f\u00fcr&#8230;<\/h2>\n<p>-Paddelschl\u00e4ger, die st\u00e4ndig B\u00e4lle nachf\u00fcllen m\u00fcssen<\/p>\n<p>-Trainer, die mehrere Sitzungen pro Woche durchf\u00fchren<\/p>\n<p>-Spieler, die ein zuverl\u00e4ssiges und professionelles Produkt zu einem guten Preis suchen<\/p>\n<p><strong>Jetzt in unserem Online-Shop <a href=\"https:\/\/www.revolutionpadelstore.com\/\">www.revolutionpadelstore.com<\/a> erh\u00e4ltlich, wahrscheinlich zum besten Preis auf dem Markt. Geben Sie noch heute Ihre Bestellung auf und verbessern Sie Ihr Spiel!<\/strong><\/p>\n","protected":false},"excerpt":{"rendered":"<p>Box mit 18 Dosen HEAD CS Padelb\u00e4llen, jede Dose mit 4 B\u00e4llen, also insgesamt 72 Einheiten. Sie sind die ideale Wahl f\u00fcr Trainingseinheiten und den Vereinseinsatz und bieten einen hohen Widerstand, eine gleichm\u00e4\u00dfige Sprungkraft und die charakteristische HEAD-Qualit\u00e4t. Geeignet f\u00fcr jede Art von Oberfl\u00e4che.<\/p>\n","protected":false},"featured_media":265872,"comment_status":"open","ping_status":"closed","template":"","meta":{"_acf_changed":false,"_joinchat":[]},"acabado":[],"balance":[],"dureza":[],"forma":[],"jugador":[],"marca":[1219],"nivel-de-juego":[],"superficie":[],"tipo-de-juego":[],"product_brand":[],"product_cat":[603],"product_tag":[],"class_list":{"0":"post-265877","1":"product","2":"type-product","3":"status-publish","4":"has-post-thumbnail","6":"marca-kopf","7":"product_cat-balle","9":"first","10":"instock","11":"sale","12":"taxable","13":"shipping-taxable","14":"purchasable","15":"product-type-simple"},"acf":[],"yoast_head":"<!-- This site is optimized with the Yoast SEO plugin v27.4 - https:\/\/yoast.com\/product\/yoast-seo-wordpress\/ -->\n<title>CAJON DE 18 BOTES DE 4 BOLAS HEAD CS - Revolution Padel Store<\/title>\n<meta name=\"description\" content=\"Compra el caj\u00f3n de 18 botes de bolas HEAD CS (72 pelotas). Durabilidad, rebote uniforme y alto rendimiento para jugadores, entrenadores y clubes. \u00a1Env\u00edo r\u00e1pido al mejor precio!\" \/>\n<meta name=\"robots\" content=\"index, follow, max-snippet:-1, max-image-preview:large, max-video-preview:-1\" \/>\n<link rel=\"canonical\" href=\"https:\/\/revolutionpadelstore.com\/de\/produkt\/cajon-de-18-botes-de-4-bolas-head-cs-1\/\" \/>\n<meta property=\"og:locale\" content=\"de_DE\" \/>\n<meta property=\"og:type\" content=\"article\" \/>\n<meta property=\"og:title\" content=\"CAJON DE 18 BOTES DE 4 BOLAS HEAD CS - Revolution Padel Store\" \/>\n<meta property=\"og:description\" content=\"Compra el caj\u00f3n de 18 botes de bolas HEAD CS (72 pelotas). Durabilidad, rebote uniforme y alto rendimiento para jugadores, entrenadores y clubes. \u00a1Env\u00edo r\u00e1pido al mejor precio!\" \/>\n<meta property=\"og:url\" content=\"https:\/\/revolutionpadelstore.com\/de\/produkt\/cajon-de-18-botes-de-4-bolas-head-cs-1\/\" \/>\n<meta property=\"og:site_name\" content=\"Revolution Padel Store\" \/>\n<meta property=\"article:modified_time\" content=\"2026-04-15T12:01:38+00:00\" \/>\n<meta property=\"og:image\" content=\"https:\/\/revolutionpadelstore.com\/wp-content\/uploads\/2025\/08\/119749-cajon-de-18-botes-de-4-bolas-head-cs-577554-1000x1000-1.webp\" \/>\n\t<meta property=\"og:image:width\" content=\"1000\" \/>\n\t<meta property=\"og:image:height\" content=\"1000\" \/>\n\t<meta property=\"og:image:type\" content=\"image\/webp\" \/>\n<meta name=\"twitter:card\" content=\"summary_large_image\" \/>\n<meta name=\"twitter:label1\" content=\"Gesch\u00e4tzte Lesezeit\" \/>\n\t<meta name=\"twitter:data1\" content=\"1\u00a0Minute\" \/>\n<script type=\"application\/ld+json\" class=\"yoast-schema-graph\">{\"@context\":\"https:\\\/\\\/schema.org\",\"@graph\":[{\"@type\":\"WebPage\",\"@id\":\"https:\\\/\\\/revolutionpadelstore.com\\\/de\\\/produkt\\\/cajon-de-18-botes-de-4-bolas-head-cs-1\\\/\",\"url\":\"https:\\\/\\\/revolutionpadelstore.com\\\/de\\\/produkt\\\/cajon-de-18-botes-de-4-bolas-head-cs-1\\\/\",\"name\":\"CAJON DE 18 BOTES DE 4 BOLAS HEAD CS - Revolution Padel Store\",\"isPartOf\":{\"@id\":\"https:\\\/\\\/revolutionpadelstore.com\\\/de\\\/#website\"},\"primaryImageOfPage\":{\"@id\":\"https:\\\/\\\/revolutionpadelstore.com\\\/de\\\/produkt\\\/cajon-de-18-botes-de-4-bolas-head-cs-1\\\/#primaryimage\"},\"image\":{\"@id\":\"https:\\\/\\\/revolutionpadelstore.com\\\/de\\\/produkt\\\/cajon-de-18-botes-de-4-bolas-head-cs-1\\\/#primaryimage\"},\"thumbnailUrl\":\"https:\\\/\\\/revolutionpadelstore.com\\\/wp-content\\\/uploads\\\/2025\\\/08\\\/119749-cajon-de-18-botes-de-4-bolas-head-cs-577554-1000x1000-1.webp\",\"datePublished\":\"2025-08-22T18:40:14+00:00\",\"dateModified\":\"2026-04-15T12:01:38+00:00\",\"description\":\"Compra el caj\u00f3n de 18 botes de bolas HEAD CS (72 pelotas). Durabilidad, rebote uniforme y alto rendimiento para jugadores, entrenadores y clubes. \u00a1Env\u00edo r\u00e1pido al mejor precio!\",\"breadcrumb\":{\"@id\":\"https:\\\/\\\/revolutionpadelstore.com\\\/de\\\/produkt\\\/cajon-de-18-botes-de-4-bolas-head-cs-1\\\/#breadcrumb\"},\"inLanguage\":\"de\",\"potentialAction\":[{\"@type\":\"ReadAction\",\"target\":[\"https:\\\/\\\/revolutionpadelstore.com\\\/de\\\/produkt\\\/cajon-de-18-botes-de-4-bolas-head-cs-1\\\/\"]}]},{\"@type\":\"ImageObject\",\"inLanguage\":\"de\",\"@id\":\"https:\\\/\\\/revolutionpadelstore.com\\\/de\\\/produkt\\\/cajon-de-18-botes-de-4-bolas-head-cs-1\\\/#primaryimage\",\"url\":\"https:\\\/\\\/revolutionpadelstore.com\\\/wp-content\\\/uploads\\\/2025\\\/08\\\/119749-cajon-de-18-botes-de-4-bolas-head-cs-577554-1000x1000-1.webp\",\"contentUrl\":\"https:\\\/\\\/revolutionpadelstore.com\\\/wp-content\\\/uploads\\\/2025\\\/08\\\/119749-cajon-de-18-botes-de-4-bolas-head-cs-577554-1000x1000-1.webp\",\"width\":1000,\"height\":1000},{\"@type\":\"BreadcrumbList\",\"@id\":\"https:\\\/\\\/revolutionpadelstore.com\\\/de\\\/produkt\\\/cajon-de-18-botes-de-4-bolas-head-cs-1\\\/#breadcrumb\",\"itemListElement\":[{\"@type\":\"ListItem\",\"position\":1,\"name\":\"Portada\",\"item\":\"https:\\\/\\\/revolutionpadelstore.com\\\/de\\\/\"},{\"@type\":\"ListItem\",\"position\":2,\"name\":\"Shop\",\"item\":\"https:\\\/\\\/revolutionpadelstore.com\\\/de\\\/tienda\\\/\"},{\"@type\":\"ListItem\",\"position\":3,\"name\":\"CAJON DE 18 BOTES DE 4 BOLAS HEAD CS\"}]},{\"@type\":\"WebSite\",\"@id\":\"https:\\\/\\\/revolutionpadelstore.com\\\/de\\\/#website\",\"url\":\"https:\\\/\\\/revolutionpadelstore.com\\\/de\\\/\",\"name\":\"Revolution Padel Store\",\"description\":\"\",\"publisher\":{\"@id\":\"https:\\\/\\\/revolutionpadelstore.com\\\/de\\\/#organization\"},\"potentialAction\":[{\"@type\":\"SearchAction\",\"target\":{\"@type\":\"EntryPoint\",\"urlTemplate\":\"https:\\\/\\\/revolutionpadelstore.com\\\/de\\\/?s={search_term_string}\"},\"query-input\":{\"@type\":\"PropertyValueSpecification\",\"valueRequired\":true,\"valueName\":\"search_term_string\"}}],\"inLanguage\":\"de\"},{\"@type\":\"Organization\",\"@id\":\"https:\\\/\\\/revolutionpadelstore.com\\\/de\\\/#organization\",\"name\":\"Revolution Padel Store\",\"url\":\"https:\\\/\\\/revolutionpadelstore.com\\\/de\\\/\",\"logo\":{\"@type\":\"ImageObject\",\"inLanguage\":\"de\",\"@id\":\"https:\\\/\\\/revolutionpadelstore.com\\\/de\\\/#\\\/schema\\\/logo\\\/image\\\/\",\"url\":\"https:\\\/\\\/revolutionpadelstore.com\\\/wp-content\\\/uploads\\\/2026\\\/02\\\/revolution-padel-store.jpg\",\"contentUrl\":\"https:\\\/\\\/revolutionpadelstore.com\\\/wp-content\\\/uploads\\\/2026\\\/02\\\/revolution-padel-store.jpg\",\"width\":2000,\"height\":2000,\"caption\":\"Revolution Padel Store\"},\"image\":{\"@id\":\"https:\\\/\\\/revolutionpadelstore.com\\\/de\\\/#\\\/schema\\\/logo\\\/image\\\/\"},\"sameAs\":[\"https:\\\/\\\/www.instagram.com\\\/revolutionpadelstore\\\/\"]}]}<\/script>\n<!-- \/ Yoast SEO plugin. -->","yoast_head_json":{"title":"CAJON DE 18 BOTES DE 4 BOLAS HEAD CS - Revolution Padel Store","description":"Compra el caj\u00f3n de 18 botes de bolas HEAD CS (72 pelotas). Durabilidad, rebote uniforme y alto rendimiento para jugadores, entrenadores y clubes. \u00a1Env\u00edo r\u00e1pido al mejor precio!","robots":{"index":"index","follow":"follow","max-snippet":"max-snippet:-1","max-image-preview":"max-image-preview:large","max-video-preview":"max-video-preview:-1"},"canonical":"https:\/\/revolutionpadelstore.com\/de\/produkt\/cajon-de-18-botes-de-4-bolas-head-cs-1\/","og_locale":"de_DE","og_type":"article","og_title":"CAJON DE 18 BOTES DE 4 BOLAS HEAD CS - Revolution Padel Store","og_description":"Compra el caj\u00f3n de 18 botes de bolas HEAD CS (72 pelotas). Durabilidad, rebote uniforme y alto rendimiento para jugadores, entrenadores y clubes. \u00a1Env\u00edo r\u00e1pido al mejor precio!","og_url":"https:\/\/revolutionpadelstore.com\/de\/produkt\/cajon-de-18-botes-de-4-bolas-head-cs-1\/","og_site_name":"Revolution Padel Store","article_modified_time":"2026-04-15T12:01:38+00:00","og_image":[{"width":1000,"height":1000,"url":"https:\/\/revolutionpadelstore.com\/wp-content\/uploads\/2025\/08\/119749-cajon-de-18-botes-de-4-bolas-head-cs-577554-1000x1000-1.webp","type":"image\/webp"}],"twitter_card":"summary_large_image","twitter_misc":{"Gesch\u00e4tzte Lesezeit":"1\u00a0Minute"},"schema":{"@context":"https:\/\/schema.org","@graph":[{"@type":"WebPage","@id":"https:\/\/revolutionpadelstore.com\/de\/produkt\/cajon-de-18-botes-de-4-bolas-head-cs-1\/","url":"https:\/\/revolutionpadelstore.com\/de\/produkt\/cajon-de-18-botes-de-4-bolas-head-cs-1\/","name":"CAJON DE 18 BOTES DE 4 BOLAS HEAD CS - Revolution Padel Store","isPartOf":{"@id":"https:\/\/revolutionpadelstore.com\/de\/#website"},"primaryImageOfPage":{"@id":"https:\/\/revolutionpadelstore.com\/de\/produkt\/cajon-de-18-botes-de-4-bolas-head-cs-1\/#primaryimage"},"image":{"@id":"https:\/\/revolutionpadelstore.com\/de\/produkt\/cajon-de-18-botes-de-4-bolas-head-cs-1\/#primaryimage"},"thumbnailUrl":"https:\/\/revolutionpadelstore.com\/wp-content\/uploads\/2025\/08\/119749-cajon-de-18-botes-de-4-bolas-head-cs-577554-1000x1000-1.webp","datePublished":"2025-08-22T18:40:14+00:00","dateModified":"2026-04-15T12:01:38+00:00","description":"Compra el caj\u00f3n de 18 botes de bolas HEAD CS (72 pelotas). Durabilidad, rebote uniforme y alto rendimiento para jugadores, entrenadores y clubes. \u00a1Env\u00edo r\u00e1pido al mejor precio!","breadcrumb":{"@id":"https:\/\/revolutionpadelstore.com\/de\/produkt\/cajon-de-18-botes-de-4-bolas-head-cs-1\/#breadcrumb"},"inLanguage":"de","potentialAction":[{"@type":"ReadAction","target":["https:\/\/revolutionpadelstore.com\/de\/produkt\/cajon-de-18-botes-de-4-bolas-head-cs-1\/"]}]},{"@type":"ImageObject","inLanguage":"de","@id":"https:\/\/revolutionpadelstore.com\/de\/produkt\/cajon-de-18-botes-de-4-bolas-head-cs-1\/#primaryimage","url":"https:\/\/revolutionpadelstore.com\/wp-content\/uploads\/2025\/08\/119749-cajon-de-18-botes-de-4-bolas-head-cs-577554-1000x1000-1.webp","contentUrl":"https:\/\/revolutionpadelstore.com\/wp-content\/uploads\/2025\/08\/119749-cajon-de-18-botes-de-4-bolas-head-cs-577554-1000x1000-1.webp","width":1000,"height":1000},{"@type":"BreadcrumbList","@id":"https:\/\/revolutionpadelstore.com\/de\/produkt\/cajon-de-18-botes-de-4-bolas-head-cs-1\/#breadcrumb","itemListElement":[{"@type":"ListItem","position":1,"name":"Portada","item":"https:\/\/revolutionpadelstore.com\/de\/"},{"@type":"ListItem","position":2,"name":"Shop","item":"https:\/\/revolutionpadelstore.com\/de\/tienda\/"},{"@type":"ListItem","position":3,"name":"CAJON DE 18 BOTES DE 4 BOLAS HEAD CS"}]},{"@type":"WebSite","@id":"https:\/\/revolutionpadelstore.com\/de\/#website","url":"https:\/\/revolutionpadelstore.com\/de\/","name":"Revolution Padel Store","description":"","publisher":{"@id":"https:\/\/revolutionpadelstore.com\/de\/#organization"},"potentialAction":[{"@type":"SearchAction","target":{"@type":"EntryPoint","urlTemplate":"https:\/\/revolutionpadelstore.com\/de\/?s={search_term_string}"},"query-input":{"@type":"PropertyValueSpecification","valueRequired":true,"valueName":"search_term_string"}}],"inLanguage":"de"},{"@type":"Organization","@id":"https:\/\/revolutionpadelstore.com\/de\/#organization","name":"Revolution Padel Store","url":"https:\/\/revolutionpadelstore.com\/de\/","logo":{"@type":"ImageObject","inLanguage":"de","@id":"https:\/\/revolutionpadelstore.com\/de\/#\/schema\/logo\/image\/","url":"https:\/\/revolutionpadelstore.com\/wp-content\/uploads\/2026\/02\/revolution-padel-store.jpg","contentUrl":"https:\/\/revolutionpadelstore.com\/wp-content\/uploads\/2026\/02\/revolution-padel-store.jpg","width":2000,"height":2000,"caption":"Revolution Padel Store"},"image":{"@id":"https:\/\/revolutionpadelstore.com\/de\/#\/schema\/logo\/image\/"},"sameAs":["https:\/\/www.instagram.com\/revolutionpadelstore\/"]}]}},"_links":{"self":[{"href":"https:\/\/revolutionpadelstore.com\/de\/wp-json\/wp\/v2\/product\/265877","targetHints":{"allow":["GET"]}}],"collection":[{"href":"https:\/\/revolutionpadelstore.com\/de\/wp-json\/wp\/v2\/product"}],"about":[{"href":"https:\/\/revolutionpadelstore.com\/de\/wp-json\/wp\/v2\/types\/product"}],"replies":[{"embeddable":true,"href":"https:\/\/revolutionpadelstore.com\/de\/wp-json\/wp\/v2\/comments?post=265877"}],"wp:featuredmedia":[{"embeddable":true,"href":"https:\/\/revolutionpadelstore.com\/de\/wp-json\/wp\/v2\/media\/265872"}],"wp:attachment":[{"href":"https:\/\/revolutionpadelstore.com\/de\/wp-json\/wp\/v2\/media?parent=265877"}],"wp:term":[{"taxonomy":"acabado","embeddable":true,"href":"https:\/\/revolutionpadelstore.com\/de\/wp-json\/wp\/v2\/acabado?post=265877"},{"taxonomy":"balance","embeddable":true,"href":"https:\/\/revolutionpadelstore.com\/de\/wp-json\/wp\/v2\/balance?post=265877"},{"taxonomy":"dureza","embeddable":true,"href":"https:\/\/revolutionpadelstore.com\/de\/wp-json\/wp\/v2\/dureza?post=265877"},{"taxonomy":"forma","embeddable":true,"href":"https:\/\/revolutionpadelstore.com\/de\/wp-json\/wp\/v2\/forma?post=265877"},{"taxonomy":"jugador","embeddable":true,"href":"https:\/\/revolutionpadelstore.com\/de\/wp-json\/wp\/v2\/jugador?post=265877"},{"taxonomy":"marca","embeddable":true,"href":"https:\/\/revolutionpadelstore.com\/de\/wp-json\/wp\/v2\/marca?post=265877"},{"taxonomy":"nivel-de-juego","embeddable":true,"href":"https:\/\/revolutionpadelstore.com\/de\/wp-json\/wp\/v2\/nivel-de-juego?post=265877"},{"taxonomy":"superficie","embeddable":true,"href":"https:\/\/revolutionpadelstore.com\/de\/wp-json\/wp\/v2\/superficie?post=265877"},{"taxonomy":"tipo-de-juego","embeddable":true,"href":"https:\/\/revolutionpadelstore.com\/de\/wp-json\/wp\/v2\/tipo-de-juego?post=265877"},{"taxonomy":"product_brand","embeddable":true,"href":"https:\/\/revolutionpadelstore.com\/de\/wp-json\/wp\/v2\/product_brand?post=265877"},{"taxonomy":"product_cat","embeddable":true,"href":"https:\/\/revolutionpadelstore.com\/de\/wp-json\/wp\/v2\/product_cat?post=265877"},{"taxonomy":"product_tag","embeddable":true,"href":"https:\/\/revolutionpadelstore.com\/de\/wp-json\/wp\/v2\/product_tag?post=265877"}],"curies":[{"name":"wp","href":"https:\/\/api.w.org\/{rel}","templated":true}]}}