{"id":265799,"date":"2025-08-18T18:38:15","date_gmt":"2025-08-18T16:38:15","guid":{"rendered":"https:\/\/revolutionpadelstore.com\/overgrip-siux-pro-perforated-x60-unidades-blanco\/"},"modified":"2026-04-08T04:29:18","modified_gmt":"2026-04-08T02:29:18","slug":"overgrip-siux-pro-perforated-x60-unidades-blanco-1","status":"publish","type":"product","link":"https:\/\/revolutionpadelstore.com\/de\/produkt\/overgrip-siux-pro-perforated-x60-unidades-blanco-1\/","title":{"rendered":"OVERGRIP SIUX PRO PERFORATED x60 UNIDADES BLANCO"},"content":{"rendered":"<h2>Overgrip Siux Pro Perforiert x60 Wei\u00df<\/h2>\n<h2>Maximaler Halt, hervorragende Atmungsaktivit\u00e4t und Packung mit 60 Einheiten<\/h2>\n<p>Der <strong>Siux Pro Perforated x60 White Overgrip<\/strong> ist das ideale Zubeh\u00f6r f\u00fcr anspruchsvolle Spieler, die bei ihren Padelspielen <strong>au\u00dfergew\u00f6hnlichen Halt<\/strong>, <strong>maximale Atmungsaktivit\u00e4t<\/strong> und einen festen und komfortablen Griff suchen. Dieses von Siux, einer der bekanntesten Padel-Marken, entworfene Paket enth\u00e4lt 60 Einheiten in Wei\u00df und verleiht Ihrer Ausr\u00fcstung Eleganz und Einheitlichkeit.<\/p>\n<h2>Hervorgehobene Funktionen<\/h2>\n<p><strong>-Packung mit 60 perforierten Overgrips<\/strong>: Ideal f\u00fcr regelm\u00e4\u00dfige Spieler oder Paddle-Tennislehrer.<\/p>\n<p><strong>-Perforiertes System<\/strong>: Verbessert die Schwei\u00dfaufnahme und h\u00e4lt die H\u00e4nde trocken.<\/p>\n<p><strong>-Sicherer und stabiler Griff<\/strong>: verhindert ein Abrutschen und verbessert die Schlagkontrolle.<\/p>\n<p><strong>-Hohe Haltbarkeit<\/strong>: \u00dcberlegene Verschlei\u00dffestigkeit aufgrund intensiver Nutzung.<\/p>\n<p><strong>-Klassische und elegante wei\u00dfe Farbe<\/strong>: passt zu jeder Art von Schl\u00e4ger und Stil.<\/p>\n<h2>Vorteile f\u00fcr Ihr Spiel<\/h2>\n<p>Dank seiner <strong>mikroperforierten Oberfl\u00e4che<\/strong> erm\u00f6glicht dieser \u00dcbergriff eine hervorragende Bel\u00fcftung und reduziert die Feuchtigkeitsansammlung, was den Komfort bei den anspruchsvollsten Spielen erh\u00f6ht. Seine weiche Textur und die ausgewogene Dicke sorgen f\u00fcr ein <strong>festes Gef\u00fchl, ohne die Empfindlichkeit zu beeintr\u00e4chtigen<\/strong>, sodass Sie Schl\u00e4ge mit Pr\u00e4zision und Vertrauen ausf\u00fchren k\u00f6nnen.<\/p>\n<p>Dar\u00fcber hinaus ist es im <strong>60er-Packungsformat<\/strong> eine perfekte Option sowohl f\u00fcr Profispieler als auch f\u00fcr Vereine, Trainer und Akademien, die ihre Griffe h\u00e4ufig und zu einem wettbewerbsf\u00e4higen Preis erneuern m\u00fcssen.<\/p>\n<h2>Warum Siux Overgrips w\u00e4hlen?<\/h2>\n<p><strong>Siux<\/strong> ist ein Synonym f\u00fcr Qualit\u00e4t und Innovation in der Welt des Padelsports. Ihre Produkte sind darauf ausgelegt, die bestm\u00f6gliche Leistung auf der Strecke zu bieten, und dieser Overgrip bildet da keine Ausnahme. Wenn Sie auf der Suche nach <strong>Leistung, Komfort und Haltbarkeit<\/strong> sind, darf dieses Zubeh\u00f6r in Ihrer Padelschl\u00e4gertasche nicht fehlen.<\/p>\n<p>Ab sofort in unserem Online-Shop <strong><a href=\"https:\/\/www.revolutionpadelstore.com\/\">www.revolutionpadelstore.com<\/a><\/strong> erh\u00e4ltlich, wahrscheinlich <strong>zum besten Preis auf dem Markt<\/strong>. Geben Sie Ihre Bestellung auf und verbessern Sie Ihr Erlebnis auf der Strecke!<\/p>\n<h2>Overgrip Siux Pro Perforated x60 Blanco<\/h2>\n","protected":false},"excerpt":{"rendered":"<p>Mit dem Siux Pro Perforated x60 White Overgrip genie\u00dfen Sie ein sicheres und angenehmes Griffgef\u00fchl, das bei jedem Schlag einen festen und trockenen Griff garantiert.<\/p>\n","protected":false},"featured_media":265782,"comment_status":"open","ping_status":"closed","template":"","meta":{"_acf_changed":false,"_joinchat":[]},"acabado":[],"balance":[],"dureza":[],"forma":[],"jugador":[],"marca":[1304],"nivel-de-juego":[],"superficie":[],"tipo-de-juego":[],"product_brand":[],"product_cat":[558],"product_tag":[],"class_list":{"0":"post-265799","1":"product","2":"type-product","3":"status-publish","4":"has-post-thumbnail","6":"marca-siux-de","7":"product_cat-zubehor","9":"first","10":"outofstock","11":"sale","12":"taxable","13":"shipping-taxable","14":"purchasable","15":"product-type-simple"},"acf":[],"yoast_head":"<!-- This site is optimized with the Yoast SEO plugin v27.4 - https:\/\/yoast.com\/product\/yoast-seo-wordpress\/ -->\n<title>OVERGRIP SIUX PRO PERFORATED x60 UNIDADES BLANCO - Revolution Padel Store<\/title>\n<meta name=\"description\" content=\"Compra el Overgrip Siux Pro Perforated x60 Blanco en Revolution Padel Store. M\u00e1ximo agarre, transpiraci\u00f3n superior y pack de 60 unidades. \u00a1Durabilidad y confort en cada partido!\" \/>\n<meta name=\"robots\" content=\"index, follow, max-snippet:-1, max-image-preview:large, max-video-preview:-1\" \/>\n<link rel=\"canonical\" href=\"https:\/\/revolutionpadelstore.com\/de\/produkt\/overgrip-siux-pro-perforated-x60-unidades-blanco-1\/\" \/>\n<meta property=\"og:locale\" content=\"de_DE\" \/>\n<meta property=\"og:type\" content=\"article\" \/>\n<meta property=\"og:title\" content=\"OVERGRIP SIUX PRO PERFORATED x60 UNIDADES BLANCO - Revolution Padel Store\" \/>\n<meta property=\"og:description\" content=\"Compra el Overgrip Siux Pro Perforated x60 Blanco en Revolution Padel Store. M\u00e1ximo agarre, transpiraci\u00f3n superior y pack de 60 unidades. \u00a1Durabilidad y confort en cada partido!\" \/>\n<meta property=\"og:url\" content=\"https:\/\/revolutionpadelstore.com\/de\/produkt\/overgrip-siux-pro-perforated-x60-unidades-blanco-1\/\" \/>\n<meta property=\"og:site_name\" content=\"Revolution Padel Store\" \/>\n<meta property=\"article:modified_time\" content=\"2026-04-08T02:29:18+00:00\" \/>\n<meta property=\"og:image\" content=\"https:\/\/revolutionpadelstore.com\/wp-content\/uploads\/2025\/08\/105956_pro_grip_perforated_x60_blanco_1500x1500_vista1_e4a1.webp\" \/>\n\t<meta property=\"og:image:width\" content=\"1500\" \/>\n\t<meta property=\"og:image:height\" content=\"1500\" \/>\n\t<meta property=\"og:image:type\" content=\"image\/webp\" \/>\n<meta name=\"twitter:card\" content=\"summary_large_image\" \/>\n<meta name=\"twitter:label1\" content=\"Gesch\u00e4tzte Lesezeit\" \/>\n\t<meta name=\"twitter:data1\" content=\"2\u00a0Minuten\" \/>\n<script type=\"application\/ld+json\" class=\"yoast-schema-graph\">{\"@context\":\"https:\\\/\\\/schema.org\",\"@graph\":[{\"@type\":\"WebPage\",\"@id\":\"https:\\\/\\\/revolutionpadelstore.com\\\/de\\\/produkt\\\/overgrip-siux-pro-perforated-x60-unidades-blanco-1\\\/\",\"url\":\"https:\\\/\\\/revolutionpadelstore.com\\\/de\\\/produkt\\\/overgrip-siux-pro-perforated-x60-unidades-blanco-1\\\/\",\"name\":\"OVERGRIP SIUX PRO PERFORATED x60 UNIDADES BLANCO - Revolution Padel Store\",\"isPartOf\":{\"@id\":\"https:\\\/\\\/revolutionpadelstore.com\\\/de\\\/#website\"},\"primaryImageOfPage\":{\"@id\":\"https:\\\/\\\/revolutionpadelstore.com\\\/de\\\/produkt\\\/overgrip-siux-pro-perforated-x60-unidades-blanco-1\\\/#primaryimage\"},\"image\":{\"@id\":\"https:\\\/\\\/revolutionpadelstore.com\\\/de\\\/produkt\\\/overgrip-siux-pro-perforated-x60-unidades-blanco-1\\\/#primaryimage\"},\"thumbnailUrl\":\"https:\\\/\\\/revolutionpadelstore.com\\\/wp-content\\\/uploads\\\/2025\\\/08\\\/105956_pro_grip_perforated_x60_blanco_1500x1500_vista1_e4a1.webp\",\"datePublished\":\"2025-08-18T16:38:15+00:00\",\"dateModified\":\"2026-04-08T02:29:18+00:00\",\"description\":\"Compra el Overgrip Siux Pro Perforated x60 Blanco en Revolution Padel Store. M\u00e1ximo agarre, transpiraci\u00f3n superior y pack de 60 unidades. \u00a1Durabilidad y confort en cada partido!\",\"breadcrumb\":{\"@id\":\"https:\\\/\\\/revolutionpadelstore.com\\\/de\\\/produkt\\\/overgrip-siux-pro-perforated-x60-unidades-blanco-1\\\/#breadcrumb\"},\"inLanguage\":\"de\",\"potentialAction\":[{\"@type\":\"ReadAction\",\"target\":[\"https:\\\/\\\/revolutionpadelstore.com\\\/de\\\/produkt\\\/overgrip-siux-pro-perforated-x60-unidades-blanco-1\\\/\"]}]},{\"@type\":\"ImageObject\",\"inLanguage\":\"de\",\"@id\":\"https:\\\/\\\/revolutionpadelstore.com\\\/de\\\/produkt\\\/overgrip-siux-pro-perforated-x60-unidades-blanco-1\\\/#primaryimage\",\"url\":\"https:\\\/\\\/revolutionpadelstore.com\\\/wp-content\\\/uploads\\\/2025\\\/08\\\/105956_pro_grip_perforated_x60_blanco_1500x1500_vista1_e4a1.webp\",\"contentUrl\":\"https:\\\/\\\/revolutionpadelstore.com\\\/wp-content\\\/uploads\\\/2025\\\/08\\\/105956_pro_grip_perforated_x60_blanco_1500x1500_vista1_e4a1.webp\",\"width\":1500,\"height\":1500},{\"@type\":\"BreadcrumbList\",\"@id\":\"https:\\\/\\\/revolutionpadelstore.com\\\/de\\\/produkt\\\/overgrip-siux-pro-perforated-x60-unidades-blanco-1\\\/#breadcrumb\",\"itemListElement\":[{\"@type\":\"ListItem\",\"position\":1,\"name\":\"Portada\",\"item\":\"https:\\\/\\\/revolutionpadelstore.com\\\/de\\\/\"},{\"@type\":\"ListItem\",\"position\":2,\"name\":\"Shop\",\"item\":\"https:\\\/\\\/revolutionpadelstore.com\\\/de\\\/tienda\\\/\"},{\"@type\":\"ListItem\",\"position\":3,\"name\":\"OVERGRIP SIUX PRO PERFORATED x60 UNIDADES BLANCO\"}]},{\"@type\":\"WebSite\",\"@id\":\"https:\\\/\\\/revolutionpadelstore.com\\\/de\\\/#website\",\"url\":\"https:\\\/\\\/revolutionpadelstore.com\\\/de\\\/\",\"name\":\"Revolution Padel Store\",\"description\":\"\",\"publisher\":{\"@id\":\"https:\\\/\\\/revolutionpadelstore.com\\\/de\\\/#organization\"},\"potentialAction\":[{\"@type\":\"SearchAction\",\"target\":{\"@type\":\"EntryPoint\",\"urlTemplate\":\"https:\\\/\\\/revolutionpadelstore.com\\\/de\\\/?s={search_term_string}\"},\"query-input\":{\"@type\":\"PropertyValueSpecification\",\"valueRequired\":true,\"valueName\":\"search_term_string\"}}],\"inLanguage\":\"de\"},{\"@type\":\"Organization\",\"@id\":\"https:\\\/\\\/revolutionpadelstore.com\\\/de\\\/#organization\",\"name\":\"Revolution Padel Store\",\"url\":\"https:\\\/\\\/revolutionpadelstore.com\\\/de\\\/\",\"logo\":{\"@type\":\"ImageObject\",\"inLanguage\":\"de\",\"@id\":\"https:\\\/\\\/revolutionpadelstore.com\\\/de\\\/#\\\/schema\\\/logo\\\/image\\\/\",\"url\":\"https:\\\/\\\/revolutionpadelstore.com\\\/wp-content\\\/uploads\\\/2026\\\/02\\\/revolution-padel-store.jpg\",\"contentUrl\":\"https:\\\/\\\/revolutionpadelstore.com\\\/wp-content\\\/uploads\\\/2026\\\/02\\\/revolution-padel-store.jpg\",\"width\":2000,\"height\":2000,\"caption\":\"Revolution Padel Store\"},\"image\":{\"@id\":\"https:\\\/\\\/revolutionpadelstore.com\\\/de\\\/#\\\/schema\\\/logo\\\/image\\\/\"},\"sameAs\":[\"https:\\\/\\\/www.instagram.com\\\/revolutionpadelstore\\\/\"]}]}<\/script>\n<!-- \/ Yoast SEO plugin. -->","yoast_head_json":{"title":"OVERGRIP SIUX PRO PERFORATED x60 UNIDADES BLANCO - Revolution Padel Store","description":"Compra el Overgrip Siux Pro Perforated x60 Blanco en Revolution Padel Store. M\u00e1ximo agarre, transpiraci\u00f3n superior y pack de 60 unidades. \u00a1Durabilidad y confort en cada partido!","robots":{"index":"index","follow":"follow","max-snippet":"max-snippet:-1","max-image-preview":"max-image-preview:large","max-video-preview":"max-video-preview:-1"},"canonical":"https:\/\/revolutionpadelstore.com\/de\/produkt\/overgrip-siux-pro-perforated-x60-unidades-blanco-1\/","og_locale":"de_DE","og_type":"article","og_title":"OVERGRIP SIUX PRO PERFORATED x60 UNIDADES BLANCO - Revolution Padel Store","og_description":"Compra el Overgrip Siux Pro Perforated x60 Blanco en Revolution Padel Store. M\u00e1ximo agarre, transpiraci\u00f3n superior y pack de 60 unidades. \u00a1Durabilidad y confort en cada partido!","og_url":"https:\/\/revolutionpadelstore.com\/de\/produkt\/overgrip-siux-pro-perforated-x60-unidades-blanco-1\/","og_site_name":"Revolution Padel Store","article_modified_time":"2026-04-08T02:29:18+00:00","og_image":[{"width":1500,"height":1500,"url":"https:\/\/revolutionpadelstore.com\/wp-content\/uploads\/2025\/08\/105956_pro_grip_perforated_x60_blanco_1500x1500_vista1_e4a1.webp","type":"image\/webp"}],"twitter_card":"summary_large_image","twitter_misc":{"Gesch\u00e4tzte Lesezeit":"2\u00a0Minuten"},"schema":{"@context":"https:\/\/schema.org","@graph":[{"@type":"WebPage","@id":"https:\/\/revolutionpadelstore.com\/de\/produkt\/overgrip-siux-pro-perforated-x60-unidades-blanco-1\/","url":"https:\/\/revolutionpadelstore.com\/de\/produkt\/overgrip-siux-pro-perforated-x60-unidades-blanco-1\/","name":"OVERGRIP SIUX PRO PERFORATED x60 UNIDADES BLANCO - Revolution Padel Store","isPartOf":{"@id":"https:\/\/revolutionpadelstore.com\/de\/#website"},"primaryImageOfPage":{"@id":"https:\/\/revolutionpadelstore.com\/de\/produkt\/overgrip-siux-pro-perforated-x60-unidades-blanco-1\/#primaryimage"},"image":{"@id":"https:\/\/revolutionpadelstore.com\/de\/produkt\/overgrip-siux-pro-perforated-x60-unidades-blanco-1\/#primaryimage"},"thumbnailUrl":"https:\/\/revolutionpadelstore.com\/wp-content\/uploads\/2025\/08\/105956_pro_grip_perforated_x60_blanco_1500x1500_vista1_e4a1.webp","datePublished":"2025-08-18T16:38:15+00:00","dateModified":"2026-04-08T02:29:18+00:00","description":"Compra el Overgrip Siux Pro Perforated x60 Blanco en Revolution Padel Store. M\u00e1ximo agarre, transpiraci\u00f3n superior y pack de 60 unidades. \u00a1Durabilidad y confort en cada partido!","breadcrumb":{"@id":"https:\/\/revolutionpadelstore.com\/de\/produkt\/overgrip-siux-pro-perforated-x60-unidades-blanco-1\/#breadcrumb"},"inLanguage":"de","potentialAction":[{"@type":"ReadAction","target":["https:\/\/revolutionpadelstore.com\/de\/produkt\/overgrip-siux-pro-perforated-x60-unidades-blanco-1\/"]}]},{"@type":"ImageObject","inLanguage":"de","@id":"https:\/\/revolutionpadelstore.com\/de\/produkt\/overgrip-siux-pro-perforated-x60-unidades-blanco-1\/#primaryimage","url":"https:\/\/revolutionpadelstore.com\/wp-content\/uploads\/2025\/08\/105956_pro_grip_perforated_x60_blanco_1500x1500_vista1_e4a1.webp","contentUrl":"https:\/\/revolutionpadelstore.com\/wp-content\/uploads\/2025\/08\/105956_pro_grip_perforated_x60_blanco_1500x1500_vista1_e4a1.webp","width":1500,"height":1500},{"@type":"BreadcrumbList","@id":"https:\/\/revolutionpadelstore.com\/de\/produkt\/overgrip-siux-pro-perforated-x60-unidades-blanco-1\/#breadcrumb","itemListElement":[{"@type":"ListItem","position":1,"name":"Portada","item":"https:\/\/revolutionpadelstore.com\/de\/"},{"@type":"ListItem","position":2,"name":"Shop","item":"https:\/\/revolutionpadelstore.com\/de\/tienda\/"},{"@type":"ListItem","position":3,"name":"OVERGRIP SIUX PRO PERFORATED x60 UNIDADES BLANCO"}]},{"@type":"WebSite","@id":"https:\/\/revolutionpadelstore.com\/de\/#website","url":"https:\/\/revolutionpadelstore.com\/de\/","name":"Revolution Padel Store","description":"","publisher":{"@id":"https:\/\/revolutionpadelstore.com\/de\/#organization"},"potentialAction":[{"@type":"SearchAction","target":{"@type":"EntryPoint","urlTemplate":"https:\/\/revolutionpadelstore.com\/de\/?s={search_term_string}"},"query-input":{"@type":"PropertyValueSpecification","valueRequired":true,"valueName":"search_term_string"}}],"inLanguage":"de"},{"@type":"Organization","@id":"https:\/\/revolutionpadelstore.com\/de\/#organization","name":"Revolution Padel Store","url":"https:\/\/revolutionpadelstore.com\/de\/","logo":{"@type":"ImageObject","inLanguage":"de","@id":"https:\/\/revolutionpadelstore.com\/de\/#\/schema\/logo\/image\/","url":"https:\/\/revolutionpadelstore.com\/wp-content\/uploads\/2026\/02\/revolution-padel-store.jpg","contentUrl":"https:\/\/revolutionpadelstore.com\/wp-content\/uploads\/2026\/02\/revolution-padel-store.jpg","width":2000,"height":2000,"caption":"Revolution Padel Store"},"image":{"@id":"https:\/\/revolutionpadelstore.com\/de\/#\/schema\/logo\/image\/"},"sameAs":["https:\/\/www.instagram.com\/revolutionpadelstore\/"]}]}},"_links":{"self":[{"href":"https:\/\/revolutionpadelstore.com\/de\/wp-json\/wp\/v2\/product\/265799","targetHints":{"allow":["GET"]}}],"collection":[{"href":"https:\/\/revolutionpadelstore.com\/de\/wp-json\/wp\/v2\/product"}],"about":[{"href":"https:\/\/revolutionpadelstore.com\/de\/wp-json\/wp\/v2\/types\/product"}],"replies":[{"embeddable":true,"href":"https:\/\/revolutionpadelstore.com\/de\/wp-json\/wp\/v2\/comments?post=265799"}],"wp:featuredmedia":[{"embeddable":true,"href":"https:\/\/revolutionpadelstore.com\/de\/wp-json\/wp\/v2\/media\/265782"}],"wp:attachment":[{"href":"https:\/\/revolutionpadelstore.com\/de\/wp-json\/wp\/v2\/media?parent=265799"}],"wp:term":[{"taxonomy":"acabado","embeddable":true,"href":"https:\/\/revolutionpadelstore.com\/de\/wp-json\/wp\/v2\/acabado?post=265799"},{"taxonomy":"balance","embeddable":true,"href":"https:\/\/revolutionpadelstore.com\/de\/wp-json\/wp\/v2\/balance?post=265799"},{"taxonomy":"dureza","embeddable":true,"href":"https:\/\/revolutionpadelstore.com\/de\/wp-json\/wp\/v2\/dureza?post=265799"},{"taxonomy":"forma","embeddable":true,"href":"https:\/\/revolutionpadelstore.com\/de\/wp-json\/wp\/v2\/forma?post=265799"},{"taxonomy":"jugador","embeddable":true,"href":"https:\/\/revolutionpadelstore.com\/de\/wp-json\/wp\/v2\/jugador?post=265799"},{"taxonomy":"marca","embeddable":true,"href":"https:\/\/revolutionpadelstore.com\/de\/wp-json\/wp\/v2\/marca?post=265799"},{"taxonomy":"nivel-de-juego","embeddable":true,"href":"https:\/\/revolutionpadelstore.com\/de\/wp-json\/wp\/v2\/nivel-de-juego?post=265799"},{"taxonomy":"superficie","embeddable":true,"href":"https:\/\/revolutionpadelstore.com\/de\/wp-json\/wp\/v2\/superficie?post=265799"},{"taxonomy":"tipo-de-juego","embeddable":true,"href":"https:\/\/revolutionpadelstore.com\/de\/wp-json\/wp\/v2\/tipo-de-juego?post=265799"},{"taxonomy":"product_brand","embeddable":true,"href":"https:\/\/revolutionpadelstore.com\/de\/wp-json\/wp\/v2\/product_brand?post=265799"},{"taxonomy":"product_cat","embeddable":true,"href":"https:\/\/revolutionpadelstore.com\/de\/wp-json\/wp\/v2\/product_cat?post=265799"},{"taxonomy":"product_tag","embeddable":true,"href":"https:\/\/revolutionpadelstore.com\/de\/wp-json\/wp\/v2\/product_tag?post=265799"}],"curies":[{"name":"wp","href":"https:\/\/api.w.org\/{rel}","templated":true}]}}