{"id":265569,"date":"2025-08-11T13:29:45","date_gmt":"2025-08-11T11:29:45","guid":{"rendered":"https:\/\/revolutionpadelstore.com\/wilson-hurakn-pro-v2-amarillo\/"},"modified":"2026-04-08T04:31:10","modified_gmt":"2026-04-08T02:31:10","slug":"wilson-hurakn-pro-v2-amarillo-1","status":"publish","type":"product","link":"https:\/\/revolutionpadelstore.com\/de\/produkt\/wilson-hurakn-pro-v2-amarillo-1\/","title":{"rendered":"WILSON HURAKN PRO V2 AMARILLO"},"content":{"rendered":"<h2>Wilson Hurakn Pro V2 Yellow \u2013 Geschwindigkeit, Stabilit\u00e4t und Nachhaltigkeit f\u00fcr leistungsstarke Padel-Spieler<\/h2>\n<p>Der <strong>Wilson Hurakn Pro V2<\/strong> in Gelb wurde f\u00fcr den anspruchsvollen Spieler entwickelt, der an jedem Punkt <strong>maximale Geschwindigkeit, Grip und eine perfekte Passform<\/strong> sucht. Seine moderne und sportliche \u00c4sthetik wird mit technischen Innovationen kombiniert, die Leistung, Haltbarkeit und Komfort auf der Strecke verbessern.<\/p>\n<h2>Leistung und Stabilit\u00e4t bei jeder Bewegung<\/h2>\n<p>Ausgestattet mit <strong>Pro Torque Chassis Light<\/strong> bieten diese Schuhe eine verst\u00e4rkte Struktur im Fu\u00dfgew\u00f6lbe, die f\u00fcr <strong>explosiven Schwung, seitliche Stabilit\u00e4t und optimale Flexibilit\u00e4t<\/strong> sorgt, was f\u00fcr schnelle Bewegungen und Richtungswechsel entscheidend ist.<\/p>\n<p>Das <strong>Endofit<\/strong>-System mit socken\u00e4hnlichem Innendesign umh\u00fcllt den Fu\u00df f\u00fcr einen <strong>engen und sicheren Sitz<\/strong> vom ersten Gebrauch an und sorgt f\u00fcr Sicherheit bei jeder Bewegung.<\/p>\n<h2>Technologie und Nachhaltigkeit im Dienste des Spielers<\/h2>\n<p><strong>-Recyceltes Mesh und recyceltes TPU<\/strong>: leichte, atmungsaktive Materialien, die die Umweltbelastung reduzieren, ohne die Leistung zu beeintr\u00e4chtigen.<\/p>\n<p><strong>-Fused 8 Foam-Zwischensohle<\/strong>: Hervorragende D\u00e4mpfung mit hervorragender Energier\u00fcckgabe f\u00fcr einen reaktiven und komfortablen Schritt.<\/p>\n<p><strong>-Duralast-Sohle<\/strong>: hochdichter, abriebfester Gummi, ideal f\u00fcr alle Arten von Padelpl\u00e4tzen.<\/p>\n<p><strong>-Optimaler Grip<\/strong>: Wirbelf\u00f6rmiges Muster im Fersen- und Vorfu\u00dfbereich f\u00fcr <strong>pr\u00e4zise Drehungen und Drehungen<\/strong> in jede Spielrichtung.<\/p>\n<h2>Stil und Leistung vereint<\/h2>\n<p>Der <strong>Wilson Hurakn Pro V2 Yellow<\/strong> kombiniert ein lebendiges Design mit modernsten Technologien und bietet Schuhe, die den technischen Anforderungen von Padel gerecht werden, ohne auf Stil zu verzichten. Perfekt f\u00fcr Spieler, die auf dem Platz <strong>maximale Leistung, Komfort und Haltbarkeit<\/strong> suchen.<\/p>\n<p><strong>Ab sofort in unserem Online-Shop <a href=\"https:\/\/www.revolutionpadelstore.com\/\">www.revolutionpadelstore.com<\/a><\/strong> erh\u00e4ltlich, wahrscheinlich zum besten Preis auf dem Markt.<\/p>\n<h2>Wilson Hurakn Pro V2 Amarillo \u2013 Velocidad, Estabilidad y Sostenibilidad para Jugadores de P\u00e1del de Alto Rendimiento<\/h2>\n","protected":false},"excerpt":{"rendered":"<p>Der Wilson Hurakn Pro V2 bietet Kraft, Traktion und au\u00dfergew\u00f6hnliche Passform. Sie verf\u00fcgen \u00fcber ein Pro Torque-Chassis, eine sockenartige Innenausstattung und recycelte Komponenten, die f\u00fcr Komfort, Grip und nachhaltige Leistung auf dem Platz sorgen.<\/p>\n","protected":false},"featured_media":265526,"comment_status":"open","ping_status":"closed","template":"","meta":{"_acf_changed":false,"_joinchat":[]},"acabado":[],"balance":[],"dureza":[],"forma":[],"jugador":[],"marca":[1264],"nivel-de-juego":[],"superficie":[],"tipo-de-juego":[],"product_brand":[],"product_cat":[831],"product_tag":[],"class_list":{"0":"post-265569","1":"product","2":"type-product","3":"status-publish","4":"has-post-thumbnail","6":"marca-wilson-de","7":"product_cat-turnschuhe","9":"first","10":"outofstock","11":"sale","12":"taxable","13":"shipping-taxable","14":"purchasable","15":"product-type-variable"},"acf":[],"yoast_head":"<!-- This site is optimized with the Yoast SEO plugin v27.4 - https:\/\/yoast.com\/product\/yoast-seo-wordpress\/ -->\n<title>WILSON HURAKN PRO V2 AMARILLO - Revolution Padel Store<\/title>\n<meta name=\"description\" content=\"Compra las Wilson Hurakn Pro V2 Amarillo en Revolution Padel Store. Zapatillas de p\u00e1del con estabilidad, velocidad y materiales reciclados, perfectas para jugadores exigentes.\" \/>\n<meta name=\"robots\" content=\"index, follow, max-snippet:-1, max-image-preview:large, max-video-preview:-1\" \/>\n<link rel=\"canonical\" href=\"https:\/\/revolutionpadelstore.com\/de\/produkt\/wilson-hurakn-pro-v2-amarillo-1\/\" \/>\n<meta property=\"og:locale\" content=\"de_DE\" \/>\n<meta property=\"og:type\" content=\"article\" \/>\n<meta property=\"og:title\" content=\"WILSON HURAKN PRO V2 AMARILLO - Revolution Padel Store\" \/>\n<meta property=\"og:description\" content=\"Compra las Wilson Hurakn Pro V2 Amarillo en Revolution Padel Store. Zapatillas de p\u00e1del con estabilidad, velocidad y materiales reciclados, perfectas para jugadores exigentes.\" \/>\n<meta property=\"og:url\" content=\"https:\/\/revolutionpadelstore.com\/de\/produkt\/wilson-hurakn-pro-v2-amarillo-1\/\" \/>\n<meta property=\"og:site_name\" content=\"Revolution Padel Store\" \/>\n<meta property=\"article:modified_time\" content=\"2026-04-08T02:31:10+00:00\" \/>\n<meta property=\"og:image\" content=\"https:\/\/revolutionpadelstore.com\/wp-content\/uploads\/2025\/08\/287.png\" \/>\n\t<meta property=\"og:image:width\" content=\"1500\" \/>\n\t<meta property=\"og:image:height\" content=\"1500\" \/>\n\t<meta property=\"og:image:type\" content=\"image\/png\" \/>\n<meta name=\"twitter:card\" content=\"summary_large_image\" \/>\n<meta name=\"twitter:label1\" content=\"Gesch\u00e4tzte Lesezeit\" \/>\n\t<meta name=\"twitter:data1\" content=\"1\u00a0Minute\" \/>\n<script type=\"application\/ld+json\" class=\"yoast-schema-graph\">{\"@context\":\"https:\\\/\\\/schema.org\",\"@graph\":[{\"@type\":\"WebPage\",\"@id\":\"https:\\\/\\\/revolutionpadelstore.com\\\/de\\\/produkt\\\/wilson-hurakn-pro-v2-amarillo-1\\\/\",\"url\":\"https:\\\/\\\/revolutionpadelstore.com\\\/de\\\/produkt\\\/wilson-hurakn-pro-v2-amarillo-1\\\/\",\"name\":\"WILSON HURAKN PRO V2 AMARILLO - Revolution Padel Store\",\"isPartOf\":{\"@id\":\"https:\\\/\\\/revolutionpadelstore.com\\\/de\\\/#website\"},\"primaryImageOfPage\":{\"@id\":\"https:\\\/\\\/revolutionpadelstore.com\\\/de\\\/produkt\\\/wilson-hurakn-pro-v2-amarillo-1\\\/#primaryimage\"},\"image\":{\"@id\":\"https:\\\/\\\/revolutionpadelstore.com\\\/de\\\/produkt\\\/wilson-hurakn-pro-v2-amarillo-1\\\/#primaryimage\"},\"thumbnailUrl\":\"https:\\\/\\\/revolutionpadelstore.com\\\/wp-content\\\/uploads\\\/2025\\\/08\\\/287.png\",\"datePublished\":\"2025-08-11T11:29:45+00:00\",\"dateModified\":\"2026-04-08T02:31:10+00:00\",\"description\":\"Compra las Wilson Hurakn Pro V2 Amarillo en Revolution Padel Store. Zapatillas de p\u00e1del con estabilidad, velocidad y materiales reciclados, perfectas para jugadores exigentes.\",\"breadcrumb\":{\"@id\":\"https:\\\/\\\/revolutionpadelstore.com\\\/de\\\/produkt\\\/wilson-hurakn-pro-v2-amarillo-1\\\/#breadcrumb\"},\"inLanguage\":\"de\",\"potentialAction\":[{\"@type\":\"ReadAction\",\"target\":[\"https:\\\/\\\/revolutionpadelstore.com\\\/de\\\/produkt\\\/wilson-hurakn-pro-v2-amarillo-1\\\/\"]}]},{\"@type\":\"ImageObject\",\"inLanguage\":\"de\",\"@id\":\"https:\\\/\\\/revolutionpadelstore.com\\\/de\\\/produkt\\\/wilson-hurakn-pro-v2-amarillo-1\\\/#primaryimage\",\"url\":\"https:\\\/\\\/revolutionpadelstore.com\\\/wp-content\\\/uploads\\\/2025\\\/08\\\/287.png\",\"contentUrl\":\"https:\\\/\\\/revolutionpadelstore.com\\\/wp-content\\\/uploads\\\/2025\\\/08\\\/287.png\",\"width\":1500,\"height\":1500},{\"@type\":\"BreadcrumbList\",\"@id\":\"https:\\\/\\\/revolutionpadelstore.com\\\/de\\\/produkt\\\/wilson-hurakn-pro-v2-amarillo-1\\\/#breadcrumb\",\"itemListElement\":[{\"@type\":\"ListItem\",\"position\":1,\"name\":\"Portada\",\"item\":\"https:\\\/\\\/revolutionpadelstore.com\\\/de\\\/\"},{\"@type\":\"ListItem\",\"position\":2,\"name\":\"Shop\",\"item\":\"https:\\\/\\\/revolutionpadelstore.com\\\/de\\\/tienda\\\/\"},{\"@type\":\"ListItem\",\"position\":3,\"name\":\"WILSON HURAKN PRO V2 AMARILLO\"}]},{\"@type\":\"WebSite\",\"@id\":\"https:\\\/\\\/revolutionpadelstore.com\\\/de\\\/#website\",\"url\":\"https:\\\/\\\/revolutionpadelstore.com\\\/de\\\/\",\"name\":\"Revolution Padel Store\",\"description\":\"\",\"publisher\":{\"@id\":\"https:\\\/\\\/revolutionpadelstore.com\\\/de\\\/#organization\"},\"potentialAction\":[{\"@type\":\"SearchAction\",\"target\":{\"@type\":\"EntryPoint\",\"urlTemplate\":\"https:\\\/\\\/revolutionpadelstore.com\\\/de\\\/?s={search_term_string}\"},\"query-input\":{\"@type\":\"PropertyValueSpecification\",\"valueRequired\":true,\"valueName\":\"search_term_string\"}}],\"inLanguage\":\"de\"},{\"@type\":\"Organization\",\"@id\":\"https:\\\/\\\/revolutionpadelstore.com\\\/de\\\/#organization\",\"name\":\"Revolution Padel Store\",\"url\":\"https:\\\/\\\/revolutionpadelstore.com\\\/de\\\/\",\"logo\":{\"@type\":\"ImageObject\",\"inLanguage\":\"de\",\"@id\":\"https:\\\/\\\/revolutionpadelstore.com\\\/de\\\/#\\\/schema\\\/logo\\\/image\\\/\",\"url\":\"https:\\\/\\\/revolutionpadelstore.com\\\/wp-content\\\/uploads\\\/2026\\\/02\\\/revolution-padel-store.jpg\",\"contentUrl\":\"https:\\\/\\\/revolutionpadelstore.com\\\/wp-content\\\/uploads\\\/2026\\\/02\\\/revolution-padel-store.jpg\",\"width\":2000,\"height\":2000,\"caption\":\"Revolution Padel Store\"},\"image\":{\"@id\":\"https:\\\/\\\/revolutionpadelstore.com\\\/de\\\/#\\\/schema\\\/logo\\\/image\\\/\"},\"sameAs\":[\"https:\\\/\\\/www.instagram.com\\\/revolutionpadelstore\\\/\"]}]}<\/script>\n<!-- \/ Yoast SEO plugin. -->","yoast_head_json":{"title":"WILSON HURAKN PRO V2 AMARILLO - Revolution Padel Store","description":"Compra las Wilson Hurakn Pro V2 Amarillo en Revolution Padel Store. Zapatillas de p\u00e1del con estabilidad, velocidad y materiales reciclados, perfectas para jugadores exigentes.","robots":{"index":"index","follow":"follow","max-snippet":"max-snippet:-1","max-image-preview":"max-image-preview:large","max-video-preview":"max-video-preview:-1"},"canonical":"https:\/\/revolutionpadelstore.com\/de\/produkt\/wilson-hurakn-pro-v2-amarillo-1\/","og_locale":"de_DE","og_type":"article","og_title":"WILSON HURAKN PRO V2 AMARILLO - Revolution Padel Store","og_description":"Compra las Wilson Hurakn Pro V2 Amarillo en Revolution Padel Store. Zapatillas de p\u00e1del con estabilidad, velocidad y materiales reciclados, perfectas para jugadores exigentes.","og_url":"https:\/\/revolutionpadelstore.com\/de\/produkt\/wilson-hurakn-pro-v2-amarillo-1\/","og_site_name":"Revolution Padel Store","article_modified_time":"2026-04-08T02:31:10+00:00","og_image":[{"width":1500,"height":1500,"url":"https:\/\/revolutionpadelstore.com\/wp-content\/uploads\/2025\/08\/287.png","type":"image\/png"}],"twitter_card":"summary_large_image","twitter_misc":{"Gesch\u00e4tzte Lesezeit":"1\u00a0Minute"},"schema":{"@context":"https:\/\/schema.org","@graph":[{"@type":"WebPage","@id":"https:\/\/revolutionpadelstore.com\/de\/produkt\/wilson-hurakn-pro-v2-amarillo-1\/","url":"https:\/\/revolutionpadelstore.com\/de\/produkt\/wilson-hurakn-pro-v2-amarillo-1\/","name":"WILSON HURAKN PRO V2 AMARILLO - Revolution Padel Store","isPartOf":{"@id":"https:\/\/revolutionpadelstore.com\/de\/#website"},"primaryImageOfPage":{"@id":"https:\/\/revolutionpadelstore.com\/de\/produkt\/wilson-hurakn-pro-v2-amarillo-1\/#primaryimage"},"image":{"@id":"https:\/\/revolutionpadelstore.com\/de\/produkt\/wilson-hurakn-pro-v2-amarillo-1\/#primaryimage"},"thumbnailUrl":"https:\/\/revolutionpadelstore.com\/wp-content\/uploads\/2025\/08\/287.png","datePublished":"2025-08-11T11:29:45+00:00","dateModified":"2026-04-08T02:31:10+00:00","description":"Compra las Wilson Hurakn Pro V2 Amarillo en Revolution Padel Store. Zapatillas de p\u00e1del con estabilidad, velocidad y materiales reciclados, perfectas para jugadores exigentes.","breadcrumb":{"@id":"https:\/\/revolutionpadelstore.com\/de\/produkt\/wilson-hurakn-pro-v2-amarillo-1\/#breadcrumb"},"inLanguage":"de","potentialAction":[{"@type":"ReadAction","target":["https:\/\/revolutionpadelstore.com\/de\/produkt\/wilson-hurakn-pro-v2-amarillo-1\/"]}]},{"@type":"ImageObject","inLanguage":"de","@id":"https:\/\/revolutionpadelstore.com\/de\/produkt\/wilson-hurakn-pro-v2-amarillo-1\/#primaryimage","url":"https:\/\/revolutionpadelstore.com\/wp-content\/uploads\/2025\/08\/287.png","contentUrl":"https:\/\/revolutionpadelstore.com\/wp-content\/uploads\/2025\/08\/287.png","width":1500,"height":1500},{"@type":"BreadcrumbList","@id":"https:\/\/revolutionpadelstore.com\/de\/produkt\/wilson-hurakn-pro-v2-amarillo-1\/#breadcrumb","itemListElement":[{"@type":"ListItem","position":1,"name":"Portada","item":"https:\/\/revolutionpadelstore.com\/de\/"},{"@type":"ListItem","position":2,"name":"Shop","item":"https:\/\/revolutionpadelstore.com\/de\/tienda\/"},{"@type":"ListItem","position":3,"name":"WILSON HURAKN PRO V2 AMARILLO"}]},{"@type":"WebSite","@id":"https:\/\/revolutionpadelstore.com\/de\/#website","url":"https:\/\/revolutionpadelstore.com\/de\/","name":"Revolution Padel Store","description":"","publisher":{"@id":"https:\/\/revolutionpadelstore.com\/de\/#organization"},"potentialAction":[{"@type":"SearchAction","target":{"@type":"EntryPoint","urlTemplate":"https:\/\/revolutionpadelstore.com\/de\/?s={search_term_string}"},"query-input":{"@type":"PropertyValueSpecification","valueRequired":true,"valueName":"search_term_string"}}],"inLanguage":"de"},{"@type":"Organization","@id":"https:\/\/revolutionpadelstore.com\/de\/#organization","name":"Revolution Padel Store","url":"https:\/\/revolutionpadelstore.com\/de\/","logo":{"@type":"ImageObject","inLanguage":"de","@id":"https:\/\/revolutionpadelstore.com\/de\/#\/schema\/logo\/image\/","url":"https:\/\/revolutionpadelstore.com\/wp-content\/uploads\/2026\/02\/revolution-padel-store.jpg","contentUrl":"https:\/\/revolutionpadelstore.com\/wp-content\/uploads\/2026\/02\/revolution-padel-store.jpg","width":2000,"height":2000,"caption":"Revolution Padel Store"},"image":{"@id":"https:\/\/revolutionpadelstore.com\/de\/#\/schema\/logo\/image\/"},"sameAs":["https:\/\/www.instagram.com\/revolutionpadelstore\/"]}]}},"_links":{"self":[{"href":"https:\/\/revolutionpadelstore.com\/de\/wp-json\/wp\/v2\/product\/265569","targetHints":{"allow":["GET"]}}],"collection":[{"href":"https:\/\/revolutionpadelstore.com\/de\/wp-json\/wp\/v2\/product"}],"about":[{"href":"https:\/\/revolutionpadelstore.com\/de\/wp-json\/wp\/v2\/types\/product"}],"replies":[{"embeddable":true,"href":"https:\/\/revolutionpadelstore.com\/de\/wp-json\/wp\/v2\/comments?post=265569"}],"wp:featuredmedia":[{"embeddable":true,"href":"https:\/\/revolutionpadelstore.com\/de\/wp-json\/wp\/v2\/media\/265526"}],"wp:attachment":[{"href":"https:\/\/revolutionpadelstore.com\/de\/wp-json\/wp\/v2\/media?parent=265569"}],"wp:term":[{"taxonomy":"acabado","embeddable":true,"href":"https:\/\/revolutionpadelstore.com\/de\/wp-json\/wp\/v2\/acabado?post=265569"},{"taxonomy":"balance","embeddable":true,"href":"https:\/\/revolutionpadelstore.com\/de\/wp-json\/wp\/v2\/balance?post=265569"},{"taxonomy":"dureza","embeddable":true,"href":"https:\/\/revolutionpadelstore.com\/de\/wp-json\/wp\/v2\/dureza?post=265569"},{"taxonomy":"forma","embeddable":true,"href":"https:\/\/revolutionpadelstore.com\/de\/wp-json\/wp\/v2\/forma?post=265569"},{"taxonomy":"jugador","embeddable":true,"href":"https:\/\/revolutionpadelstore.com\/de\/wp-json\/wp\/v2\/jugador?post=265569"},{"taxonomy":"marca","embeddable":true,"href":"https:\/\/revolutionpadelstore.com\/de\/wp-json\/wp\/v2\/marca?post=265569"},{"taxonomy":"nivel-de-juego","embeddable":true,"href":"https:\/\/revolutionpadelstore.com\/de\/wp-json\/wp\/v2\/nivel-de-juego?post=265569"},{"taxonomy":"superficie","embeddable":true,"href":"https:\/\/revolutionpadelstore.com\/de\/wp-json\/wp\/v2\/superficie?post=265569"},{"taxonomy":"tipo-de-juego","embeddable":true,"href":"https:\/\/revolutionpadelstore.com\/de\/wp-json\/wp\/v2\/tipo-de-juego?post=265569"},{"taxonomy":"product_brand","embeddable":true,"href":"https:\/\/revolutionpadelstore.com\/de\/wp-json\/wp\/v2\/product_brand?post=265569"},{"taxonomy":"product_cat","embeddable":true,"href":"https:\/\/revolutionpadelstore.com\/de\/wp-json\/wp\/v2\/product_cat?post=265569"},{"taxonomy":"product_tag","embeddable":true,"href":"https:\/\/revolutionpadelstore.com\/de\/wp-json\/wp\/v2\/product_tag?post=265569"}],"curies":[{"name":"wp","href":"https:\/\/api.w.org\/{rel}","templated":true}]}}