{"id":265349,"date":"2025-08-11T11:25:35","date_gmt":"2025-08-11T09:25:35","guid":{"rendered":"https:\/\/revolutionpadelstore.com\/wilson-hurakn-lite-negro\/"},"modified":"2026-04-08T04:33:52","modified_gmt":"2026-04-08T02:33:52","slug":"wilson-hurakn-lite-negro-1","status":"publish","type":"product","link":"https:\/\/revolutionpadelstore.com\/de\/produkt\/wilson-hurakn-lite-negro-1\/","title":{"rendered":"WILSON HURAKN LITE NEGRO"},"content":{"rendered":"<h2><strong>Wilson Hurakn Lite Black \u2013 Agilit\u00e4t, Leichtigkeit und maximale Traktion auf der Strecke<\/strong><\/h2>\n<p>Der <strong>Wilson Hurakn Lite Black<\/strong> wurde f\u00fcr anspruchsvolle Spieler entwickelt, die einen leichten, atmungsaktiven Schuh mit hervorragender Traktion suchen, um jeden Punkt zu dominieren. Seine <strong>Au\u00dfensohle mit biomechanischem Vortex-Design<\/strong> bietet <strong>au\u00dfergew\u00f6hnlichen Grip und schnelle Drehbewegungen<\/strong> und erm\u00f6glicht explosive und sichere Richtungswechsel auf jeder Padel-Oberfl\u00e4che.<\/p>\n<p>Das <strong>konstruierte Mesh<\/strong> des Oberteils h\u00e4lt Ihre F\u00fc\u00dfe auch in den intensivsten Spielen k\u00fchl und bequem, w\u00e4hrend die Kombination aus <strong>Fused 8 Foam<\/strong>-Zwischensohle und <strong>Ortholite-Einlegesohle<\/strong> f\u00fcr reaktionsf\u00e4hige D\u00e4mpfung, Leichtigkeit und eine perfekte Passform sorgt, die jede Bewegung begleitet.<\/p>\n<p>Das <strong>Pro Torque Chassis Light<\/strong> verbessert die Stabilit\u00e4t und Flexibilit\u00e4t und hilft Ihnen, bei schnellen Fahrten das Gleichgewicht zu halten, und das <strong>Duralast\u2122<\/strong>-System sorgt f\u00fcr <strong>Haltbarkeit und Verschlei\u00dffestigkeit<\/strong> f\u00fcr lang anhaltende Leistung.<\/p>\n<h2><strong>Technische Eigenschaften und Technologien von Wilson<\/strong><\/h2>\n<p><strong>-Technisches Mesh<\/strong>: optimale Atmungsaktivit\u00e4t und Komfort.<\/p>\n<p><strong>-Fused 8 Foam<\/strong>: reaktionsfreudige D\u00e4mpfung mit nachhaltigen Materialien.<\/p>\n<p><strong>-Pro Torque Chassis Light<\/strong>: Balance und Flexibilit\u00e4t f\u00fcr pr\u00e4zise Bewegungen.<\/p>\n<p><strong>-Duralast\u2122<\/strong>: widerstandsf\u00e4hige Sohle mit hervorragender Traktion.<\/p>\n<p><strong>-Optimum Grip<\/strong>: Wirbeldesign f\u00fcr agile und kontrollierte Kurven.<\/p>\n<p><strong>-Ortholite<\/strong>: Einlegesohle, die Feuchtigkeit reguliert und l\u00e4ngeren Komfort bietet.<\/p>\n<h2><strong>Vorteile f\u00fcr den Spieler<\/strong><\/h2>\n<p>-Leichtigkeit f\u00fcr schnelle Bewegungen.<\/p>\n<p>-Maximale Bel\u00fcftung und W\u00e4rmekontrolle.<\/p>\n<p>-Zuverl\u00e4ssiger Halt bei jedem Richtungswechsel.<\/p>\n<p>-Reaktive D\u00e4mpfung, die Erm\u00fcdung reduziert.<\/p>\n<p>Wenn Sie auf der Suche nach Padelschuhen sind, die <strong>fortschrittliche Technologie, Leichtigkeit und hervorragende Traktion<\/strong> vereinen, sind die <strong>Wilson Hurakn Lite Black<\/strong> die beste Wahl.<\/p>\n<p><strong>Jetzt erh\u00e4ltlich in unserem Online-Shop <a href=\"https:\/\/www.revolutionpadelstore.com\/\">www.revolutionpadelstore.com<\/a>, wahrscheinlich zum besten Preis auf dem Markt.<\/strong><\/p>\n","protected":false},"excerpt":{"rendered":"<p>Der <strong>Wilson Hurakn Lite Black<\/strong> kombiniert hervorragende Bel\u00fcftung mit schnell reagierender D\u00e4mpfung und optimaler Traktion auf dem Platz. Es ist die perfekte Wahl f\u00fcr Padel-Spieler, die in jedem Spiel Wert auf Leichtigkeit, Kontrolle und Widerstandsf\u00e4higkeit legen.<strong>Wilson Hurakn Lite Negro<\/strong><\/p>\n","protected":false},"featured_media":265300,"comment_status":"open","ping_status":"closed","template":"","meta":{"_acf_changed":false,"_joinchat":[]},"acabado":[],"balance":[],"dureza":[],"forma":[],"jugador":[],"marca":[1264],"nivel-de-juego":[],"superficie":[],"tipo-de-juego":[],"product_brand":[],"product_cat":[831],"product_tag":[],"class_list":{"0":"post-265349","1":"product","2":"type-product","3":"status-publish","4":"has-post-thumbnail","6":"marca-wilson-de","7":"product_cat-turnschuhe","9":"first","10":"outofstock","11":"sale","12":"taxable","13":"shipping-taxable","14":"purchasable","15":"product-type-variable"},"acf":[],"yoast_head":"<!-- This site is optimized with the Yoast SEO plugin v27.4 - https:\/\/yoast.com\/product\/yoast-seo-wordpress\/ -->\n<title>WILSON HURAKN LITE NEGRO - Revolution Padel Store<\/title>\n<meta name=\"description\" content=\"Compra las Wilson Hurakn Lite Negro en Revolution Padel Store. Zapatillas ligeras, transpirables y con tracci\u00f3n superior, perfectas para jugadores de p\u00e1del que buscan agilidad, confort y durabilidad.\" \/>\n<meta name=\"robots\" content=\"index, follow, max-snippet:-1, max-image-preview:large, max-video-preview:-1\" \/>\n<link rel=\"canonical\" href=\"https:\/\/revolutionpadelstore.com\/de\/produkt\/wilson-hurakn-lite-negro-1\/\" \/>\n<meta property=\"og:locale\" content=\"de_DE\" \/>\n<meta property=\"og:type\" content=\"article\" \/>\n<meta property=\"og:title\" content=\"WILSON HURAKN LITE NEGRO - Revolution Padel Store\" \/>\n<meta property=\"og:description\" content=\"Compra las Wilson Hurakn Lite Negro en Revolution Padel Store. Zapatillas ligeras, transpirables y con tracci\u00f3n superior, perfectas para jugadores de p\u00e1del que buscan agilidad, confort y durabilidad.\" \/>\n<meta property=\"og:url\" content=\"https:\/\/revolutionpadelstore.com\/de\/produkt\/wilson-hurakn-lite-negro-1\/\" \/>\n<meta property=\"og:site_name\" content=\"Revolution Padel Store\" \/>\n<meta property=\"article:modified_time\" content=\"2026-04-08T02:33:52+00:00\" \/>\n<meta property=\"og:image\" content=\"https:\/\/revolutionpadelstore.com\/wp-content\/uploads\/2025\/08\/119436-zapatillas-wilson-hurakn-lite-wrs333920-1500x1500-1.webp\" \/>\n\t<meta property=\"og:image:width\" content=\"1500\" \/>\n\t<meta property=\"og:image:height\" content=\"1500\" \/>\n\t<meta property=\"og:image:type\" content=\"image\/webp\" \/>\n<meta name=\"twitter:card\" content=\"summary_large_image\" \/>\n<meta name=\"twitter:label1\" content=\"Gesch\u00e4tzte Lesezeit\" \/>\n\t<meta name=\"twitter:data1\" content=\"1\u00a0Minute\" \/>\n<script type=\"application\/ld+json\" class=\"yoast-schema-graph\">{\"@context\":\"https:\\\/\\\/schema.org\",\"@graph\":[{\"@type\":\"WebPage\",\"@id\":\"https:\\\/\\\/revolutionpadelstore.com\\\/de\\\/produkt\\\/wilson-hurakn-lite-negro-1\\\/\",\"url\":\"https:\\\/\\\/revolutionpadelstore.com\\\/de\\\/produkt\\\/wilson-hurakn-lite-negro-1\\\/\",\"name\":\"WILSON HURAKN LITE NEGRO - Revolution Padel Store\",\"isPartOf\":{\"@id\":\"https:\\\/\\\/revolutionpadelstore.com\\\/de\\\/#website\"},\"primaryImageOfPage\":{\"@id\":\"https:\\\/\\\/revolutionpadelstore.com\\\/de\\\/produkt\\\/wilson-hurakn-lite-negro-1\\\/#primaryimage\"},\"image\":{\"@id\":\"https:\\\/\\\/revolutionpadelstore.com\\\/de\\\/produkt\\\/wilson-hurakn-lite-negro-1\\\/#primaryimage\"},\"thumbnailUrl\":\"https:\\\/\\\/revolutionpadelstore.com\\\/wp-content\\\/uploads\\\/2025\\\/08\\\/119436-zapatillas-wilson-hurakn-lite-wrs333920-1500x1500-1.webp\",\"datePublished\":\"2025-08-11T09:25:35+00:00\",\"dateModified\":\"2026-04-08T02:33:52+00:00\",\"description\":\"Compra las Wilson Hurakn Lite Negro en Revolution Padel Store. Zapatillas ligeras, transpirables y con tracci\u00f3n superior, perfectas para jugadores de p\u00e1del que buscan agilidad, confort y durabilidad.\",\"breadcrumb\":{\"@id\":\"https:\\\/\\\/revolutionpadelstore.com\\\/de\\\/produkt\\\/wilson-hurakn-lite-negro-1\\\/#breadcrumb\"},\"inLanguage\":\"de\",\"potentialAction\":[{\"@type\":\"ReadAction\",\"target\":[\"https:\\\/\\\/revolutionpadelstore.com\\\/de\\\/produkt\\\/wilson-hurakn-lite-negro-1\\\/\"]}]},{\"@type\":\"ImageObject\",\"inLanguage\":\"de\",\"@id\":\"https:\\\/\\\/revolutionpadelstore.com\\\/de\\\/produkt\\\/wilson-hurakn-lite-negro-1\\\/#primaryimage\",\"url\":\"https:\\\/\\\/revolutionpadelstore.com\\\/wp-content\\\/uploads\\\/2025\\\/08\\\/119436-zapatillas-wilson-hurakn-lite-wrs333920-1500x1500-1.webp\",\"contentUrl\":\"https:\\\/\\\/revolutionpadelstore.com\\\/wp-content\\\/uploads\\\/2025\\\/08\\\/119436-zapatillas-wilson-hurakn-lite-wrs333920-1500x1500-1.webp\",\"width\":1500,\"height\":1500},{\"@type\":\"BreadcrumbList\",\"@id\":\"https:\\\/\\\/revolutionpadelstore.com\\\/de\\\/produkt\\\/wilson-hurakn-lite-negro-1\\\/#breadcrumb\",\"itemListElement\":[{\"@type\":\"ListItem\",\"position\":1,\"name\":\"Portada\",\"item\":\"https:\\\/\\\/revolutionpadelstore.com\\\/de\\\/\"},{\"@type\":\"ListItem\",\"position\":2,\"name\":\"Shop\",\"item\":\"https:\\\/\\\/revolutionpadelstore.com\\\/de\\\/tienda\\\/\"},{\"@type\":\"ListItem\",\"position\":3,\"name\":\"WILSON HURAKN LITE NEGRO\"}]},{\"@type\":\"WebSite\",\"@id\":\"https:\\\/\\\/revolutionpadelstore.com\\\/de\\\/#website\",\"url\":\"https:\\\/\\\/revolutionpadelstore.com\\\/de\\\/\",\"name\":\"Revolution Padel Store\",\"description\":\"\",\"publisher\":{\"@id\":\"https:\\\/\\\/revolutionpadelstore.com\\\/de\\\/#organization\"},\"potentialAction\":[{\"@type\":\"SearchAction\",\"target\":{\"@type\":\"EntryPoint\",\"urlTemplate\":\"https:\\\/\\\/revolutionpadelstore.com\\\/de\\\/?s={search_term_string}\"},\"query-input\":{\"@type\":\"PropertyValueSpecification\",\"valueRequired\":true,\"valueName\":\"search_term_string\"}}],\"inLanguage\":\"de\"},{\"@type\":\"Organization\",\"@id\":\"https:\\\/\\\/revolutionpadelstore.com\\\/de\\\/#organization\",\"name\":\"Revolution Padel Store\",\"url\":\"https:\\\/\\\/revolutionpadelstore.com\\\/de\\\/\",\"logo\":{\"@type\":\"ImageObject\",\"inLanguage\":\"de\",\"@id\":\"https:\\\/\\\/revolutionpadelstore.com\\\/de\\\/#\\\/schema\\\/logo\\\/image\\\/\",\"url\":\"https:\\\/\\\/revolutionpadelstore.com\\\/wp-content\\\/uploads\\\/2026\\\/02\\\/revolution-padel-store.jpg\",\"contentUrl\":\"https:\\\/\\\/revolutionpadelstore.com\\\/wp-content\\\/uploads\\\/2026\\\/02\\\/revolution-padel-store.jpg\",\"width\":2000,\"height\":2000,\"caption\":\"Revolution Padel Store\"},\"image\":{\"@id\":\"https:\\\/\\\/revolutionpadelstore.com\\\/de\\\/#\\\/schema\\\/logo\\\/image\\\/\"},\"sameAs\":[\"https:\\\/\\\/www.instagram.com\\\/revolutionpadelstore\\\/\"]}]}<\/script>\n<!-- \/ Yoast SEO plugin. -->","yoast_head_json":{"title":"WILSON HURAKN LITE NEGRO - Revolution Padel Store","description":"Compra las Wilson Hurakn Lite Negro en Revolution Padel Store. Zapatillas ligeras, transpirables y con tracci\u00f3n superior, perfectas para jugadores de p\u00e1del que buscan agilidad, confort y durabilidad.","robots":{"index":"index","follow":"follow","max-snippet":"max-snippet:-1","max-image-preview":"max-image-preview:large","max-video-preview":"max-video-preview:-1"},"canonical":"https:\/\/revolutionpadelstore.com\/de\/produkt\/wilson-hurakn-lite-negro-1\/","og_locale":"de_DE","og_type":"article","og_title":"WILSON HURAKN LITE NEGRO - Revolution Padel Store","og_description":"Compra las Wilson Hurakn Lite Negro en Revolution Padel Store. Zapatillas ligeras, transpirables y con tracci\u00f3n superior, perfectas para jugadores de p\u00e1del que buscan agilidad, confort y durabilidad.","og_url":"https:\/\/revolutionpadelstore.com\/de\/produkt\/wilson-hurakn-lite-negro-1\/","og_site_name":"Revolution Padel Store","article_modified_time":"2026-04-08T02:33:52+00:00","og_image":[{"width":1500,"height":1500,"url":"https:\/\/revolutionpadelstore.com\/wp-content\/uploads\/2025\/08\/119436-zapatillas-wilson-hurakn-lite-wrs333920-1500x1500-1.webp","type":"image\/webp"}],"twitter_card":"summary_large_image","twitter_misc":{"Gesch\u00e4tzte Lesezeit":"1\u00a0Minute"},"schema":{"@context":"https:\/\/schema.org","@graph":[{"@type":"WebPage","@id":"https:\/\/revolutionpadelstore.com\/de\/produkt\/wilson-hurakn-lite-negro-1\/","url":"https:\/\/revolutionpadelstore.com\/de\/produkt\/wilson-hurakn-lite-negro-1\/","name":"WILSON HURAKN LITE NEGRO - Revolution Padel Store","isPartOf":{"@id":"https:\/\/revolutionpadelstore.com\/de\/#website"},"primaryImageOfPage":{"@id":"https:\/\/revolutionpadelstore.com\/de\/produkt\/wilson-hurakn-lite-negro-1\/#primaryimage"},"image":{"@id":"https:\/\/revolutionpadelstore.com\/de\/produkt\/wilson-hurakn-lite-negro-1\/#primaryimage"},"thumbnailUrl":"https:\/\/revolutionpadelstore.com\/wp-content\/uploads\/2025\/08\/119436-zapatillas-wilson-hurakn-lite-wrs333920-1500x1500-1.webp","datePublished":"2025-08-11T09:25:35+00:00","dateModified":"2026-04-08T02:33:52+00:00","description":"Compra las Wilson Hurakn Lite Negro en Revolution Padel Store. Zapatillas ligeras, transpirables y con tracci\u00f3n superior, perfectas para jugadores de p\u00e1del que buscan agilidad, confort y durabilidad.","breadcrumb":{"@id":"https:\/\/revolutionpadelstore.com\/de\/produkt\/wilson-hurakn-lite-negro-1\/#breadcrumb"},"inLanguage":"de","potentialAction":[{"@type":"ReadAction","target":["https:\/\/revolutionpadelstore.com\/de\/produkt\/wilson-hurakn-lite-negro-1\/"]}]},{"@type":"ImageObject","inLanguage":"de","@id":"https:\/\/revolutionpadelstore.com\/de\/produkt\/wilson-hurakn-lite-negro-1\/#primaryimage","url":"https:\/\/revolutionpadelstore.com\/wp-content\/uploads\/2025\/08\/119436-zapatillas-wilson-hurakn-lite-wrs333920-1500x1500-1.webp","contentUrl":"https:\/\/revolutionpadelstore.com\/wp-content\/uploads\/2025\/08\/119436-zapatillas-wilson-hurakn-lite-wrs333920-1500x1500-1.webp","width":1500,"height":1500},{"@type":"BreadcrumbList","@id":"https:\/\/revolutionpadelstore.com\/de\/produkt\/wilson-hurakn-lite-negro-1\/#breadcrumb","itemListElement":[{"@type":"ListItem","position":1,"name":"Portada","item":"https:\/\/revolutionpadelstore.com\/de\/"},{"@type":"ListItem","position":2,"name":"Shop","item":"https:\/\/revolutionpadelstore.com\/de\/tienda\/"},{"@type":"ListItem","position":3,"name":"WILSON HURAKN LITE NEGRO"}]},{"@type":"WebSite","@id":"https:\/\/revolutionpadelstore.com\/de\/#website","url":"https:\/\/revolutionpadelstore.com\/de\/","name":"Revolution Padel Store","description":"","publisher":{"@id":"https:\/\/revolutionpadelstore.com\/de\/#organization"},"potentialAction":[{"@type":"SearchAction","target":{"@type":"EntryPoint","urlTemplate":"https:\/\/revolutionpadelstore.com\/de\/?s={search_term_string}"},"query-input":{"@type":"PropertyValueSpecification","valueRequired":true,"valueName":"search_term_string"}}],"inLanguage":"de"},{"@type":"Organization","@id":"https:\/\/revolutionpadelstore.com\/de\/#organization","name":"Revolution Padel Store","url":"https:\/\/revolutionpadelstore.com\/de\/","logo":{"@type":"ImageObject","inLanguage":"de","@id":"https:\/\/revolutionpadelstore.com\/de\/#\/schema\/logo\/image\/","url":"https:\/\/revolutionpadelstore.com\/wp-content\/uploads\/2026\/02\/revolution-padel-store.jpg","contentUrl":"https:\/\/revolutionpadelstore.com\/wp-content\/uploads\/2026\/02\/revolution-padel-store.jpg","width":2000,"height":2000,"caption":"Revolution Padel Store"},"image":{"@id":"https:\/\/revolutionpadelstore.com\/de\/#\/schema\/logo\/image\/"},"sameAs":["https:\/\/www.instagram.com\/revolutionpadelstore\/"]}]}},"_links":{"self":[{"href":"https:\/\/revolutionpadelstore.com\/de\/wp-json\/wp\/v2\/product\/265349","targetHints":{"allow":["GET"]}}],"collection":[{"href":"https:\/\/revolutionpadelstore.com\/de\/wp-json\/wp\/v2\/product"}],"about":[{"href":"https:\/\/revolutionpadelstore.com\/de\/wp-json\/wp\/v2\/types\/product"}],"replies":[{"embeddable":true,"href":"https:\/\/revolutionpadelstore.com\/de\/wp-json\/wp\/v2\/comments?post=265349"}],"wp:featuredmedia":[{"embeddable":true,"href":"https:\/\/revolutionpadelstore.com\/de\/wp-json\/wp\/v2\/media\/265300"}],"wp:attachment":[{"href":"https:\/\/revolutionpadelstore.com\/de\/wp-json\/wp\/v2\/media?parent=265349"}],"wp:term":[{"taxonomy":"acabado","embeddable":true,"href":"https:\/\/revolutionpadelstore.com\/de\/wp-json\/wp\/v2\/acabado?post=265349"},{"taxonomy":"balance","embeddable":true,"href":"https:\/\/revolutionpadelstore.com\/de\/wp-json\/wp\/v2\/balance?post=265349"},{"taxonomy":"dureza","embeddable":true,"href":"https:\/\/revolutionpadelstore.com\/de\/wp-json\/wp\/v2\/dureza?post=265349"},{"taxonomy":"forma","embeddable":true,"href":"https:\/\/revolutionpadelstore.com\/de\/wp-json\/wp\/v2\/forma?post=265349"},{"taxonomy":"jugador","embeddable":true,"href":"https:\/\/revolutionpadelstore.com\/de\/wp-json\/wp\/v2\/jugador?post=265349"},{"taxonomy":"marca","embeddable":true,"href":"https:\/\/revolutionpadelstore.com\/de\/wp-json\/wp\/v2\/marca?post=265349"},{"taxonomy":"nivel-de-juego","embeddable":true,"href":"https:\/\/revolutionpadelstore.com\/de\/wp-json\/wp\/v2\/nivel-de-juego?post=265349"},{"taxonomy":"superficie","embeddable":true,"href":"https:\/\/revolutionpadelstore.com\/de\/wp-json\/wp\/v2\/superficie?post=265349"},{"taxonomy":"tipo-de-juego","embeddable":true,"href":"https:\/\/revolutionpadelstore.com\/de\/wp-json\/wp\/v2\/tipo-de-juego?post=265349"},{"taxonomy":"product_brand","embeddable":true,"href":"https:\/\/revolutionpadelstore.com\/de\/wp-json\/wp\/v2\/product_brand?post=265349"},{"taxonomy":"product_cat","embeddable":true,"href":"https:\/\/revolutionpadelstore.com\/de\/wp-json\/wp\/v2\/product_cat?post=265349"},{"taxonomy":"product_tag","embeddable":true,"href":"https:\/\/revolutionpadelstore.com\/de\/wp-json\/wp\/v2\/product_tag?post=265349"}],"curies":[{"name":"wp","href":"https:\/\/api.w.org\/{rel}","templated":true}]}}