{"id":265286,"date":"2025-08-11T11:01:45","date_gmt":"2025-08-11T09:01:45","guid":{"rendered":"https:\/\/revolutionpadelstore.com\/paletero-wilson-bela-super-tour-padel-negro\/"},"modified":"2026-04-08T04:34:52","modified_gmt":"2026-04-08T02:34:52","slug":"paletero-wilson-bela-super-tour-padel-negro-1","status":"publish","type":"product","link":"https:\/\/revolutionpadelstore.com\/de\/produkt\/paletero-wilson-bela-super-tour-padel-negro-1\/","title":{"rendered":"Paletero Wilson Bela Super Tour Padel Negro"},"content":{"rendered":"<h2>Wilson Bela Super Tour Paddle Bag Black \u2013 Platz, Schutz und professioneller Stil<\/h2>\n<p>Die <strong>Wilson Bela Super Tour P\u00e1del Negro<\/strong> ist die offizielle Padel-Tasche des legend\u00e4ren <strong>Fernando Belastegu\u00edn<\/strong> und wurde f\u00fcr Spieler entwickelt, die <strong>maximale Kapazit\u00e4t, Haltbarkeit und Schutz<\/strong> f\u00fcr ihre Ausr\u00fcstung suchen. Ideal f\u00fcr alle, die sich nicht mit weniger als dem Besten zufrieden geben. Dieses Modell kombiniert modernste Technologie mit einem eleganten Design in Schwarz mit roten Details.<\/p>\n<h2>Hervorgehobene Funktionen<\/h2>\n<p><strong>-Kapazit\u00e4t f\u00fcr bis zu 6 Padelschl\u00e4ger<\/strong>: perfekter Platz f\u00fcr Ihre Trainings- und Wettkampfschl\u00e4ger.<\/p>\n<p><strong>-Thermoguard-Thermof\u00e4cher<\/strong>: Sch\u00fctzen Sie Ihre Schl\u00e4ger vor Feuchtigkeit und Temperaturschwankungen und verl\u00e4ngern Sie so ihre Lebensdauer.<\/p>\n<p><strong>-Starre Seitenverst\u00e4rkungen<\/strong>: Solide Struktur, die Verformungen verhindert und die Ausr\u00fcstung sicher h\u00e4lt.<\/p>\n<p><strong>-Unabh\u00e4ngiges Schuhfach<\/strong>: Ideal, um Ihre Schuhe vom Rest Ihrer Ausr\u00fcstung zu trennen und so die Hygiene zu gew\u00e4hrleisten.<\/p>\n<p><strong>-Mehrere Taschen<\/strong>: Organisieren Sie Kleidung, Accessoires und pers\u00f6nliche Gegenst\u00e4nde ganz bequem.<\/p>\n<p><strong>-Ergonomischer Transport<\/strong>: verstellbare und gepolsterte Griffe im Rucksackstil sowie Tragegriff oben f\u00fcr einfachen und bequemen Transport.<\/p>\n<p><strong>-Elegantes und funktionales Design<\/strong>: Schwarz mit roten Details und dem Bela-Logo, das Stil und Professionalit\u00e4t widerspiegelt.<\/p>\n<h2>Vorteile f\u00fcr den Spieler<\/h2>\n<p>Diese Padelschl\u00e4gertasche bietet nicht nur gro\u00dfes Fassungsverm\u00f6gen und Widerstandsf\u00e4higkeit, sondern k\u00fcmmert sich auch um den Zustand Ihrer Ausr\u00fcstung. Dank der <strong>Thermoguard<\/strong>-Technologie sind Ihre Schl\u00e4ger immer unter besten Bedingungen spielbereit. Sein ergonomisches Design und die intelligente Raumaufteilung erm\u00f6glichen es Ihnen, alles, was Sie brauchen, von Kleidung und Schuhen bis hin zu Accessoires und pers\u00f6nlichen Gegenst\u00e4nden, in v\u00f6lliger Ordnung und Komfort zu transportieren.<\/p>\n<h2>Technische Daten<\/h2>\n<p>-Marke: <strong>Wilson<\/strong><\/p>\n<p>-Modell: <strong>Bela Super Tour P\u00e1del Negro<\/strong><\/p>\n<p>-Kapazit\u00e4t: <strong>6 Klingen<\/strong><\/p>\n<p>-Technologie: <strong>Thermoguard<\/strong><\/p>\n<p>-Farben: <strong>Schwarz \/ Rot<\/strong><\/p>\n<p>-Transportart: Rucksack und Handgriff<\/p>\n<p><strong>Bringen Sie Ihr Spiel mit der Wilson Bela Super Tour Padel-Tasche auf die n\u00e4chste Stufe und genie\u00dfen Sie die perfekte Kombination aus Stil, Komfort und Schutz.<\/strong><\/p>\n<p>Ab sofort in unserem Online-Shop <strong><a href=\"https:\/\/www.revolutionpadelstore.com\/\">www.revolutionpadelstore.com<\/a><\/strong> erh\u00e4ltlich, wahrscheinlich zum besten Preis auf dem Markt.<\/p>\n<h2>Paletero Wilson Bela Super Tour P\u00e1del Negro \u2013 Espacio, protecci\u00f3n y estilo profesional<\/h2>\n","protected":false},"excerpt":{"rendered":"<p>Die Wilson Bela Super Tour Padelschl\u00e4gertasche bietet Platz f\u00fcr bis zu 6 Schl\u00e4ger, verf\u00fcgt \u00fcber einen W\u00e4rmeschutz, ein hochwertiges Design und garantiert einen komfortablen Transport. Es ist die perfekte Wahl f\u00fcr anspruchsvolle Gamer, die Leistung und Stil kombinieren m\u00f6chten.<\/p>\n","protected":false},"featured_media":265269,"comment_status":"open","ping_status":"closed","template":"","meta":{"_acf_changed":false,"_joinchat":[]},"acabado":[],"balance":[],"dureza":[],"forma":[],"jugador":[],"marca":[1264],"nivel-de-juego":[],"superficie":[],"tipo-de-juego":[],"product_brand":[],"product_cat":[314],"product_tag":[],"class_list":{"0":"post-265286","1":"product","2":"type-product","3":"status-publish","4":"has-post-thumbnail","6":"marca-wilson-de","7":"product_cat-taschen","9":"first","10":"instock","11":"sale","12":"taxable","13":"shipping-taxable","14":"purchasable","15":"product-type-simple"},"acf":[],"yoast_head":"<!-- This site is optimized with the Yoast SEO plugin v27.4 - https:\/\/yoast.com\/product\/yoast-seo-wordpress\/ -->\n<title>Paletero Wilson Bela Super Tour Padel Negro - Revolution Padel Store<\/title>\n<meta name=\"description\" content=\"Compra el Paletero Wilson Bela Super Tour P\u00e1del Negro, oficial de Fernando Belastegu\u00edn. Capacidad para 6 palas, tecnolog\u00eda Thermoguard y dise\u00f1o elegante. \u00a1Protecci\u00f3n y estilo para tu juego!\" \/>\n<meta name=\"robots\" content=\"index, follow, max-snippet:-1, max-image-preview:large, max-video-preview:-1\" \/>\n<link rel=\"canonical\" href=\"https:\/\/revolutionpadelstore.com\/de\/produkt\/paletero-wilson-bela-super-tour-padel-negro-1\/\" \/>\n<meta property=\"og:locale\" content=\"de_DE\" \/>\n<meta property=\"og:type\" content=\"article\" \/>\n<meta property=\"og:title\" content=\"Paletero Wilson Bela Super Tour Padel Negro - Revolution Padel Store\" \/>\n<meta property=\"og:description\" content=\"Compra el Paletero Wilson Bela Super Tour P\u00e1del Negro, oficial de Fernando Belastegu\u00edn. Capacidad para 6 palas, tecnolog\u00eda Thermoguard y dise\u00f1o elegante. \u00a1Protecci\u00f3n y estilo para tu juego!\" \/>\n<meta property=\"og:url\" content=\"https:\/\/revolutionpadelstore.com\/de\/produkt\/paletero-wilson-bela-super-tour-padel-negro-1\/\" \/>\n<meta property=\"og:site_name\" content=\"Revolution Padel Store\" \/>\n<meta property=\"article:modified_time\" content=\"2026-04-08T02:34:52+00:00\" \/>\n<meta property=\"og:image\" content=\"https:\/\/revolutionpadelstore.com\/wp-content\/uploads\/2025\/08\/119461-paletero-wilson-bela-super-tour-padel-wr8910801-1500x1500-1.webp\" \/>\n\t<meta property=\"og:image:width\" content=\"1500\" \/>\n\t<meta property=\"og:image:height\" content=\"1500\" \/>\n\t<meta property=\"og:image:type\" content=\"image\/webp\" \/>\n<meta name=\"twitter:card\" content=\"summary_large_image\" \/>\n<meta name=\"twitter:label1\" content=\"Gesch\u00e4tzte Lesezeit\" \/>\n\t<meta name=\"twitter:data1\" content=\"2\u00a0Minuten\" \/>\n<script type=\"application\/ld+json\" class=\"yoast-schema-graph\">{\"@context\":\"https:\\\/\\\/schema.org\",\"@graph\":[{\"@type\":\"WebPage\",\"@id\":\"https:\\\/\\\/revolutionpadelstore.com\\\/de\\\/produkt\\\/paletero-wilson-bela-super-tour-padel-negro-1\\\/\",\"url\":\"https:\\\/\\\/revolutionpadelstore.com\\\/de\\\/produkt\\\/paletero-wilson-bela-super-tour-padel-negro-1\\\/\",\"name\":\"Paletero Wilson Bela Super Tour Padel Negro - Revolution Padel Store\",\"isPartOf\":{\"@id\":\"https:\\\/\\\/revolutionpadelstore.com\\\/de\\\/#website\"},\"primaryImageOfPage\":{\"@id\":\"https:\\\/\\\/revolutionpadelstore.com\\\/de\\\/produkt\\\/paletero-wilson-bela-super-tour-padel-negro-1\\\/#primaryimage\"},\"image\":{\"@id\":\"https:\\\/\\\/revolutionpadelstore.com\\\/de\\\/produkt\\\/paletero-wilson-bela-super-tour-padel-negro-1\\\/#primaryimage\"},\"thumbnailUrl\":\"https:\\\/\\\/revolutionpadelstore.com\\\/wp-content\\\/uploads\\\/2025\\\/08\\\/119461-paletero-wilson-bela-super-tour-padel-wr8910801-1500x1500-1.webp\",\"datePublished\":\"2025-08-11T09:01:45+00:00\",\"dateModified\":\"2026-04-08T02:34:52+00:00\",\"description\":\"Compra el Paletero Wilson Bela Super Tour P\u00e1del Negro, oficial de Fernando Belastegu\u00edn. Capacidad para 6 palas, tecnolog\u00eda Thermoguard y dise\u00f1o elegante. \u00a1Protecci\u00f3n y estilo para tu juego!\",\"breadcrumb\":{\"@id\":\"https:\\\/\\\/revolutionpadelstore.com\\\/de\\\/produkt\\\/paletero-wilson-bela-super-tour-padel-negro-1\\\/#breadcrumb\"},\"inLanguage\":\"de\",\"potentialAction\":[{\"@type\":\"ReadAction\",\"target\":[\"https:\\\/\\\/revolutionpadelstore.com\\\/de\\\/produkt\\\/paletero-wilson-bela-super-tour-padel-negro-1\\\/\"]}]},{\"@type\":\"ImageObject\",\"inLanguage\":\"de\",\"@id\":\"https:\\\/\\\/revolutionpadelstore.com\\\/de\\\/produkt\\\/paletero-wilson-bela-super-tour-padel-negro-1\\\/#primaryimage\",\"url\":\"https:\\\/\\\/revolutionpadelstore.com\\\/wp-content\\\/uploads\\\/2025\\\/08\\\/119461-paletero-wilson-bela-super-tour-padel-wr8910801-1500x1500-1.webp\",\"contentUrl\":\"https:\\\/\\\/revolutionpadelstore.com\\\/wp-content\\\/uploads\\\/2025\\\/08\\\/119461-paletero-wilson-bela-super-tour-padel-wr8910801-1500x1500-1.webp\",\"width\":1500,\"height\":1500},{\"@type\":\"BreadcrumbList\",\"@id\":\"https:\\\/\\\/revolutionpadelstore.com\\\/de\\\/produkt\\\/paletero-wilson-bela-super-tour-padel-negro-1\\\/#breadcrumb\",\"itemListElement\":[{\"@type\":\"ListItem\",\"position\":1,\"name\":\"Portada\",\"item\":\"https:\\\/\\\/revolutionpadelstore.com\\\/de\\\/\"},{\"@type\":\"ListItem\",\"position\":2,\"name\":\"Shop\",\"item\":\"https:\\\/\\\/revolutionpadelstore.com\\\/de\\\/tienda\\\/\"},{\"@type\":\"ListItem\",\"position\":3,\"name\":\"Paletero Wilson Bela Super Tour Padel Negro\"}]},{\"@type\":\"WebSite\",\"@id\":\"https:\\\/\\\/revolutionpadelstore.com\\\/de\\\/#website\",\"url\":\"https:\\\/\\\/revolutionpadelstore.com\\\/de\\\/\",\"name\":\"Revolution Padel Store\",\"description\":\"\",\"publisher\":{\"@id\":\"https:\\\/\\\/revolutionpadelstore.com\\\/de\\\/#organization\"},\"potentialAction\":[{\"@type\":\"SearchAction\",\"target\":{\"@type\":\"EntryPoint\",\"urlTemplate\":\"https:\\\/\\\/revolutionpadelstore.com\\\/de\\\/?s={search_term_string}\"},\"query-input\":{\"@type\":\"PropertyValueSpecification\",\"valueRequired\":true,\"valueName\":\"search_term_string\"}}],\"inLanguage\":\"de\"},{\"@type\":\"Organization\",\"@id\":\"https:\\\/\\\/revolutionpadelstore.com\\\/de\\\/#organization\",\"name\":\"Revolution Padel Store\",\"url\":\"https:\\\/\\\/revolutionpadelstore.com\\\/de\\\/\",\"logo\":{\"@type\":\"ImageObject\",\"inLanguage\":\"de\",\"@id\":\"https:\\\/\\\/revolutionpadelstore.com\\\/de\\\/#\\\/schema\\\/logo\\\/image\\\/\",\"url\":\"https:\\\/\\\/revolutionpadelstore.com\\\/wp-content\\\/uploads\\\/2026\\\/02\\\/revolution-padel-store.jpg\",\"contentUrl\":\"https:\\\/\\\/revolutionpadelstore.com\\\/wp-content\\\/uploads\\\/2026\\\/02\\\/revolution-padel-store.jpg\",\"width\":2000,\"height\":2000,\"caption\":\"Revolution Padel Store\"},\"image\":{\"@id\":\"https:\\\/\\\/revolutionpadelstore.com\\\/de\\\/#\\\/schema\\\/logo\\\/image\\\/\"},\"sameAs\":[\"https:\\\/\\\/www.instagram.com\\\/revolutionpadelstore\\\/\"]}]}<\/script>\n<!-- \/ Yoast SEO plugin. -->","yoast_head_json":{"title":"Paletero Wilson Bela Super Tour Padel Negro - Revolution Padel Store","description":"Compra el Paletero Wilson Bela Super Tour P\u00e1del Negro, oficial de Fernando Belastegu\u00edn. Capacidad para 6 palas, tecnolog\u00eda Thermoguard y dise\u00f1o elegante. \u00a1Protecci\u00f3n y estilo para tu juego!","robots":{"index":"index","follow":"follow","max-snippet":"max-snippet:-1","max-image-preview":"max-image-preview:large","max-video-preview":"max-video-preview:-1"},"canonical":"https:\/\/revolutionpadelstore.com\/de\/produkt\/paletero-wilson-bela-super-tour-padel-negro-1\/","og_locale":"de_DE","og_type":"article","og_title":"Paletero Wilson Bela Super Tour Padel Negro - Revolution Padel Store","og_description":"Compra el Paletero Wilson Bela Super Tour P\u00e1del Negro, oficial de Fernando Belastegu\u00edn. Capacidad para 6 palas, tecnolog\u00eda Thermoguard y dise\u00f1o elegante. \u00a1Protecci\u00f3n y estilo para tu juego!","og_url":"https:\/\/revolutionpadelstore.com\/de\/produkt\/paletero-wilson-bela-super-tour-padel-negro-1\/","og_site_name":"Revolution Padel Store","article_modified_time":"2026-04-08T02:34:52+00:00","og_image":[{"width":1500,"height":1500,"url":"https:\/\/revolutionpadelstore.com\/wp-content\/uploads\/2025\/08\/119461-paletero-wilson-bela-super-tour-padel-wr8910801-1500x1500-1.webp","type":"image\/webp"}],"twitter_card":"summary_large_image","twitter_misc":{"Gesch\u00e4tzte Lesezeit":"2\u00a0Minuten"},"schema":{"@context":"https:\/\/schema.org","@graph":[{"@type":"WebPage","@id":"https:\/\/revolutionpadelstore.com\/de\/produkt\/paletero-wilson-bela-super-tour-padel-negro-1\/","url":"https:\/\/revolutionpadelstore.com\/de\/produkt\/paletero-wilson-bela-super-tour-padel-negro-1\/","name":"Paletero Wilson Bela Super Tour Padel Negro - Revolution Padel Store","isPartOf":{"@id":"https:\/\/revolutionpadelstore.com\/de\/#website"},"primaryImageOfPage":{"@id":"https:\/\/revolutionpadelstore.com\/de\/produkt\/paletero-wilson-bela-super-tour-padel-negro-1\/#primaryimage"},"image":{"@id":"https:\/\/revolutionpadelstore.com\/de\/produkt\/paletero-wilson-bela-super-tour-padel-negro-1\/#primaryimage"},"thumbnailUrl":"https:\/\/revolutionpadelstore.com\/wp-content\/uploads\/2025\/08\/119461-paletero-wilson-bela-super-tour-padel-wr8910801-1500x1500-1.webp","datePublished":"2025-08-11T09:01:45+00:00","dateModified":"2026-04-08T02:34:52+00:00","description":"Compra el Paletero Wilson Bela Super Tour P\u00e1del Negro, oficial de Fernando Belastegu\u00edn. Capacidad para 6 palas, tecnolog\u00eda Thermoguard y dise\u00f1o elegante. \u00a1Protecci\u00f3n y estilo para tu juego!","breadcrumb":{"@id":"https:\/\/revolutionpadelstore.com\/de\/produkt\/paletero-wilson-bela-super-tour-padel-negro-1\/#breadcrumb"},"inLanguage":"de","potentialAction":[{"@type":"ReadAction","target":["https:\/\/revolutionpadelstore.com\/de\/produkt\/paletero-wilson-bela-super-tour-padel-negro-1\/"]}]},{"@type":"ImageObject","inLanguage":"de","@id":"https:\/\/revolutionpadelstore.com\/de\/produkt\/paletero-wilson-bela-super-tour-padel-negro-1\/#primaryimage","url":"https:\/\/revolutionpadelstore.com\/wp-content\/uploads\/2025\/08\/119461-paletero-wilson-bela-super-tour-padel-wr8910801-1500x1500-1.webp","contentUrl":"https:\/\/revolutionpadelstore.com\/wp-content\/uploads\/2025\/08\/119461-paletero-wilson-bela-super-tour-padel-wr8910801-1500x1500-1.webp","width":1500,"height":1500},{"@type":"BreadcrumbList","@id":"https:\/\/revolutionpadelstore.com\/de\/produkt\/paletero-wilson-bela-super-tour-padel-negro-1\/#breadcrumb","itemListElement":[{"@type":"ListItem","position":1,"name":"Portada","item":"https:\/\/revolutionpadelstore.com\/de\/"},{"@type":"ListItem","position":2,"name":"Shop","item":"https:\/\/revolutionpadelstore.com\/de\/tienda\/"},{"@type":"ListItem","position":3,"name":"Paletero Wilson Bela Super Tour Padel Negro"}]},{"@type":"WebSite","@id":"https:\/\/revolutionpadelstore.com\/de\/#website","url":"https:\/\/revolutionpadelstore.com\/de\/","name":"Revolution Padel Store","description":"","publisher":{"@id":"https:\/\/revolutionpadelstore.com\/de\/#organization"},"potentialAction":[{"@type":"SearchAction","target":{"@type":"EntryPoint","urlTemplate":"https:\/\/revolutionpadelstore.com\/de\/?s={search_term_string}"},"query-input":{"@type":"PropertyValueSpecification","valueRequired":true,"valueName":"search_term_string"}}],"inLanguage":"de"},{"@type":"Organization","@id":"https:\/\/revolutionpadelstore.com\/de\/#organization","name":"Revolution Padel Store","url":"https:\/\/revolutionpadelstore.com\/de\/","logo":{"@type":"ImageObject","inLanguage":"de","@id":"https:\/\/revolutionpadelstore.com\/de\/#\/schema\/logo\/image\/","url":"https:\/\/revolutionpadelstore.com\/wp-content\/uploads\/2026\/02\/revolution-padel-store.jpg","contentUrl":"https:\/\/revolutionpadelstore.com\/wp-content\/uploads\/2026\/02\/revolution-padel-store.jpg","width":2000,"height":2000,"caption":"Revolution Padel Store"},"image":{"@id":"https:\/\/revolutionpadelstore.com\/de\/#\/schema\/logo\/image\/"},"sameAs":["https:\/\/www.instagram.com\/revolutionpadelstore\/"]}]}},"_links":{"self":[{"href":"https:\/\/revolutionpadelstore.com\/de\/wp-json\/wp\/v2\/product\/265286","targetHints":{"allow":["GET"]}}],"collection":[{"href":"https:\/\/revolutionpadelstore.com\/de\/wp-json\/wp\/v2\/product"}],"about":[{"href":"https:\/\/revolutionpadelstore.com\/de\/wp-json\/wp\/v2\/types\/product"}],"replies":[{"embeddable":true,"href":"https:\/\/revolutionpadelstore.com\/de\/wp-json\/wp\/v2\/comments?post=265286"}],"wp:featuredmedia":[{"embeddable":true,"href":"https:\/\/revolutionpadelstore.com\/de\/wp-json\/wp\/v2\/media\/265269"}],"wp:attachment":[{"href":"https:\/\/revolutionpadelstore.com\/de\/wp-json\/wp\/v2\/media?parent=265286"}],"wp:term":[{"taxonomy":"acabado","embeddable":true,"href":"https:\/\/revolutionpadelstore.com\/de\/wp-json\/wp\/v2\/acabado?post=265286"},{"taxonomy":"balance","embeddable":true,"href":"https:\/\/revolutionpadelstore.com\/de\/wp-json\/wp\/v2\/balance?post=265286"},{"taxonomy":"dureza","embeddable":true,"href":"https:\/\/revolutionpadelstore.com\/de\/wp-json\/wp\/v2\/dureza?post=265286"},{"taxonomy":"forma","embeddable":true,"href":"https:\/\/revolutionpadelstore.com\/de\/wp-json\/wp\/v2\/forma?post=265286"},{"taxonomy":"jugador","embeddable":true,"href":"https:\/\/revolutionpadelstore.com\/de\/wp-json\/wp\/v2\/jugador?post=265286"},{"taxonomy":"marca","embeddable":true,"href":"https:\/\/revolutionpadelstore.com\/de\/wp-json\/wp\/v2\/marca?post=265286"},{"taxonomy":"nivel-de-juego","embeddable":true,"href":"https:\/\/revolutionpadelstore.com\/de\/wp-json\/wp\/v2\/nivel-de-juego?post=265286"},{"taxonomy":"superficie","embeddable":true,"href":"https:\/\/revolutionpadelstore.com\/de\/wp-json\/wp\/v2\/superficie?post=265286"},{"taxonomy":"tipo-de-juego","embeddable":true,"href":"https:\/\/revolutionpadelstore.com\/de\/wp-json\/wp\/v2\/tipo-de-juego?post=265286"},{"taxonomy":"product_brand","embeddable":true,"href":"https:\/\/revolutionpadelstore.com\/de\/wp-json\/wp\/v2\/product_brand?post=265286"},{"taxonomy":"product_cat","embeddable":true,"href":"https:\/\/revolutionpadelstore.com\/de\/wp-json\/wp\/v2\/product_cat?post=265286"},{"taxonomy":"product_tag","embeddable":true,"href":"https:\/\/revolutionpadelstore.com\/de\/wp-json\/wp\/v2\/product_tag?post=265286"}],"curies":[{"name":"wp","href":"https:\/\/api.w.org\/{rel}","templated":true}]}}