{"id":265228,"date":"2025-08-10T21:09:58","date_gmt":"2025-08-10T19:09:58","guid":{"rendered":"https:\/\/revolutionpadelstore.com\/paletero-wilson-bela-super-tour-padel-blanco\/"},"modified":"2026-04-08T04:35:27","modified_gmt":"2026-04-08T02:35:27","slug":"paletero-wilson-bela-super-tour-padel-blanco-1","status":"publish","type":"product","link":"https:\/\/revolutionpadelstore.com\/de\/produkt\/paletero-wilson-bela-super-tour-padel-blanco-1\/","title":{"rendered":"PALETERO WILSON BELA SUPER TOUR PADEL BLANCO"},"content":{"rendered":"<h2><strong>Wilson Bela DNA Super Tour Paddeltasche \u2013 inspiriert von Fernando Belastegu\u00edn<\/strong><\/h2>\n<p>Die <strong>Wilson Bela DNA Super Tour<\/strong> ist viel mehr als eine Tasche: Sie spiegelt Fernando Belastegu\u00edns <strong>Besessenheit von Perfektion wider und wurde in Zusammenarbeit mit der Legende entwickelt, um alle Bed\u00fcrfnisse des Elitespielers abzudecken.<\/p>\n<p>Es verf\u00fcgt \u00fcber eine <strong>TPU-Beschichtung<\/strong>, um sein makelloses Aussehen zu bewahren, und verf\u00fcgt \u00fcber die <strong>Thermoguard<\/strong>-Technologie, die Ihre Schl\u00e4ger vor extremen Temperaturen sch\u00fctzt und daf\u00fcr sorgt, dass Ihre Ausr\u00fcstung im besten Zustand bleibt. Dar\u00fcber hinaus werden Ihre Wertsachen in der <strong>mit Fleece gef\u00fctterten Zubeh\u00f6rtasche<\/strong> mit gr\u00f6\u00dfter Sorgfalt aufbewahrt.<\/p>\n<h2><strong>Hervorgehobene Funktionen<\/strong><\/h2>\n<p><strong>-Exklusives Design<\/strong>, inspiriert von Fernando Belastegu\u00edn.<\/p>\n<p>-Resistente und leicht zu reinigende <strong>TPU-Beschichtung<\/strong>.<\/p>\n<p>-Hauptfach mit <strong>Thermoguard-Futter<\/strong> zum Schutz der Schl\u00e4ger vor Hitze und K\u00e4lte.<\/p>\n<p><strong>&#8211; Fleecegef\u00fctterte Tasche<\/strong> f\u00fcr Accessoires und empfindliche Gegenst\u00e4nde.<\/p>\n<p>-Mehrere zus\u00e4tzliche Taschen, um alles <strong>organisiert und zug\u00e4nglich<\/strong> zu halten.<\/p>\n<h2><strong>Vorteile f\u00fcr den Spieler<\/strong><\/h2>\n<p>-Sicherer und eleganter Transport Ihrer gesamten Ausr\u00fcstung.<\/p>\n<p>-Umfassender Schutz vor extremen Wetterbedingungen.<\/p>\n<p>-Perfekte Organisation durch gut verteilte F\u00e4cher.<\/p>\n<p>-\u00dcberlegene Haltbarkeit und erstklassiges Design.<\/p>\n<p><strong>Holen Sie sich die Wilson Bela DNA Super Tour und bringen Sie Ihr Spiel auf die n\u00e4chste Stufe.<\/strong> Ab sofort erh\u00e4ltlich unter <strong><a href=\"https:\/\/www.revolutionpadelstore.com\/\">www.revolutionpadelstore.com<\/a><\/strong>, wahrscheinlich zum besten Preis auf dem Markt.<\/p>\n<h2><strong>Bolsa de P\u00e1del Wilson Bela DNA Super Tour \u2013 Inspirada por Fernando Belastegu\u00edn<\/strong><\/p>\n","protected":false},"excerpt":{"rendered":"<p><strong data-start=\"38\" data-end=\"86\">Wilson Bela Super Tour Paddle Bag White<\/strong>, ideal f\u00fcr den Transport Ihrer gesamten Ausr\u00fcstung zu jeder Jahreszeit. Sein gro\u00dfz\u00fcgiges Fassungsverm\u00f6gen und sein elegantes Design bieten einzigartigen Komfort, der ihn von den anderen abhebt.<strong data-start=\"38\" data-end=\"86\">Paletero Wilson Bela Super Tour P\u00e1del Blanco<\/strong><\/p>\n","protected":false},"featured_media":265193,"comment_status":"open","ping_status":"closed","template":"","meta":{"_acf_changed":false,"_joinchat":[]},"acabado":[],"balance":[],"dureza":[],"forma":[],"jugador":[],"marca":[1264],"nivel-de-juego":[],"superficie":[],"tipo-de-juego":[],"product_brand":[],"product_cat":[314],"product_tag":[],"class_list":{"0":"post-265228","1":"product","2":"type-product","3":"status-publish","4":"has-post-thumbnail","6":"marca-wilson-de","7":"product_cat-taschen","9":"first","10":"instock","11":"sale","12":"taxable","13":"shipping-taxable","14":"purchasable","15":"product-type-simple"},"acf":[],"yoast_head":"<!-- This site is optimized with the Yoast SEO plugin v27.4 - https:\/\/yoast.com\/product\/yoast-seo-wordpress\/ -->\n<title>PALETERO WILSON BELA SUPER TOUR PADEL BLANCO - Revolution Padel Store<\/title>\n<meta name=\"description\" content=\"Descubre la Bolsa Wilson Bela DNA Super Tour en Revolution Padel Store. Inspirada por Fernando Belastegu\u00edn, con Thermoguard, TPU y bolsillos premium.\" \/>\n<meta name=\"robots\" content=\"index, follow, max-snippet:-1, max-image-preview:large, max-video-preview:-1\" \/>\n<link rel=\"canonical\" href=\"https:\/\/revolutionpadelstore.com\/de\/produkt\/paletero-wilson-bela-super-tour-padel-blanco-1\/\" \/>\n<meta property=\"og:locale\" content=\"de_DE\" \/>\n<meta property=\"og:type\" content=\"article\" \/>\n<meta property=\"og:title\" content=\"PALETERO WILSON BELA SUPER TOUR PADEL BLANCO - Revolution Padel Store\" \/>\n<meta property=\"og:description\" content=\"Descubre la Bolsa Wilson Bela DNA Super Tour en Revolution Padel Store. Inspirada por Fernando Belastegu\u00edn, con Thermoguard, TPU y bolsillos premium.\" \/>\n<meta property=\"og:url\" content=\"https:\/\/revolutionpadelstore.com\/de\/produkt\/paletero-wilson-bela-super-tour-padel-blanco-1\/\" \/>\n<meta property=\"og:site_name\" content=\"Revolution Padel Store\" \/>\n<meta property=\"article:modified_time\" content=\"2026-04-08T02:35:27+00:00\" \/>\n<meta property=\"og:image\" content=\"https:\/\/revolutionpadelstore.com\/wp-content\/uploads\/2025\/08\/113592-paletero-wilson-bela-super-tour-padel-wr8907202-1500x1500-1.webp\" \/>\n\t<meta property=\"og:image:width\" content=\"1500\" \/>\n\t<meta property=\"og:image:height\" content=\"1500\" \/>\n\t<meta property=\"og:image:type\" content=\"image\/webp\" \/>\n<meta name=\"twitter:card\" content=\"summary_large_image\" \/>\n<meta name=\"twitter:label1\" content=\"Gesch\u00e4tzte Lesezeit\" \/>\n\t<meta name=\"twitter:data1\" content=\"1\u00a0Minute\" \/>\n<script type=\"application\/ld+json\" class=\"yoast-schema-graph\">{\"@context\":\"https:\\\/\\\/schema.org\",\"@graph\":[{\"@type\":\"WebPage\",\"@id\":\"https:\\\/\\\/revolutionpadelstore.com\\\/de\\\/produkt\\\/paletero-wilson-bela-super-tour-padel-blanco-1\\\/\",\"url\":\"https:\\\/\\\/revolutionpadelstore.com\\\/de\\\/produkt\\\/paletero-wilson-bela-super-tour-padel-blanco-1\\\/\",\"name\":\"PALETERO WILSON BELA SUPER TOUR PADEL BLANCO - Revolution Padel Store\",\"isPartOf\":{\"@id\":\"https:\\\/\\\/revolutionpadelstore.com\\\/de\\\/#website\"},\"primaryImageOfPage\":{\"@id\":\"https:\\\/\\\/revolutionpadelstore.com\\\/de\\\/produkt\\\/paletero-wilson-bela-super-tour-padel-blanco-1\\\/#primaryimage\"},\"image\":{\"@id\":\"https:\\\/\\\/revolutionpadelstore.com\\\/de\\\/produkt\\\/paletero-wilson-bela-super-tour-padel-blanco-1\\\/#primaryimage\"},\"thumbnailUrl\":\"https:\\\/\\\/revolutionpadelstore.com\\\/wp-content\\\/uploads\\\/2025\\\/08\\\/113592-paletero-wilson-bela-super-tour-padel-wr8907202-1500x1500-1.webp\",\"datePublished\":\"2025-08-10T19:09:58+00:00\",\"dateModified\":\"2026-04-08T02:35:27+00:00\",\"description\":\"Descubre la Bolsa Wilson Bela DNA Super Tour en Revolution Padel Store. Inspirada por Fernando Belastegu\u00edn, con Thermoguard, TPU y bolsillos premium.\",\"breadcrumb\":{\"@id\":\"https:\\\/\\\/revolutionpadelstore.com\\\/de\\\/produkt\\\/paletero-wilson-bela-super-tour-padel-blanco-1\\\/#breadcrumb\"},\"inLanguage\":\"de\",\"potentialAction\":[{\"@type\":\"ReadAction\",\"target\":[\"https:\\\/\\\/revolutionpadelstore.com\\\/de\\\/produkt\\\/paletero-wilson-bela-super-tour-padel-blanco-1\\\/\"]}]},{\"@type\":\"ImageObject\",\"inLanguage\":\"de\",\"@id\":\"https:\\\/\\\/revolutionpadelstore.com\\\/de\\\/produkt\\\/paletero-wilson-bela-super-tour-padel-blanco-1\\\/#primaryimage\",\"url\":\"https:\\\/\\\/revolutionpadelstore.com\\\/wp-content\\\/uploads\\\/2025\\\/08\\\/113592-paletero-wilson-bela-super-tour-padel-wr8907202-1500x1500-1.webp\",\"contentUrl\":\"https:\\\/\\\/revolutionpadelstore.com\\\/wp-content\\\/uploads\\\/2025\\\/08\\\/113592-paletero-wilson-bela-super-tour-padel-wr8907202-1500x1500-1.webp\",\"width\":1500,\"height\":1500},{\"@type\":\"BreadcrumbList\",\"@id\":\"https:\\\/\\\/revolutionpadelstore.com\\\/de\\\/produkt\\\/paletero-wilson-bela-super-tour-padel-blanco-1\\\/#breadcrumb\",\"itemListElement\":[{\"@type\":\"ListItem\",\"position\":1,\"name\":\"Portada\",\"item\":\"https:\\\/\\\/revolutionpadelstore.com\\\/de\\\/\"},{\"@type\":\"ListItem\",\"position\":2,\"name\":\"Shop\",\"item\":\"https:\\\/\\\/revolutionpadelstore.com\\\/de\\\/tienda\\\/\"},{\"@type\":\"ListItem\",\"position\":3,\"name\":\"PALETERO WILSON BELA SUPER TOUR PADEL BLANCO\"}]},{\"@type\":\"WebSite\",\"@id\":\"https:\\\/\\\/revolutionpadelstore.com\\\/de\\\/#website\",\"url\":\"https:\\\/\\\/revolutionpadelstore.com\\\/de\\\/\",\"name\":\"Revolution Padel Store\",\"description\":\"\",\"publisher\":{\"@id\":\"https:\\\/\\\/revolutionpadelstore.com\\\/de\\\/#organization\"},\"potentialAction\":[{\"@type\":\"SearchAction\",\"target\":{\"@type\":\"EntryPoint\",\"urlTemplate\":\"https:\\\/\\\/revolutionpadelstore.com\\\/de\\\/?s={search_term_string}\"},\"query-input\":{\"@type\":\"PropertyValueSpecification\",\"valueRequired\":true,\"valueName\":\"search_term_string\"}}],\"inLanguage\":\"de\"},{\"@type\":\"Organization\",\"@id\":\"https:\\\/\\\/revolutionpadelstore.com\\\/de\\\/#organization\",\"name\":\"Revolution Padel Store\",\"url\":\"https:\\\/\\\/revolutionpadelstore.com\\\/de\\\/\",\"logo\":{\"@type\":\"ImageObject\",\"inLanguage\":\"de\",\"@id\":\"https:\\\/\\\/revolutionpadelstore.com\\\/de\\\/#\\\/schema\\\/logo\\\/image\\\/\",\"url\":\"https:\\\/\\\/revolutionpadelstore.com\\\/wp-content\\\/uploads\\\/2026\\\/02\\\/revolution-padel-store.jpg\",\"contentUrl\":\"https:\\\/\\\/revolutionpadelstore.com\\\/wp-content\\\/uploads\\\/2026\\\/02\\\/revolution-padel-store.jpg\",\"width\":2000,\"height\":2000,\"caption\":\"Revolution Padel Store\"},\"image\":{\"@id\":\"https:\\\/\\\/revolutionpadelstore.com\\\/de\\\/#\\\/schema\\\/logo\\\/image\\\/\"},\"sameAs\":[\"https:\\\/\\\/www.instagram.com\\\/revolutionpadelstore\\\/\"]}]}<\/script>\n<!-- \/ Yoast SEO plugin. -->","yoast_head_json":{"title":"PALETERO WILSON BELA SUPER TOUR PADEL BLANCO - Revolution Padel Store","description":"Descubre la Bolsa Wilson Bela DNA Super Tour en Revolution Padel Store. Inspirada por Fernando Belastegu\u00edn, con Thermoguard, TPU y bolsillos premium.","robots":{"index":"index","follow":"follow","max-snippet":"max-snippet:-1","max-image-preview":"max-image-preview:large","max-video-preview":"max-video-preview:-1"},"canonical":"https:\/\/revolutionpadelstore.com\/de\/produkt\/paletero-wilson-bela-super-tour-padel-blanco-1\/","og_locale":"de_DE","og_type":"article","og_title":"PALETERO WILSON BELA SUPER TOUR PADEL BLANCO - Revolution Padel Store","og_description":"Descubre la Bolsa Wilson Bela DNA Super Tour en Revolution Padel Store. Inspirada por Fernando Belastegu\u00edn, con Thermoguard, TPU y bolsillos premium.","og_url":"https:\/\/revolutionpadelstore.com\/de\/produkt\/paletero-wilson-bela-super-tour-padel-blanco-1\/","og_site_name":"Revolution Padel Store","article_modified_time":"2026-04-08T02:35:27+00:00","og_image":[{"width":1500,"height":1500,"url":"https:\/\/revolutionpadelstore.com\/wp-content\/uploads\/2025\/08\/113592-paletero-wilson-bela-super-tour-padel-wr8907202-1500x1500-1.webp","type":"image\/webp"}],"twitter_card":"summary_large_image","twitter_misc":{"Gesch\u00e4tzte Lesezeit":"1\u00a0Minute"},"schema":{"@context":"https:\/\/schema.org","@graph":[{"@type":"WebPage","@id":"https:\/\/revolutionpadelstore.com\/de\/produkt\/paletero-wilson-bela-super-tour-padel-blanco-1\/","url":"https:\/\/revolutionpadelstore.com\/de\/produkt\/paletero-wilson-bela-super-tour-padel-blanco-1\/","name":"PALETERO WILSON BELA SUPER TOUR PADEL BLANCO - Revolution Padel Store","isPartOf":{"@id":"https:\/\/revolutionpadelstore.com\/de\/#website"},"primaryImageOfPage":{"@id":"https:\/\/revolutionpadelstore.com\/de\/produkt\/paletero-wilson-bela-super-tour-padel-blanco-1\/#primaryimage"},"image":{"@id":"https:\/\/revolutionpadelstore.com\/de\/produkt\/paletero-wilson-bela-super-tour-padel-blanco-1\/#primaryimage"},"thumbnailUrl":"https:\/\/revolutionpadelstore.com\/wp-content\/uploads\/2025\/08\/113592-paletero-wilson-bela-super-tour-padel-wr8907202-1500x1500-1.webp","datePublished":"2025-08-10T19:09:58+00:00","dateModified":"2026-04-08T02:35:27+00:00","description":"Descubre la Bolsa Wilson Bela DNA Super Tour en Revolution Padel Store. Inspirada por Fernando Belastegu\u00edn, con Thermoguard, TPU y bolsillos premium.","breadcrumb":{"@id":"https:\/\/revolutionpadelstore.com\/de\/produkt\/paletero-wilson-bela-super-tour-padel-blanco-1\/#breadcrumb"},"inLanguage":"de","potentialAction":[{"@type":"ReadAction","target":["https:\/\/revolutionpadelstore.com\/de\/produkt\/paletero-wilson-bela-super-tour-padel-blanco-1\/"]}]},{"@type":"ImageObject","inLanguage":"de","@id":"https:\/\/revolutionpadelstore.com\/de\/produkt\/paletero-wilson-bela-super-tour-padel-blanco-1\/#primaryimage","url":"https:\/\/revolutionpadelstore.com\/wp-content\/uploads\/2025\/08\/113592-paletero-wilson-bela-super-tour-padel-wr8907202-1500x1500-1.webp","contentUrl":"https:\/\/revolutionpadelstore.com\/wp-content\/uploads\/2025\/08\/113592-paletero-wilson-bela-super-tour-padel-wr8907202-1500x1500-1.webp","width":1500,"height":1500},{"@type":"BreadcrumbList","@id":"https:\/\/revolutionpadelstore.com\/de\/produkt\/paletero-wilson-bela-super-tour-padel-blanco-1\/#breadcrumb","itemListElement":[{"@type":"ListItem","position":1,"name":"Portada","item":"https:\/\/revolutionpadelstore.com\/de\/"},{"@type":"ListItem","position":2,"name":"Shop","item":"https:\/\/revolutionpadelstore.com\/de\/tienda\/"},{"@type":"ListItem","position":3,"name":"PALETERO WILSON BELA SUPER TOUR PADEL BLANCO"}]},{"@type":"WebSite","@id":"https:\/\/revolutionpadelstore.com\/de\/#website","url":"https:\/\/revolutionpadelstore.com\/de\/","name":"Revolution Padel Store","description":"","publisher":{"@id":"https:\/\/revolutionpadelstore.com\/de\/#organization"},"potentialAction":[{"@type":"SearchAction","target":{"@type":"EntryPoint","urlTemplate":"https:\/\/revolutionpadelstore.com\/de\/?s={search_term_string}"},"query-input":{"@type":"PropertyValueSpecification","valueRequired":true,"valueName":"search_term_string"}}],"inLanguage":"de"},{"@type":"Organization","@id":"https:\/\/revolutionpadelstore.com\/de\/#organization","name":"Revolution Padel Store","url":"https:\/\/revolutionpadelstore.com\/de\/","logo":{"@type":"ImageObject","inLanguage":"de","@id":"https:\/\/revolutionpadelstore.com\/de\/#\/schema\/logo\/image\/","url":"https:\/\/revolutionpadelstore.com\/wp-content\/uploads\/2026\/02\/revolution-padel-store.jpg","contentUrl":"https:\/\/revolutionpadelstore.com\/wp-content\/uploads\/2026\/02\/revolution-padel-store.jpg","width":2000,"height":2000,"caption":"Revolution Padel Store"},"image":{"@id":"https:\/\/revolutionpadelstore.com\/de\/#\/schema\/logo\/image\/"},"sameAs":["https:\/\/www.instagram.com\/revolutionpadelstore\/"]}]}},"_links":{"self":[{"href":"https:\/\/revolutionpadelstore.com\/de\/wp-json\/wp\/v2\/product\/265228","targetHints":{"allow":["GET"]}}],"collection":[{"href":"https:\/\/revolutionpadelstore.com\/de\/wp-json\/wp\/v2\/product"}],"about":[{"href":"https:\/\/revolutionpadelstore.com\/de\/wp-json\/wp\/v2\/types\/product"}],"replies":[{"embeddable":true,"href":"https:\/\/revolutionpadelstore.com\/de\/wp-json\/wp\/v2\/comments?post=265228"}],"wp:featuredmedia":[{"embeddable":true,"href":"https:\/\/revolutionpadelstore.com\/de\/wp-json\/wp\/v2\/media\/265193"}],"wp:attachment":[{"href":"https:\/\/revolutionpadelstore.com\/de\/wp-json\/wp\/v2\/media?parent=265228"}],"wp:term":[{"taxonomy":"acabado","embeddable":true,"href":"https:\/\/revolutionpadelstore.com\/de\/wp-json\/wp\/v2\/acabado?post=265228"},{"taxonomy":"balance","embeddable":true,"href":"https:\/\/revolutionpadelstore.com\/de\/wp-json\/wp\/v2\/balance?post=265228"},{"taxonomy":"dureza","embeddable":true,"href":"https:\/\/revolutionpadelstore.com\/de\/wp-json\/wp\/v2\/dureza?post=265228"},{"taxonomy":"forma","embeddable":true,"href":"https:\/\/revolutionpadelstore.com\/de\/wp-json\/wp\/v2\/forma?post=265228"},{"taxonomy":"jugador","embeddable":true,"href":"https:\/\/revolutionpadelstore.com\/de\/wp-json\/wp\/v2\/jugador?post=265228"},{"taxonomy":"marca","embeddable":true,"href":"https:\/\/revolutionpadelstore.com\/de\/wp-json\/wp\/v2\/marca?post=265228"},{"taxonomy":"nivel-de-juego","embeddable":true,"href":"https:\/\/revolutionpadelstore.com\/de\/wp-json\/wp\/v2\/nivel-de-juego?post=265228"},{"taxonomy":"superficie","embeddable":true,"href":"https:\/\/revolutionpadelstore.com\/de\/wp-json\/wp\/v2\/superficie?post=265228"},{"taxonomy":"tipo-de-juego","embeddable":true,"href":"https:\/\/revolutionpadelstore.com\/de\/wp-json\/wp\/v2\/tipo-de-juego?post=265228"},{"taxonomy":"product_brand","embeddable":true,"href":"https:\/\/revolutionpadelstore.com\/de\/wp-json\/wp\/v2\/product_brand?post=265228"},{"taxonomy":"product_cat","embeddable":true,"href":"https:\/\/revolutionpadelstore.com\/de\/wp-json\/wp\/v2\/product_cat?post=265228"},{"taxonomy":"product_tag","embeddable":true,"href":"https:\/\/revolutionpadelstore.com\/de\/wp-json\/wp\/v2\/product_tag?post=265228"}],"curies":[{"name":"wp","href":"https:\/\/api.w.org\/{rel}","templated":true}]}}