{"id":265068,"date":"2025-08-10T18:16:54","date_gmt":"2025-08-10T16:16:54","guid":{"rendered":"https:\/\/revolutionpadelstore.com\/wilson-optix-v1-white-padel-2\/"},"modified":"2026-04-08T04:36:21","modified_gmt":"2026-04-08T02:36:21","slug":"wilson-optix-v1-white-padel-2-1","status":"publish","type":"product","link":"https:\/\/revolutionpadelstore.com\/de\/produkt\/wilson-optix-v1-white-padel-2-1\/","title":{"rendered":"WILSON OPTIX V1 WHITE PADEL 2"},"content":{"rendered":"<br \/>\n<h2><strong>Wilson Optix V1 White Padel 2 \u2013 Kontrolle und Pr\u00e4zision f\u00fcr Anf\u00e4nger<\/strong><\/h2>\n<p>Der <strong>Wilson Optix V1 White Padel 2<\/strong> ist der ideale Schl\u00e4ger f\u00fcr alle, die ihre ersten Schritte im Padel machen. Entwickelt, um <strong>maximale Handhabbarkeit, Kontrolle und Komfort<\/strong> zu bieten, hilft es Ihnen, vom ersten Spiel an pr\u00e4zise und sichere Schl\u00e4ge auszuf\u00fchren.<\/p>\n<h2><strong>Hervorragendes Design und Kontrolle<\/strong><\/h2>\n<p>Mit seiner <strong>runden Form<\/strong> und einem <strong>gro\u00dfen Sweet Spot<\/strong> beg\u00fcnstigt dieser Schl\u00e4ger das Gleichgewicht und den Ballaustritt aus jedem Aufprallbereich. Seine wei\u00dfe \u00c4sthetik vermittelt Eleganz und Einfachheit, w\u00e4hrend seine Technologien das Lernen erleichtern und das Selbstvertrauen bei jedem Schlag st\u00e4rken.<\/p>\n<h2><strong>Schl\u00fcsseltechnologien und Materialien<\/strong><\/h2>\n<p><strong>-Runde Form<\/strong>: Ideal zur Optimierung von Kontrolle und Pr\u00e4zision.<\/p>\n<p><strong>-Sharp Hole-Technologie<\/strong>: Perforiert f\u00fcr maximale Pr\u00e4zision und Spin bei jedem Schlag.<\/p>\n<p><strong>-Fiberglas-Rahmen<\/strong>: Sorgt f\u00fcr eine angenehme Haptik und hervorragende Vibrationsd\u00e4mpfung.<\/p>\n<p><strong>-FOAM Core<\/strong>: Sorgt f\u00fcr ein weiches Ballgef\u00fchl, hervorragende Ballausgabe und Balance im Spiel.<\/p>\n<p><strong>-Gewicht<\/strong>: 360-375 g f\u00fcr perfektes Handling.<\/p>\n<h2><strong>Vorteile f\u00fcr den Anf\u00e4nger<\/strong><\/h2>\n<p>-Es f\u00f6rdert schnelles Lernen dank seiner <strong>gro\u00dfen Fehlertoleranz<\/strong>.<\/p>\n<p>-Perfekt f\u00fcr <strong>kontrollierte und sichere Treffer<\/strong>.<\/p>\n<p>-Leichte Materialien, die <strong>fl\u00fcssige und schnelle Bewegungen<\/strong> erm\u00f6glichen.<\/p>\n<p>-Entwickelt, um bei langen Spielen <strong>Erm\u00fcdung zu reduzieren und die Pr\u00e4zision zu verbessern<\/strong>.<\/p>\n<h2><strong>Der perfekte Verb\u00fcndete f\u00fcr Ihre ersten Punkte<\/strong><\/h2>\n<p>Wenn Sie auf der Suche nach einem Padelschl\u00e4ger sind, mit dem Sie Ihre Technik vom ersten Tag an verbessern k\u00f6nnen, ist der <strong>Wilson Optix V1 White Padel 2<\/strong> die beste Wahl. Seine Kombination aus Kontrolle, Komfort und Design macht ihn zu einem wichtigen Werkzeug, um Ihr Spiel voranzutreiben.<\/p>\n<p><strong>Jetzt erh\u00e4ltlich in unserem Online-Shop <a href=\"https:\/\/www.revolutionpadelstore.com\/\">www.revolutionpadelstore.com<\/a>, wahrscheinlich zum besten Preis auf dem Markt.<\/strong><\/p>\n","protected":false},"excerpt":{"rendered":"<p>Der Wilson Optix V1 White 2025 ist der perfekte Schl\u00e4ger, mit dem Sie in jedem Bereich des Spielfelds erste Punkte sammeln k\u00f6nnen. Er bietet eine au\u00dfergew\u00f6hnliche Balance zwischen Kontrolle, Pr\u00e4zision und einfacher Handhabung, die nur wenige bieten k\u00f6nnen.<\/p>\n","protected":false},"featured_media":265039,"comment_status":"open","ping_status":"closed","template":"","meta":{"_acf_changed":false,"_joinchat":[]},"acabado":[1079],"balance":[1144],"dureza":[1149],"forma":[1179],"jugador":[1189],"marca":[1264],"nivel-de-juego":[1349],"superficie":[1359],"tipo-de-juego":[1369],"product_brand":[],"product_cat":[299],"product_tag":[],"class_list":{"0":"post-265068","1":"product","2":"type-product","3":"status-publish","4":"has-post-thumbnail","6":"acabado-helligkeit","7":"balance-niedrig","8":"dureza-blanda-de","9":"forma-rund","10":"jugador-mann","11":"marca-wilson-de","12":"superficie-rugosa-de","13":"tipo-de-juego-kontrolle","14":"product_cat-palas-de-padel-de","16":"first","17":"instock","18":"sale","19":"taxable","20":"shipping-taxable","21":"purchasable","22":"product-type-simple"},"acf":[],"yoast_head":"<!-- This site is optimized with the Yoast SEO plugin v27.4 - https:\/\/yoast.com\/product\/yoast-seo-wordpress\/ -->\n<title>WILSON OPTIX V1 WHITE PADEL 2 - Revolution Padel Store<\/title>\n<meta name=\"description\" content=\"Compra la Wilson Optix V1 White Padel 2, la pala ideal para principiantes que buscan control, precisi\u00f3n y comodidad. Disponible en Revolution Padel Store al mejor precio.\" \/>\n<meta name=\"robots\" content=\"index, follow, max-snippet:-1, max-image-preview:large, max-video-preview:-1\" \/>\n<link rel=\"canonical\" href=\"https:\/\/revolutionpadelstore.com\/de\/produkt\/wilson-optix-v1-white-padel-2-1\/\" \/>\n<meta property=\"og:locale\" content=\"de_DE\" \/>\n<meta property=\"og:type\" content=\"article\" \/>\n<meta property=\"og:title\" content=\"WILSON OPTIX V1 WHITE PADEL 2 - Revolution Padel Store\" \/>\n<meta property=\"og:description\" content=\"Compra la Wilson Optix V1 White Padel 2, la pala ideal para principiantes que buscan control, precisi\u00f3n y comodidad. Disponible en Revolution Padel Store al mejor precio.\" \/>\n<meta property=\"og:url\" content=\"https:\/\/revolutionpadelstore.com\/de\/produkt\/wilson-optix-v1-white-padel-2-1\/\" \/>\n<meta property=\"og:site_name\" content=\"Revolution Padel Store\" \/>\n<meta property=\"article:modified_time\" content=\"2026-04-08T02:36:21+00:00\" \/>\n<meta property=\"og:image\" content=\"https:\/\/revolutionpadelstore.com\/wp-content\/uploads\/2025\/08\/116261-pala-wilson-optix-v1-white-padel-2-wr181711u2-1500x1500-1.webp\" \/>\n\t<meta property=\"og:image:width\" content=\"1500\" \/>\n\t<meta property=\"og:image:height\" content=\"1500\" \/>\n\t<meta property=\"og:image:type\" content=\"image\/webp\" \/>\n<meta name=\"twitter:card\" content=\"summary_large_image\" \/>\n<meta name=\"twitter:label1\" content=\"Gesch\u00e4tzte Lesezeit\" \/>\n\t<meta name=\"twitter:data1\" content=\"1\u00a0Minute\" \/>\n<script type=\"application\/ld+json\" class=\"yoast-schema-graph\">{\"@context\":\"https:\\\/\\\/schema.org\",\"@graph\":[{\"@type\":\"WebPage\",\"@id\":\"https:\\\/\\\/revolutionpadelstore.com\\\/de\\\/produkt\\\/wilson-optix-v1-white-padel-2-1\\\/\",\"url\":\"https:\\\/\\\/revolutionpadelstore.com\\\/de\\\/produkt\\\/wilson-optix-v1-white-padel-2-1\\\/\",\"name\":\"WILSON OPTIX V1 WHITE PADEL 2 - Revolution Padel Store\",\"isPartOf\":{\"@id\":\"https:\\\/\\\/revolutionpadelstore.com\\\/de\\\/#website\"},\"primaryImageOfPage\":{\"@id\":\"https:\\\/\\\/revolutionpadelstore.com\\\/de\\\/produkt\\\/wilson-optix-v1-white-padel-2-1\\\/#primaryimage\"},\"image\":{\"@id\":\"https:\\\/\\\/revolutionpadelstore.com\\\/de\\\/produkt\\\/wilson-optix-v1-white-padel-2-1\\\/#primaryimage\"},\"thumbnailUrl\":\"https:\\\/\\\/revolutionpadelstore.com\\\/wp-content\\\/uploads\\\/2025\\\/08\\\/116261-pala-wilson-optix-v1-white-padel-2-wr181711u2-1500x1500-1.webp\",\"datePublished\":\"2025-08-10T16:16:54+00:00\",\"dateModified\":\"2026-04-08T02:36:21+00:00\",\"description\":\"Compra la Wilson Optix V1 White Padel 2, la pala ideal para principiantes que buscan control, precisi\u00f3n y comodidad. Disponible en Revolution Padel Store al mejor precio.\",\"breadcrumb\":{\"@id\":\"https:\\\/\\\/revolutionpadelstore.com\\\/de\\\/produkt\\\/wilson-optix-v1-white-padel-2-1\\\/#breadcrumb\"},\"inLanguage\":\"de\",\"potentialAction\":[{\"@type\":\"ReadAction\",\"target\":[\"https:\\\/\\\/revolutionpadelstore.com\\\/de\\\/produkt\\\/wilson-optix-v1-white-padel-2-1\\\/\"]}]},{\"@type\":\"ImageObject\",\"inLanguage\":\"de\",\"@id\":\"https:\\\/\\\/revolutionpadelstore.com\\\/de\\\/produkt\\\/wilson-optix-v1-white-padel-2-1\\\/#primaryimage\",\"url\":\"https:\\\/\\\/revolutionpadelstore.com\\\/wp-content\\\/uploads\\\/2025\\\/08\\\/116261-pala-wilson-optix-v1-white-padel-2-wr181711u2-1500x1500-1.webp\",\"contentUrl\":\"https:\\\/\\\/revolutionpadelstore.com\\\/wp-content\\\/uploads\\\/2025\\\/08\\\/116261-pala-wilson-optix-v1-white-padel-2-wr181711u2-1500x1500-1.webp\",\"width\":1500,\"height\":1500},{\"@type\":\"BreadcrumbList\",\"@id\":\"https:\\\/\\\/revolutionpadelstore.com\\\/de\\\/produkt\\\/wilson-optix-v1-white-padel-2-1\\\/#breadcrumb\",\"itemListElement\":[{\"@type\":\"ListItem\",\"position\":1,\"name\":\"Portada\",\"item\":\"https:\\\/\\\/revolutionpadelstore.com\\\/de\\\/\"},{\"@type\":\"ListItem\",\"position\":2,\"name\":\"Shop\",\"item\":\"https:\\\/\\\/revolutionpadelstore.com\\\/de\\\/tienda\\\/\"},{\"@type\":\"ListItem\",\"position\":3,\"name\":\"WILSON OPTIX V1 WHITE PADEL 2\"}]},{\"@type\":\"WebSite\",\"@id\":\"https:\\\/\\\/revolutionpadelstore.com\\\/de\\\/#website\",\"url\":\"https:\\\/\\\/revolutionpadelstore.com\\\/de\\\/\",\"name\":\"Revolution Padel Store\",\"description\":\"\",\"publisher\":{\"@id\":\"https:\\\/\\\/revolutionpadelstore.com\\\/de\\\/#organization\"},\"potentialAction\":[{\"@type\":\"SearchAction\",\"target\":{\"@type\":\"EntryPoint\",\"urlTemplate\":\"https:\\\/\\\/revolutionpadelstore.com\\\/de\\\/?s={search_term_string}\"},\"query-input\":{\"@type\":\"PropertyValueSpecification\",\"valueRequired\":true,\"valueName\":\"search_term_string\"}}],\"inLanguage\":\"de\"},{\"@type\":\"Organization\",\"@id\":\"https:\\\/\\\/revolutionpadelstore.com\\\/de\\\/#organization\",\"name\":\"Revolution Padel Store\",\"url\":\"https:\\\/\\\/revolutionpadelstore.com\\\/de\\\/\",\"logo\":{\"@type\":\"ImageObject\",\"inLanguage\":\"de\",\"@id\":\"https:\\\/\\\/revolutionpadelstore.com\\\/de\\\/#\\\/schema\\\/logo\\\/image\\\/\",\"url\":\"https:\\\/\\\/revolutionpadelstore.com\\\/wp-content\\\/uploads\\\/2026\\\/02\\\/revolution-padel-store.jpg\",\"contentUrl\":\"https:\\\/\\\/revolutionpadelstore.com\\\/wp-content\\\/uploads\\\/2026\\\/02\\\/revolution-padel-store.jpg\",\"width\":2000,\"height\":2000,\"caption\":\"Revolution Padel Store\"},\"image\":{\"@id\":\"https:\\\/\\\/revolutionpadelstore.com\\\/de\\\/#\\\/schema\\\/logo\\\/image\\\/\"},\"sameAs\":[\"https:\\\/\\\/www.instagram.com\\\/revolutionpadelstore\\\/\"]}]}<\/script>\n<!-- \/ Yoast SEO plugin. -->","yoast_head_json":{"title":"WILSON OPTIX V1 WHITE PADEL 2 - Revolution Padel Store","description":"Compra la Wilson Optix V1 White Padel 2, la pala ideal para principiantes que buscan control, precisi\u00f3n y comodidad. Disponible en Revolution Padel Store al mejor precio.","robots":{"index":"index","follow":"follow","max-snippet":"max-snippet:-1","max-image-preview":"max-image-preview:large","max-video-preview":"max-video-preview:-1"},"canonical":"https:\/\/revolutionpadelstore.com\/de\/produkt\/wilson-optix-v1-white-padel-2-1\/","og_locale":"de_DE","og_type":"article","og_title":"WILSON OPTIX V1 WHITE PADEL 2 - Revolution Padel Store","og_description":"Compra la Wilson Optix V1 White Padel 2, la pala ideal para principiantes que buscan control, precisi\u00f3n y comodidad. Disponible en Revolution Padel Store al mejor precio.","og_url":"https:\/\/revolutionpadelstore.com\/de\/produkt\/wilson-optix-v1-white-padel-2-1\/","og_site_name":"Revolution Padel Store","article_modified_time":"2026-04-08T02:36:21+00:00","og_image":[{"width":1500,"height":1500,"url":"https:\/\/revolutionpadelstore.com\/wp-content\/uploads\/2025\/08\/116261-pala-wilson-optix-v1-white-padel-2-wr181711u2-1500x1500-1.webp","type":"image\/webp"}],"twitter_card":"summary_large_image","twitter_misc":{"Gesch\u00e4tzte Lesezeit":"1\u00a0Minute"},"schema":{"@context":"https:\/\/schema.org","@graph":[{"@type":"WebPage","@id":"https:\/\/revolutionpadelstore.com\/de\/produkt\/wilson-optix-v1-white-padel-2-1\/","url":"https:\/\/revolutionpadelstore.com\/de\/produkt\/wilson-optix-v1-white-padel-2-1\/","name":"WILSON OPTIX V1 WHITE PADEL 2 - Revolution Padel Store","isPartOf":{"@id":"https:\/\/revolutionpadelstore.com\/de\/#website"},"primaryImageOfPage":{"@id":"https:\/\/revolutionpadelstore.com\/de\/produkt\/wilson-optix-v1-white-padel-2-1\/#primaryimage"},"image":{"@id":"https:\/\/revolutionpadelstore.com\/de\/produkt\/wilson-optix-v1-white-padel-2-1\/#primaryimage"},"thumbnailUrl":"https:\/\/revolutionpadelstore.com\/wp-content\/uploads\/2025\/08\/116261-pala-wilson-optix-v1-white-padel-2-wr181711u2-1500x1500-1.webp","datePublished":"2025-08-10T16:16:54+00:00","dateModified":"2026-04-08T02:36:21+00:00","description":"Compra la Wilson Optix V1 White Padel 2, la pala ideal para principiantes que buscan control, precisi\u00f3n y comodidad. Disponible en Revolution Padel Store al mejor precio.","breadcrumb":{"@id":"https:\/\/revolutionpadelstore.com\/de\/produkt\/wilson-optix-v1-white-padel-2-1\/#breadcrumb"},"inLanguage":"de","potentialAction":[{"@type":"ReadAction","target":["https:\/\/revolutionpadelstore.com\/de\/produkt\/wilson-optix-v1-white-padel-2-1\/"]}]},{"@type":"ImageObject","inLanguage":"de","@id":"https:\/\/revolutionpadelstore.com\/de\/produkt\/wilson-optix-v1-white-padel-2-1\/#primaryimage","url":"https:\/\/revolutionpadelstore.com\/wp-content\/uploads\/2025\/08\/116261-pala-wilson-optix-v1-white-padel-2-wr181711u2-1500x1500-1.webp","contentUrl":"https:\/\/revolutionpadelstore.com\/wp-content\/uploads\/2025\/08\/116261-pala-wilson-optix-v1-white-padel-2-wr181711u2-1500x1500-1.webp","width":1500,"height":1500},{"@type":"BreadcrumbList","@id":"https:\/\/revolutionpadelstore.com\/de\/produkt\/wilson-optix-v1-white-padel-2-1\/#breadcrumb","itemListElement":[{"@type":"ListItem","position":1,"name":"Portada","item":"https:\/\/revolutionpadelstore.com\/de\/"},{"@type":"ListItem","position":2,"name":"Shop","item":"https:\/\/revolutionpadelstore.com\/de\/tienda\/"},{"@type":"ListItem","position":3,"name":"WILSON OPTIX V1 WHITE PADEL 2"}]},{"@type":"WebSite","@id":"https:\/\/revolutionpadelstore.com\/de\/#website","url":"https:\/\/revolutionpadelstore.com\/de\/","name":"Revolution Padel Store","description":"","publisher":{"@id":"https:\/\/revolutionpadelstore.com\/de\/#organization"},"potentialAction":[{"@type":"SearchAction","target":{"@type":"EntryPoint","urlTemplate":"https:\/\/revolutionpadelstore.com\/de\/?s={search_term_string}"},"query-input":{"@type":"PropertyValueSpecification","valueRequired":true,"valueName":"search_term_string"}}],"inLanguage":"de"},{"@type":"Organization","@id":"https:\/\/revolutionpadelstore.com\/de\/#organization","name":"Revolution Padel Store","url":"https:\/\/revolutionpadelstore.com\/de\/","logo":{"@type":"ImageObject","inLanguage":"de","@id":"https:\/\/revolutionpadelstore.com\/de\/#\/schema\/logo\/image\/","url":"https:\/\/revolutionpadelstore.com\/wp-content\/uploads\/2026\/02\/revolution-padel-store.jpg","contentUrl":"https:\/\/revolutionpadelstore.com\/wp-content\/uploads\/2026\/02\/revolution-padel-store.jpg","width":2000,"height":2000,"caption":"Revolution Padel Store"},"image":{"@id":"https:\/\/revolutionpadelstore.com\/de\/#\/schema\/logo\/image\/"},"sameAs":["https:\/\/www.instagram.com\/revolutionpadelstore\/"]}]}},"_links":{"self":[{"href":"https:\/\/revolutionpadelstore.com\/de\/wp-json\/wp\/v2\/product\/265068","targetHints":{"allow":["GET"]}}],"collection":[{"href":"https:\/\/revolutionpadelstore.com\/de\/wp-json\/wp\/v2\/product"}],"about":[{"href":"https:\/\/revolutionpadelstore.com\/de\/wp-json\/wp\/v2\/types\/product"}],"replies":[{"embeddable":true,"href":"https:\/\/revolutionpadelstore.com\/de\/wp-json\/wp\/v2\/comments?post=265068"}],"wp:featuredmedia":[{"embeddable":true,"href":"https:\/\/revolutionpadelstore.com\/de\/wp-json\/wp\/v2\/media\/265039"}],"wp:attachment":[{"href":"https:\/\/revolutionpadelstore.com\/de\/wp-json\/wp\/v2\/media?parent=265068"}],"wp:term":[{"taxonomy":"acabado","embeddable":true,"href":"https:\/\/revolutionpadelstore.com\/de\/wp-json\/wp\/v2\/acabado?post=265068"},{"taxonomy":"balance","embeddable":true,"href":"https:\/\/revolutionpadelstore.com\/de\/wp-json\/wp\/v2\/balance?post=265068"},{"taxonomy":"dureza","embeddable":true,"href":"https:\/\/revolutionpadelstore.com\/de\/wp-json\/wp\/v2\/dureza?post=265068"},{"taxonomy":"forma","embeddable":true,"href":"https:\/\/revolutionpadelstore.com\/de\/wp-json\/wp\/v2\/forma?post=265068"},{"taxonomy":"jugador","embeddable":true,"href":"https:\/\/revolutionpadelstore.com\/de\/wp-json\/wp\/v2\/jugador?post=265068"},{"taxonomy":"marca","embeddable":true,"href":"https:\/\/revolutionpadelstore.com\/de\/wp-json\/wp\/v2\/marca?post=265068"},{"taxonomy":"nivel-de-juego","embeddable":true,"href":"https:\/\/revolutionpadelstore.com\/de\/wp-json\/wp\/v2\/nivel-de-juego?post=265068"},{"taxonomy":"superficie","embeddable":true,"href":"https:\/\/revolutionpadelstore.com\/de\/wp-json\/wp\/v2\/superficie?post=265068"},{"taxonomy":"tipo-de-juego","embeddable":true,"href":"https:\/\/revolutionpadelstore.com\/de\/wp-json\/wp\/v2\/tipo-de-juego?post=265068"},{"taxonomy":"product_brand","embeddable":true,"href":"https:\/\/revolutionpadelstore.com\/de\/wp-json\/wp\/v2\/product_brand?post=265068"},{"taxonomy":"product_cat","embeddable":true,"href":"https:\/\/revolutionpadelstore.com\/de\/wp-json\/wp\/v2\/product_cat?post=265068"},{"taxonomy":"product_tag","embeddable":true,"href":"https:\/\/revolutionpadelstore.com\/de\/wp-json\/wp\/v2\/product_tag?post=265068"}],"curies":[{"name":"wp","href":"https:\/\/api.w.org\/{rel}","templated":true}]}}