{"id":265032,"date":"2025-08-10T18:07:30","date_gmt":"2025-08-10T16:07:30","guid":{"rendered":"https:\/\/revolutionpadelstore.com\/wilson-optix-v1-black-padel-2\/"},"modified":"2026-04-08T04:36:41","modified_gmt":"2026-04-08T02:36:41","slug":"wilson-optix-v1-black-padel-2-1","status":"publish","type":"product","link":"https:\/\/revolutionpadelstore.com\/de\/produkt\/wilson-optix-v1-black-padel-2-1\/","title":{"rendered":"WILSON OPTIX V1 BLACK PADEL 2"},"content":{"rendered":"<h2><strong>Wilson Optix V1 Black Padel 2 \u2013 Kontrolle und Pr\u00e4zision f\u00fcr Anf\u00e4nger<\/strong><\/h2>\n<p>Der <strong>Wilson Optix V1 Black Padel 2<\/strong> ist der perfekte Schl\u00e4ger f\u00fcr alle, die in die Welt des Padelsports einsteigen und vom ersten Schlag an <strong>Kontrolle, Komfort und Pr\u00e4zision<\/strong> suchen. Seine runde Form und der gro\u00dfe Sweetspot erleichtern das Lernen, sodass Sie Ihre Technik verbessern und ein stabileres und sichereres Spiel genie\u00dfen k\u00f6nnen.<\/p>\n<h2><strong>Entwickelt f\u00fcr Ihren besten Start in Padel<\/strong><\/h2>\n<p>Mit einem <strong>Gewicht von 370 g<\/strong> bietet dieser Schl\u00e4ger ein ideales Gleichgewicht zwischen Kontrolle und Man\u00f6vrierf\u00e4higkeit und hilft dabei, jeden Aufprall genau zu verfolgen, um <strong>pr\u00e4zisere und gleichm\u00e4\u00dfigere<\/strong> Schl\u00e4ge zu erzielen. Seine \u00c4sthetik in <strong>dunklen T\u00f6nen<\/strong> vereint Eleganz und N\u00fcchternheit und sorgt daf\u00fcr, dass er auf der Rennstrecke genauso gut aussieht wie seine Leistung.<\/p>\n<h2><strong>Technische Eigenschaften und Technologien<\/strong><\/h2>\n<p><strong>-Runde Form:<\/strong> maximale Pr\u00e4zision und Kontrolle bei jedem Schlag.<\/p>\n<p><strong>-Scharfe L\u00f6cher:<\/strong> Bohrmuster, das den Ballaussto\u00df und die Genauigkeit optimiert.<\/p>\n<p><strong>-Fiberglasrahmen:<\/strong> Widerstandsf\u00e4higkeit und Haltbarkeit mit guter Haptik.<\/p>\n<p><strong>-Core Foam:<\/strong> Weicher Kern, der einen komfortablen und leichten Schlag erm\u00f6glicht.<\/p>\n<p><strong>-Gewicht:<\/strong> 370 g, perfekt f\u00fcr Spieler, die Stabilit\u00e4t und Kontrolle suchen.<\/p>\n<h2><strong>Vorteile des Wilson Optix V1 Black Padel 2<\/strong><\/h2>\n<p>-Ideal f\u00fcr Anf\u00e4nger, die schnell Fortschritte machen m\u00f6chten.<\/p>\n<p>-Gro\u00dfer Sweet Spot, der den Erfolg beim Schlagen erleichtert.<\/p>\n<p>-Hohe Verwaltbarkeit, um agil zu reagieren.<\/p>\n<p>-Elegante und professionelle \u00c4sthetik.<\/p>\n<h2><strong>Bringen Sie Ihr Spiel auf die n\u00e4chste Stufe<\/strong><\/h2>\n<p>Wenn Sie auf der Suche nach einem zug\u00e4nglichen, leichten Padelschl\u00e4ger mit hervorragender Kontrolle sind, ist der <strong>Wilson Optix V1 Black Padel 2<\/strong> die beste Wahl. Genie\u00dfen Sie die komfortable Handhabung, verbessern Sie Ihre Technik und spielen Sie vom ersten Spiel an mit Selbstvertrauen.<\/p>\n<p><strong>Jetzt erh\u00e4ltlich in unserem Online-Shop <a href=\"https:\/\/www.revolutionpadelstore.com\/\">www.revolutionpadelstore.com<\/a>, wahrscheinlich zum besten Preis auf dem Markt.<\/strong><\/p>\n","protected":false},"excerpt":{"rendered":"<p>Der Wilson Optix V1 Black Padel 2 zeichnet sich durch eine ausgewogene Kombination aus Kontrolle und Kraft aus. Sein EVA-Gummikern bietet zusammen mit einer rauen Oberfl\u00e4che eine gr\u00f6\u00dfere Spinkapazit\u00e4t, Stabilit\u00e4t und Pr\u00e4zision bei jedem Schlag auf dem Platz.<\/p>\n","protected":false},"featured_media":264997,"comment_status":"open","ping_status":"closed","template":"","meta":{"_acf_changed":false,"_joinchat":[]},"acabado":[1079],"balance":[1144],"dureza":[1149],"forma":[1179],"jugador":[1189],"marca":[1264],"nivel-de-juego":[1349],"superficie":[1354],"tipo-de-juego":[1369],"product_brand":[],"product_cat":[299],"product_tag":[],"class_list":{"0":"post-265032","1":"product","2":"type-product","3":"status-publish","4":"has-post-thumbnail","6":"acabado-helligkeit","7":"balance-niedrig","8":"dureza-blanda-de","9":"forma-rund","10":"jugador-mann","11":"marca-wilson-de","12":"superficie-lisa-de","13":"tipo-de-juego-kontrolle","14":"product_cat-palas-de-padel-de","16":"first","17":"instock","18":"sale","19":"taxable","20":"shipping-taxable","21":"purchasable","22":"product-type-simple"},"acf":[],"yoast_head":"<!-- This site is optimized with the Yoast SEO plugin v27.4 - https:\/\/yoast.com\/product\/yoast-seo-wordpress\/ -->\n<title>WILSON OPTIX V1 BLACK PADEL 2 - Revolution Padel Store<\/title>\n<meta name=\"description\" content=\"Compra la Wilson Optix V1 Black Padel 2, pala de p\u00e1del para principiantes con gran control, punto dulce amplio y dise\u00f1o elegante. Disponible en Revolution Padel Store al mejor precio.\" \/>\n<meta name=\"robots\" content=\"index, follow, max-snippet:-1, max-image-preview:large, max-video-preview:-1\" \/>\n<link rel=\"canonical\" href=\"https:\/\/revolutionpadelstore.com\/de\/produkt\/wilson-optix-v1-black-padel-2-1\/\" \/>\n<meta property=\"og:locale\" content=\"de_DE\" \/>\n<meta property=\"og:type\" content=\"article\" \/>\n<meta property=\"og:title\" content=\"WILSON OPTIX V1 BLACK PADEL 2 - Revolution Padel Store\" \/>\n<meta property=\"og:description\" content=\"Compra la Wilson Optix V1 Black Padel 2, pala de p\u00e1del para principiantes con gran control, punto dulce amplio y dise\u00f1o elegante. Disponible en Revolution Padel Store al mejor precio.\" \/>\n<meta property=\"og:url\" content=\"https:\/\/revolutionpadelstore.com\/de\/produkt\/wilson-optix-v1-black-padel-2-1\/\" \/>\n<meta property=\"og:site_name\" content=\"Revolution Padel Store\" \/>\n<meta property=\"article:modified_time\" content=\"2026-04-08T02:36:41+00:00\" \/>\n<meta property=\"og:image\" content=\"https:\/\/revolutionpadelstore.com\/wp-content\/uploads\/2025\/08\/116260-pala-wilson-optix-v1-black-padel-2-wr181611u2-1500x1500-1.webp\" \/>\n\t<meta property=\"og:image:width\" content=\"1500\" \/>\n\t<meta property=\"og:image:height\" content=\"1500\" \/>\n\t<meta property=\"og:image:type\" content=\"image\/webp\" \/>\n<meta name=\"twitter:card\" content=\"summary_large_image\" \/>\n<meta name=\"twitter:label1\" content=\"Gesch\u00e4tzte Lesezeit\" \/>\n\t<meta name=\"twitter:data1\" content=\"2\u00a0Minuten\" \/>\n<script type=\"application\/ld+json\" class=\"yoast-schema-graph\">{\"@context\":\"https:\\\/\\\/schema.org\",\"@graph\":[{\"@type\":\"WebPage\",\"@id\":\"https:\\\/\\\/revolutionpadelstore.com\\\/de\\\/produkt\\\/wilson-optix-v1-black-padel-2-1\\\/\",\"url\":\"https:\\\/\\\/revolutionpadelstore.com\\\/de\\\/produkt\\\/wilson-optix-v1-black-padel-2-1\\\/\",\"name\":\"WILSON OPTIX V1 BLACK PADEL 2 - Revolution Padel Store\",\"isPartOf\":{\"@id\":\"https:\\\/\\\/revolutionpadelstore.com\\\/de\\\/#website\"},\"primaryImageOfPage\":{\"@id\":\"https:\\\/\\\/revolutionpadelstore.com\\\/de\\\/produkt\\\/wilson-optix-v1-black-padel-2-1\\\/#primaryimage\"},\"image\":{\"@id\":\"https:\\\/\\\/revolutionpadelstore.com\\\/de\\\/produkt\\\/wilson-optix-v1-black-padel-2-1\\\/#primaryimage\"},\"thumbnailUrl\":\"https:\\\/\\\/revolutionpadelstore.com\\\/wp-content\\\/uploads\\\/2025\\\/08\\\/116260-pala-wilson-optix-v1-black-padel-2-wr181611u2-1500x1500-1.webp\",\"datePublished\":\"2025-08-10T16:07:30+00:00\",\"dateModified\":\"2026-04-08T02:36:41+00:00\",\"description\":\"Compra la Wilson Optix V1 Black Padel 2, pala de p\u00e1del para principiantes con gran control, punto dulce amplio y dise\u00f1o elegante. Disponible en Revolution Padel Store al mejor precio.\",\"breadcrumb\":{\"@id\":\"https:\\\/\\\/revolutionpadelstore.com\\\/de\\\/produkt\\\/wilson-optix-v1-black-padel-2-1\\\/#breadcrumb\"},\"inLanguage\":\"de\",\"potentialAction\":[{\"@type\":\"ReadAction\",\"target\":[\"https:\\\/\\\/revolutionpadelstore.com\\\/de\\\/produkt\\\/wilson-optix-v1-black-padel-2-1\\\/\"]}]},{\"@type\":\"ImageObject\",\"inLanguage\":\"de\",\"@id\":\"https:\\\/\\\/revolutionpadelstore.com\\\/de\\\/produkt\\\/wilson-optix-v1-black-padel-2-1\\\/#primaryimage\",\"url\":\"https:\\\/\\\/revolutionpadelstore.com\\\/wp-content\\\/uploads\\\/2025\\\/08\\\/116260-pala-wilson-optix-v1-black-padel-2-wr181611u2-1500x1500-1.webp\",\"contentUrl\":\"https:\\\/\\\/revolutionpadelstore.com\\\/wp-content\\\/uploads\\\/2025\\\/08\\\/116260-pala-wilson-optix-v1-black-padel-2-wr181611u2-1500x1500-1.webp\",\"width\":1500,\"height\":1500},{\"@type\":\"BreadcrumbList\",\"@id\":\"https:\\\/\\\/revolutionpadelstore.com\\\/de\\\/produkt\\\/wilson-optix-v1-black-padel-2-1\\\/#breadcrumb\",\"itemListElement\":[{\"@type\":\"ListItem\",\"position\":1,\"name\":\"Portada\",\"item\":\"https:\\\/\\\/revolutionpadelstore.com\\\/de\\\/\"},{\"@type\":\"ListItem\",\"position\":2,\"name\":\"Shop\",\"item\":\"https:\\\/\\\/revolutionpadelstore.com\\\/de\\\/tienda\\\/\"},{\"@type\":\"ListItem\",\"position\":3,\"name\":\"WILSON OPTIX V1 BLACK PADEL 2\"}]},{\"@type\":\"WebSite\",\"@id\":\"https:\\\/\\\/revolutionpadelstore.com\\\/de\\\/#website\",\"url\":\"https:\\\/\\\/revolutionpadelstore.com\\\/de\\\/\",\"name\":\"Revolution Padel Store\",\"description\":\"\",\"publisher\":{\"@id\":\"https:\\\/\\\/revolutionpadelstore.com\\\/de\\\/#organization\"},\"potentialAction\":[{\"@type\":\"SearchAction\",\"target\":{\"@type\":\"EntryPoint\",\"urlTemplate\":\"https:\\\/\\\/revolutionpadelstore.com\\\/de\\\/?s={search_term_string}\"},\"query-input\":{\"@type\":\"PropertyValueSpecification\",\"valueRequired\":true,\"valueName\":\"search_term_string\"}}],\"inLanguage\":\"de\"},{\"@type\":\"Organization\",\"@id\":\"https:\\\/\\\/revolutionpadelstore.com\\\/de\\\/#organization\",\"name\":\"Revolution Padel Store\",\"url\":\"https:\\\/\\\/revolutionpadelstore.com\\\/de\\\/\",\"logo\":{\"@type\":\"ImageObject\",\"inLanguage\":\"de\",\"@id\":\"https:\\\/\\\/revolutionpadelstore.com\\\/de\\\/#\\\/schema\\\/logo\\\/image\\\/\",\"url\":\"https:\\\/\\\/revolutionpadelstore.com\\\/wp-content\\\/uploads\\\/2026\\\/02\\\/revolution-padel-store.jpg\",\"contentUrl\":\"https:\\\/\\\/revolutionpadelstore.com\\\/wp-content\\\/uploads\\\/2026\\\/02\\\/revolution-padel-store.jpg\",\"width\":2000,\"height\":2000,\"caption\":\"Revolution Padel Store\"},\"image\":{\"@id\":\"https:\\\/\\\/revolutionpadelstore.com\\\/de\\\/#\\\/schema\\\/logo\\\/image\\\/\"},\"sameAs\":[\"https:\\\/\\\/www.instagram.com\\\/revolutionpadelstore\\\/\"]}]}<\/script>\n<!-- \/ Yoast SEO plugin. -->","yoast_head_json":{"title":"WILSON OPTIX V1 BLACK PADEL 2 - Revolution Padel Store","description":"Compra la Wilson Optix V1 Black Padel 2, pala de p\u00e1del para principiantes con gran control, punto dulce amplio y dise\u00f1o elegante. Disponible en Revolution Padel Store al mejor precio.","robots":{"index":"index","follow":"follow","max-snippet":"max-snippet:-1","max-image-preview":"max-image-preview:large","max-video-preview":"max-video-preview:-1"},"canonical":"https:\/\/revolutionpadelstore.com\/de\/produkt\/wilson-optix-v1-black-padel-2-1\/","og_locale":"de_DE","og_type":"article","og_title":"WILSON OPTIX V1 BLACK PADEL 2 - Revolution Padel Store","og_description":"Compra la Wilson Optix V1 Black Padel 2, pala de p\u00e1del para principiantes con gran control, punto dulce amplio y dise\u00f1o elegante. Disponible en Revolution Padel Store al mejor precio.","og_url":"https:\/\/revolutionpadelstore.com\/de\/produkt\/wilson-optix-v1-black-padel-2-1\/","og_site_name":"Revolution Padel Store","article_modified_time":"2026-04-08T02:36:41+00:00","og_image":[{"width":1500,"height":1500,"url":"https:\/\/revolutionpadelstore.com\/wp-content\/uploads\/2025\/08\/116260-pala-wilson-optix-v1-black-padel-2-wr181611u2-1500x1500-1.webp","type":"image\/webp"}],"twitter_card":"summary_large_image","twitter_misc":{"Gesch\u00e4tzte Lesezeit":"2\u00a0Minuten"},"schema":{"@context":"https:\/\/schema.org","@graph":[{"@type":"WebPage","@id":"https:\/\/revolutionpadelstore.com\/de\/produkt\/wilson-optix-v1-black-padel-2-1\/","url":"https:\/\/revolutionpadelstore.com\/de\/produkt\/wilson-optix-v1-black-padel-2-1\/","name":"WILSON OPTIX V1 BLACK PADEL 2 - Revolution Padel Store","isPartOf":{"@id":"https:\/\/revolutionpadelstore.com\/de\/#website"},"primaryImageOfPage":{"@id":"https:\/\/revolutionpadelstore.com\/de\/produkt\/wilson-optix-v1-black-padel-2-1\/#primaryimage"},"image":{"@id":"https:\/\/revolutionpadelstore.com\/de\/produkt\/wilson-optix-v1-black-padel-2-1\/#primaryimage"},"thumbnailUrl":"https:\/\/revolutionpadelstore.com\/wp-content\/uploads\/2025\/08\/116260-pala-wilson-optix-v1-black-padel-2-wr181611u2-1500x1500-1.webp","datePublished":"2025-08-10T16:07:30+00:00","dateModified":"2026-04-08T02:36:41+00:00","description":"Compra la Wilson Optix V1 Black Padel 2, pala de p\u00e1del para principiantes con gran control, punto dulce amplio y dise\u00f1o elegante. Disponible en Revolution Padel Store al mejor precio.","breadcrumb":{"@id":"https:\/\/revolutionpadelstore.com\/de\/produkt\/wilson-optix-v1-black-padel-2-1\/#breadcrumb"},"inLanguage":"de","potentialAction":[{"@type":"ReadAction","target":["https:\/\/revolutionpadelstore.com\/de\/produkt\/wilson-optix-v1-black-padel-2-1\/"]}]},{"@type":"ImageObject","inLanguage":"de","@id":"https:\/\/revolutionpadelstore.com\/de\/produkt\/wilson-optix-v1-black-padel-2-1\/#primaryimage","url":"https:\/\/revolutionpadelstore.com\/wp-content\/uploads\/2025\/08\/116260-pala-wilson-optix-v1-black-padel-2-wr181611u2-1500x1500-1.webp","contentUrl":"https:\/\/revolutionpadelstore.com\/wp-content\/uploads\/2025\/08\/116260-pala-wilson-optix-v1-black-padel-2-wr181611u2-1500x1500-1.webp","width":1500,"height":1500},{"@type":"BreadcrumbList","@id":"https:\/\/revolutionpadelstore.com\/de\/produkt\/wilson-optix-v1-black-padel-2-1\/#breadcrumb","itemListElement":[{"@type":"ListItem","position":1,"name":"Portada","item":"https:\/\/revolutionpadelstore.com\/de\/"},{"@type":"ListItem","position":2,"name":"Shop","item":"https:\/\/revolutionpadelstore.com\/de\/tienda\/"},{"@type":"ListItem","position":3,"name":"WILSON OPTIX V1 BLACK PADEL 2"}]},{"@type":"WebSite","@id":"https:\/\/revolutionpadelstore.com\/de\/#website","url":"https:\/\/revolutionpadelstore.com\/de\/","name":"Revolution Padel Store","description":"","publisher":{"@id":"https:\/\/revolutionpadelstore.com\/de\/#organization"},"potentialAction":[{"@type":"SearchAction","target":{"@type":"EntryPoint","urlTemplate":"https:\/\/revolutionpadelstore.com\/de\/?s={search_term_string}"},"query-input":{"@type":"PropertyValueSpecification","valueRequired":true,"valueName":"search_term_string"}}],"inLanguage":"de"},{"@type":"Organization","@id":"https:\/\/revolutionpadelstore.com\/de\/#organization","name":"Revolution Padel Store","url":"https:\/\/revolutionpadelstore.com\/de\/","logo":{"@type":"ImageObject","inLanguage":"de","@id":"https:\/\/revolutionpadelstore.com\/de\/#\/schema\/logo\/image\/","url":"https:\/\/revolutionpadelstore.com\/wp-content\/uploads\/2026\/02\/revolution-padel-store.jpg","contentUrl":"https:\/\/revolutionpadelstore.com\/wp-content\/uploads\/2026\/02\/revolution-padel-store.jpg","width":2000,"height":2000,"caption":"Revolution Padel Store"},"image":{"@id":"https:\/\/revolutionpadelstore.com\/de\/#\/schema\/logo\/image\/"},"sameAs":["https:\/\/www.instagram.com\/revolutionpadelstore\/"]}]}},"_links":{"self":[{"href":"https:\/\/revolutionpadelstore.com\/de\/wp-json\/wp\/v2\/product\/265032","targetHints":{"allow":["GET"]}}],"collection":[{"href":"https:\/\/revolutionpadelstore.com\/de\/wp-json\/wp\/v2\/product"}],"about":[{"href":"https:\/\/revolutionpadelstore.com\/de\/wp-json\/wp\/v2\/types\/product"}],"replies":[{"embeddable":true,"href":"https:\/\/revolutionpadelstore.com\/de\/wp-json\/wp\/v2\/comments?post=265032"}],"wp:featuredmedia":[{"embeddable":true,"href":"https:\/\/revolutionpadelstore.com\/de\/wp-json\/wp\/v2\/media\/264997"}],"wp:attachment":[{"href":"https:\/\/revolutionpadelstore.com\/de\/wp-json\/wp\/v2\/media?parent=265032"}],"wp:term":[{"taxonomy":"acabado","embeddable":true,"href":"https:\/\/revolutionpadelstore.com\/de\/wp-json\/wp\/v2\/acabado?post=265032"},{"taxonomy":"balance","embeddable":true,"href":"https:\/\/revolutionpadelstore.com\/de\/wp-json\/wp\/v2\/balance?post=265032"},{"taxonomy":"dureza","embeddable":true,"href":"https:\/\/revolutionpadelstore.com\/de\/wp-json\/wp\/v2\/dureza?post=265032"},{"taxonomy":"forma","embeddable":true,"href":"https:\/\/revolutionpadelstore.com\/de\/wp-json\/wp\/v2\/forma?post=265032"},{"taxonomy":"jugador","embeddable":true,"href":"https:\/\/revolutionpadelstore.com\/de\/wp-json\/wp\/v2\/jugador?post=265032"},{"taxonomy":"marca","embeddable":true,"href":"https:\/\/revolutionpadelstore.com\/de\/wp-json\/wp\/v2\/marca?post=265032"},{"taxonomy":"nivel-de-juego","embeddable":true,"href":"https:\/\/revolutionpadelstore.com\/de\/wp-json\/wp\/v2\/nivel-de-juego?post=265032"},{"taxonomy":"superficie","embeddable":true,"href":"https:\/\/revolutionpadelstore.com\/de\/wp-json\/wp\/v2\/superficie?post=265032"},{"taxonomy":"tipo-de-juego","embeddable":true,"href":"https:\/\/revolutionpadelstore.com\/de\/wp-json\/wp\/v2\/tipo-de-juego?post=265032"},{"taxonomy":"product_brand","embeddable":true,"href":"https:\/\/revolutionpadelstore.com\/de\/wp-json\/wp\/v2\/product_brand?post=265032"},{"taxonomy":"product_cat","embeddable":true,"href":"https:\/\/revolutionpadelstore.com\/de\/wp-json\/wp\/v2\/product_cat?post=265032"},{"taxonomy":"product_tag","embeddable":true,"href":"https:\/\/revolutionpadelstore.com\/de\/wp-json\/wp\/v2\/product_tag?post=265032"}],"curies":[{"name":"wp","href":"https:\/\/api.w.org\/{rel}","templated":true}]}}