{"id":264967,"date":"2025-08-10T11:57:29","date_gmt":"2025-08-10T09:57:29","guid":{"rendered":"https:\/\/revolutionpadelstore.com\/royal-padel-m27-light-2025\/"},"modified":"2026-04-14T14:01:25","modified_gmt":"2026-04-14T12:01:25","slug":"royal-padel-m27-light-2025-1","status":"publish","type":"product","link":"https:\/\/revolutionpadelstore.com\/de\/produkt\/royal-padel-m27-light-2025-1\/","title":{"rendered":"ROYAL PADEL M27 LIGHT 2025"},"content":{"rendered":"<h2><strong>Royal Padel M27 Light 2025 \u2013 Kontrolle, Komfort und Pr\u00e4zision bei jedem Schlag<\/strong><\/h2>\n<p>Der <strong>Royal Padel M27 Light 2025<\/strong> erscheint f\u00fcr diese Saison erneuert mit einem eleganten Design und den Eigenschaften, die ihn zu einem der <strong>besten Padelschl\u00e4ger<\/strong> f\u00fcr Spieler aller Spielst\u00e4rken gemacht haben. Es besteht vollst\u00e4ndig aus <strong>3K Hexcel Twill Aeronautical<\/strong> Carbon und bietet au\u00dfergew\u00f6hnliche Widerstandsf\u00e4higkeit und ein un\u00fcbertroffenes Gef\u00fchl. Sein weicher Polyethylenkern sorgt f\u00fcr einen weichen Schlag und maximiert die Kontrolle, ohne an Kraft einzub\u00fc\u00dfen. Mit seiner runden Form und der mittleren Balance zeichnet sich dieser Schl\u00e4ger durch seine Man\u00f6vrierf\u00e4higkeit aus und ist ideal, um sowohl das Defensiv- als auch das Offensivspiel zu dominieren.<\/p>\n<h2><strong>Entwickelt f\u00fcr vielseitige und anspruchsvolle Spieler<\/strong><\/h2>\n<p>Der <strong>M27 Light 2025<\/strong> ist perfekt f\u00fcr alle, die einen <strong>Kontrollschl\u00e4ger<\/strong> suchen, der beim Angriff fest reagiert. Er verf\u00fcgt \u00fcber ein <strong>fortschrittliches Sto\u00dfd\u00e4mpfungssystem<\/strong>, das Vibrationen reduziert und Verletzungen wie Epicondylitis vorbeugt. Sein geringes Gewicht und seine hervorragende Man\u00f6vrierf\u00e4higkeit machen ihn ideal f\u00fcr lange und anspruchsvolle Spiele.<\/p>\n<h2><strong>Funktionen<\/strong><\/h2>\n<p><strong>-Rahmen und Schlagfl\u00e4chen:<\/strong> 100 % 3K-Carbon mit Hexcel-Twill-Luftfahrtdesign.<\/p>\n<p><strong>-Kern:<\/strong> Weiches Polyethylen hoher Dichte f\u00fcr einen weichen Griff und hervorragende Kontrolle.<\/p>\n<p><strong>-Form:<\/strong> Rund.<\/p>\n<p><strong>-Balance:<\/strong> Mittel, f\u00fcr eine perfekte Balance zwischen Kontrolle und Kraft.<\/p>\n<h2><strong>Empfohlene Technologien<\/strong><\/h2>\n<p><strong>-Sto\u00dfd\u00e4mpfung:<\/strong> Sto\u00dfd\u00e4mpfung f\u00fcr mehr Komfort und Gelenkschutz.<\/p>\n<p><strong> &#8211; 5D Hex Twill:<\/strong> Erh\u00f6hte Griffigkeit und einfachere Anwendung von Effekten.<\/p>\n<h2><strong>Vorteile des Royal Padel M27 Light 2025<\/strong><\/h2>\n<p>-Totale Kontrolle bei jedem Schlag.<\/p>\n<p>-Verhinderung von Verletzungen durch Vibrationsreduzierung.<\/p>\n<p>-Hervorragende Leistung sowohl im Angriff als auch in der Verteidigung.<\/p>\n<p>-Premium-Materialien f\u00fcr l\u00e4ngere Haltbarkeit.<\/p>\n<p>-Ideal f\u00fcr anspruchsvolle Spieler, die Pr\u00e4zision und Komfort suchen.<\/p>\n<p><strong>Steigern Sie Ihr Spiel<\/strong> und kontrollieren Sie jeden Punkt mit dem <strong>Royal Padel M27 Light 2025<\/strong>, einem Schl\u00e4ger, der <strong>Innovation, Stil und professionelle Leistung<\/strong> vereint.<\/p>\n<p>Ab sofort in unserem Online-Shop <strong><a href=\"https:\/\/www.revolutionpadelstore.com\/\">www.revolutionpadelstore.com<\/a><\/strong> erh\u00e4ltlich, wahrscheinlich zum besten Preis auf dem Markt.<\/p>\n<h2><strong>Royal Padel M27 Light 2025 \u2013 Control, confort y precisi\u00f3n en cada golpe<\/strong><\/p>\n","protected":false},"excerpt":{"rendered":"<p>Der Royal Padel M27 Light 2025 bietet eine ausgewogene Kombination aus Kraft, Kontrolle und Komfort und verf\u00fcgt \u00fcber fortschrittliche Technologien wie Sto\u00dfd\u00e4mpfung, die dabei helfen, Verletzungen vorzubeugen und bei jedem Schlag Ihr Bestes zu geben.<\/p>\n","protected":false},"featured_media":264973,"comment_status":"open","ping_status":"closed","template":"","meta":{"_acf_changed":false,"_joinchat":[]},"acabado":[1089],"balance":[1144],"dureza":[1149],"forma":[1179],"jugador":[1194],"marca":[1319],"nivel-de-juego":[1334,1339],"superficie":[1359],"tipo-de-juego":[1369],"product_brand":[],"product_cat":[299],"product_tag":[],"class_list":{"0":"post-264967","1":"product","2":"type-product","3":"status-publish","4":"has-post-thumbnail","6":"acabado-3d-entlasten","7":"balance-niedrig","8":"dureza-blanda-de","9":"forma-rund","10":"jugador-frau","11":"marca-konigliche-mauer","12":"superficie-rugosa-de","13":"tipo-de-juego-kontrolle","14":"product_cat-palas-de-padel-de","16":"first","17":"instock","18":"sale","19":"taxable","20":"shipping-taxable","21":"purchasable","22":"product-type-simple"},"acf":[],"yoast_head":"<!-- This site is optimized with the Yoast SEO plugin v27.4 - https:\/\/yoast.com\/product\/yoast-seo-wordpress\/ -->\n<title>ROYAL PADEL M27 LIGHT 2025 - Revolution Padel Store<\/title>\n<meta name=\"description\" content=\"Compra la Royal Padel M27 Light 2025 en Revolution Padel Store. Pala de control con n\u00facleo Soft y carbono 3K, m\u00e1xima precisi\u00f3n, confort y absorci\u00f3n de vibraciones.\" \/>\n<meta name=\"robots\" content=\"index, follow, max-snippet:-1, max-image-preview:large, max-video-preview:-1\" \/>\n<link rel=\"canonical\" href=\"https:\/\/revolutionpadelstore.com\/de\/produkt\/royal-padel-m27-light-2025-1\/\" \/>\n<meta property=\"og:locale\" content=\"de_DE\" \/>\n<meta property=\"og:type\" content=\"article\" \/>\n<meta property=\"og:title\" content=\"ROYAL PADEL M27 LIGHT 2025 - Revolution Padel Store\" \/>\n<meta property=\"og:description\" content=\"Compra la Royal Padel M27 Light 2025 en Revolution Padel Store. Pala de control con n\u00facleo Soft y carbono 3K, m\u00e1xima precisi\u00f3n, confort y absorci\u00f3n de vibraciones.\" \/>\n<meta property=\"og:url\" content=\"https:\/\/revolutionpadelstore.com\/de\/produkt\/royal-padel-m27-light-2025-1\/\" \/>\n<meta property=\"og:site_name\" content=\"Revolution Padel Store\" \/>\n<meta property=\"article:modified_time\" content=\"2026-04-14T12:01:25+00:00\" \/>\n<meta property=\"og:image\" content=\"https:\/\/revolutionpadelstore.com\/wp-content\/uploads\/2025\/08\/115075-pala-royal-padel-rp-m27-light-25-1200x1200-1.webp\" \/>\n\t<meta property=\"og:image:width\" content=\"1200\" \/>\n\t<meta property=\"og:image:height\" content=\"1200\" \/>\n\t<meta property=\"og:image:type\" content=\"image\/webp\" \/>\n<meta name=\"twitter:card\" content=\"summary_large_image\" \/>\n<meta name=\"twitter:label1\" content=\"Gesch\u00e4tzte Lesezeit\" \/>\n\t<meta name=\"twitter:data1\" content=\"2\u00a0Minuten\" \/>\n<script type=\"application\/ld+json\" class=\"yoast-schema-graph\">{\"@context\":\"https:\\\/\\\/schema.org\",\"@graph\":[{\"@type\":\"WebPage\",\"@id\":\"https:\\\/\\\/revolutionpadelstore.com\\\/de\\\/produkt\\\/royal-padel-m27-light-2025-1\\\/\",\"url\":\"https:\\\/\\\/revolutionpadelstore.com\\\/de\\\/produkt\\\/royal-padel-m27-light-2025-1\\\/\",\"name\":\"ROYAL PADEL M27 LIGHT 2025 - Revolution Padel Store\",\"isPartOf\":{\"@id\":\"https:\\\/\\\/revolutionpadelstore.com\\\/de\\\/#website\"},\"primaryImageOfPage\":{\"@id\":\"https:\\\/\\\/revolutionpadelstore.com\\\/de\\\/produkt\\\/royal-padel-m27-light-2025-1\\\/#primaryimage\"},\"image\":{\"@id\":\"https:\\\/\\\/revolutionpadelstore.com\\\/de\\\/produkt\\\/royal-padel-m27-light-2025-1\\\/#primaryimage\"},\"thumbnailUrl\":\"https:\\\/\\\/revolutionpadelstore.com\\\/wp-content\\\/uploads\\\/2025\\\/08\\\/115075-pala-royal-padel-rp-m27-light-25-1200x1200-1.webp\",\"datePublished\":\"2025-08-10T09:57:29+00:00\",\"dateModified\":\"2026-04-14T12:01:25+00:00\",\"description\":\"Compra la Royal Padel M27 Light 2025 en Revolution Padel Store. Pala de control con n\u00facleo Soft y carbono 3K, m\u00e1xima precisi\u00f3n, confort y absorci\u00f3n de vibraciones.\",\"breadcrumb\":{\"@id\":\"https:\\\/\\\/revolutionpadelstore.com\\\/de\\\/produkt\\\/royal-padel-m27-light-2025-1\\\/#breadcrumb\"},\"inLanguage\":\"de\",\"potentialAction\":[{\"@type\":\"ReadAction\",\"target\":[\"https:\\\/\\\/revolutionpadelstore.com\\\/de\\\/produkt\\\/royal-padel-m27-light-2025-1\\\/\"]}]},{\"@type\":\"ImageObject\",\"inLanguage\":\"de\",\"@id\":\"https:\\\/\\\/revolutionpadelstore.com\\\/de\\\/produkt\\\/royal-padel-m27-light-2025-1\\\/#primaryimage\",\"url\":\"https:\\\/\\\/revolutionpadelstore.com\\\/wp-content\\\/uploads\\\/2025\\\/08\\\/115075-pala-royal-padel-rp-m27-light-25-1200x1200-1.webp\",\"contentUrl\":\"https:\\\/\\\/revolutionpadelstore.com\\\/wp-content\\\/uploads\\\/2025\\\/08\\\/115075-pala-royal-padel-rp-m27-light-25-1200x1200-1.webp\",\"width\":1200,\"height\":1200},{\"@type\":\"BreadcrumbList\",\"@id\":\"https:\\\/\\\/revolutionpadelstore.com\\\/de\\\/produkt\\\/royal-padel-m27-light-2025-1\\\/#breadcrumb\",\"itemListElement\":[{\"@type\":\"ListItem\",\"position\":1,\"name\":\"Portada\",\"item\":\"https:\\\/\\\/revolutionpadelstore.com\\\/de\\\/\"},{\"@type\":\"ListItem\",\"position\":2,\"name\":\"Shop\",\"item\":\"https:\\\/\\\/revolutionpadelstore.com\\\/de\\\/tienda\\\/\"},{\"@type\":\"ListItem\",\"position\":3,\"name\":\"ROYAL PADEL M27 LIGHT 2025\"}]},{\"@type\":\"WebSite\",\"@id\":\"https:\\\/\\\/revolutionpadelstore.com\\\/de\\\/#website\",\"url\":\"https:\\\/\\\/revolutionpadelstore.com\\\/de\\\/\",\"name\":\"Revolution Padel Store\",\"description\":\"\",\"publisher\":{\"@id\":\"https:\\\/\\\/revolutionpadelstore.com\\\/de\\\/#organization\"},\"potentialAction\":[{\"@type\":\"SearchAction\",\"target\":{\"@type\":\"EntryPoint\",\"urlTemplate\":\"https:\\\/\\\/revolutionpadelstore.com\\\/de\\\/?s={search_term_string}\"},\"query-input\":{\"@type\":\"PropertyValueSpecification\",\"valueRequired\":true,\"valueName\":\"search_term_string\"}}],\"inLanguage\":\"de\"},{\"@type\":\"Organization\",\"@id\":\"https:\\\/\\\/revolutionpadelstore.com\\\/de\\\/#organization\",\"name\":\"Revolution Padel Store\",\"url\":\"https:\\\/\\\/revolutionpadelstore.com\\\/de\\\/\",\"logo\":{\"@type\":\"ImageObject\",\"inLanguage\":\"de\",\"@id\":\"https:\\\/\\\/revolutionpadelstore.com\\\/de\\\/#\\\/schema\\\/logo\\\/image\\\/\",\"url\":\"https:\\\/\\\/revolutionpadelstore.com\\\/wp-content\\\/uploads\\\/2026\\\/02\\\/revolution-padel-store.jpg\",\"contentUrl\":\"https:\\\/\\\/revolutionpadelstore.com\\\/wp-content\\\/uploads\\\/2026\\\/02\\\/revolution-padel-store.jpg\",\"width\":2000,\"height\":2000,\"caption\":\"Revolution Padel Store\"},\"image\":{\"@id\":\"https:\\\/\\\/revolutionpadelstore.com\\\/de\\\/#\\\/schema\\\/logo\\\/image\\\/\"},\"sameAs\":[\"https:\\\/\\\/www.instagram.com\\\/revolutionpadelstore\\\/\"]}]}<\/script>\n<!-- \/ Yoast SEO plugin. -->","yoast_head_json":{"title":"ROYAL PADEL M27 LIGHT 2025 - Revolution Padel Store","description":"Compra la Royal Padel M27 Light 2025 en Revolution Padel Store. Pala de control con n\u00facleo Soft y carbono 3K, m\u00e1xima precisi\u00f3n, confort y absorci\u00f3n de vibraciones.","robots":{"index":"index","follow":"follow","max-snippet":"max-snippet:-1","max-image-preview":"max-image-preview:large","max-video-preview":"max-video-preview:-1"},"canonical":"https:\/\/revolutionpadelstore.com\/de\/produkt\/royal-padel-m27-light-2025-1\/","og_locale":"de_DE","og_type":"article","og_title":"ROYAL PADEL M27 LIGHT 2025 - Revolution Padel Store","og_description":"Compra la Royal Padel M27 Light 2025 en Revolution Padel Store. Pala de control con n\u00facleo Soft y carbono 3K, m\u00e1xima precisi\u00f3n, confort y absorci\u00f3n de vibraciones.","og_url":"https:\/\/revolutionpadelstore.com\/de\/produkt\/royal-padel-m27-light-2025-1\/","og_site_name":"Revolution Padel Store","article_modified_time":"2026-04-14T12:01:25+00:00","og_image":[{"width":1200,"height":1200,"url":"https:\/\/revolutionpadelstore.com\/wp-content\/uploads\/2025\/08\/115075-pala-royal-padel-rp-m27-light-25-1200x1200-1.webp","type":"image\/webp"}],"twitter_card":"summary_large_image","twitter_misc":{"Gesch\u00e4tzte Lesezeit":"2\u00a0Minuten"},"schema":{"@context":"https:\/\/schema.org","@graph":[{"@type":"WebPage","@id":"https:\/\/revolutionpadelstore.com\/de\/produkt\/royal-padel-m27-light-2025-1\/","url":"https:\/\/revolutionpadelstore.com\/de\/produkt\/royal-padel-m27-light-2025-1\/","name":"ROYAL PADEL M27 LIGHT 2025 - Revolution Padel Store","isPartOf":{"@id":"https:\/\/revolutionpadelstore.com\/de\/#website"},"primaryImageOfPage":{"@id":"https:\/\/revolutionpadelstore.com\/de\/produkt\/royal-padel-m27-light-2025-1\/#primaryimage"},"image":{"@id":"https:\/\/revolutionpadelstore.com\/de\/produkt\/royal-padel-m27-light-2025-1\/#primaryimage"},"thumbnailUrl":"https:\/\/revolutionpadelstore.com\/wp-content\/uploads\/2025\/08\/115075-pala-royal-padel-rp-m27-light-25-1200x1200-1.webp","datePublished":"2025-08-10T09:57:29+00:00","dateModified":"2026-04-14T12:01:25+00:00","description":"Compra la Royal Padel M27 Light 2025 en Revolution Padel Store. Pala de control con n\u00facleo Soft y carbono 3K, m\u00e1xima precisi\u00f3n, confort y absorci\u00f3n de vibraciones.","breadcrumb":{"@id":"https:\/\/revolutionpadelstore.com\/de\/produkt\/royal-padel-m27-light-2025-1\/#breadcrumb"},"inLanguage":"de","potentialAction":[{"@type":"ReadAction","target":["https:\/\/revolutionpadelstore.com\/de\/produkt\/royal-padel-m27-light-2025-1\/"]}]},{"@type":"ImageObject","inLanguage":"de","@id":"https:\/\/revolutionpadelstore.com\/de\/produkt\/royal-padel-m27-light-2025-1\/#primaryimage","url":"https:\/\/revolutionpadelstore.com\/wp-content\/uploads\/2025\/08\/115075-pala-royal-padel-rp-m27-light-25-1200x1200-1.webp","contentUrl":"https:\/\/revolutionpadelstore.com\/wp-content\/uploads\/2025\/08\/115075-pala-royal-padel-rp-m27-light-25-1200x1200-1.webp","width":1200,"height":1200},{"@type":"BreadcrumbList","@id":"https:\/\/revolutionpadelstore.com\/de\/produkt\/royal-padel-m27-light-2025-1\/#breadcrumb","itemListElement":[{"@type":"ListItem","position":1,"name":"Portada","item":"https:\/\/revolutionpadelstore.com\/de\/"},{"@type":"ListItem","position":2,"name":"Shop","item":"https:\/\/revolutionpadelstore.com\/de\/tienda\/"},{"@type":"ListItem","position":3,"name":"ROYAL PADEL M27 LIGHT 2025"}]},{"@type":"WebSite","@id":"https:\/\/revolutionpadelstore.com\/de\/#website","url":"https:\/\/revolutionpadelstore.com\/de\/","name":"Revolution Padel Store","description":"","publisher":{"@id":"https:\/\/revolutionpadelstore.com\/de\/#organization"},"potentialAction":[{"@type":"SearchAction","target":{"@type":"EntryPoint","urlTemplate":"https:\/\/revolutionpadelstore.com\/de\/?s={search_term_string}"},"query-input":{"@type":"PropertyValueSpecification","valueRequired":true,"valueName":"search_term_string"}}],"inLanguage":"de"},{"@type":"Organization","@id":"https:\/\/revolutionpadelstore.com\/de\/#organization","name":"Revolution Padel Store","url":"https:\/\/revolutionpadelstore.com\/de\/","logo":{"@type":"ImageObject","inLanguage":"de","@id":"https:\/\/revolutionpadelstore.com\/de\/#\/schema\/logo\/image\/","url":"https:\/\/revolutionpadelstore.com\/wp-content\/uploads\/2026\/02\/revolution-padel-store.jpg","contentUrl":"https:\/\/revolutionpadelstore.com\/wp-content\/uploads\/2026\/02\/revolution-padel-store.jpg","width":2000,"height":2000,"caption":"Revolution Padel Store"},"image":{"@id":"https:\/\/revolutionpadelstore.com\/de\/#\/schema\/logo\/image\/"},"sameAs":["https:\/\/www.instagram.com\/revolutionpadelstore\/"]}]}},"_links":{"self":[{"href":"https:\/\/revolutionpadelstore.com\/de\/wp-json\/wp\/v2\/product\/264967","targetHints":{"allow":["GET"]}}],"collection":[{"href":"https:\/\/revolutionpadelstore.com\/de\/wp-json\/wp\/v2\/product"}],"about":[{"href":"https:\/\/revolutionpadelstore.com\/de\/wp-json\/wp\/v2\/types\/product"}],"replies":[{"embeddable":true,"href":"https:\/\/revolutionpadelstore.com\/de\/wp-json\/wp\/v2\/comments?post=264967"}],"wp:featuredmedia":[{"embeddable":true,"href":"https:\/\/revolutionpadelstore.com\/de\/wp-json\/wp\/v2\/media\/264973"}],"wp:attachment":[{"href":"https:\/\/revolutionpadelstore.com\/de\/wp-json\/wp\/v2\/media?parent=264967"}],"wp:term":[{"taxonomy":"acabado","embeddable":true,"href":"https:\/\/revolutionpadelstore.com\/de\/wp-json\/wp\/v2\/acabado?post=264967"},{"taxonomy":"balance","embeddable":true,"href":"https:\/\/revolutionpadelstore.com\/de\/wp-json\/wp\/v2\/balance?post=264967"},{"taxonomy":"dureza","embeddable":true,"href":"https:\/\/revolutionpadelstore.com\/de\/wp-json\/wp\/v2\/dureza?post=264967"},{"taxonomy":"forma","embeddable":true,"href":"https:\/\/revolutionpadelstore.com\/de\/wp-json\/wp\/v2\/forma?post=264967"},{"taxonomy":"jugador","embeddable":true,"href":"https:\/\/revolutionpadelstore.com\/de\/wp-json\/wp\/v2\/jugador?post=264967"},{"taxonomy":"marca","embeddable":true,"href":"https:\/\/revolutionpadelstore.com\/de\/wp-json\/wp\/v2\/marca?post=264967"},{"taxonomy":"nivel-de-juego","embeddable":true,"href":"https:\/\/revolutionpadelstore.com\/de\/wp-json\/wp\/v2\/nivel-de-juego?post=264967"},{"taxonomy":"superficie","embeddable":true,"href":"https:\/\/revolutionpadelstore.com\/de\/wp-json\/wp\/v2\/superficie?post=264967"},{"taxonomy":"tipo-de-juego","embeddable":true,"href":"https:\/\/revolutionpadelstore.com\/de\/wp-json\/wp\/v2\/tipo-de-juego?post=264967"},{"taxonomy":"product_brand","embeddable":true,"href":"https:\/\/revolutionpadelstore.com\/de\/wp-json\/wp\/v2\/product_brand?post=264967"},{"taxonomy":"product_cat","embeddable":true,"href":"https:\/\/revolutionpadelstore.com\/de\/wp-json\/wp\/v2\/product_cat?post=264967"},{"taxonomy":"product_tag","embeddable":true,"href":"https:\/\/revolutionpadelstore.com\/de\/wp-json\/wp\/v2\/product_tag?post=264967"}],"curies":[{"name":"wp","href":"https:\/\/api.w.org\/{rel}","templated":true}]}}