{"id":264868,"date":"2025-08-10T11:52:40","date_gmt":"2025-08-10T09:52:40","guid":{"rendered":"https:\/\/revolutionpadelstore.com\/adipower-multiweight-control-pro-edt-2025\/"},"modified":"2026-04-01T01:34:40","modified_gmt":"2026-03-31T23:34:40","slug":"adidas-adipower-ctrl-edt-2025","status":"publish","type":"product","link":"https:\/\/revolutionpadelstore.com\/de\/produkt\/adidas-adipower-ctrl-edt-2025\/","title":{"rendered":"ADIDAS ADIPOWER CTRL EDT 2025"},"content":{"rendered":"<h2><strong>Adidas Adipower CTRL MTW Pro EDT 2025 \u2013 Absolute Kontrolle und professionelles Design<\/strong><\/h2>\n<p>Der <strong>Adidas Adipower CTRL MTW Pro EDT 2025<\/strong> ist der ultimative Padelschl\u00e4ger f\u00fcr Spieler, die Millimeterpr\u00e4zision und maximale Kontrolle bei jedem Schlag suchen. Im runden Format und mit mittlerer Balance konzipiert, bietet er au\u00dfergew\u00f6hnliche Vielseitigkeit, um das Spiel von jedem Bereich des Spielfelds aus zu dominieren. Sein einstellbares Gewicht zwischen 355 und 365 Gramm erm\u00f6glicht dank des Weight &amp; Balance Systems eine individuelle Anpassung der Leistung hin zu einem defensiveren Stil oder mit mehr Kraft.<\/p>\n<p>Inspiriert und verwendet von \u00c1lex Ruiz, einer Referenz in der Padel-Welt, kombiniert dieser Schl\u00e4ger in limitierter Auflage modernste Technologie und ein erstklassiges Finish, das den Unterschied macht.<\/p>\n<h2><strong>Hervorgehobene technische Eigenschaften<\/strong><\/h2>\n<p><strong>-Shape:<\/strong> Rund mit zentriertem Sweet Spot f\u00fcr maximale Kontrolle.<\/p>\n<p><strong>-Flats:<\/strong> <strong>18K Carbon<\/strong> sorgt f\u00fcr Stabilit\u00e4t, Haltbarkeit und einen festen Griff.<\/p>\n<p><strong>-Kern:<\/strong> <strong>High Memory EVA-Gummi<\/strong>, mit schneller Erholung f\u00fcr kraftvollere und pr\u00e4zisere Schl\u00e4ge.<\/p>\n<p><strong>-Gewichts- und Balancesystem:<\/strong> Passen Sie Gewicht und Balance (+\/- 9,1 g) an, um eine auf Sie zugeschnittene Leistung zu erzielen.<\/p>\n<p><strong>-Dual Exoskeleton:<\/strong> Doppelte Carbonverst\u00e4rkung in Rahmen und Kern f\u00fcr mehr Stabilit\u00e4t.<\/p>\n<p><strong>-Spin Blade Aufkleber:<\/strong> Raue Oberfl\u00e4che, die Topspin und Slice-Spin optimiert.<\/p>\n<p><strong>-Exklusives Design:<\/strong> Signiert von <strong>\u00c1lex Ruiz<\/strong>, inklusive Premium-Etui.<\/p>\n<h2><strong>Hauptvorteile<\/strong><\/h2>\n<p><strong>-Absolute Kontrolle<\/strong> bei jedem Schlag, ohne auf Kraft zu verzichten.<\/p>\n<p><strong>&#8211; Gr\u00f6\u00dfere Wirkung und Pr\u00e4zision<\/strong> bei Schl\u00e4gen mit Spin.<\/p>\n<p><strong>-\u00dcberlegene Haltbarkeit<\/strong> dank der Kombination aus 18K-Carbon und Strukturverst\u00e4rkungen.<\/p>\n<p><strong>-Vollst\u00e4ndige Anpassung<\/strong> von Gewicht und Balance an Ihren Spielstil.<\/p>\n<p><strong>-Limitierte Edition<\/strong>, die Exklusivit\u00e4t auf der Rennstrecke garantiert.<\/p>\n<h2><strong>F\u00fcr wen ist diese Schaufel?<\/strong><\/h2>\n<p>Der <strong>Adipower CTRL MTW Pro EDT 2025<\/strong> ist f\u00fcr <strong>fortgeschrittene und professionelle Spieler<\/strong> konzipiert, die Wert auf Kontrolle legen, aber nicht auf einen pr\u00e4zisen Schlag verzichten m\u00f6chten. Ideal f\u00fcr diejenigen, die gerne mit taktischen Spielz\u00fcgen und undurchdringlicher Verteidigung das Tempo des Spiels bestimmen.<\/p>\n<p><strong>Beherrschen Sie den Platz mit erstklassiger Pr\u00e4zision.<\/strong> Holen Sie sich den <strong>Adidas Adipower CTRL MTW Pro EDT 2025<\/strong> und sp\u00fcren Sie den Unterschied eines Schl\u00e4gers, der f\u00fcr Champions entwickelt wurde.<\/p>\n<p>Erh\u00e4ltlich in unserem Online-Shop<strong><a href=\"https:\/\/www.revolutionpadelstore.com\/\">www.revolutionpadelstore.com<\/a><\/strong> wahrscheinlich zum besten Preis auf dem Markt.<\/p>\n<h2><strong>Adidas Adipower CTRL MTW Pro EDT 2025 \u2013 Control absoluto y dise\u00f1o profesional<\/strong><\/p>\n","protected":false},"excerpt":{"rendered":"<p>Adidas-Schl\u00e4ger mit absoluter Kontrolle, hergestellt aus 18K-Carbon und hochreaktivem EVA-Gummi. Es wurde f\u00fcr erfahrene Spieler entwickelt und bietet die M\u00f6glichkeit, sowohl Gewicht als auch Balance anzupassen. Exklusive Edition mit der Signatur von \u00c1lex Ruiz.<\/p>\n","protected":false},"featured_media":264875,"comment_status":"open","ping_status":"closed","template":"","meta":{"_acf_changed":false,"_joinchat":[]},"acabado":[1089],"balance":[1144],"dureza":[1154],"forma":[1179],"jugador":[1189],"marca":[1229],"nivel-de-juego":[1334],"superficie":[1359],"tipo-de-juego":[1369],"product_brand":[],"product_cat":[299],"product_tag":[],"class_list":{"0":"post-264868","1":"product","2":"type-product","3":"status-publish","4":"has-post-thumbnail","6":"acabado-3d-entlasten","7":"balance-niedrig","8":"dureza-media-de","9":"forma-rund","10":"jugador-mann","11":"marca-adidas-de","12":"superficie-rugosa-de","13":"tipo-de-juego-kontrolle","14":"product_cat-palas-de-padel-de","16":"first","17":"instock","18":"sale","19":"taxable","20":"shipping-taxable","21":"purchasable","22":"product-type-simple"},"acf":[],"yoast_head":"<!-- This site is optimized with the Yoast SEO plugin v27.3 - https:\/\/yoast.com\/product\/yoast-seo-wordpress\/ -->\n<title>ADIDAS ADIPOWER CTRL EDT 2025 - Revolution Padel Store<\/title>\n<meta name=\"description\" content=\"Adidas Adipower CTRL MTW Pro EDT 2025 \u2013 Pala de p\u00e1del profesional con control absoluto, carbono 18K, goma EVA High Memory y peso ajustable. Edici\u00f3n limitada firmada por \u00c1lex Ruiz. \u00a1C\u00f3mprala en Revolution Padel Store al mejor precio!\" \/>\n<meta name=\"robots\" content=\"index, follow, max-snippet:-1, max-image-preview:large, max-video-preview:-1\" \/>\n<link rel=\"canonical\" href=\"https:\/\/revolutionpadelstore.com\/de\/produkt\/adidas-adipower-ctrl-edt-2025\/\" \/>\n<meta property=\"og:locale\" content=\"de_DE\" \/>\n<meta property=\"og:type\" content=\"article\" \/>\n<meta property=\"og:title\" content=\"ADIDAS ADIPOWER CTRL EDT 2025 - Revolution Padel Store\" \/>\n<meta property=\"og:description\" content=\"Adidas Adipower CTRL MTW Pro EDT 2025 \u2013 Pala de p\u00e1del profesional con control absoluto, carbono 18K, goma EVA High Memory y peso ajustable. Edici\u00f3n limitada firmada por \u00c1lex Ruiz. \u00a1C\u00f3mprala en Revolution Padel Store al mejor precio!\" \/>\n<meta property=\"og:url\" content=\"https:\/\/revolutionpadelstore.com\/de\/produkt\/adidas-adipower-ctrl-edt-2025\/\" \/>\n<meta property=\"og:site_name\" content=\"Revolution Padel Store\" \/>\n<meta property=\"article:modified_time\" content=\"2026-03-31T23:34:40+00:00\" \/>\n<meta property=\"og:image\" content=\"https:\/\/revolutionpadelstore.com\/wp-content\/uploads\/2025\/08\/117506-pala-adidas-adipower-ctrl-mtw-pro-edt-2025-ar1ca8u16-1500x1500-1.webp\" \/>\n\t<meta property=\"og:image:width\" content=\"1500\" \/>\n\t<meta property=\"og:image:height\" content=\"1500\" \/>\n\t<meta property=\"og:image:type\" content=\"image\/webp\" \/>\n<meta name=\"twitter:card\" content=\"summary_large_image\" \/>\n<meta name=\"twitter:label1\" content=\"Gesch\u00e4tzte Lesezeit\" \/>\n\t<meta name=\"twitter:data1\" content=\"2\u00a0Minuten\" \/>\n<script type=\"application\/ld+json\" class=\"yoast-schema-graph\">{\"@context\":\"https:\\\/\\\/schema.org\",\"@graph\":[{\"@type\":\"WebPage\",\"@id\":\"https:\\\/\\\/revolutionpadelstore.com\\\/de\\\/produkt\\\/adidas-adipower-ctrl-edt-2025\\\/\",\"url\":\"https:\\\/\\\/revolutionpadelstore.com\\\/de\\\/produkt\\\/adidas-adipower-ctrl-edt-2025\\\/\",\"name\":\"ADIDAS ADIPOWER CTRL EDT 2025 - Revolution Padel Store\",\"isPartOf\":{\"@id\":\"https:\\\/\\\/revolutionpadelstore.com\\\/de\\\/#website\"},\"primaryImageOfPage\":{\"@id\":\"https:\\\/\\\/revolutionpadelstore.com\\\/de\\\/produkt\\\/adidas-adipower-ctrl-edt-2025\\\/#primaryimage\"},\"image\":{\"@id\":\"https:\\\/\\\/revolutionpadelstore.com\\\/de\\\/produkt\\\/adidas-adipower-ctrl-edt-2025\\\/#primaryimage\"},\"thumbnailUrl\":\"https:\\\/\\\/revolutionpadelstore.com\\\/wp-content\\\/uploads\\\/2025\\\/08\\\/117506-pala-adidas-adipower-ctrl-mtw-pro-edt-2025-ar1ca8u16-1500x1500-1.webp\",\"datePublished\":\"2025-08-10T09:52:40+00:00\",\"dateModified\":\"2026-03-31T23:34:40+00:00\",\"description\":\"Adidas Adipower CTRL MTW Pro EDT 2025 \u2013 Pala de p\u00e1del profesional con control absoluto, carbono 18K, goma EVA High Memory y peso ajustable. Edici\u00f3n limitada firmada por \u00c1lex Ruiz. \u00a1C\u00f3mprala en Revolution Padel Store al mejor precio!\",\"breadcrumb\":{\"@id\":\"https:\\\/\\\/revolutionpadelstore.com\\\/de\\\/produkt\\\/adidas-adipower-ctrl-edt-2025\\\/#breadcrumb\"},\"inLanguage\":\"de\",\"potentialAction\":[{\"@type\":\"ReadAction\",\"target\":[\"https:\\\/\\\/revolutionpadelstore.com\\\/de\\\/produkt\\\/adidas-adipower-ctrl-edt-2025\\\/\"]}]},{\"@type\":\"ImageObject\",\"inLanguage\":\"de\",\"@id\":\"https:\\\/\\\/revolutionpadelstore.com\\\/de\\\/produkt\\\/adidas-adipower-ctrl-edt-2025\\\/#primaryimage\",\"url\":\"https:\\\/\\\/revolutionpadelstore.com\\\/wp-content\\\/uploads\\\/2025\\\/08\\\/117506-pala-adidas-adipower-ctrl-mtw-pro-edt-2025-ar1ca8u16-1500x1500-1.webp\",\"contentUrl\":\"https:\\\/\\\/revolutionpadelstore.com\\\/wp-content\\\/uploads\\\/2025\\\/08\\\/117506-pala-adidas-adipower-ctrl-mtw-pro-edt-2025-ar1ca8u16-1500x1500-1.webp\",\"width\":1500,\"height\":1500},{\"@type\":\"BreadcrumbList\",\"@id\":\"https:\\\/\\\/revolutionpadelstore.com\\\/de\\\/produkt\\\/adidas-adipower-ctrl-edt-2025\\\/#breadcrumb\",\"itemListElement\":[{\"@type\":\"ListItem\",\"position\":1,\"name\":\"Portada\",\"item\":\"https:\\\/\\\/revolutionpadelstore.com\\\/de\\\/\"},{\"@type\":\"ListItem\",\"position\":2,\"name\":\"Shop\",\"item\":\"https:\\\/\\\/revolutionpadelstore.com\\\/de\\\/tienda\\\/\"},{\"@type\":\"ListItem\",\"position\":3,\"name\":\"ADIDAS ADIPOWER CTRL EDT 2025\"}]},{\"@type\":\"WebSite\",\"@id\":\"https:\\\/\\\/revolutionpadelstore.com\\\/de\\\/#website\",\"url\":\"https:\\\/\\\/revolutionpadelstore.com\\\/de\\\/\",\"name\":\"Revolution Padel Store\",\"description\":\"\",\"publisher\":{\"@id\":\"https:\\\/\\\/revolutionpadelstore.com\\\/de\\\/#organization\"},\"potentialAction\":[{\"@type\":\"SearchAction\",\"target\":{\"@type\":\"EntryPoint\",\"urlTemplate\":\"https:\\\/\\\/revolutionpadelstore.com\\\/de\\\/?s={search_term_string}\"},\"query-input\":{\"@type\":\"PropertyValueSpecification\",\"valueRequired\":true,\"valueName\":\"search_term_string\"}}],\"inLanguage\":\"de\"},{\"@type\":\"Organization\",\"@id\":\"https:\\\/\\\/revolutionpadelstore.com\\\/de\\\/#organization\",\"name\":\"Revolution Padel Store\",\"url\":\"https:\\\/\\\/revolutionpadelstore.com\\\/de\\\/\",\"logo\":{\"@type\":\"ImageObject\",\"inLanguage\":\"de\",\"@id\":\"https:\\\/\\\/revolutionpadelstore.com\\\/de\\\/#\\\/schema\\\/logo\\\/image\\\/\",\"url\":\"https:\\\/\\\/revolutionpadelstore.com\\\/wp-content\\\/uploads\\\/2026\\\/02\\\/revolution-padel-store.jpg\",\"contentUrl\":\"https:\\\/\\\/revolutionpadelstore.com\\\/wp-content\\\/uploads\\\/2026\\\/02\\\/revolution-padel-store.jpg\",\"width\":2000,\"height\":2000,\"caption\":\"Revolution Padel Store\"},\"image\":{\"@id\":\"https:\\\/\\\/revolutionpadelstore.com\\\/de\\\/#\\\/schema\\\/logo\\\/image\\\/\"},\"sameAs\":[\"https:\\\/\\\/www.instagram.com\\\/revolutionpadelstore\\\/\"]}]}<\/script>\n<!-- \/ Yoast SEO plugin. -->","yoast_head_json":{"title":"ADIDAS ADIPOWER CTRL EDT 2025 - Revolution Padel Store","description":"Adidas Adipower CTRL MTW Pro EDT 2025 \u2013 Pala de p\u00e1del profesional con control absoluto, carbono 18K, goma EVA High Memory y peso ajustable. Edici\u00f3n limitada firmada por \u00c1lex Ruiz. \u00a1C\u00f3mprala en Revolution Padel Store al mejor precio!","robots":{"index":"index","follow":"follow","max-snippet":"max-snippet:-1","max-image-preview":"max-image-preview:large","max-video-preview":"max-video-preview:-1"},"canonical":"https:\/\/revolutionpadelstore.com\/de\/produkt\/adidas-adipower-ctrl-edt-2025\/","og_locale":"de_DE","og_type":"article","og_title":"ADIDAS ADIPOWER CTRL EDT 2025 - Revolution Padel Store","og_description":"Adidas Adipower CTRL MTW Pro EDT 2025 \u2013 Pala de p\u00e1del profesional con control absoluto, carbono 18K, goma EVA High Memory y peso ajustable. Edici\u00f3n limitada firmada por \u00c1lex Ruiz. \u00a1C\u00f3mprala en Revolution Padel Store al mejor precio!","og_url":"https:\/\/revolutionpadelstore.com\/de\/produkt\/adidas-adipower-ctrl-edt-2025\/","og_site_name":"Revolution Padel Store","article_modified_time":"2026-03-31T23:34:40+00:00","og_image":[{"width":1500,"height":1500,"url":"https:\/\/revolutionpadelstore.com\/wp-content\/uploads\/2025\/08\/117506-pala-adidas-adipower-ctrl-mtw-pro-edt-2025-ar1ca8u16-1500x1500-1.webp","type":"image\/webp"}],"twitter_card":"summary_large_image","twitter_misc":{"Gesch\u00e4tzte Lesezeit":"2\u00a0Minuten"},"schema":{"@context":"https:\/\/schema.org","@graph":[{"@type":"WebPage","@id":"https:\/\/revolutionpadelstore.com\/de\/produkt\/adidas-adipower-ctrl-edt-2025\/","url":"https:\/\/revolutionpadelstore.com\/de\/produkt\/adidas-adipower-ctrl-edt-2025\/","name":"ADIDAS ADIPOWER CTRL EDT 2025 - Revolution Padel Store","isPartOf":{"@id":"https:\/\/revolutionpadelstore.com\/de\/#website"},"primaryImageOfPage":{"@id":"https:\/\/revolutionpadelstore.com\/de\/produkt\/adidas-adipower-ctrl-edt-2025\/#primaryimage"},"image":{"@id":"https:\/\/revolutionpadelstore.com\/de\/produkt\/adidas-adipower-ctrl-edt-2025\/#primaryimage"},"thumbnailUrl":"https:\/\/revolutionpadelstore.com\/wp-content\/uploads\/2025\/08\/117506-pala-adidas-adipower-ctrl-mtw-pro-edt-2025-ar1ca8u16-1500x1500-1.webp","datePublished":"2025-08-10T09:52:40+00:00","dateModified":"2026-03-31T23:34:40+00:00","description":"Adidas Adipower CTRL MTW Pro EDT 2025 \u2013 Pala de p\u00e1del profesional con control absoluto, carbono 18K, goma EVA High Memory y peso ajustable. Edici\u00f3n limitada firmada por \u00c1lex Ruiz. \u00a1C\u00f3mprala en Revolution Padel Store al mejor precio!","breadcrumb":{"@id":"https:\/\/revolutionpadelstore.com\/de\/produkt\/adidas-adipower-ctrl-edt-2025\/#breadcrumb"},"inLanguage":"de","potentialAction":[{"@type":"ReadAction","target":["https:\/\/revolutionpadelstore.com\/de\/produkt\/adidas-adipower-ctrl-edt-2025\/"]}]},{"@type":"ImageObject","inLanguage":"de","@id":"https:\/\/revolutionpadelstore.com\/de\/produkt\/adidas-adipower-ctrl-edt-2025\/#primaryimage","url":"https:\/\/revolutionpadelstore.com\/wp-content\/uploads\/2025\/08\/117506-pala-adidas-adipower-ctrl-mtw-pro-edt-2025-ar1ca8u16-1500x1500-1.webp","contentUrl":"https:\/\/revolutionpadelstore.com\/wp-content\/uploads\/2025\/08\/117506-pala-adidas-adipower-ctrl-mtw-pro-edt-2025-ar1ca8u16-1500x1500-1.webp","width":1500,"height":1500},{"@type":"BreadcrumbList","@id":"https:\/\/revolutionpadelstore.com\/de\/produkt\/adidas-adipower-ctrl-edt-2025\/#breadcrumb","itemListElement":[{"@type":"ListItem","position":1,"name":"Portada","item":"https:\/\/revolutionpadelstore.com\/de\/"},{"@type":"ListItem","position":2,"name":"Shop","item":"https:\/\/revolutionpadelstore.com\/de\/tienda\/"},{"@type":"ListItem","position":3,"name":"ADIDAS ADIPOWER CTRL EDT 2025"}]},{"@type":"WebSite","@id":"https:\/\/revolutionpadelstore.com\/de\/#website","url":"https:\/\/revolutionpadelstore.com\/de\/","name":"Revolution Padel Store","description":"","publisher":{"@id":"https:\/\/revolutionpadelstore.com\/de\/#organization"},"potentialAction":[{"@type":"SearchAction","target":{"@type":"EntryPoint","urlTemplate":"https:\/\/revolutionpadelstore.com\/de\/?s={search_term_string}"},"query-input":{"@type":"PropertyValueSpecification","valueRequired":true,"valueName":"search_term_string"}}],"inLanguage":"de"},{"@type":"Organization","@id":"https:\/\/revolutionpadelstore.com\/de\/#organization","name":"Revolution Padel Store","url":"https:\/\/revolutionpadelstore.com\/de\/","logo":{"@type":"ImageObject","inLanguage":"de","@id":"https:\/\/revolutionpadelstore.com\/de\/#\/schema\/logo\/image\/","url":"https:\/\/revolutionpadelstore.com\/wp-content\/uploads\/2026\/02\/revolution-padel-store.jpg","contentUrl":"https:\/\/revolutionpadelstore.com\/wp-content\/uploads\/2026\/02\/revolution-padel-store.jpg","width":2000,"height":2000,"caption":"Revolution Padel Store"},"image":{"@id":"https:\/\/revolutionpadelstore.com\/de\/#\/schema\/logo\/image\/"},"sameAs":["https:\/\/www.instagram.com\/revolutionpadelstore\/"]}]}},"_links":{"self":[{"href":"https:\/\/revolutionpadelstore.com\/de\/wp-json\/wp\/v2\/product\/264868","targetHints":{"allow":["GET"]}}],"collection":[{"href":"https:\/\/revolutionpadelstore.com\/de\/wp-json\/wp\/v2\/product"}],"about":[{"href":"https:\/\/revolutionpadelstore.com\/de\/wp-json\/wp\/v2\/types\/product"}],"replies":[{"embeddable":true,"href":"https:\/\/revolutionpadelstore.com\/de\/wp-json\/wp\/v2\/comments?post=264868"}],"wp:featuredmedia":[{"embeddable":true,"href":"https:\/\/revolutionpadelstore.com\/de\/wp-json\/wp\/v2\/media\/264875"}],"wp:attachment":[{"href":"https:\/\/revolutionpadelstore.com\/de\/wp-json\/wp\/v2\/media?parent=264868"}],"wp:term":[{"taxonomy":"acabado","embeddable":true,"href":"https:\/\/revolutionpadelstore.com\/de\/wp-json\/wp\/v2\/acabado?post=264868"},{"taxonomy":"balance","embeddable":true,"href":"https:\/\/revolutionpadelstore.com\/de\/wp-json\/wp\/v2\/balance?post=264868"},{"taxonomy":"dureza","embeddable":true,"href":"https:\/\/revolutionpadelstore.com\/de\/wp-json\/wp\/v2\/dureza?post=264868"},{"taxonomy":"forma","embeddable":true,"href":"https:\/\/revolutionpadelstore.com\/de\/wp-json\/wp\/v2\/forma?post=264868"},{"taxonomy":"jugador","embeddable":true,"href":"https:\/\/revolutionpadelstore.com\/de\/wp-json\/wp\/v2\/jugador?post=264868"},{"taxonomy":"marca","embeddable":true,"href":"https:\/\/revolutionpadelstore.com\/de\/wp-json\/wp\/v2\/marca?post=264868"},{"taxonomy":"nivel-de-juego","embeddable":true,"href":"https:\/\/revolutionpadelstore.com\/de\/wp-json\/wp\/v2\/nivel-de-juego?post=264868"},{"taxonomy":"superficie","embeddable":true,"href":"https:\/\/revolutionpadelstore.com\/de\/wp-json\/wp\/v2\/superficie?post=264868"},{"taxonomy":"tipo-de-juego","embeddable":true,"href":"https:\/\/revolutionpadelstore.com\/de\/wp-json\/wp\/v2\/tipo-de-juego?post=264868"},{"taxonomy":"product_brand","embeddable":true,"href":"https:\/\/revolutionpadelstore.com\/de\/wp-json\/wp\/v2\/product_brand?post=264868"},{"taxonomy":"product_cat","embeddable":true,"href":"https:\/\/revolutionpadelstore.com\/de\/wp-json\/wp\/v2\/product_cat?post=264868"},{"taxonomy":"product_tag","embeddable":true,"href":"https:\/\/revolutionpadelstore.com\/de\/wp-json\/wp\/v2\/product_tag?post=264868"}],"curies":[{"name":"wp","href":"https:\/\/api.w.org\/{rel}","templated":true}]}}