{"id":264488,"date":"2025-07-19T09:11:45","date_gmt":"2025-07-19T07:11:45","guid":{"rendered":"https:\/\/revolutionpadelstore.com\/falda-bullpadel-dalia-mujer\/"},"modified":"2026-04-08T04:42:20","modified_gmt":"2026-04-08T02:42:20","slug":"falda-bullpadel-dalia-mujer-1","status":"publish","type":"product","link":"https:\/\/revolutionpadelstore.com\/de\/produkt\/falda-bullpadel-dalia-mujer-1\/","title":{"rendered":"FALDA BULLPADEL DALIA MUJER"},"content":{"rendered":"<h2>Bullpadel Dalia Damenrock \u2013 Komfort, Stil und Leistung auf dem Platz<\/h2>\n<p>Beherrschen Sie den Platz mit dem <strong>Bullpadel Dalia Damenrock<\/strong>, einem unverzichtbaren Kleidungsst\u00fcck f\u00fcr Spielerinnen, die Komfort, Bewegungsfreiheit und einen modernen Stil suchen. Dieser Rock wurde von einer der bekanntesten Marken in der Padel-Welt, Bullpadel, entworfen und kombiniert hochwertige Materialien mit fortschrittlicher Technologie, um Ihre Leistung zu maximieren.<\/p>\n<h2> Hervorgehobene Funktionen<\/h2>\n<p><strong>-Schmeichelhaftes Design:<\/strong> Hohe Taille und inneres Netzgewebe, das die weibliche Figur stilisiert und mehr Halt bietet.<\/p>\n<p><strong>-Bewegungsfreiheit:<\/strong> \u00d6ffnung vorne und mikroperforierter Stoff hinten f\u00fcr uneingeschr\u00e4nkte Bewegungsfreiheit.<\/p>\n<p><strong>-Drynamic-Technologie:<\/strong> Schnell trocknendes System, das die Luftfeuchtigkeit reduziert und die Schwei\u00dfbildung verbessert, damit Sie w\u00e4hrend des Spiels frisch und trocken bleiben.<\/p>\n<p><strong>-Delfi Brea Label:<\/strong> Qualit\u00e4tssiegel, das den professionellen Einsatz und die hohe Leistung des Produkts garantiert.<\/p>\n<p><strong>-Premium-Materialien:<\/strong> Hergestellt aus elastischem Polyester- und Elastan-Jersey, weich im Griff und \u00e4u\u00dferst widerstandsf\u00e4hig im sportlichen Einsatz.<\/p>\n<h2> Ideal f\u00fcr anspruchsvolle Spieler<\/h2>\n<p>Dieser Sportrock ist f\u00fcr Frauen konzipiert, die regelm\u00e4\u00dfig trainieren oder an Wettk\u00e4mpfen teilnehmen und weder auf Eleganz noch Komfort verzichten m\u00f6chten. Sein technisches Design erm\u00f6glicht es ihm, sich dem K\u00f6rper anzupassen und sich v\u00f6llig frei zu bewegen, w\u00e4hrend seine raffinierte \u00c4sthetik f\u00fcr einen professionellen und modernen Look auf dem Platz sorgt.<\/p>\n<h2> Vorteile der Wahl des Bullpadel Dalia-Rocks<\/h2>\n<p>-Kombinierbar mit jedem Padel-T-Shirt oder -Top.<\/p>\n<p>-Hervorragende Atmungsaktivit\u00e4t auch bei intensivsten Trainingseinheiten.<\/p>\n<p>&#8211; Von professionellen Spielern anerkannte Marke.<\/p>\n<p>-Perfekt sowohl f\u00fcr den Wettkampf als auch f\u00fcr den Freizeitgebrauch.<\/p>\n<h2> Holen Sie es sich jetzt!<\/h2>\n<p>Verpassen Sie nicht die Gelegenheit, Ihre Ausr\u00fcstung mit diesem Bullpadel-Rock zu verbessern. Holen Sie es sich bei <strong><a href=\"http:\/\/www.revolutionpadelstore.com\/\">www.revolutionpadelstore.com<\/a><\/strong>, wahrscheinlich zum <strong>besten Preis auf dem Markt<\/strong> und mit garantiert schneller Lieferung.<\/p>\n<h2>Falda Bullpadel Dalia Mujer \u2013 Confort, Estilo y Rendimiento en la Pista<\/h2>\n","protected":false},"excerpt":{"rendered":"<p><strong data-start=\"51\" data-end=\"87\">Bullpadel Dalia Rock f\u00fcr Damen<\/strong>, entworfen aus einem elastischen Polyestergewebe mit <strong data-start=\"162\" data-end=\"174\">Drynamic<\/strong>-Technologie, die eine schnelle Trocknung f\u00f6rdert. Es ist Teil der Sammlung mit dem <strong data-start=\"255\" data-end=\"269\" data-is-only-node=\"\">Delfi Brea<\/strong>-Siegel.<strong data-start=\"51\" data-end=\"87\">Falda Bullpadel Dalia para mujer<\/strong><\/p>\n","protected":false},"featured_media":264481,"comment_status":"open","ping_status":"closed","template":"","meta":{"_acf_changed":false,"_joinchat":[]},"acabado":[],"balance":[],"dureza":[],"forma":[],"jugador":[],"marca":[1254],"nivel-de-juego":[],"superficie":[],"tipo-de-juego":[],"product_brand":[],"product_cat":[323],"product_tag":[],"class_list":{"0":"post-264488","1":"product","2":"type-product","3":"status-publish","4":"has-post-thumbnail","6":"marca-bullpadel-de","7":"product_cat-ropa-de","9":"first","10":"outofstock","11":"sale","12":"taxable","13":"shipping-taxable","14":"purchasable","15":"product-type-variable"},"acf":[],"yoast_head":"<!-- This site is optimized with the Yoast SEO plugin v27.4 - https:\/\/yoast.com\/product\/yoast-seo-wordpress\/ -->\n<title>FALDA BULLPADEL DALIA MUJER - Revolution Padel Store<\/title>\n<meta name=\"description\" content=\"Compra la Falda Bullpadel Dalia Mujer en Revolution Padel Store. Comodidad, transpirabilidad y dise\u00f1o profesional con tecnolog\u00eda Drynamic. \u00a1Disponible al mejor precio!\" \/>\n<meta name=\"robots\" content=\"index, follow, max-snippet:-1, max-image-preview:large, max-video-preview:-1\" \/>\n<link rel=\"canonical\" href=\"https:\/\/revolutionpadelstore.com\/de\/produkt\/falda-bullpadel-dalia-mujer-1\/\" \/>\n<meta property=\"og:locale\" content=\"de_DE\" \/>\n<meta property=\"og:type\" content=\"article\" \/>\n<meta property=\"og:title\" content=\"FALDA BULLPADEL DALIA MUJER - Revolution Padel Store\" \/>\n<meta property=\"og:description\" content=\"Compra la Falda Bullpadel Dalia Mujer en Revolution Padel Store. Comodidad, transpirabilidad y dise\u00f1o profesional con tecnolog\u00eda Drynamic. \u00a1Disponible al mejor precio!\" \/>\n<meta property=\"og:url\" content=\"https:\/\/revolutionpadelstore.com\/de\/produkt\/falda-bullpadel-dalia-mujer-1\/\" \/>\n<meta property=\"og:site_name\" content=\"Revolution Padel Store\" \/>\n<meta property=\"article:modified_time\" content=\"2026-04-08T02:42:20+00:00\" \/>\n<meta property=\"og:image\" content=\"https:\/\/revolutionpadelstore.com\/wp-content\/uploads\/2025\/07\/114365_falda_basica_bullpadel_dalia_031_azul_tinta_1200x1200_1_face.webp\" \/>\n\t<meta property=\"og:image:width\" content=\"1200\" \/>\n\t<meta property=\"og:image:height\" content=\"1200\" \/>\n\t<meta property=\"og:image:type\" content=\"image\/webp\" \/>\n<meta name=\"twitter:card\" content=\"summary_large_image\" \/>\n<meta name=\"twitter:label1\" content=\"Gesch\u00e4tzte Lesezeit\" \/>\n\t<meta name=\"twitter:data1\" content=\"1\u00a0Minute\" \/>\n<script type=\"application\/ld+json\" class=\"yoast-schema-graph\">{\"@context\":\"https:\\\/\\\/schema.org\",\"@graph\":[{\"@type\":\"WebPage\",\"@id\":\"https:\\\/\\\/revolutionpadelstore.com\\\/de\\\/produkt\\\/falda-bullpadel-dalia-mujer-1\\\/\",\"url\":\"https:\\\/\\\/revolutionpadelstore.com\\\/de\\\/produkt\\\/falda-bullpadel-dalia-mujer-1\\\/\",\"name\":\"FALDA BULLPADEL DALIA MUJER - Revolution Padel Store\",\"isPartOf\":{\"@id\":\"https:\\\/\\\/revolutionpadelstore.com\\\/de\\\/#website\"},\"primaryImageOfPage\":{\"@id\":\"https:\\\/\\\/revolutionpadelstore.com\\\/de\\\/produkt\\\/falda-bullpadel-dalia-mujer-1\\\/#primaryimage\"},\"image\":{\"@id\":\"https:\\\/\\\/revolutionpadelstore.com\\\/de\\\/produkt\\\/falda-bullpadel-dalia-mujer-1\\\/#primaryimage\"},\"thumbnailUrl\":\"https:\\\/\\\/revolutionpadelstore.com\\\/wp-content\\\/uploads\\\/2025\\\/07\\\/114365_falda_basica_bullpadel_dalia_031_azul_tinta_1200x1200_1_face.webp\",\"datePublished\":\"2025-07-19T07:11:45+00:00\",\"dateModified\":\"2026-04-08T02:42:20+00:00\",\"description\":\"Compra la Falda Bullpadel Dalia Mujer en Revolution Padel Store. Comodidad, transpirabilidad y dise\u00f1o profesional con tecnolog\u00eda Drynamic. \u00a1Disponible al mejor precio!\",\"breadcrumb\":{\"@id\":\"https:\\\/\\\/revolutionpadelstore.com\\\/de\\\/produkt\\\/falda-bullpadel-dalia-mujer-1\\\/#breadcrumb\"},\"inLanguage\":\"de\",\"potentialAction\":[{\"@type\":\"ReadAction\",\"target\":[\"https:\\\/\\\/revolutionpadelstore.com\\\/de\\\/produkt\\\/falda-bullpadel-dalia-mujer-1\\\/\"]}]},{\"@type\":\"ImageObject\",\"inLanguage\":\"de\",\"@id\":\"https:\\\/\\\/revolutionpadelstore.com\\\/de\\\/produkt\\\/falda-bullpadel-dalia-mujer-1\\\/#primaryimage\",\"url\":\"https:\\\/\\\/revolutionpadelstore.com\\\/wp-content\\\/uploads\\\/2025\\\/07\\\/114365_falda_basica_bullpadel_dalia_031_azul_tinta_1200x1200_1_face.webp\",\"contentUrl\":\"https:\\\/\\\/revolutionpadelstore.com\\\/wp-content\\\/uploads\\\/2025\\\/07\\\/114365_falda_basica_bullpadel_dalia_031_azul_tinta_1200x1200_1_face.webp\",\"width\":1200,\"height\":1200},{\"@type\":\"BreadcrumbList\",\"@id\":\"https:\\\/\\\/revolutionpadelstore.com\\\/de\\\/produkt\\\/falda-bullpadel-dalia-mujer-1\\\/#breadcrumb\",\"itemListElement\":[{\"@type\":\"ListItem\",\"position\":1,\"name\":\"Portada\",\"item\":\"https:\\\/\\\/revolutionpadelstore.com\\\/de\\\/\"},{\"@type\":\"ListItem\",\"position\":2,\"name\":\"Shop\",\"item\":\"https:\\\/\\\/revolutionpadelstore.com\\\/de\\\/tienda\\\/\"},{\"@type\":\"ListItem\",\"position\":3,\"name\":\"FALDA BULLPADEL DALIA MUJER\"}]},{\"@type\":\"WebSite\",\"@id\":\"https:\\\/\\\/revolutionpadelstore.com\\\/de\\\/#website\",\"url\":\"https:\\\/\\\/revolutionpadelstore.com\\\/de\\\/\",\"name\":\"Revolution Padel Store\",\"description\":\"\",\"publisher\":{\"@id\":\"https:\\\/\\\/revolutionpadelstore.com\\\/de\\\/#organization\"},\"potentialAction\":[{\"@type\":\"SearchAction\",\"target\":{\"@type\":\"EntryPoint\",\"urlTemplate\":\"https:\\\/\\\/revolutionpadelstore.com\\\/de\\\/?s={search_term_string}\"},\"query-input\":{\"@type\":\"PropertyValueSpecification\",\"valueRequired\":true,\"valueName\":\"search_term_string\"}}],\"inLanguage\":\"de\"},{\"@type\":\"Organization\",\"@id\":\"https:\\\/\\\/revolutionpadelstore.com\\\/de\\\/#organization\",\"name\":\"Revolution Padel Store\",\"url\":\"https:\\\/\\\/revolutionpadelstore.com\\\/de\\\/\",\"logo\":{\"@type\":\"ImageObject\",\"inLanguage\":\"de\",\"@id\":\"https:\\\/\\\/revolutionpadelstore.com\\\/de\\\/#\\\/schema\\\/logo\\\/image\\\/\",\"url\":\"https:\\\/\\\/revolutionpadelstore.com\\\/wp-content\\\/uploads\\\/2026\\\/02\\\/revolution-padel-store.jpg\",\"contentUrl\":\"https:\\\/\\\/revolutionpadelstore.com\\\/wp-content\\\/uploads\\\/2026\\\/02\\\/revolution-padel-store.jpg\",\"width\":2000,\"height\":2000,\"caption\":\"Revolution Padel Store\"},\"image\":{\"@id\":\"https:\\\/\\\/revolutionpadelstore.com\\\/de\\\/#\\\/schema\\\/logo\\\/image\\\/\"},\"sameAs\":[\"https:\\\/\\\/www.instagram.com\\\/revolutionpadelstore\\\/\"]}]}<\/script>\n<!-- \/ Yoast SEO plugin. -->","yoast_head_json":{"title":"FALDA BULLPADEL DALIA MUJER - Revolution Padel Store","description":"Compra la Falda Bullpadel Dalia Mujer en Revolution Padel Store. Comodidad, transpirabilidad y dise\u00f1o profesional con tecnolog\u00eda Drynamic. \u00a1Disponible al mejor precio!","robots":{"index":"index","follow":"follow","max-snippet":"max-snippet:-1","max-image-preview":"max-image-preview:large","max-video-preview":"max-video-preview:-1"},"canonical":"https:\/\/revolutionpadelstore.com\/de\/produkt\/falda-bullpadel-dalia-mujer-1\/","og_locale":"de_DE","og_type":"article","og_title":"FALDA BULLPADEL DALIA MUJER - Revolution Padel Store","og_description":"Compra la Falda Bullpadel Dalia Mujer en Revolution Padel Store. Comodidad, transpirabilidad y dise\u00f1o profesional con tecnolog\u00eda Drynamic. \u00a1Disponible al mejor precio!","og_url":"https:\/\/revolutionpadelstore.com\/de\/produkt\/falda-bullpadel-dalia-mujer-1\/","og_site_name":"Revolution Padel Store","article_modified_time":"2026-04-08T02:42:20+00:00","og_image":[{"width":1200,"height":1200,"url":"https:\/\/revolutionpadelstore.com\/wp-content\/uploads\/2025\/07\/114365_falda_basica_bullpadel_dalia_031_azul_tinta_1200x1200_1_face.webp","type":"image\/webp"}],"twitter_card":"summary_large_image","twitter_misc":{"Gesch\u00e4tzte Lesezeit":"1\u00a0Minute"},"schema":{"@context":"https:\/\/schema.org","@graph":[{"@type":"WebPage","@id":"https:\/\/revolutionpadelstore.com\/de\/produkt\/falda-bullpadel-dalia-mujer-1\/","url":"https:\/\/revolutionpadelstore.com\/de\/produkt\/falda-bullpadel-dalia-mujer-1\/","name":"FALDA BULLPADEL DALIA MUJER - Revolution Padel Store","isPartOf":{"@id":"https:\/\/revolutionpadelstore.com\/de\/#website"},"primaryImageOfPage":{"@id":"https:\/\/revolutionpadelstore.com\/de\/produkt\/falda-bullpadel-dalia-mujer-1\/#primaryimage"},"image":{"@id":"https:\/\/revolutionpadelstore.com\/de\/produkt\/falda-bullpadel-dalia-mujer-1\/#primaryimage"},"thumbnailUrl":"https:\/\/revolutionpadelstore.com\/wp-content\/uploads\/2025\/07\/114365_falda_basica_bullpadel_dalia_031_azul_tinta_1200x1200_1_face.webp","datePublished":"2025-07-19T07:11:45+00:00","dateModified":"2026-04-08T02:42:20+00:00","description":"Compra la Falda Bullpadel Dalia Mujer en Revolution Padel Store. Comodidad, transpirabilidad y dise\u00f1o profesional con tecnolog\u00eda Drynamic. \u00a1Disponible al mejor precio!","breadcrumb":{"@id":"https:\/\/revolutionpadelstore.com\/de\/produkt\/falda-bullpadel-dalia-mujer-1\/#breadcrumb"},"inLanguage":"de","potentialAction":[{"@type":"ReadAction","target":["https:\/\/revolutionpadelstore.com\/de\/produkt\/falda-bullpadel-dalia-mujer-1\/"]}]},{"@type":"ImageObject","inLanguage":"de","@id":"https:\/\/revolutionpadelstore.com\/de\/produkt\/falda-bullpadel-dalia-mujer-1\/#primaryimage","url":"https:\/\/revolutionpadelstore.com\/wp-content\/uploads\/2025\/07\/114365_falda_basica_bullpadel_dalia_031_azul_tinta_1200x1200_1_face.webp","contentUrl":"https:\/\/revolutionpadelstore.com\/wp-content\/uploads\/2025\/07\/114365_falda_basica_bullpadel_dalia_031_azul_tinta_1200x1200_1_face.webp","width":1200,"height":1200},{"@type":"BreadcrumbList","@id":"https:\/\/revolutionpadelstore.com\/de\/produkt\/falda-bullpadel-dalia-mujer-1\/#breadcrumb","itemListElement":[{"@type":"ListItem","position":1,"name":"Portada","item":"https:\/\/revolutionpadelstore.com\/de\/"},{"@type":"ListItem","position":2,"name":"Shop","item":"https:\/\/revolutionpadelstore.com\/de\/tienda\/"},{"@type":"ListItem","position":3,"name":"FALDA BULLPADEL DALIA MUJER"}]},{"@type":"WebSite","@id":"https:\/\/revolutionpadelstore.com\/de\/#website","url":"https:\/\/revolutionpadelstore.com\/de\/","name":"Revolution Padel Store","description":"","publisher":{"@id":"https:\/\/revolutionpadelstore.com\/de\/#organization"},"potentialAction":[{"@type":"SearchAction","target":{"@type":"EntryPoint","urlTemplate":"https:\/\/revolutionpadelstore.com\/de\/?s={search_term_string}"},"query-input":{"@type":"PropertyValueSpecification","valueRequired":true,"valueName":"search_term_string"}}],"inLanguage":"de"},{"@type":"Organization","@id":"https:\/\/revolutionpadelstore.com\/de\/#organization","name":"Revolution Padel Store","url":"https:\/\/revolutionpadelstore.com\/de\/","logo":{"@type":"ImageObject","inLanguage":"de","@id":"https:\/\/revolutionpadelstore.com\/de\/#\/schema\/logo\/image\/","url":"https:\/\/revolutionpadelstore.com\/wp-content\/uploads\/2026\/02\/revolution-padel-store.jpg","contentUrl":"https:\/\/revolutionpadelstore.com\/wp-content\/uploads\/2026\/02\/revolution-padel-store.jpg","width":2000,"height":2000,"caption":"Revolution Padel Store"},"image":{"@id":"https:\/\/revolutionpadelstore.com\/de\/#\/schema\/logo\/image\/"},"sameAs":["https:\/\/www.instagram.com\/revolutionpadelstore\/"]}]}},"_links":{"self":[{"href":"https:\/\/revolutionpadelstore.com\/de\/wp-json\/wp\/v2\/product\/264488","targetHints":{"allow":["GET"]}}],"collection":[{"href":"https:\/\/revolutionpadelstore.com\/de\/wp-json\/wp\/v2\/product"}],"about":[{"href":"https:\/\/revolutionpadelstore.com\/de\/wp-json\/wp\/v2\/types\/product"}],"replies":[{"embeddable":true,"href":"https:\/\/revolutionpadelstore.com\/de\/wp-json\/wp\/v2\/comments?post=264488"}],"wp:featuredmedia":[{"embeddable":true,"href":"https:\/\/revolutionpadelstore.com\/de\/wp-json\/wp\/v2\/media\/264481"}],"wp:attachment":[{"href":"https:\/\/revolutionpadelstore.com\/de\/wp-json\/wp\/v2\/media?parent=264488"}],"wp:term":[{"taxonomy":"acabado","embeddable":true,"href":"https:\/\/revolutionpadelstore.com\/de\/wp-json\/wp\/v2\/acabado?post=264488"},{"taxonomy":"balance","embeddable":true,"href":"https:\/\/revolutionpadelstore.com\/de\/wp-json\/wp\/v2\/balance?post=264488"},{"taxonomy":"dureza","embeddable":true,"href":"https:\/\/revolutionpadelstore.com\/de\/wp-json\/wp\/v2\/dureza?post=264488"},{"taxonomy":"forma","embeddable":true,"href":"https:\/\/revolutionpadelstore.com\/de\/wp-json\/wp\/v2\/forma?post=264488"},{"taxonomy":"jugador","embeddable":true,"href":"https:\/\/revolutionpadelstore.com\/de\/wp-json\/wp\/v2\/jugador?post=264488"},{"taxonomy":"marca","embeddable":true,"href":"https:\/\/revolutionpadelstore.com\/de\/wp-json\/wp\/v2\/marca?post=264488"},{"taxonomy":"nivel-de-juego","embeddable":true,"href":"https:\/\/revolutionpadelstore.com\/de\/wp-json\/wp\/v2\/nivel-de-juego?post=264488"},{"taxonomy":"superficie","embeddable":true,"href":"https:\/\/revolutionpadelstore.com\/de\/wp-json\/wp\/v2\/superficie?post=264488"},{"taxonomy":"tipo-de-juego","embeddable":true,"href":"https:\/\/revolutionpadelstore.com\/de\/wp-json\/wp\/v2\/tipo-de-juego?post=264488"},{"taxonomy":"product_brand","embeddable":true,"href":"https:\/\/revolutionpadelstore.com\/de\/wp-json\/wp\/v2\/product_brand?post=264488"},{"taxonomy":"product_cat","embeddable":true,"href":"https:\/\/revolutionpadelstore.com\/de\/wp-json\/wp\/v2\/product_cat?post=264488"},{"taxonomy":"product_tag","embeddable":true,"href":"https:\/\/revolutionpadelstore.com\/de\/wp-json\/wp\/v2\/product_tag?post=264488"}],"curies":[{"name":"wp","href":"https:\/\/api.w.org\/{rel}","templated":true}]}}