{"id":264452,"date":"2025-07-19T08:56:33","date_gmt":"2025-07-19T06:56:33","guid":{"rendered":"https:\/\/revolutionpadelstore.com\/camiseta-tirantes-bullpadel-daca-mujer\/"},"modified":"2026-04-08T04:42:42","modified_gmt":"2026-04-08T02:42:42","slug":"camiseta-tirantes-bullpadel-daca-mujer-1","status":"publish","type":"product","link":"https:\/\/revolutionpadelstore.com\/de\/produkt\/camiseta-tirantes-bullpadel-daca-mujer-1\/","title":{"rendered":"CAMISETA TIRANTES BULLPADEL DACA MUJER"},"content":{"rendered":"<h2><strong>Bullpadel Daca Damen-Tanktop \u2013 Freiheit, Komfort und Stil auf dem Platz<\/strong><\/h2>\n<p>Das Bullpadel Daca Tank Top f\u00fcr Damen wurde f\u00fcr Spielerinnen entwickelt, die Leistung und Komfort suchen, ohne auf Stil zu verzichten. Seine lockere Silhouette und die Konstruktion aus technischem Stretch-Polyester-Gewebe Fancy Single Jersey garantieren zusammen mit der schnell trocknenden Drynamic-Technologie hervorragende Bewegungsfreiheit und hervorragende Atmungsaktivit\u00e4t w\u00e4hrend des gesamten Spiels.<\/p>\n<p>Dank der Kombination aus Polyester und Elasthan sorgt dieses Kleidungsst\u00fcck f\u00fcr ein weiches und leichtes Gef\u00fchl auf der Haut, ideal f\u00fcr anspruchsvollstes Training oder Wettkampf. Das Drynamic-Finish sorgt daf\u00fcr, dass die Haut auch in Momenten h\u00f6chster Intensit\u00e4t trocken bleibt.<\/p>\n<h2><strong>Eigenschaften:<\/strong><\/h2>\n<p>-Breites Crossover-Tr\u00e4gerdesign mit T\u00fclleinsatz f\u00fcr eine bequeme und feminine Passform<\/p>\n<p>-Bullpadel-Logo auf der Brust, Symbol f\u00fcr Qualit\u00e4t und sportlichen Stil<\/p>\n<p>-Individuelles unteres Band f\u00fcr eine unverwechselbare Note<\/p>\n<p>-Hohe Elastizit\u00e4t und schnell trocknendes technisches Gewebe<\/p>\n<p>Dieses T-Shirt ist perfekt f\u00fcr aktive Spieler, die auf dem Platz mit einem Kleidungsst\u00fcck auffallen m\u00f6chten, das Funktionalit\u00e4t, Design und Technologie vereint. Es ist Teil der offiziellen Padel-Bekleidungskollektion f\u00fcr Damen von Bullpadel, einer der f\u00fchrenden Marken der Branche.<\/p>\n<p>Holen Sie sich das Bullpadel Daca Damen-Tanktop und genie\u00dfen Sie \u00fcberlegene Leistung in jeder Hinsicht. Ab sofort in unserem Online-Shop <a href=\"http:\/\/www.revolutionpadelstore.com\/\">www.revolutionpadelstore.com<\/a> erh\u00e4ltlich, wahrscheinlich zum besten Preis auf dem Markt.<\/p>\n<h2><strong>Camiseta Tirantes Bullpadel Daca Mujer \u2013 Libertad, comodidad y estilo en la pista<\/strong><\/p>\n","protected":false},"excerpt":{"rendered":"<p>Bullpadel Daca Damen-Tanktop aus elastischem Polyester mit Drynamic-Technologie, die eine hervorragende Schwei\u00dfabsorption f\u00f6rdert und h\u00f6chsten Komfort bietet.<\/p>\n","protected":false},"featured_media":264445,"comment_status":"open","ping_status":"closed","template":"","meta":{"_acf_changed":false,"_joinchat":[]},"acabado":[],"balance":[],"dureza":[],"forma":[],"jugador":[],"marca":[1254],"nivel-de-juego":[],"superficie":[],"tipo-de-juego":[],"product_brand":[],"product_cat":[323],"product_tag":[],"class_list":{"0":"post-264452","1":"product","2":"type-product","3":"status-publish","4":"has-post-thumbnail","6":"marca-bullpadel-de","7":"product_cat-ropa-de","9":"first","10":"outofstock","11":"sale","12":"taxable","13":"shipping-taxable","14":"purchasable","15":"product-type-variable"},"acf":[],"yoast_head":"<!-- This site is optimized with the Yoast SEO plugin v27.4 - https:\/\/yoast.com\/product\/yoast-seo-wordpress\/ -->\n<title>CAMISETA TIRANTES BULLPADEL DACA MUJER - Revolution Padel Store<\/title>\n<meta name=\"description\" content=\"Compra la Camiseta Tirantes Bullpadel Daca Mujer con tejido Drynamic y dise\u00f1o deportivo. Ideal para jugadoras activas. Disponible en Revolution Padel Store al mejor precio.\" \/>\n<meta name=\"robots\" content=\"index, follow, max-snippet:-1, max-image-preview:large, max-video-preview:-1\" \/>\n<link rel=\"canonical\" href=\"https:\/\/revolutionpadelstore.com\/de\/produkt\/camiseta-tirantes-bullpadel-daca-mujer-1\/\" \/>\n<meta property=\"og:locale\" content=\"de_DE\" \/>\n<meta property=\"og:type\" content=\"article\" \/>\n<meta property=\"og:title\" content=\"CAMISETA TIRANTES BULLPADEL DACA MUJER - Revolution Padel Store\" \/>\n<meta property=\"og:description\" content=\"Compra la Camiseta Tirantes Bullpadel Daca Mujer con tejido Drynamic y dise\u00f1o deportivo. Ideal para jugadoras activas. Disponible en Revolution Padel Store al mejor precio.\" \/>\n<meta property=\"og:url\" content=\"https:\/\/revolutionpadelstore.com\/de\/produkt\/camiseta-tirantes-bullpadel-daca-mujer-1\/\" \/>\n<meta property=\"og:site_name\" content=\"Revolution Padel Store\" \/>\n<meta property=\"article:modified_time\" content=\"2026-04-08T02:42:42+00:00\" \/>\n<meta property=\"og:image\" content=\"https:\/\/revolutionpadelstore.com\/wp-content\/uploads\/2025\/07\/114306_camiseta_tirantes_bullpadel_mujer_daca_073_azul_claro_1200x1200_1_cf1d.webp\" \/>\n\t<meta property=\"og:image:width\" content=\"1200\" \/>\n\t<meta property=\"og:image:height\" content=\"1200\" \/>\n\t<meta property=\"og:image:type\" content=\"image\/webp\" \/>\n<meta name=\"twitter:card\" content=\"summary_large_image\" \/>\n<meta name=\"twitter:label1\" content=\"Gesch\u00e4tzte Lesezeit\" \/>\n\t<meta name=\"twitter:data1\" content=\"1\u00a0Minute\" \/>\n<script type=\"application\/ld+json\" class=\"yoast-schema-graph\">{\"@context\":\"https:\\\/\\\/schema.org\",\"@graph\":[{\"@type\":\"WebPage\",\"@id\":\"https:\\\/\\\/revolutionpadelstore.com\\\/de\\\/produkt\\\/camiseta-tirantes-bullpadel-daca-mujer-1\\\/\",\"url\":\"https:\\\/\\\/revolutionpadelstore.com\\\/de\\\/produkt\\\/camiseta-tirantes-bullpadel-daca-mujer-1\\\/\",\"name\":\"CAMISETA TIRANTES BULLPADEL DACA MUJER - Revolution Padel Store\",\"isPartOf\":{\"@id\":\"https:\\\/\\\/revolutionpadelstore.com\\\/de\\\/#website\"},\"primaryImageOfPage\":{\"@id\":\"https:\\\/\\\/revolutionpadelstore.com\\\/de\\\/produkt\\\/camiseta-tirantes-bullpadel-daca-mujer-1\\\/#primaryimage\"},\"image\":{\"@id\":\"https:\\\/\\\/revolutionpadelstore.com\\\/de\\\/produkt\\\/camiseta-tirantes-bullpadel-daca-mujer-1\\\/#primaryimage\"},\"thumbnailUrl\":\"https:\\\/\\\/revolutionpadelstore.com\\\/wp-content\\\/uploads\\\/2025\\\/07\\\/114306_camiseta_tirantes_bullpadel_mujer_daca_073_azul_claro_1200x1200_1_cf1d.webp\",\"datePublished\":\"2025-07-19T06:56:33+00:00\",\"dateModified\":\"2026-04-08T02:42:42+00:00\",\"description\":\"Compra la Camiseta Tirantes Bullpadel Daca Mujer con tejido Drynamic y dise\u00f1o deportivo. Ideal para jugadoras activas. Disponible en Revolution Padel Store al mejor precio.\",\"breadcrumb\":{\"@id\":\"https:\\\/\\\/revolutionpadelstore.com\\\/de\\\/produkt\\\/camiseta-tirantes-bullpadel-daca-mujer-1\\\/#breadcrumb\"},\"inLanguage\":\"de\",\"potentialAction\":[{\"@type\":\"ReadAction\",\"target\":[\"https:\\\/\\\/revolutionpadelstore.com\\\/de\\\/produkt\\\/camiseta-tirantes-bullpadel-daca-mujer-1\\\/\"]}]},{\"@type\":\"ImageObject\",\"inLanguage\":\"de\",\"@id\":\"https:\\\/\\\/revolutionpadelstore.com\\\/de\\\/produkt\\\/camiseta-tirantes-bullpadel-daca-mujer-1\\\/#primaryimage\",\"url\":\"https:\\\/\\\/revolutionpadelstore.com\\\/wp-content\\\/uploads\\\/2025\\\/07\\\/114306_camiseta_tirantes_bullpadel_mujer_daca_073_azul_claro_1200x1200_1_cf1d.webp\",\"contentUrl\":\"https:\\\/\\\/revolutionpadelstore.com\\\/wp-content\\\/uploads\\\/2025\\\/07\\\/114306_camiseta_tirantes_bullpadel_mujer_daca_073_azul_claro_1200x1200_1_cf1d.webp\",\"width\":1200,\"height\":1200},{\"@type\":\"BreadcrumbList\",\"@id\":\"https:\\\/\\\/revolutionpadelstore.com\\\/de\\\/produkt\\\/camiseta-tirantes-bullpadel-daca-mujer-1\\\/#breadcrumb\",\"itemListElement\":[{\"@type\":\"ListItem\",\"position\":1,\"name\":\"Portada\",\"item\":\"https:\\\/\\\/revolutionpadelstore.com\\\/de\\\/\"},{\"@type\":\"ListItem\",\"position\":2,\"name\":\"Shop\",\"item\":\"https:\\\/\\\/revolutionpadelstore.com\\\/de\\\/tienda\\\/\"},{\"@type\":\"ListItem\",\"position\":3,\"name\":\"CAMISETA TIRANTES BULLPADEL DACA MUJER\"}]},{\"@type\":\"WebSite\",\"@id\":\"https:\\\/\\\/revolutionpadelstore.com\\\/de\\\/#website\",\"url\":\"https:\\\/\\\/revolutionpadelstore.com\\\/de\\\/\",\"name\":\"Revolution Padel Store\",\"description\":\"\",\"publisher\":{\"@id\":\"https:\\\/\\\/revolutionpadelstore.com\\\/de\\\/#organization\"},\"potentialAction\":[{\"@type\":\"SearchAction\",\"target\":{\"@type\":\"EntryPoint\",\"urlTemplate\":\"https:\\\/\\\/revolutionpadelstore.com\\\/de\\\/?s={search_term_string}\"},\"query-input\":{\"@type\":\"PropertyValueSpecification\",\"valueRequired\":true,\"valueName\":\"search_term_string\"}}],\"inLanguage\":\"de\"},{\"@type\":\"Organization\",\"@id\":\"https:\\\/\\\/revolutionpadelstore.com\\\/de\\\/#organization\",\"name\":\"Revolution Padel Store\",\"url\":\"https:\\\/\\\/revolutionpadelstore.com\\\/de\\\/\",\"logo\":{\"@type\":\"ImageObject\",\"inLanguage\":\"de\",\"@id\":\"https:\\\/\\\/revolutionpadelstore.com\\\/de\\\/#\\\/schema\\\/logo\\\/image\\\/\",\"url\":\"https:\\\/\\\/revolutionpadelstore.com\\\/wp-content\\\/uploads\\\/2026\\\/02\\\/revolution-padel-store.jpg\",\"contentUrl\":\"https:\\\/\\\/revolutionpadelstore.com\\\/wp-content\\\/uploads\\\/2026\\\/02\\\/revolution-padel-store.jpg\",\"width\":2000,\"height\":2000,\"caption\":\"Revolution Padel Store\"},\"image\":{\"@id\":\"https:\\\/\\\/revolutionpadelstore.com\\\/de\\\/#\\\/schema\\\/logo\\\/image\\\/\"},\"sameAs\":[\"https:\\\/\\\/www.instagram.com\\\/revolutionpadelstore\\\/\"]}]}<\/script>\n<!-- \/ Yoast SEO plugin. -->","yoast_head_json":{"title":"CAMISETA TIRANTES BULLPADEL DACA MUJER - Revolution Padel Store","description":"Compra la Camiseta Tirantes Bullpadel Daca Mujer con tejido Drynamic y dise\u00f1o deportivo. Ideal para jugadoras activas. Disponible en Revolution Padel Store al mejor precio.","robots":{"index":"index","follow":"follow","max-snippet":"max-snippet:-1","max-image-preview":"max-image-preview:large","max-video-preview":"max-video-preview:-1"},"canonical":"https:\/\/revolutionpadelstore.com\/de\/produkt\/camiseta-tirantes-bullpadel-daca-mujer-1\/","og_locale":"de_DE","og_type":"article","og_title":"CAMISETA TIRANTES BULLPADEL DACA MUJER - Revolution Padel Store","og_description":"Compra la Camiseta Tirantes Bullpadel Daca Mujer con tejido Drynamic y dise\u00f1o deportivo. Ideal para jugadoras activas. Disponible en Revolution Padel Store al mejor precio.","og_url":"https:\/\/revolutionpadelstore.com\/de\/produkt\/camiseta-tirantes-bullpadel-daca-mujer-1\/","og_site_name":"Revolution Padel Store","article_modified_time":"2026-04-08T02:42:42+00:00","og_image":[{"width":1200,"height":1200,"url":"https:\/\/revolutionpadelstore.com\/wp-content\/uploads\/2025\/07\/114306_camiseta_tirantes_bullpadel_mujer_daca_073_azul_claro_1200x1200_1_cf1d.webp","type":"image\/webp"}],"twitter_card":"summary_large_image","twitter_misc":{"Gesch\u00e4tzte Lesezeit":"1\u00a0Minute"},"schema":{"@context":"https:\/\/schema.org","@graph":[{"@type":"WebPage","@id":"https:\/\/revolutionpadelstore.com\/de\/produkt\/camiseta-tirantes-bullpadel-daca-mujer-1\/","url":"https:\/\/revolutionpadelstore.com\/de\/produkt\/camiseta-tirantes-bullpadel-daca-mujer-1\/","name":"CAMISETA TIRANTES BULLPADEL DACA MUJER - Revolution Padel Store","isPartOf":{"@id":"https:\/\/revolutionpadelstore.com\/de\/#website"},"primaryImageOfPage":{"@id":"https:\/\/revolutionpadelstore.com\/de\/produkt\/camiseta-tirantes-bullpadel-daca-mujer-1\/#primaryimage"},"image":{"@id":"https:\/\/revolutionpadelstore.com\/de\/produkt\/camiseta-tirantes-bullpadel-daca-mujer-1\/#primaryimage"},"thumbnailUrl":"https:\/\/revolutionpadelstore.com\/wp-content\/uploads\/2025\/07\/114306_camiseta_tirantes_bullpadel_mujer_daca_073_azul_claro_1200x1200_1_cf1d.webp","datePublished":"2025-07-19T06:56:33+00:00","dateModified":"2026-04-08T02:42:42+00:00","description":"Compra la Camiseta Tirantes Bullpadel Daca Mujer con tejido Drynamic y dise\u00f1o deportivo. Ideal para jugadoras activas. Disponible en Revolution Padel Store al mejor precio.","breadcrumb":{"@id":"https:\/\/revolutionpadelstore.com\/de\/produkt\/camiseta-tirantes-bullpadel-daca-mujer-1\/#breadcrumb"},"inLanguage":"de","potentialAction":[{"@type":"ReadAction","target":["https:\/\/revolutionpadelstore.com\/de\/produkt\/camiseta-tirantes-bullpadel-daca-mujer-1\/"]}]},{"@type":"ImageObject","inLanguage":"de","@id":"https:\/\/revolutionpadelstore.com\/de\/produkt\/camiseta-tirantes-bullpadel-daca-mujer-1\/#primaryimage","url":"https:\/\/revolutionpadelstore.com\/wp-content\/uploads\/2025\/07\/114306_camiseta_tirantes_bullpadel_mujer_daca_073_azul_claro_1200x1200_1_cf1d.webp","contentUrl":"https:\/\/revolutionpadelstore.com\/wp-content\/uploads\/2025\/07\/114306_camiseta_tirantes_bullpadel_mujer_daca_073_azul_claro_1200x1200_1_cf1d.webp","width":1200,"height":1200},{"@type":"BreadcrumbList","@id":"https:\/\/revolutionpadelstore.com\/de\/produkt\/camiseta-tirantes-bullpadel-daca-mujer-1\/#breadcrumb","itemListElement":[{"@type":"ListItem","position":1,"name":"Portada","item":"https:\/\/revolutionpadelstore.com\/de\/"},{"@type":"ListItem","position":2,"name":"Shop","item":"https:\/\/revolutionpadelstore.com\/de\/tienda\/"},{"@type":"ListItem","position":3,"name":"CAMISETA TIRANTES BULLPADEL DACA MUJER"}]},{"@type":"WebSite","@id":"https:\/\/revolutionpadelstore.com\/de\/#website","url":"https:\/\/revolutionpadelstore.com\/de\/","name":"Revolution Padel Store","description":"","publisher":{"@id":"https:\/\/revolutionpadelstore.com\/de\/#organization"},"potentialAction":[{"@type":"SearchAction","target":{"@type":"EntryPoint","urlTemplate":"https:\/\/revolutionpadelstore.com\/de\/?s={search_term_string}"},"query-input":{"@type":"PropertyValueSpecification","valueRequired":true,"valueName":"search_term_string"}}],"inLanguage":"de"},{"@type":"Organization","@id":"https:\/\/revolutionpadelstore.com\/de\/#organization","name":"Revolution Padel Store","url":"https:\/\/revolutionpadelstore.com\/de\/","logo":{"@type":"ImageObject","inLanguage":"de","@id":"https:\/\/revolutionpadelstore.com\/de\/#\/schema\/logo\/image\/","url":"https:\/\/revolutionpadelstore.com\/wp-content\/uploads\/2026\/02\/revolution-padel-store.jpg","contentUrl":"https:\/\/revolutionpadelstore.com\/wp-content\/uploads\/2026\/02\/revolution-padel-store.jpg","width":2000,"height":2000,"caption":"Revolution Padel Store"},"image":{"@id":"https:\/\/revolutionpadelstore.com\/de\/#\/schema\/logo\/image\/"},"sameAs":["https:\/\/www.instagram.com\/revolutionpadelstore\/"]}]}},"_links":{"self":[{"href":"https:\/\/revolutionpadelstore.com\/de\/wp-json\/wp\/v2\/product\/264452","targetHints":{"allow":["GET"]}}],"collection":[{"href":"https:\/\/revolutionpadelstore.com\/de\/wp-json\/wp\/v2\/product"}],"about":[{"href":"https:\/\/revolutionpadelstore.com\/de\/wp-json\/wp\/v2\/types\/product"}],"replies":[{"embeddable":true,"href":"https:\/\/revolutionpadelstore.com\/de\/wp-json\/wp\/v2\/comments?post=264452"}],"wp:featuredmedia":[{"embeddable":true,"href":"https:\/\/revolutionpadelstore.com\/de\/wp-json\/wp\/v2\/media\/264445"}],"wp:attachment":[{"href":"https:\/\/revolutionpadelstore.com\/de\/wp-json\/wp\/v2\/media?parent=264452"}],"wp:term":[{"taxonomy":"acabado","embeddable":true,"href":"https:\/\/revolutionpadelstore.com\/de\/wp-json\/wp\/v2\/acabado?post=264452"},{"taxonomy":"balance","embeddable":true,"href":"https:\/\/revolutionpadelstore.com\/de\/wp-json\/wp\/v2\/balance?post=264452"},{"taxonomy":"dureza","embeddable":true,"href":"https:\/\/revolutionpadelstore.com\/de\/wp-json\/wp\/v2\/dureza?post=264452"},{"taxonomy":"forma","embeddable":true,"href":"https:\/\/revolutionpadelstore.com\/de\/wp-json\/wp\/v2\/forma?post=264452"},{"taxonomy":"jugador","embeddable":true,"href":"https:\/\/revolutionpadelstore.com\/de\/wp-json\/wp\/v2\/jugador?post=264452"},{"taxonomy":"marca","embeddable":true,"href":"https:\/\/revolutionpadelstore.com\/de\/wp-json\/wp\/v2\/marca?post=264452"},{"taxonomy":"nivel-de-juego","embeddable":true,"href":"https:\/\/revolutionpadelstore.com\/de\/wp-json\/wp\/v2\/nivel-de-juego?post=264452"},{"taxonomy":"superficie","embeddable":true,"href":"https:\/\/revolutionpadelstore.com\/de\/wp-json\/wp\/v2\/superficie?post=264452"},{"taxonomy":"tipo-de-juego","embeddable":true,"href":"https:\/\/revolutionpadelstore.com\/de\/wp-json\/wp\/v2\/tipo-de-juego?post=264452"},{"taxonomy":"product_brand","embeddable":true,"href":"https:\/\/revolutionpadelstore.com\/de\/wp-json\/wp\/v2\/product_brand?post=264452"},{"taxonomy":"product_cat","embeddable":true,"href":"https:\/\/revolutionpadelstore.com\/de\/wp-json\/wp\/v2\/product_cat?post=264452"},{"taxonomy":"product_tag","embeddable":true,"href":"https:\/\/revolutionpadelstore.com\/de\/wp-json\/wp\/v2\/product_tag?post=264452"}],"curies":[{"name":"wp","href":"https:\/\/api.w.org\/{rel}","templated":true}]}}