{"id":264419,"date":"2025-07-19T08:46:02","date_gmt":"2025-07-19T06:46:02","guid":{"rendered":"https:\/\/revolutionpadelstore.com\/bullpadel-pearl-2026\/"},"modified":"2026-04-20T02:01:29","modified_gmt":"2026-04-20T00:01:29","slug":"bullpadel-pearl-2026-1","status":"publish","type":"product","link":"https:\/\/revolutionpadelstore.com\/de\/produkt\/bullpadel-pearl-2026-1\/","title":{"rendered":"BULLPADEL PEARL 2026"},"content":{"rendered":"<h2>Bullpadel Pearl 2026 \u2013 M\u00fchelose Power f\u00fcr Offensivspieler<\/h2>\n<p>Der neue <strong>Bullpadel Pearl 2026<\/strong> ist f\u00fcr Spieler konzipiert, die einen explosiven und effektiven Schl\u00e4ger bei jedem Schlag suchen. Mit seiner Diamantform, seiner hohen Ausgewogenheit und modernsten Technologien wird dieser Schl\u00e4ger zum perfekten Verb\u00fcndeten, um das Netz mit Kraft und Pr\u00e4zision zu dominieren. Es ist das offizielle Modell der professionellen <strong>Bea Gonz\u00e1lez<\/strong>, das Wettkampfleistungen garantiert.<\/p>\n<h2>Hervorgehobene technische Eigenschaften<\/h2>\n<p><strong>-Form<\/strong>: Diamant<\/p>\n<p><strong>-Balance<\/strong>: Hoch<\/p>\n<p><strong>-Gewicht<\/strong>: 355-365 Gramm<\/p>\n<p><strong>-Kern<\/strong>: Multieva (doppelte Dichte)<\/p>\n<p><strong>-Gesichter<\/strong>: Fibrix (Kombination aus Carbon und Fiberglas)<\/p>\n<p><strong>-Rahmen<\/strong>: 100 % Carbon<\/p>\n<h2>Power mit Kontrolle, Technologie im Dienste des Spiels<\/h2>\n<p>Der <strong>Bullpadel Pearl 26<\/strong> vereint Kraft und Man\u00f6vrierf\u00e4higkeit dank seines <strong>Multieva<\/strong>-Kerns, der Schichten unterschiedlicher Dichte integriert, um ein perfektes Gleichgewicht zwischen Angriff und Verteidigung zu bieten. Seine <strong>Fibrix<\/strong>-Zusammensetzung sorgt f\u00fcr ein weiches und flexibles Spielgef\u00fchl, ideal f\u00fcr Spieler, die ein angenehmes Gef\u00fchl suchen, ohne beim Aufprall an Festigkeit zu verlieren.<\/p>\n<p>Dank seiner relativen Leichtigkeit und der verst\u00e4rkten Struktur erm\u00f6glicht dieser Schl\u00e4ger schnelle \u00dcberg\u00e4nge zwischen R\u00fcckfeld und Netz und sorgt so f\u00fcr Kontrolle in der Verteidigung und maximale Beschleunigung im Angriff.<\/p>\n<h2> Innovative Technologien von Bullpadel<\/h2>\n<p><strong>-Multieva<\/strong>: Dual-Density-Kern f\u00fcr eine adaptive Reaktion auf jeden Treffer.<\/p>\n<p><strong>-Fibrix<\/strong>: Mischoberfl\u00e4che, die Carbon und Fiberglas f\u00fcr mehr Ballaussto\u00df und Haltbarkeit kombiniert.<\/p>\n<p><strong>-Trinamic<\/strong>: Verst\u00e4rkung im Herzen der Klinge zur Erh\u00f6hung der Stabilit\u00e4t.<\/p>\n<p><strong>-Air React Channel<\/strong>: aerodynamischer Kanal im Rahmen, der Geschwindigkeit und Man\u00f6vrierf\u00e4higkeit optimiert.<\/p>\n<p><strong>-Custom Weight<\/strong>: austauschbares Gewichtssystem, mit dem Sie die Balance an Ihren Spielstil anpassen k\u00f6nnen.<\/p>\n<p><strong>-Vibradrive<\/strong>: Gummieinsatz in der Faust, der Vibrationen reduziert und den Komfort beim Schlagen verbessert.<\/p>\n<h2> F\u00fcr wen ist der Bullpadel Pearl 2026?<\/h2>\n<p>Es richtet sich an <strong>fortgeschrittene oder professionelle Spieler<\/strong>, die die Kraft in den Vordergrund stellen, ohne die Kontrolle aufzugeben. Er ist ideal f\u00fcr diejenigen, die offensiv spielen und einen schnellen, festen Schl\u00e4ger mit hervorragender Ballausbeute ben\u00f6tigen. Sein breiter Sweetspot erm\u00f6glicht eine saubere Ausf\u00fchrung auch bei au\u00dfermittigen Schl\u00e4gen.<\/p>\n<h2> Warum das Bullpadel Pearl w\u00e4hlen?<\/h2>\n<p>-Offizielles Modell von Bea Gonz\u00e1lez.<\/p>\n<p>-Hochwertige Materialien.<\/p>\n<p>-Gro\u00dfe Kraft mit einem Gef\u00fchl der Kontrolle.<\/p>\n<p>-Balance-Anpassung.<\/p>\n<p>&#8211; Professionelles Bullpadel-Design.<\/p>\n<h2> Jetzt zum besten Preis sichern!<\/h2>\n<p>Der <strong>Bullpadel Pearl 2026<\/strong> ist jetzt in unserem Online-Shop <a href=\"https:\/\/www.revolutionpadelstore.com\/\">www.revolutionpadelstore.com<\/a> erh\u00e4ltlich, wahrscheinlich <strong>zum besten Preis auf dem Markt<\/strong>. Nutzen Sie diese einmalige Gelegenheit und bringen Sie Ihr Spiel auf die n\u00e4chste Stufe mit einem Schl\u00e4ger, der in jedem Punkt den Unterschied macht.<\/p>\n<h2>Bullpadel Pearl 2026 \u2013 Potencia sin esfuerzo para jugadoras ofensivas<\/h2>\n","protected":false},"excerpt":{"rendered":"<p>Der Bullpadel Pearl 2026 ist mit einer Rautenform und einer gut verteilten Balance entworfen und verf\u00fcgt \u00fcber modernste Technologien. Es ist die ideale Wahl f\u00fcr Offensivspieler, die bei jedem Schlag eine Kombination aus Kraft, Pr\u00e4zision und Komfort suchen.<\/p>\n","protected":false},"featured_media":264414,"comment_status":"open","ping_status":"closed","template":"","meta":{"_acf_changed":false,"_joinchat":[]},"acabado":[1089],"balance":[1134],"dureza":[1154],"forma":[1169],"jugador":[1194],"marca":[1254],"nivel-de-juego":[1334],"superficie":[1359],"tipo-de-juego":[1374],"product_brand":[],"product_cat":[299],"product_tag":[],"class_list":{"0":"post-264419","1":"product","2":"type-product","3":"status-publish","4":"has-post-thumbnail","6":"acabado-3d-entlasten","7":"balance-hoch","8":"dureza-media-de","9":"forma-diamante-de","10":"jugador-frau","11":"marca-bullpadel-de","12":"superficie-rugosa-de","13":"tipo-de-juego-leistung","14":"product_cat-palas-de-padel-de","16":"first","17":"instock","18":"sale","19":"taxable","20":"shipping-taxable","21":"purchasable","22":"product-type-simple"},"acf":[],"yoast_head":"<!-- This site is optimized with the Yoast SEO plugin v27.4 - https:\/\/yoast.com\/product\/yoast-seo-wordpress\/ -->\n<title>BULLPADEL PEARL 2026 - Revolution Padel Store<\/title>\n<meta name=\"description\" content=\"Descubre la Bullpadel Pearl 2026, la pala oficial de Bea Gonz\u00e1lez. Potencia, control y tecnolog\u00eda para jugadoras ofensivas. \u00a1C\u00f3mprala ahora en Revolution Padel Store al mejor precio online!\" \/>\n<meta name=\"robots\" content=\"index, follow, max-snippet:-1, max-image-preview:large, max-video-preview:-1\" \/>\n<link rel=\"canonical\" href=\"https:\/\/revolutionpadelstore.com\/de\/produkt\/bullpadel-pearl-2026-1\/\" \/>\n<meta property=\"og:locale\" content=\"de_DE\" \/>\n<meta property=\"og:type\" content=\"article\" \/>\n<meta property=\"og:title\" content=\"BULLPADEL PEARL 2026 - Revolution Padel Store\" \/>\n<meta property=\"og:description\" content=\"Descubre la Bullpadel Pearl 2026, la pala oficial de Bea Gonz\u00e1lez. Potencia, control y tecnolog\u00eda para jugadoras ofensivas. \u00a1C\u00f3mprala ahora en Revolution Padel Store al mejor precio online!\" \/>\n<meta property=\"og:url\" content=\"https:\/\/revolutionpadelstore.com\/de\/produkt\/bullpadel-pearl-2026-1\/\" \/>\n<meta property=\"og:site_name\" content=\"Revolution Padel Store\" \/>\n<meta property=\"article:modified_time\" content=\"2026-04-20T00:01:29+00:00\" \/>\n<meta property=\"og:image\" content=\"https:\/\/revolutionpadelstore.com\/wp-content\/uploads\/2025\/07\/120492-pala-bullpadel-pearl-26-493804-1200x1200-1.webp\" \/>\n\t<meta property=\"og:image:width\" content=\"1200\" \/>\n\t<meta property=\"og:image:height\" content=\"1200\" \/>\n\t<meta property=\"og:image:type\" content=\"image\/webp\" \/>\n<meta name=\"twitter:card\" content=\"summary_large_image\" \/>\n<meta name=\"twitter:label1\" content=\"Gesch\u00e4tzte Lesezeit\" \/>\n\t<meta name=\"twitter:data1\" content=\"2\u00a0Minuten\" \/>\n<script type=\"application\/ld+json\" class=\"yoast-schema-graph\">{\"@context\":\"https:\\\/\\\/schema.org\",\"@graph\":[{\"@type\":\"WebPage\",\"@id\":\"https:\\\/\\\/revolutionpadelstore.com\\\/de\\\/produkt\\\/bullpadel-pearl-2026-1\\\/\",\"url\":\"https:\\\/\\\/revolutionpadelstore.com\\\/de\\\/produkt\\\/bullpadel-pearl-2026-1\\\/\",\"name\":\"BULLPADEL PEARL 2026 - Revolution Padel Store\",\"isPartOf\":{\"@id\":\"https:\\\/\\\/revolutionpadelstore.com\\\/de\\\/#website\"},\"primaryImageOfPage\":{\"@id\":\"https:\\\/\\\/revolutionpadelstore.com\\\/de\\\/produkt\\\/bullpadel-pearl-2026-1\\\/#primaryimage\"},\"image\":{\"@id\":\"https:\\\/\\\/revolutionpadelstore.com\\\/de\\\/produkt\\\/bullpadel-pearl-2026-1\\\/#primaryimage\"},\"thumbnailUrl\":\"https:\\\/\\\/revolutionpadelstore.com\\\/wp-content\\\/uploads\\\/2025\\\/07\\\/120492-pala-bullpadel-pearl-26-493804-1200x1200-1.webp\",\"datePublished\":\"2025-07-19T06:46:02+00:00\",\"dateModified\":\"2026-04-20T00:01:29+00:00\",\"description\":\"Descubre la Bullpadel Pearl 2026, la pala oficial de Bea Gonz\u00e1lez. Potencia, control y tecnolog\u00eda para jugadoras ofensivas. \u00a1C\u00f3mprala ahora en Revolution Padel Store al mejor precio online!\",\"breadcrumb\":{\"@id\":\"https:\\\/\\\/revolutionpadelstore.com\\\/de\\\/produkt\\\/bullpadel-pearl-2026-1\\\/#breadcrumb\"},\"inLanguage\":\"de\",\"potentialAction\":[{\"@type\":\"ReadAction\",\"target\":[\"https:\\\/\\\/revolutionpadelstore.com\\\/de\\\/produkt\\\/bullpadel-pearl-2026-1\\\/\"]}]},{\"@type\":\"ImageObject\",\"inLanguage\":\"de\",\"@id\":\"https:\\\/\\\/revolutionpadelstore.com\\\/de\\\/produkt\\\/bullpadel-pearl-2026-1\\\/#primaryimage\",\"url\":\"https:\\\/\\\/revolutionpadelstore.com\\\/wp-content\\\/uploads\\\/2025\\\/07\\\/120492-pala-bullpadel-pearl-26-493804-1200x1200-1.webp\",\"contentUrl\":\"https:\\\/\\\/revolutionpadelstore.com\\\/wp-content\\\/uploads\\\/2025\\\/07\\\/120492-pala-bullpadel-pearl-26-493804-1200x1200-1.webp\",\"width\":1200,\"height\":1200},{\"@type\":\"BreadcrumbList\",\"@id\":\"https:\\\/\\\/revolutionpadelstore.com\\\/de\\\/produkt\\\/bullpadel-pearl-2026-1\\\/#breadcrumb\",\"itemListElement\":[{\"@type\":\"ListItem\",\"position\":1,\"name\":\"Portada\",\"item\":\"https:\\\/\\\/revolutionpadelstore.com\\\/de\\\/\"},{\"@type\":\"ListItem\",\"position\":2,\"name\":\"Shop\",\"item\":\"https:\\\/\\\/revolutionpadelstore.com\\\/de\\\/tienda\\\/\"},{\"@type\":\"ListItem\",\"position\":3,\"name\":\"BULLPADEL PEARL 2026\"}]},{\"@type\":\"WebSite\",\"@id\":\"https:\\\/\\\/revolutionpadelstore.com\\\/de\\\/#website\",\"url\":\"https:\\\/\\\/revolutionpadelstore.com\\\/de\\\/\",\"name\":\"Revolution Padel Store\",\"description\":\"\",\"publisher\":{\"@id\":\"https:\\\/\\\/revolutionpadelstore.com\\\/de\\\/#organization\"},\"potentialAction\":[{\"@type\":\"SearchAction\",\"target\":{\"@type\":\"EntryPoint\",\"urlTemplate\":\"https:\\\/\\\/revolutionpadelstore.com\\\/de\\\/?s={search_term_string}\"},\"query-input\":{\"@type\":\"PropertyValueSpecification\",\"valueRequired\":true,\"valueName\":\"search_term_string\"}}],\"inLanguage\":\"de\"},{\"@type\":\"Organization\",\"@id\":\"https:\\\/\\\/revolutionpadelstore.com\\\/de\\\/#organization\",\"name\":\"Revolution Padel Store\",\"url\":\"https:\\\/\\\/revolutionpadelstore.com\\\/de\\\/\",\"logo\":{\"@type\":\"ImageObject\",\"inLanguage\":\"de\",\"@id\":\"https:\\\/\\\/revolutionpadelstore.com\\\/de\\\/#\\\/schema\\\/logo\\\/image\\\/\",\"url\":\"https:\\\/\\\/revolutionpadelstore.com\\\/wp-content\\\/uploads\\\/2026\\\/02\\\/revolution-padel-store.jpg\",\"contentUrl\":\"https:\\\/\\\/revolutionpadelstore.com\\\/wp-content\\\/uploads\\\/2026\\\/02\\\/revolution-padel-store.jpg\",\"width\":2000,\"height\":2000,\"caption\":\"Revolution Padel Store\"},\"image\":{\"@id\":\"https:\\\/\\\/revolutionpadelstore.com\\\/de\\\/#\\\/schema\\\/logo\\\/image\\\/\"},\"sameAs\":[\"https:\\\/\\\/www.instagram.com\\\/revolutionpadelstore\\\/\"]}]}<\/script>\n<!-- \/ Yoast SEO plugin. -->","yoast_head_json":{"title":"BULLPADEL PEARL 2026 - Revolution Padel Store","description":"Descubre la Bullpadel Pearl 2026, la pala oficial de Bea Gonz\u00e1lez. Potencia, control y tecnolog\u00eda para jugadoras ofensivas. \u00a1C\u00f3mprala ahora en Revolution Padel Store al mejor precio online!","robots":{"index":"index","follow":"follow","max-snippet":"max-snippet:-1","max-image-preview":"max-image-preview:large","max-video-preview":"max-video-preview:-1"},"canonical":"https:\/\/revolutionpadelstore.com\/de\/produkt\/bullpadel-pearl-2026-1\/","og_locale":"de_DE","og_type":"article","og_title":"BULLPADEL PEARL 2026 - Revolution Padel Store","og_description":"Descubre la Bullpadel Pearl 2026, la pala oficial de Bea Gonz\u00e1lez. Potencia, control y tecnolog\u00eda para jugadoras ofensivas. \u00a1C\u00f3mprala ahora en Revolution Padel Store al mejor precio online!","og_url":"https:\/\/revolutionpadelstore.com\/de\/produkt\/bullpadel-pearl-2026-1\/","og_site_name":"Revolution Padel Store","article_modified_time":"2026-04-20T00:01:29+00:00","og_image":[{"width":1200,"height":1200,"url":"https:\/\/revolutionpadelstore.com\/wp-content\/uploads\/2025\/07\/120492-pala-bullpadel-pearl-26-493804-1200x1200-1.webp","type":"image\/webp"}],"twitter_card":"summary_large_image","twitter_misc":{"Gesch\u00e4tzte Lesezeit":"2\u00a0Minuten"},"schema":{"@context":"https:\/\/schema.org","@graph":[{"@type":"WebPage","@id":"https:\/\/revolutionpadelstore.com\/de\/produkt\/bullpadel-pearl-2026-1\/","url":"https:\/\/revolutionpadelstore.com\/de\/produkt\/bullpadel-pearl-2026-1\/","name":"BULLPADEL PEARL 2026 - Revolution Padel Store","isPartOf":{"@id":"https:\/\/revolutionpadelstore.com\/de\/#website"},"primaryImageOfPage":{"@id":"https:\/\/revolutionpadelstore.com\/de\/produkt\/bullpadel-pearl-2026-1\/#primaryimage"},"image":{"@id":"https:\/\/revolutionpadelstore.com\/de\/produkt\/bullpadel-pearl-2026-1\/#primaryimage"},"thumbnailUrl":"https:\/\/revolutionpadelstore.com\/wp-content\/uploads\/2025\/07\/120492-pala-bullpadel-pearl-26-493804-1200x1200-1.webp","datePublished":"2025-07-19T06:46:02+00:00","dateModified":"2026-04-20T00:01:29+00:00","description":"Descubre la Bullpadel Pearl 2026, la pala oficial de Bea Gonz\u00e1lez. Potencia, control y tecnolog\u00eda para jugadoras ofensivas. \u00a1C\u00f3mprala ahora en Revolution Padel Store al mejor precio online!","breadcrumb":{"@id":"https:\/\/revolutionpadelstore.com\/de\/produkt\/bullpadel-pearl-2026-1\/#breadcrumb"},"inLanguage":"de","potentialAction":[{"@type":"ReadAction","target":["https:\/\/revolutionpadelstore.com\/de\/produkt\/bullpadel-pearl-2026-1\/"]}]},{"@type":"ImageObject","inLanguage":"de","@id":"https:\/\/revolutionpadelstore.com\/de\/produkt\/bullpadel-pearl-2026-1\/#primaryimage","url":"https:\/\/revolutionpadelstore.com\/wp-content\/uploads\/2025\/07\/120492-pala-bullpadel-pearl-26-493804-1200x1200-1.webp","contentUrl":"https:\/\/revolutionpadelstore.com\/wp-content\/uploads\/2025\/07\/120492-pala-bullpadel-pearl-26-493804-1200x1200-1.webp","width":1200,"height":1200},{"@type":"BreadcrumbList","@id":"https:\/\/revolutionpadelstore.com\/de\/produkt\/bullpadel-pearl-2026-1\/#breadcrumb","itemListElement":[{"@type":"ListItem","position":1,"name":"Portada","item":"https:\/\/revolutionpadelstore.com\/de\/"},{"@type":"ListItem","position":2,"name":"Shop","item":"https:\/\/revolutionpadelstore.com\/de\/tienda\/"},{"@type":"ListItem","position":3,"name":"BULLPADEL PEARL 2026"}]},{"@type":"WebSite","@id":"https:\/\/revolutionpadelstore.com\/de\/#website","url":"https:\/\/revolutionpadelstore.com\/de\/","name":"Revolution Padel Store","description":"","publisher":{"@id":"https:\/\/revolutionpadelstore.com\/de\/#organization"},"potentialAction":[{"@type":"SearchAction","target":{"@type":"EntryPoint","urlTemplate":"https:\/\/revolutionpadelstore.com\/de\/?s={search_term_string}"},"query-input":{"@type":"PropertyValueSpecification","valueRequired":true,"valueName":"search_term_string"}}],"inLanguage":"de"},{"@type":"Organization","@id":"https:\/\/revolutionpadelstore.com\/de\/#organization","name":"Revolution Padel Store","url":"https:\/\/revolutionpadelstore.com\/de\/","logo":{"@type":"ImageObject","inLanguage":"de","@id":"https:\/\/revolutionpadelstore.com\/de\/#\/schema\/logo\/image\/","url":"https:\/\/revolutionpadelstore.com\/wp-content\/uploads\/2026\/02\/revolution-padel-store.jpg","contentUrl":"https:\/\/revolutionpadelstore.com\/wp-content\/uploads\/2026\/02\/revolution-padel-store.jpg","width":2000,"height":2000,"caption":"Revolution Padel Store"},"image":{"@id":"https:\/\/revolutionpadelstore.com\/de\/#\/schema\/logo\/image\/"},"sameAs":["https:\/\/www.instagram.com\/revolutionpadelstore\/"]}]}},"_links":{"self":[{"href":"https:\/\/revolutionpadelstore.com\/de\/wp-json\/wp\/v2\/product\/264419","targetHints":{"allow":["GET"]}}],"collection":[{"href":"https:\/\/revolutionpadelstore.com\/de\/wp-json\/wp\/v2\/product"}],"about":[{"href":"https:\/\/revolutionpadelstore.com\/de\/wp-json\/wp\/v2\/types\/product"}],"replies":[{"embeddable":true,"href":"https:\/\/revolutionpadelstore.com\/de\/wp-json\/wp\/v2\/comments?post=264419"}],"wp:featuredmedia":[{"embeddable":true,"href":"https:\/\/revolutionpadelstore.com\/de\/wp-json\/wp\/v2\/media\/264414"}],"wp:attachment":[{"href":"https:\/\/revolutionpadelstore.com\/de\/wp-json\/wp\/v2\/media?parent=264419"}],"wp:term":[{"taxonomy":"acabado","embeddable":true,"href":"https:\/\/revolutionpadelstore.com\/de\/wp-json\/wp\/v2\/acabado?post=264419"},{"taxonomy":"balance","embeddable":true,"href":"https:\/\/revolutionpadelstore.com\/de\/wp-json\/wp\/v2\/balance?post=264419"},{"taxonomy":"dureza","embeddable":true,"href":"https:\/\/revolutionpadelstore.com\/de\/wp-json\/wp\/v2\/dureza?post=264419"},{"taxonomy":"forma","embeddable":true,"href":"https:\/\/revolutionpadelstore.com\/de\/wp-json\/wp\/v2\/forma?post=264419"},{"taxonomy":"jugador","embeddable":true,"href":"https:\/\/revolutionpadelstore.com\/de\/wp-json\/wp\/v2\/jugador?post=264419"},{"taxonomy":"marca","embeddable":true,"href":"https:\/\/revolutionpadelstore.com\/de\/wp-json\/wp\/v2\/marca?post=264419"},{"taxonomy":"nivel-de-juego","embeddable":true,"href":"https:\/\/revolutionpadelstore.com\/de\/wp-json\/wp\/v2\/nivel-de-juego?post=264419"},{"taxonomy":"superficie","embeddable":true,"href":"https:\/\/revolutionpadelstore.com\/de\/wp-json\/wp\/v2\/superficie?post=264419"},{"taxonomy":"tipo-de-juego","embeddable":true,"href":"https:\/\/revolutionpadelstore.com\/de\/wp-json\/wp\/v2\/tipo-de-juego?post=264419"},{"taxonomy":"product_brand","embeddable":true,"href":"https:\/\/revolutionpadelstore.com\/de\/wp-json\/wp\/v2\/product_brand?post=264419"},{"taxonomy":"product_cat","embeddable":true,"href":"https:\/\/revolutionpadelstore.com\/de\/wp-json\/wp\/v2\/product_cat?post=264419"},{"taxonomy":"product_tag","embeddable":true,"href":"https:\/\/revolutionpadelstore.com\/de\/wp-json\/wp\/v2\/product_tag?post=264419"}],"curies":[{"name":"wp","href":"https:\/\/api.w.org\/{rel}","templated":true}]}}