{"id":263922,"date":"2025-06-19T13:20:40","date_gmt":"2025-06-19T11:20:40","guid":{"rendered":"https:\/\/revolutionpadelstore.com\/wilson-bela-pro-v3-2025\/"},"modified":"2026-04-08T04:53:31","modified_gmt":"2026-04-08T02:53:31","slug":"wilson-bela-pro-v3-2025","status":"publish","type":"product","link":"https:\/\/revolutionpadelstore.com\/de\/produkt\/wilson-bela-pro-v3-2025\/","title":{"rendered":"WILSON BELA PRO V3 2025"},"content":{"rendered":"<h2>Wilson Bela Pro V3 2025 \u2013 Leistung, Kontrolle und professionelle Pr\u00e4zision<\/h2>\n<p>Entdecken Sie den <strong>Wilson Bela Pro V3 2025<\/strong>, den offiziellen Padelschl\u00e4ger des legend\u00e4ren Fernando Belastegu\u00edn f\u00fcr die Saison 2025. Entwickelt f\u00fcr anspruchsvolle Spieler auf fortgeschrittenem Niveau, die ein perfektes Gleichgewicht zwischen explosiver Kraft und absoluter Kontrolle an jedem Punkt suchen.<\/p>\n<p>Dieser Schl\u00e4ger besteht aus den besten Materialien auf dem Markt und kombiniert eine Tropfenform mit einer hohen Balance und einem Gewicht von 370 Gramm, um in jedem Bereich des Spielfelds <strong>Beschleunigung, Festigkeit und Aggressivit\u00e4t<\/strong> zu bieten. Wenn Sie auf der Suche nach einem professionellen Padelschl\u00e4ger sind, der sich an jeden Spielstil anpassen l\u00e4sst, ist der Bela Pro V3 Ihr bester Verb\u00fcndeter.<\/p>\n<h2>Hochleistungstechnologien von Wilson<\/h2>\n<p>Wilson integriert eine Reihe modernster Technologien in den Bela Pro V3, um Ihre Leistung auf dem Platz zu optimieren:<\/p>\n<p style=\"padding-left: 40px\"><strong>-Tropfenform und hohe Balance<\/strong>: mehr Leistung ohne Einbu\u00dfen bei der Man\u00f6vrierf\u00e4higkeit.<\/p>\n<p style=\"padding-left: 40px\"><strong>-24K Carbon auf den Schlagfl\u00e4chen<\/strong>: Pr\u00e4zision, Festigkeit und Widerstandsf\u00e4higkeit auf professionellem Niveau.<\/p>\n<p style=\"padding-left: 40px\"><strong>-Power Foam-Kern<\/strong>: Explosiver Ballaussto\u00df mit gro\u00dfartigem Ballgef\u00fchl.<\/p>\n<p style=\"padding-left: 40px\"><strong>-SpinEffect (Spin2-Textur)<\/strong>: raue Oberfl\u00e4che, um mehr Spin bei Ihren Schl\u00e4gen zu erzeugen.<\/p>\n<p style=\"padding-left: 40px\"><strong>-V-Bridge<\/strong>: V-Br\u00fccke, die f\u00fcr mehr Stabilit\u00e4t bei starken St\u00f6\u00dfen sorgt.<\/p>\n<p style=\"padding-left: 40px\"><strong>-C2 Tubular Construction<\/strong>: starrer und langlebiger Rahmen f\u00fcr definiertere Schl\u00e4ge.<\/p>\n<p style=\"padding-left: 40px\"><strong>-Stabilit\u00e4tskanal<\/strong>: Verbessert die Reaktion nach dem Aufprall und die Erholung.<\/p>\n<p style=\"padding-left: 40px\"><strong>-Duo Grid Hole Pattern<\/strong>: Lochmuster, das f\u00fcr ein ausgewogenes Verh\u00e4ltnis von Kraft und Kontrolle entwickelt wurde.<\/p>\n<p style=\"padding-left: 40px\"><strong>-Shock Shield Grip<\/strong>: absorbiert Vibrationen und maximiert den Griffkomfort.<\/p>\n<h2>Ein vielseitiger Padelschl\u00e4ger f\u00fcr erfahrene Spieler<\/h2>\n<p>Dank seines technischen Designs und der hochwertigen Materialien eignet sich der <strong>Wilson Bela Pro V3<\/strong> sowohl f\u00fcr Offensiv- als auch f\u00fcr Defensivspiele. Ob auf dem Platz oder im Netz, es bietet die Leistung, die n\u00f6tig ist, um einen Unterschied zu machen. Seine raue Oberfl\u00e4che erm\u00f6glicht es, dem Ball ein hohes Ma\u00df an Spin zu verleihen, was ideal ist, um den Gegner bei jedem Ballwechsel zu destabilisieren.<\/p>\n<p>Dieser Schl\u00e4ger wird f\u00fcr <strong>Mehrzweck- und Wettkampfspieler<\/strong> empfohlen, die den Rhythmus des Spiels mit einem Produkt dominieren m\u00f6chten, das Innovation, Widerstandsf\u00e4higkeit und chirurgische Pr\u00e4zision vereint.<\/p>\n<h2>Warum sollten Sie sich f\u00fcr den Wilson Bela Pro V3 2025 entscheiden?<\/h2>\n<p style=\"padding-left: 40px\">-Offizieller Padelschl\u00e4ger von Fernando Belastegu\u00edn<br \/>\n-Ideal f\u00fcr fortgeschrittene Spieler, die Power mit Kontrolle suchen<br \/>\n-Premium-Materialien: 24K Carbon und Power Foam-Kern<br \/>\n-Raue Oberfl\u00e4che f\u00fcr gr\u00f6\u00dfere Wirkung<br \/>\n-Exklusive Wilson-Technologien f\u00fcr hohe Wettbewerbsleistung<\/p>\n<h2>Kaufen Sie es jetzt zum besten Preis<\/h2>\n<p>Verpassen Sie nicht die Gelegenheit, Ihr Spiel mit dem <strong>Wilson Bela Pro V3 2025 Schl\u00e4ger<\/strong>, einer professionellen und exklusiven Option, auf die n\u00e4chste Stufe zu bringen. Geben Sie jetzt Ihre Bestellung auf und sp\u00fcren Sie den Unterschied in jedem Punkt!<\/p>\n<p><strong>Erh\u00e4ltlich in unserem Online-Shop <a href=\"http:\/\/www.revolutionpadelstore.com\/\">www.revolutionpadelstore.com<\/a>, wahrscheinlich zum besten Preis auf dem Markt.<\/strong><\/p>\n","protected":false},"excerpt":{"rendered":"<p>Der Wilson Bela Pro V3 bietet eine perfekte Balance zwischen Kontrolle, Kraft und pr\u00e4zisem Spin. Es ist die ideale Wahl f\u00fcr komplette Spieler, die bei allen Schl\u00e4gen ein hohes Leistungsniveau w\u00fcnschen, sei es im Offensiv- oder Defensivspiel. Damit sind Sie darauf vorbereitet, in jeder Begegnung erfolgreich zu sein.<\/p>\n","protected":false},"featured_media":263881,"comment_status":"open","ping_status":"closed","template":"","meta":{"_acf_changed":false,"_joinchat":[]},"acabado":[1089],"balance":[1134],"dureza":[1159,1154],"forma":[1184],"jugador":[1189],"marca":[1264],"nivel-de-juego":[1334],"superficie":[1359],"tipo-de-juego":[1384],"product_brand":[],"product_cat":[299],"product_tag":[],"class_list":{"0":"post-263922","1":"product","2":"type-product","3":"status-publish","4":"has-post-thumbnail","6":"acabado-3d-entlasten","7":"balance-hoch","8":"dureza-dura-de","9":"dureza-media-de","10":"forma-lagrima-de","11":"jugador-mann","12":"marca-wilson-de","13":"superficie-rugosa-de","14":"tipo-de-juego-mehrzweck","15":"product_cat-palas-de-padel-de","17":"first","18":"instock","19":"sale","20":"taxable","21":"shipping-taxable","22":"purchasable","23":"product-type-simple"},"acf":[],"yoast_head":"<!-- This site is optimized with the Yoast SEO plugin v27.4 - https:\/\/yoast.com\/product\/yoast-seo-wordpress\/ -->\n<title>WILSON BELA PRO V3 2025 - Revolution Padel Store<\/title>\n<meta name=\"description\" content=\"Compra la Wilson Bela Pro V3 2025, la pala oficial de Belastegu\u00edn. Potencia, control y efecto con carbono 24K y n\u00facleo Power Foam. \u00a1Disponible en www.revolutionpadelstore.com!\" \/>\n<meta name=\"robots\" content=\"index, follow, max-snippet:-1, max-image-preview:large, max-video-preview:-1\" \/>\n<link rel=\"canonical\" href=\"https:\/\/revolutionpadelstore.com\/de\/produkt\/wilson-bela-pro-v3-2025\/\" \/>\n<meta property=\"og:locale\" content=\"de_DE\" \/>\n<meta property=\"og:type\" content=\"article\" \/>\n<meta property=\"og:title\" content=\"WILSON BELA PRO V3 2025 - Revolution Padel Store\" \/>\n<meta property=\"og:description\" content=\"Compra la Wilson Bela Pro V3 2025, la pala oficial de Belastegu\u00edn. Potencia, control y efecto con carbono 24K y n\u00facleo Power Foam. \u00a1Disponible en www.revolutionpadelstore.com!\" \/>\n<meta property=\"og:url\" content=\"https:\/\/revolutionpadelstore.com\/de\/produkt\/wilson-bela-pro-v3-2025\/\" \/>\n<meta property=\"og:site_name\" content=\"Revolution Padel Store\" \/>\n<meta property=\"article:modified_time\" content=\"2026-04-08T02:53:31+00:00\" \/>\n<meta property=\"og:image\" content=\"https:\/\/revolutionpadelstore.com\/wp-content\/uploads\/2025\/06\/119459-pala-wilson-bela-pro-v3-wr186411u-1500x1500-1.webp\" \/>\n\t<meta property=\"og:image:width\" content=\"1500\" \/>\n\t<meta property=\"og:image:height\" content=\"1500\" \/>\n\t<meta property=\"og:image:type\" content=\"image\/webp\" \/>\n<meta name=\"twitter:card\" content=\"summary_large_image\" \/>\n<meta name=\"twitter:label1\" content=\"Gesch\u00e4tzte Lesezeit\" \/>\n\t<meta name=\"twitter:data1\" content=\"3\u00a0Minuten\" \/>\n<script type=\"application\/ld+json\" class=\"yoast-schema-graph\">{\"@context\":\"https:\\\/\\\/schema.org\",\"@graph\":[{\"@type\":\"WebPage\",\"@id\":\"https:\\\/\\\/revolutionpadelstore.com\\\/de\\\/produkt\\\/wilson-bela-pro-v3-2025\\\/\",\"url\":\"https:\\\/\\\/revolutionpadelstore.com\\\/de\\\/produkt\\\/wilson-bela-pro-v3-2025\\\/\",\"name\":\"WILSON BELA PRO V3 2025 - Revolution Padel Store\",\"isPartOf\":{\"@id\":\"https:\\\/\\\/revolutionpadelstore.com\\\/de\\\/#website\"},\"primaryImageOfPage\":{\"@id\":\"https:\\\/\\\/revolutionpadelstore.com\\\/de\\\/produkt\\\/wilson-bela-pro-v3-2025\\\/#primaryimage\"},\"image\":{\"@id\":\"https:\\\/\\\/revolutionpadelstore.com\\\/de\\\/produkt\\\/wilson-bela-pro-v3-2025\\\/#primaryimage\"},\"thumbnailUrl\":\"https:\\\/\\\/revolutionpadelstore.com\\\/wp-content\\\/uploads\\\/2025\\\/06\\\/119459-pala-wilson-bela-pro-v3-wr186411u-1500x1500-1.webp\",\"datePublished\":\"2025-06-19T11:20:40+00:00\",\"dateModified\":\"2026-04-08T02:53:31+00:00\",\"description\":\"Compra la Wilson Bela Pro V3 2025, la pala oficial de Belastegu\u00edn. Potencia, control y efecto con carbono 24K y n\u00facleo Power Foam. \u00a1Disponible en www.revolutionpadelstore.com!\",\"breadcrumb\":{\"@id\":\"https:\\\/\\\/revolutionpadelstore.com\\\/de\\\/produkt\\\/wilson-bela-pro-v3-2025\\\/#breadcrumb\"},\"inLanguage\":\"de\",\"potentialAction\":[{\"@type\":\"ReadAction\",\"target\":[\"https:\\\/\\\/revolutionpadelstore.com\\\/de\\\/produkt\\\/wilson-bela-pro-v3-2025\\\/\"]}]},{\"@type\":\"ImageObject\",\"inLanguage\":\"de\",\"@id\":\"https:\\\/\\\/revolutionpadelstore.com\\\/de\\\/produkt\\\/wilson-bela-pro-v3-2025\\\/#primaryimage\",\"url\":\"https:\\\/\\\/revolutionpadelstore.com\\\/wp-content\\\/uploads\\\/2025\\\/06\\\/119459-pala-wilson-bela-pro-v3-wr186411u-1500x1500-1.webp\",\"contentUrl\":\"https:\\\/\\\/revolutionpadelstore.com\\\/wp-content\\\/uploads\\\/2025\\\/06\\\/119459-pala-wilson-bela-pro-v3-wr186411u-1500x1500-1.webp\",\"width\":1500,\"height\":1500},{\"@type\":\"BreadcrumbList\",\"@id\":\"https:\\\/\\\/revolutionpadelstore.com\\\/de\\\/produkt\\\/wilson-bela-pro-v3-2025\\\/#breadcrumb\",\"itemListElement\":[{\"@type\":\"ListItem\",\"position\":1,\"name\":\"Portada\",\"item\":\"https:\\\/\\\/revolutionpadelstore.com\\\/de\\\/\"},{\"@type\":\"ListItem\",\"position\":2,\"name\":\"Shop\",\"item\":\"https:\\\/\\\/revolutionpadelstore.com\\\/de\\\/tienda\\\/\"},{\"@type\":\"ListItem\",\"position\":3,\"name\":\"WILSON BELA PRO V3 2025\"}]},{\"@type\":\"WebSite\",\"@id\":\"https:\\\/\\\/revolutionpadelstore.com\\\/de\\\/#website\",\"url\":\"https:\\\/\\\/revolutionpadelstore.com\\\/de\\\/\",\"name\":\"Revolution Padel Store\",\"description\":\"\",\"publisher\":{\"@id\":\"https:\\\/\\\/revolutionpadelstore.com\\\/de\\\/#organization\"},\"potentialAction\":[{\"@type\":\"SearchAction\",\"target\":{\"@type\":\"EntryPoint\",\"urlTemplate\":\"https:\\\/\\\/revolutionpadelstore.com\\\/de\\\/?s={search_term_string}\"},\"query-input\":{\"@type\":\"PropertyValueSpecification\",\"valueRequired\":true,\"valueName\":\"search_term_string\"}}],\"inLanguage\":\"de\"},{\"@type\":\"Organization\",\"@id\":\"https:\\\/\\\/revolutionpadelstore.com\\\/de\\\/#organization\",\"name\":\"Revolution Padel Store\",\"url\":\"https:\\\/\\\/revolutionpadelstore.com\\\/de\\\/\",\"logo\":{\"@type\":\"ImageObject\",\"inLanguage\":\"de\",\"@id\":\"https:\\\/\\\/revolutionpadelstore.com\\\/de\\\/#\\\/schema\\\/logo\\\/image\\\/\",\"url\":\"https:\\\/\\\/revolutionpadelstore.com\\\/wp-content\\\/uploads\\\/2026\\\/02\\\/revolution-padel-store.jpg\",\"contentUrl\":\"https:\\\/\\\/revolutionpadelstore.com\\\/wp-content\\\/uploads\\\/2026\\\/02\\\/revolution-padel-store.jpg\",\"width\":2000,\"height\":2000,\"caption\":\"Revolution Padel Store\"},\"image\":{\"@id\":\"https:\\\/\\\/revolutionpadelstore.com\\\/de\\\/#\\\/schema\\\/logo\\\/image\\\/\"},\"sameAs\":[\"https:\\\/\\\/www.instagram.com\\\/revolutionpadelstore\\\/\"]}]}<\/script>\n<!-- \/ Yoast SEO plugin. -->","yoast_head_json":{"title":"WILSON BELA PRO V3 2025 - Revolution Padel Store","description":"Compra la Wilson Bela Pro V3 2025, la pala oficial de Belastegu\u00edn. Potencia, control y efecto con carbono 24K y n\u00facleo Power Foam. \u00a1Disponible en www.revolutionpadelstore.com!","robots":{"index":"index","follow":"follow","max-snippet":"max-snippet:-1","max-image-preview":"max-image-preview:large","max-video-preview":"max-video-preview:-1"},"canonical":"https:\/\/revolutionpadelstore.com\/de\/produkt\/wilson-bela-pro-v3-2025\/","og_locale":"de_DE","og_type":"article","og_title":"WILSON BELA PRO V3 2025 - Revolution Padel Store","og_description":"Compra la Wilson Bela Pro V3 2025, la pala oficial de Belastegu\u00edn. Potencia, control y efecto con carbono 24K y n\u00facleo Power Foam. \u00a1Disponible en www.revolutionpadelstore.com!","og_url":"https:\/\/revolutionpadelstore.com\/de\/produkt\/wilson-bela-pro-v3-2025\/","og_site_name":"Revolution Padel Store","article_modified_time":"2026-04-08T02:53:31+00:00","og_image":[{"width":1500,"height":1500,"url":"https:\/\/revolutionpadelstore.com\/wp-content\/uploads\/2025\/06\/119459-pala-wilson-bela-pro-v3-wr186411u-1500x1500-1.webp","type":"image\/webp"}],"twitter_card":"summary_large_image","twitter_misc":{"Gesch\u00e4tzte Lesezeit":"3\u00a0Minuten"},"schema":{"@context":"https:\/\/schema.org","@graph":[{"@type":"WebPage","@id":"https:\/\/revolutionpadelstore.com\/de\/produkt\/wilson-bela-pro-v3-2025\/","url":"https:\/\/revolutionpadelstore.com\/de\/produkt\/wilson-bela-pro-v3-2025\/","name":"WILSON BELA PRO V3 2025 - Revolution Padel Store","isPartOf":{"@id":"https:\/\/revolutionpadelstore.com\/de\/#website"},"primaryImageOfPage":{"@id":"https:\/\/revolutionpadelstore.com\/de\/produkt\/wilson-bela-pro-v3-2025\/#primaryimage"},"image":{"@id":"https:\/\/revolutionpadelstore.com\/de\/produkt\/wilson-bela-pro-v3-2025\/#primaryimage"},"thumbnailUrl":"https:\/\/revolutionpadelstore.com\/wp-content\/uploads\/2025\/06\/119459-pala-wilson-bela-pro-v3-wr186411u-1500x1500-1.webp","datePublished":"2025-06-19T11:20:40+00:00","dateModified":"2026-04-08T02:53:31+00:00","description":"Compra la Wilson Bela Pro V3 2025, la pala oficial de Belastegu\u00edn. Potencia, control y efecto con carbono 24K y n\u00facleo Power Foam. \u00a1Disponible en www.revolutionpadelstore.com!","breadcrumb":{"@id":"https:\/\/revolutionpadelstore.com\/de\/produkt\/wilson-bela-pro-v3-2025\/#breadcrumb"},"inLanguage":"de","potentialAction":[{"@type":"ReadAction","target":["https:\/\/revolutionpadelstore.com\/de\/produkt\/wilson-bela-pro-v3-2025\/"]}]},{"@type":"ImageObject","inLanguage":"de","@id":"https:\/\/revolutionpadelstore.com\/de\/produkt\/wilson-bela-pro-v3-2025\/#primaryimage","url":"https:\/\/revolutionpadelstore.com\/wp-content\/uploads\/2025\/06\/119459-pala-wilson-bela-pro-v3-wr186411u-1500x1500-1.webp","contentUrl":"https:\/\/revolutionpadelstore.com\/wp-content\/uploads\/2025\/06\/119459-pala-wilson-bela-pro-v3-wr186411u-1500x1500-1.webp","width":1500,"height":1500},{"@type":"BreadcrumbList","@id":"https:\/\/revolutionpadelstore.com\/de\/produkt\/wilson-bela-pro-v3-2025\/#breadcrumb","itemListElement":[{"@type":"ListItem","position":1,"name":"Portada","item":"https:\/\/revolutionpadelstore.com\/de\/"},{"@type":"ListItem","position":2,"name":"Shop","item":"https:\/\/revolutionpadelstore.com\/de\/tienda\/"},{"@type":"ListItem","position":3,"name":"WILSON BELA PRO V3 2025"}]},{"@type":"WebSite","@id":"https:\/\/revolutionpadelstore.com\/de\/#website","url":"https:\/\/revolutionpadelstore.com\/de\/","name":"Revolution Padel Store","description":"","publisher":{"@id":"https:\/\/revolutionpadelstore.com\/de\/#organization"},"potentialAction":[{"@type":"SearchAction","target":{"@type":"EntryPoint","urlTemplate":"https:\/\/revolutionpadelstore.com\/de\/?s={search_term_string}"},"query-input":{"@type":"PropertyValueSpecification","valueRequired":true,"valueName":"search_term_string"}}],"inLanguage":"de"},{"@type":"Organization","@id":"https:\/\/revolutionpadelstore.com\/de\/#organization","name":"Revolution Padel Store","url":"https:\/\/revolutionpadelstore.com\/de\/","logo":{"@type":"ImageObject","inLanguage":"de","@id":"https:\/\/revolutionpadelstore.com\/de\/#\/schema\/logo\/image\/","url":"https:\/\/revolutionpadelstore.com\/wp-content\/uploads\/2026\/02\/revolution-padel-store.jpg","contentUrl":"https:\/\/revolutionpadelstore.com\/wp-content\/uploads\/2026\/02\/revolution-padel-store.jpg","width":2000,"height":2000,"caption":"Revolution Padel Store"},"image":{"@id":"https:\/\/revolutionpadelstore.com\/de\/#\/schema\/logo\/image\/"},"sameAs":["https:\/\/www.instagram.com\/revolutionpadelstore\/"]}]}},"_links":{"self":[{"href":"https:\/\/revolutionpadelstore.com\/de\/wp-json\/wp\/v2\/product\/263922","targetHints":{"allow":["GET"]}}],"collection":[{"href":"https:\/\/revolutionpadelstore.com\/de\/wp-json\/wp\/v2\/product"}],"about":[{"href":"https:\/\/revolutionpadelstore.com\/de\/wp-json\/wp\/v2\/types\/product"}],"replies":[{"embeddable":true,"href":"https:\/\/revolutionpadelstore.com\/de\/wp-json\/wp\/v2\/comments?post=263922"}],"wp:featuredmedia":[{"embeddable":true,"href":"https:\/\/revolutionpadelstore.com\/de\/wp-json\/wp\/v2\/media\/263881"}],"wp:attachment":[{"href":"https:\/\/revolutionpadelstore.com\/de\/wp-json\/wp\/v2\/media?parent=263922"}],"wp:term":[{"taxonomy":"acabado","embeddable":true,"href":"https:\/\/revolutionpadelstore.com\/de\/wp-json\/wp\/v2\/acabado?post=263922"},{"taxonomy":"balance","embeddable":true,"href":"https:\/\/revolutionpadelstore.com\/de\/wp-json\/wp\/v2\/balance?post=263922"},{"taxonomy":"dureza","embeddable":true,"href":"https:\/\/revolutionpadelstore.com\/de\/wp-json\/wp\/v2\/dureza?post=263922"},{"taxonomy":"forma","embeddable":true,"href":"https:\/\/revolutionpadelstore.com\/de\/wp-json\/wp\/v2\/forma?post=263922"},{"taxonomy":"jugador","embeddable":true,"href":"https:\/\/revolutionpadelstore.com\/de\/wp-json\/wp\/v2\/jugador?post=263922"},{"taxonomy":"marca","embeddable":true,"href":"https:\/\/revolutionpadelstore.com\/de\/wp-json\/wp\/v2\/marca?post=263922"},{"taxonomy":"nivel-de-juego","embeddable":true,"href":"https:\/\/revolutionpadelstore.com\/de\/wp-json\/wp\/v2\/nivel-de-juego?post=263922"},{"taxonomy":"superficie","embeddable":true,"href":"https:\/\/revolutionpadelstore.com\/de\/wp-json\/wp\/v2\/superficie?post=263922"},{"taxonomy":"tipo-de-juego","embeddable":true,"href":"https:\/\/revolutionpadelstore.com\/de\/wp-json\/wp\/v2\/tipo-de-juego?post=263922"},{"taxonomy":"product_brand","embeddable":true,"href":"https:\/\/revolutionpadelstore.com\/de\/wp-json\/wp\/v2\/product_brand?post=263922"},{"taxonomy":"product_cat","embeddable":true,"href":"https:\/\/revolutionpadelstore.com\/de\/wp-json\/wp\/v2\/product_cat?post=263922"},{"taxonomy":"product_tag","embeddable":true,"href":"https:\/\/revolutionpadelstore.com\/de\/wp-json\/wp\/v2\/product_tag?post=263922"}],"curies":[{"name":"wp","href":"https:\/\/api.w.org\/{rel}","templated":true}]}}