{"id":263753,"date":"2025-06-13T17:36:15","date_gmt":"2025-06-13T15:36:15","guid":{"rendered":"https:\/\/revolutionpadelstore.com\/?post_type=product&#038;p=263753"},"modified":"2026-04-08T04:53:51","modified_gmt":"2026-04-08T02:53:51","slug":"adidas-metalbone-pro-edt-2025-ale-galan","status":"publish","type":"product","link":"https:\/\/revolutionpadelstore.com\/de\/produkt\/adidas-metalbone-pro-edt-2025-ale-galan\/","title":{"rendered":"ADIDAS METALBONE PRO EDT 2025. ALE GALAN"},"content":{"rendered":"<h2>Adidas Metalbone Pro EDT 2025 \u2013 Ale Gal\u00e1n. Leistung, Pr\u00e4zision und Anpassung<\/h2>\n<p>Der <strong>Adidas Metalbone Pro EDT 2025<\/strong> ist der Schl\u00e4ger f\u00fcr die anspruchsvollsten Spieler, die den Platz mit kraftvollen und kontrollierten Schl\u00e4gen dominieren m\u00f6chten. Dieser professionelle Padelschl\u00e4ger, der vom Weltranglistenersten <strong>Ale Gal\u00e1n<\/strong> verwendet wird, bietet eine perfekte Balance zwischen explosiver Kraft und chirurgischer Pr\u00e4zision und wird zum idealen Verb\u00fcndeten sowohl im Netz als auch hinter dem Spielfeld.<\/p>\n<h2>Technologien und Materialien der neuesten Generation<\/h2>\n<p style=\"padding-left: 40px\"><strong>-Diamantform und hohe Balance<\/strong>: auf ein offensives und aggressives Spiel ausgerichtet.<\/p>\n<p style=\"padding-left: 40px\"><strong>-16K aluminisiertes Carbon<\/strong>: bietet mehr Festigkeit, Haltbarkeit und sofortige Reaktion bei jedem Schlag.<\/p>\n<p style=\"padding-left: 40px\"><strong>-Anpassbares Gewichts- und Balancesystem<\/strong>: Passen Sie das Gewicht und die Balance des Schl\u00e4gers an Ihren Spielstil an.<\/p>\n<p style=\"padding-left: 40px\"><strong>-Achteckige Struktur<\/strong>: Bietet mehr Steifigkeit und Stabilit\u00e4t f\u00fcr maximale Leistung.<\/p>\n<p style=\"padding-left: 40px\"><strong>-Soft Performance EVA-Kern<\/strong>: hervorragende Ballausgabe bei gro\u00dfem Komfort.<\/p>\n<p style=\"padding-left: 40px\"><strong>-Spin Blade Low Poly<\/strong>: raue Oberfl\u00e4che, die die Effekte und Variationen des Schlags verst\u00e4rkt.<\/p>\n<p style=\"padding-left: 40px\"><strong>-38 mm Profil und Gewicht zwischen 345 und 360 Gramm<\/strong>: maximale Anpassungsf\u00e4higkeit f\u00fcr fortgeschrittene Spieler.<\/p>\n<h2>Entwickelt f\u00fcr professionelle und fortgeschrittene Spieler<\/h2>\n<p>Der <strong>Adidas Metalbone Pro EDT 2025<\/strong> ist perfekt f\u00fcr fortgeschrittene oder professionelle Padelspieler, die Folgendes suchen:<\/p>\n<p style=\"padding-left: 40px\"><strong>-Aggressive Schl\u00e4ge ohne Einbu\u00dfen bei der Kontrolle.<\/strong><\/p>\n<p style=\"padding-left: 40px\"><strong>-Tolle Ballrotation dank der rauen Oberfl\u00e4che.<\/strong><\/p>\n<p style=\"padding-left: 40px\"><strong>-Vollst\u00e4ndige Anpassung der Balance, um den Schl\u00e4ger an jede Spielsituation anzupassen.<\/strong><\/p>\n<p style=\"padding-left: 40px\"><strong>-Haltbarkeit und \u00fcberlegene Leistung mit Premium-Carbon.<\/strong><\/p>\n<h2>Limitierte Auflage, inspiriert von Ale Gal\u00e1n<\/h2>\n<p>Dieser Adidas-Padelschl\u00e4ger ist eine <strong>exklusive limitierte Edition<\/strong>, die entwickelt wurde, um Ale Gal\u00e1ns eigenen Spielstil nachzuahmen. Sein elegantes Design, kombiniert mit der h\u00f6chsten Adidas P\u00e1del-Technologie, macht ihn zu einem \u00e4u\u00dferst begehrten Produkt auf dem Markt f\u00fcr professionelle Padelschl\u00e4ger.<\/p>\n<h2>Hauptvorteile<\/h2>\n<p style=\"padding-left: 40px\">-Maximale kontrollierte Leistung.<\/p>\n<p style=\"padding-left: 40px\">-Spin Blade-Technologie f\u00fcr bessere Effekte.<\/p>\n<p style=\"padding-left: 40px\">-Erweiterte Gewichts- und Balanceanpassung.<\/p>\n<p style=\"padding-left: 40px\">-Hohe Haltbarkeit mit 16K aluminisiertem Carbon.<\/p>\n<p style=\"padding-left: 40px\">-Beeindruckender Komfort dank des EVA Soft Performance-Kerns.<\/p>\n<p><strong>Kaufen Sie den Adidas Metalbone Pro EDT 2025 jetzt unter <a href=\"http:\/\/www.revolutionpadelstore.com\/\">www.revolutionpadelstore.com<\/a>, wahrscheinlich zum besten Preis auf dem Markt, und bringen Sie Ihr Spiel mit dem offiziellen Ale Gal\u00e1n-Padelschl\u00e4ger auf die n\u00e4chste Stufe.<\/strong><\/p>\n","protected":false},"excerpt":{"rendered":"<p>Hochleistungsschl\u00e4ger f\u00fcr offensives Spiel, ausgestattet mit Weight &amp; Balance-Einstellsystem, 16K Carbon, weichem EVA-Gummikern und rauer Oberfl\u00e4che. Exklusive Edition von Ale Gal\u00e1n, entwickelt f\u00fcr maximale Leistung und optimierte Kontrolle.<\/p>\n","protected":false},"featured_media":263759,"comment_status":"open","ping_status":"closed","template":"","meta":{"_acf_changed":false,"_joinchat":[]},"acabado":[1104],"balance":[1134],"dureza":[1159,1154],"forma":[1169],"jugador":[1189],"marca":[1229],"nivel-de-juego":[1334],"superficie":[1359],"tipo-de-juego":[1374],"product_brand":[],"product_cat":[299],"product_tag":[],"class_list":{"0":"post-263753","1":"product","2":"type-product","3":"status-publish","4":"has-post-thumbnail","6":"acabado-rau","7":"balance-hoch","8":"dureza-dura-de","9":"dureza-media-de","10":"forma-diamante-de","11":"jugador-mann","12":"marca-adidas-de","13":"superficie-rugosa-de","14":"tipo-de-juego-leistung","15":"product_cat-palas-de-padel-de","17":"first","18":"outofstock","19":"sale","20":"taxable","21":"shipping-taxable","22":"purchasable","23":"product-type-simple"},"acf":[],"yoast_head":"<!-- This site is optimized with the Yoast SEO plugin v27.4 - https:\/\/yoast.com\/product\/yoast-seo-wordpress\/ -->\n<title>ADIDAS METALBONE PRO EDT 2025. ALE GALAN - Revolution Padel Store<\/title>\n<meta name=\"description\" content=\"Adidas Metalbone Pro EDT 2025, la pala de p\u00e1del profesional de Ale Gal\u00e1n. Potencia, control, efectos y personalizaci\u00f3n total. Compra online en Revolution Padel Store al mejor precio.\" \/>\n<meta name=\"robots\" content=\"index, follow, max-snippet:-1, max-image-preview:large, max-video-preview:-1\" \/>\n<link rel=\"canonical\" href=\"https:\/\/revolutionpadelstore.com\/de\/produkt\/adidas-metalbone-pro-edt-2025-ale-galan\/\" \/>\n<meta property=\"og:locale\" content=\"de_DE\" \/>\n<meta property=\"og:type\" content=\"article\" \/>\n<meta property=\"og:title\" content=\"ADIDAS METALBONE PRO EDT 2025. ALE GALAN - Revolution Padel Store\" \/>\n<meta property=\"og:description\" content=\"Adidas Metalbone Pro EDT 2025, la pala de p\u00e1del profesional de Ale Gal\u00e1n. Potencia, control, efectos y personalizaci\u00f3n total. Compra online en Revolution Padel Store al mejor precio.\" \/>\n<meta property=\"og:url\" content=\"https:\/\/revolutionpadelstore.com\/de\/produkt\/adidas-metalbone-pro-edt-2025-ale-galan\/\" \/>\n<meta property=\"og:site_name\" content=\"Revolution Padel Store\" \/>\n<meta property=\"article:modified_time\" content=\"2026-04-08T02:53:51+00:00\" \/>\n<meta property=\"og:image\" content=\"https:\/\/revolutionpadelstore.com\/wp-content\/uploads\/2025\/06\/117508-pala-adidas-metalbone-pro-edt-2025-ar1aa4u11-1500x1500-1.webp\" \/>\n\t<meta property=\"og:image:width\" content=\"1500\" \/>\n\t<meta property=\"og:image:height\" content=\"1500\" \/>\n\t<meta property=\"og:image:type\" content=\"image\/webp\" \/>\n<meta name=\"twitter:card\" content=\"summary_large_image\" \/>\n<meta name=\"twitter:label1\" content=\"Gesch\u00e4tzte Lesezeit\" \/>\n\t<meta name=\"twitter:data1\" content=\"2\u00a0Minuten\" \/>\n<script type=\"application\/ld+json\" class=\"yoast-schema-graph\">{\"@context\":\"https:\\\/\\\/schema.org\",\"@graph\":[{\"@type\":\"WebPage\",\"@id\":\"https:\\\/\\\/revolutionpadelstore.com\\\/de\\\/produkt\\\/adidas-metalbone-pro-edt-2025-ale-galan\\\/\",\"url\":\"https:\\\/\\\/revolutionpadelstore.com\\\/de\\\/produkt\\\/adidas-metalbone-pro-edt-2025-ale-galan\\\/\",\"name\":\"ADIDAS METALBONE PRO EDT 2025. ALE GALAN - Revolution Padel Store\",\"isPartOf\":{\"@id\":\"https:\\\/\\\/revolutionpadelstore.com\\\/de\\\/#website\"},\"primaryImageOfPage\":{\"@id\":\"https:\\\/\\\/revolutionpadelstore.com\\\/de\\\/produkt\\\/adidas-metalbone-pro-edt-2025-ale-galan\\\/#primaryimage\"},\"image\":{\"@id\":\"https:\\\/\\\/revolutionpadelstore.com\\\/de\\\/produkt\\\/adidas-metalbone-pro-edt-2025-ale-galan\\\/#primaryimage\"},\"thumbnailUrl\":\"https:\\\/\\\/revolutionpadelstore.com\\\/wp-content\\\/uploads\\\/2025\\\/06\\\/117508-pala-adidas-metalbone-pro-edt-2025-ar1aa4u11-1500x1500-1.webp\",\"datePublished\":\"2025-06-13T15:36:15+00:00\",\"dateModified\":\"2026-04-08T02:53:51+00:00\",\"description\":\"Adidas Metalbone Pro EDT 2025, la pala de p\u00e1del profesional de Ale Gal\u00e1n. Potencia, control, efectos y personalizaci\u00f3n total. Compra online en Revolution Padel Store al mejor precio.\",\"breadcrumb\":{\"@id\":\"https:\\\/\\\/revolutionpadelstore.com\\\/de\\\/produkt\\\/adidas-metalbone-pro-edt-2025-ale-galan\\\/#breadcrumb\"},\"inLanguage\":\"de\",\"potentialAction\":[{\"@type\":\"ReadAction\",\"target\":[\"https:\\\/\\\/revolutionpadelstore.com\\\/de\\\/produkt\\\/adidas-metalbone-pro-edt-2025-ale-galan\\\/\"]}]},{\"@type\":\"ImageObject\",\"inLanguage\":\"de\",\"@id\":\"https:\\\/\\\/revolutionpadelstore.com\\\/de\\\/produkt\\\/adidas-metalbone-pro-edt-2025-ale-galan\\\/#primaryimage\",\"url\":\"https:\\\/\\\/revolutionpadelstore.com\\\/wp-content\\\/uploads\\\/2025\\\/06\\\/117508-pala-adidas-metalbone-pro-edt-2025-ar1aa4u11-1500x1500-1.webp\",\"contentUrl\":\"https:\\\/\\\/revolutionpadelstore.com\\\/wp-content\\\/uploads\\\/2025\\\/06\\\/117508-pala-adidas-metalbone-pro-edt-2025-ar1aa4u11-1500x1500-1.webp\",\"width\":1500,\"height\":1500},{\"@type\":\"BreadcrumbList\",\"@id\":\"https:\\\/\\\/revolutionpadelstore.com\\\/de\\\/produkt\\\/adidas-metalbone-pro-edt-2025-ale-galan\\\/#breadcrumb\",\"itemListElement\":[{\"@type\":\"ListItem\",\"position\":1,\"name\":\"Portada\",\"item\":\"https:\\\/\\\/revolutionpadelstore.com\\\/de\\\/\"},{\"@type\":\"ListItem\",\"position\":2,\"name\":\"Shop\",\"item\":\"https:\\\/\\\/revolutionpadelstore.com\\\/de\\\/tienda\\\/\"},{\"@type\":\"ListItem\",\"position\":3,\"name\":\"ADIDAS METALBONE PRO EDT 2025. ALE GALAN\"}]},{\"@type\":\"WebSite\",\"@id\":\"https:\\\/\\\/revolutionpadelstore.com\\\/de\\\/#website\",\"url\":\"https:\\\/\\\/revolutionpadelstore.com\\\/de\\\/\",\"name\":\"Revolution Padel Store\",\"description\":\"\",\"publisher\":{\"@id\":\"https:\\\/\\\/revolutionpadelstore.com\\\/de\\\/#organization\"},\"potentialAction\":[{\"@type\":\"SearchAction\",\"target\":{\"@type\":\"EntryPoint\",\"urlTemplate\":\"https:\\\/\\\/revolutionpadelstore.com\\\/de\\\/?s={search_term_string}\"},\"query-input\":{\"@type\":\"PropertyValueSpecification\",\"valueRequired\":true,\"valueName\":\"search_term_string\"}}],\"inLanguage\":\"de\"},{\"@type\":\"Organization\",\"@id\":\"https:\\\/\\\/revolutionpadelstore.com\\\/de\\\/#organization\",\"name\":\"Revolution Padel Store\",\"url\":\"https:\\\/\\\/revolutionpadelstore.com\\\/de\\\/\",\"logo\":{\"@type\":\"ImageObject\",\"inLanguage\":\"de\",\"@id\":\"https:\\\/\\\/revolutionpadelstore.com\\\/de\\\/#\\\/schema\\\/logo\\\/image\\\/\",\"url\":\"https:\\\/\\\/revolutionpadelstore.com\\\/wp-content\\\/uploads\\\/2026\\\/02\\\/revolution-padel-store.jpg\",\"contentUrl\":\"https:\\\/\\\/revolutionpadelstore.com\\\/wp-content\\\/uploads\\\/2026\\\/02\\\/revolution-padel-store.jpg\",\"width\":2000,\"height\":2000,\"caption\":\"Revolution Padel Store\"},\"image\":{\"@id\":\"https:\\\/\\\/revolutionpadelstore.com\\\/de\\\/#\\\/schema\\\/logo\\\/image\\\/\"},\"sameAs\":[\"https:\\\/\\\/www.instagram.com\\\/revolutionpadelstore\\\/\"]}]}<\/script>\n<!-- \/ Yoast SEO plugin. -->","yoast_head_json":{"title":"ADIDAS METALBONE PRO EDT 2025. ALE GALAN - Revolution Padel Store","description":"Adidas Metalbone Pro EDT 2025, la pala de p\u00e1del profesional de Ale Gal\u00e1n. Potencia, control, efectos y personalizaci\u00f3n total. Compra online en Revolution Padel Store al mejor precio.","robots":{"index":"index","follow":"follow","max-snippet":"max-snippet:-1","max-image-preview":"max-image-preview:large","max-video-preview":"max-video-preview:-1"},"canonical":"https:\/\/revolutionpadelstore.com\/de\/produkt\/adidas-metalbone-pro-edt-2025-ale-galan\/","og_locale":"de_DE","og_type":"article","og_title":"ADIDAS METALBONE PRO EDT 2025. ALE GALAN - Revolution Padel Store","og_description":"Adidas Metalbone Pro EDT 2025, la pala de p\u00e1del profesional de Ale Gal\u00e1n. Potencia, control, efectos y personalizaci\u00f3n total. Compra online en Revolution Padel Store al mejor precio.","og_url":"https:\/\/revolutionpadelstore.com\/de\/produkt\/adidas-metalbone-pro-edt-2025-ale-galan\/","og_site_name":"Revolution Padel Store","article_modified_time":"2026-04-08T02:53:51+00:00","og_image":[{"width":1500,"height":1500,"url":"https:\/\/revolutionpadelstore.com\/wp-content\/uploads\/2025\/06\/117508-pala-adidas-metalbone-pro-edt-2025-ar1aa4u11-1500x1500-1.webp","type":"image\/webp"}],"twitter_card":"summary_large_image","twitter_misc":{"Gesch\u00e4tzte Lesezeit":"2\u00a0Minuten"},"schema":{"@context":"https:\/\/schema.org","@graph":[{"@type":"WebPage","@id":"https:\/\/revolutionpadelstore.com\/de\/produkt\/adidas-metalbone-pro-edt-2025-ale-galan\/","url":"https:\/\/revolutionpadelstore.com\/de\/produkt\/adidas-metalbone-pro-edt-2025-ale-galan\/","name":"ADIDAS METALBONE PRO EDT 2025. ALE GALAN - Revolution Padel Store","isPartOf":{"@id":"https:\/\/revolutionpadelstore.com\/de\/#website"},"primaryImageOfPage":{"@id":"https:\/\/revolutionpadelstore.com\/de\/produkt\/adidas-metalbone-pro-edt-2025-ale-galan\/#primaryimage"},"image":{"@id":"https:\/\/revolutionpadelstore.com\/de\/produkt\/adidas-metalbone-pro-edt-2025-ale-galan\/#primaryimage"},"thumbnailUrl":"https:\/\/revolutionpadelstore.com\/wp-content\/uploads\/2025\/06\/117508-pala-adidas-metalbone-pro-edt-2025-ar1aa4u11-1500x1500-1.webp","datePublished":"2025-06-13T15:36:15+00:00","dateModified":"2026-04-08T02:53:51+00:00","description":"Adidas Metalbone Pro EDT 2025, la pala de p\u00e1del profesional de Ale Gal\u00e1n. Potencia, control, efectos y personalizaci\u00f3n total. Compra online en Revolution Padel Store al mejor precio.","breadcrumb":{"@id":"https:\/\/revolutionpadelstore.com\/de\/produkt\/adidas-metalbone-pro-edt-2025-ale-galan\/#breadcrumb"},"inLanguage":"de","potentialAction":[{"@type":"ReadAction","target":["https:\/\/revolutionpadelstore.com\/de\/produkt\/adidas-metalbone-pro-edt-2025-ale-galan\/"]}]},{"@type":"ImageObject","inLanguage":"de","@id":"https:\/\/revolutionpadelstore.com\/de\/produkt\/adidas-metalbone-pro-edt-2025-ale-galan\/#primaryimage","url":"https:\/\/revolutionpadelstore.com\/wp-content\/uploads\/2025\/06\/117508-pala-adidas-metalbone-pro-edt-2025-ar1aa4u11-1500x1500-1.webp","contentUrl":"https:\/\/revolutionpadelstore.com\/wp-content\/uploads\/2025\/06\/117508-pala-adidas-metalbone-pro-edt-2025-ar1aa4u11-1500x1500-1.webp","width":1500,"height":1500},{"@type":"BreadcrumbList","@id":"https:\/\/revolutionpadelstore.com\/de\/produkt\/adidas-metalbone-pro-edt-2025-ale-galan\/#breadcrumb","itemListElement":[{"@type":"ListItem","position":1,"name":"Portada","item":"https:\/\/revolutionpadelstore.com\/de\/"},{"@type":"ListItem","position":2,"name":"Shop","item":"https:\/\/revolutionpadelstore.com\/de\/tienda\/"},{"@type":"ListItem","position":3,"name":"ADIDAS METALBONE PRO EDT 2025. ALE GALAN"}]},{"@type":"WebSite","@id":"https:\/\/revolutionpadelstore.com\/de\/#website","url":"https:\/\/revolutionpadelstore.com\/de\/","name":"Revolution Padel Store","description":"","publisher":{"@id":"https:\/\/revolutionpadelstore.com\/de\/#organization"},"potentialAction":[{"@type":"SearchAction","target":{"@type":"EntryPoint","urlTemplate":"https:\/\/revolutionpadelstore.com\/de\/?s={search_term_string}"},"query-input":{"@type":"PropertyValueSpecification","valueRequired":true,"valueName":"search_term_string"}}],"inLanguage":"de"},{"@type":"Organization","@id":"https:\/\/revolutionpadelstore.com\/de\/#organization","name":"Revolution Padel Store","url":"https:\/\/revolutionpadelstore.com\/de\/","logo":{"@type":"ImageObject","inLanguage":"de","@id":"https:\/\/revolutionpadelstore.com\/de\/#\/schema\/logo\/image\/","url":"https:\/\/revolutionpadelstore.com\/wp-content\/uploads\/2026\/02\/revolution-padel-store.jpg","contentUrl":"https:\/\/revolutionpadelstore.com\/wp-content\/uploads\/2026\/02\/revolution-padel-store.jpg","width":2000,"height":2000,"caption":"Revolution Padel Store"},"image":{"@id":"https:\/\/revolutionpadelstore.com\/de\/#\/schema\/logo\/image\/"},"sameAs":["https:\/\/www.instagram.com\/revolutionpadelstore\/"]}]}},"_links":{"self":[{"href":"https:\/\/revolutionpadelstore.com\/de\/wp-json\/wp\/v2\/product\/263753","targetHints":{"allow":["GET"]}}],"collection":[{"href":"https:\/\/revolutionpadelstore.com\/de\/wp-json\/wp\/v2\/product"}],"about":[{"href":"https:\/\/revolutionpadelstore.com\/de\/wp-json\/wp\/v2\/types\/product"}],"replies":[{"embeddable":true,"href":"https:\/\/revolutionpadelstore.com\/de\/wp-json\/wp\/v2\/comments?post=263753"}],"wp:featuredmedia":[{"embeddable":true,"href":"https:\/\/revolutionpadelstore.com\/de\/wp-json\/wp\/v2\/media\/263759"}],"wp:attachment":[{"href":"https:\/\/revolutionpadelstore.com\/de\/wp-json\/wp\/v2\/media?parent=263753"}],"wp:term":[{"taxonomy":"acabado","embeddable":true,"href":"https:\/\/revolutionpadelstore.com\/de\/wp-json\/wp\/v2\/acabado?post=263753"},{"taxonomy":"balance","embeddable":true,"href":"https:\/\/revolutionpadelstore.com\/de\/wp-json\/wp\/v2\/balance?post=263753"},{"taxonomy":"dureza","embeddable":true,"href":"https:\/\/revolutionpadelstore.com\/de\/wp-json\/wp\/v2\/dureza?post=263753"},{"taxonomy":"forma","embeddable":true,"href":"https:\/\/revolutionpadelstore.com\/de\/wp-json\/wp\/v2\/forma?post=263753"},{"taxonomy":"jugador","embeddable":true,"href":"https:\/\/revolutionpadelstore.com\/de\/wp-json\/wp\/v2\/jugador?post=263753"},{"taxonomy":"marca","embeddable":true,"href":"https:\/\/revolutionpadelstore.com\/de\/wp-json\/wp\/v2\/marca?post=263753"},{"taxonomy":"nivel-de-juego","embeddable":true,"href":"https:\/\/revolutionpadelstore.com\/de\/wp-json\/wp\/v2\/nivel-de-juego?post=263753"},{"taxonomy":"superficie","embeddable":true,"href":"https:\/\/revolutionpadelstore.com\/de\/wp-json\/wp\/v2\/superficie?post=263753"},{"taxonomy":"tipo-de-juego","embeddable":true,"href":"https:\/\/revolutionpadelstore.com\/de\/wp-json\/wp\/v2\/tipo-de-juego?post=263753"},{"taxonomy":"product_brand","embeddable":true,"href":"https:\/\/revolutionpadelstore.com\/de\/wp-json\/wp\/v2\/product_brand?post=263753"},{"taxonomy":"product_cat","embeddable":true,"href":"https:\/\/revolutionpadelstore.com\/de\/wp-json\/wp\/v2\/product_cat?post=263753"},{"taxonomy":"product_tag","embeddable":true,"href":"https:\/\/revolutionpadelstore.com\/de\/wp-json\/wp\/v2\/product_tag?post=263753"}],"curies":[{"name":"wp","href":"https:\/\/api.w.org\/{rel}","templated":true}]}}