{"id":263687,"date":"2025-06-13T16:11:36","date_gmt":"2025-06-13T14:11:36","guid":{"rendered":"https:\/\/revolutionpadelstore.com\/?post_type=product&#038;p=263687"},"modified":"2026-04-08T04:54:14","modified_gmt":"2026-04-08T02:54:14","slug":"adidas-marta-ortega-cross-it-pro-edt-2025","status":"publish","type":"product","link":"https:\/\/revolutionpadelstore.com\/de\/produkt\/adidas-marta-ortega-cross-it-pro-edt-2025\/","title":{"rendered":"ADIDAS MARTA ORTEGA CROSS IT PRO EDT 2025"},"content":{"rendered":"<h2>Adidas Marta Ortega Cross It Pro Edt 2025. Elite-Power und Kontrolle, inspiriert von Venus<\/h2>\n<p>Entdecken Sie den neuen <strong>Adidas Marta Ortega Cross It Pro Edt 2025<\/strong>, einen Padelschl\u00e4ger, der elegantes Design mit modernster Technologie verbindet und f\u00fcr anspruchsvolle Spieler entwickelt wurde, die bei jedem Schlag maximale Leistung anstreben. Inspiriert von der G\u00f6ttin Venus wird diese Sonderedition zur perfekten Waffe, um den Platz mit Pr\u00e4zision, Kraft und einem einzigartigen Stil zu dominieren.<\/p>\n<h2>Technologien und Hauptfunktionen<\/h2>\n<h2>24K aluminisierter Kohlenstoff<\/h2>\n<p>Dieser aus <strong>24K aluminisiertem Carbon<\/strong> gefertigte Schl\u00e4ger garantiert einen explosiven Ballaussto\u00df und eine au\u00dfergew\u00f6hnliche Haltbarkeit. Seine Verschlei\u00dffestigkeit erm\u00f6glicht es ihm, Spiel f\u00fcr Spiel eine konstante Leistung aufrechtzuerhalten, ideal f\u00fcr Spieler, die das Beste von ihrer Ausr\u00fcstung verlangen.<\/p>\n<h2>Leichtbauweise<\/h2>\n<p>Dank seines <strong>optimierten Gewichts<\/strong> bietet der Cross It Pro Edt 2025 eine \u00fcberragende Man\u00f6vrierf\u00e4higkeit. Damit k\u00f6nnen Sie sich im Netz agil bewegen, in der Verteidigung schnell reagieren und selbst in den intensivsten Spielen un\u00fcbertroffenen Komfort genie\u00dfen.<\/p>\n<h2>Runde Form<\/h2>\n<p>Sein <strong>rundes Format mit zentriertem Sweet Spot<\/strong> bietet absolute Kontrolle \u00fcber jeden Schlag, sodass Sie den Ball millimetergenau platzieren und den Spielrhythmus von jeder Position auf dem Spielfeld aus dominieren k\u00f6nnen.<\/p>\n<h2>Spin Blade-Technologie<\/h2>\n<p>Es verf\u00fcgt \u00fcber die exklusive <strong>Spin Blade-Technologie<\/strong>, eine raue Oberfl\u00e4che, die die Effekte verst\u00e4rkt und Ihren Schl\u00e4gen zus\u00e4tzliche Rotation verleiht, um jeden Gegner zu destabilisieren.<\/p>\n<h2>Eva Density Soft Energy Core<\/h2>\n<p>Der <strong>Eva Soft Energy<\/strong>-Kern bietet ein weiches Ballgef\u00fchl, hervorragende Ballausgabe und hervorragende Vibrationsd\u00e4mpfung. Achten Sie auf Ihren Arm, w\u00e4hrend Sie jeden Schlag verst\u00e4rken, und sorgen Sie f\u00fcr ein angenehmes Gef\u00fchl, ohne auf Kraft zu verzichten.<\/p>\n<h2>Dynamisches Luftstromsystem<\/h2>\n<p>Dank <strong>Dynamic Air Flow<\/strong> leitet der Schl\u00e4gerrahmen die Luft effizient, verbessert die Aerodynamik, verringert den Widerstand und erm\u00f6glicht schnellere, fl\u00fcssige und nat\u00fcrliche Bewegungen.<\/p>\n<h2>F\u00fcr wen ist diese Schaufel?<\/h2>\n<p>Der <strong>Adidas Marta Ortega Cross It Pro Edt 2025<\/strong> ist f\u00fcr Profi- oder Spitzenspieler konzipiert, die eine perfekte Balance zwischen <strong>Kraft, Kontrolle, Leichtigkeit und modernster Technologie<\/strong> suchen. Wenn es Ihr Ziel ist, jeden Punkt mit Klasse und Pr\u00e4zision zu dominieren, ist dieser Schl\u00e4ger Ihr perfekter Verb\u00fcndeter.<\/p>\n<h2>Besondere Vorteile<\/h2>\n<p style=\"padding-left: 40px\"><strong>-Maximale Pr\u00e4zision bei technischen Treffern.<\/strong><\/p>\n<p style=\"padding-left: 40px\"><strong>-Explosive Kraft im Finish.<\/strong><\/p>\n<p style=\"padding-left: 40px\"><strong>-Leichtigkeit und Beweglichkeit f\u00fcr schnelles Spielen.<\/strong><\/p>\n<p style=\"padding-left: 40px\"><strong>-Raue Oberfl\u00e4che f\u00fcr t\u00f6dliche Effekte.<\/strong><\/p>\n<p style=\"padding-left: 40px\"><strong>-Hervorragende Vibrationsd\u00e4mpfung f\u00fcr mehr Komfort.<\/strong><\/p>\n<p style=\"padding-left: 40px\"><strong>-Exklusives Design, inspiriert von Venus.<\/strong><\/p>\n<p>Lassen Sie Ihr Spiel wie nie zuvor gl\u00e4nzen und machen Sie in jedem Spiel einen Unterschied mit dem Adidas Marta Ortega Cross It Pro Edt 2025.<\/p>\n<p>Ab sofort in unserem Online-Shop <a href=\"https:\/\/www.revolutionpadelstore.com\/\">www.revolutionpadelstore.com<\/a> erh\u00e4ltlich, wahrscheinlich zum besten Preis auf dem Markt.<\/p>\n<h2>Adidas Marta Ortega Cross It Pro Edt 2025. Potencia y control de \u00e9lite inspirados en Venus<\/h2>\n","protected":false},"excerpt":{"rendered":"<p>Entdecken Sie den neuen <strong>Adidas Marta Ortega Cross It Pro Edt 2025<\/strong>, einen Padelschl\u00e4ger, der elegantes Design mit modernster Technologie verbindet und f\u00fcr anspruchsvolle Spieler entwickelt wurde, die bei jedem Schlag maximale Leistung anstreben. Inspiriert von der G\u00f6ttin Venus wird diese Sonderedition zur perfekten Waffe, um den Platz mit Pr\u00e4zision, Kraft und einem einzigartigen Stil zu dominieren.<strong>Adidas Marta Ortega Cross It Pro Edt 2025<\/strong><\/p>\n","protected":false},"featured_media":263747,"comment_status":"open","ping_status":"closed","template":"","meta":{"_acf_changed":false,"_joinchat":[]},"acabado":[1089],"balance":[1144],"dureza":[1154],"forma":[1179],"jugador":[1194,1199],"marca":[1229],"nivel-de-juego":[1334],"superficie":[1359],"tipo-de-juego":[1369],"product_brand":[],"product_cat":[299],"product_tag":[],"class_list":{"0":"post-263687","1":"product","2":"type-product","3":"status-publish","4":"has-post-thumbnail","6":"acabado-3d-entlasten","7":"balance-niedrig","8":"dureza-media-de","9":"forma-rund","10":"jugador-frau","11":"jugador-mehrzweck","12":"marca-adidas-de","13":"superficie-rugosa-de","14":"tipo-de-juego-kontrolle","15":"product_cat-palas-de-padel-de","17":"first","18":"instock","19":"taxable","20":"shipping-taxable","21":"purchasable","22":"product-type-simple"},"acf":[],"yoast_head":"<!-- This site is optimized with the Yoast SEO plugin v27.4 - https:\/\/yoast.com\/product\/yoast-seo-wordpress\/ -->\n<title>ADIDAS MARTA ORTEGA CROSS IT PRO EDT 2025 - Revolution Padel Store<\/title>\n<meta name=\"description\" content=\"Descubre la Adidas Marta Ortega Cross It Pro Edt 2025, una pala profesional con carbono aluminizado 24K, Spin Blade y Dynamic Air Flow. Compra online al mejor precio en Revolution Padel Store.\" \/>\n<meta name=\"robots\" content=\"index, follow, max-snippet:-1, max-image-preview:large, max-video-preview:-1\" \/>\n<link rel=\"canonical\" href=\"https:\/\/revolutionpadelstore.com\/de\/produkt\/adidas-marta-ortega-cross-it-pro-edt-2025\/\" \/>\n<meta property=\"og:locale\" content=\"de_DE\" \/>\n<meta property=\"og:type\" content=\"article\" \/>\n<meta property=\"og:title\" content=\"ADIDAS MARTA ORTEGA CROSS IT PRO EDT 2025 - Revolution Padel Store\" \/>\n<meta property=\"og:description\" content=\"Descubre la Adidas Marta Ortega Cross It Pro Edt 2025, una pala profesional con carbono aluminizado 24K, Spin Blade y Dynamic Air Flow. Compra online al mejor precio en Revolution Padel Store.\" \/>\n<meta property=\"og:url\" content=\"https:\/\/revolutionpadelstore.com\/de\/produkt\/adidas-marta-ortega-cross-it-pro-edt-2025\/\" \/>\n<meta property=\"og:site_name\" content=\"Revolution Padel Store\" \/>\n<meta property=\"article:modified_time\" content=\"2026-04-08T02:54:14+00:00\" \/>\n<meta property=\"og:image\" content=\"https:\/\/revolutionpadelstore.com\/wp-content\/uploads\/2025\/06\/FOTO-PALAS-21.png\" \/>\n\t<meta property=\"og:image:width\" content=\"1500\" \/>\n\t<meta property=\"og:image:height\" content=\"1500\" \/>\n\t<meta property=\"og:image:type\" content=\"image\/png\" \/>\n<meta name=\"twitter:card\" content=\"summary_large_image\" \/>\n<meta name=\"twitter:label1\" content=\"Gesch\u00e4tzte Lesezeit\" \/>\n\t<meta name=\"twitter:data1\" content=\"3\u00a0Minuten\" \/>\n<script type=\"application\/ld+json\" class=\"yoast-schema-graph\">{\"@context\":\"https:\\\/\\\/schema.org\",\"@graph\":[{\"@type\":\"WebPage\",\"@id\":\"https:\\\/\\\/revolutionpadelstore.com\\\/de\\\/produkt\\\/adidas-marta-ortega-cross-it-pro-edt-2025\\\/\",\"url\":\"https:\\\/\\\/revolutionpadelstore.com\\\/de\\\/produkt\\\/adidas-marta-ortega-cross-it-pro-edt-2025\\\/\",\"name\":\"ADIDAS MARTA ORTEGA CROSS IT PRO EDT 2025 - Revolution Padel Store\",\"isPartOf\":{\"@id\":\"https:\\\/\\\/revolutionpadelstore.com\\\/de\\\/#website\"},\"primaryImageOfPage\":{\"@id\":\"https:\\\/\\\/revolutionpadelstore.com\\\/de\\\/produkt\\\/adidas-marta-ortega-cross-it-pro-edt-2025\\\/#primaryimage\"},\"image\":{\"@id\":\"https:\\\/\\\/revolutionpadelstore.com\\\/de\\\/produkt\\\/adidas-marta-ortega-cross-it-pro-edt-2025\\\/#primaryimage\"},\"thumbnailUrl\":\"https:\\\/\\\/revolutionpadelstore.com\\\/wp-content\\\/uploads\\\/2025\\\/06\\\/FOTO-PALAS-21.png\",\"datePublished\":\"2025-06-13T14:11:36+00:00\",\"dateModified\":\"2026-04-08T02:54:14+00:00\",\"description\":\"Descubre la Adidas Marta Ortega Cross It Pro Edt 2025, una pala profesional con carbono aluminizado 24K, Spin Blade y Dynamic Air Flow. Compra online al mejor precio en Revolution Padel Store.\",\"breadcrumb\":{\"@id\":\"https:\\\/\\\/revolutionpadelstore.com\\\/de\\\/produkt\\\/adidas-marta-ortega-cross-it-pro-edt-2025\\\/#breadcrumb\"},\"inLanguage\":\"de\",\"potentialAction\":[{\"@type\":\"ReadAction\",\"target\":[\"https:\\\/\\\/revolutionpadelstore.com\\\/de\\\/produkt\\\/adidas-marta-ortega-cross-it-pro-edt-2025\\\/\"]}]},{\"@type\":\"ImageObject\",\"inLanguage\":\"de\",\"@id\":\"https:\\\/\\\/revolutionpadelstore.com\\\/de\\\/produkt\\\/adidas-marta-ortega-cross-it-pro-edt-2025\\\/#primaryimage\",\"url\":\"https:\\\/\\\/revolutionpadelstore.com\\\/wp-content\\\/uploads\\\/2025\\\/06\\\/FOTO-PALAS-21.png\",\"contentUrl\":\"https:\\\/\\\/revolutionpadelstore.com\\\/wp-content\\\/uploads\\\/2025\\\/06\\\/FOTO-PALAS-21.png\",\"width\":1500,\"height\":1500},{\"@type\":\"BreadcrumbList\",\"@id\":\"https:\\\/\\\/revolutionpadelstore.com\\\/de\\\/produkt\\\/adidas-marta-ortega-cross-it-pro-edt-2025\\\/#breadcrumb\",\"itemListElement\":[{\"@type\":\"ListItem\",\"position\":1,\"name\":\"Portada\",\"item\":\"https:\\\/\\\/revolutionpadelstore.com\\\/de\\\/\"},{\"@type\":\"ListItem\",\"position\":2,\"name\":\"Shop\",\"item\":\"https:\\\/\\\/revolutionpadelstore.com\\\/de\\\/tienda\\\/\"},{\"@type\":\"ListItem\",\"position\":3,\"name\":\"ADIDAS MARTA ORTEGA CROSS IT PRO EDT 2025\"}]},{\"@type\":\"WebSite\",\"@id\":\"https:\\\/\\\/revolutionpadelstore.com\\\/de\\\/#website\",\"url\":\"https:\\\/\\\/revolutionpadelstore.com\\\/de\\\/\",\"name\":\"Revolution Padel Store\",\"description\":\"\",\"publisher\":{\"@id\":\"https:\\\/\\\/revolutionpadelstore.com\\\/de\\\/#organization\"},\"potentialAction\":[{\"@type\":\"SearchAction\",\"target\":{\"@type\":\"EntryPoint\",\"urlTemplate\":\"https:\\\/\\\/revolutionpadelstore.com\\\/de\\\/?s={search_term_string}\"},\"query-input\":{\"@type\":\"PropertyValueSpecification\",\"valueRequired\":true,\"valueName\":\"search_term_string\"}}],\"inLanguage\":\"de\"},{\"@type\":\"Organization\",\"@id\":\"https:\\\/\\\/revolutionpadelstore.com\\\/de\\\/#organization\",\"name\":\"Revolution Padel Store\",\"url\":\"https:\\\/\\\/revolutionpadelstore.com\\\/de\\\/\",\"logo\":{\"@type\":\"ImageObject\",\"inLanguage\":\"de\",\"@id\":\"https:\\\/\\\/revolutionpadelstore.com\\\/de\\\/#\\\/schema\\\/logo\\\/image\\\/\",\"url\":\"https:\\\/\\\/revolutionpadelstore.com\\\/wp-content\\\/uploads\\\/2026\\\/02\\\/revolution-padel-store.jpg\",\"contentUrl\":\"https:\\\/\\\/revolutionpadelstore.com\\\/wp-content\\\/uploads\\\/2026\\\/02\\\/revolution-padel-store.jpg\",\"width\":2000,\"height\":2000,\"caption\":\"Revolution Padel Store\"},\"image\":{\"@id\":\"https:\\\/\\\/revolutionpadelstore.com\\\/de\\\/#\\\/schema\\\/logo\\\/image\\\/\"},\"sameAs\":[\"https:\\\/\\\/www.instagram.com\\\/revolutionpadelstore\\\/\"]}]}<\/script>\n<!-- \/ Yoast SEO plugin. -->","yoast_head_json":{"title":"ADIDAS MARTA ORTEGA CROSS IT PRO EDT 2025 - Revolution Padel Store","description":"Descubre la Adidas Marta Ortega Cross It Pro Edt 2025, una pala profesional con carbono aluminizado 24K, Spin Blade y Dynamic Air Flow. Compra online al mejor precio en Revolution Padel Store.","robots":{"index":"index","follow":"follow","max-snippet":"max-snippet:-1","max-image-preview":"max-image-preview:large","max-video-preview":"max-video-preview:-1"},"canonical":"https:\/\/revolutionpadelstore.com\/de\/produkt\/adidas-marta-ortega-cross-it-pro-edt-2025\/","og_locale":"de_DE","og_type":"article","og_title":"ADIDAS MARTA ORTEGA CROSS IT PRO EDT 2025 - Revolution Padel Store","og_description":"Descubre la Adidas Marta Ortega Cross It Pro Edt 2025, una pala profesional con carbono aluminizado 24K, Spin Blade y Dynamic Air Flow. Compra online al mejor precio en Revolution Padel Store.","og_url":"https:\/\/revolutionpadelstore.com\/de\/produkt\/adidas-marta-ortega-cross-it-pro-edt-2025\/","og_site_name":"Revolution Padel Store","article_modified_time":"2026-04-08T02:54:14+00:00","og_image":[{"width":1500,"height":1500,"url":"https:\/\/revolutionpadelstore.com\/wp-content\/uploads\/2025\/06\/FOTO-PALAS-21.png","type":"image\/png"}],"twitter_card":"summary_large_image","twitter_misc":{"Gesch\u00e4tzte Lesezeit":"3\u00a0Minuten"},"schema":{"@context":"https:\/\/schema.org","@graph":[{"@type":"WebPage","@id":"https:\/\/revolutionpadelstore.com\/de\/produkt\/adidas-marta-ortega-cross-it-pro-edt-2025\/","url":"https:\/\/revolutionpadelstore.com\/de\/produkt\/adidas-marta-ortega-cross-it-pro-edt-2025\/","name":"ADIDAS MARTA ORTEGA CROSS IT PRO EDT 2025 - Revolution Padel Store","isPartOf":{"@id":"https:\/\/revolutionpadelstore.com\/de\/#website"},"primaryImageOfPage":{"@id":"https:\/\/revolutionpadelstore.com\/de\/produkt\/adidas-marta-ortega-cross-it-pro-edt-2025\/#primaryimage"},"image":{"@id":"https:\/\/revolutionpadelstore.com\/de\/produkt\/adidas-marta-ortega-cross-it-pro-edt-2025\/#primaryimage"},"thumbnailUrl":"https:\/\/revolutionpadelstore.com\/wp-content\/uploads\/2025\/06\/FOTO-PALAS-21.png","datePublished":"2025-06-13T14:11:36+00:00","dateModified":"2026-04-08T02:54:14+00:00","description":"Descubre la Adidas Marta Ortega Cross It Pro Edt 2025, una pala profesional con carbono aluminizado 24K, Spin Blade y Dynamic Air Flow. Compra online al mejor precio en Revolution Padel Store.","breadcrumb":{"@id":"https:\/\/revolutionpadelstore.com\/de\/produkt\/adidas-marta-ortega-cross-it-pro-edt-2025\/#breadcrumb"},"inLanguage":"de","potentialAction":[{"@type":"ReadAction","target":["https:\/\/revolutionpadelstore.com\/de\/produkt\/adidas-marta-ortega-cross-it-pro-edt-2025\/"]}]},{"@type":"ImageObject","inLanguage":"de","@id":"https:\/\/revolutionpadelstore.com\/de\/produkt\/adidas-marta-ortega-cross-it-pro-edt-2025\/#primaryimage","url":"https:\/\/revolutionpadelstore.com\/wp-content\/uploads\/2025\/06\/FOTO-PALAS-21.png","contentUrl":"https:\/\/revolutionpadelstore.com\/wp-content\/uploads\/2025\/06\/FOTO-PALAS-21.png","width":1500,"height":1500},{"@type":"BreadcrumbList","@id":"https:\/\/revolutionpadelstore.com\/de\/produkt\/adidas-marta-ortega-cross-it-pro-edt-2025\/#breadcrumb","itemListElement":[{"@type":"ListItem","position":1,"name":"Portada","item":"https:\/\/revolutionpadelstore.com\/de\/"},{"@type":"ListItem","position":2,"name":"Shop","item":"https:\/\/revolutionpadelstore.com\/de\/tienda\/"},{"@type":"ListItem","position":3,"name":"ADIDAS MARTA ORTEGA CROSS IT PRO EDT 2025"}]},{"@type":"WebSite","@id":"https:\/\/revolutionpadelstore.com\/de\/#website","url":"https:\/\/revolutionpadelstore.com\/de\/","name":"Revolution Padel Store","description":"","publisher":{"@id":"https:\/\/revolutionpadelstore.com\/de\/#organization"},"potentialAction":[{"@type":"SearchAction","target":{"@type":"EntryPoint","urlTemplate":"https:\/\/revolutionpadelstore.com\/de\/?s={search_term_string}"},"query-input":{"@type":"PropertyValueSpecification","valueRequired":true,"valueName":"search_term_string"}}],"inLanguage":"de"},{"@type":"Organization","@id":"https:\/\/revolutionpadelstore.com\/de\/#organization","name":"Revolution Padel Store","url":"https:\/\/revolutionpadelstore.com\/de\/","logo":{"@type":"ImageObject","inLanguage":"de","@id":"https:\/\/revolutionpadelstore.com\/de\/#\/schema\/logo\/image\/","url":"https:\/\/revolutionpadelstore.com\/wp-content\/uploads\/2026\/02\/revolution-padel-store.jpg","contentUrl":"https:\/\/revolutionpadelstore.com\/wp-content\/uploads\/2026\/02\/revolution-padel-store.jpg","width":2000,"height":2000,"caption":"Revolution Padel Store"},"image":{"@id":"https:\/\/revolutionpadelstore.com\/de\/#\/schema\/logo\/image\/"},"sameAs":["https:\/\/www.instagram.com\/revolutionpadelstore\/"]}]}},"_links":{"self":[{"href":"https:\/\/revolutionpadelstore.com\/de\/wp-json\/wp\/v2\/product\/263687","targetHints":{"allow":["GET"]}}],"collection":[{"href":"https:\/\/revolutionpadelstore.com\/de\/wp-json\/wp\/v2\/product"}],"about":[{"href":"https:\/\/revolutionpadelstore.com\/de\/wp-json\/wp\/v2\/types\/product"}],"replies":[{"embeddable":true,"href":"https:\/\/revolutionpadelstore.com\/de\/wp-json\/wp\/v2\/comments?post=263687"}],"wp:featuredmedia":[{"embeddable":true,"href":"https:\/\/revolutionpadelstore.com\/de\/wp-json\/wp\/v2\/media\/263747"}],"wp:attachment":[{"href":"https:\/\/revolutionpadelstore.com\/de\/wp-json\/wp\/v2\/media?parent=263687"}],"wp:term":[{"taxonomy":"acabado","embeddable":true,"href":"https:\/\/revolutionpadelstore.com\/de\/wp-json\/wp\/v2\/acabado?post=263687"},{"taxonomy":"balance","embeddable":true,"href":"https:\/\/revolutionpadelstore.com\/de\/wp-json\/wp\/v2\/balance?post=263687"},{"taxonomy":"dureza","embeddable":true,"href":"https:\/\/revolutionpadelstore.com\/de\/wp-json\/wp\/v2\/dureza?post=263687"},{"taxonomy":"forma","embeddable":true,"href":"https:\/\/revolutionpadelstore.com\/de\/wp-json\/wp\/v2\/forma?post=263687"},{"taxonomy":"jugador","embeddable":true,"href":"https:\/\/revolutionpadelstore.com\/de\/wp-json\/wp\/v2\/jugador?post=263687"},{"taxonomy":"marca","embeddable":true,"href":"https:\/\/revolutionpadelstore.com\/de\/wp-json\/wp\/v2\/marca?post=263687"},{"taxonomy":"nivel-de-juego","embeddable":true,"href":"https:\/\/revolutionpadelstore.com\/de\/wp-json\/wp\/v2\/nivel-de-juego?post=263687"},{"taxonomy":"superficie","embeddable":true,"href":"https:\/\/revolutionpadelstore.com\/de\/wp-json\/wp\/v2\/superficie?post=263687"},{"taxonomy":"tipo-de-juego","embeddable":true,"href":"https:\/\/revolutionpadelstore.com\/de\/wp-json\/wp\/v2\/tipo-de-juego?post=263687"},{"taxonomy":"product_brand","embeddable":true,"href":"https:\/\/revolutionpadelstore.com\/de\/wp-json\/wp\/v2\/product_brand?post=263687"},{"taxonomy":"product_cat","embeddable":true,"href":"https:\/\/revolutionpadelstore.com\/de\/wp-json\/wp\/v2\/product_cat?post=263687"},{"taxonomy":"product_tag","embeddable":true,"href":"https:\/\/revolutionpadelstore.com\/de\/wp-json\/wp\/v2\/product_tag?post=263687"}],"curies":[{"name":"wp","href":"https:\/\/api.w.org\/{rel}","templated":true}]}}