{"id":263503,"date":"2025-05-29T10:12:42","date_gmt":"2025-05-29T08:12:42","guid":{"rendered":"https:\/\/revolutionpadelstore.com\/joma-open-men-2527-turquesa\/"},"modified":"2026-04-08T04:54:39","modified_gmt":"2026-04-08T02:54:39","slug":"joma-open-men-2527-turquesa-1","status":"publish","type":"product","link":"https:\/\/revolutionpadelstore.com\/de\/produkt\/joma-open-men-2527-turquesa-1\/","title":{"rendered":"JOMA OPEN MEN 2527 TURQUESA"},"content":{"rendered":"<h2><strong>Joma Open 2527 T\u00fcrkis-Sneaker \u2013 Komfort und Stil, um den Platz zu dominieren<\/strong><\/h2>\n<p>Entdecken Sie die <strong>Joma Open 2527 Turquesa<\/strong>, Padelschuhe f\u00fcr Spieler, die die perfekte Balance zwischen Leistung, Komfort und attraktivem Design suchen. Diese Schuhe kombinieren fortschrittliche Technologien und hochwertige Materialien, um zu jedem Zeitpunkt des Spiels ein erstklassiges Erlebnis zu garantieren.<\/p>\n<h2><strong>Hervorgehobene technische Eigenschaften<\/strong><\/h2>\n<p style=\"padding-left: 40px\"><strong>-Atmungsaktives Mesh-Obermaterial:<\/strong> Sorgt f\u00fcr hervorragende Bel\u00fcftung und h\u00e4lt Ihre F\u00fc\u00dfe w\u00e4hrend des Spiels k\u00fchl.<\/p>\n<p style=\"padding-left: 40px\"><strong>-Strategische synthetische Verst\u00e4rkungen:<\/strong> Sorgen f\u00fcr mehr Haltbarkeit und seitliche Stabilit\u00e4t bei explosiven Bewegungen.<\/p>\n<p style=\"padding-left: 40px\"><strong>-Phylon-Zwischensohle:<\/strong> Bietet effektive D\u00e4mpfung und Sto\u00dfd\u00e4mpfung, ideal zum Schutz Ihrer Gelenke.<\/p>\n<p style=\"padding-left: 40px\"><strong>-DURABILITY Gummisohle:<\/strong> Hohe Abriebfestigkeit, mit einem Muster, das die Traktion und den Grip auf dem Platz verbessert.<\/p>\n<p style=\"padding-left: 40px\"><strong>-FLEXO-Technologie:<\/strong> Erleichtert die nat\u00fcrliche Beugung des Fu\u00dfes und erm\u00f6glicht so schnelle \u00dcberg\u00e4nge und fl\u00fcssigere Bewegungen.<\/p>\n<h2><strong>Kompromissloses Design und Leistung<\/strong><\/h2>\n<p>Mit einer modernen \u00c4sthetik in <strong>T\u00fcrkis<\/strong> stechen die Joma Open 2527 nicht nur optisch hervor, sondern bieten Ihnen auch die Agilit\u00e4t, Unterst\u00fctzung und Stabilit\u00e4t, die Sie f\u00fcr den Wettbewerb auf h\u00f6chstem Niveau ben\u00f6tigen. Seine <strong>leichte Struktur<\/strong> erm\u00f6glicht Ihnen freie Bewegung, w\u00e4hrend die robuste Konstruktion Ihnen die Sicherheit gibt, die Sie Punkt f\u00fcr Punkt ben\u00f6tigen.<\/p>\n<h2><strong>Warum sollten Sie sich f\u00fcr das Joma Open 2527 entscheiden?<\/strong><\/h2>\n<p style=\"padding-left: 40px\"> -Ideal f\u00fcr Spieler, die <strong>bequeme und langlebige Padel-Schuhe<\/strong> suchen.<\/p>\n<p style=\"padding-left: 40px\"> -Perfekt sowohl f\u00fcr <strong>intensives Training<\/strong> als auch f\u00fcr Wettk\u00e4mpfe.<\/p>\n<p style=\"padding-left: 40px\"> \u2013 Vertrauensw\u00fcrdige Marke in der Welt des Paddle-Tennis und anderer Hochleistungssportarten.<\/p>\n<h2><strong>Kaufen Sie jetzt den Joma Open 2502 White T\u00fcrkis zum besten Preis<\/strong><\/h2>\n<p>Holen Sie sich diese exklusiven Schuhe in unserem Online-Shop <strong><a href=\"https:\/\/www.revolutionpadelstore.com\/\">www.revolutionpadelstore.com<\/a><\/strong>, wo wir Ihnen wahrscheinlich den besten Preis auf dem Markt bieten. Verbessern Sie Ihr Spiel mit Ausr\u00fcstung, die den Unterschied macht!<\/p>\n<h2><strong>Zapatillas Joma Open 2527 Turquesa \u2013 Comodidad y Estilo para Dominar la Pista<\/strong><\/p>\n","protected":false},"excerpt":{"rendered":"<p>Entdecken Sie die <strong>Joma Open 2527 Turquesa<\/strong>, Padelschuhe f\u00fcr Spieler, die die perfekte Balance zwischen Leistung, Komfort und attraktivem Design suchen.<strong>Joma Open 2527 Turquesa<\/strong><\/p>\n","protected":false},"featured_media":263462,"comment_status":"open","ping_status":"closed","template":"","meta":{"_acf_changed":false,"_joinchat":[]},"acabado":[],"balance":[],"dureza":[],"forma":[],"jugador":[],"marca":[1224],"nivel-de-juego":[],"superficie":[],"tipo-de-juego":[],"product_brand":[],"product_cat":[398,831],"product_tag":[],"class_list":{"0":"post-263503","1":"product","2":"type-product","3":"status-publish","4":"has-post-thumbnail","6":"marca-joma-de","7":"product_cat-herren-sneaker","8":"product_cat-turnschuhe","10":"first","11":"outofstock","12":"sale","13":"taxable","14":"shipping-taxable","15":"purchasable","16":"product-type-variable"},"acf":[],"yoast_head":"<!-- This site is optimized with the Yoast SEO plugin v27.4 - https:\/\/yoast.com\/product\/yoast-seo-wordpress\/ -->\n<title>JOMA OPEN MEN 2527 TURQUESA - Revolution Padel Store<\/title>\n<meta name=\"description\" content=\"Compra las zapatillas de p\u00e1del Joma Open 2527 Turquesa en Revolution Padel Store. Comodidad, estabilidad y dise\u00f1o moderno para rendir al m\u00e1ximo. \u00a1Env\u00edo r\u00e1pido y el mejor precio garantizado!\" \/>\n<meta name=\"robots\" content=\"index, follow, max-snippet:-1, max-image-preview:large, max-video-preview:-1\" \/>\n<link rel=\"canonical\" href=\"https:\/\/revolutionpadelstore.com\/de\/produkt\/joma-open-men-2527-turquesa-1\/\" \/>\n<meta property=\"og:locale\" content=\"de_DE\" \/>\n<meta property=\"og:type\" content=\"article\" \/>\n<meta property=\"og:title\" content=\"JOMA OPEN MEN 2527 TURQUESA - Revolution Padel Store\" \/>\n<meta property=\"og:description\" content=\"Compra las zapatillas de p\u00e1del Joma Open 2527 Turquesa en Revolution Padel Store. Comodidad, estabilidad y dise\u00f1o moderno para rendir al m\u00e1ximo. \u00a1Env\u00edo r\u00e1pido y el mejor precio garantizado!\" \/>\n<meta property=\"og:url\" content=\"https:\/\/revolutionpadelstore.com\/de\/produkt\/joma-open-men-2527-turquesa-1\/\" \/>\n<meta property=\"og:site_name\" content=\"Revolution Padel Store\" \/>\n<meta property=\"article:modified_time\" content=\"2026-04-08T02:54:39+00:00\" \/>\n<meta property=\"og:image\" content=\"https:\/\/revolutionpadelstore.com\/wp-content\/uploads\/2025\/05\/266.png\" \/>\n\t<meta property=\"og:image:width\" content=\"1500\" \/>\n\t<meta property=\"og:image:height\" content=\"1500\" \/>\n\t<meta property=\"og:image:type\" content=\"image\/png\" \/>\n<meta name=\"twitter:card\" content=\"summary_large_image\" \/>\n<meta name=\"twitter:label1\" content=\"Gesch\u00e4tzte Lesezeit\" \/>\n\t<meta name=\"twitter:data1\" content=\"2\u00a0Minuten\" \/>\n<script type=\"application\/ld+json\" class=\"yoast-schema-graph\">{\"@context\":\"https:\\\/\\\/schema.org\",\"@graph\":[{\"@type\":\"WebPage\",\"@id\":\"https:\\\/\\\/revolutionpadelstore.com\\\/de\\\/produkt\\\/joma-open-men-2527-turquesa-1\\\/\",\"url\":\"https:\\\/\\\/revolutionpadelstore.com\\\/de\\\/produkt\\\/joma-open-men-2527-turquesa-1\\\/\",\"name\":\"JOMA OPEN MEN 2527 TURQUESA - Revolution Padel Store\",\"isPartOf\":{\"@id\":\"https:\\\/\\\/revolutionpadelstore.com\\\/de\\\/#website\"},\"primaryImageOfPage\":{\"@id\":\"https:\\\/\\\/revolutionpadelstore.com\\\/de\\\/produkt\\\/joma-open-men-2527-turquesa-1\\\/#primaryimage\"},\"image\":{\"@id\":\"https:\\\/\\\/revolutionpadelstore.com\\\/de\\\/produkt\\\/joma-open-men-2527-turquesa-1\\\/#primaryimage\"},\"thumbnailUrl\":\"https:\\\/\\\/revolutionpadelstore.com\\\/wp-content\\\/uploads\\\/2025\\\/05\\\/266.png\",\"datePublished\":\"2025-05-29T08:12:42+00:00\",\"dateModified\":\"2026-04-08T02:54:39+00:00\",\"description\":\"Compra las zapatillas de p\u00e1del Joma Open 2527 Turquesa en Revolution Padel Store. Comodidad, estabilidad y dise\u00f1o moderno para rendir al m\u00e1ximo. \u00a1Env\u00edo r\u00e1pido y el mejor precio garantizado!\",\"breadcrumb\":{\"@id\":\"https:\\\/\\\/revolutionpadelstore.com\\\/de\\\/produkt\\\/joma-open-men-2527-turquesa-1\\\/#breadcrumb\"},\"inLanguage\":\"de\",\"potentialAction\":[{\"@type\":\"ReadAction\",\"target\":[\"https:\\\/\\\/revolutionpadelstore.com\\\/de\\\/produkt\\\/joma-open-men-2527-turquesa-1\\\/\"]}]},{\"@type\":\"ImageObject\",\"inLanguage\":\"de\",\"@id\":\"https:\\\/\\\/revolutionpadelstore.com\\\/de\\\/produkt\\\/joma-open-men-2527-turquesa-1\\\/#primaryimage\",\"url\":\"https:\\\/\\\/revolutionpadelstore.com\\\/wp-content\\\/uploads\\\/2025\\\/05\\\/266.png\",\"contentUrl\":\"https:\\\/\\\/revolutionpadelstore.com\\\/wp-content\\\/uploads\\\/2025\\\/05\\\/266.png\",\"width\":1500,\"height\":1500},{\"@type\":\"BreadcrumbList\",\"@id\":\"https:\\\/\\\/revolutionpadelstore.com\\\/de\\\/produkt\\\/joma-open-men-2527-turquesa-1\\\/#breadcrumb\",\"itemListElement\":[{\"@type\":\"ListItem\",\"position\":1,\"name\":\"Portada\",\"item\":\"https:\\\/\\\/revolutionpadelstore.com\\\/de\\\/\"},{\"@type\":\"ListItem\",\"position\":2,\"name\":\"Shop\",\"item\":\"https:\\\/\\\/revolutionpadelstore.com\\\/de\\\/tienda\\\/\"},{\"@type\":\"ListItem\",\"position\":3,\"name\":\"JOMA OPEN MEN 2527 TURQUESA\"}]},{\"@type\":\"WebSite\",\"@id\":\"https:\\\/\\\/revolutionpadelstore.com\\\/de\\\/#website\",\"url\":\"https:\\\/\\\/revolutionpadelstore.com\\\/de\\\/\",\"name\":\"Revolution Padel Store\",\"description\":\"\",\"publisher\":{\"@id\":\"https:\\\/\\\/revolutionpadelstore.com\\\/de\\\/#organization\"},\"potentialAction\":[{\"@type\":\"SearchAction\",\"target\":{\"@type\":\"EntryPoint\",\"urlTemplate\":\"https:\\\/\\\/revolutionpadelstore.com\\\/de\\\/?s={search_term_string}\"},\"query-input\":{\"@type\":\"PropertyValueSpecification\",\"valueRequired\":true,\"valueName\":\"search_term_string\"}}],\"inLanguage\":\"de\"},{\"@type\":\"Organization\",\"@id\":\"https:\\\/\\\/revolutionpadelstore.com\\\/de\\\/#organization\",\"name\":\"Revolution Padel Store\",\"url\":\"https:\\\/\\\/revolutionpadelstore.com\\\/de\\\/\",\"logo\":{\"@type\":\"ImageObject\",\"inLanguage\":\"de\",\"@id\":\"https:\\\/\\\/revolutionpadelstore.com\\\/de\\\/#\\\/schema\\\/logo\\\/image\\\/\",\"url\":\"https:\\\/\\\/revolutionpadelstore.com\\\/wp-content\\\/uploads\\\/2026\\\/02\\\/revolution-padel-store.jpg\",\"contentUrl\":\"https:\\\/\\\/revolutionpadelstore.com\\\/wp-content\\\/uploads\\\/2026\\\/02\\\/revolution-padel-store.jpg\",\"width\":2000,\"height\":2000,\"caption\":\"Revolution Padel Store\"},\"image\":{\"@id\":\"https:\\\/\\\/revolutionpadelstore.com\\\/de\\\/#\\\/schema\\\/logo\\\/image\\\/\"},\"sameAs\":[\"https:\\\/\\\/www.instagram.com\\\/revolutionpadelstore\\\/\"]}]}<\/script>\n<!-- \/ Yoast SEO plugin. -->","yoast_head_json":{"title":"JOMA OPEN MEN 2527 TURQUESA - Revolution Padel Store","description":"Compra las zapatillas de p\u00e1del Joma Open 2527 Turquesa en Revolution Padel Store. Comodidad, estabilidad y dise\u00f1o moderno para rendir al m\u00e1ximo. \u00a1Env\u00edo r\u00e1pido y el mejor precio garantizado!","robots":{"index":"index","follow":"follow","max-snippet":"max-snippet:-1","max-image-preview":"max-image-preview:large","max-video-preview":"max-video-preview:-1"},"canonical":"https:\/\/revolutionpadelstore.com\/de\/produkt\/joma-open-men-2527-turquesa-1\/","og_locale":"de_DE","og_type":"article","og_title":"JOMA OPEN MEN 2527 TURQUESA - Revolution Padel Store","og_description":"Compra las zapatillas de p\u00e1del Joma Open 2527 Turquesa en Revolution Padel Store. Comodidad, estabilidad y dise\u00f1o moderno para rendir al m\u00e1ximo. \u00a1Env\u00edo r\u00e1pido y el mejor precio garantizado!","og_url":"https:\/\/revolutionpadelstore.com\/de\/produkt\/joma-open-men-2527-turquesa-1\/","og_site_name":"Revolution Padel Store","article_modified_time":"2026-04-08T02:54:39+00:00","og_image":[{"width":1500,"height":1500,"url":"https:\/\/revolutionpadelstore.com\/wp-content\/uploads\/2025\/05\/266.png","type":"image\/png"}],"twitter_card":"summary_large_image","twitter_misc":{"Gesch\u00e4tzte Lesezeit":"2\u00a0Minuten"},"schema":{"@context":"https:\/\/schema.org","@graph":[{"@type":"WebPage","@id":"https:\/\/revolutionpadelstore.com\/de\/produkt\/joma-open-men-2527-turquesa-1\/","url":"https:\/\/revolutionpadelstore.com\/de\/produkt\/joma-open-men-2527-turquesa-1\/","name":"JOMA OPEN MEN 2527 TURQUESA - Revolution Padel Store","isPartOf":{"@id":"https:\/\/revolutionpadelstore.com\/de\/#website"},"primaryImageOfPage":{"@id":"https:\/\/revolutionpadelstore.com\/de\/produkt\/joma-open-men-2527-turquesa-1\/#primaryimage"},"image":{"@id":"https:\/\/revolutionpadelstore.com\/de\/produkt\/joma-open-men-2527-turquesa-1\/#primaryimage"},"thumbnailUrl":"https:\/\/revolutionpadelstore.com\/wp-content\/uploads\/2025\/05\/266.png","datePublished":"2025-05-29T08:12:42+00:00","dateModified":"2026-04-08T02:54:39+00:00","description":"Compra las zapatillas de p\u00e1del Joma Open 2527 Turquesa en Revolution Padel Store. Comodidad, estabilidad y dise\u00f1o moderno para rendir al m\u00e1ximo. \u00a1Env\u00edo r\u00e1pido y el mejor precio garantizado!","breadcrumb":{"@id":"https:\/\/revolutionpadelstore.com\/de\/produkt\/joma-open-men-2527-turquesa-1\/#breadcrumb"},"inLanguage":"de","potentialAction":[{"@type":"ReadAction","target":["https:\/\/revolutionpadelstore.com\/de\/produkt\/joma-open-men-2527-turquesa-1\/"]}]},{"@type":"ImageObject","inLanguage":"de","@id":"https:\/\/revolutionpadelstore.com\/de\/produkt\/joma-open-men-2527-turquesa-1\/#primaryimage","url":"https:\/\/revolutionpadelstore.com\/wp-content\/uploads\/2025\/05\/266.png","contentUrl":"https:\/\/revolutionpadelstore.com\/wp-content\/uploads\/2025\/05\/266.png","width":1500,"height":1500},{"@type":"BreadcrumbList","@id":"https:\/\/revolutionpadelstore.com\/de\/produkt\/joma-open-men-2527-turquesa-1\/#breadcrumb","itemListElement":[{"@type":"ListItem","position":1,"name":"Portada","item":"https:\/\/revolutionpadelstore.com\/de\/"},{"@type":"ListItem","position":2,"name":"Shop","item":"https:\/\/revolutionpadelstore.com\/de\/tienda\/"},{"@type":"ListItem","position":3,"name":"JOMA OPEN MEN 2527 TURQUESA"}]},{"@type":"WebSite","@id":"https:\/\/revolutionpadelstore.com\/de\/#website","url":"https:\/\/revolutionpadelstore.com\/de\/","name":"Revolution Padel Store","description":"","publisher":{"@id":"https:\/\/revolutionpadelstore.com\/de\/#organization"},"potentialAction":[{"@type":"SearchAction","target":{"@type":"EntryPoint","urlTemplate":"https:\/\/revolutionpadelstore.com\/de\/?s={search_term_string}"},"query-input":{"@type":"PropertyValueSpecification","valueRequired":true,"valueName":"search_term_string"}}],"inLanguage":"de"},{"@type":"Organization","@id":"https:\/\/revolutionpadelstore.com\/de\/#organization","name":"Revolution Padel Store","url":"https:\/\/revolutionpadelstore.com\/de\/","logo":{"@type":"ImageObject","inLanguage":"de","@id":"https:\/\/revolutionpadelstore.com\/de\/#\/schema\/logo\/image\/","url":"https:\/\/revolutionpadelstore.com\/wp-content\/uploads\/2026\/02\/revolution-padel-store.jpg","contentUrl":"https:\/\/revolutionpadelstore.com\/wp-content\/uploads\/2026\/02\/revolution-padel-store.jpg","width":2000,"height":2000,"caption":"Revolution Padel Store"},"image":{"@id":"https:\/\/revolutionpadelstore.com\/de\/#\/schema\/logo\/image\/"},"sameAs":["https:\/\/www.instagram.com\/revolutionpadelstore\/"]}]}},"_links":{"self":[{"href":"https:\/\/revolutionpadelstore.com\/de\/wp-json\/wp\/v2\/product\/263503","targetHints":{"allow":["GET"]}}],"collection":[{"href":"https:\/\/revolutionpadelstore.com\/de\/wp-json\/wp\/v2\/product"}],"about":[{"href":"https:\/\/revolutionpadelstore.com\/de\/wp-json\/wp\/v2\/types\/product"}],"replies":[{"embeddable":true,"href":"https:\/\/revolutionpadelstore.com\/de\/wp-json\/wp\/v2\/comments?post=263503"}],"wp:featuredmedia":[{"embeddable":true,"href":"https:\/\/revolutionpadelstore.com\/de\/wp-json\/wp\/v2\/media\/263462"}],"wp:attachment":[{"href":"https:\/\/revolutionpadelstore.com\/de\/wp-json\/wp\/v2\/media?parent=263503"}],"wp:term":[{"taxonomy":"acabado","embeddable":true,"href":"https:\/\/revolutionpadelstore.com\/de\/wp-json\/wp\/v2\/acabado?post=263503"},{"taxonomy":"balance","embeddable":true,"href":"https:\/\/revolutionpadelstore.com\/de\/wp-json\/wp\/v2\/balance?post=263503"},{"taxonomy":"dureza","embeddable":true,"href":"https:\/\/revolutionpadelstore.com\/de\/wp-json\/wp\/v2\/dureza?post=263503"},{"taxonomy":"forma","embeddable":true,"href":"https:\/\/revolutionpadelstore.com\/de\/wp-json\/wp\/v2\/forma?post=263503"},{"taxonomy":"jugador","embeddable":true,"href":"https:\/\/revolutionpadelstore.com\/de\/wp-json\/wp\/v2\/jugador?post=263503"},{"taxonomy":"marca","embeddable":true,"href":"https:\/\/revolutionpadelstore.com\/de\/wp-json\/wp\/v2\/marca?post=263503"},{"taxonomy":"nivel-de-juego","embeddable":true,"href":"https:\/\/revolutionpadelstore.com\/de\/wp-json\/wp\/v2\/nivel-de-juego?post=263503"},{"taxonomy":"superficie","embeddable":true,"href":"https:\/\/revolutionpadelstore.com\/de\/wp-json\/wp\/v2\/superficie?post=263503"},{"taxonomy":"tipo-de-juego","embeddable":true,"href":"https:\/\/revolutionpadelstore.com\/de\/wp-json\/wp\/v2\/tipo-de-juego?post=263503"},{"taxonomy":"product_brand","embeddable":true,"href":"https:\/\/revolutionpadelstore.com\/de\/wp-json\/wp\/v2\/product_brand?post=263503"},{"taxonomy":"product_cat","embeddable":true,"href":"https:\/\/revolutionpadelstore.com\/de\/wp-json\/wp\/v2\/product_cat?post=263503"},{"taxonomy":"product_tag","embeddable":true,"href":"https:\/\/revolutionpadelstore.com\/de\/wp-json\/wp\/v2\/product_tag?post=263503"}],"curies":[{"name":"wp","href":"https:\/\/api.w.org\/{rel}","templated":true}]}}