{"id":263399,"date":"2025-05-28T20:53:32","date_gmt":"2025-05-28T18:53:32","guid":{"rendered":"https:\/\/revolutionpadelstore.com\/?post_type=product&#038;p=263399"},"modified":"2026-04-15T02:02:50","modified_gmt":"2026-04-15T00:02:50","slug":"joma-spin-men-2512-granate-1","status":"publish","type":"product","link":"https:\/\/revolutionpadelstore.com\/de\/produkt\/joma-spin-men-2512-granate-1\/","title":{"rendered":"JOMA SPIN MEN 2512 GRANATE"},"content":{"rendered":"<h2><strong>High-End-Paddelschuhe \u2013 Maximale Leistung und Haltbarkeit<\/strong><\/h2>\n<p>Diese Padel-Schuhe wurden f\u00fcr professionelle Spieler entwickelt, die maximale Leistung auf dem Platz suchen. Sie vereinen Stabilit\u00e4t, Schutz und Haltbarkeit. Sie werden von Spitzenspielern wie Juani Mieres und Alba Gal\u00e1n empfohlen und sind die perfekte Wahl f\u00fcr alle, die in jedem Spiel Qualit\u00e4t und Komfort fordern.<\/p>\n<h2><strong>Empfohlene Funktionen<\/strong><\/h2>\n<p>-Atmungsaktives Obermaterial: Technisches Mesh mit VTS-Technologie, das die Bel\u00fcftung optimiert und die F\u00fc\u00dfe k\u00fchl h\u00e4lt.<br \/>\n-Perfekte Passform: JOMA SPORTECH Hei\u00dfsiegelsystem, das leichten und pr\u00e4zisen Halt bietet.<br \/>\n-Extra-Verst\u00e4rkung: PROTECTION-Technologie, die empfindliche Bereiche f\u00fcr eine l\u00e4ngere Haltbarkeit verst\u00e4rkt.<br \/>\n-Maximale Stabilit\u00e4t: Flexible Phylon-Zwischensohle mit doppeltem STABILIS, wodurch das Verletzungsrisiko verringert wird.<br \/>\n-Hochleistungssohle: DURABILITY-Gummi mit Omni-Design und kleinen kreisf\u00f6rmigen Stollen, die das Gleiten und die Traktion erleichtern.<\/p>\n<h2><strong>Innovative Technologien<\/strong><\/h2>\n<p>-HALTBARKEIT: Hochbest\u00e4ndiges Gummi, das den Verschlei\u00df verz\u00f6gert und die Lebensdauer der Sohle verl\u00e4ngert.<br \/>\n-SPORTTECH: Nahtlos eingespritztes Material, das Leichtigkeit, Flexibilit\u00e4t und Passform verbessert.<br \/>\n-SCHUTZ: Zus\u00e4tzliche Verst\u00e4rkung im Zehenbereich f\u00fcr h\u00f6here Abriebfestigkeit.<br \/>\n-STABILIS: TPU-Teil in der Sohle, das unangemessenes Verdrehen verhindert und die Stabilit\u00e4t verbessert.<br \/>\n-VTS: Bel\u00fcftungssystem, das die Temperatur reguliert und die Schwei\u00dfbildung f\u00f6rdert.<\/p>\n<h2><strong>Technische Details<\/strong><\/h2>\n<p>-Schnitt: Nylon, Micro-PU und TPU.<\/p>\n<p>-Verschluss: Schn\u00fcrsenkel mit PERFECT FIT-Einstellung.<\/p>\n<p>-Zwischensohle: Phylon mit STABILIS.<\/p>\n<p>-Sohle: DURABILITY-Gummi.<\/p>\n<p>-Zunge: F\u00fcr eine bessere Passform an den Schnitt gen\u00e4ht.<\/p>\n<p>-Geeignet f\u00fcr: Spieler mit mittlerem bis hohem Gewicht.<\/p>\n<p>-Verwendung: Training und Wettkampf.<\/p>\n<p>-Farbe: Kastanienbraun.<\/p>\n<p>-Geschlecht: M\u00e4nnlich.<\/p>\n<p>-Referenz: TSPINW2512OM<\/p>\n<h2><strong>Jetzt zum besten Preis kaufen<\/strong><\/h2>\n<p>Wenn Sie auf der Suche nach professionellen Padelschuhen mit dem besten Preis-Leistungs-Verh\u00e4ltnis sind, ist dieses Modell genau das Richtige f\u00fcr Sie. Erh\u00e4ltlich in unserem Online-Shop <strong><a href=\"https:\/\/www.revolutionpadelstore.com\/\">Revolution Padel Store<\/a><\/strong>, wahrscheinlich <strong>zum besten Preis auf dem Markt<\/strong>.<\/p>\n<p><strong>Warten Sie nicht l\u00e4nger und statten Sie sich mit den besten Padel-Schuhen aus!<\/strong><\/p>\n","protected":false},"excerpt":{"rendered":"<p>Diese Paddler denken an Spieler mit hoher Ebene, die die beste Leistung auf dem Platz suchen, und bieten Stabilit\u00e4t, Widerstand und Schutz. Unterst\u00fctzt von herausragenden Figuren wie Juani Mieres und Alba Gal\u00e1n, sind die ideale Option f\u00fcr diejenigen, die in jedem Spiel Qualit\u00e4t und Komfort priorisieren.<\/p>\n","protected":false},"featured_media":263423,"comment_status":"open","ping_status":"closed","template":"","meta":{"_acf_changed":false,"_joinchat":[]},"acabado":[],"balance":[],"dureza":[],"forma":[],"jugador":[],"marca":[1224],"nivel-de-juego":[],"superficie":[],"tipo-de-juego":[],"product_brand":[],"product_cat":[398,831],"product_tag":[],"class_list":{"0":"post-263399","1":"product","2":"type-product","3":"status-publish","4":"has-post-thumbnail","6":"marca-joma-de","7":"product_cat-herren-sneaker","8":"product_cat-turnschuhe","10":"first","11":"outofstock","12":"sale","13":"taxable","14":"shipping-taxable","15":"purchasable","16":"product-type-variable"},"acf":[],"yoast_head":"<!-- This site is optimized with the Yoast SEO plugin v27.4 - https:\/\/yoast.com\/product\/yoast-seo-wordpress\/ -->\n<title>JOMA SPIN MEN 2512 GRANATE - Revolution Padel Store<\/title>\n<meta name=\"description\" content=\"Si buscas unas\u00a0zapatillas de p\u00e1del profesionales\u00a0con la mejor relaci\u00f3n calidad-precio, este modelo es para ti. Disponible en nuestra tienda online\u00a0Revolution Padel Store, probablemente\u00a0al mejor precio del mercado.\" \/>\n<meta name=\"robots\" content=\"index, follow, max-snippet:-1, max-image-preview:large, max-video-preview:-1\" \/>\n<link rel=\"canonical\" href=\"https:\/\/revolutionpadelstore.com\/de\/produkt\/joma-spin-men-2512-granate-1\/\" \/>\n<meta property=\"og:locale\" content=\"de_DE\" \/>\n<meta property=\"og:type\" content=\"article\" \/>\n<meta property=\"og:title\" content=\"JOMA SPIN MEN 2512 GRANATE - Revolution Padel Store\" \/>\n<meta property=\"og:description\" content=\"Si buscas unas\u00a0zapatillas de p\u00e1del profesionales\u00a0con la mejor relaci\u00f3n calidad-precio, este modelo es para ti. Disponible en nuestra tienda online\u00a0Revolution Padel Store, probablemente\u00a0al mejor precio del mercado.\" \/>\n<meta property=\"og:url\" content=\"https:\/\/revolutionpadelstore.com\/de\/produkt\/joma-spin-men-2512-granate-1\/\" \/>\n<meta property=\"og:site_name\" content=\"Revolution Padel Store\" \/>\n<meta property=\"article:modified_time\" content=\"2026-04-15T00:02:50+00:00\" \/>\n<meta property=\"og:image\" content=\"https:\/\/revolutionpadelstore.com\/wp-content\/uploads\/2025\/05\/261.png\" \/>\n\t<meta property=\"og:image:width\" content=\"1500\" \/>\n\t<meta property=\"og:image:height\" content=\"1500\" \/>\n\t<meta property=\"og:image:type\" content=\"image\/png\" \/>\n<meta name=\"twitter:card\" content=\"summary_large_image\" \/>\n<meta name=\"twitter:label1\" content=\"Gesch\u00e4tzte Lesezeit\" \/>\n\t<meta name=\"twitter:data1\" content=\"2\u00a0Minuten\" \/>\n<script type=\"application\/ld+json\" class=\"yoast-schema-graph\">{\"@context\":\"https:\\\/\\\/schema.org\",\"@graph\":[{\"@type\":\"WebPage\",\"@id\":\"https:\\\/\\\/revolutionpadelstore.com\\\/de\\\/produkt\\\/joma-spin-men-2512-granate-1\\\/\",\"url\":\"https:\\\/\\\/revolutionpadelstore.com\\\/de\\\/produkt\\\/joma-spin-men-2512-granate-1\\\/\",\"name\":\"JOMA SPIN MEN 2512 GRANATE - Revolution Padel Store\",\"isPartOf\":{\"@id\":\"https:\\\/\\\/revolutionpadelstore.com\\\/de\\\/#website\"},\"primaryImageOfPage\":{\"@id\":\"https:\\\/\\\/revolutionpadelstore.com\\\/de\\\/produkt\\\/joma-spin-men-2512-granate-1\\\/#primaryimage\"},\"image\":{\"@id\":\"https:\\\/\\\/revolutionpadelstore.com\\\/de\\\/produkt\\\/joma-spin-men-2512-granate-1\\\/#primaryimage\"},\"thumbnailUrl\":\"https:\\\/\\\/revolutionpadelstore.com\\\/wp-content\\\/uploads\\\/2025\\\/05\\\/261.png\",\"datePublished\":\"2025-05-28T18:53:32+00:00\",\"dateModified\":\"2026-04-15T00:02:50+00:00\",\"description\":\"Si buscas unas\u00a0zapatillas de p\u00e1del profesionales\u00a0con la mejor relaci\u00f3n calidad-precio, este modelo es para ti. Disponible en nuestra tienda online\u00a0Revolution Padel Store, probablemente\u00a0al mejor precio del mercado.\",\"breadcrumb\":{\"@id\":\"https:\\\/\\\/revolutionpadelstore.com\\\/de\\\/produkt\\\/joma-spin-men-2512-granate-1\\\/#breadcrumb\"},\"inLanguage\":\"de\",\"potentialAction\":[{\"@type\":\"ReadAction\",\"target\":[\"https:\\\/\\\/revolutionpadelstore.com\\\/de\\\/produkt\\\/joma-spin-men-2512-granate-1\\\/\"]}]},{\"@type\":\"ImageObject\",\"inLanguage\":\"de\",\"@id\":\"https:\\\/\\\/revolutionpadelstore.com\\\/de\\\/produkt\\\/joma-spin-men-2512-granate-1\\\/#primaryimage\",\"url\":\"https:\\\/\\\/revolutionpadelstore.com\\\/wp-content\\\/uploads\\\/2025\\\/05\\\/261.png\",\"contentUrl\":\"https:\\\/\\\/revolutionpadelstore.com\\\/wp-content\\\/uploads\\\/2025\\\/05\\\/261.png\",\"width\":1500,\"height\":1500},{\"@type\":\"BreadcrumbList\",\"@id\":\"https:\\\/\\\/revolutionpadelstore.com\\\/de\\\/produkt\\\/joma-spin-men-2512-granate-1\\\/#breadcrumb\",\"itemListElement\":[{\"@type\":\"ListItem\",\"position\":1,\"name\":\"Portada\",\"item\":\"https:\\\/\\\/revolutionpadelstore.com\\\/de\\\/\"},{\"@type\":\"ListItem\",\"position\":2,\"name\":\"Shop\",\"item\":\"https:\\\/\\\/revolutionpadelstore.com\\\/de\\\/tienda\\\/\"},{\"@type\":\"ListItem\",\"position\":3,\"name\":\"JOMA SPIN MEN 2512 GRANATE\"}]},{\"@type\":\"WebSite\",\"@id\":\"https:\\\/\\\/revolutionpadelstore.com\\\/de\\\/#website\",\"url\":\"https:\\\/\\\/revolutionpadelstore.com\\\/de\\\/\",\"name\":\"Revolution Padel Store\",\"description\":\"\",\"publisher\":{\"@id\":\"https:\\\/\\\/revolutionpadelstore.com\\\/de\\\/#organization\"},\"potentialAction\":[{\"@type\":\"SearchAction\",\"target\":{\"@type\":\"EntryPoint\",\"urlTemplate\":\"https:\\\/\\\/revolutionpadelstore.com\\\/de\\\/?s={search_term_string}\"},\"query-input\":{\"@type\":\"PropertyValueSpecification\",\"valueRequired\":true,\"valueName\":\"search_term_string\"}}],\"inLanguage\":\"de\"},{\"@type\":\"Organization\",\"@id\":\"https:\\\/\\\/revolutionpadelstore.com\\\/de\\\/#organization\",\"name\":\"Revolution Padel Store\",\"url\":\"https:\\\/\\\/revolutionpadelstore.com\\\/de\\\/\",\"logo\":{\"@type\":\"ImageObject\",\"inLanguage\":\"de\",\"@id\":\"https:\\\/\\\/revolutionpadelstore.com\\\/de\\\/#\\\/schema\\\/logo\\\/image\\\/\",\"url\":\"https:\\\/\\\/revolutionpadelstore.com\\\/wp-content\\\/uploads\\\/2026\\\/02\\\/revolution-padel-store.jpg\",\"contentUrl\":\"https:\\\/\\\/revolutionpadelstore.com\\\/wp-content\\\/uploads\\\/2026\\\/02\\\/revolution-padel-store.jpg\",\"width\":2000,\"height\":2000,\"caption\":\"Revolution Padel Store\"},\"image\":{\"@id\":\"https:\\\/\\\/revolutionpadelstore.com\\\/de\\\/#\\\/schema\\\/logo\\\/image\\\/\"},\"sameAs\":[\"https:\\\/\\\/www.instagram.com\\\/revolutionpadelstore\\\/\"]}]}<\/script>\n<!-- \/ Yoast SEO plugin. -->","yoast_head_json":{"title":"JOMA SPIN MEN 2512 GRANATE - Revolution Padel Store","description":"Si buscas unas\u00a0zapatillas de p\u00e1del profesionales\u00a0con la mejor relaci\u00f3n calidad-precio, este modelo es para ti. Disponible en nuestra tienda online\u00a0Revolution Padel Store, probablemente\u00a0al mejor precio del mercado.","robots":{"index":"index","follow":"follow","max-snippet":"max-snippet:-1","max-image-preview":"max-image-preview:large","max-video-preview":"max-video-preview:-1"},"canonical":"https:\/\/revolutionpadelstore.com\/de\/produkt\/joma-spin-men-2512-granate-1\/","og_locale":"de_DE","og_type":"article","og_title":"JOMA SPIN MEN 2512 GRANATE - Revolution Padel Store","og_description":"Si buscas unas\u00a0zapatillas de p\u00e1del profesionales\u00a0con la mejor relaci\u00f3n calidad-precio, este modelo es para ti. Disponible en nuestra tienda online\u00a0Revolution Padel Store, probablemente\u00a0al mejor precio del mercado.","og_url":"https:\/\/revolutionpadelstore.com\/de\/produkt\/joma-spin-men-2512-granate-1\/","og_site_name":"Revolution Padel Store","article_modified_time":"2026-04-15T00:02:50+00:00","og_image":[{"width":1500,"height":1500,"url":"https:\/\/revolutionpadelstore.com\/wp-content\/uploads\/2025\/05\/261.png","type":"image\/png"}],"twitter_card":"summary_large_image","twitter_misc":{"Gesch\u00e4tzte Lesezeit":"2\u00a0Minuten"},"schema":{"@context":"https:\/\/schema.org","@graph":[{"@type":"WebPage","@id":"https:\/\/revolutionpadelstore.com\/de\/produkt\/joma-spin-men-2512-granate-1\/","url":"https:\/\/revolutionpadelstore.com\/de\/produkt\/joma-spin-men-2512-granate-1\/","name":"JOMA SPIN MEN 2512 GRANATE - Revolution Padel Store","isPartOf":{"@id":"https:\/\/revolutionpadelstore.com\/de\/#website"},"primaryImageOfPage":{"@id":"https:\/\/revolutionpadelstore.com\/de\/produkt\/joma-spin-men-2512-granate-1\/#primaryimage"},"image":{"@id":"https:\/\/revolutionpadelstore.com\/de\/produkt\/joma-spin-men-2512-granate-1\/#primaryimage"},"thumbnailUrl":"https:\/\/revolutionpadelstore.com\/wp-content\/uploads\/2025\/05\/261.png","datePublished":"2025-05-28T18:53:32+00:00","dateModified":"2026-04-15T00:02:50+00:00","description":"Si buscas unas\u00a0zapatillas de p\u00e1del profesionales\u00a0con la mejor relaci\u00f3n calidad-precio, este modelo es para ti. Disponible en nuestra tienda online\u00a0Revolution Padel Store, probablemente\u00a0al mejor precio del mercado.","breadcrumb":{"@id":"https:\/\/revolutionpadelstore.com\/de\/produkt\/joma-spin-men-2512-granate-1\/#breadcrumb"},"inLanguage":"de","potentialAction":[{"@type":"ReadAction","target":["https:\/\/revolutionpadelstore.com\/de\/produkt\/joma-spin-men-2512-granate-1\/"]}]},{"@type":"ImageObject","inLanguage":"de","@id":"https:\/\/revolutionpadelstore.com\/de\/produkt\/joma-spin-men-2512-granate-1\/#primaryimage","url":"https:\/\/revolutionpadelstore.com\/wp-content\/uploads\/2025\/05\/261.png","contentUrl":"https:\/\/revolutionpadelstore.com\/wp-content\/uploads\/2025\/05\/261.png","width":1500,"height":1500},{"@type":"BreadcrumbList","@id":"https:\/\/revolutionpadelstore.com\/de\/produkt\/joma-spin-men-2512-granate-1\/#breadcrumb","itemListElement":[{"@type":"ListItem","position":1,"name":"Portada","item":"https:\/\/revolutionpadelstore.com\/de\/"},{"@type":"ListItem","position":2,"name":"Shop","item":"https:\/\/revolutionpadelstore.com\/de\/tienda\/"},{"@type":"ListItem","position":3,"name":"JOMA SPIN MEN 2512 GRANATE"}]},{"@type":"WebSite","@id":"https:\/\/revolutionpadelstore.com\/de\/#website","url":"https:\/\/revolutionpadelstore.com\/de\/","name":"Revolution Padel Store","description":"","publisher":{"@id":"https:\/\/revolutionpadelstore.com\/de\/#organization"},"potentialAction":[{"@type":"SearchAction","target":{"@type":"EntryPoint","urlTemplate":"https:\/\/revolutionpadelstore.com\/de\/?s={search_term_string}"},"query-input":{"@type":"PropertyValueSpecification","valueRequired":true,"valueName":"search_term_string"}}],"inLanguage":"de"},{"@type":"Organization","@id":"https:\/\/revolutionpadelstore.com\/de\/#organization","name":"Revolution Padel Store","url":"https:\/\/revolutionpadelstore.com\/de\/","logo":{"@type":"ImageObject","inLanguage":"de","@id":"https:\/\/revolutionpadelstore.com\/de\/#\/schema\/logo\/image\/","url":"https:\/\/revolutionpadelstore.com\/wp-content\/uploads\/2026\/02\/revolution-padel-store.jpg","contentUrl":"https:\/\/revolutionpadelstore.com\/wp-content\/uploads\/2026\/02\/revolution-padel-store.jpg","width":2000,"height":2000,"caption":"Revolution Padel Store"},"image":{"@id":"https:\/\/revolutionpadelstore.com\/de\/#\/schema\/logo\/image\/"},"sameAs":["https:\/\/www.instagram.com\/revolutionpadelstore\/"]}]}},"_links":{"self":[{"href":"https:\/\/revolutionpadelstore.com\/de\/wp-json\/wp\/v2\/product\/263399","targetHints":{"allow":["GET"]}}],"collection":[{"href":"https:\/\/revolutionpadelstore.com\/de\/wp-json\/wp\/v2\/product"}],"about":[{"href":"https:\/\/revolutionpadelstore.com\/de\/wp-json\/wp\/v2\/types\/product"}],"replies":[{"embeddable":true,"href":"https:\/\/revolutionpadelstore.com\/de\/wp-json\/wp\/v2\/comments?post=263399"}],"wp:featuredmedia":[{"embeddable":true,"href":"https:\/\/revolutionpadelstore.com\/de\/wp-json\/wp\/v2\/media\/263423"}],"wp:attachment":[{"href":"https:\/\/revolutionpadelstore.com\/de\/wp-json\/wp\/v2\/media?parent=263399"}],"wp:term":[{"taxonomy":"acabado","embeddable":true,"href":"https:\/\/revolutionpadelstore.com\/de\/wp-json\/wp\/v2\/acabado?post=263399"},{"taxonomy":"balance","embeddable":true,"href":"https:\/\/revolutionpadelstore.com\/de\/wp-json\/wp\/v2\/balance?post=263399"},{"taxonomy":"dureza","embeddable":true,"href":"https:\/\/revolutionpadelstore.com\/de\/wp-json\/wp\/v2\/dureza?post=263399"},{"taxonomy":"forma","embeddable":true,"href":"https:\/\/revolutionpadelstore.com\/de\/wp-json\/wp\/v2\/forma?post=263399"},{"taxonomy":"jugador","embeddable":true,"href":"https:\/\/revolutionpadelstore.com\/de\/wp-json\/wp\/v2\/jugador?post=263399"},{"taxonomy":"marca","embeddable":true,"href":"https:\/\/revolutionpadelstore.com\/de\/wp-json\/wp\/v2\/marca?post=263399"},{"taxonomy":"nivel-de-juego","embeddable":true,"href":"https:\/\/revolutionpadelstore.com\/de\/wp-json\/wp\/v2\/nivel-de-juego?post=263399"},{"taxonomy":"superficie","embeddable":true,"href":"https:\/\/revolutionpadelstore.com\/de\/wp-json\/wp\/v2\/superficie?post=263399"},{"taxonomy":"tipo-de-juego","embeddable":true,"href":"https:\/\/revolutionpadelstore.com\/de\/wp-json\/wp\/v2\/tipo-de-juego?post=263399"},{"taxonomy":"product_brand","embeddable":true,"href":"https:\/\/revolutionpadelstore.com\/de\/wp-json\/wp\/v2\/product_brand?post=263399"},{"taxonomy":"product_cat","embeddable":true,"href":"https:\/\/revolutionpadelstore.com\/de\/wp-json\/wp\/v2\/product_cat?post=263399"},{"taxonomy":"product_tag","embeddable":true,"href":"https:\/\/revolutionpadelstore.com\/de\/wp-json\/wp\/v2\/product_tag?post=263399"}],"curies":[{"name":"wp","href":"https:\/\/api.w.org\/{rel}","templated":true}]}}