{"id":263322,"date":"2025-05-28T20:24:31","date_gmt":"2025-05-28T18:24:31","guid":{"rendered":"https:\/\/revolutionpadelstore.com\/?post_type=product&#038;p=263322"},"modified":"2026-04-08T04:57:01","modified_gmt":"2026-04-08T02:57:01","slug":"joma-smash-men-2532-blanco-azul-1","status":"publish","type":"product","link":"https:\/\/revolutionpadelstore.com\/de\/produkt\/joma-smash-men-2532-blanco-azul-1\/","title":{"rendered":"JOMA SMASH MEN 2532 BLANCO AZUL"},"content":{"rendered":"<h2>Joma Smash 2532 Wei\u00df Blau \u2013 Maximale Leistung und Komfort auf dem Platz<\/h2>\n<p>Der <strong>Joma Smash<\/strong> ist der perfekte Verb\u00fcndete f\u00fcr Padel-Spieler, die auf der Suche nach <strong>Leistung, Stabilit\u00e4t und modernster Technologie<\/strong> sind. Diese Schuhe sind auf hervorragende D\u00e4mpfung und au\u00dfergew\u00f6hnliche Reaktionsf\u00e4higkeit ausgelegt und garantieren die beste Leistung auf dem Platz. <strong>Tolito Aguirre<\/strong> und andere Spitzenspieler vertrauen darauf, dass sie Erfolg haben.<\/p>\n<h2> Hervorgehobene Funktionen<\/h2>\n<p>-Atmungsaktivit\u00e4t und optimale Passform: Das technische Mesh-Obermaterial verf\u00fcgt \u00fcber die VTS-Technologie, die die Bel\u00fcftung optimiert und den Fu\u00df w\u00e4hrend des gesamten Spiels k\u00fchl h\u00e4lt.<br \/>\n-Maximaler Schutz und Haltbarkeit: Gummiverst\u00e4rkungen in wichtigen Bereichen mit dem PROTECTION-System, um vorzeitigen Verschlei\u00df zu vermeiden.<br \/>\n-Hochwertige D\u00e4mpfung: Die Zwischensohle kombiniert Phylon im oberen Teil und die innovative REACTIVE BALL-Technologie im unteren Teil, um St\u00f6\u00dfe zu absorbieren und die Reaktionsf\u00e4higkeit zu verbessern.<br \/>\n-Stabilit\u00e4t und Kontrolle: Enth\u00e4lt das STABILIS-Teil, das unerw\u00fcnschte Drehungen verhindert und das Gleichgewicht bei jeder Bewegung verbessert.<br \/>\n-Optimale Griffigkeit und Gleitf\u00e4higkeit: Omni DURABILITY-Gummisohle mit kleinen kreisf\u00f6rmigen Stollen, ideal f\u00fcr schnelle Bewegungen auf harten Oberfl\u00e4chen.<\/p>\n<h2> Fortschrittliche Technologien<\/h2>\n<p><strong>-Haltbarkeit<\/strong>: Hochbest\u00e4ndiger Gummi f\u00fcr l\u00e4ngere Haltbarkeit.<\/p>\n<p><strong>-Protection<\/strong>: In den Zehenbereich eingespritztes Material zur Verst\u00e4rkung der Widerstandsf\u00e4higkeit.<\/p>\n<p><strong>-Reactive Ball<\/strong>: Hochleistungsd\u00e4mpfung, die jeden Schritt verst\u00e4rkt.<\/p>\n<p><strong>-Sportech<\/strong>: Leichte und bequeme Passform ohne st\u00f6rende N\u00e4hte.<\/p>\n<p><strong>-Stabilis<\/strong>: Kontrolle und Stabilit\u00e4t bei jeder Bewegung.<\/p>\n<p><strong>-VTS<\/strong>: Bel\u00fcftungssystem zur Aufrechterhaltung einer optimalen Temperatur.<\/p>\n<h2> Erhalten Sie sie zum besten Preis!<\/h2>\n<p>Entdecken Sie den <strong>Joma Smash<\/strong> in unserem Online-Shop <strong><a href=\"https:\/\/www.revolutionpadelstore.com\/\">www.revolutionpadelstore.com<\/a><\/strong>, wahrscheinlich zum <strong>besten Preis auf dem Markt<\/strong>. R\u00fcsten Sie sich wie ein Profi aus und dominieren Sie den Platz!<\/p>\n<h2>Joma Smash 2532 Blanco Azul \u2013 M\u00e1ximo Rendimiento y Confort en la Pista<\/h2>\n","protected":false},"excerpt":{"rendered":"<p>Die Joma Smash 2532 White Blue sind die ideale Option f\u00fcr Padel-Spieler, die Leistung, Stabilit\u00e4t und fortschrittliche Technologie kombinieren m\u00f6chten. Diese Schuhe sind auf hervorragende D\u00e4mpfung und Reaktionsf\u00e4higkeit ausgelegt und sorgen f\u00fcr optimale Leistung auf dem Platz.<\/p>\n","protected":false},"featured_media":263349,"comment_status":"open","ping_status":"closed","template":"","meta":{"_acf_changed":false,"_joinchat":[]},"acabado":[],"balance":[],"dureza":[],"forma":[],"jugador":[],"marca":[1224],"nivel-de-juego":[],"superficie":[],"tipo-de-juego":[],"product_brand":[],"product_cat":[398,831],"product_tag":[],"class_list":{"0":"post-263322","1":"product","2":"type-product","3":"status-publish","4":"has-post-thumbnail","6":"marca-joma-de","7":"product_cat-herren-sneaker","8":"product_cat-turnschuhe","10":"first","11":"outofstock","12":"sale","13":"taxable","14":"shipping-taxable","15":"purchasable","16":"product-type-variable"},"acf":[],"yoast_head":"<!-- This site is optimized with the Yoast SEO plugin v27.4 - https:\/\/yoast.com\/product\/yoast-seo-wordpress\/ -->\n<title>JOMA SMASH MEN 2532 BLANCO AZUL - Revolution Padel Store<\/title>\n<meta name=\"description\" content=\"Descubre las\u00a0Joma Smash\u00a0en nuestra tienda online\u00a0www.revolutionpadelstore.com, probablemente al\u00a0mejor precio del mercado. \u00a1Equ\u00edpate como un profesional y domina la pista!\" \/>\n<meta name=\"robots\" content=\"index, follow, max-snippet:-1, max-image-preview:large, max-video-preview:-1\" \/>\n<link rel=\"canonical\" href=\"https:\/\/revolutionpadelstore.com\/de\/produkt\/joma-smash-men-2532-blanco-azul-1\/\" \/>\n<meta property=\"og:locale\" content=\"de_DE\" \/>\n<meta property=\"og:type\" content=\"article\" \/>\n<meta property=\"og:title\" content=\"JOMA SMASH MEN 2532 BLANCO AZUL - Revolution Padel Store\" \/>\n<meta property=\"og:description\" content=\"Descubre las\u00a0Joma Smash\u00a0en nuestra tienda online\u00a0www.revolutionpadelstore.com, probablemente al\u00a0mejor precio del mercado. \u00a1Equ\u00edpate como un profesional y domina la pista!\" \/>\n<meta property=\"og:url\" content=\"https:\/\/revolutionpadelstore.com\/de\/produkt\/joma-smash-men-2532-blanco-azul-1\/\" \/>\n<meta property=\"og:site_name\" content=\"Revolution Padel Store\" \/>\n<meta property=\"article:modified_time\" content=\"2026-04-08T02:57:01+00:00\" \/>\n<meta property=\"og:image\" content=\"https:\/\/revolutionpadelstore.com\/wp-content\/uploads\/2025\/05\/256.png\" \/>\n\t<meta property=\"og:image:width\" content=\"1500\" \/>\n\t<meta property=\"og:image:height\" content=\"1500\" \/>\n\t<meta property=\"og:image:type\" content=\"image\/png\" \/>\n<meta name=\"twitter:card\" content=\"summary_large_image\" \/>\n<meta name=\"twitter:label1\" content=\"Gesch\u00e4tzte Lesezeit\" \/>\n\t<meta name=\"twitter:data1\" content=\"2\u00a0Minuten\" \/>\n<script type=\"application\/ld+json\" class=\"yoast-schema-graph\">{\"@context\":\"https:\\\/\\\/schema.org\",\"@graph\":[{\"@type\":\"WebPage\",\"@id\":\"https:\\\/\\\/revolutionpadelstore.com\\\/de\\\/produkt\\\/joma-smash-men-2532-blanco-azul-1\\\/\",\"url\":\"https:\\\/\\\/revolutionpadelstore.com\\\/de\\\/produkt\\\/joma-smash-men-2532-blanco-azul-1\\\/\",\"name\":\"JOMA SMASH MEN 2532 BLANCO AZUL - Revolution Padel Store\",\"isPartOf\":{\"@id\":\"https:\\\/\\\/revolutionpadelstore.com\\\/de\\\/#website\"},\"primaryImageOfPage\":{\"@id\":\"https:\\\/\\\/revolutionpadelstore.com\\\/de\\\/produkt\\\/joma-smash-men-2532-blanco-azul-1\\\/#primaryimage\"},\"image\":{\"@id\":\"https:\\\/\\\/revolutionpadelstore.com\\\/de\\\/produkt\\\/joma-smash-men-2532-blanco-azul-1\\\/#primaryimage\"},\"thumbnailUrl\":\"https:\\\/\\\/revolutionpadelstore.com\\\/wp-content\\\/uploads\\\/2025\\\/05\\\/256.png\",\"datePublished\":\"2025-05-28T18:24:31+00:00\",\"dateModified\":\"2026-04-08T02:57:01+00:00\",\"description\":\"Descubre las\u00a0Joma Smash\u00a0en nuestra tienda online\u00a0www.revolutionpadelstore.com, probablemente al\u00a0mejor precio del mercado. \u00a1Equ\u00edpate como un profesional y domina la pista!\",\"breadcrumb\":{\"@id\":\"https:\\\/\\\/revolutionpadelstore.com\\\/de\\\/produkt\\\/joma-smash-men-2532-blanco-azul-1\\\/#breadcrumb\"},\"inLanguage\":\"de\",\"potentialAction\":[{\"@type\":\"ReadAction\",\"target\":[\"https:\\\/\\\/revolutionpadelstore.com\\\/de\\\/produkt\\\/joma-smash-men-2532-blanco-azul-1\\\/\"]}]},{\"@type\":\"ImageObject\",\"inLanguage\":\"de\",\"@id\":\"https:\\\/\\\/revolutionpadelstore.com\\\/de\\\/produkt\\\/joma-smash-men-2532-blanco-azul-1\\\/#primaryimage\",\"url\":\"https:\\\/\\\/revolutionpadelstore.com\\\/wp-content\\\/uploads\\\/2025\\\/05\\\/256.png\",\"contentUrl\":\"https:\\\/\\\/revolutionpadelstore.com\\\/wp-content\\\/uploads\\\/2025\\\/05\\\/256.png\",\"width\":1500,\"height\":1500},{\"@type\":\"BreadcrumbList\",\"@id\":\"https:\\\/\\\/revolutionpadelstore.com\\\/de\\\/produkt\\\/joma-smash-men-2532-blanco-azul-1\\\/#breadcrumb\",\"itemListElement\":[{\"@type\":\"ListItem\",\"position\":1,\"name\":\"Portada\",\"item\":\"https:\\\/\\\/revolutionpadelstore.com\\\/de\\\/\"},{\"@type\":\"ListItem\",\"position\":2,\"name\":\"Shop\",\"item\":\"https:\\\/\\\/revolutionpadelstore.com\\\/de\\\/tienda\\\/\"},{\"@type\":\"ListItem\",\"position\":3,\"name\":\"JOMA SMASH MEN 2532 BLANCO AZUL\"}]},{\"@type\":\"WebSite\",\"@id\":\"https:\\\/\\\/revolutionpadelstore.com\\\/de\\\/#website\",\"url\":\"https:\\\/\\\/revolutionpadelstore.com\\\/de\\\/\",\"name\":\"Revolution Padel Store\",\"description\":\"\",\"publisher\":{\"@id\":\"https:\\\/\\\/revolutionpadelstore.com\\\/de\\\/#organization\"},\"potentialAction\":[{\"@type\":\"SearchAction\",\"target\":{\"@type\":\"EntryPoint\",\"urlTemplate\":\"https:\\\/\\\/revolutionpadelstore.com\\\/de\\\/?s={search_term_string}\"},\"query-input\":{\"@type\":\"PropertyValueSpecification\",\"valueRequired\":true,\"valueName\":\"search_term_string\"}}],\"inLanguage\":\"de\"},{\"@type\":\"Organization\",\"@id\":\"https:\\\/\\\/revolutionpadelstore.com\\\/de\\\/#organization\",\"name\":\"Revolution Padel Store\",\"url\":\"https:\\\/\\\/revolutionpadelstore.com\\\/de\\\/\",\"logo\":{\"@type\":\"ImageObject\",\"inLanguage\":\"de\",\"@id\":\"https:\\\/\\\/revolutionpadelstore.com\\\/de\\\/#\\\/schema\\\/logo\\\/image\\\/\",\"url\":\"https:\\\/\\\/revolutionpadelstore.com\\\/wp-content\\\/uploads\\\/2026\\\/02\\\/revolution-padel-store.jpg\",\"contentUrl\":\"https:\\\/\\\/revolutionpadelstore.com\\\/wp-content\\\/uploads\\\/2026\\\/02\\\/revolution-padel-store.jpg\",\"width\":2000,\"height\":2000,\"caption\":\"Revolution Padel Store\"},\"image\":{\"@id\":\"https:\\\/\\\/revolutionpadelstore.com\\\/de\\\/#\\\/schema\\\/logo\\\/image\\\/\"},\"sameAs\":[\"https:\\\/\\\/www.instagram.com\\\/revolutionpadelstore\\\/\"]}]}<\/script>\n<!-- \/ Yoast SEO plugin. -->","yoast_head_json":{"title":"JOMA SMASH MEN 2532 BLANCO AZUL - Revolution Padel Store","description":"Descubre las\u00a0Joma Smash\u00a0en nuestra tienda online\u00a0www.revolutionpadelstore.com, probablemente al\u00a0mejor precio del mercado. \u00a1Equ\u00edpate como un profesional y domina la pista!","robots":{"index":"index","follow":"follow","max-snippet":"max-snippet:-1","max-image-preview":"max-image-preview:large","max-video-preview":"max-video-preview:-1"},"canonical":"https:\/\/revolutionpadelstore.com\/de\/produkt\/joma-smash-men-2532-blanco-azul-1\/","og_locale":"de_DE","og_type":"article","og_title":"JOMA SMASH MEN 2532 BLANCO AZUL - Revolution Padel Store","og_description":"Descubre las\u00a0Joma Smash\u00a0en nuestra tienda online\u00a0www.revolutionpadelstore.com, probablemente al\u00a0mejor precio del mercado. \u00a1Equ\u00edpate como un profesional y domina la pista!","og_url":"https:\/\/revolutionpadelstore.com\/de\/produkt\/joma-smash-men-2532-blanco-azul-1\/","og_site_name":"Revolution Padel Store","article_modified_time":"2026-04-08T02:57:01+00:00","og_image":[{"width":1500,"height":1500,"url":"https:\/\/revolutionpadelstore.com\/wp-content\/uploads\/2025\/05\/256.png","type":"image\/png"}],"twitter_card":"summary_large_image","twitter_misc":{"Gesch\u00e4tzte Lesezeit":"2\u00a0Minuten"},"schema":{"@context":"https:\/\/schema.org","@graph":[{"@type":"WebPage","@id":"https:\/\/revolutionpadelstore.com\/de\/produkt\/joma-smash-men-2532-blanco-azul-1\/","url":"https:\/\/revolutionpadelstore.com\/de\/produkt\/joma-smash-men-2532-blanco-azul-1\/","name":"JOMA SMASH MEN 2532 BLANCO AZUL - Revolution Padel Store","isPartOf":{"@id":"https:\/\/revolutionpadelstore.com\/de\/#website"},"primaryImageOfPage":{"@id":"https:\/\/revolutionpadelstore.com\/de\/produkt\/joma-smash-men-2532-blanco-azul-1\/#primaryimage"},"image":{"@id":"https:\/\/revolutionpadelstore.com\/de\/produkt\/joma-smash-men-2532-blanco-azul-1\/#primaryimage"},"thumbnailUrl":"https:\/\/revolutionpadelstore.com\/wp-content\/uploads\/2025\/05\/256.png","datePublished":"2025-05-28T18:24:31+00:00","dateModified":"2026-04-08T02:57:01+00:00","description":"Descubre las\u00a0Joma Smash\u00a0en nuestra tienda online\u00a0www.revolutionpadelstore.com, probablemente al\u00a0mejor precio del mercado. \u00a1Equ\u00edpate como un profesional y domina la pista!","breadcrumb":{"@id":"https:\/\/revolutionpadelstore.com\/de\/produkt\/joma-smash-men-2532-blanco-azul-1\/#breadcrumb"},"inLanguage":"de","potentialAction":[{"@type":"ReadAction","target":["https:\/\/revolutionpadelstore.com\/de\/produkt\/joma-smash-men-2532-blanco-azul-1\/"]}]},{"@type":"ImageObject","inLanguage":"de","@id":"https:\/\/revolutionpadelstore.com\/de\/produkt\/joma-smash-men-2532-blanco-azul-1\/#primaryimage","url":"https:\/\/revolutionpadelstore.com\/wp-content\/uploads\/2025\/05\/256.png","contentUrl":"https:\/\/revolutionpadelstore.com\/wp-content\/uploads\/2025\/05\/256.png","width":1500,"height":1500},{"@type":"BreadcrumbList","@id":"https:\/\/revolutionpadelstore.com\/de\/produkt\/joma-smash-men-2532-blanco-azul-1\/#breadcrumb","itemListElement":[{"@type":"ListItem","position":1,"name":"Portada","item":"https:\/\/revolutionpadelstore.com\/de\/"},{"@type":"ListItem","position":2,"name":"Shop","item":"https:\/\/revolutionpadelstore.com\/de\/tienda\/"},{"@type":"ListItem","position":3,"name":"JOMA SMASH MEN 2532 BLANCO AZUL"}]},{"@type":"WebSite","@id":"https:\/\/revolutionpadelstore.com\/de\/#website","url":"https:\/\/revolutionpadelstore.com\/de\/","name":"Revolution Padel Store","description":"","publisher":{"@id":"https:\/\/revolutionpadelstore.com\/de\/#organization"},"potentialAction":[{"@type":"SearchAction","target":{"@type":"EntryPoint","urlTemplate":"https:\/\/revolutionpadelstore.com\/de\/?s={search_term_string}"},"query-input":{"@type":"PropertyValueSpecification","valueRequired":true,"valueName":"search_term_string"}}],"inLanguage":"de"},{"@type":"Organization","@id":"https:\/\/revolutionpadelstore.com\/de\/#organization","name":"Revolution Padel Store","url":"https:\/\/revolutionpadelstore.com\/de\/","logo":{"@type":"ImageObject","inLanguage":"de","@id":"https:\/\/revolutionpadelstore.com\/de\/#\/schema\/logo\/image\/","url":"https:\/\/revolutionpadelstore.com\/wp-content\/uploads\/2026\/02\/revolution-padel-store.jpg","contentUrl":"https:\/\/revolutionpadelstore.com\/wp-content\/uploads\/2026\/02\/revolution-padel-store.jpg","width":2000,"height":2000,"caption":"Revolution Padel Store"},"image":{"@id":"https:\/\/revolutionpadelstore.com\/de\/#\/schema\/logo\/image\/"},"sameAs":["https:\/\/www.instagram.com\/revolutionpadelstore\/"]}]}},"_links":{"self":[{"href":"https:\/\/revolutionpadelstore.com\/de\/wp-json\/wp\/v2\/product\/263322","targetHints":{"allow":["GET"]}}],"collection":[{"href":"https:\/\/revolutionpadelstore.com\/de\/wp-json\/wp\/v2\/product"}],"about":[{"href":"https:\/\/revolutionpadelstore.com\/de\/wp-json\/wp\/v2\/types\/product"}],"replies":[{"embeddable":true,"href":"https:\/\/revolutionpadelstore.com\/de\/wp-json\/wp\/v2\/comments?post=263322"}],"wp:featuredmedia":[{"embeddable":true,"href":"https:\/\/revolutionpadelstore.com\/de\/wp-json\/wp\/v2\/media\/263349"}],"wp:attachment":[{"href":"https:\/\/revolutionpadelstore.com\/de\/wp-json\/wp\/v2\/media?parent=263322"}],"wp:term":[{"taxonomy":"acabado","embeddable":true,"href":"https:\/\/revolutionpadelstore.com\/de\/wp-json\/wp\/v2\/acabado?post=263322"},{"taxonomy":"balance","embeddable":true,"href":"https:\/\/revolutionpadelstore.com\/de\/wp-json\/wp\/v2\/balance?post=263322"},{"taxonomy":"dureza","embeddable":true,"href":"https:\/\/revolutionpadelstore.com\/de\/wp-json\/wp\/v2\/dureza?post=263322"},{"taxonomy":"forma","embeddable":true,"href":"https:\/\/revolutionpadelstore.com\/de\/wp-json\/wp\/v2\/forma?post=263322"},{"taxonomy":"jugador","embeddable":true,"href":"https:\/\/revolutionpadelstore.com\/de\/wp-json\/wp\/v2\/jugador?post=263322"},{"taxonomy":"marca","embeddable":true,"href":"https:\/\/revolutionpadelstore.com\/de\/wp-json\/wp\/v2\/marca?post=263322"},{"taxonomy":"nivel-de-juego","embeddable":true,"href":"https:\/\/revolutionpadelstore.com\/de\/wp-json\/wp\/v2\/nivel-de-juego?post=263322"},{"taxonomy":"superficie","embeddable":true,"href":"https:\/\/revolutionpadelstore.com\/de\/wp-json\/wp\/v2\/superficie?post=263322"},{"taxonomy":"tipo-de-juego","embeddable":true,"href":"https:\/\/revolutionpadelstore.com\/de\/wp-json\/wp\/v2\/tipo-de-juego?post=263322"},{"taxonomy":"product_brand","embeddable":true,"href":"https:\/\/revolutionpadelstore.com\/de\/wp-json\/wp\/v2\/product_brand?post=263322"},{"taxonomy":"product_cat","embeddable":true,"href":"https:\/\/revolutionpadelstore.com\/de\/wp-json\/wp\/v2\/product_cat?post=263322"},{"taxonomy":"product_tag","embeddable":true,"href":"https:\/\/revolutionpadelstore.com\/de\/wp-json\/wp\/v2\/product_tag?post=263322"}],"curies":[{"name":"wp","href":"https:\/\/api.w.org\/{rel}","templated":true}]}}