{"id":263168,"date":"2025-05-26T23:55:01","date_gmt":"2025-05-26T21:55:01","guid":{"rendered":"https:\/\/revolutionpadelstore.com\/?post_type=product&#038;p=263168"},"modified":"2026-04-08T04:58:56","modified_gmt":"2026-04-08T02:58:56","slug":"joma-spin-lady-2502-1","status":"publish","type":"product","link":"https:\/\/revolutionpadelstore.com\/de\/produkt\/joma-spin-lady-2502-1\/","title":{"rendered":"JOMA SPIN LADY 2502"},"content":{"rendered":"<h2><strong>Joma Spin Lady 2502 Schuhe \u2013 Maximale Leistung und Stil auf dem Platz<\/strong><\/h2>\n<p>Der Joma Spin Lady 2502 in Wei\u00df-Gr\u00fcn wurde f\u00fcr Padel-Spieler entwickelt, die die perfekte Balance zwischen Komfort, Stabilit\u00e4t und elegantem Design suchen. Seine Konstruktion umfasst fortschrittliche Technologien, die eine ergonomische Passform, hervorragende D\u00e4mpfung und optimale Atmungsaktivit\u00e4t garantieren, um Ihre F\u00fc\u00dfe beim Spielen k\u00fchl zu halten.<\/p>\n<p>Dieses Modell zeichnet sich durch seine Leichtigkeit und Flexibilit\u00e4t aus und erm\u00f6glicht agile und sichere Bewegungen auf dem Platz. Dar\u00fcber hinaus sorgt sein wei\u00dfes Design nicht nur f\u00fcr Raffinesse, sondern l\u00e4sst sich auch mit jedem sportlichen Outfit kombinieren.<\/p>\n<h2><strong>Funktionen und Technologien des Joma Spin Lady 2502<\/strong><\/h2>\n<p>-VTS (Ventilation Total System) \u2013 F\u00f6rdert die Luftzirkulation, um die F\u00fc\u00dfe trocken und komfortabel zu halten.<br \/>\n-FLEXSHIELD \u2013 Nahtlose synthetische Verst\u00e4rkungen, die f\u00fcr Stabilit\u00e4t und optimale Passform sorgen.<br \/>\n-FULL DUAL PULSOR \u2013 Zwischensohle mit doppelter Dichte, die St\u00f6\u00dfe absorbiert und die D\u00e4mpfung verbessert.<br \/>\n-REAKTIVER BALL \u2013 Verbesserte Energier\u00fcckgabe f\u00fcr mehr Schwung bei jedem Schritt.<br \/>\n-EXO COUNTER \u2013 Verst\u00e4rkung im Fersenbereich, die Schutz und sicheren Halt garantiert.<\/p>\n<h2><strong>F\u00fcr wen wird die Joma Spin Lady 2502 empfohlen?<\/strong><\/h2>\n<p>Diese Schuhe sind f\u00fcr Padel-Spieler konzipiert, die ein Schuhwerk suchen, das ihnen Stabilit\u00e4t, Komfort und ein modernes Design bietet. Sie sind ideal f\u00fcr alle, die Wert auf D\u00e4mpfung und Haltbarkeit legen, ohne auf den Stil auf dem Platz zu verzichten.<\/p>\n<p>Wenn Sie auf der Suche nach Sneakers sind, die Sie mit der besten Kombination aus Komfort und Technologie an jedem Punkt begleiten, sind die wei\u00dfen Joma Spin Lady 2502 die beste Wahl.<\/p>\n<h2><strong>Warum die Joma Spin Lady 2502 kaufen?<\/strong><\/h2>\n<p>-Maximaler Komfort und Frische dank seines Bel\u00fcftungssystems.<br \/>\n-Leichtigkeit und Stabilit\u00e4t, die es Ihnen erm\u00f6glichen, sich bei jedem Spiel sicher zu bewegen.<br \/>\n-Elegantes und vielseitiges Design, ideal zur Kombination mit jeder Ausr\u00fcstung.<br \/>\n-Hohe Haltbarkeit mit widerstandsf\u00e4higen und atmungsaktiven Materialien.<\/p>\n<p>Warten Sie nicht l\u00e4nger und r\u00fcsten Sie sich mit dem Joma Spin Lady 2502 aus, um in jedem Spiel Ihr Bestes zu geben. Kaufen Sie sie jetzt in unserem Online-Shop <a href=\"https:\/\/chatgpt.com\/g\/g-675432e026888191b6ee6d6f2fdbb15e-optimizacion-textos\/c\/www.revolutionpadelstore.com\">www.revolutionpadelstore.com<\/a>, wahrscheinlich zum besten Preis auf dem Markt!<\/p>\n<h2><strong>Zapatillas Joma Spin Lady 2502 \u2013 M\u00e1ximo rendimiento y estilo en la pista<\/strong><\/p>\n","protected":false},"excerpt":{"rendered":"<p>Dieses Modell unterscheidet sich durch sein leichtes Gewicht und seine gro\u00dfe Flexibilit\u00e4t, die schnelle und sichere Bewegungen auf der Strecke erleichtert. Dar\u00fcber hinaus bietet sein elegantes wei\u00dfes Design nicht nur eine anspruchsvolle Note, sondern passt sich auch leicht an jedes Sportteam an.<\/p>\n","protected":false},"featured_media":263180,"comment_status":"open","ping_status":"closed","template":"","meta":{"_acf_changed":false,"_joinchat":[]},"acabado":[],"balance":[],"dureza":[],"forma":[],"jugador":[],"marca":[1224],"nivel-de-juego":[],"superficie":[],"tipo-de-juego":[],"product_brand":[],"product_cat":[453,831],"product_tag":[],"class_list":{"0":"post-263168","1":"product","2":"type-product","3":"status-publish","4":"has-post-thumbnail","6":"marca-joma-de","7":"product_cat-sneakers-fur-damen","8":"product_cat-turnschuhe","10":"first","11":"outofstock","12":"sale","13":"taxable","14":"shipping-taxable","15":"purchasable","16":"product-type-variable"},"acf":[],"yoast_head":"<!-- This site is optimized with the Yoast SEO plugin v27.4 - https:\/\/yoast.com\/product\/yoast-seo-wordpress\/ -->\n<title>JOMA SPIN LADY 2502 - Revolution Padel Store<\/title>\n<meta name=\"description\" content=\"No esperes m\u00e1s y equ\u00edpate con las\u00a0Joma Spin Lady 2502\u00a0para dar lo mejor en cada partido. \u00a1C\u00f3mpralas ahora en nuestra tienda online\u00a0www.revolutionpadelstore.com, probablemente al mejor precio del mercado!\" \/>\n<meta name=\"robots\" content=\"index, follow, max-snippet:-1, max-image-preview:large, max-video-preview:-1\" \/>\n<link rel=\"canonical\" href=\"https:\/\/revolutionpadelstore.com\/de\/produkt\/joma-spin-lady-2502-1\/\" \/>\n<meta property=\"og:locale\" content=\"de_DE\" \/>\n<meta property=\"og:type\" content=\"article\" \/>\n<meta property=\"og:title\" content=\"JOMA SPIN LADY 2502 - Revolution Padel Store\" \/>\n<meta property=\"og:description\" content=\"No esperes m\u00e1s y equ\u00edpate con las\u00a0Joma Spin Lady 2502\u00a0para dar lo mejor en cada partido. \u00a1C\u00f3mpralas ahora en nuestra tienda online\u00a0www.revolutionpadelstore.com, probablemente al mejor precio del mercado!\" \/>\n<meta property=\"og:url\" content=\"https:\/\/revolutionpadelstore.com\/de\/produkt\/joma-spin-lady-2502-1\/\" \/>\n<meta property=\"og:site_name\" content=\"Revolution Padel Store\" \/>\n<meta property=\"article:modified_time\" content=\"2026-04-08T02:58:56+00:00\" \/>\n<meta property=\"og:image\" content=\"https:\/\/revolutionpadelstore.com\/wp-content\/uploads\/2025\/05\/246.png\" \/>\n\t<meta property=\"og:image:width\" content=\"1500\" \/>\n\t<meta property=\"og:image:height\" content=\"1500\" \/>\n\t<meta property=\"og:image:type\" content=\"image\/png\" \/>\n<meta name=\"twitter:card\" content=\"summary_large_image\" \/>\n<meta name=\"twitter:label1\" content=\"Gesch\u00e4tzte Lesezeit\" \/>\n\t<meta name=\"twitter:data1\" content=\"2\u00a0Minuten\" \/>\n<script type=\"application\/ld+json\" class=\"yoast-schema-graph\">{\"@context\":\"https:\\\/\\\/schema.org\",\"@graph\":[{\"@type\":\"WebPage\",\"@id\":\"https:\\\/\\\/revolutionpadelstore.com\\\/de\\\/produkt\\\/joma-spin-lady-2502-1\\\/\",\"url\":\"https:\\\/\\\/revolutionpadelstore.com\\\/de\\\/produkt\\\/joma-spin-lady-2502-1\\\/\",\"name\":\"JOMA SPIN LADY 2502 - Revolution Padel Store\",\"isPartOf\":{\"@id\":\"https:\\\/\\\/revolutionpadelstore.com\\\/de\\\/#website\"},\"primaryImageOfPage\":{\"@id\":\"https:\\\/\\\/revolutionpadelstore.com\\\/de\\\/produkt\\\/joma-spin-lady-2502-1\\\/#primaryimage\"},\"image\":{\"@id\":\"https:\\\/\\\/revolutionpadelstore.com\\\/de\\\/produkt\\\/joma-spin-lady-2502-1\\\/#primaryimage\"},\"thumbnailUrl\":\"https:\\\/\\\/revolutionpadelstore.com\\\/wp-content\\\/uploads\\\/2025\\\/05\\\/246.png\",\"datePublished\":\"2025-05-26T21:55:01+00:00\",\"dateModified\":\"2026-04-08T02:58:56+00:00\",\"description\":\"No esperes m\u00e1s y equ\u00edpate con las\u00a0Joma Spin Lady 2502\u00a0para dar lo mejor en cada partido. \u00a1C\u00f3mpralas ahora en nuestra tienda online\u00a0www.revolutionpadelstore.com, probablemente al mejor precio del mercado!\",\"breadcrumb\":{\"@id\":\"https:\\\/\\\/revolutionpadelstore.com\\\/de\\\/produkt\\\/joma-spin-lady-2502-1\\\/#breadcrumb\"},\"inLanguage\":\"de\",\"potentialAction\":[{\"@type\":\"ReadAction\",\"target\":[\"https:\\\/\\\/revolutionpadelstore.com\\\/de\\\/produkt\\\/joma-spin-lady-2502-1\\\/\"]}]},{\"@type\":\"ImageObject\",\"inLanguage\":\"de\",\"@id\":\"https:\\\/\\\/revolutionpadelstore.com\\\/de\\\/produkt\\\/joma-spin-lady-2502-1\\\/#primaryimage\",\"url\":\"https:\\\/\\\/revolutionpadelstore.com\\\/wp-content\\\/uploads\\\/2025\\\/05\\\/246.png\",\"contentUrl\":\"https:\\\/\\\/revolutionpadelstore.com\\\/wp-content\\\/uploads\\\/2025\\\/05\\\/246.png\",\"width\":1500,\"height\":1500},{\"@type\":\"BreadcrumbList\",\"@id\":\"https:\\\/\\\/revolutionpadelstore.com\\\/de\\\/produkt\\\/joma-spin-lady-2502-1\\\/#breadcrumb\",\"itemListElement\":[{\"@type\":\"ListItem\",\"position\":1,\"name\":\"Portada\",\"item\":\"https:\\\/\\\/revolutionpadelstore.com\\\/de\\\/\"},{\"@type\":\"ListItem\",\"position\":2,\"name\":\"Shop\",\"item\":\"https:\\\/\\\/revolutionpadelstore.com\\\/de\\\/tienda\\\/\"},{\"@type\":\"ListItem\",\"position\":3,\"name\":\"JOMA SPIN LADY 2502\"}]},{\"@type\":\"WebSite\",\"@id\":\"https:\\\/\\\/revolutionpadelstore.com\\\/de\\\/#website\",\"url\":\"https:\\\/\\\/revolutionpadelstore.com\\\/de\\\/\",\"name\":\"Revolution Padel Store\",\"description\":\"\",\"publisher\":{\"@id\":\"https:\\\/\\\/revolutionpadelstore.com\\\/de\\\/#organization\"},\"potentialAction\":[{\"@type\":\"SearchAction\",\"target\":{\"@type\":\"EntryPoint\",\"urlTemplate\":\"https:\\\/\\\/revolutionpadelstore.com\\\/de\\\/?s={search_term_string}\"},\"query-input\":{\"@type\":\"PropertyValueSpecification\",\"valueRequired\":true,\"valueName\":\"search_term_string\"}}],\"inLanguage\":\"de\"},{\"@type\":\"Organization\",\"@id\":\"https:\\\/\\\/revolutionpadelstore.com\\\/de\\\/#organization\",\"name\":\"Revolution Padel Store\",\"url\":\"https:\\\/\\\/revolutionpadelstore.com\\\/de\\\/\",\"logo\":{\"@type\":\"ImageObject\",\"inLanguage\":\"de\",\"@id\":\"https:\\\/\\\/revolutionpadelstore.com\\\/de\\\/#\\\/schema\\\/logo\\\/image\\\/\",\"url\":\"https:\\\/\\\/revolutionpadelstore.com\\\/wp-content\\\/uploads\\\/2026\\\/02\\\/revolution-padel-store.jpg\",\"contentUrl\":\"https:\\\/\\\/revolutionpadelstore.com\\\/wp-content\\\/uploads\\\/2026\\\/02\\\/revolution-padel-store.jpg\",\"width\":2000,\"height\":2000,\"caption\":\"Revolution Padel Store\"},\"image\":{\"@id\":\"https:\\\/\\\/revolutionpadelstore.com\\\/de\\\/#\\\/schema\\\/logo\\\/image\\\/\"},\"sameAs\":[\"https:\\\/\\\/www.instagram.com\\\/revolutionpadelstore\\\/\"]}]}<\/script>\n<!-- \/ Yoast SEO plugin. -->","yoast_head_json":{"title":"JOMA SPIN LADY 2502 - Revolution Padel Store","description":"No esperes m\u00e1s y equ\u00edpate con las\u00a0Joma Spin Lady 2502\u00a0para dar lo mejor en cada partido. \u00a1C\u00f3mpralas ahora en nuestra tienda online\u00a0www.revolutionpadelstore.com, probablemente al mejor precio del mercado!","robots":{"index":"index","follow":"follow","max-snippet":"max-snippet:-1","max-image-preview":"max-image-preview:large","max-video-preview":"max-video-preview:-1"},"canonical":"https:\/\/revolutionpadelstore.com\/de\/produkt\/joma-spin-lady-2502-1\/","og_locale":"de_DE","og_type":"article","og_title":"JOMA SPIN LADY 2502 - Revolution Padel Store","og_description":"No esperes m\u00e1s y equ\u00edpate con las\u00a0Joma Spin Lady 2502\u00a0para dar lo mejor en cada partido. \u00a1C\u00f3mpralas ahora en nuestra tienda online\u00a0www.revolutionpadelstore.com, probablemente al mejor precio del mercado!","og_url":"https:\/\/revolutionpadelstore.com\/de\/produkt\/joma-spin-lady-2502-1\/","og_site_name":"Revolution Padel Store","article_modified_time":"2026-04-08T02:58:56+00:00","og_image":[{"width":1500,"height":1500,"url":"https:\/\/revolutionpadelstore.com\/wp-content\/uploads\/2025\/05\/246.png","type":"image\/png"}],"twitter_card":"summary_large_image","twitter_misc":{"Gesch\u00e4tzte Lesezeit":"2\u00a0Minuten"},"schema":{"@context":"https:\/\/schema.org","@graph":[{"@type":"WebPage","@id":"https:\/\/revolutionpadelstore.com\/de\/produkt\/joma-spin-lady-2502-1\/","url":"https:\/\/revolutionpadelstore.com\/de\/produkt\/joma-spin-lady-2502-1\/","name":"JOMA SPIN LADY 2502 - Revolution Padel Store","isPartOf":{"@id":"https:\/\/revolutionpadelstore.com\/de\/#website"},"primaryImageOfPage":{"@id":"https:\/\/revolutionpadelstore.com\/de\/produkt\/joma-spin-lady-2502-1\/#primaryimage"},"image":{"@id":"https:\/\/revolutionpadelstore.com\/de\/produkt\/joma-spin-lady-2502-1\/#primaryimage"},"thumbnailUrl":"https:\/\/revolutionpadelstore.com\/wp-content\/uploads\/2025\/05\/246.png","datePublished":"2025-05-26T21:55:01+00:00","dateModified":"2026-04-08T02:58:56+00:00","description":"No esperes m\u00e1s y equ\u00edpate con las\u00a0Joma Spin Lady 2502\u00a0para dar lo mejor en cada partido. \u00a1C\u00f3mpralas ahora en nuestra tienda online\u00a0www.revolutionpadelstore.com, probablemente al mejor precio del mercado!","breadcrumb":{"@id":"https:\/\/revolutionpadelstore.com\/de\/produkt\/joma-spin-lady-2502-1\/#breadcrumb"},"inLanguage":"de","potentialAction":[{"@type":"ReadAction","target":["https:\/\/revolutionpadelstore.com\/de\/produkt\/joma-spin-lady-2502-1\/"]}]},{"@type":"ImageObject","inLanguage":"de","@id":"https:\/\/revolutionpadelstore.com\/de\/produkt\/joma-spin-lady-2502-1\/#primaryimage","url":"https:\/\/revolutionpadelstore.com\/wp-content\/uploads\/2025\/05\/246.png","contentUrl":"https:\/\/revolutionpadelstore.com\/wp-content\/uploads\/2025\/05\/246.png","width":1500,"height":1500},{"@type":"BreadcrumbList","@id":"https:\/\/revolutionpadelstore.com\/de\/produkt\/joma-spin-lady-2502-1\/#breadcrumb","itemListElement":[{"@type":"ListItem","position":1,"name":"Portada","item":"https:\/\/revolutionpadelstore.com\/de\/"},{"@type":"ListItem","position":2,"name":"Shop","item":"https:\/\/revolutionpadelstore.com\/de\/tienda\/"},{"@type":"ListItem","position":3,"name":"JOMA SPIN LADY 2502"}]},{"@type":"WebSite","@id":"https:\/\/revolutionpadelstore.com\/de\/#website","url":"https:\/\/revolutionpadelstore.com\/de\/","name":"Revolution Padel Store","description":"","publisher":{"@id":"https:\/\/revolutionpadelstore.com\/de\/#organization"},"potentialAction":[{"@type":"SearchAction","target":{"@type":"EntryPoint","urlTemplate":"https:\/\/revolutionpadelstore.com\/de\/?s={search_term_string}"},"query-input":{"@type":"PropertyValueSpecification","valueRequired":true,"valueName":"search_term_string"}}],"inLanguage":"de"},{"@type":"Organization","@id":"https:\/\/revolutionpadelstore.com\/de\/#organization","name":"Revolution Padel Store","url":"https:\/\/revolutionpadelstore.com\/de\/","logo":{"@type":"ImageObject","inLanguage":"de","@id":"https:\/\/revolutionpadelstore.com\/de\/#\/schema\/logo\/image\/","url":"https:\/\/revolutionpadelstore.com\/wp-content\/uploads\/2026\/02\/revolution-padel-store.jpg","contentUrl":"https:\/\/revolutionpadelstore.com\/wp-content\/uploads\/2026\/02\/revolution-padel-store.jpg","width":2000,"height":2000,"caption":"Revolution Padel Store"},"image":{"@id":"https:\/\/revolutionpadelstore.com\/de\/#\/schema\/logo\/image\/"},"sameAs":["https:\/\/www.instagram.com\/revolutionpadelstore\/"]}]}},"_links":{"self":[{"href":"https:\/\/revolutionpadelstore.com\/de\/wp-json\/wp\/v2\/product\/263168","targetHints":{"allow":["GET"]}}],"collection":[{"href":"https:\/\/revolutionpadelstore.com\/de\/wp-json\/wp\/v2\/product"}],"about":[{"href":"https:\/\/revolutionpadelstore.com\/de\/wp-json\/wp\/v2\/types\/product"}],"replies":[{"embeddable":true,"href":"https:\/\/revolutionpadelstore.com\/de\/wp-json\/wp\/v2\/comments?post=263168"}],"wp:featuredmedia":[{"embeddable":true,"href":"https:\/\/revolutionpadelstore.com\/de\/wp-json\/wp\/v2\/media\/263180"}],"wp:attachment":[{"href":"https:\/\/revolutionpadelstore.com\/de\/wp-json\/wp\/v2\/media?parent=263168"}],"wp:term":[{"taxonomy":"acabado","embeddable":true,"href":"https:\/\/revolutionpadelstore.com\/de\/wp-json\/wp\/v2\/acabado?post=263168"},{"taxonomy":"balance","embeddable":true,"href":"https:\/\/revolutionpadelstore.com\/de\/wp-json\/wp\/v2\/balance?post=263168"},{"taxonomy":"dureza","embeddable":true,"href":"https:\/\/revolutionpadelstore.com\/de\/wp-json\/wp\/v2\/dureza?post=263168"},{"taxonomy":"forma","embeddable":true,"href":"https:\/\/revolutionpadelstore.com\/de\/wp-json\/wp\/v2\/forma?post=263168"},{"taxonomy":"jugador","embeddable":true,"href":"https:\/\/revolutionpadelstore.com\/de\/wp-json\/wp\/v2\/jugador?post=263168"},{"taxonomy":"marca","embeddable":true,"href":"https:\/\/revolutionpadelstore.com\/de\/wp-json\/wp\/v2\/marca?post=263168"},{"taxonomy":"nivel-de-juego","embeddable":true,"href":"https:\/\/revolutionpadelstore.com\/de\/wp-json\/wp\/v2\/nivel-de-juego?post=263168"},{"taxonomy":"superficie","embeddable":true,"href":"https:\/\/revolutionpadelstore.com\/de\/wp-json\/wp\/v2\/superficie?post=263168"},{"taxonomy":"tipo-de-juego","embeddable":true,"href":"https:\/\/revolutionpadelstore.com\/de\/wp-json\/wp\/v2\/tipo-de-juego?post=263168"},{"taxonomy":"product_brand","embeddable":true,"href":"https:\/\/revolutionpadelstore.com\/de\/wp-json\/wp\/v2\/product_brand?post=263168"},{"taxonomy":"product_cat","embeddable":true,"href":"https:\/\/revolutionpadelstore.com\/de\/wp-json\/wp\/v2\/product_cat?post=263168"},{"taxonomy":"product_tag","embeddable":true,"href":"https:\/\/revolutionpadelstore.com\/de\/wp-json\/wp\/v2\/product_tag?post=263168"}],"curies":[{"name":"wp","href":"https:\/\/api.w.org\/{rel}","templated":true}]}}