{"id":263027,"date":"2025-05-15T16:31:17","date_gmt":"2025-05-15T14:31:17","guid":{"rendered":"https:\/\/revolutionpadelstore.com\/blister-4-uds-antivibrador-bullpadel-ease-vibe-naranja\/"},"modified":"2026-04-01T02:02:35","modified_gmt":"2026-04-01T00:02:35","slug":"blister-4-uds-antivibrador-bullpadel-ease-vibe-naranja-1","status":"publish","type":"product","link":"https:\/\/revolutionpadelstore.com\/de\/produkt\/blister-4-uds-antivibrador-bullpadel-ease-vibe-naranja-1\/","title":{"rendered":"BLISTER (4 UDS) ANTIVIBRADOR BULLPADEL EASE VIBE NARANJA"},"content":{"rendered":"<h2> Blister (4 Einheiten) Bullpadel Easy Vibe Orange <\/ H2><br \/>\nVerbessern Sie Ihre Landebahnleistung und verringern Sie die Unannehmlichkeiten bei jedem Schlag mit der Anti -Vibadel -Leichtigkeit lebendige Antivibratoren in lebendiger Orange! Dieses wesentliche Accessoire f\u00fcr Ihre Paddelschaufel ist so konzipiert, dass sie bis zu einem <strong> 60% der Vibrationen <\/strong> reduziert und einen <strong> gr\u00f6\u00dferen Komfort, Stabilit\u00e4t und Pr\u00e4zision w\u00e4hrend des Spiels bietet.<\/p>\n<h2> Ausstehende Eigenschaften <\/ H2><br \/>\n&lt;p style = &quot;padding-links: 40px;&quot;<br \/>\n&lt;P style = &quot;padding-links: 40px;&quot;<br \/>\n<P> <strong> -Ligero und einfach zu installieren <\/strong>, ohne dass Tools oder fr\u00fchere Erfahrung erforderlich ist.<br \/>\n&lt;p style = &quot;padding-links: 40px;&quot;<br \/>\n&lt;p style = &quot;padding-links: 40px;&quot;<\/p>\n<h2> Vorteile f\u00fcr den Spieler <\/h2>\n<p><P>-genie\u00dfen Sie einen <strong> sauberer und kontrollierten Hit <\/strong>, ideal f\u00fcr diejenigen, die an jedem Punkt Pr\u00e4zision suchen.<\/p>\n<p>-Major <strong> Bequemlichkeit und Verletzungspr\u00e4vention <\/strong>, insbesondere n\u00fctzlich f\u00fcr diejenigen, die unter Epicondylitis oder Muskelbeschwerden leiden.<\/p>\n<p>-Vielseitige Anpassung: Platzieren Sie die Antivibratoren, wo Sie es vorziehen, die Leistung oder Kontrolle entsprechend Ihrem Spielstil zu verbessern. <\/p>\n<h2> Warum Bullpadel w\u00e4hlen?<br \/>\nBullpadel ist eine der f\u00fchrenden Marken in der Welt des Paddle <\/strong>, die von der Qualit\u00e4t, Innovation und Leistung seiner Produkte erkannt wird. Die Auswahl eines Bullpadel -Zubeh\u00f6rs bedeutet, an jedem Punkt auf Exzellenz zu wetten.<\/p>\n<h2> Kaufen Sie Ihre Packung Bullpadel -Anti -Vibratoren<br \/>\nNutzen Sie diese Gelegenheit und genie\u00dfen Sie ein komfortableres und sichereres Spiel. Sie sind bereits ein gelegentlicher Spieler oder ein \u00fcblicher Konkurrent, die Bullpadel Easy Vibe macht einen Unterschied in Ihrer Leistung.<\/p>\n<p>Jetzt in unserem Online -Shop erh\u00e4ltlich <a href=\"https:\/\/www.revolutionpadelstore.com\/\"> www.revolutionpadelstore.com <\/a><br \/>\n<em> Wahrscheinlich zum besten Marktpreis! <\/em><\/p>\n","protected":false},"excerpt":{"rendered":"<p>Packung mit 4 Einheiten von Bullpadel -Leichtigkeits -Vibe -Antivibratoren, die nach dem Aufprall mit dem Ball um bis zu 60% Vibrationen abnehmen sollen. Verbessern Sie die Stabilit\u00e4t und vermitteln Sie ein komfortableres Gef\u00fchl des Schlagens.<\/p>\n","protected":false},"featured_media":263016,"comment_status":"open","ping_status":"closed","template":"","meta":{"_acf_changed":false,"_joinchat":[]},"acabado":[],"balance":[],"dureza":[],"forma":[],"jugador":[],"marca":[1254],"nivel-de-juego":[],"superficie":[],"tipo-de-juego":[],"product_brand":[],"product_cat":[558],"product_tag":[],"class_list":{"0":"post-263027","1":"product","2":"type-product","3":"status-publish","4":"has-post-thumbnail","6":"marca-bullpadel-de","7":"product_cat-zubehor","9":"first","10":"instock","11":"sale","12":"taxable","13":"shipping-taxable","14":"purchasable","15":"product-type-simple"},"acf":[],"yoast_head":"<!-- This site is optimized with the Yoast SEO plugin v27.3 - https:\/\/yoast.com\/product\/yoast-seo-wordpress\/ -->\n<title>BLISTER (4 UDS) ANTIVIBRADOR BULLPADEL EASE VIBE NARANJA - Revolution Padel Store<\/title>\n<meta name=\"description\" content=\"Reduce hasta un 60% de las vibraciones con el blister Bullpadel Ease Vibe (4 uds). Mejora tu control y comodidad al jugar. \u00a1Compra online en Revolution Padel Store!\" \/>\n<meta name=\"robots\" content=\"index, follow, max-snippet:-1, max-image-preview:large, max-video-preview:-1\" \/>\n<link rel=\"canonical\" href=\"https:\/\/revolutionpadelstore.com\/de\/produkt\/blister-4-uds-antivibrador-bullpadel-ease-vibe-naranja-1\/\" \/>\n<meta property=\"og:locale\" content=\"de_DE\" \/>\n<meta property=\"og:type\" content=\"article\" \/>\n<meta property=\"og:title\" content=\"BLISTER (4 UDS) ANTIVIBRADOR BULLPADEL EASE VIBE NARANJA - Revolution Padel Store\" \/>\n<meta property=\"og:description\" content=\"Reduce hasta un 60% de las vibraciones con el blister Bullpadel Ease Vibe (4 uds). Mejora tu control y comodidad al jugar. \u00a1Compra online en Revolution Padel Store!\" \/>\n<meta property=\"og:url\" content=\"https:\/\/revolutionpadelstore.com\/de\/produkt\/blister-4-uds-antivibrador-bullpadel-ease-vibe-naranja-1\/\" \/>\n<meta property=\"og:site_name\" content=\"Revolution Padel Store\" \/>\n<meta property=\"article:modified_time\" content=\"2026-04-01T00:02:35+00:00\" \/>\n<meta property=\"og:image\" content=\"https:\/\/revolutionpadelstore.com\/wp-content\/uploads\/2025\/05\/113839_blister_4_uds_antivibrador_ease_vibe_bullpadel_037_naranja_448293_1200x1_20d2.webp\" \/>\n\t<meta property=\"og:image:width\" content=\"1200\" \/>\n\t<meta property=\"og:image:height\" content=\"1200\" \/>\n\t<meta property=\"og:image:type\" content=\"image\/webp\" \/>\n<meta name=\"twitter:card\" content=\"summary_large_image\" \/>\n<meta name=\"twitter:label1\" content=\"Gesch\u00e4tzte Lesezeit\" \/>\n\t<meta name=\"twitter:data1\" content=\"2\u00a0Minuten\" \/>\n<script type=\"application\/ld+json\" class=\"yoast-schema-graph\">{\"@context\":\"https:\\\/\\\/schema.org\",\"@graph\":[{\"@type\":\"WebPage\",\"@id\":\"https:\\\/\\\/revolutionpadelstore.com\\\/de\\\/produkt\\\/blister-4-uds-antivibrador-bullpadel-ease-vibe-naranja-1\\\/\",\"url\":\"https:\\\/\\\/revolutionpadelstore.com\\\/de\\\/produkt\\\/blister-4-uds-antivibrador-bullpadel-ease-vibe-naranja-1\\\/\",\"name\":\"BLISTER (4 UDS) ANTIVIBRADOR BULLPADEL EASE VIBE NARANJA - Revolution Padel Store\",\"isPartOf\":{\"@id\":\"https:\\\/\\\/revolutionpadelstore.com\\\/de\\\/#website\"},\"primaryImageOfPage\":{\"@id\":\"https:\\\/\\\/revolutionpadelstore.com\\\/de\\\/produkt\\\/blister-4-uds-antivibrador-bullpadel-ease-vibe-naranja-1\\\/#primaryimage\"},\"image\":{\"@id\":\"https:\\\/\\\/revolutionpadelstore.com\\\/de\\\/produkt\\\/blister-4-uds-antivibrador-bullpadel-ease-vibe-naranja-1\\\/#primaryimage\"},\"thumbnailUrl\":\"https:\\\/\\\/revolutionpadelstore.com\\\/wp-content\\\/uploads\\\/2025\\\/05\\\/113839_blister_4_uds_antivibrador_ease_vibe_bullpadel_037_naranja_448293_1200x1_20d2.webp\",\"datePublished\":\"2025-05-15T14:31:17+00:00\",\"dateModified\":\"2026-04-01T00:02:35+00:00\",\"description\":\"Reduce hasta un 60% de las vibraciones con el blister Bullpadel Ease Vibe (4 uds). Mejora tu control y comodidad al jugar. \u00a1Compra online en Revolution Padel Store!\",\"breadcrumb\":{\"@id\":\"https:\\\/\\\/revolutionpadelstore.com\\\/de\\\/produkt\\\/blister-4-uds-antivibrador-bullpadel-ease-vibe-naranja-1\\\/#breadcrumb\"},\"inLanguage\":\"de\",\"potentialAction\":[{\"@type\":\"ReadAction\",\"target\":[\"https:\\\/\\\/revolutionpadelstore.com\\\/de\\\/produkt\\\/blister-4-uds-antivibrador-bullpadel-ease-vibe-naranja-1\\\/\"]}]},{\"@type\":\"ImageObject\",\"inLanguage\":\"de\",\"@id\":\"https:\\\/\\\/revolutionpadelstore.com\\\/de\\\/produkt\\\/blister-4-uds-antivibrador-bullpadel-ease-vibe-naranja-1\\\/#primaryimage\",\"url\":\"https:\\\/\\\/revolutionpadelstore.com\\\/wp-content\\\/uploads\\\/2025\\\/05\\\/113839_blister_4_uds_antivibrador_ease_vibe_bullpadel_037_naranja_448293_1200x1_20d2.webp\",\"contentUrl\":\"https:\\\/\\\/revolutionpadelstore.com\\\/wp-content\\\/uploads\\\/2025\\\/05\\\/113839_blister_4_uds_antivibrador_ease_vibe_bullpadel_037_naranja_448293_1200x1_20d2.webp\",\"width\":1200,\"height\":1200},{\"@type\":\"BreadcrumbList\",\"@id\":\"https:\\\/\\\/revolutionpadelstore.com\\\/de\\\/produkt\\\/blister-4-uds-antivibrador-bullpadel-ease-vibe-naranja-1\\\/#breadcrumb\",\"itemListElement\":[{\"@type\":\"ListItem\",\"position\":1,\"name\":\"Portada\",\"item\":\"https:\\\/\\\/revolutionpadelstore.com\\\/de\\\/\"},{\"@type\":\"ListItem\",\"position\":2,\"name\":\"Shop\",\"item\":\"https:\\\/\\\/revolutionpadelstore.com\\\/de\\\/tienda\\\/\"},{\"@type\":\"ListItem\",\"position\":3,\"name\":\"BLISTER (4 UDS) ANTIVIBRADOR BULLPADEL EASE VIBE NARANJA\"}]},{\"@type\":\"WebSite\",\"@id\":\"https:\\\/\\\/revolutionpadelstore.com\\\/de\\\/#website\",\"url\":\"https:\\\/\\\/revolutionpadelstore.com\\\/de\\\/\",\"name\":\"Revolution Padel Store\",\"description\":\"\",\"publisher\":{\"@id\":\"https:\\\/\\\/revolutionpadelstore.com\\\/de\\\/#organization\"},\"potentialAction\":[{\"@type\":\"SearchAction\",\"target\":{\"@type\":\"EntryPoint\",\"urlTemplate\":\"https:\\\/\\\/revolutionpadelstore.com\\\/de\\\/?s={search_term_string}\"},\"query-input\":{\"@type\":\"PropertyValueSpecification\",\"valueRequired\":true,\"valueName\":\"search_term_string\"}}],\"inLanguage\":\"de\"},{\"@type\":\"Organization\",\"@id\":\"https:\\\/\\\/revolutionpadelstore.com\\\/de\\\/#organization\",\"name\":\"Revolution Padel Store\",\"url\":\"https:\\\/\\\/revolutionpadelstore.com\\\/de\\\/\",\"logo\":{\"@type\":\"ImageObject\",\"inLanguage\":\"de\",\"@id\":\"https:\\\/\\\/revolutionpadelstore.com\\\/de\\\/#\\\/schema\\\/logo\\\/image\\\/\",\"url\":\"https:\\\/\\\/revolutionpadelstore.com\\\/wp-content\\\/uploads\\\/2026\\\/02\\\/revolution-padel-store.jpg\",\"contentUrl\":\"https:\\\/\\\/revolutionpadelstore.com\\\/wp-content\\\/uploads\\\/2026\\\/02\\\/revolution-padel-store.jpg\",\"width\":2000,\"height\":2000,\"caption\":\"Revolution Padel Store\"},\"image\":{\"@id\":\"https:\\\/\\\/revolutionpadelstore.com\\\/de\\\/#\\\/schema\\\/logo\\\/image\\\/\"},\"sameAs\":[\"https:\\\/\\\/www.instagram.com\\\/revolutionpadelstore\\\/\"]}]}<\/script>\n<!-- \/ Yoast SEO plugin. -->","yoast_head_json":{"title":"BLISTER (4 UDS) ANTIVIBRADOR BULLPADEL EASE VIBE NARANJA - Revolution Padel Store","description":"Reduce hasta un 60% de las vibraciones con el blister Bullpadel Ease Vibe (4 uds). Mejora tu control y comodidad al jugar. \u00a1Compra online en Revolution Padel Store!","robots":{"index":"index","follow":"follow","max-snippet":"max-snippet:-1","max-image-preview":"max-image-preview:large","max-video-preview":"max-video-preview:-1"},"canonical":"https:\/\/revolutionpadelstore.com\/de\/produkt\/blister-4-uds-antivibrador-bullpadel-ease-vibe-naranja-1\/","og_locale":"de_DE","og_type":"article","og_title":"BLISTER (4 UDS) ANTIVIBRADOR BULLPADEL EASE VIBE NARANJA - Revolution Padel Store","og_description":"Reduce hasta un 60% de las vibraciones con el blister Bullpadel Ease Vibe (4 uds). Mejora tu control y comodidad al jugar. \u00a1Compra online en Revolution Padel Store!","og_url":"https:\/\/revolutionpadelstore.com\/de\/produkt\/blister-4-uds-antivibrador-bullpadel-ease-vibe-naranja-1\/","og_site_name":"Revolution Padel Store","article_modified_time":"2026-04-01T00:02:35+00:00","og_image":[{"width":1200,"height":1200,"url":"https:\/\/revolutionpadelstore.com\/wp-content\/uploads\/2025\/05\/113839_blister_4_uds_antivibrador_ease_vibe_bullpadel_037_naranja_448293_1200x1_20d2.webp","type":"image\/webp"}],"twitter_card":"summary_large_image","twitter_misc":{"Gesch\u00e4tzte Lesezeit":"2\u00a0Minuten"},"schema":{"@context":"https:\/\/schema.org","@graph":[{"@type":"WebPage","@id":"https:\/\/revolutionpadelstore.com\/de\/produkt\/blister-4-uds-antivibrador-bullpadel-ease-vibe-naranja-1\/","url":"https:\/\/revolutionpadelstore.com\/de\/produkt\/blister-4-uds-antivibrador-bullpadel-ease-vibe-naranja-1\/","name":"BLISTER (4 UDS) ANTIVIBRADOR BULLPADEL EASE VIBE NARANJA - Revolution Padel Store","isPartOf":{"@id":"https:\/\/revolutionpadelstore.com\/de\/#website"},"primaryImageOfPage":{"@id":"https:\/\/revolutionpadelstore.com\/de\/produkt\/blister-4-uds-antivibrador-bullpadel-ease-vibe-naranja-1\/#primaryimage"},"image":{"@id":"https:\/\/revolutionpadelstore.com\/de\/produkt\/blister-4-uds-antivibrador-bullpadel-ease-vibe-naranja-1\/#primaryimage"},"thumbnailUrl":"https:\/\/revolutionpadelstore.com\/wp-content\/uploads\/2025\/05\/113839_blister_4_uds_antivibrador_ease_vibe_bullpadel_037_naranja_448293_1200x1_20d2.webp","datePublished":"2025-05-15T14:31:17+00:00","dateModified":"2026-04-01T00:02:35+00:00","description":"Reduce hasta un 60% de las vibraciones con el blister Bullpadel Ease Vibe (4 uds). Mejora tu control y comodidad al jugar. \u00a1Compra online en Revolution Padel Store!","breadcrumb":{"@id":"https:\/\/revolutionpadelstore.com\/de\/produkt\/blister-4-uds-antivibrador-bullpadel-ease-vibe-naranja-1\/#breadcrumb"},"inLanguage":"de","potentialAction":[{"@type":"ReadAction","target":["https:\/\/revolutionpadelstore.com\/de\/produkt\/blister-4-uds-antivibrador-bullpadel-ease-vibe-naranja-1\/"]}]},{"@type":"ImageObject","inLanguage":"de","@id":"https:\/\/revolutionpadelstore.com\/de\/produkt\/blister-4-uds-antivibrador-bullpadel-ease-vibe-naranja-1\/#primaryimage","url":"https:\/\/revolutionpadelstore.com\/wp-content\/uploads\/2025\/05\/113839_blister_4_uds_antivibrador_ease_vibe_bullpadel_037_naranja_448293_1200x1_20d2.webp","contentUrl":"https:\/\/revolutionpadelstore.com\/wp-content\/uploads\/2025\/05\/113839_blister_4_uds_antivibrador_ease_vibe_bullpadel_037_naranja_448293_1200x1_20d2.webp","width":1200,"height":1200},{"@type":"BreadcrumbList","@id":"https:\/\/revolutionpadelstore.com\/de\/produkt\/blister-4-uds-antivibrador-bullpadel-ease-vibe-naranja-1\/#breadcrumb","itemListElement":[{"@type":"ListItem","position":1,"name":"Portada","item":"https:\/\/revolutionpadelstore.com\/de\/"},{"@type":"ListItem","position":2,"name":"Shop","item":"https:\/\/revolutionpadelstore.com\/de\/tienda\/"},{"@type":"ListItem","position":3,"name":"BLISTER (4 UDS) ANTIVIBRADOR BULLPADEL EASE VIBE NARANJA"}]},{"@type":"WebSite","@id":"https:\/\/revolutionpadelstore.com\/de\/#website","url":"https:\/\/revolutionpadelstore.com\/de\/","name":"Revolution Padel Store","description":"","publisher":{"@id":"https:\/\/revolutionpadelstore.com\/de\/#organization"},"potentialAction":[{"@type":"SearchAction","target":{"@type":"EntryPoint","urlTemplate":"https:\/\/revolutionpadelstore.com\/de\/?s={search_term_string}"},"query-input":{"@type":"PropertyValueSpecification","valueRequired":true,"valueName":"search_term_string"}}],"inLanguage":"de"},{"@type":"Organization","@id":"https:\/\/revolutionpadelstore.com\/de\/#organization","name":"Revolution Padel Store","url":"https:\/\/revolutionpadelstore.com\/de\/","logo":{"@type":"ImageObject","inLanguage":"de","@id":"https:\/\/revolutionpadelstore.com\/de\/#\/schema\/logo\/image\/","url":"https:\/\/revolutionpadelstore.com\/wp-content\/uploads\/2026\/02\/revolution-padel-store.jpg","contentUrl":"https:\/\/revolutionpadelstore.com\/wp-content\/uploads\/2026\/02\/revolution-padel-store.jpg","width":2000,"height":2000,"caption":"Revolution Padel Store"},"image":{"@id":"https:\/\/revolutionpadelstore.com\/de\/#\/schema\/logo\/image\/"},"sameAs":["https:\/\/www.instagram.com\/revolutionpadelstore\/"]}]}},"_links":{"self":[{"href":"https:\/\/revolutionpadelstore.com\/de\/wp-json\/wp\/v2\/product\/263027","targetHints":{"allow":["GET"]}}],"collection":[{"href":"https:\/\/revolutionpadelstore.com\/de\/wp-json\/wp\/v2\/product"}],"about":[{"href":"https:\/\/revolutionpadelstore.com\/de\/wp-json\/wp\/v2\/types\/product"}],"replies":[{"embeddable":true,"href":"https:\/\/revolutionpadelstore.com\/de\/wp-json\/wp\/v2\/comments?post=263027"}],"wp:featuredmedia":[{"embeddable":true,"href":"https:\/\/revolutionpadelstore.com\/de\/wp-json\/wp\/v2\/media\/263016"}],"wp:attachment":[{"href":"https:\/\/revolutionpadelstore.com\/de\/wp-json\/wp\/v2\/media?parent=263027"}],"wp:term":[{"taxonomy":"acabado","embeddable":true,"href":"https:\/\/revolutionpadelstore.com\/de\/wp-json\/wp\/v2\/acabado?post=263027"},{"taxonomy":"balance","embeddable":true,"href":"https:\/\/revolutionpadelstore.com\/de\/wp-json\/wp\/v2\/balance?post=263027"},{"taxonomy":"dureza","embeddable":true,"href":"https:\/\/revolutionpadelstore.com\/de\/wp-json\/wp\/v2\/dureza?post=263027"},{"taxonomy":"forma","embeddable":true,"href":"https:\/\/revolutionpadelstore.com\/de\/wp-json\/wp\/v2\/forma?post=263027"},{"taxonomy":"jugador","embeddable":true,"href":"https:\/\/revolutionpadelstore.com\/de\/wp-json\/wp\/v2\/jugador?post=263027"},{"taxonomy":"marca","embeddable":true,"href":"https:\/\/revolutionpadelstore.com\/de\/wp-json\/wp\/v2\/marca?post=263027"},{"taxonomy":"nivel-de-juego","embeddable":true,"href":"https:\/\/revolutionpadelstore.com\/de\/wp-json\/wp\/v2\/nivel-de-juego?post=263027"},{"taxonomy":"superficie","embeddable":true,"href":"https:\/\/revolutionpadelstore.com\/de\/wp-json\/wp\/v2\/superficie?post=263027"},{"taxonomy":"tipo-de-juego","embeddable":true,"href":"https:\/\/revolutionpadelstore.com\/de\/wp-json\/wp\/v2\/tipo-de-juego?post=263027"},{"taxonomy":"product_brand","embeddable":true,"href":"https:\/\/revolutionpadelstore.com\/de\/wp-json\/wp\/v2\/product_brand?post=263027"},{"taxonomy":"product_cat","embeddable":true,"href":"https:\/\/revolutionpadelstore.com\/de\/wp-json\/wp\/v2\/product_cat?post=263027"},{"taxonomy":"product_tag","embeddable":true,"href":"https:\/\/revolutionpadelstore.com\/de\/wp-json\/wp\/v2\/product_tag?post=263027"}],"curies":[{"name":"wp","href":"https:\/\/api.w.org\/{rel}","templated":true}]}}