{"id":262858,"date":"2025-05-06T14:15:02","date_gmt":"2025-05-06T12:15:02","guid":{"rendered":"https:\/\/revolutionpadelstore.com\/malla-bullpadel-pobra-700\/"},"modified":"2026-04-08T05:06:25","modified_gmt":"2026-04-08T03:06:25","slug":"malla-bullpadel-pobra-700-1","status":"publish","type":"product","link":"https:\/\/revolutionpadelstore.com\/de\/produkt\/malla-bullpadel-pobra-700-1\/","title":{"rendered":"MALLA BULLPADEL POBRA 700"},"content":{"rendered":"<h2> Bullpadel POBRA -Mahlzeiten &#8211; Komfort, Stil und Technologie in jeder Bewegung <\/ h2><br \/>\nDas <strong> Bullpadel Mesh, die perfekte Wahl f\u00fcr Paddelspieler, die Leistung, modernes Design und maximale Funktionalit\u00e4t suchen. Diese Meshes besteht aus hochwertigem elastischen Stoff und mit Avant -Gart -Technologie.<\/p>\n<h2> Ausstehende Eigenschaften <\/ H2><\/p>\n<h2> Hochkugel f\u00fcr gr\u00f6\u00dfere Klemme <\/ h2><br \/>\nDiese Meshes entworfen mit einem <strong> ergonomischen hohen Taille <\/strong> Unterst\u00fctzung im Bauchbereich und bleiben w\u00e4hrend des Trainings oder intensiven Spielen immer an seiner Stelle. Verabschieden Sie sich von Ablenkungen und konzentrieren Sie sich nur auf Ihre Leistung.<\/p>\n<h2> Funktionelle laterale Taschen <\/ H2><br \/>\nDazu geh\u00f6ren <strong> integrierte Seitentaschen <\/strong>, ideal f\u00fcr die Aufbewahrung von B\u00e4llen, Schl\u00fcssel oder Karten, ohne die Mobilit\u00e4t zu beeintr\u00e4chtigen. Sie sind strategisch gelegen, um Ihre Spurbewegungen nicht zu st\u00f6ren.<\/p>\n<h2> intelligente Bel\u00fcftung mit Laser<br \/>\nSeine exklusive <strong> Laser Perforated Inserts <\/strong> f\u00fcgen eine stilisierte Note hinzu und verbessern gleichzeitig die Atmungsaktivit\u00e4t in Schl\u00fcsselbereichen und halten Sie w\u00e4hrend des gesamten Spiels frisch und bequem.<\/p>\n<h2> Drynamische Technologie <\/ H2><br \/>\nDank der <strong> drynamischen Technologie <\/strong> absorbieren diese Netze Schwei\u00df und verdampfen schnell, wodurch Sie auch in Momenten maximaler k\u00f6rperlicher Nachfrage trocken bleiben.<\/p>\n<h2> elastisches Gewebe mit ergonomischer Anpassung <\/ H2><br \/>\nDie in <strong> elastische Polyesterspitze <\/strong> ist der Bullpadel Pobra genau zur weiblichen Silhouette passt. Das ergonomische Design erm\u00f6glicht eine <strong> Mobilit\u00e4t ohne Einschr\u00e4nkungen <\/strong>, was sich auf nat\u00fcrliche Weise an jede Bewegung anpasst.<\/p>\n<h2> Sport und vielseitiger Stil <\/ H2><br \/>\nSein modernes und Sportdesign macht diese Maschen nicht nur perfekt f\u00fcr das Spielen von Paddel -Tennis, sondern auch ideal f\u00fcr das Training, Laufen oder sogar f\u00fcr einen l\u00e4ssigen und sportlichen Look au\u00dferhalb der Strecke.<\/p>\n<h2> Wer sind sie? <\/h2>\n<p>Perfekt f\u00fcr <strong> Paddle -Spieler aller Ebenen <\/strong> Die Bullpadel Pobra -Meshes sind f\u00fcr diejenigen konzipiert, die ein Gleichgewicht zwischen Stil, Komfort und Technologie suchen. Ob im Training, in Spielen oder am Tag bis zum Tag, dieses Kleidungsst\u00fcck passt sich an Sie und Ihren Rhythmus an.<\/p>\n<h2> Jetzt kaufen und Ihr Spiel verbessern <\/ H2><br \/>\nMit den <strong> Bullpadel -Meshes erhalten Sie ein Hochleistungskleidungsst\u00fcck mit Unterst\u00fctzung einer der f\u00fchrenden Welt -Paddel -Marken. Kompromiss nicht Ihren Komfort oder Ihren Stil: Dies ist das Kleidungsst\u00fcck, das Sie in vollen Z\u00fcgen ben\u00f6tigen.<\/p>\n<p><strong> jetzt in unserem Online -Shop erh\u00e4ltlich <a href=\"https:\/\/www.revolutionpadelstore.com\/\"> www.revolutionpadelstore.com <\/a>, wahrscheinlich zum besten Marktpreis. <\/strong><\/p>\n","protected":false},"excerpt":{"rendered":"<p>Das <strong> Bullpadel Mesh, die perfekte Wahl f\u00fcr Paddelspieler, die Leistung, modernes Design und maximale Funktionalit\u00e4t suchen.<strong>Mallas Bullpadel Pobra<\/strong><\/p>\n","protected":false},"featured_media":262843,"comment_status":"open","ping_status":"closed","template":"","meta":{"_acf_changed":false,"_joinchat":[]},"acabado":[],"balance":[],"dureza":[],"forma":[],"jugador":[],"marca":[1254],"nivel-de-juego":[],"superficie":[],"tipo-de-juego":[],"product_brand":[],"product_cat":[323],"product_tag":[],"class_list":{"0":"post-262858","1":"product","2":"type-product","3":"status-publish","4":"has-post-thumbnail","6":"marca-bullpadel-de","7":"product_cat-ropa-de","9":"first","10":"outofstock","11":"sale","12":"taxable","13":"shipping-taxable","14":"purchasable","15":"product-type-variable"},"acf":[],"yoast_head":"<!-- This site is optimized with the Yoast SEO plugin v27.4 - https:\/\/yoast.com\/product\/yoast-seo-wordpress\/ -->\n<title>MALLA BULLPADEL POBRA 700 - Revolution Padel Store<\/title>\n<meta name=\"description\" content=\"Descubre las Mallas Bullpadel Pobra para mujer, con cinturilla alta, tecnolog\u00eda Drynamic, bolsillos laterales y dise\u00f1o ergon\u00f3mico. Compra en Revolution Padel Store al mejor precio.\" \/>\n<meta name=\"robots\" content=\"index, follow, max-snippet:-1, max-image-preview:large, max-video-preview:-1\" \/>\n<link rel=\"canonical\" href=\"https:\/\/revolutionpadelstore.com\/de\/produkt\/malla-bullpadel-pobra-700-1\/\" \/>\n<meta property=\"og:locale\" content=\"de_DE\" \/>\n<meta property=\"og:type\" content=\"article\" \/>\n<meta property=\"og:title\" content=\"MALLA BULLPADEL POBRA 700 - Revolution Padel Store\" \/>\n<meta property=\"og:description\" content=\"Descubre las Mallas Bullpadel Pobra para mujer, con cinturilla alta, tecnolog\u00eda Drynamic, bolsillos laterales y dise\u00f1o ergon\u00f3mico. Compra en Revolution Padel Store al mejor precio.\" \/>\n<meta property=\"og:url\" content=\"https:\/\/revolutionpadelstore.com\/de\/produkt\/malla-bullpadel-pobra-700-1\/\" \/>\n<meta property=\"og:site_name\" content=\"Revolution Padel Store\" \/>\n<meta property=\"article:modified_time\" content=\"2026-04-08T03:06:25+00:00\" \/>\n<meta property=\"og:image\" content=\"https:\/\/revolutionpadelstore.com\/wp-content\/uploads\/2025\/05\/244.png\" \/>\n\t<meta property=\"og:image:width\" content=\"1500\" \/>\n\t<meta property=\"og:image:height\" content=\"1500\" \/>\n\t<meta property=\"og:image:type\" content=\"image\/png\" \/>\n<meta name=\"twitter:card\" content=\"summary_large_image\" \/>\n<meta name=\"twitter:label1\" content=\"Gesch\u00e4tzte Lesezeit\" \/>\n\t<meta name=\"twitter:data1\" content=\"2\u00a0Minuten\" \/>\n<script type=\"application\/ld+json\" class=\"yoast-schema-graph\">{\"@context\":\"https:\\\/\\\/schema.org\",\"@graph\":[{\"@type\":\"WebPage\",\"@id\":\"https:\\\/\\\/revolutionpadelstore.com\\\/de\\\/produkt\\\/malla-bullpadel-pobra-700-1\\\/\",\"url\":\"https:\\\/\\\/revolutionpadelstore.com\\\/de\\\/produkt\\\/malla-bullpadel-pobra-700-1\\\/\",\"name\":\"MALLA BULLPADEL POBRA 700 - Revolution Padel Store\",\"isPartOf\":{\"@id\":\"https:\\\/\\\/revolutionpadelstore.com\\\/de\\\/#website\"},\"primaryImageOfPage\":{\"@id\":\"https:\\\/\\\/revolutionpadelstore.com\\\/de\\\/produkt\\\/malla-bullpadel-pobra-700-1\\\/#primaryimage\"},\"image\":{\"@id\":\"https:\\\/\\\/revolutionpadelstore.com\\\/de\\\/produkt\\\/malla-bullpadel-pobra-700-1\\\/#primaryimage\"},\"thumbnailUrl\":\"https:\\\/\\\/revolutionpadelstore.com\\\/wp-content\\\/uploads\\\/2025\\\/05\\\/244.png\",\"datePublished\":\"2025-05-06T12:15:02+00:00\",\"dateModified\":\"2026-04-08T03:06:25+00:00\",\"description\":\"Descubre las Mallas Bullpadel Pobra para mujer, con cinturilla alta, tecnolog\u00eda Drynamic, bolsillos laterales y dise\u00f1o ergon\u00f3mico. Compra en Revolution Padel Store al mejor precio.\",\"breadcrumb\":{\"@id\":\"https:\\\/\\\/revolutionpadelstore.com\\\/de\\\/produkt\\\/malla-bullpadel-pobra-700-1\\\/#breadcrumb\"},\"inLanguage\":\"de\",\"potentialAction\":[{\"@type\":\"ReadAction\",\"target\":[\"https:\\\/\\\/revolutionpadelstore.com\\\/de\\\/produkt\\\/malla-bullpadel-pobra-700-1\\\/\"]}]},{\"@type\":\"ImageObject\",\"inLanguage\":\"de\",\"@id\":\"https:\\\/\\\/revolutionpadelstore.com\\\/de\\\/produkt\\\/malla-bullpadel-pobra-700-1\\\/#primaryimage\",\"url\":\"https:\\\/\\\/revolutionpadelstore.com\\\/wp-content\\\/uploads\\\/2025\\\/05\\\/244.png\",\"contentUrl\":\"https:\\\/\\\/revolutionpadelstore.com\\\/wp-content\\\/uploads\\\/2025\\\/05\\\/244.png\",\"width\":1500,\"height\":1500},{\"@type\":\"BreadcrumbList\",\"@id\":\"https:\\\/\\\/revolutionpadelstore.com\\\/de\\\/produkt\\\/malla-bullpadel-pobra-700-1\\\/#breadcrumb\",\"itemListElement\":[{\"@type\":\"ListItem\",\"position\":1,\"name\":\"Portada\",\"item\":\"https:\\\/\\\/revolutionpadelstore.com\\\/de\\\/\"},{\"@type\":\"ListItem\",\"position\":2,\"name\":\"Shop\",\"item\":\"https:\\\/\\\/revolutionpadelstore.com\\\/de\\\/tienda\\\/\"},{\"@type\":\"ListItem\",\"position\":3,\"name\":\"MALLA BULLPADEL POBRA 700\"}]},{\"@type\":\"WebSite\",\"@id\":\"https:\\\/\\\/revolutionpadelstore.com\\\/de\\\/#website\",\"url\":\"https:\\\/\\\/revolutionpadelstore.com\\\/de\\\/\",\"name\":\"Revolution Padel Store\",\"description\":\"\",\"publisher\":{\"@id\":\"https:\\\/\\\/revolutionpadelstore.com\\\/de\\\/#organization\"},\"potentialAction\":[{\"@type\":\"SearchAction\",\"target\":{\"@type\":\"EntryPoint\",\"urlTemplate\":\"https:\\\/\\\/revolutionpadelstore.com\\\/de\\\/?s={search_term_string}\"},\"query-input\":{\"@type\":\"PropertyValueSpecification\",\"valueRequired\":true,\"valueName\":\"search_term_string\"}}],\"inLanguage\":\"de\"},{\"@type\":\"Organization\",\"@id\":\"https:\\\/\\\/revolutionpadelstore.com\\\/de\\\/#organization\",\"name\":\"Revolution Padel Store\",\"url\":\"https:\\\/\\\/revolutionpadelstore.com\\\/de\\\/\",\"logo\":{\"@type\":\"ImageObject\",\"inLanguage\":\"de\",\"@id\":\"https:\\\/\\\/revolutionpadelstore.com\\\/de\\\/#\\\/schema\\\/logo\\\/image\\\/\",\"url\":\"https:\\\/\\\/revolutionpadelstore.com\\\/wp-content\\\/uploads\\\/2026\\\/02\\\/revolution-padel-store.jpg\",\"contentUrl\":\"https:\\\/\\\/revolutionpadelstore.com\\\/wp-content\\\/uploads\\\/2026\\\/02\\\/revolution-padel-store.jpg\",\"width\":2000,\"height\":2000,\"caption\":\"Revolution Padel Store\"},\"image\":{\"@id\":\"https:\\\/\\\/revolutionpadelstore.com\\\/de\\\/#\\\/schema\\\/logo\\\/image\\\/\"},\"sameAs\":[\"https:\\\/\\\/www.instagram.com\\\/revolutionpadelstore\\\/\"]}]}<\/script>\n<!-- \/ Yoast SEO plugin. -->","yoast_head_json":{"title":"MALLA BULLPADEL POBRA 700 - Revolution Padel Store","description":"Descubre las Mallas Bullpadel Pobra para mujer, con cinturilla alta, tecnolog\u00eda Drynamic, bolsillos laterales y dise\u00f1o ergon\u00f3mico. Compra en Revolution Padel Store al mejor precio.","robots":{"index":"index","follow":"follow","max-snippet":"max-snippet:-1","max-image-preview":"max-image-preview:large","max-video-preview":"max-video-preview:-1"},"canonical":"https:\/\/revolutionpadelstore.com\/de\/produkt\/malla-bullpadel-pobra-700-1\/","og_locale":"de_DE","og_type":"article","og_title":"MALLA BULLPADEL POBRA 700 - Revolution Padel Store","og_description":"Descubre las Mallas Bullpadel Pobra para mujer, con cinturilla alta, tecnolog\u00eda Drynamic, bolsillos laterales y dise\u00f1o ergon\u00f3mico. Compra en Revolution Padel Store al mejor precio.","og_url":"https:\/\/revolutionpadelstore.com\/de\/produkt\/malla-bullpadel-pobra-700-1\/","og_site_name":"Revolution Padel Store","article_modified_time":"2026-04-08T03:06:25+00:00","og_image":[{"width":1500,"height":1500,"url":"https:\/\/revolutionpadelstore.com\/wp-content\/uploads\/2025\/05\/244.png","type":"image\/png"}],"twitter_card":"summary_large_image","twitter_misc":{"Gesch\u00e4tzte Lesezeit":"2\u00a0Minuten"},"schema":{"@context":"https:\/\/schema.org","@graph":[{"@type":"WebPage","@id":"https:\/\/revolutionpadelstore.com\/de\/produkt\/malla-bullpadel-pobra-700-1\/","url":"https:\/\/revolutionpadelstore.com\/de\/produkt\/malla-bullpadel-pobra-700-1\/","name":"MALLA BULLPADEL POBRA 700 - Revolution Padel Store","isPartOf":{"@id":"https:\/\/revolutionpadelstore.com\/de\/#website"},"primaryImageOfPage":{"@id":"https:\/\/revolutionpadelstore.com\/de\/produkt\/malla-bullpadel-pobra-700-1\/#primaryimage"},"image":{"@id":"https:\/\/revolutionpadelstore.com\/de\/produkt\/malla-bullpadel-pobra-700-1\/#primaryimage"},"thumbnailUrl":"https:\/\/revolutionpadelstore.com\/wp-content\/uploads\/2025\/05\/244.png","datePublished":"2025-05-06T12:15:02+00:00","dateModified":"2026-04-08T03:06:25+00:00","description":"Descubre las Mallas Bullpadel Pobra para mujer, con cinturilla alta, tecnolog\u00eda Drynamic, bolsillos laterales y dise\u00f1o ergon\u00f3mico. Compra en Revolution Padel Store al mejor precio.","breadcrumb":{"@id":"https:\/\/revolutionpadelstore.com\/de\/produkt\/malla-bullpadel-pobra-700-1\/#breadcrumb"},"inLanguage":"de","potentialAction":[{"@type":"ReadAction","target":["https:\/\/revolutionpadelstore.com\/de\/produkt\/malla-bullpadel-pobra-700-1\/"]}]},{"@type":"ImageObject","inLanguage":"de","@id":"https:\/\/revolutionpadelstore.com\/de\/produkt\/malla-bullpadel-pobra-700-1\/#primaryimage","url":"https:\/\/revolutionpadelstore.com\/wp-content\/uploads\/2025\/05\/244.png","contentUrl":"https:\/\/revolutionpadelstore.com\/wp-content\/uploads\/2025\/05\/244.png","width":1500,"height":1500},{"@type":"BreadcrumbList","@id":"https:\/\/revolutionpadelstore.com\/de\/produkt\/malla-bullpadel-pobra-700-1\/#breadcrumb","itemListElement":[{"@type":"ListItem","position":1,"name":"Portada","item":"https:\/\/revolutionpadelstore.com\/de\/"},{"@type":"ListItem","position":2,"name":"Shop","item":"https:\/\/revolutionpadelstore.com\/de\/tienda\/"},{"@type":"ListItem","position":3,"name":"MALLA BULLPADEL POBRA 700"}]},{"@type":"WebSite","@id":"https:\/\/revolutionpadelstore.com\/de\/#website","url":"https:\/\/revolutionpadelstore.com\/de\/","name":"Revolution Padel Store","description":"","publisher":{"@id":"https:\/\/revolutionpadelstore.com\/de\/#organization"},"potentialAction":[{"@type":"SearchAction","target":{"@type":"EntryPoint","urlTemplate":"https:\/\/revolutionpadelstore.com\/de\/?s={search_term_string}"},"query-input":{"@type":"PropertyValueSpecification","valueRequired":true,"valueName":"search_term_string"}}],"inLanguage":"de"},{"@type":"Organization","@id":"https:\/\/revolutionpadelstore.com\/de\/#organization","name":"Revolution Padel Store","url":"https:\/\/revolutionpadelstore.com\/de\/","logo":{"@type":"ImageObject","inLanguage":"de","@id":"https:\/\/revolutionpadelstore.com\/de\/#\/schema\/logo\/image\/","url":"https:\/\/revolutionpadelstore.com\/wp-content\/uploads\/2026\/02\/revolution-padel-store.jpg","contentUrl":"https:\/\/revolutionpadelstore.com\/wp-content\/uploads\/2026\/02\/revolution-padel-store.jpg","width":2000,"height":2000,"caption":"Revolution Padel Store"},"image":{"@id":"https:\/\/revolutionpadelstore.com\/de\/#\/schema\/logo\/image\/"},"sameAs":["https:\/\/www.instagram.com\/revolutionpadelstore\/"]}]}},"_links":{"self":[{"href":"https:\/\/revolutionpadelstore.com\/de\/wp-json\/wp\/v2\/product\/262858","targetHints":{"allow":["GET"]}}],"collection":[{"href":"https:\/\/revolutionpadelstore.com\/de\/wp-json\/wp\/v2\/product"}],"about":[{"href":"https:\/\/revolutionpadelstore.com\/de\/wp-json\/wp\/v2\/types\/product"}],"replies":[{"embeddable":true,"href":"https:\/\/revolutionpadelstore.com\/de\/wp-json\/wp\/v2\/comments?post=262858"}],"wp:featuredmedia":[{"embeddable":true,"href":"https:\/\/revolutionpadelstore.com\/de\/wp-json\/wp\/v2\/media\/262843"}],"wp:attachment":[{"href":"https:\/\/revolutionpadelstore.com\/de\/wp-json\/wp\/v2\/media?parent=262858"}],"wp:term":[{"taxonomy":"acabado","embeddable":true,"href":"https:\/\/revolutionpadelstore.com\/de\/wp-json\/wp\/v2\/acabado?post=262858"},{"taxonomy":"balance","embeddable":true,"href":"https:\/\/revolutionpadelstore.com\/de\/wp-json\/wp\/v2\/balance?post=262858"},{"taxonomy":"dureza","embeddable":true,"href":"https:\/\/revolutionpadelstore.com\/de\/wp-json\/wp\/v2\/dureza?post=262858"},{"taxonomy":"forma","embeddable":true,"href":"https:\/\/revolutionpadelstore.com\/de\/wp-json\/wp\/v2\/forma?post=262858"},{"taxonomy":"jugador","embeddable":true,"href":"https:\/\/revolutionpadelstore.com\/de\/wp-json\/wp\/v2\/jugador?post=262858"},{"taxonomy":"marca","embeddable":true,"href":"https:\/\/revolutionpadelstore.com\/de\/wp-json\/wp\/v2\/marca?post=262858"},{"taxonomy":"nivel-de-juego","embeddable":true,"href":"https:\/\/revolutionpadelstore.com\/de\/wp-json\/wp\/v2\/nivel-de-juego?post=262858"},{"taxonomy":"superficie","embeddable":true,"href":"https:\/\/revolutionpadelstore.com\/de\/wp-json\/wp\/v2\/superficie?post=262858"},{"taxonomy":"tipo-de-juego","embeddable":true,"href":"https:\/\/revolutionpadelstore.com\/de\/wp-json\/wp\/v2\/tipo-de-juego?post=262858"},{"taxonomy":"product_brand","embeddable":true,"href":"https:\/\/revolutionpadelstore.com\/de\/wp-json\/wp\/v2\/product_brand?post=262858"},{"taxonomy":"product_cat","embeddable":true,"href":"https:\/\/revolutionpadelstore.com\/de\/wp-json\/wp\/v2\/product_cat?post=262858"},{"taxonomy":"product_tag","embeddable":true,"href":"https:\/\/revolutionpadelstore.com\/de\/wp-json\/wp\/v2\/product_tag?post=262858"}],"curies":[{"name":"wp","href":"https:\/\/api.w.org\/{rel}","templated":true}]}}