{"id":260835,"date":"2024-04-22T15:24:10","date_gmt":"2024-04-22T13:24:10","guid":{"rendered":"https:\/\/revolutionpadelstore.com\/zapatillas-head-motion-pro-blanco-aqua\/"},"modified":"2026-04-08T12:19:28","modified_gmt":"2026-04-08T10:19:28","slug":"zapatillas-head-motion-pro-blanco-aqua-1","status":"publish","type":"product","link":"https:\/\/revolutionpadelstore.com\/de\/produkt\/zapatillas-head-motion-pro-blanco-aqua-1\/","title":{"rendered":"Zapatillas Head Motion Pro Blanco Aqua"},"content":{"rendered":"<p>Im Revolution Padel Store finden Sie die besten Schuhe f\u00fcr Ihre Padel-Matches, darunter sticht das Modell \u201eHead Motion Pro Padel Women&#8217;s Shoes\u201c hervor. Diese Schuhe wurden speziell f\u00fcr diesen Sport entwickelt und bieten dank ihres modernen Designs mit DynaFoam- und Cooling System-Technologie eine \u00fcberragende Leistung. Diese in Zusammenarbeit mit professionellen HEAD-Spielern entwickelten Funktionen erm\u00f6glichen 360-Grad-Bewegungen und gro\u00dfe Stabilit\u00e4t und Atmungsaktivit\u00e4t, ohne auf Leichtigkeit zu verzichten.<\/p>\n<p> Die Sohle der Motion Pro Padel Damenschuhe wurde in Zusammenarbeit mit MONDO, dem offiziellen Beschichtungslieferanten der World Padel Tour, getestet, was optimalen Halt in alle Richtungen garantiert. Dar\u00fcber hinaus sorgen seine voll elastische Sockenstruktur und die Zwischensohle mit DynaFoam-Technologie, die kleine Luftzellen enth\u00e4lt, f\u00fcr ein au\u00dfergew\u00f6hnliches Ma\u00df an Komfort und Reaktionsf\u00e4higkeit.<\/p>\n<p> Um Ihre F\u00fc\u00dfe beim Spielen k\u00fchl zu halten, verf\u00fcgen diese Schuhe \u00fcber atmungsaktives Mesh und ein Bel\u00fcftungssystem im Mittelfu\u00dfbereich. Und nicht nur das: Sein markantes Design mit dem gro\u00dfen HEAD-Logo verleiht ihm eine moderne und elegante Note.<\/p>\n<p> Aber das ist noch nicht alles, die Motion Pro Padel Damenschuhe verf\u00fcgen auch \u00fcber Funktionen wie das Drift Defense-System, das den Zehen- und Mittelbereich sch\u00fctzt, das Lateral Control+-System, das f\u00fcr seitliche Stabilit\u00e4t sorgt und ein Stolpern bei extremen Schleudern verhindert, und die spezielle Gummimischung Hybrasion das Traktion und Widerstand bietet. Dar\u00fcber hinaus garantieren die Elastic Sock-Konstruktion und die integrierten Mittelfu\u00dfst\u00fctzen Komfort und eine perfekte Passform.<\/p>\n<p> Warten Sie nicht l\u00e4nger und holen Sie sich die Head Motion Pro Padel Damenschuhe im Revolution Padel Store, dem auf Padel-Artikel spezialisierten Gesch\u00e4ft. Mit seinem 360-Grad-Design und modernster Technologie sind diese Schuhe die perfekte Wahl, um Ihr Spiel auf dem Platz zu verbessern. Holen Sie sie sich und sp\u00fcren Sie das<\/p>\n","protected":false},"excerpt":{"rendered":"<p>Entdecken Sie im Revolution Padel Store die HEAD Motion Pro White Aqua-Schuhe, die speziell f\u00fcr Padel mit modernster Technologie entwickelt wurden.<\/p>\n","protected":false},"featured_media":6562,"comment_status":"closed","ping_status":"open","template":"","meta":{"_acf_changed":false,"_joinchat":[]},"acabado":[],"balance":[],"dureza":[],"forma":[],"jugador":[],"marca":[1219],"nivel-de-juego":[1334],"superficie":[],"tipo-de-juego":[],"product_brand":[],"product_cat":[453],"product_tag":[],"class_list":{"0":"post-260835","1":"product","2":"type-product","3":"status-publish","4":"has-post-thumbnail","6":"marca-kopf","7":"product_cat-sneakers-fur-damen","9":"first","10":"outofstock","11":"taxable","12":"shipping-taxable","13":"purchasable","14":"product-type-variable"},"acf":[],"yoast_head":"<!-- This site is optimized with the Yoast SEO plugin v27.4 - https:\/\/yoast.com\/product\/yoast-seo-wordpress\/ -->\n<title>Zapatillas Head Motion Pro Blanco Aqua - Revolution Padel Store<\/title>\n<meta name=\"description\" content=\"Descubre las zapatillas HEAD Motion Pro Blanco Aqua, dise\u00f1adas espec\u00edficamente para padel con tecnolog\u00eda de \u00faltima generaci\u00f3n en Revolution Padel Store&quot;.\" \/>\n<meta name=\"robots\" content=\"index, follow, max-snippet:-1, max-image-preview:large, max-video-preview:-1\" \/>\n<link rel=\"canonical\" href=\"https:\/\/revolutionpadelstore.com\/de\/produkt\/zapatillas-head-motion-pro-blanco-aqua-1\/\" \/>\n<meta property=\"og:locale\" content=\"de_DE\" \/>\n<meta property=\"og:type\" content=\"article\" \/>\n<meta property=\"og:title\" content=\"Zapatillas Head Motion Pro Blanco Aqua - Revolution Padel Store\" \/>\n<meta property=\"og:description\" content=\"Descubre las zapatillas HEAD Motion Pro Blanco Aqua, dise\u00f1adas espec\u00edficamente para padel con tecnolog\u00eda de \u00faltima generaci\u00f3n en Revolution Padel Store&quot;.\" \/>\n<meta property=\"og:url\" content=\"https:\/\/revolutionpadelstore.com\/de\/produkt\/zapatillas-head-motion-pro-blanco-aqua-1\/\" \/>\n<meta property=\"og:site_name\" content=\"Revolution Padel Store\" \/>\n<meta property=\"article:modified_time\" content=\"2026-04-08T10:19:28+00:00\" \/>\n<meta property=\"og:image\" content=\"https:\/\/revolutionpadelstore.com\/wp-content\/uploads\/2024\/04\/17204-0-4.jpg\" \/>\n\t<meta property=\"og:image:width\" content=\"800\" \/>\n\t<meta property=\"og:image:height\" content=\"800\" \/>\n\t<meta property=\"og:image:type\" content=\"image\/png\" \/>\n<meta name=\"twitter:card\" content=\"summary_large_image\" \/>\n<meta name=\"twitter:label1\" content=\"Gesch\u00e4tzte Lesezeit\" \/>\n\t<meta name=\"twitter:data1\" content=\"1\u00a0Minute\" \/>\n<script type=\"application\/ld+json\" class=\"yoast-schema-graph\">{\"@context\":\"https:\\\/\\\/schema.org\",\"@graph\":[{\"@type\":\"WebPage\",\"@id\":\"https:\\\/\\\/revolutionpadelstore.com\\\/de\\\/produkt\\\/zapatillas-head-motion-pro-blanco-aqua-1\\\/\",\"url\":\"https:\\\/\\\/revolutionpadelstore.com\\\/de\\\/produkt\\\/zapatillas-head-motion-pro-blanco-aqua-1\\\/\",\"name\":\"Zapatillas Head Motion Pro Blanco Aqua - Revolution Padel Store\",\"isPartOf\":{\"@id\":\"https:\\\/\\\/revolutionpadelstore.com\\\/de\\\/#website\"},\"primaryImageOfPage\":{\"@id\":\"https:\\\/\\\/revolutionpadelstore.com\\\/de\\\/produkt\\\/zapatillas-head-motion-pro-blanco-aqua-1\\\/#primaryimage\"},\"image\":{\"@id\":\"https:\\\/\\\/revolutionpadelstore.com\\\/de\\\/produkt\\\/zapatillas-head-motion-pro-blanco-aqua-1\\\/#primaryimage\"},\"thumbnailUrl\":\"https:\\\/\\\/revolutionpadelstore.com\\\/wp-content\\\/uploads\\\/2024\\\/04\\\/17204-0-4.jpg\",\"datePublished\":\"2024-04-22T13:24:10+00:00\",\"dateModified\":\"2026-04-08T10:19:28+00:00\",\"description\":\"Descubre las zapatillas HEAD Motion Pro Blanco Aqua, dise\u00f1adas espec\u00edficamente para padel con tecnolog\u00eda de \u00faltima generaci\u00f3n en Revolution Padel Store\\\".\",\"breadcrumb\":{\"@id\":\"https:\\\/\\\/revolutionpadelstore.com\\\/de\\\/produkt\\\/zapatillas-head-motion-pro-blanco-aqua-1\\\/#breadcrumb\"},\"inLanguage\":\"de\",\"potentialAction\":[{\"@type\":\"ReadAction\",\"target\":[\"https:\\\/\\\/revolutionpadelstore.com\\\/de\\\/produkt\\\/zapatillas-head-motion-pro-blanco-aqua-1\\\/\"]}]},{\"@type\":\"ImageObject\",\"inLanguage\":\"de\",\"@id\":\"https:\\\/\\\/revolutionpadelstore.com\\\/de\\\/produkt\\\/zapatillas-head-motion-pro-blanco-aqua-1\\\/#primaryimage\",\"url\":\"https:\\\/\\\/revolutionpadelstore.com\\\/wp-content\\\/uploads\\\/2024\\\/04\\\/17204-0-4.jpg\",\"contentUrl\":\"https:\\\/\\\/revolutionpadelstore.com\\\/wp-content\\\/uploads\\\/2024\\\/04\\\/17204-0-4.jpg\",\"width\":800,\"height\":800},{\"@type\":\"BreadcrumbList\",\"@id\":\"https:\\\/\\\/revolutionpadelstore.com\\\/de\\\/produkt\\\/zapatillas-head-motion-pro-blanco-aqua-1\\\/#breadcrumb\",\"itemListElement\":[{\"@type\":\"ListItem\",\"position\":1,\"name\":\"Portada\",\"item\":\"https:\\\/\\\/revolutionpadelstore.com\\\/de\\\/\"},{\"@type\":\"ListItem\",\"position\":2,\"name\":\"Shop\",\"item\":\"https:\\\/\\\/revolutionpadelstore.com\\\/de\\\/tienda\\\/\"},{\"@type\":\"ListItem\",\"position\":3,\"name\":\"Zapatillas Head Motion Pro Blanco Aqua\"}]},{\"@type\":\"WebSite\",\"@id\":\"https:\\\/\\\/revolutionpadelstore.com\\\/de\\\/#website\",\"url\":\"https:\\\/\\\/revolutionpadelstore.com\\\/de\\\/\",\"name\":\"Revolution Padel Store\",\"description\":\"\",\"publisher\":{\"@id\":\"https:\\\/\\\/revolutionpadelstore.com\\\/de\\\/#organization\"},\"potentialAction\":[{\"@type\":\"SearchAction\",\"target\":{\"@type\":\"EntryPoint\",\"urlTemplate\":\"https:\\\/\\\/revolutionpadelstore.com\\\/de\\\/?s={search_term_string}\"},\"query-input\":{\"@type\":\"PropertyValueSpecification\",\"valueRequired\":true,\"valueName\":\"search_term_string\"}}],\"inLanguage\":\"de\"},{\"@type\":\"Organization\",\"@id\":\"https:\\\/\\\/revolutionpadelstore.com\\\/de\\\/#organization\",\"name\":\"Revolution Padel Store\",\"url\":\"https:\\\/\\\/revolutionpadelstore.com\\\/de\\\/\",\"logo\":{\"@type\":\"ImageObject\",\"inLanguage\":\"de\",\"@id\":\"https:\\\/\\\/revolutionpadelstore.com\\\/de\\\/#\\\/schema\\\/logo\\\/image\\\/\",\"url\":\"https:\\\/\\\/revolutionpadelstore.com\\\/wp-content\\\/uploads\\\/2026\\\/02\\\/revolution-padel-store.jpg\",\"contentUrl\":\"https:\\\/\\\/revolutionpadelstore.com\\\/wp-content\\\/uploads\\\/2026\\\/02\\\/revolution-padel-store.jpg\",\"width\":2000,\"height\":2000,\"caption\":\"Revolution Padel Store\"},\"image\":{\"@id\":\"https:\\\/\\\/revolutionpadelstore.com\\\/de\\\/#\\\/schema\\\/logo\\\/image\\\/\"},\"sameAs\":[\"https:\\\/\\\/www.instagram.com\\\/revolutionpadelstore\\\/\"]}]}<\/script>\n<!-- \/ Yoast SEO plugin. -->","yoast_head_json":{"title":"Zapatillas Head Motion Pro Blanco Aqua - Revolution Padel Store","description":"Descubre las zapatillas HEAD Motion Pro Blanco Aqua, dise\u00f1adas espec\u00edficamente para padel con tecnolog\u00eda de \u00faltima generaci\u00f3n en Revolution Padel Store\".","robots":{"index":"index","follow":"follow","max-snippet":"max-snippet:-1","max-image-preview":"max-image-preview:large","max-video-preview":"max-video-preview:-1"},"canonical":"https:\/\/revolutionpadelstore.com\/de\/produkt\/zapatillas-head-motion-pro-blanco-aqua-1\/","og_locale":"de_DE","og_type":"article","og_title":"Zapatillas Head Motion Pro Blanco Aqua - Revolution Padel Store","og_description":"Descubre las zapatillas HEAD Motion Pro Blanco Aqua, dise\u00f1adas espec\u00edficamente para padel con tecnolog\u00eda de \u00faltima generaci\u00f3n en Revolution Padel Store\".","og_url":"https:\/\/revolutionpadelstore.com\/de\/produkt\/zapatillas-head-motion-pro-blanco-aqua-1\/","og_site_name":"Revolution Padel Store","article_modified_time":"2026-04-08T10:19:28+00:00","og_image":[{"width":800,"height":800,"url":"https:\/\/revolutionpadelstore.com\/wp-content\/uploads\/2024\/04\/17204-0-4.jpg","type":"image\/png"}],"twitter_card":"summary_large_image","twitter_misc":{"Gesch\u00e4tzte Lesezeit":"1\u00a0Minute"},"schema":{"@context":"https:\/\/schema.org","@graph":[{"@type":"WebPage","@id":"https:\/\/revolutionpadelstore.com\/de\/produkt\/zapatillas-head-motion-pro-blanco-aqua-1\/","url":"https:\/\/revolutionpadelstore.com\/de\/produkt\/zapatillas-head-motion-pro-blanco-aqua-1\/","name":"Zapatillas Head Motion Pro Blanco Aqua - Revolution Padel Store","isPartOf":{"@id":"https:\/\/revolutionpadelstore.com\/de\/#website"},"primaryImageOfPage":{"@id":"https:\/\/revolutionpadelstore.com\/de\/produkt\/zapatillas-head-motion-pro-blanco-aqua-1\/#primaryimage"},"image":{"@id":"https:\/\/revolutionpadelstore.com\/de\/produkt\/zapatillas-head-motion-pro-blanco-aqua-1\/#primaryimage"},"thumbnailUrl":"https:\/\/revolutionpadelstore.com\/wp-content\/uploads\/2024\/04\/17204-0-4.jpg","datePublished":"2024-04-22T13:24:10+00:00","dateModified":"2026-04-08T10:19:28+00:00","description":"Descubre las zapatillas HEAD Motion Pro Blanco Aqua, dise\u00f1adas espec\u00edficamente para padel con tecnolog\u00eda de \u00faltima generaci\u00f3n en Revolution Padel Store\".","breadcrumb":{"@id":"https:\/\/revolutionpadelstore.com\/de\/produkt\/zapatillas-head-motion-pro-blanco-aqua-1\/#breadcrumb"},"inLanguage":"de","potentialAction":[{"@type":"ReadAction","target":["https:\/\/revolutionpadelstore.com\/de\/produkt\/zapatillas-head-motion-pro-blanco-aqua-1\/"]}]},{"@type":"ImageObject","inLanguage":"de","@id":"https:\/\/revolutionpadelstore.com\/de\/produkt\/zapatillas-head-motion-pro-blanco-aqua-1\/#primaryimage","url":"https:\/\/revolutionpadelstore.com\/wp-content\/uploads\/2024\/04\/17204-0-4.jpg","contentUrl":"https:\/\/revolutionpadelstore.com\/wp-content\/uploads\/2024\/04\/17204-0-4.jpg","width":800,"height":800},{"@type":"BreadcrumbList","@id":"https:\/\/revolutionpadelstore.com\/de\/produkt\/zapatillas-head-motion-pro-blanco-aqua-1\/#breadcrumb","itemListElement":[{"@type":"ListItem","position":1,"name":"Portada","item":"https:\/\/revolutionpadelstore.com\/de\/"},{"@type":"ListItem","position":2,"name":"Shop","item":"https:\/\/revolutionpadelstore.com\/de\/tienda\/"},{"@type":"ListItem","position":3,"name":"Zapatillas Head Motion Pro Blanco Aqua"}]},{"@type":"WebSite","@id":"https:\/\/revolutionpadelstore.com\/de\/#website","url":"https:\/\/revolutionpadelstore.com\/de\/","name":"Revolution Padel Store","description":"","publisher":{"@id":"https:\/\/revolutionpadelstore.com\/de\/#organization"},"potentialAction":[{"@type":"SearchAction","target":{"@type":"EntryPoint","urlTemplate":"https:\/\/revolutionpadelstore.com\/de\/?s={search_term_string}"},"query-input":{"@type":"PropertyValueSpecification","valueRequired":true,"valueName":"search_term_string"}}],"inLanguage":"de"},{"@type":"Organization","@id":"https:\/\/revolutionpadelstore.com\/de\/#organization","name":"Revolution Padel Store","url":"https:\/\/revolutionpadelstore.com\/de\/","logo":{"@type":"ImageObject","inLanguage":"de","@id":"https:\/\/revolutionpadelstore.com\/de\/#\/schema\/logo\/image\/","url":"https:\/\/revolutionpadelstore.com\/wp-content\/uploads\/2026\/02\/revolution-padel-store.jpg","contentUrl":"https:\/\/revolutionpadelstore.com\/wp-content\/uploads\/2026\/02\/revolution-padel-store.jpg","width":2000,"height":2000,"caption":"Revolution Padel Store"},"image":{"@id":"https:\/\/revolutionpadelstore.com\/de\/#\/schema\/logo\/image\/"},"sameAs":["https:\/\/www.instagram.com\/revolutionpadelstore\/"]}]}},"_links":{"self":[{"href":"https:\/\/revolutionpadelstore.com\/de\/wp-json\/wp\/v2\/product\/260835","targetHints":{"allow":["GET"]}}],"collection":[{"href":"https:\/\/revolutionpadelstore.com\/de\/wp-json\/wp\/v2\/product"}],"about":[{"href":"https:\/\/revolutionpadelstore.com\/de\/wp-json\/wp\/v2\/types\/product"}],"replies":[{"embeddable":true,"href":"https:\/\/revolutionpadelstore.com\/de\/wp-json\/wp\/v2\/comments?post=260835"}],"wp:featuredmedia":[{"embeddable":true,"href":"https:\/\/revolutionpadelstore.com\/de\/wp-json\/wp\/v2\/media\/6562"}],"wp:attachment":[{"href":"https:\/\/revolutionpadelstore.com\/de\/wp-json\/wp\/v2\/media?parent=260835"}],"wp:term":[{"taxonomy":"acabado","embeddable":true,"href":"https:\/\/revolutionpadelstore.com\/de\/wp-json\/wp\/v2\/acabado?post=260835"},{"taxonomy":"balance","embeddable":true,"href":"https:\/\/revolutionpadelstore.com\/de\/wp-json\/wp\/v2\/balance?post=260835"},{"taxonomy":"dureza","embeddable":true,"href":"https:\/\/revolutionpadelstore.com\/de\/wp-json\/wp\/v2\/dureza?post=260835"},{"taxonomy":"forma","embeddable":true,"href":"https:\/\/revolutionpadelstore.com\/de\/wp-json\/wp\/v2\/forma?post=260835"},{"taxonomy":"jugador","embeddable":true,"href":"https:\/\/revolutionpadelstore.com\/de\/wp-json\/wp\/v2\/jugador?post=260835"},{"taxonomy":"marca","embeddable":true,"href":"https:\/\/revolutionpadelstore.com\/de\/wp-json\/wp\/v2\/marca?post=260835"},{"taxonomy":"nivel-de-juego","embeddable":true,"href":"https:\/\/revolutionpadelstore.com\/de\/wp-json\/wp\/v2\/nivel-de-juego?post=260835"},{"taxonomy":"superficie","embeddable":true,"href":"https:\/\/revolutionpadelstore.com\/de\/wp-json\/wp\/v2\/superficie?post=260835"},{"taxonomy":"tipo-de-juego","embeddable":true,"href":"https:\/\/revolutionpadelstore.com\/de\/wp-json\/wp\/v2\/tipo-de-juego?post=260835"},{"taxonomy":"product_brand","embeddable":true,"href":"https:\/\/revolutionpadelstore.com\/de\/wp-json\/wp\/v2\/product_brand?post=260835"},{"taxonomy":"product_cat","embeddable":true,"href":"https:\/\/revolutionpadelstore.com\/de\/wp-json\/wp\/v2\/product_cat?post=260835"},{"taxonomy":"product_tag","embeddable":true,"href":"https:\/\/revolutionpadelstore.com\/de\/wp-json\/wp\/v2\/product_tag?post=260835"}],"curies":[{"name":"wp","href":"https:\/\/api.w.org\/{rel}","templated":true}]}}