{"id":221060,"date":"2025-04-15T12:14:46","date_gmt":"2025-04-15T10:14:46","guid":{"rendered":"https:\/\/revolutionpadelstore.com\/camiseta-bullpadel-berro\/"},"modified":"2026-04-08T05:17:57","modified_gmt":"2026-04-08T03:17:57","slug":"camiseta-bullpadel-berro-1","status":"publish","type":"product","link":"https:\/\/revolutionpadelstore.com\/de\/produkt\/camiseta-bullpadel-berro-1\/","title":{"rendered":"CAMISETA BULLPADEL BERRO"},"content":{"rendered":"<h2> <strong> Bullpadel Berro T -Shirt: Technische Leistung und Stil auf der Spur <\/ strong> <\/ h2><br \/>\nDas Bullpadel Berro -Shirt ist f\u00fcr diejenigen konzipiert, die maximale Komfort suchen, ohne die \u00c4sthetik aufzugeben. Dieses Paddle -Kleidungsstreifen kombiniert fortschrittliche Textiltechnologie mit einem modernen Design, das sowohl f\u00fcr Trainings- als auch f\u00fcr hohe Intensit\u00e4ts\u00fcbereinstimmungen ideal ist.<\/p>\n<h2> <strong> Prominente Eigenschaften <\/ strong> <\/ h2><\/p>\n<p>-aus Polyester ultraleichter Stoff hergestellt, perfekt f\u00fcr Spieler, die die Mobilit\u00e4t sch\u00e4tzen. <\/p>\n<\/p>\n<p>-beinhaltet die RibStop-Technologie, die einen gr\u00f6\u00dferen Widerstand gegen Verschlei\u00df und Haltbarkeit bietet. <\/p>\n<p>-Design mit Halsdetails und Kontrast\u00e4rmel f\u00fcr einen einzigartigen Stil. <\/p>\n<p>-subtile Brust- und R\u00fcckdruck, die eine moderne und sportliche Ber\u00fchrung verleiht. <\/p>\n<p>-ausgestattet mit schnellerDry-Technologie, die den Schwei\u00df erleichtert und den K\u00f6rper w\u00e4hrend des Spiels trocken h\u00e4lt.<\/p>\n<h2> <strong> Vorteile f\u00fcr den Spieler <\/ strong> <\/ h2><\/p>\n<p>-ideal f\u00fcr Spieler, die nach technischen und funktionalen Paddlern suchen.<\/p>\n<p>-leicht und frisch, bevorzugt die Leistung auch in den intensivsten Spielen. <\/p>\n<p><P>-perfekt zu anderen Kleidungsst\u00fccken Bullpadel, eine der Marktmarken des Marktes.<\/p>\n<h2> <strong> Warum Bullpadel Berro w\u00e4hlen? <\/ strong> <\/ h2><br \/>\nBullpadel ist ein Synonym f\u00fcr Innovation, Qualit\u00e4t und Design. Dieses Shirt ist eine hervorragende Option f\u00fcr fordernde Spieler, die sich sowohl im Spiel als auch in ihrer Kleidung abheben m\u00f6chten.<\/p>\n<h2> <strong> hol sie sie jetzt! <\/ strong> <\/ h2><br \/>\nVerpassen Sie nicht die Gelegenheit, Ihre Ausr\u00fcstung mit einem technischen und stilvollen Kleidungsst\u00fcck zu erneuern. Erh\u00e4ltlich in unserem Online -Shop <a href=\"http:\/\/www.revolutionpadelstore.com\/\"> www.revolutionpadelstore.com <\/a>, wahrscheinlich zum besten Marktpreis.<\/p>\n<h2><strong>Camiseta Bullpadel Berro: rendimiento t\u00e9cnico y estilo en la pista<\/strong><\/p>\n","protected":false},"excerpt":{"rendered":"<p>Das Bullpadel Berro -Shirt besteht aus einem ultraleichten Polyester -Stoff und verf\u00fcgt \u00fcber eine schnellere Technologie, die einen hervorragenden Schwei\u00df garantiert. Die aktuellen Design- und Kontrastdetails machen es zu einer idealen Option f\u00fcr Sportler.<\/p>\n","protected":false},"featured_media":221027,"comment_status":"open","ping_status":"closed","template":"","meta":{"_acf_changed":false,"_joinchat":[]},"acabado":[],"balance":[],"dureza":[],"forma":[],"jugador":[1189],"marca":[1254],"nivel-de-juego":[],"superficie":[],"tipo-de-juego":[],"product_brand":[],"product_cat":[323],"product_tag":[],"class_list":{"0":"post-221060","1":"product","2":"type-product","3":"status-publish","4":"has-post-thumbnail","6":"jugador-mann","7":"marca-bullpadel-de","8":"product_cat-ropa-de","10":"first","11":"outofstock","12":"sale","13":"taxable","14":"shipping-taxable","15":"purchasable","16":"product-type-variable"},"acf":[],"yoast_head":"<!-- This site is optimized with the Yoast SEO plugin v27.4 - https:\/\/yoast.com\/product\/yoast-seo-wordpress\/ -->\n<title>CAMISETA BULLPADEL BERRO - Revolution Padel Store<\/title>\n<meta name=\"description\" content=\"Camiseta Bullpadel Berro con tejido t\u00e9cnico ultraligero, tecnolog\u00eda Quickerdry y dise\u00f1o moderno. Cons\u00edguela en Revolution Padel Store al mejor precio online.\" \/>\n<meta name=\"robots\" content=\"index, follow, max-snippet:-1, max-image-preview:large, max-video-preview:-1\" \/>\n<link rel=\"canonical\" href=\"https:\/\/revolutionpadelstore.com\/de\/produkt\/camiseta-bullpadel-berro-1\/\" \/>\n<meta property=\"og:locale\" content=\"de_DE\" \/>\n<meta property=\"og:type\" content=\"article\" \/>\n<meta property=\"og:title\" content=\"CAMISETA BULLPADEL BERRO - Revolution Padel Store\" \/>\n<meta property=\"og:description\" content=\"Camiseta Bullpadel Berro con tejido t\u00e9cnico ultraligero, tecnolog\u00eda Quickerdry y dise\u00f1o moderno. Cons\u00edguela en Revolution Padel Store al mejor precio online.\" \/>\n<meta property=\"og:url\" content=\"https:\/\/revolutionpadelstore.com\/de\/produkt\/camiseta-bullpadel-berro-1\/\" \/>\n<meta property=\"og:site_name\" content=\"Revolution Padel Store\" \/>\n<meta property=\"article:modified_time\" content=\"2026-04-08T03:17:57+00:00\" \/>\n<meta property=\"og:image\" content=\"https:\/\/revolutionpadelstore.com\/wp-content\/uploads\/2025\/04\/114236_camiseta_bullpadel_berro_995_azul_atomico_1200x1200_1_bb9d.webp\" \/>\n\t<meta property=\"og:image:width\" content=\"1200\" \/>\n\t<meta property=\"og:image:height\" content=\"1200\" \/>\n\t<meta property=\"og:image:type\" content=\"image\/webp\" \/>\n<meta name=\"twitter:card\" content=\"summary_large_image\" \/>\n<meta name=\"twitter:label1\" content=\"Gesch\u00e4tzte Lesezeit\" \/>\n\t<meta name=\"twitter:data1\" content=\"2\u00a0Minuten\" \/>\n<script type=\"application\/ld+json\" class=\"yoast-schema-graph\">{\"@context\":\"https:\\\/\\\/schema.org\",\"@graph\":[{\"@type\":\"WebPage\",\"@id\":\"https:\\\/\\\/revolutionpadelstore.com\\\/de\\\/produkt\\\/camiseta-bullpadel-berro-1\\\/\",\"url\":\"https:\\\/\\\/revolutionpadelstore.com\\\/de\\\/produkt\\\/camiseta-bullpadel-berro-1\\\/\",\"name\":\"CAMISETA BULLPADEL BERRO - Revolution Padel Store\",\"isPartOf\":{\"@id\":\"https:\\\/\\\/revolutionpadelstore.com\\\/de\\\/#website\"},\"primaryImageOfPage\":{\"@id\":\"https:\\\/\\\/revolutionpadelstore.com\\\/de\\\/produkt\\\/camiseta-bullpadel-berro-1\\\/#primaryimage\"},\"image\":{\"@id\":\"https:\\\/\\\/revolutionpadelstore.com\\\/de\\\/produkt\\\/camiseta-bullpadel-berro-1\\\/#primaryimage\"},\"thumbnailUrl\":\"https:\\\/\\\/revolutionpadelstore.com\\\/wp-content\\\/uploads\\\/2025\\\/04\\\/114236_camiseta_bullpadel_berro_995_azul_atomico_1200x1200_1_bb9d.webp\",\"datePublished\":\"2025-04-15T10:14:46+00:00\",\"dateModified\":\"2026-04-08T03:17:57+00:00\",\"description\":\"Camiseta Bullpadel Berro con tejido t\u00e9cnico ultraligero, tecnolog\u00eda Quickerdry y dise\u00f1o moderno. Cons\u00edguela en Revolution Padel Store al mejor precio online.\",\"breadcrumb\":{\"@id\":\"https:\\\/\\\/revolutionpadelstore.com\\\/de\\\/produkt\\\/camiseta-bullpadel-berro-1\\\/#breadcrumb\"},\"inLanguage\":\"de\",\"potentialAction\":[{\"@type\":\"ReadAction\",\"target\":[\"https:\\\/\\\/revolutionpadelstore.com\\\/de\\\/produkt\\\/camiseta-bullpadel-berro-1\\\/\"]}]},{\"@type\":\"ImageObject\",\"inLanguage\":\"de\",\"@id\":\"https:\\\/\\\/revolutionpadelstore.com\\\/de\\\/produkt\\\/camiseta-bullpadel-berro-1\\\/#primaryimage\",\"url\":\"https:\\\/\\\/revolutionpadelstore.com\\\/wp-content\\\/uploads\\\/2025\\\/04\\\/114236_camiseta_bullpadel_berro_995_azul_atomico_1200x1200_1_bb9d.webp\",\"contentUrl\":\"https:\\\/\\\/revolutionpadelstore.com\\\/wp-content\\\/uploads\\\/2025\\\/04\\\/114236_camiseta_bullpadel_berro_995_azul_atomico_1200x1200_1_bb9d.webp\",\"width\":1200,\"height\":1200},{\"@type\":\"BreadcrumbList\",\"@id\":\"https:\\\/\\\/revolutionpadelstore.com\\\/de\\\/produkt\\\/camiseta-bullpadel-berro-1\\\/#breadcrumb\",\"itemListElement\":[{\"@type\":\"ListItem\",\"position\":1,\"name\":\"Portada\",\"item\":\"https:\\\/\\\/revolutionpadelstore.com\\\/de\\\/\"},{\"@type\":\"ListItem\",\"position\":2,\"name\":\"Shop\",\"item\":\"https:\\\/\\\/revolutionpadelstore.com\\\/de\\\/tienda\\\/\"},{\"@type\":\"ListItem\",\"position\":3,\"name\":\"CAMISETA BULLPADEL BERRO\"}]},{\"@type\":\"WebSite\",\"@id\":\"https:\\\/\\\/revolutionpadelstore.com\\\/de\\\/#website\",\"url\":\"https:\\\/\\\/revolutionpadelstore.com\\\/de\\\/\",\"name\":\"Revolution Padel Store\",\"description\":\"\",\"publisher\":{\"@id\":\"https:\\\/\\\/revolutionpadelstore.com\\\/de\\\/#organization\"},\"potentialAction\":[{\"@type\":\"SearchAction\",\"target\":{\"@type\":\"EntryPoint\",\"urlTemplate\":\"https:\\\/\\\/revolutionpadelstore.com\\\/de\\\/?s={search_term_string}\"},\"query-input\":{\"@type\":\"PropertyValueSpecification\",\"valueRequired\":true,\"valueName\":\"search_term_string\"}}],\"inLanguage\":\"de\"},{\"@type\":\"Organization\",\"@id\":\"https:\\\/\\\/revolutionpadelstore.com\\\/de\\\/#organization\",\"name\":\"Revolution Padel Store\",\"url\":\"https:\\\/\\\/revolutionpadelstore.com\\\/de\\\/\",\"logo\":{\"@type\":\"ImageObject\",\"inLanguage\":\"de\",\"@id\":\"https:\\\/\\\/revolutionpadelstore.com\\\/de\\\/#\\\/schema\\\/logo\\\/image\\\/\",\"url\":\"https:\\\/\\\/revolutionpadelstore.com\\\/wp-content\\\/uploads\\\/2026\\\/02\\\/revolution-padel-store.jpg\",\"contentUrl\":\"https:\\\/\\\/revolutionpadelstore.com\\\/wp-content\\\/uploads\\\/2026\\\/02\\\/revolution-padel-store.jpg\",\"width\":2000,\"height\":2000,\"caption\":\"Revolution Padel Store\"},\"image\":{\"@id\":\"https:\\\/\\\/revolutionpadelstore.com\\\/de\\\/#\\\/schema\\\/logo\\\/image\\\/\"},\"sameAs\":[\"https:\\\/\\\/www.instagram.com\\\/revolutionpadelstore\\\/\"]}]}<\/script>\n<!-- \/ Yoast SEO plugin. -->","yoast_head_json":{"title":"CAMISETA BULLPADEL BERRO - Revolution Padel Store","description":"Camiseta Bullpadel Berro con tejido t\u00e9cnico ultraligero, tecnolog\u00eda Quickerdry y dise\u00f1o moderno. Cons\u00edguela en Revolution Padel Store al mejor precio online.","robots":{"index":"index","follow":"follow","max-snippet":"max-snippet:-1","max-image-preview":"max-image-preview:large","max-video-preview":"max-video-preview:-1"},"canonical":"https:\/\/revolutionpadelstore.com\/de\/produkt\/camiseta-bullpadel-berro-1\/","og_locale":"de_DE","og_type":"article","og_title":"CAMISETA BULLPADEL BERRO - Revolution Padel Store","og_description":"Camiseta Bullpadel Berro con tejido t\u00e9cnico ultraligero, tecnolog\u00eda Quickerdry y dise\u00f1o moderno. Cons\u00edguela en Revolution Padel Store al mejor precio online.","og_url":"https:\/\/revolutionpadelstore.com\/de\/produkt\/camiseta-bullpadel-berro-1\/","og_site_name":"Revolution Padel Store","article_modified_time":"2026-04-08T03:17:57+00:00","og_image":[{"width":1200,"height":1200,"url":"https:\/\/revolutionpadelstore.com\/wp-content\/uploads\/2025\/04\/114236_camiseta_bullpadel_berro_995_azul_atomico_1200x1200_1_bb9d.webp","type":"image\/webp"}],"twitter_card":"summary_large_image","twitter_misc":{"Gesch\u00e4tzte Lesezeit":"2\u00a0Minuten"},"schema":{"@context":"https:\/\/schema.org","@graph":[{"@type":"WebPage","@id":"https:\/\/revolutionpadelstore.com\/de\/produkt\/camiseta-bullpadel-berro-1\/","url":"https:\/\/revolutionpadelstore.com\/de\/produkt\/camiseta-bullpadel-berro-1\/","name":"CAMISETA BULLPADEL BERRO - Revolution Padel Store","isPartOf":{"@id":"https:\/\/revolutionpadelstore.com\/de\/#website"},"primaryImageOfPage":{"@id":"https:\/\/revolutionpadelstore.com\/de\/produkt\/camiseta-bullpadel-berro-1\/#primaryimage"},"image":{"@id":"https:\/\/revolutionpadelstore.com\/de\/produkt\/camiseta-bullpadel-berro-1\/#primaryimage"},"thumbnailUrl":"https:\/\/revolutionpadelstore.com\/wp-content\/uploads\/2025\/04\/114236_camiseta_bullpadel_berro_995_azul_atomico_1200x1200_1_bb9d.webp","datePublished":"2025-04-15T10:14:46+00:00","dateModified":"2026-04-08T03:17:57+00:00","description":"Camiseta Bullpadel Berro con tejido t\u00e9cnico ultraligero, tecnolog\u00eda Quickerdry y dise\u00f1o moderno. Cons\u00edguela en Revolution Padel Store al mejor precio online.","breadcrumb":{"@id":"https:\/\/revolutionpadelstore.com\/de\/produkt\/camiseta-bullpadel-berro-1\/#breadcrumb"},"inLanguage":"de","potentialAction":[{"@type":"ReadAction","target":["https:\/\/revolutionpadelstore.com\/de\/produkt\/camiseta-bullpadel-berro-1\/"]}]},{"@type":"ImageObject","inLanguage":"de","@id":"https:\/\/revolutionpadelstore.com\/de\/produkt\/camiseta-bullpadel-berro-1\/#primaryimage","url":"https:\/\/revolutionpadelstore.com\/wp-content\/uploads\/2025\/04\/114236_camiseta_bullpadel_berro_995_azul_atomico_1200x1200_1_bb9d.webp","contentUrl":"https:\/\/revolutionpadelstore.com\/wp-content\/uploads\/2025\/04\/114236_camiseta_bullpadel_berro_995_azul_atomico_1200x1200_1_bb9d.webp","width":1200,"height":1200},{"@type":"BreadcrumbList","@id":"https:\/\/revolutionpadelstore.com\/de\/produkt\/camiseta-bullpadel-berro-1\/#breadcrumb","itemListElement":[{"@type":"ListItem","position":1,"name":"Portada","item":"https:\/\/revolutionpadelstore.com\/de\/"},{"@type":"ListItem","position":2,"name":"Shop","item":"https:\/\/revolutionpadelstore.com\/de\/tienda\/"},{"@type":"ListItem","position":3,"name":"CAMISETA BULLPADEL BERRO"}]},{"@type":"WebSite","@id":"https:\/\/revolutionpadelstore.com\/de\/#website","url":"https:\/\/revolutionpadelstore.com\/de\/","name":"Revolution Padel Store","description":"","publisher":{"@id":"https:\/\/revolutionpadelstore.com\/de\/#organization"},"potentialAction":[{"@type":"SearchAction","target":{"@type":"EntryPoint","urlTemplate":"https:\/\/revolutionpadelstore.com\/de\/?s={search_term_string}"},"query-input":{"@type":"PropertyValueSpecification","valueRequired":true,"valueName":"search_term_string"}}],"inLanguage":"de"},{"@type":"Organization","@id":"https:\/\/revolutionpadelstore.com\/de\/#organization","name":"Revolution Padel Store","url":"https:\/\/revolutionpadelstore.com\/de\/","logo":{"@type":"ImageObject","inLanguage":"de","@id":"https:\/\/revolutionpadelstore.com\/de\/#\/schema\/logo\/image\/","url":"https:\/\/revolutionpadelstore.com\/wp-content\/uploads\/2026\/02\/revolution-padel-store.jpg","contentUrl":"https:\/\/revolutionpadelstore.com\/wp-content\/uploads\/2026\/02\/revolution-padel-store.jpg","width":2000,"height":2000,"caption":"Revolution Padel Store"},"image":{"@id":"https:\/\/revolutionpadelstore.com\/de\/#\/schema\/logo\/image\/"},"sameAs":["https:\/\/www.instagram.com\/revolutionpadelstore\/"]}]}},"_links":{"self":[{"href":"https:\/\/revolutionpadelstore.com\/de\/wp-json\/wp\/v2\/product\/221060","targetHints":{"allow":["GET"]}}],"collection":[{"href":"https:\/\/revolutionpadelstore.com\/de\/wp-json\/wp\/v2\/product"}],"about":[{"href":"https:\/\/revolutionpadelstore.com\/de\/wp-json\/wp\/v2\/types\/product"}],"replies":[{"embeddable":true,"href":"https:\/\/revolutionpadelstore.com\/de\/wp-json\/wp\/v2\/comments?post=221060"}],"wp:featuredmedia":[{"embeddable":true,"href":"https:\/\/revolutionpadelstore.com\/de\/wp-json\/wp\/v2\/media\/221027"}],"wp:attachment":[{"href":"https:\/\/revolutionpadelstore.com\/de\/wp-json\/wp\/v2\/media?parent=221060"}],"wp:term":[{"taxonomy":"acabado","embeddable":true,"href":"https:\/\/revolutionpadelstore.com\/de\/wp-json\/wp\/v2\/acabado?post=221060"},{"taxonomy":"balance","embeddable":true,"href":"https:\/\/revolutionpadelstore.com\/de\/wp-json\/wp\/v2\/balance?post=221060"},{"taxonomy":"dureza","embeddable":true,"href":"https:\/\/revolutionpadelstore.com\/de\/wp-json\/wp\/v2\/dureza?post=221060"},{"taxonomy":"forma","embeddable":true,"href":"https:\/\/revolutionpadelstore.com\/de\/wp-json\/wp\/v2\/forma?post=221060"},{"taxonomy":"jugador","embeddable":true,"href":"https:\/\/revolutionpadelstore.com\/de\/wp-json\/wp\/v2\/jugador?post=221060"},{"taxonomy":"marca","embeddable":true,"href":"https:\/\/revolutionpadelstore.com\/de\/wp-json\/wp\/v2\/marca?post=221060"},{"taxonomy":"nivel-de-juego","embeddable":true,"href":"https:\/\/revolutionpadelstore.com\/de\/wp-json\/wp\/v2\/nivel-de-juego?post=221060"},{"taxonomy":"superficie","embeddable":true,"href":"https:\/\/revolutionpadelstore.com\/de\/wp-json\/wp\/v2\/superficie?post=221060"},{"taxonomy":"tipo-de-juego","embeddable":true,"href":"https:\/\/revolutionpadelstore.com\/de\/wp-json\/wp\/v2\/tipo-de-juego?post=221060"},{"taxonomy":"product_brand","embeddable":true,"href":"https:\/\/revolutionpadelstore.com\/de\/wp-json\/wp\/v2\/product_brand?post=221060"},{"taxonomy":"product_cat","embeddable":true,"href":"https:\/\/revolutionpadelstore.com\/de\/wp-json\/wp\/v2\/product_cat?post=221060"},{"taxonomy":"product_tag","embeddable":true,"href":"https:\/\/revolutionpadelstore.com\/de\/wp-json\/wp\/v2\/product_tag?post=221060"}],"curies":[{"name":"wp","href":"https:\/\/api.w.org\/{rel}","templated":true}]}}