{"id":219974,"date":"2025-04-01T23:28:07","date_gmt":"2025-04-01T21:28:07","guid":{"rendered":"https:\/\/revolutionpadelstore.com\/cajon-siux-neo-balls-speed-x24\/"},"modified":"2026-04-08T05:25:12","modified_gmt":"2026-04-08T03:25:12","slug":"cajon-siux-neo-balls-speed-x24-1","status":"publish","type":"product","link":"https:\/\/revolutionpadelstore.com\/de\/produkt\/cajon-siux-neo-balls-speed-x24-1\/","title":{"rendered":"CAJON SIUX NEO BALLS SPEED x24"},"content":{"rendered":"<h2> Siux -Neokugeln Speed \u200b\u200bX24 &#8211; Hoch -Performance -Paddelkugeln <\/ H2><br \/>\nBringen Sie Ihr Spiel mit den <strong> Siux -Neo -B\u00e4llen Speed \u200b\u200bX24 <\/strong> auf die n\u00e4chste Stufe, einige B\u00e4lle, die Ihnen <strong> \u00fcberlegene Leistung, pr\u00e4zise Abpraller und maximale Haltbarkeit <\/strong> selbst unter den anspruchsvollsten Bedingungen bieten. Ihre hervorragende Reaktion in kalten Klimazonen, nassen Umgebungen oder niedrigen H\u00f6hen ist die perfekte Wahl f\u00fcr Spiele und das Training in der N\u00e4he des Meeresspiegels.<\/p>\n<h2> Haupteigenschaften <\/ H2><\/p>\n<p> <strong>&#8211; 24 Ball Pack <\/strong> <\/strong><br \/>\nIdeal f\u00fcr Clubs, intensives Training oder Spieler, die immer Aktien zur Verf\u00fcgung haben. <\/p>\n<p> <strong>&#8211; Optimierte H\u00e4rte <\/strong><br \/>\nSeine feste Konstruktion bietet eine gr\u00f6\u00dfere Haltbarkeit und Verschlei\u00dffestigkeit, ideal f\u00fcr l\u00e4ngere Anwendungen. <\/p>\n<p>&lt;p style = &quot;padding-links: 40px;&quot;<br \/>\nDank ihres ausgezeichneten inneren Drucks sorgt die Geschwindigkeit <\/strong> Siux -Neo -Kugeln <\/strong> ein einheitliches Boot und f\u00f6rdert die Kontrolle und Pr\u00e4zision in jedem Schlag. <\/p>\n<p> <strong> -Rendimiento in kalten und feuchten Klimazonen <\/strong><br \/>\nDiese Kugeln wurden entwickelt, um unter komplizierten atmosph\u00e4rischen Bedingungen wie niedrigen Temperaturen oder Gebieten in der N\u00e4he des Meeresspiegels hervorzuheben.<\/p>\n<h2> Warum die Geschwindigkeit von Siux Neo Bugs w\u00e4hlen?<br \/>\nWeil sie f\u00fcr <strong> Spieler ausgelegt sind, die keine Verpflichtungen f\u00fcr ihre Leistung <\/strong> akzeptieren. Egal, ob Sie Amateur und professionell sind, diese B\u00e4lle bieten Ihnen die Kraft, Konsistenz und Haltbarkeit, die Sie ben\u00f6tigen, um jeden Punkt sicher zu beherrschen.<\/p>\n<p>Holen Sie sich Ihr 24 Siux Neo Speed \u200b\u200bBall Pack in unserem Online -Shop <a href=\"https:\/\/www.revolutionpadelstore.com\/\"> www.revolutionpadelstore.com <\/a> und <strong> wahrscheinlich zum besten Marktpreis <\/strong>.<\/p>\n<h2>Siux Neo Balls Speed x24 \u2013 Pelotas de P\u00e1del de Alto Rendimiento<\/h2>\n","protected":false},"excerpt":{"rendered":"<p>Siux Neo B\u00e4lle Geschwindigkeit X24, B\u00e4lle, die in k\u00e4lteren und feuchten Bereichen spielen sollen. Enth\u00e4lt 24 B\u00e4lle.<\/p>\n","protected":false},"featured_media":216921,"comment_status":"open","ping_status":"closed","template":"","meta":{"_acf_changed":false,"_joinchat":[]},"acabado":[],"balance":[],"dureza":[],"forma":[],"jugador":[],"marca":[1304],"nivel-de-juego":[],"superficie":[],"tipo-de-juego":[],"product_brand":[],"product_cat":[603],"product_tag":[],"class_list":{"0":"post-219974","1":"product","2":"type-product","3":"status-publish","4":"has-post-thumbnail","6":"marca-siux-de","7":"product_cat-balle","9":"first","10":"outofstock","11":"sale","12":"taxable","13":"shipping-taxable","14":"purchasable","15":"product-type-simple"},"acf":[],"yoast_head":"<!-- This site is optimized with the Yoast SEO plugin v27.4 - https:\/\/yoast.com\/product\/yoast-seo-wordpress\/ -->\n<title>CAJON SIUX NEO BALLS SPEED x24 - Revolution Padel Store<\/title>\n<meta name=\"description\" content=\"Compra las pelotas de p\u00e1del Siux Neo Balls Speed x24, ideales para climas fr\u00edos y h\u00famedos. Alta durabilidad, rebote preciso y m\u00e1xima potencia en cada golpe. \u00a1Disponibles online al mejor precio en Revolution Padel Store!\" \/>\n<meta name=\"robots\" content=\"index, follow, max-snippet:-1, max-image-preview:large, max-video-preview:-1\" \/>\n<link rel=\"canonical\" href=\"https:\/\/revolutionpadelstore.com\/de\/produkt\/cajon-siux-neo-balls-speed-x24-1\/\" \/>\n<meta property=\"og:locale\" content=\"de_DE\" \/>\n<meta property=\"og:type\" content=\"article\" \/>\n<meta property=\"og:title\" content=\"CAJON SIUX NEO BALLS SPEED x24 - Revolution Padel Store\" \/>\n<meta property=\"og:description\" content=\"Compra las pelotas de p\u00e1del Siux Neo Balls Speed x24, ideales para climas fr\u00edos y h\u00famedos. Alta durabilidad, rebote preciso y m\u00e1xima potencia en cada golpe. \u00a1Disponibles online al mejor precio en Revolution Padel Store!\" \/>\n<meta property=\"og:url\" content=\"https:\/\/revolutionpadelstore.com\/de\/produkt\/cajon-siux-neo-balls-speed-x24-1\/\" \/>\n<meta property=\"og:site_name\" content=\"Revolution Padel Store\" \/>\n<meta property=\"article:modified_time\" content=\"2026-04-08T03:25:12+00:00\" \/>\n<meta property=\"og:image\" content=\"https:\/\/revolutionpadelstore.com\/wp-content\/uploads\/2025\/04\/siux_cajon_neo_s_1200x1200_4971.webp\" \/>\n\t<meta property=\"og:image:width\" content=\"1200\" \/>\n\t<meta property=\"og:image:height\" content=\"1200\" \/>\n\t<meta property=\"og:image:type\" content=\"image\/webp\" \/>\n<meta name=\"twitter:card\" content=\"summary_large_image\" \/>\n<meta name=\"twitter:label1\" content=\"Gesch\u00e4tzte Lesezeit\" \/>\n\t<meta name=\"twitter:data1\" content=\"2\u00a0Minuten\" \/>\n<script type=\"application\/ld+json\" class=\"yoast-schema-graph\">{\"@context\":\"https:\\\/\\\/schema.org\",\"@graph\":[{\"@type\":\"WebPage\",\"@id\":\"https:\\\/\\\/revolutionpadelstore.com\\\/de\\\/produkt\\\/cajon-siux-neo-balls-speed-x24-1\\\/\",\"url\":\"https:\\\/\\\/revolutionpadelstore.com\\\/de\\\/produkt\\\/cajon-siux-neo-balls-speed-x24-1\\\/\",\"name\":\"CAJON SIUX NEO BALLS SPEED x24 - Revolution Padel Store\",\"isPartOf\":{\"@id\":\"https:\\\/\\\/revolutionpadelstore.com\\\/de\\\/#website\"},\"primaryImageOfPage\":{\"@id\":\"https:\\\/\\\/revolutionpadelstore.com\\\/de\\\/produkt\\\/cajon-siux-neo-balls-speed-x24-1\\\/#primaryimage\"},\"image\":{\"@id\":\"https:\\\/\\\/revolutionpadelstore.com\\\/de\\\/produkt\\\/cajon-siux-neo-balls-speed-x24-1\\\/#primaryimage\"},\"thumbnailUrl\":\"https:\\\/\\\/revolutionpadelstore.com\\\/wp-content\\\/uploads\\\/2025\\\/04\\\/siux_cajon_neo_s_1200x1200_4971.webp\",\"datePublished\":\"2025-04-01T21:28:07+00:00\",\"dateModified\":\"2026-04-08T03:25:12+00:00\",\"description\":\"Compra las pelotas de p\u00e1del Siux Neo Balls Speed x24, ideales para climas fr\u00edos y h\u00famedos. Alta durabilidad, rebote preciso y m\u00e1xima potencia en cada golpe. \u00a1Disponibles online al mejor precio en Revolution Padel Store!\",\"breadcrumb\":{\"@id\":\"https:\\\/\\\/revolutionpadelstore.com\\\/de\\\/produkt\\\/cajon-siux-neo-balls-speed-x24-1\\\/#breadcrumb\"},\"inLanguage\":\"de\",\"potentialAction\":[{\"@type\":\"ReadAction\",\"target\":[\"https:\\\/\\\/revolutionpadelstore.com\\\/de\\\/produkt\\\/cajon-siux-neo-balls-speed-x24-1\\\/\"]}]},{\"@type\":\"ImageObject\",\"inLanguage\":\"de\",\"@id\":\"https:\\\/\\\/revolutionpadelstore.com\\\/de\\\/produkt\\\/cajon-siux-neo-balls-speed-x24-1\\\/#primaryimage\",\"url\":\"https:\\\/\\\/revolutionpadelstore.com\\\/wp-content\\\/uploads\\\/2025\\\/04\\\/siux_cajon_neo_s_1200x1200_4971.webp\",\"contentUrl\":\"https:\\\/\\\/revolutionpadelstore.com\\\/wp-content\\\/uploads\\\/2025\\\/04\\\/siux_cajon_neo_s_1200x1200_4971.webp\",\"width\":1200,\"height\":1200},{\"@type\":\"BreadcrumbList\",\"@id\":\"https:\\\/\\\/revolutionpadelstore.com\\\/de\\\/produkt\\\/cajon-siux-neo-balls-speed-x24-1\\\/#breadcrumb\",\"itemListElement\":[{\"@type\":\"ListItem\",\"position\":1,\"name\":\"Portada\",\"item\":\"https:\\\/\\\/revolutionpadelstore.com\\\/de\\\/\"},{\"@type\":\"ListItem\",\"position\":2,\"name\":\"Shop\",\"item\":\"https:\\\/\\\/revolutionpadelstore.com\\\/de\\\/tienda\\\/\"},{\"@type\":\"ListItem\",\"position\":3,\"name\":\"CAJON SIUX NEO BALLS SPEED x24\"}]},{\"@type\":\"WebSite\",\"@id\":\"https:\\\/\\\/revolutionpadelstore.com\\\/de\\\/#website\",\"url\":\"https:\\\/\\\/revolutionpadelstore.com\\\/de\\\/\",\"name\":\"Revolution Padel Store\",\"description\":\"\",\"publisher\":{\"@id\":\"https:\\\/\\\/revolutionpadelstore.com\\\/de\\\/#organization\"},\"potentialAction\":[{\"@type\":\"SearchAction\",\"target\":{\"@type\":\"EntryPoint\",\"urlTemplate\":\"https:\\\/\\\/revolutionpadelstore.com\\\/de\\\/?s={search_term_string}\"},\"query-input\":{\"@type\":\"PropertyValueSpecification\",\"valueRequired\":true,\"valueName\":\"search_term_string\"}}],\"inLanguage\":\"de\"},{\"@type\":\"Organization\",\"@id\":\"https:\\\/\\\/revolutionpadelstore.com\\\/de\\\/#organization\",\"name\":\"Revolution Padel Store\",\"url\":\"https:\\\/\\\/revolutionpadelstore.com\\\/de\\\/\",\"logo\":{\"@type\":\"ImageObject\",\"inLanguage\":\"de\",\"@id\":\"https:\\\/\\\/revolutionpadelstore.com\\\/de\\\/#\\\/schema\\\/logo\\\/image\\\/\",\"url\":\"https:\\\/\\\/revolutionpadelstore.com\\\/wp-content\\\/uploads\\\/2026\\\/02\\\/revolution-padel-store.jpg\",\"contentUrl\":\"https:\\\/\\\/revolutionpadelstore.com\\\/wp-content\\\/uploads\\\/2026\\\/02\\\/revolution-padel-store.jpg\",\"width\":2000,\"height\":2000,\"caption\":\"Revolution Padel Store\"},\"image\":{\"@id\":\"https:\\\/\\\/revolutionpadelstore.com\\\/de\\\/#\\\/schema\\\/logo\\\/image\\\/\"},\"sameAs\":[\"https:\\\/\\\/www.instagram.com\\\/revolutionpadelstore\\\/\"]}]}<\/script>\n<!-- \/ Yoast SEO plugin. -->","yoast_head_json":{"title":"CAJON SIUX NEO BALLS SPEED x24 - Revolution Padel Store","description":"Compra las pelotas de p\u00e1del Siux Neo Balls Speed x24, ideales para climas fr\u00edos y h\u00famedos. Alta durabilidad, rebote preciso y m\u00e1xima potencia en cada golpe. \u00a1Disponibles online al mejor precio en Revolution Padel Store!","robots":{"index":"index","follow":"follow","max-snippet":"max-snippet:-1","max-image-preview":"max-image-preview:large","max-video-preview":"max-video-preview:-1"},"canonical":"https:\/\/revolutionpadelstore.com\/de\/produkt\/cajon-siux-neo-balls-speed-x24-1\/","og_locale":"de_DE","og_type":"article","og_title":"CAJON SIUX NEO BALLS SPEED x24 - Revolution Padel Store","og_description":"Compra las pelotas de p\u00e1del Siux Neo Balls Speed x24, ideales para climas fr\u00edos y h\u00famedos. Alta durabilidad, rebote preciso y m\u00e1xima potencia en cada golpe. \u00a1Disponibles online al mejor precio en Revolution Padel Store!","og_url":"https:\/\/revolutionpadelstore.com\/de\/produkt\/cajon-siux-neo-balls-speed-x24-1\/","og_site_name":"Revolution Padel Store","article_modified_time":"2026-04-08T03:25:12+00:00","og_image":[{"width":1200,"height":1200,"url":"https:\/\/revolutionpadelstore.com\/wp-content\/uploads\/2025\/04\/siux_cajon_neo_s_1200x1200_4971.webp","type":"image\/webp"}],"twitter_card":"summary_large_image","twitter_misc":{"Gesch\u00e4tzte Lesezeit":"2\u00a0Minuten"},"schema":{"@context":"https:\/\/schema.org","@graph":[{"@type":"WebPage","@id":"https:\/\/revolutionpadelstore.com\/de\/produkt\/cajon-siux-neo-balls-speed-x24-1\/","url":"https:\/\/revolutionpadelstore.com\/de\/produkt\/cajon-siux-neo-balls-speed-x24-1\/","name":"CAJON SIUX NEO BALLS SPEED x24 - Revolution Padel Store","isPartOf":{"@id":"https:\/\/revolutionpadelstore.com\/de\/#website"},"primaryImageOfPage":{"@id":"https:\/\/revolutionpadelstore.com\/de\/produkt\/cajon-siux-neo-balls-speed-x24-1\/#primaryimage"},"image":{"@id":"https:\/\/revolutionpadelstore.com\/de\/produkt\/cajon-siux-neo-balls-speed-x24-1\/#primaryimage"},"thumbnailUrl":"https:\/\/revolutionpadelstore.com\/wp-content\/uploads\/2025\/04\/siux_cajon_neo_s_1200x1200_4971.webp","datePublished":"2025-04-01T21:28:07+00:00","dateModified":"2026-04-08T03:25:12+00:00","description":"Compra las pelotas de p\u00e1del Siux Neo Balls Speed x24, ideales para climas fr\u00edos y h\u00famedos. Alta durabilidad, rebote preciso y m\u00e1xima potencia en cada golpe. \u00a1Disponibles online al mejor precio en Revolution Padel Store!","breadcrumb":{"@id":"https:\/\/revolutionpadelstore.com\/de\/produkt\/cajon-siux-neo-balls-speed-x24-1\/#breadcrumb"},"inLanguage":"de","potentialAction":[{"@type":"ReadAction","target":["https:\/\/revolutionpadelstore.com\/de\/produkt\/cajon-siux-neo-balls-speed-x24-1\/"]}]},{"@type":"ImageObject","inLanguage":"de","@id":"https:\/\/revolutionpadelstore.com\/de\/produkt\/cajon-siux-neo-balls-speed-x24-1\/#primaryimage","url":"https:\/\/revolutionpadelstore.com\/wp-content\/uploads\/2025\/04\/siux_cajon_neo_s_1200x1200_4971.webp","contentUrl":"https:\/\/revolutionpadelstore.com\/wp-content\/uploads\/2025\/04\/siux_cajon_neo_s_1200x1200_4971.webp","width":1200,"height":1200},{"@type":"BreadcrumbList","@id":"https:\/\/revolutionpadelstore.com\/de\/produkt\/cajon-siux-neo-balls-speed-x24-1\/#breadcrumb","itemListElement":[{"@type":"ListItem","position":1,"name":"Portada","item":"https:\/\/revolutionpadelstore.com\/de\/"},{"@type":"ListItem","position":2,"name":"Shop","item":"https:\/\/revolutionpadelstore.com\/de\/tienda\/"},{"@type":"ListItem","position":3,"name":"CAJON SIUX NEO BALLS SPEED x24"}]},{"@type":"WebSite","@id":"https:\/\/revolutionpadelstore.com\/de\/#website","url":"https:\/\/revolutionpadelstore.com\/de\/","name":"Revolution Padel Store","description":"","publisher":{"@id":"https:\/\/revolutionpadelstore.com\/de\/#organization"},"potentialAction":[{"@type":"SearchAction","target":{"@type":"EntryPoint","urlTemplate":"https:\/\/revolutionpadelstore.com\/de\/?s={search_term_string}"},"query-input":{"@type":"PropertyValueSpecification","valueRequired":true,"valueName":"search_term_string"}}],"inLanguage":"de"},{"@type":"Organization","@id":"https:\/\/revolutionpadelstore.com\/de\/#organization","name":"Revolution Padel Store","url":"https:\/\/revolutionpadelstore.com\/de\/","logo":{"@type":"ImageObject","inLanguage":"de","@id":"https:\/\/revolutionpadelstore.com\/de\/#\/schema\/logo\/image\/","url":"https:\/\/revolutionpadelstore.com\/wp-content\/uploads\/2026\/02\/revolution-padel-store.jpg","contentUrl":"https:\/\/revolutionpadelstore.com\/wp-content\/uploads\/2026\/02\/revolution-padel-store.jpg","width":2000,"height":2000,"caption":"Revolution Padel Store"},"image":{"@id":"https:\/\/revolutionpadelstore.com\/de\/#\/schema\/logo\/image\/"},"sameAs":["https:\/\/www.instagram.com\/revolutionpadelstore\/"]}]}},"_links":{"self":[{"href":"https:\/\/revolutionpadelstore.com\/de\/wp-json\/wp\/v2\/product\/219974","targetHints":{"allow":["GET"]}}],"collection":[{"href":"https:\/\/revolutionpadelstore.com\/de\/wp-json\/wp\/v2\/product"}],"about":[{"href":"https:\/\/revolutionpadelstore.com\/de\/wp-json\/wp\/v2\/types\/product"}],"replies":[{"embeddable":true,"href":"https:\/\/revolutionpadelstore.com\/de\/wp-json\/wp\/v2\/comments?post=219974"}],"wp:featuredmedia":[{"embeddable":true,"href":"https:\/\/revolutionpadelstore.com\/de\/wp-json\/wp\/v2\/media\/216921"}],"wp:attachment":[{"href":"https:\/\/revolutionpadelstore.com\/de\/wp-json\/wp\/v2\/media?parent=219974"}],"wp:term":[{"taxonomy":"acabado","embeddable":true,"href":"https:\/\/revolutionpadelstore.com\/de\/wp-json\/wp\/v2\/acabado?post=219974"},{"taxonomy":"balance","embeddable":true,"href":"https:\/\/revolutionpadelstore.com\/de\/wp-json\/wp\/v2\/balance?post=219974"},{"taxonomy":"dureza","embeddable":true,"href":"https:\/\/revolutionpadelstore.com\/de\/wp-json\/wp\/v2\/dureza?post=219974"},{"taxonomy":"forma","embeddable":true,"href":"https:\/\/revolutionpadelstore.com\/de\/wp-json\/wp\/v2\/forma?post=219974"},{"taxonomy":"jugador","embeddable":true,"href":"https:\/\/revolutionpadelstore.com\/de\/wp-json\/wp\/v2\/jugador?post=219974"},{"taxonomy":"marca","embeddable":true,"href":"https:\/\/revolutionpadelstore.com\/de\/wp-json\/wp\/v2\/marca?post=219974"},{"taxonomy":"nivel-de-juego","embeddable":true,"href":"https:\/\/revolutionpadelstore.com\/de\/wp-json\/wp\/v2\/nivel-de-juego?post=219974"},{"taxonomy":"superficie","embeddable":true,"href":"https:\/\/revolutionpadelstore.com\/de\/wp-json\/wp\/v2\/superficie?post=219974"},{"taxonomy":"tipo-de-juego","embeddable":true,"href":"https:\/\/revolutionpadelstore.com\/de\/wp-json\/wp\/v2\/tipo-de-juego?post=219974"},{"taxonomy":"product_brand","embeddable":true,"href":"https:\/\/revolutionpadelstore.com\/de\/wp-json\/wp\/v2\/product_brand?post=219974"},{"taxonomy":"product_cat","embeddable":true,"href":"https:\/\/revolutionpadelstore.com\/de\/wp-json\/wp\/v2\/product_cat?post=219974"},{"taxonomy":"product_tag","embeddable":true,"href":"https:\/\/revolutionpadelstore.com\/de\/wp-json\/wp\/v2\/product_tag?post=219974"}],"curies":[{"name":"wp","href":"https:\/\/api.w.org\/{rel}","templated":true}]}}