{"id":21813,"date":"2024-06-25T13:56:36","date_gmt":"2024-06-25T11:56:36","guid":{"rendered":"https:\/\/revolutionpadelstore.com\/siux-electra-st3-stupa-pro\/"},"modified":"2026-04-10T02:05:38","modified_gmt":"2026-04-10T00:05:38","slug":"siux-electra-st3-stupa-pro-1","status":"publish","type":"product","link":"https:\/\/revolutionpadelstore.com\/de\/produkt\/siux-electra-st3-stupa-pro-1\/","title":{"rendered":"SIUX ELECTRA ST3 STUPA PRO"},"content":{"rendered":"<h2>Siux Electra ST3 Stupa Pro, gutes Handling<\/h2>\n<p>Der Siux Electra ST3 Stupa Pro ist ein Hybridschl\u00e4ger mit mittlerem Spielgef\u00fchl, der Teil der Pro-Serie von Siux ist. Er richtet sich an fortgeschrittene oder professionelle Padelspieler und ist der offizielle Schl\u00e4ger des Spielers <strong>Franco Stupaczuk.<\/strong><\/p>\n<p>Er verf\u00fcgt \u00fcber eine Hybridform mit mittlerer Balance, was ihn zu einem sehr ausgewogenen Schl\u00e4ger macht, der Kraft bei Angriffsschl\u00e4gen und Kontrolle bei Defensivschl\u00e4gen bietet. Es bietet Ihnen eine perfekte Kombination aus Kraft und Kontrolle.<\/p>\n<p>Andererseits hat es ein Gewicht zwischen <strong>355 und 375 Gramm<\/strong>, was bedeutet, dass Sie es aufgrund seiner Leichtigkeit sehr gut handhaben und sich ohne jegliche Einschr\u00e4nkungen auf der Strecke bewegen k\u00f6nnen.<\/p>\n<h2>Vielseitigkeit und gute Anpassungsf\u00e4higkeit<\/h2>\n<p>Die Schlagfl\u00e4chen dieses Siux-Padelschl\u00e4gers f\u00fcr Herren bestehen aus 15K 20*40 Textreme Carbon, einem hochwertigen Carbongewebe mit einem 20-fach-40-Fadenmuster, das f\u00fcr Steifigkeit, Widerstandsf\u00e4higkeit und ein hervorragendes Gleichgewicht zwischen Kontrolle und Kraft sorgt. Dar\u00fcber hinaus haben die Flats eine gl\u00e4nzende und sandige Oberfl\u00e4che, wodurch sich der Ball schneller und Spin dreht.<\/p>\n<p>Der Rohrrahmen besteht aus<strong>3K Carbon und Aramid<\/strong>, was dem Schl\u00e4ger eine hervorragende Verschlei\u00dffestigkeit, Kontrolle und Haltbarkeit verleiht. Au\u00dferdem werden Vibrationen reduziert und gleichzeitig der Komfort erh\u00f6ht. Im Innenkern wurde <strong>hartes EVA-Gummi<\/strong> eingearbeitet, das f\u00fcr eine gute Ballausgabe und einen guten Rebound sorgt.<\/p>\n<h3>Einzigartiger Stil<\/h3>\n<p>Wenn wir uns auf das Design konzentrieren, k\u00f6nnen wir die Kombination aus der Schlichtheit des Klingenk\u00f6rpers mit den metallischen Details und dem metallischen Gelb der Br\u00fccke hervorheben, die einen harmonischen und einzigartigen Kontrast erzielt.<\/p>\n<p>Zu den Technologien geh\u00f6rt der <em>Dual Pro Grip<\/em>, der durch die Herstellung aus SCHAUMGUMMI einen komfortableren und nat\u00fcrlicheren Griff bietet. Sie k\u00f6nnen das Paddel fester und sicherer halten.<\/p>\n<p>Um das Risiko von Verletzungen an Ellbogen und Handgelenken zu verringern, sind au\u00dferdem D\u00e4mpfer enthalten, ein System, das Vibrationen nach einem Aufprall reduziert.<\/p>\n<h2>Siux Electra ST3 Stupa Pro, buena manejabilidad<\/h2>\n","protected":false},"excerpt":{"rendered":"<p>Siux Electra ST3 Stupa Pro, gutes Handling Der Siux Electra ST3 Stupa Pro ist ein Hybridschl\u00e4ger mit mittlerem Spielgef\u00fchl, der Teil der Pro-Serie von Siux ist. Er richtet sich an fortgeschrittene oder professionelle Padelspieler und ist der offizielle Schl\u00e4ger des Spielers Franco Stupaczuk. Er verf\u00fcgt \u00fcber eine Hybridform mit mittlerer Balance, was ihn zu einem [&hellip;]<\/p>\n","protected":false},"featured_media":266426,"comment_status":"open","ping_status":"closed","template":"","meta":{"_acf_changed":false,"_joinchat":[]},"acabado":[1094,1079],"balance":[1139],"dureza":[1154],"forma":[1174],"jugador":[1189,1199],"marca":[1304],"nivel-de-juego":[1334],"superficie":[1359],"tipo-de-juego":[1389,1384],"product_brand":[],"product_cat":[299],"product_tag":[],"class_list":{"0":"post-21813","1":"product","2":"type-product","3":"status-publish","4":"has-post-thumbnail","6":"acabado-arenoso-de","7":"acabado-helligkeit","8":"balance-mittel","9":"dureza-media-de","10":"forma-hybrid","11":"jugador-mann","12":"jugador-mehrzweck","13":"marca-siux-de","14":"superficie-rugosa-de","15":"tipo-de-juego-avanzado-competicion-de","16":"tipo-de-juego-mehrzweck","17":"product_cat-palas-de-padel-de","19":"first","20":"instock","21":"sale","22":"taxable","23":"shipping-taxable","24":"purchasable","25":"product-type-simple"},"acf":[],"yoast_head":"<!-- This site is optimized with the Yoast SEO plugin v27.4 - https:\/\/yoast.com\/product\/yoast-seo-wordpress\/ -->\n<title>SIUX ELECTRA ST3 STUPA PRO - Revolution Padel Store<\/title>\n<meta name=\"description\" content=\"Siux Electra ST3 Stupa Pro, pala h\u00edbrida con balance medio para jugadores avanzados. N\u00facleo de EVA Hard, marco de Carbono 3K y Aramida y caras de Carbono 15K 20*40 Textreme.\" \/>\n<meta name=\"robots\" content=\"index, follow, max-snippet:-1, max-image-preview:large, max-video-preview:-1\" \/>\n<link rel=\"canonical\" href=\"https:\/\/revolutionpadelstore.com\/de\/produkt\/siux-electra-st3-stupa-pro-1\/\" \/>\n<meta property=\"og:locale\" content=\"de_DE\" \/>\n<meta property=\"og:type\" content=\"article\" \/>\n<meta property=\"og:title\" content=\"COMPRAR SIUX ELECTRA ST3 STUPA PRO\" \/>\n<meta property=\"og:description\" content=\"Siux Electra ST3 Stupa Pro, pala h\u00edbrida con balance medio para jugadores avanzados. N\u00facleo de EVA Hard, marco de Carbono 3K y Aramida y caras de Carbono 15K 20*40 Textreme.\" \/>\n<meta property=\"og:url\" content=\"https:\/\/revolutionpadelstore.com\/de\/produkt\/siux-electra-st3-stupa-pro-1\/\" \/>\n<meta property=\"og:site_name\" content=\"Revolution Padel Store\" \/>\n<meta property=\"article:modified_time\" content=\"2026-04-10T00:05:38+00:00\" \/>\n<meta property=\"og:image\" content=\"https:\/\/revolutionpadelstore.com\/wp-content\/uploads\/2024\/06\/109477-siux-electra-stupa-pro-st3-1500x1500-vista1.webp\" \/>\n\t<meta property=\"og:image:width\" content=\"1500\" \/>\n\t<meta property=\"og:image:height\" content=\"1500\" \/>\n\t<meta property=\"og:image:type\" content=\"image\/webp\" \/>\n<meta name=\"twitter:card\" content=\"summary_large_image\" \/>\n<meta name=\"twitter:label1\" content=\"Gesch\u00e4tzte Lesezeit\" \/>\n\t<meta name=\"twitter:data1\" content=\"2\u00a0Minuten\" \/>\n<script type=\"application\/ld+json\" class=\"yoast-schema-graph\">{\"@context\":\"https:\\\/\\\/schema.org\",\"@graph\":[{\"@type\":\"WebPage\",\"@id\":\"https:\\\/\\\/revolutionpadelstore.com\\\/de\\\/produkt\\\/siux-electra-st3-stupa-pro-1\\\/\",\"url\":\"https:\\\/\\\/revolutionpadelstore.com\\\/de\\\/produkt\\\/siux-electra-st3-stupa-pro-1\\\/\",\"name\":\"SIUX ELECTRA ST3 STUPA PRO - Revolution Padel Store\",\"isPartOf\":{\"@id\":\"https:\\\/\\\/revolutionpadelstore.com\\\/de\\\/#website\"},\"primaryImageOfPage\":{\"@id\":\"https:\\\/\\\/revolutionpadelstore.com\\\/de\\\/produkt\\\/siux-electra-st3-stupa-pro-1\\\/#primaryimage\"},\"image\":{\"@id\":\"https:\\\/\\\/revolutionpadelstore.com\\\/de\\\/produkt\\\/siux-electra-st3-stupa-pro-1\\\/#primaryimage\"},\"thumbnailUrl\":\"https:\\\/\\\/revolutionpadelstore.com\\\/wp-content\\\/uploads\\\/2024\\\/06\\\/109477-siux-electra-stupa-pro-st3-1500x1500-vista1.webp\",\"datePublished\":\"2024-06-25T11:56:36+00:00\",\"dateModified\":\"2026-04-10T00:05:38+00:00\",\"description\":\"Siux Electra ST3 Stupa Pro, pala h\u00edbrida con balance medio para jugadores avanzados. N\u00facleo de EVA Hard, marco de Carbono 3K y Aramida y caras de Carbono 15K 20*40 Textreme.\",\"breadcrumb\":{\"@id\":\"https:\\\/\\\/revolutionpadelstore.com\\\/de\\\/produkt\\\/siux-electra-st3-stupa-pro-1\\\/#breadcrumb\"},\"inLanguage\":\"de\",\"potentialAction\":[{\"@type\":\"ReadAction\",\"target\":[\"https:\\\/\\\/revolutionpadelstore.com\\\/de\\\/produkt\\\/siux-electra-st3-stupa-pro-1\\\/\"]}]},{\"@type\":\"ImageObject\",\"inLanguage\":\"de\",\"@id\":\"https:\\\/\\\/revolutionpadelstore.com\\\/de\\\/produkt\\\/siux-electra-st3-stupa-pro-1\\\/#primaryimage\",\"url\":\"https:\\\/\\\/revolutionpadelstore.com\\\/wp-content\\\/uploads\\\/2024\\\/06\\\/109477-siux-electra-stupa-pro-st3-1500x1500-vista1.webp\",\"contentUrl\":\"https:\\\/\\\/revolutionpadelstore.com\\\/wp-content\\\/uploads\\\/2024\\\/06\\\/109477-siux-electra-stupa-pro-st3-1500x1500-vista1.webp\",\"width\":1500,\"height\":1500},{\"@type\":\"BreadcrumbList\",\"@id\":\"https:\\\/\\\/revolutionpadelstore.com\\\/de\\\/produkt\\\/siux-electra-st3-stupa-pro-1\\\/#breadcrumb\",\"itemListElement\":[{\"@type\":\"ListItem\",\"position\":1,\"name\":\"Portada\",\"item\":\"https:\\\/\\\/revolutionpadelstore.com\\\/de\\\/\"},{\"@type\":\"ListItem\",\"position\":2,\"name\":\"Shop\",\"item\":\"https:\\\/\\\/revolutionpadelstore.com\\\/de\\\/tienda\\\/\"},{\"@type\":\"ListItem\",\"position\":3,\"name\":\"SIUX ELECTRA ST3 STUPA PRO\"}]},{\"@type\":\"WebSite\",\"@id\":\"https:\\\/\\\/revolutionpadelstore.com\\\/de\\\/#website\",\"url\":\"https:\\\/\\\/revolutionpadelstore.com\\\/de\\\/\",\"name\":\"Revolution Padel Store\",\"description\":\"\",\"publisher\":{\"@id\":\"https:\\\/\\\/revolutionpadelstore.com\\\/de\\\/#organization\"},\"potentialAction\":[{\"@type\":\"SearchAction\",\"target\":{\"@type\":\"EntryPoint\",\"urlTemplate\":\"https:\\\/\\\/revolutionpadelstore.com\\\/de\\\/?s={search_term_string}\"},\"query-input\":{\"@type\":\"PropertyValueSpecification\",\"valueRequired\":true,\"valueName\":\"search_term_string\"}}],\"inLanguage\":\"de\"},{\"@type\":\"Organization\",\"@id\":\"https:\\\/\\\/revolutionpadelstore.com\\\/de\\\/#organization\",\"name\":\"Revolution Padel Store\",\"url\":\"https:\\\/\\\/revolutionpadelstore.com\\\/de\\\/\",\"logo\":{\"@type\":\"ImageObject\",\"inLanguage\":\"de\",\"@id\":\"https:\\\/\\\/revolutionpadelstore.com\\\/de\\\/#\\\/schema\\\/logo\\\/image\\\/\",\"url\":\"https:\\\/\\\/revolutionpadelstore.com\\\/wp-content\\\/uploads\\\/2026\\\/02\\\/revolution-padel-store.jpg\",\"contentUrl\":\"https:\\\/\\\/revolutionpadelstore.com\\\/wp-content\\\/uploads\\\/2026\\\/02\\\/revolution-padel-store.jpg\",\"width\":2000,\"height\":2000,\"caption\":\"Revolution Padel Store\"},\"image\":{\"@id\":\"https:\\\/\\\/revolutionpadelstore.com\\\/de\\\/#\\\/schema\\\/logo\\\/image\\\/\"},\"sameAs\":[\"https:\\\/\\\/www.instagram.com\\\/revolutionpadelstore\\\/\"]}]}<\/script>\n<!-- \/ Yoast SEO plugin. -->","yoast_head_json":{"title":"SIUX ELECTRA ST3 STUPA PRO - Revolution Padel Store","description":"Siux Electra ST3 Stupa Pro, pala h\u00edbrida con balance medio para jugadores avanzados. N\u00facleo de EVA Hard, marco de Carbono 3K y Aramida y caras de Carbono 15K 20*40 Textreme.","robots":{"index":"index","follow":"follow","max-snippet":"max-snippet:-1","max-image-preview":"max-image-preview:large","max-video-preview":"max-video-preview:-1"},"canonical":"https:\/\/revolutionpadelstore.com\/de\/produkt\/siux-electra-st3-stupa-pro-1\/","og_locale":"de_DE","og_type":"article","og_title":"COMPRAR SIUX ELECTRA ST3 STUPA PRO","og_description":"Siux Electra ST3 Stupa Pro, pala h\u00edbrida con balance medio para jugadores avanzados. N\u00facleo de EVA Hard, marco de Carbono 3K y Aramida y caras de Carbono 15K 20*40 Textreme.","og_url":"https:\/\/revolutionpadelstore.com\/de\/produkt\/siux-electra-st3-stupa-pro-1\/","og_site_name":"Revolution Padel Store","article_modified_time":"2026-04-10T00:05:38+00:00","og_image":[{"width":1500,"height":1500,"url":"https:\/\/revolutionpadelstore.com\/wp-content\/uploads\/2024\/06\/109477-siux-electra-stupa-pro-st3-1500x1500-vista1.webp","type":"image\/webp"}],"twitter_card":"summary_large_image","twitter_misc":{"Gesch\u00e4tzte Lesezeit":"2\u00a0Minuten"},"schema":{"@context":"https:\/\/schema.org","@graph":[{"@type":"WebPage","@id":"https:\/\/revolutionpadelstore.com\/de\/produkt\/siux-electra-st3-stupa-pro-1\/","url":"https:\/\/revolutionpadelstore.com\/de\/produkt\/siux-electra-st3-stupa-pro-1\/","name":"SIUX ELECTRA ST3 STUPA PRO - Revolution Padel Store","isPartOf":{"@id":"https:\/\/revolutionpadelstore.com\/de\/#website"},"primaryImageOfPage":{"@id":"https:\/\/revolutionpadelstore.com\/de\/produkt\/siux-electra-st3-stupa-pro-1\/#primaryimage"},"image":{"@id":"https:\/\/revolutionpadelstore.com\/de\/produkt\/siux-electra-st3-stupa-pro-1\/#primaryimage"},"thumbnailUrl":"https:\/\/revolutionpadelstore.com\/wp-content\/uploads\/2024\/06\/109477-siux-electra-stupa-pro-st3-1500x1500-vista1.webp","datePublished":"2024-06-25T11:56:36+00:00","dateModified":"2026-04-10T00:05:38+00:00","description":"Siux Electra ST3 Stupa Pro, pala h\u00edbrida con balance medio para jugadores avanzados. N\u00facleo de EVA Hard, marco de Carbono 3K y Aramida y caras de Carbono 15K 20*40 Textreme.","breadcrumb":{"@id":"https:\/\/revolutionpadelstore.com\/de\/produkt\/siux-electra-st3-stupa-pro-1\/#breadcrumb"},"inLanguage":"de","potentialAction":[{"@type":"ReadAction","target":["https:\/\/revolutionpadelstore.com\/de\/produkt\/siux-electra-st3-stupa-pro-1\/"]}]},{"@type":"ImageObject","inLanguage":"de","@id":"https:\/\/revolutionpadelstore.com\/de\/produkt\/siux-electra-st3-stupa-pro-1\/#primaryimage","url":"https:\/\/revolutionpadelstore.com\/wp-content\/uploads\/2024\/06\/109477-siux-electra-stupa-pro-st3-1500x1500-vista1.webp","contentUrl":"https:\/\/revolutionpadelstore.com\/wp-content\/uploads\/2024\/06\/109477-siux-electra-stupa-pro-st3-1500x1500-vista1.webp","width":1500,"height":1500},{"@type":"BreadcrumbList","@id":"https:\/\/revolutionpadelstore.com\/de\/produkt\/siux-electra-st3-stupa-pro-1\/#breadcrumb","itemListElement":[{"@type":"ListItem","position":1,"name":"Portada","item":"https:\/\/revolutionpadelstore.com\/de\/"},{"@type":"ListItem","position":2,"name":"Shop","item":"https:\/\/revolutionpadelstore.com\/de\/tienda\/"},{"@type":"ListItem","position":3,"name":"SIUX ELECTRA ST3 STUPA PRO"}]},{"@type":"WebSite","@id":"https:\/\/revolutionpadelstore.com\/de\/#website","url":"https:\/\/revolutionpadelstore.com\/de\/","name":"Revolution Padel Store","description":"","publisher":{"@id":"https:\/\/revolutionpadelstore.com\/de\/#organization"},"potentialAction":[{"@type":"SearchAction","target":{"@type":"EntryPoint","urlTemplate":"https:\/\/revolutionpadelstore.com\/de\/?s={search_term_string}"},"query-input":{"@type":"PropertyValueSpecification","valueRequired":true,"valueName":"search_term_string"}}],"inLanguage":"de"},{"@type":"Organization","@id":"https:\/\/revolutionpadelstore.com\/de\/#organization","name":"Revolution Padel Store","url":"https:\/\/revolutionpadelstore.com\/de\/","logo":{"@type":"ImageObject","inLanguage":"de","@id":"https:\/\/revolutionpadelstore.com\/de\/#\/schema\/logo\/image\/","url":"https:\/\/revolutionpadelstore.com\/wp-content\/uploads\/2026\/02\/revolution-padel-store.jpg","contentUrl":"https:\/\/revolutionpadelstore.com\/wp-content\/uploads\/2026\/02\/revolution-padel-store.jpg","width":2000,"height":2000,"caption":"Revolution Padel Store"},"image":{"@id":"https:\/\/revolutionpadelstore.com\/de\/#\/schema\/logo\/image\/"},"sameAs":["https:\/\/www.instagram.com\/revolutionpadelstore\/"]}]}},"_links":{"self":[{"href":"https:\/\/revolutionpadelstore.com\/de\/wp-json\/wp\/v2\/product\/21813","targetHints":{"allow":["GET"]}}],"collection":[{"href":"https:\/\/revolutionpadelstore.com\/de\/wp-json\/wp\/v2\/product"}],"about":[{"href":"https:\/\/revolutionpadelstore.com\/de\/wp-json\/wp\/v2\/types\/product"}],"replies":[{"embeddable":true,"href":"https:\/\/revolutionpadelstore.com\/de\/wp-json\/wp\/v2\/comments?post=21813"}],"wp:featuredmedia":[{"embeddable":true,"href":"https:\/\/revolutionpadelstore.com\/de\/wp-json\/wp\/v2\/media\/266426"}],"wp:attachment":[{"href":"https:\/\/revolutionpadelstore.com\/de\/wp-json\/wp\/v2\/media?parent=21813"}],"wp:term":[{"taxonomy":"acabado","embeddable":true,"href":"https:\/\/revolutionpadelstore.com\/de\/wp-json\/wp\/v2\/acabado?post=21813"},{"taxonomy":"balance","embeddable":true,"href":"https:\/\/revolutionpadelstore.com\/de\/wp-json\/wp\/v2\/balance?post=21813"},{"taxonomy":"dureza","embeddable":true,"href":"https:\/\/revolutionpadelstore.com\/de\/wp-json\/wp\/v2\/dureza?post=21813"},{"taxonomy":"forma","embeddable":true,"href":"https:\/\/revolutionpadelstore.com\/de\/wp-json\/wp\/v2\/forma?post=21813"},{"taxonomy":"jugador","embeddable":true,"href":"https:\/\/revolutionpadelstore.com\/de\/wp-json\/wp\/v2\/jugador?post=21813"},{"taxonomy":"marca","embeddable":true,"href":"https:\/\/revolutionpadelstore.com\/de\/wp-json\/wp\/v2\/marca?post=21813"},{"taxonomy":"nivel-de-juego","embeddable":true,"href":"https:\/\/revolutionpadelstore.com\/de\/wp-json\/wp\/v2\/nivel-de-juego?post=21813"},{"taxonomy":"superficie","embeddable":true,"href":"https:\/\/revolutionpadelstore.com\/de\/wp-json\/wp\/v2\/superficie?post=21813"},{"taxonomy":"tipo-de-juego","embeddable":true,"href":"https:\/\/revolutionpadelstore.com\/de\/wp-json\/wp\/v2\/tipo-de-juego?post=21813"},{"taxonomy":"product_brand","embeddable":true,"href":"https:\/\/revolutionpadelstore.com\/de\/wp-json\/wp\/v2\/product_brand?post=21813"},{"taxonomy":"product_cat","embeddable":true,"href":"https:\/\/revolutionpadelstore.com\/de\/wp-json\/wp\/v2\/product_cat?post=21813"},{"taxonomy":"product_tag","embeddable":true,"href":"https:\/\/revolutionpadelstore.com\/de\/wp-json\/wp\/v2\/product_tag?post=21813"}],"curies":[{"name":"wp","href":"https:\/\/api.w.org\/{rel}","templated":true}]}}