{"id":217696,"date":"2025-04-11T20:42:20","date_gmt":"2025-04-11T18:42:20","guid":{"rendered":"https:\/\/revolutionpadelstore.com\/nox-ml10-pro-cup-silver-2025\/"},"modified":"2026-04-01T02:17:02","modified_gmt":"2026-04-01T00:17:02","slug":"nox-ml10-pro-cup-silver-2025-1","status":"publish","type":"product","link":"https:\/\/revolutionpadelstore.com\/de\/produkt\/nox-ml10-pro-cup-silver-2025-1\/","title":{"rendered":"NOX ML10 PRO CUP SILVER 2025"},"content":{"rendered":"<p><H2> NOx ML10 Pro Cup Silber 2025-Ligerez<br \/>\nIch entdeckte das neue <strong> NOx ML10 Pro Cup Silver 2025 <\/strong>, eine Entwicklung des Klassiker, das von Spielern aller Ebenen am meisten geliebt wird. Diese runde Schaufel ist neben dem charismatischen <strong> Miguel Lamperti <\/strong> entworfen und bietet ein perfektes Gleichgewicht zwischen <strong> Kontrolle, Kraft und Man\u00f6vrierf\u00e4higkeit <\/strong> mit einer leichteren und agileren Konstruktion als sein Vorg\u00e4nger. Ideal f\u00fcr diejenigen, die Pr\u00e4zision suchen, ohne in jedem Schlag feste Empfindungen aufzugeben.<\/p>\n<h2> Warum den NOx ML10 Pro Cup Silver 2025 w\u00e4hlen?<br \/>\n&lt;p style = &quot;padding-links: 40px;&quot;<\/p>\n<p> <strong> -Issintermediate-Takt<br \/>\n&lt;P style = &quot;padding-links: 40px;&quot;<br \/>\n&lt;P style = &quot;padding-links: 40px;&quot;<br \/>\n&lt;P style = &quot;padding-links: 40px;&quot;<\/p>\n<h2> Technische Eigenschaften <\/H2><\/p>\n<p> <strong> -Forma <\/strong>: rund <\/p>\n<p> <strong> -Grosor <\/strong>: 38 mm <\/p>\n<p> <strong> -Nucole <\/strong>: hr3 <\/p>\n<p><P> <strong> -Marco <\/strong>: carbon <\/p>\n<p> <strong> -Cara <\/strong>: Faserglas Silber <\/p>\n<p><P> <strong> -Control <\/strong>: 95\/100 <\/p>\n<p>&lt;p style = &quot;padding-links: 40px;&quot;<\/p>\n<h2> Ausstehende Technologien <\/H2><br \/>\n&lt;p style = &quot;padding-links: 40px;&quot;<\/p>\n<p> <strong> -HR3 -Kern <\/strong>: Gummi mit hoher Dichte mit ausgezeichnetem Speicher, um die Leistung zu maximieren.<\/p>\n<p> <strong> -Carbon -Rahmen <\/strong>: Kohlenstoffstruktur f\u00fcr eine feste und dauerhafte Schaufel.<br \/>\n&lt;p style = &quot;padding-links: 40px;&quot;<\/p>\n<h2> Eine Schaufel f\u00fcr alle Arten von Spielern <\/ h2><br \/>\nUnabh\u00e4ngig davon, ob Sie Ihre ersten Schritte unternehmen und auf hohem Niveau konkurrieren m\u00f6chten, ist die <strong> ML10 Pro Cup Silver 2025 <\/strong> eine Schaufel, die Sie nicht ausf\u00e4llt. Sein Gleichgewicht, die Verwaltung und die Kraft machen es zu einem der besten Paddelschaufeln <\/strong>, die heute verf\u00fcgbar sind, ideal f\u00fcr diejenigen, die die Leistung sch\u00e4tzen, ohne den Komfort aufzugeben.<\/p>\n<h2> F\u00fchle das Legacy Lamperti an jedem Punkt!<br \/>\nBleiben Sie nicht, ohne eine der bekanntesten Klingen auf dem Markt zu versuchen. Jetzt in unserem Online -Shop erh\u00e4ltlich.<\/p>\n<h2>Nox ML10 Pro Cup Silver 2025-Ligereza, control y el legado de un icono: la pala m\u00e1s vers\u00e1til de Nox<\/h2>\n","protected":false},"excerpt":{"rendered":"<p>Ich entdeckte das neue <strong> NOx ML10 Pro Cup Silver 2025 <\/strong>, eine Entwicklung des Klassiker, das von Spielern aller Ebenen am meisten geliebt wird. Diese runde Schaufel ist neben dem charismatischen <strong> Miguel Lamperti <\/strong> entworfen und bietet ein perfektes Gleichgewicht zwischen <strong> Kontrolle, Kraft und Man\u00f6vrierf\u00e4higkeit <\/strong> mit einer leichteren und agileren Konstruktion als sein Vorg\u00e4nger.<strong>Nox ML10 Pro Cup Silver 2025<\/strong><\/p>\n","protected":false},"featured_media":217655,"comment_status":"open","ping_status":"closed","template":"","meta":{"_acf_changed":false,"_joinchat":[]},"acabado":[1079],"balance":[1144],"dureza":[1154],"forma":[1179],"jugador":[1194],"marca":[1259],"nivel-de-juego":[1339],"superficie":[1354],"tipo-de-juego":[1369,1384],"product_brand":[],"product_cat":[299],"product_tag":[],"class_list":{"0":"post-217696","1":"product","2":"type-product","3":"status-publish","4":"has-post-thumbnail","6":"acabado-helligkeit","7":"balance-niedrig","8":"dureza-media-de","9":"forma-rund","10":"jugador-frau","11":"marca-nox-de","12":"superficie-lisa-de","13":"tipo-de-juego-kontrolle","14":"tipo-de-juego-mehrzweck","15":"product_cat-palas-de-padel-de","17":"first","18":"instock","19":"sale","20":"taxable","21":"shipping-taxable","22":"purchasable","23":"product-type-simple"},"acf":[],"yoast_head":"<!-- This site is optimized with the Yoast SEO plugin v27.3 - https:\/\/yoast.com\/product\/yoast-seo-wordpress\/ -->\n<title>NOX ML10 PRO CUP SILVER 2025 - Revolution Padel Store<\/title>\n<meta name=\"description\" content=\"Descubr\u00ed la Nox ML10 Pro Cup Silver 2025: pala redonda, ligera y potente, con n\u00facleo HR3, marco de carbono y tecnolog\u00eda Smartstrap. Ideal para todo tipo de jugadores. \u00a1Ya en Revolution Padel Store al mejor precio!\" \/>\n<meta name=\"robots\" content=\"index, follow, max-snippet:-1, max-image-preview:large, max-video-preview:-1\" \/>\n<link rel=\"canonical\" href=\"https:\/\/revolutionpadelstore.com\/de\/produkt\/nox-ml10-pro-cup-silver-2025-1\/\" \/>\n<meta property=\"og:locale\" content=\"de_DE\" \/>\n<meta property=\"og:type\" content=\"article\" \/>\n<meta property=\"og:title\" content=\"NOX ML10 PRO CUP SILVER 2025 - Revolution Padel Store\" \/>\n<meta property=\"og:description\" content=\"Descubr\u00ed la Nox ML10 Pro Cup Silver 2025: pala redonda, ligera y potente, con n\u00facleo HR3, marco de carbono y tecnolog\u00eda Smartstrap. Ideal para todo tipo de jugadores. \u00a1Ya en Revolution Padel Store al mejor precio!\" \/>\n<meta property=\"og:url\" content=\"https:\/\/revolutionpadelstore.com\/de\/produkt\/nox-ml10-pro-cup-silver-2025-1\/\" \/>\n<meta property=\"og:site_name\" content=\"Revolution Padel Store\" \/>\n<meta property=\"article:modified_time\" content=\"2026-04-01T00:17:02+00:00\" \/>\n<meta property=\"og:image\" content=\"https:\/\/revolutionpadelstore.com\/wp-content\/uploads\/2025\/04\/222.png\" \/>\n\t<meta property=\"og:image:width\" content=\"1500\" \/>\n\t<meta property=\"og:image:height\" content=\"1500\" \/>\n\t<meta property=\"og:image:type\" content=\"image\/png\" \/>\n<meta name=\"twitter:card\" content=\"summary_large_image\" \/>\n<meta name=\"twitter:label1\" content=\"Gesch\u00e4tzte Lesezeit\" \/>\n\t<meta name=\"twitter:data1\" content=\"2\u00a0Minuten\" \/>\n<script type=\"application\/ld+json\" class=\"yoast-schema-graph\">{\"@context\":\"https:\\\/\\\/schema.org\",\"@graph\":[{\"@type\":\"WebPage\",\"@id\":\"https:\\\/\\\/revolutionpadelstore.com\\\/de\\\/produkt\\\/nox-ml10-pro-cup-silver-2025-1\\\/\",\"url\":\"https:\\\/\\\/revolutionpadelstore.com\\\/de\\\/produkt\\\/nox-ml10-pro-cup-silver-2025-1\\\/\",\"name\":\"NOX ML10 PRO CUP SILVER 2025 - Revolution Padel Store\",\"isPartOf\":{\"@id\":\"https:\\\/\\\/revolutionpadelstore.com\\\/de\\\/#website\"},\"primaryImageOfPage\":{\"@id\":\"https:\\\/\\\/revolutionpadelstore.com\\\/de\\\/produkt\\\/nox-ml10-pro-cup-silver-2025-1\\\/#primaryimage\"},\"image\":{\"@id\":\"https:\\\/\\\/revolutionpadelstore.com\\\/de\\\/produkt\\\/nox-ml10-pro-cup-silver-2025-1\\\/#primaryimage\"},\"thumbnailUrl\":\"https:\\\/\\\/revolutionpadelstore.com\\\/wp-content\\\/uploads\\\/2025\\\/04\\\/222.png\",\"datePublished\":\"2025-04-11T18:42:20+00:00\",\"dateModified\":\"2026-04-01T00:17:02+00:00\",\"description\":\"Descubr\u00ed la Nox ML10 Pro Cup Silver 2025: pala redonda, ligera y potente, con n\u00facleo HR3, marco de carbono y tecnolog\u00eda Smartstrap. Ideal para todo tipo de jugadores. \u00a1Ya en Revolution Padel Store al mejor precio!\",\"breadcrumb\":{\"@id\":\"https:\\\/\\\/revolutionpadelstore.com\\\/de\\\/produkt\\\/nox-ml10-pro-cup-silver-2025-1\\\/#breadcrumb\"},\"inLanguage\":\"de\",\"potentialAction\":[{\"@type\":\"ReadAction\",\"target\":[\"https:\\\/\\\/revolutionpadelstore.com\\\/de\\\/produkt\\\/nox-ml10-pro-cup-silver-2025-1\\\/\"]}]},{\"@type\":\"ImageObject\",\"inLanguage\":\"de\",\"@id\":\"https:\\\/\\\/revolutionpadelstore.com\\\/de\\\/produkt\\\/nox-ml10-pro-cup-silver-2025-1\\\/#primaryimage\",\"url\":\"https:\\\/\\\/revolutionpadelstore.com\\\/wp-content\\\/uploads\\\/2025\\\/04\\\/222.png\",\"contentUrl\":\"https:\\\/\\\/revolutionpadelstore.com\\\/wp-content\\\/uploads\\\/2025\\\/04\\\/222.png\",\"width\":1500,\"height\":1500},{\"@type\":\"BreadcrumbList\",\"@id\":\"https:\\\/\\\/revolutionpadelstore.com\\\/de\\\/produkt\\\/nox-ml10-pro-cup-silver-2025-1\\\/#breadcrumb\",\"itemListElement\":[{\"@type\":\"ListItem\",\"position\":1,\"name\":\"Portada\",\"item\":\"https:\\\/\\\/revolutionpadelstore.com\\\/de\\\/\"},{\"@type\":\"ListItem\",\"position\":2,\"name\":\"Shop\",\"item\":\"https:\\\/\\\/revolutionpadelstore.com\\\/de\\\/tienda\\\/\"},{\"@type\":\"ListItem\",\"position\":3,\"name\":\"NOX ML10 PRO CUP SILVER 2025\"}]},{\"@type\":\"WebSite\",\"@id\":\"https:\\\/\\\/revolutionpadelstore.com\\\/de\\\/#website\",\"url\":\"https:\\\/\\\/revolutionpadelstore.com\\\/de\\\/\",\"name\":\"Revolution Padel Store\",\"description\":\"\",\"publisher\":{\"@id\":\"https:\\\/\\\/revolutionpadelstore.com\\\/de\\\/#organization\"},\"potentialAction\":[{\"@type\":\"SearchAction\",\"target\":{\"@type\":\"EntryPoint\",\"urlTemplate\":\"https:\\\/\\\/revolutionpadelstore.com\\\/de\\\/?s={search_term_string}\"},\"query-input\":{\"@type\":\"PropertyValueSpecification\",\"valueRequired\":true,\"valueName\":\"search_term_string\"}}],\"inLanguage\":\"de\"},{\"@type\":\"Organization\",\"@id\":\"https:\\\/\\\/revolutionpadelstore.com\\\/de\\\/#organization\",\"name\":\"Revolution Padel Store\",\"url\":\"https:\\\/\\\/revolutionpadelstore.com\\\/de\\\/\",\"logo\":{\"@type\":\"ImageObject\",\"inLanguage\":\"de\",\"@id\":\"https:\\\/\\\/revolutionpadelstore.com\\\/de\\\/#\\\/schema\\\/logo\\\/image\\\/\",\"url\":\"https:\\\/\\\/revolutionpadelstore.com\\\/wp-content\\\/uploads\\\/2026\\\/02\\\/revolution-padel-store.jpg\",\"contentUrl\":\"https:\\\/\\\/revolutionpadelstore.com\\\/wp-content\\\/uploads\\\/2026\\\/02\\\/revolution-padel-store.jpg\",\"width\":2000,\"height\":2000,\"caption\":\"Revolution Padel Store\"},\"image\":{\"@id\":\"https:\\\/\\\/revolutionpadelstore.com\\\/de\\\/#\\\/schema\\\/logo\\\/image\\\/\"},\"sameAs\":[\"https:\\\/\\\/www.instagram.com\\\/revolutionpadelstore\\\/\"]}]}<\/script>\n<!-- \/ Yoast SEO plugin. -->","yoast_head_json":{"title":"NOX ML10 PRO CUP SILVER 2025 - Revolution Padel Store","description":"Descubr\u00ed la Nox ML10 Pro Cup Silver 2025: pala redonda, ligera y potente, con n\u00facleo HR3, marco de carbono y tecnolog\u00eda Smartstrap. Ideal para todo tipo de jugadores. \u00a1Ya en Revolution Padel Store al mejor precio!","robots":{"index":"index","follow":"follow","max-snippet":"max-snippet:-1","max-image-preview":"max-image-preview:large","max-video-preview":"max-video-preview:-1"},"canonical":"https:\/\/revolutionpadelstore.com\/de\/produkt\/nox-ml10-pro-cup-silver-2025-1\/","og_locale":"de_DE","og_type":"article","og_title":"NOX ML10 PRO CUP SILVER 2025 - Revolution Padel Store","og_description":"Descubr\u00ed la Nox ML10 Pro Cup Silver 2025: pala redonda, ligera y potente, con n\u00facleo HR3, marco de carbono y tecnolog\u00eda Smartstrap. Ideal para todo tipo de jugadores. \u00a1Ya en Revolution Padel Store al mejor precio!","og_url":"https:\/\/revolutionpadelstore.com\/de\/produkt\/nox-ml10-pro-cup-silver-2025-1\/","og_site_name":"Revolution Padel Store","article_modified_time":"2026-04-01T00:17:02+00:00","og_image":[{"width":1500,"height":1500,"url":"https:\/\/revolutionpadelstore.com\/wp-content\/uploads\/2025\/04\/222.png","type":"image\/png"}],"twitter_card":"summary_large_image","twitter_misc":{"Gesch\u00e4tzte Lesezeit":"2\u00a0Minuten"},"schema":{"@context":"https:\/\/schema.org","@graph":[{"@type":"WebPage","@id":"https:\/\/revolutionpadelstore.com\/de\/produkt\/nox-ml10-pro-cup-silver-2025-1\/","url":"https:\/\/revolutionpadelstore.com\/de\/produkt\/nox-ml10-pro-cup-silver-2025-1\/","name":"NOX ML10 PRO CUP SILVER 2025 - Revolution Padel Store","isPartOf":{"@id":"https:\/\/revolutionpadelstore.com\/de\/#website"},"primaryImageOfPage":{"@id":"https:\/\/revolutionpadelstore.com\/de\/produkt\/nox-ml10-pro-cup-silver-2025-1\/#primaryimage"},"image":{"@id":"https:\/\/revolutionpadelstore.com\/de\/produkt\/nox-ml10-pro-cup-silver-2025-1\/#primaryimage"},"thumbnailUrl":"https:\/\/revolutionpadelstore.com\/wp-content\/uploads\/2025\/04\/222.png","datePublished":"2025-04-11T18:42:20+00:00","dateModified":"2026-04-01T00:17:02+00:00","description":"Descubr\u00ed la Nox ML10 Pro Cup Silver 2025: pala redonda, ligera y potente, con n\u00facleo HR3, marco de carbono y tecnolog\u00eda Smartstrap. Ideal para todo tipo de jugadores. \u00a1Ya en Revolution Padel Store al mejor precio!","breadcrumb":{"@id":"https:\/\/revolutionpadelstore.com\/de\/produkt\/nox-ml10-pro-cup-silver-2025-1\/#breadcrumb"},"inLanguage":"de","potentialAction":[{"@type":"ReadAction","target":["https:\/\/revolutionpadelstore.com\/de\/produkt\/nox-ml10-pro-cup-silver-2025-1\/"]}]},{"@type":"ImageObject","inLanguage":"de","@id":"https:\/\/revolutionpadelstore.com\/de\/produkt\/nox-ml10-pro-cup-silver-2025-1\/#primaryimage","url":"https:\/\/revolutionpadelstore.com\/wp-content\/uploads\/2025\/04\/222.png","contentUrl":"https:\/\/revolutionpadelstore.com\/wp-content\/uploads\/2025\/04\/222.png","width":1500,"height":1500},{"@type":"BreadcrumbList","@id":"https:\/\/revolutionpadelstore.com\/de\/produkt\/nox-ml10-pro-cup-silver-2025-1\/#breadcrumb","itemListElement":[{"@type":"ListItem","position":1,"name":"Portada","item":"https:\/\/revolutionpadelstore.com\/de\/"},{"@type":"ListItem","position":2,"name":"Shop","item":"https:\/\/revolutionpadelstore.com\/de\/tienda\/"},{"@type":"ListItem","position":3,"name":"NOX ML10 PRO CUP SILVER 2025"}]},{"@type":"WebSite","@id":"https:\/\/revolutionpadelstore.com\/de\/#website","url":"https:\/\/revolutionpadelstore.com\/de\/","name":"Revolution Padel Store","description":"","publisher":{"@id":"https:\/\/revolutionpadelstore.com\/de\/#organization"},"potentialAction":[{"@type":"SearchAction","target":{"@type":"EntryPoint","urlTemplate":"https:\/\/revolutionpadelstore.com\/de\/?s={search_term_string}"},"query-input":{"@type":"PropertyValueSpecification","valueRequired":true,"valueName":"search_term_string"}}],"inLanguage":"de"},{"@type":"Organization","@id":"https:\/\/revolutionpadelstore.com\/de\/#organization","name":"Revolution Padel Store","url":"https:\/\/revolutionpadelstore.com\/de\/","logo":{"@type":"ImageObject","inLanguage":"de","@id":"https:\/\/revolutionpadelstore.com\/de\/#\/schema\/logo\/image\/","url":"https:\/\/revolutionpadelstore.com\/wp-content\/uploads\/2026\/02\/revolution-padel-store.jpg","contentUrl":"https:\/\/revolutionpadelstore.com\/wp-content\/uploads\/2026\/02\/revolution-padel-store.jpg","width":2000,"height":2000,"caption":"Revolution Padel Store"},"image":{"@id":"https:\/\/revolutionpadelstore.com\/de\/#\/schema\/logo\/image\/"},"sameAs":["https:\/\/www.instagram.com\/revolutionpadelstore\/"]}]}},"_links":{"self":[{"href":"https:\/\/revolutionpadelstore.com\/de\/wp-json\/wp\/v2\/product\/217696","targetHints":{"allow":["GET"]}}],"collection":[{"href":"https:\/\/revolutionpadelstore.com\/de\/wp-json\/wp\/v2\/product"}],"about":[{"href":"https:\/\/revolutionpadelstore.com\/de\/wp-json\/wp\/v2\/types\/product"}],"replies":[{"embeddable":true,"href":"https:\/\/revolutionpadelstore.com\/de\/wp-json\/wp\/v2\/comments?post=217696"}],"wp:featuredmedia":[{"embeddable":true,"href":"https:\/\/revolutionpadelstore.com\/de\/wp-json\/wp\/v2\/media\/217655"}],"wp:attachment":[{"href":"https:\/\/revolutionpadelstore.com\/de\/wp-json\/wp\/v2\/media?parent=217696"}],"wp:term":[{"taxonomy":"acabado","embeddable":true,"href":"https:\/\/revolutionpadelstore.com\/de\/wp-json\/wp\/v2\/acabado?post=217696"},{"taxonomy":"balance","embeddable":true,"href":"https:\/\/revolutionpadelstore.com\/de\/wp-json\/wp\/v2\/balance?post=217696"},{"taxonomy":"dureza","embeddable":true,"href":"https:\/\/revolutionpadelstore.com\/de\/wp-json\/wp\/v2\/dureza?post=217696"},{"taxonomy":"forma","embeddable":true,"href":"https:\/\/revolutionpadelstore.com\/de\/wp-json\/wp\/v2\/forma?post=217696"},{"taxonomy":"jugador","embeddable":true,"href":"https:\/\/revolutionpadelstore.com\/de\/wp-json\/wp\/v2\/jugador?post=217696"},{"taxonomy":"marca","embeddable":true,"href":"https:\/\/revolutionpadelstore.com\/de\/wp-json\/wp\/v2\/marca?post=217696"},{"taxonomy":"nivel-de-juego","embeddable":true,"href":"https:\/\/revolutionpadelstore.com\/de\/wp-json\/wp\/v2\/nivel-de-juego?post=217696"},{"taxonomy":"superficie","embeddable":true,"href":"https:\/\/revolutionpadelstore.com\/de\/wp-json\/wp\/v2\/superficie?post=217696"},{"taxonomy":"tipo-de-juego","embeddable":true,"href":"https:\/\/revolutionpadelstore.com\/de\/wp-json\/wp\/v2\/tipo-de-juego?post=217696"},{"taxonomy":"product_brand","embeddable":true,"href":"https:\/\/revolutionpadelstore.com\/de\/wp-json\/wp\/v2\/product_brand?post=217696"},{"taxonomy":"product_cat","embeddable":true,"href":"https:\/\/revolutionpadelstore.com\/de\/wp-json\/wp\/v2\/product_cat?post=217696"},{"taxonomy":"product_tag","embeddable":true,"href":"https:\/\/revolutionpadelstore.com\/de\/wp-json\/wp\/v2\/product_tag?post=217696"}],"curies":[{"name":"wp","href":"https:\/\/api.w.org\/{rel}","templated":true}]}}