{"id":217401,"date":"2025-04-11T19:22:39","date_gmt":"2025-04-11T17:22:39","guid":{"rendered":"https:\/\/revolutionpadelstore.com\/?post_type=product&#038;p=217401"},"modified":"2026-04-01T02:18:51","modified_gmt":"2026-04-01T00:18:51","slug":"nox-vk10-quantum-3k-aranzazu-osoro-1","status":"publish","type":"product","link":"https:\/\/revolutionpadelstore.com\/de\/produkt\/nox-vk10-quantum-3k-aranzazu-osoro-1\/","title":{"rendered":"NOX VK10 QUANTUM 3K ARANZAZU OSORO"},"content":{"rendered":"<h2> NOX VK10 Quantum 3K Aranzazu Osoro 2025 &#8211; Pr\u00e4zision, Stil und Leistung in jedem Staatsstreich <\/ H2><br \/>\nEntdecken Sie den <strong> nox vk10 Quantum 3K 2025 <\/strong>, die offizielle Schaufel von <strong> Aranzazu Osoro <\/strong>, der &#8220;La Vikinga&#8221; mit dem Spitznamen &#8220;La Vikinga&#8221;, einer Elite -Spielerin, die mit ihrer Macht, ihrer Pr\u00e4zision und ihrem Kampfgeist inspiriert. Basierend auf dem legend\u00e4ren <strong> ML10 Quantum 3K von Miguel Lamperti <\/strong> wird diese Schaufel mit einem runden Format und einem leichten Gewicht (350-365G) dargestellt, ideal f\u00fcr diejenigen, die maximale Management-, Kontroll- und Reaktionsgeschwindigkeit suchen.<\/p>\n<p>Diese Schaufel wurde f\u00fcr intermedi\u00e4re und fortgeschrittene <\/strong> <\/strong> Spieler entwickelt und f\u00e4llt auf seinen hervorragenden <strong> Sweet Point <\/strong> heraus. Eine visuelle und technische Show auf dem Track.<\/p>\n<h2> fortschrittliche Technologien des Nox VK10 Quantum 3K 2025 <\/H2><\/p>\n<p> <strong> -Carbon 3K <\/strong>: Ver miteinander verbundene Kohlefaser, die eine resistente und dauerhafte Struktur liefert.<br \/>\n&lt;p style = &quot;padding-links: 40px;&quot;<br \/>\n&lt;p style = &quot;padding-links: 40px;&quot;<br \/>\n&lt;p style = &quot;padding-links: 40px;&quot;<\/p>\n<p> <strong> -Exklusive Spin <\/strong>: Raue Oberfl\u00e4che mit doppelter Textur f\u00fcr einen gr\u00f6\u00dferen Einfluss auf jeden Schlag.<\/p>\n<p> <strong> -Puls -System <\/strong>: Vibrationsreduktionstechnologie, die die Gelenke sch\u00fctzt.<\/p>\n<p> <strong> -eos flap <\/strong>: Strategische Perforationen zur Verbesserung der Gewichtsverteilung und zur Erh\u00f6hung der Beweglichkeit.<br \/>\n&lt;p style = &quot;padding-links: 40px;&quot;<\/p>\n<h2> <strong> Wer ist der VK10 Quantum 3k? <\/ strong> <\/ h2><br \/>\nDiese Schaufel eignet sich perfekt f\u00fcr <strong> Intermediate -Spieler, die Ihr Spiel entwickeln m\u00f6chten, ohne die Kontrolle und den Komfort aufzugeben. Es ist auch ideal f\u00fcr diejenigen, die nach einer <strong> ausgewogenen professionellen Schaufel <\/strong> suchen, mit innovativen Technologien, die die Leistung maximieren und das Risiko von Verletzungen minimieren.<\/p>\n<h2> Ausstehende Leistungen <\/ H2><\/p>\n<p>-Hervorragende Kombination zwischen <strong> Kontrolle und Leistung <\/strong>. <\/p>\n<p>-perfekt f\u00fcr <strong> Spieler, die nach Pr\u00e4zision suchen <\/strong> ohne Geschwindigkeit zu verlieren. <\/p>\n<p>-Vibrationen Reduktion f\u00fcr <strong> bequemste und sichere Spiele <\/strong>. <\/p>\n<p>-exklusive \u00c4sthetik mit <strong> Color Technology Change <\/strong>. <\/p>\n<p><P>-Konstruktion von <strong> hohen Reichweite mit haltbaren Materialien <\/strong>. <\/p>\n<h2> Holen Sie sich die Aranzazu Osoro Schaufel <\/ h2><br \/>\nWenn Sie nach einem vielseitigen, professionellen und Charakter suchen, ist der <strong> NOX VK10 Quantum 3K 2025 <\/strong> Ihr bester Verb\u00fcndeter, um jeden Punkt zu beherrschen. Jetzt in unserem Online -Shop erh\u00e4ltlich. Verpassen Sie diese Gelegenheit nicht!<\/p>\n<h2>Nox VK10 Quantum 3K Aranzazu Osoro 2025 \u2013 Precisi\u00f3n, estilo y rendimiento en cada golpe<\/h2>\n","protected":false},"excerpt":{"rendered":"<p>Der NOX VK10 Quantum 3K Aranzazu Osoro 2025 ist die offizielle Schaufel von Aranzazu Osoro, die f\u00fcr mittlere bis fortgeschrittene Spieler ausgelegt ist, die nach einer ausgewogenen Kombination zwischen Kontrolle und Leistung suchen.<\/p>\n","protected":false},"featured_media":217407,"comment_status":"open","ping_status":"closed","template":"","meta":{"_acf_changed":false,"_joinchat":[]},"acabado":[1089],"balance":[1144],"dureza":[1154],"forma":[1179],"jugador":[1194],"marca":[1259],"nivel-de-juego":[1334,1339],"superficie":[1359],"tipo-de-juego":[1369],"product_brand":[],"product_cat":[299],"product_tag":[],"class_list":{"0":"post-217401","1":"product","2":"type-product","3":"status-publish","4":"has-post-thumbnail","6":"acabado-3d-entlasten","7":"balance-niedrig","8":"dureza-media-de","9":"forma-rund","10":"jugador-frau","11":"marca-nox-de","12":"superficie-rugosa-de","13":"tipo-de-juego-kontrolle","14":"product_cat-palas-de-padel-de","16":"first","17":"instock","18":"sale","19":"taxable","20":"shipping-taxable","21":"purchasable","22":"product-type-simple"},"acf":[],"yoast_head":"<!-- This site is optimized with the Yoast SEO plugin v27.3 - https:\/\/yoast.com\/product\/yoast-seo-wordpress\/ -->\n<title>NOX VK10 QUANTUM 3K ARANZAZU OSORO - Revolution Padel Store<\/title>\n<meta name=\"description\" content=\"Compra la Nox VK10 Quantum 3K Aranzazu Osoro 2025, pala profesional con formato redondo, carbono 3K, acabado rugoso y dise\u00f1o exclusivo. Ideal para jugadores intermedios y avanzados.\" \/>\n<meta name=\"robots\" content=\"index, follow, max-snippet:-1, max-image-preview:large, max-video-preview:-1\" \/>\n<link rel=\"canonical\" href=\"https:\/\/revolutionpadelstore.com\/de\/produkt\/nox-vk10-quantum-3k-aranzazu-osoro-1\/\" \/>\n<meta property=\"og:locale\" content=\"de_DE\" \/>\n<meta property=\"og:type\" content=\"article\" \/>\n<meta property=\"og:title\" content=\"NOX VK10 QUANTUM 3K ARANZAZU OSORO - Revolution Padel Store\" \/>\n<meta property=\"og:description\" content=\"Compra la Nox VK10 Quantum 3K Aranzazu Osoro 2025, pala profesional con formato redondo, carbono 3K, acabado rugoso y dise\u00f1o exclusivo. Ideal para jugadores intermedios y avanzados.\" \/>\n<meta property=\"og:url\" content=\"https:\/\/revolutionpadelstore.com\/de\/produkt\/nox-vk10-quantum-3k-aranzazu-osoro-1\/\" \/>\n<meta property=\"og:site_name\" content=\"Revolution Padel Store\" \/>\n<meta property=\"article:modified_time\" content=\"2026-04-01T00:18:51+00:00\" \/>\n<meta property=\"og:image\" content=\"https:\/\/revolutionpadelstore.com\/wp-content\/uploads\/2025\/04\/117970-pala-nox-vk10-quantum-3k-by-aranzazu-osoro-pvk10luxq25-1500x1500-1.webp\" \/>\n\t<meta property=\"og:image:width\" content=\"1500\" \/>\n\t<meta property=\"og:image:height\" content=\"1500\" \/>\n\t<meta property=\"og:image:type\" content=\"image\/webp\" \/>\n<meta name=\"twitter:card\" content=\"summary_large_image\" \/>\n<meta name=\"twitter:label1\" content=\"Gesch\u00e4tzte Lesezeit\" \/>\n\t<meta name=\"twitter:data1\" content=\"2\u00a0Minuten\" \/>\n<script type=\"application\/ld+json\" class=\"yoast-schema-graph\">{\"@context\":\"https:\\\/\\\/schema.org\",\"@graph\":[{\"@type\":\"WebPage\",\"@id\":\"https:\\\/\\\/revolutionpadelstore.com\\\/de\\\/produkt\\\/nox-vk10-quantum-3k-aranzazu-osoro-1\\\/\",\"url\":\"https:\\\/\\\/revolutionpadelstore.com\\\/de\\\/produkt\\\/nox-vk10-quantum-3k-aranzazu-osoro-1\\\/\",\"name\":\"NOX VK10 QUANTUM 3K ARANZAZU OSORO - Revolution Padel Store\",\"isPartOf\":{\"@id\":\"https:\\\/\\\/revolutionpadelstore.com\\\/de\\\/#website\"},\"primaryImageOfPage\":{\"@id\":\"https:\\\/\\\/revolutionpadelstore.com\\\/de\\\/produkt\\\/nox-vk10-quantum-3k-aranzazu-osoro-1\\\/#primaryimage\"},\"image\":{\"@id\":\"https:\\\/\\\/revolutionpadelstore.com\\\/de\\\/produkt\\\/nox-vk10-quantum-3k-aranzazu-osoro-1\\\/#primaryimage\"},\"thumbnailUrl\":\"https:\\\/\\\/revolutionpadelstore.com\\\/wp-content\\\/uploads\\\/2025\\\/04\\\/117970-pala-nox-vk10-quantum-3k-by-aranzazu-osoro-pvk10luxq25-1500x1500-1.webp\",\"datePublished\":\"2025-04-11T17:22:39+00:00\",\"dateModified\":\"2026-04-01T00:18:51+00:00\",\"description\":\"Compra la Nox VK10 Quantum 3K Aranzazu Osoro 2025, pala profesional con formato redondo, carbono 3K, acabado rugoso y dise\u00f1o exclusivo. Ideal para jugadores intermedios y avanzados.\",\"breadcrumb\":{\"@id\":\"https:\\\/\\\/revolutionpadelstore.com\\\/de\\\/produkt\\\/nox-vk10-quantum-3k-aranzazu-osoro-1\\\/#breadcrumb\"},\"inLanguage\":\"de\",\"potentialAction\":[{\"@type\":\"ReadAction\",\"target\":[\"https:\\\/\\\/revolutionpadelstore.com\\\/de\\\/produkt\\\/nox-vk10-quantum-3k-aranzazu-osoro-1\\\/\"]}]},{\"@type\":\"ImageObject\",\"inLanguage\":\"de\",\"@id\":\"https:\\\/\\\/revolutionpadelstore.com\\\/de\\\/produkt\\\/nox-vk10-quantum-3k-aranzazu-osoro-1\\\/#primaryimage\",\"url\":\"https:\\\/\\\/revolutionpadelstore.com\\\/wp-content\\\/uploads\\\/2025\\\/04\\\/117970-pala-nox-vk10-quantum-3k-by-aranzazu-osoro-pvk10luxq25-1500x1500-1.webp\",\"contentUrl\":\"https:\\\/\\\/revolutionpadelstore.com\\\/wp-content\\\/uploads\\\/2025\\\/04\\\/117970-pala-nox-vk10-quantum-3k-by-aranzazu-osoro-pvk10luxq25-1500x1500-1.webp\",\"width\":1500,\"height\":1500},{\"@type\":\"BreadcrumbList\",\"@id\":\"https:\\\/\\\/revolutionpadelstore.com\\\/de\\\/produkt\\\/nox-vk10-quantum-3k-aranzazu-osoro-1\\\/#breadcrumb\",\"itemListElement\":[{\"@type\":\"ListItem\",\"position\":1,\"name\":\"Portada\",\"item\":\"https:\\\/\\\/revolutionpadelstore.com\\\/de\\\/\"},{\"@type\":\"ListItem\",\"position\":2,\"name\":\"Shop\",\"item\":\"https:\\\/\\\/revolutionpadelstore.com\\\/de\\\/tienda\\\/\"},{\"@type\":\"ListItem\",\"position\":3,\"name\":\"NOX VK10 QUANTUM 3K ARANZAZU OSORO\"}]},{\"@type\":\"WebSite\",\"@id\":\"https:\\\/\\\/revolutionpadelstore.com\\\/de\\\/#website\",\"url\":\"https:\\\/\\\/revolutionpadelstore.com\\\/de\\\/\",\"name\":\"Revolution Padel Store\",\"description\":\"\",\"publisher\":{\"@id\":\"https:\\\/\\\/revolutionpadelstore.com\\\/de\\\/#organization\"},\"potentialAction\":[{\"@type\":\"SearchAction\",\"target\":{\"@type\":\"EntryPoint\",\"urlTemplate\":\"https:\\\/\\\/revolutionpadelstore.com\\\/de\\\/?s={search_term_string}\"},\"query-input\":{\"@type\":\"PropertyValueSpecification\",\"valueRequired\":true,\"valueName\":\"search_term_string\"}}],\"inLanguage\":\"de\"},{\"@type\":\"Organization\",\"@id\":\"https:\\\/\\\/revolutionpadelstore.com\\\/de\\\/#organization\",\"name\":\"Revolution Padel Store\",\"url\":\"https:\\\/\\\/revolutionpadelstore.com\\\/de\\\/\",\"logo\":{\"@type\":\"ImageObject\",\"inLanguage\":\"de\",\"@id\":\"https:\\\/\\\/revolutionpadelstore.com\\\/de\\\/#\\\/schema\\\/logo\\\/image\\\/\",\"url\":\"https:\\\/\\\/revolutionpadelstore.com\\\/wp-content\\\/uploads\\\/2026\\\/02\\\/revolution-padel-store.jpg\",\"contentUrl\":\"https:\\\/\\\/revolutionpadelstore.com\\\/wp-content\\\/uploads\\\/2026\\\/02\\\/revolution-padel-store.jpg\",\"width\":2000,\"height\":2000,\"caption\":\"Revolution Padel Store\"},\"image\":{\"@id\":\"https:\\\/\\\/revolutionpadelstore.com\\\/de\\\/#\\\/schema\\\/logo\\\/image\\\/\"},\"sameAs\":[\"https:\\\/\\\/www.instagram.com\\\/revolutionpadelstore\\\/\"]}]}<\/script>\n<!-- \/ Yoast SEO plugin. -->","yoast_head_json":{"title":"NOX VK10 QUANTUM 3K ARANZAZU OSORO - Revolution Padel Store","description":"Compra la Nox VK10 Quantum 3K Aranzazu Osoro 2025, pala profesional con formato redondo, carbono 3K, acabado rugoso y dise\u00f1o exclusivo. Ideal para jugadores intermedios y avanzados.","robots":{"index":"index","follow":"follow","max-snippet":"max-snippet:-1","max-image-preview":"max-image-preview:large","max-video-preview":"max-video-preview:-1"},"canonical":"https:\/\/revolutionpadelstore.com\/de\/produkt\/nox-vk10-quantum-3k-aranzazu-osoro-1\/","og_locale":"de_DE","og_type":"article","og_title":"NOX VK10 QUANTUM 3K ARANZAZU OSORO - Revolution Padel Store","og_description":"Compra la Nox VK10 Quantum 3K Aranzazu Osoro 2025, pala profesional con formato redondo, carbono 3K, acabado rugoso y dise\u00f1o exclusivo. Ideal para jugadores intermedios y avanzados.","og_url":"https:\/\/revolutionpadelstore.com\/de\/produkt\/nox-vk10-quantum-3k-aranzazu-osoro-1\/","og_site_name":"Revolution Padel Store","article_modified_time":"2026-04-01T00:18:51+00:00","og_image":[{"width":1500,"height":1500,"url":"https:\/\/revolutionpadelstore.com\/wp-content\/uploads\/2025\/04\/117970-pala-nox-vk10-quantum-3k-by-aranzazu-osoro-pvk10luxq25-1500x1500-1.webp","type":"image\/webp"}],"twitter_card":"summary_large_image","twitter_misc":{"Gesch\u00e4tzte Lesezeit":"2\u00a0Minuten"},"schema":{"@context":"https:\/\/schema.org","@graph":[{"@type":"WebPage","@id":"https:\/\/revolutionpadelstore.com\/de\/produkt\/nox-vk10-quantum-3k-aranzazu-osoro-1\/","url":"https:\/\/revolutionpadelstore.com\/de\/produkt\/nox-vk10-quantum-3k-aranzazu-osoro-1\/","name":"NOX VK10 QUANTUM 3K ARANZAZU OSORO - Revolution Padel Store","isPartOf":{"@id":"https:\/\/revolutionpadelstore.com\/de\/#website"},"primaryImageOfPage":{"@id":"https:\/\/revolutionpadelstore.com\/de\/produkt\/nox-vk10-quantum-3k-aranzazu-osoro-1\/#primaryimage"},"image":{"@id":"https:\/\/revolutionpadelstore.com\/de\/produkt\/nox-vk10-quantum-3k-aranzazu-osoro-1\/#primaryimage"},"thumbnailUrl":"https:\/\/revolutionpadelstore.com\/wp-content\/uploads\/2025\/04\/117970-pala-nox-vk10-quantum-3k-by-aranzazu-osoro-pvk10luxq25-1500x1500-1.webp","datePublished":"2025-04-11T17:22:39+00:00","dateModified":"2026-04-01T00:18:51+00:00","description":"Compra la Nox VK10 Quantum 3K Aranzazu Osoro 2025, pala profesional con formato redondo, carbono 3K, acabado rugoso y dise\u00f1o exclusivo. Ideal para jugadores intermedios y avanzados.","breadcrumb":{"@id":"https:\/\/revolutionpadelstore.com\/de\/produkt\/nox-vk10-quantum-3k-aranzazu-osoro-1\/#breadcrumb"},"inLanguage":"de","potentialAction":[{"@type":"ReadAction","target":["https:\/\/revolutionpadelstore.com\/de\/produkt\/nox-vk10-quantum-3k-aranzazu-osoro-1\/"]}]},{"@type":"ImageObject","inLanguage":"de","@id":"https:\/\/revolutionpadelstore.com\/de\/produkt\/nox-vk10-quantum-3k-aranzazu-osoro-1\/#primaryimage","url":"https:\/\/revolutionpadelstore.com\/wp-content\/uploads\/2025\/04\/117970-pala-nox-vk10-quantum-3k-by-aranzazu-osoro-pvk10luxq25-1500x1500-1.webp","contentUrl":"https:\/\/revolutionpadelstore.com\/wp-content\/uploads\/2025\/04\/117970-pala-nox-vk10-quantum-3k-by-aranzazu-osoro-pvk10luxq25-1500x1500-1.webp","width":1500,"height":1500},{"@type":"BreadcrumbList","@id":"https:\/\/revolutionpadelstore.com\/de\/produkt\/nox-vk10-quantum-3k-aranzazu-osoro-1\/#breadcrumb","itemListElement":[{"@type":"ListItem","position":1,"name":"Portada","item":"https:\/\/revolutionpadelstore.com\/de\/"},{"@type":"ListItem","position":2,"name":"Shop","item":"https:\/\/revolutionpadelstore.com\/de\/tienda\/"},{"@type":"ListItem","position":3,"name":"NOX VK10 QUANTUM 3K ARANZAZU OSORO"}]},{"@type":"WebSite","@id":"https:\/\/revolutionpadelstore.com\/de\/#website","url":"https:\/\/revolutionpadelstore.com\/de\/","name":"Revolution Padel Store","description":"","publisher":{"@id":"https:\/\/revolutionpadelstore.com\/de\/#organization"},"potentialAction":[{"@type":"SearchAction","target":{"@type":"EntryPoint","urlTemplate":"https:\/\/revolutionpadelstore.com\/de\/?s={search_term_string}"},"query-input":{"@type":"PropertyValueSpecification","valueRequired":true,"valueName":"search_term_string"}}],"inLanguage":"de"},{"@type":"Organization","@id":"https:\/\/revolutionpadelstore.com\/de\/#organization","name":"Revolution Padel Store","url":"https:\/\/revolutionpadelstore.com\/de\/","logo":{"@type":"ImageObject","inLanguage":"de","@id":"https:\/\/revolutionpadelstore.com\/de\/#\/schema\/logo\/image\/","url":"https:\/\/revolutionpadelstore.com\/wp-content\/uploads\/2026\/02\/revolution-padel-store.jpg","contentUrl":"https:\/\/revolutionpadelstore.com\/wp-content\/uploads\/2026\/02\/revolution-padel-store.jpg","width":2000,"height":2000,"caption":"Revolution Padel Store"},"image":{"@id":"https:\/\/revolutionpadelstore.com\/de\/#\/schema\/logo\/image\/"},"sameAs":["https:\/\/www.instagram.com\/revolutionpadelstore\/"]}]}},"_links":{"self":[{"href":"https:\/\/revolutionpadelstore.com\/de\/wp-json\/wp\/v2\/product\/217401","targetHints":{"allow":["GET"]}}],"collection":[{"href":"https:\/\/revolutionpadelstore.com\/de\/wp-json\/wp\/v2\/product"}],"about":[{"href":"https:\/\/revolutionpadelstore.com\/de\/wp-json\/wp\/v2\/types\/product"}],"replies":[{"embeddable":true,"href":"https:\/\/revolutionpadelstore.com\/de\/wp-json\/wp\/v2\/comments?post=217401"}],"wp:featuredmedia":[{"embeddable":true,"href":"https:\/\/revolutionpadelstore.com\/de\/wp-json\/wp\/v2\/media\/217407"}],"wp:attachment":[{"href":"https:\/\/revolutionpadelstore.com\/de\/wp-json\/wp\/v2\/media?parent=217401"}],"wp:term":[{"taxonomy":"acabado","embeddable":true,"href":"https:\/\/revolutionpadelstore.com\/de\/wp-json\/wp\/v2\/acabado?post=217401"},{"taxonomy":"balance","embeddable":true,"href":"https:\/\/revolutionpadelstore.com\/de\/wp-json\/wp\/v2\/balance?post=217401"},{"taxonomy":"dureza","embeddable":true,"href":"https:\/\/revolutionpadelstore.com\/de\/wp-json\/wp\/v2\/dureza?post=217401"},{"taxonomy":"forma","embeddable":true,"href":"https:\/\/revolutionpadelstore.com\/de\/wp-json\/wp\/v2\/forma?post=217401"},{"taxonomy":"jugador","embeddable":true,"href":"https:\/\/revolutionpadelstore.com\/de\/wp-json\/wp\/v2\/jugador?post=217401"},{"taxonomy":"marca","embeddable":true,"href":"https:\/\/revolutionpadelstore.com\/de\/wp-json\/wp\/v2\/marca?post=217401"},{"taxonomy":"nivel-de-juego","embeddable":true,"href":"https:\/\/revolutionpadelstore.com\/de\/wp-json\/wp\/v2\/nivel-de-juego?post=217401"},{"taxonomy":"superficie","embeddable":true,"href":"https:\/\/revolutionpadelstore.com\/de\/wp-json\/wp\/v2\/superficie?post=217401"},{"taxonomy":"tipo-de-juego","embeddable":true,"href":"https:\/\/revolutionpadelstore.com\/de\/wp-json\/wp\/v2\/tipo-de-juego?post=217401"},{"taxonomy":"product_brand","embeddable":true,"href":"https:\/\/revolutionpadelstore.com\/de\/wp-json\/wp\/v2\/product_brand?post=217401"},{"taxonomy":"product_cat","embeddable":true,"href":"https:\/\/revolutionpadelstore.com\/de\/wp-json\/wp\/v2\/product_cat?post=217401"},{"taxonomy":"product_tag","embeddable":true,"href":"https:\/\/revolutionpadelstore.com\/de\/wp-json\/wp\/v2\/product_tag?post=217401"}],"curies":[{"name":"wp","href":"https:\/\/api.w.org\/{rel}","templated":true}]}}