{"id":217101,"date":"2025-03-31T20:39:58","date_gmt":"2025-03-31T18:39:58","guid":{"rendered":"https:\/\/revolutionpadelstore.com\/siux-trilogy-pro-5\/"},"modified":"2026-04-01T02:26:09","modified_gmt":"2026-04-01T00:26:09","slug":"siux-trilogy-go-5-1","status":"publish","type":"product","link":"https:\/\/revolutionpadelstore.com\/de\/produkt\/siux-trilogy-go-5-1\/","title":{"rendered":"SIUX TRILOGY GO 5"},"content":{"rendered":"<h2> Siux -Trilogie GO 5 &#8211; Maximale Kontrolle in jedem Schlag <\/ h2><br \/>\nDominieren Sie den Track mit der neuen <strong> Siux -Trilogie Go 5 <\/strong>, einer Paddelschaufel, die eine au\u00dfergew\u00f6hnliche Kontrolle und eine gro\u00dfartige Verwaltbarkeitsf\u00e4higkeit bietet <\/strong>. Dank seiner <strong> runden Form und der geringen Balance <\/strong> bietet diese Schaufel einen weiten s\u00fc\u00dfen Punkt und erm\u00f6glicht genauere Schl\u00e4ge von praktisch jedem Punkt auf der Oberfl\u00e4che.<\/p>\n<h2> kontrollierte Leistung mit hochwertigen Materialien <\/ h2><br \/>\n&lt;p style = &quot;padding-links: 40px;&quot;<br \/>\n&lt;P style = &quot;padding-links: 40px;&quot;<br \/>\n&lt;p style = &quot;padding-links: 40px;&quot;<\/p>\n<h2> Wer ist die Siux -Trilogie go 5?<br \/>\nEs ist f\u00fcr Spieler von <strong> Mittelstufe ausgelegt <\/strong>, die ihre Leistung dank einer ausgewogenen Schaufel verbessern m\u00f6chten, die Pr\u00e4zision f\u00f6rdert, ohne Kraft oder Komfort aufzugeben. Wenn Ihr Ziel darin besteht, in Ihrem Spiel voranzukommen und den Rhythmus des Spiels zu meistern, wird diese Schaufel Ihr bester Verb\u00fcndeter sein.<\/p>\n<h2> Schl\u00fcsselvorteile <\/ h2><\/p>\n<p>-Toller s\u00fc\u00dfer Punkt f\u00fcr eine gr\u00f6\u00dfere Toleranz in den Schl\u00e4gen.<\/p>\n<p>-optimale Kontrolle in jeder Spielsituation. <\/p>\n<p>-Hervorragende Beziehung zwischen Komfort und Leistung. <\/p>\n<p>-auff\u00e4llt und professionelles Design. <\/p>\n<p><P>-Hergestellt von <strong> Siux <\/strong>, einer der f\u00fchrenden Marktmarken.<br \/>\nHolen Sie sich mit der <strong> Siux -Trilogie GO 5 <\/strong>, einem der besten zwischenmediierten Paddelschaufeln <\/strong> des Augenblicks und verbessern Sie Ihr Spiel mit jedem Schlag.<\/p>\n<p>Erh\u00e4ltlich in unserem Online -Shop <strong> <a href=\"https:\/\/www.revolutionpadelstore.com\/\"> www.revolutionpadelstore.com <\/a> <\/strong> wahrscheinlich zum besten Marktpreis.<\/p>\n<h2>Siux Trilogy Go 5 \u2013 M\u00e1ximo control en cada golpe<\/h2>\n","protected":false},"excerpt":{"rendered":"<p>Die Siux -Trilogy Go 5 ist die perfekte Paddelschaufel f\u00fcr Spieler mit mittlerer Ebene, die ein Gleichgewicht zwischen Kontrolle und Leistung w\u00fcnschen und w\u00e4hrend des Spiels stabilere und pr\u00e4zisere Schl\u00e4ge erzielen.<\/p>\n","protected":false},"featured_media":217107,"comment_status":"open","ping_status":"closed","template":"","meta":{"_acf_changed":false,"_joinchat":[]},"acabado":[],"balance":[1144],"dureza":[1154],"forma":[1179],"jugador":[1189,1199],"marca":[1304],"nivel-de-juego":[1349,1339],"superficie":[1354],"tipo-de-juego":[1369,1374],"product_brand":[],"product_cat":[299],"product_tag":[],"class_list":{"0":"post-217101","1":"product","2":"type-product","3":"status-publish","4":"has-post-thumbnail","6":"balance-niedrig","7":"dureza-media-de","8":"forma-rund","9":"jugador-mann","10":"jugador-mehrzweck","11":"marca-siux-de","12":"superficie-lisa-de","13":"tipo-de-juego-kontrolle","14":"tipo-de-juego-leistung","15":"product_cat-palas-de-padel-de","17":"first","18":"instock","19":"sale","20":"taxable","21":"shipping-taxable","22":"purchasable","23":"product-type-simple"},"acf":[],"yoast_head":"<!-- This site is optimized with the Yoast SEO plugin v27.3 - https:\/\/yoast.com\/product\/yoast-seo-wordpress\/ -->\n<title>SIUX TRILOGY GO 5 - Revolution Padel Store<\/title>\n<meta name=\"description\" content=\"Descubre la pala Siux Trilogy Go 5, ideal para jugadores intermedios. M\u00e1ximo control, n\u00facleo EVA y superficie 3K Alumesh. \u00a1Compra en Revolution Padel Store al mejor precio!\" \/>\n<meta name=\"robots\" content=\"index, follow, max-snippet:-1, max-image-preview:large, max-video-preview:-1\" \/>\n<link rel=\"canonical\" href=\"https:\/\/revolutionpadelstore.com\/de\/produkt\/siux-trilogy-go-5-1\/\" \/>\n<meta property=\"og:locale\" content=\"de_DE\" \/>\n<meta property=\"og:type\" content=\"article\" \/>\n<meta property=\"og:title\" content=\"SIUX TRILOGY GO 5 - Revolution Padel Store\" \/>\n<meta property=\"og:description\" content=\"Descubre la pala Siux Trilogy Go 5, ideal para jugadores intermedios. M\u00e1ximo control, n\u00facleo EVA y superficie 3K Alumesh. \u00a1Compra en Revolution Padel Store al mejor precio!\" \/>\n<meta property=\"og:url\" content=\"https:\/\/revolutionpadelstore.com\/de\/produkt\/siux-trilogy-go-5-1\/\" \/>\n<meta property=\"og:site_name\" content=\"Revolution Padel Store\" \/>\n<meta property=\"article:modified_time\" content=\"2026-04-01T00:26:09+00:00\" \/>\n<meta property=\"og:image\" content=\"https:\/\/revolutionpadelstore.com\/wp-content\/uploads\/2025\/03\/112651-siux-trilogy-go-5-1500x1500-1.webp\" \/>\n\t<meta property=\"og:image:width\" content=\"1500\" \/>\n\t<meta property=\"og:image:height\" content=\"1500\" \/>\n\t<meta property=\"og:image:type\" content=\"image\/webp\" \/>\n<meta name=\"twitter:card\" content=\"summary_large_image\" \/>\n<meta name=\"twitter:label1\" content=\"Gesch\u00e4tzte Lesezeit\" \/>\n\t<meta name=\"twitter:data1\" content=\"2\u00a0Minuten\" \/>\n<script type=\"application\/ld+json\" class=\"yoast-schema-graph\">{\"@context\":\"https:\\\/\\\/schema.org\",\"@graph\":[{\"@type\":\"WebPage\",\"@id\":\"https:\\\/\\\/revolutionpadelstore.com\\\/de\\\/produkt\\\/siux-trilogy-go-5-1\\\/\",\"url\":\"https:\\\/\\\/revolutionpadelstore.com\\\/de\\\/produkt\\\/siux-trilogy-go-5-1\\\/\",\"name\":\"SIUX TRILOGY GO 5 - Revolution Padel Store\",\"isPartOf\":{\"@id\":\"https:\\\/\\\/revolutionpadelstore.com\\\/de\\\/#website\"},\"primaryImageOfPage\":{\"@id\":\"https:\\\/\\\/revolutionpadelstore.com\\\/de\\\/produkt\\\/siux-trilogy-go-5-1\\\/#primaryimage\"},\"image\":{\"@id\":\"https:\\\/\\\/revolutionpadelstore.com\\\/de\\\/produkt\\\/siux-trilogy-go-5-1\\\/#primaryimage\"},\"thumbnailUrl\":\"https:\\\/\\\/revolutionpadelstore.com\\\/wp-content\\\/uploads\\\/2025\\\/03\\\/112651-siux-trilogy-go-5-1500x1500-1.webp\",\"datePublished\":\"2025-03-31T18:39:58+00:00\",\"dateModified\":\"2026-04-01T00:26:09+00:00\",\"description\":\"Descubre la pala Siux Trilogy Go 5, ideal para jugadores intermedios. M\u00e1ximo control, n\u00facleo EVA y superficie 3K Alumesh. \u00a1Compra en Revolution Padel Store al mejor precio!\",\"breadcrumb\":{\"@id\":\"https:\\\/\\\/revolutionpadelstore.com\\\/de\\\/produkt\\\/siux-trilogy-go-5-1\\\/#breadcrumb\"},\"inLanguage\":\"de\",\"potentialAction\":[{\"@type\":\"ReadAction\",\"target\":[\"https:\\\/\\\/revolutionpadelstore.com\\\/de\\\/produkt\\\/siux-trilogy-go-5-1\\\/\"]}]},{\"@type\":\"ImageObject\",\"inLanguage\":\"de\",\"@id\":\"https:\\\/\\\/revolutionpadelstore.com\\\/de\\\/produkt\\\/siux-trilogy-go-5-1\\\/#primaryimage\",\"url\":\"https:\\\/\\\/revolutionpadelstore.com\\\/wp-content\\\/uploads\\\/2025\\\/03\\\/112651-siux-trilogy-go-5-1500x1500-1.webp\",\"contentUrl\":\"https:\\\/\\\/revolutionpadelstore.com\\\/wp-content\\\/uploads\\\/2025\\\/03\\\/112651-siux-trilogy-go-5-1500x1500-1.webp\",\"width\":1500,\"height\":1500},{\"@type\":\"BreadcrumbList\",\"@id\":\"https:\\\/\\\/revolutionpadelstore.com\\\/de\\\/produkt\\\/siux-trilogy-go-5-1\\\/#breadcrumb\",\"itemListElement\":[{\"@type\":\"ListItem\",\"position\":1,\"name\":\"Portada\",\"item\":\"https:\\\/\\\/revolutionpadelstore.com\\\/de\\\/\"},{\"@type\":\"ListItem\",\"position\":2,\"name\":\"Shop\",\"item\":\"https:\\\/\\\/revolutionpadelstore.com\\\/de\\\/tienda\\\/\"},{\"@type\":\"ListItem\",\"position\":3,\"name\":\"SIUX TRILOGY GO 5\"}]},{\"@type\":\"WebSite\",\"@id\":\"https:\\\/\\\/revolutionpadelstore.com\\\/de\\\/#website\",\"url\":\"https:\\\/\\\/revolutionpadelstore.com\\\/de\\\/\",\"name\":\"Revolution Padel Store\",\"description\":\"\",\"publisher\":{\"@id\":\"https:\\\/\\\/revolutionpadelstore.com\\\/de\\\/#organization\"},\"potentialAction\":[{\"@type\":\"SearchAction\",\"target\":{\"@type\":\"EntryPoint\",\"urlTemplate\":\"https:\\\/\\\/revolutionpadelstore.com\\\/de\\\/?s={search_term_string}\"},\"query-input\":{\"@type\":\"PropertyValueSpecification\",\"valueRequired\":true,\"valueName\":\"search_term_string\"}}],\"inLanguage\":\"de\"},{\"@type\":\"Organization\",\"@id\":\"https:\\\/\\\/revolutionpadelstore.com\\\/de\\\/#organization\",\"name\":\"Revolution Padel Store\",\"url\":\"https:\\\/\\\/revolutionpadelstore.com\\\/de\\\/\",\"logo\":{\"@type\":\"ImageObject\",\"inLanguage\":\"de\",\"@id\":\"https:\\\/\\\/revolutionpadelstore.com\\\/de\\\/#\\\/schema\\\/logo\\\/image\\\/\",\"url\":\"https:\\\/\\\/revolutionpadelstore.com\\\/wp-content\\\/uploads\\\/2026\\\/02\\\/revolution-padel-store.jpg\",\"contentUrl\":\"https:\\\/\\\/revolutionpadelstore.com\\\/wp-content\\\/uploads\\\/2026\\\/02\\\/revolution-padel-store.jpg\",\"width\":2000,\"height\":2000,\"caption\":\"Revolution Padel Store\"},\"image\":{\"@id\":\"https:\\\/\\\/revolutionpadelstore.com\\\/de\\\/#\\\/schema\\\/logo\\\/image\\\/\"},\"sameAs\":[\"https:\\\/\\\/www.instagram.com\\\/revolutionpadelstore\\\/\"]}]}<\/script>\n<!-- \/ Yoast SEO plugin. -->","yoast_head_json":{"title":"SIUX TRILOGY GO 5 - Revolution Padel Store","description":"Descubre la pala Siux Trilogy Go 5, ideal para jugadores intermedios. M\u00e1ximo control, n\u00facleo EVA y superficie 3K Alumesh. \u00a1Compra en Revolution Padel Store al mejor precio!","robots":{"index":"index","follow":"follow","max-snippet":"max-snippet:-1","max-image-preview":"max-image-preview:large","max-video-preview":"max-video-preview:-1"},"canonical":"https:\/\/revolutionpadelstore.com\/de\/produkt\/siux-trilogy-go-5-1\/","og_locale":"de_DE","og_type":"article","og_title":"SIUX TRILOGY GO 5 - Revolution Padel Store","og_description":"Descubre la pala Siux Trilogy Go 5, ideal para jugadores intermedios. M\u00e1ximo control, n\u00facleo EVA y superficie 3K Alumesh. \u00a1Compra en Revolution Padel Store al mejor precio!","og_url":"https:\/\/revolutionpadelstore.com\/de\/produkt\/siux-trilogy-go-5-1\/","og_site_name":"Revolution Padel Store","article_modified_time":"2026-04-01T00:26:09+00:00","og_image":[{"width":1500,"height":1500,"url":"https:\/\/revolutionpadelstore.com\/wp-content\/uploads\/2025\/03\/112651-siux-trilogy-go-5-1500x1500-1.webp","type":"image\/webp"}],"twitter_card":"summary_large_image","twitter_misc":{"Gesch\u00e4tzte Lesezeit":"2\u00a0Minuten"},"schema":{"@context":"https:\/\/schema.org","@graph":[{"@type":"WebPage","@id":"https:\/\/revolutionpadelstore.com\/de\/produkt\/siux-trilogy-go-5-1\/","url":"https:\/\/revolutionpadelstore.com\/de\/produkt\/siux-trilogy-go-5-1\/","name":"SIUX TRILOGY GO 5 - Revolution Padel Store","isPartOf":{"@id":"https:\/\/revolutionpadelstore.com\/de\/#website"},"primaryImageOfPage":{"@id":"https:\/\/revolutionpadelstore.com\/de\/produkt\/siux-trilogy-go-5-1\/#primaryimage"},"image":{"@id":"https:\/\/revolutionpadelstore.com\/de\/produkt\/siux-trilogy-go-5-1\/#primaryimage"},"thumbnailUrl":"https:\/\/revolutionpadelstore.com\/wp-content\/uploads\/2025\/03\/112651-siux-trilogy-go-5-1500x1500-1.webp","datePublished":"2025-03-31T18:39:58+00:00","dateModified":"2026-04-01T00:26:09+00:00","description":"Descubre la pala Siux Trilogy Go 5, ideal para jugadores intermedios. M\u00e1ximo control, n\u00facleo EVA y superficie 3K Alumesh. \u00a1Compra en Revolution Padel Store al mejor precio!","breadcrumb":{"@id":"https:\/\/revolutionpadelstore.com\/de\/produkt\/siux-trilogy-go-5-1\/#breadcrumb"},"inLanguage":"de","potentialAction":[{"@type":"ReadAction","target":["https:\/\/revolutionpadelstore.com\/de\/produkt\/siux-trilogy-go-5-1\/"]}]},{"@type":"ImageObject","inLanguage":"de","@id":"https:\/\/revolutionpadelstore.com\/de\/produkt\/siux-trilogy-go-5-1\/#primaryimage","url":"https:\/\/revolutionpadelstore.com\/wp-content\/uploads\/2025\/03\/112651-siux-trilogy-go-5-1500x1500-1.webp","contentUrl":"https:\/\/revolutionpadelstore.com\/wp-content\/uploads\/2025\/03\/112651-siux-trilogy-go-5-1500x1500-1.webp","width":1500,"height":1500},{"@type":"BreadcrumbList","@id":"https:\/\/revolutionpadelstore.com\/de\/produkt\/siux-trilogy-go-5-1\/#breadcrumb","itemListElement":[{"@type":"ListItem","position":1,"name":"Portada","item":"https:\/\/revolutionpadelstore.com\/de\/"},{"@type":"ListItem","position":2,"name":"Shop","item":"https:\/\/revolutionpadelstore.com\/de\/tienda\/"},{"@type":"ListItem","position":3,"name":"SIUX TRILOGY GO 5"}]},{"@type":"WebSite","@id":"https:\/\/revolutionpadelstore.com\/de\/#website","url":"https:\/\/revolutionpadelstore.com\/de\/","name":"Revolution Padel Store","description":"","publisher":{"@id":"https:\/\/revolutionpadelstore.com\/de\/#organization"},"potentialAction":[{"@type":"SearchAction","target":{"@type":"EntryPoint","urlTemplate":"https:\/\/revolutionpadelstore.com\/de\/?s={search_term_string}"},"query-input":{"@type":"PropertyValueSpecification","valueRequired":true,"valueName":"search_term_string"}}],"inLanguage":"de"},{"@type":"Organization","@id":"https:\/\/revolutionpadelstore.com\/de\/#organization","name":"Revolution Padel Store","url":"https:\/\/revolutionpadelstore.com\/de\/","logo":{"@type":"ImageObject","inLanguage":"de","@id":"https:\/\/revolutionpadelstore.com\/de\/#\/schema\/logo\/image\/","url":"https:\/\/revolutionpadelstore.com\/wp-content\/uploads\/2026\/02\/revolution-padel-store.jpg","contentUrl":"https:\/\/revolutionpadelstore.com\/wp-content\/uploads\/2026\/02\/revolution-padel-store.jpg","width":2000,"height":2000,"caption":"Revolution Padel Store"},"image":{"@id":"https:\/\/revolutionpadelstore.com\/de\/#\/schema\/logo\/image\/"},"sameAs":["https:\/\/www.instagram.com\/revolutionpadelstore\/"]}]}},"_links":{"self":[{"href":"https:\/\/revolutionpadelstore.com\/de\/wp-json\/wp\/v2\/product\/217101","targetHints":{"allow":["GET"]}}],"collection":[{"href":"https:\/\/revolutionpadelstore.com\/de\/wp-json\/wp\/v2\/product"}],"about":[{"href":"https:\/\/revolutionpadelstore.com\/de\/wp-json\/wp\/v2\/types\/product"}],"replies":[{"embeddable":true,"href":"https:\/\/revolutionpadelstore.com\/de\/wp-json\/wp\/v2\/comments?post=217101"}],"wp:featuredmedia":[{"embeddable":true,"href":"https:\/\/revolutionpadelstore.com\/de\/wp-json\/wp\/v2\/media\/217107"}],"wp:attachment":[{"href":"https:\/\/revolutionpadelstore.com\/de\/wp-json\/wp\/v2\/media?parent=217101"}],"wp:term":[{"taxonomy":"acabado","embeddable":true,"href":"https:\/\/revolutionpadelstore.com\/de\/wp-json\/wp\/v2\/acabado?post=217101"},{"taxonomy":"balance","embeddable":true,"href":"https:\/\/revolutionpadelstore.com\/de\/wp-json\/wp\/v2\/balance?post=217101"},{"taxonomy":"dureza","embeddable":true,"href":"https:\/\/revolutionpadelstore.com\/de\/wp-json\/wp\/v2\/dureza?post=217101"},{"taxonomy":"forma","embeddable":true,"href":"https:\/\/revolutionpadelstore.com\/de\/wp-json\/wp\/v2\/forma?post=217101"},{"taxonomy":"jugador","embeddable":true,"href":"https:\/\/revolutionpadelstore.com\/de\/wp-json\/wp\/v2\/jugador?post=217101"},{"taxonomy":"marca","embeddable":true,"href":"https:\/\/revolutionpadelstore.com\/de\/wp-json\/wp\/v2\/marca?post=217101"},{"taxonomy":"nivel-de-juego","embeddable":true,"href":"https:\/\/revolutionpadelstore.com\/de\/wp-json\/wp\/v2\/nivel-de-juego?post=217101"},{"taxonomy":"superficie","embeddable":true,"href":"https:\/\/revolutionpadelstore.com\/de\/wp-json\/wp\/v2\/superficie?post=217101"},{"taxonomy":"tipo-de-juego","embeddable":true,"href":"https:\/\/revolutionpadelstore.com\/de\/wp-json\/wp\/v2\/tipo-de-juego?post=217101"},{"taxonomy":"product_brand","embeddable":true,"href":"https:\/\/revolutionpadelstore.com\/de\/wp-json\/wp\/v2\/product_brand?post=217101"},{"taxonomy":"product_cat","embeddable":true,"href":"https:\/\/revolutionpadelstore.com\/de\/wp-json\/wp\/v2\/product_cat?post=217101"},{"taxonomy":"product_tag","embeddable":true,"href":"https:\/\/revolutionpadelstore.com\/de\/wp-json\/wp\/v2\/product_tag?post=217101"}],"curies":[{"name":"wp","href":"https:\/\/api.w.org\/{rel}","templated":true}]}}