{"id":21710,"date":"2024-03-05T15:01:19","date_gmt":"2024-03-05T14:01:19","guid":{"rendered":"https:\/\/revolutionpadelstore.com\/adidas-metalbone-youth-3-3-2024\/"},"modified":"2026-04-22T02:00:09","modified_gmt":"2026-04-22T00:00:09","slug":"adidas-metalbone-youth-3-3-2024-1","status":"publish","type":"product","link":"https:\/\/revolutionpadelstore.com\/de\/produkt\/adidas-metalbone-youth-3-3-2024-1\/","title":{"rendered":"ADIDAS METALBONE YOUTH 3.3 2024"},"content":{"rendered":"<h2>Adidas Metalbone Youth 3.3 2024, vielseitiger Schl\u00e4ger f\u00fcr vielversprechende junge Spieler<\/h2>\n<p><strong>Adidas Metalbone Youth 3.3<\/strong>, Padelschl\u00e4ger f\u00fcr die j\u00fcngsten Spieler in ihrer wichtigsten Wachstumsphase. Ein Schl\u00e4ger aus der <strong>2024<\/strong>-Kollektion. Dieser Schl\u00e4ger mit einem rautenf\u00f6rmigen K\u00f6rper ist <em>\u00fcberdimensioniert<\/em><\/strong><em> <\/em> und verf\u00fcgt \u00fcber einen hohen Sweetspot, um den Ball fertig zu machen.<\/p>\n<p>Dieses Schaufelmodell ist<em><strong>leicht<\/strong><\/em>. Das Gewicht des Paddels ist viel geringer als das Standardgewicht eines Erwachsenenpaddels. Es wiegt etwa 330-345 Gramm, sodass junge Padel-Spieler problemlos damit umgehen k\u00f6nnen.<\/p>\n<h2>Diamantklinge mit Glasfaser, Kraft und Komfort<\/h2>\n<p>Um in der Lage zu sein, mit Kraft Finishing-Schl\u00e4ge zu erzielen und dabei ein angenehmes Schussgef\u00fchl zu haben. Das Spielgef\u00fchl dieses Schl\u00e4gers ist flexibel und weich. Der Rahmen und die Gesichter sind aus<strong>Fiberglas<\/strong> gefertigt.<\/p>\n<p>Der Kern des Schl\u00e4gers besteht aus <strong>EVA-Gummi <em>Soft Performance<\/em><\/strong><em>.<\/em> Ein Gummi mit geringer Dichte, der den Ball abfedert und abprallt. Dadurch k\u00f6nnen Sie die Schl\u00e4ge des Gegners, die mit geringerer Geschwindigkeit einhergehen, besser spielen.<\/p>\n<p>Dank der <em><strong>Smart Holes Curve<\/strong><\/em>-Technologie wird eine bessere Handhabung und Wiedergabe des Ballspins erreicht. Dies wird durch die spezielle Verteilung der Matrizen erreicht, die gekr\u00fcmmten Linien auf den Ebenen folgen.<\/p>\n<h3>Technologien f\u00fcr einen starken und widerstandsf\u00e4higen Schl\u00e4ger<\/h3>\n<p>Um ein Verdrehen w\u00e4hrend des Spiels zu verhindern, wurde der Schl\u00e4ger mit der Strukturverst\u00e4rkungstechnologie ausgestattet. Die Struktur der Klinge ist umlaufend verst\u00e4rkt. Und um eine gr\u00f6\u00dfere Steifigkeit zu erreichen, verf\u00fcgt es \u00fcber eine \u201eOctogonal Structure\u201c, eine r\u00f6hrenf\u00f6rmige Struktur in achteckiger Form.<\/p>\n<p>Ein Schl\u00e4ger mit jugendlichem und sportlichem Design in Schwarz mit leuchtend roten Details und dem Adidas-Logo in Wei\u00df auf den Schlagfl\u00e4chen. Wenn Sie m\u00f6chten, dass Ihr junger Padelspieler der herausragendste Spieler auf dem Platz ist, z\u00f6gern Sie nicht, ihm diesen Schl\u00e4ger zu kaufen.<\/p>\n<h2>Adidas Metalbone Youth 3.3 2024, pala polivalente para las j\u00f3venes promesas<\/h2>\n","protected":false},"excerpt":{"rendered":"<p>Vielseitiger Schl\u00e4ger f\u00fcr junge Padelspieler. Mit Glasfaser und EVA-Weichgummi. Adidas Metalbone Youth 3.3, 2024 Padelschl\u00e4ger mit \u00fcbergro\u00dfer Rautenform.<\/p>\n","protected":false},"featured_media":62165,"comment_status":"open","ping_status":"closed","template":"","meta":{"_acf_changed":false,"_joinchat":[]},"acabado":[1084],"balance":[1134],"dureza":[1149],"forma":[1169],"jugador":[1204],"marca":[1229],"nivel-de-juego":[1349],"superficie":[1354],"tipo-de-juego":[1384],"product_brand":[],"product_cat":[299],"product_tag":[],"class_list":{"0":"post-21710","1":"product","2":"type-product","3":"status-publish","4":"has-post-thumbnail","6":"acabado-kumpel","7":"balance-hoch","8":"dureza-blanda-de","9":"forma-diamante-de","10":"jugador-junior-de","11":"marca-adidas-de","12":"superficie-lisa-de","13":"tipo-de-juego-mehrzweck","14":"product_cat-palas-de-padel-de","16":"first","17":"instock","18":"sale","19":"taxable","20":"shipping-taxable","21":"purchasable","22":"product-type-simple"},"acf":[],"yoast_head":"<!-- This site is optimized with the Yoast SEO plugin v27.4 - https:\/\/yoast.com\/product\/yoast-seo-wordpress\/ -->\n<title>ADIDAS METALBONE YOUTH 3.3 2024 - Revolution Padel Store<\/title>\n<meta name=\"description\" content=\"Pala polivalente para jugadores j\u00f3venes de p\u00e1del. Con fibra de vidrio y goma EVA Soft. Adidas Metalbone Youth 3.3, pala de p\u00e1del 2024 con forma de diamante oversize.\u00a0\" \/>\n<meta name=\"robots\" content=\"index, follow, max-snippet:-1, max-image-preview:large, max-video-preview:-1\" \/>\n<link rel=\"canonical\" href=\"https:\/\/revolutionpadelstore.com\/de\/produkt\/adidas-metalbone-youth-3-3-2024-1\/\" \/>\n<meta property=\"og:locale\" content=\"de_DE\" \/>\n<meta property=\"og:type\" content=\"article\" \/>\n<meta property=\"og:title\" content=\"ADIDAS METALBONE YOUTH 3.3 2024\" \/>\n<meta property=\"og:description\" content=\"Pala polivalente para jugadores j\u00f3venes de p\u00e1del. Con fibra de vidrio y goma EVA Soft. Adidas Metalbone Youth 3.3, pala de p\u00e1del 2024 con forma de diamante oversize.\u00a0\" \/>\n<meta property=\"og:url\" content=\"https:\/\/revolutionpadelstore.com\/de\/produkt\/adidas-metalbone-youth-3-3-2024-1\/\" \/>\n<meta property=\"og:site_name\" content=\"Revolution Padel Store\" \/>\n<meta property=\"article:modified_time\" content=\"2026-04-22T00:00:09+00:00\" \/>\n<meta property=\"og:image\" content=\"https:\/\/revolutionpadelstore.com\/wp-content\/uploads\/2024\/03\/110148_padel_webs_padel_y_grupo_pala_adidas_metalbone_youth_3_3_adrk4aa0u0116f__d3bd.webp\" \/>\n\t<meta property=\"og:image:width\" content=\"1500\" \/>\n\t<meta property=\"og:image:height\" content=\"1500\" \/>\n\t<meta property=\"og:image:type\" content=\"image\/webp\" \/>\n<meta name=\"twitter:card\" content=\"summary_large_image\" \/>\n<meta name=\"twitter:label1\" content=\"Gesch\u00e4tzte Lesezeit\" \/>\n\t<meta name=\"twitter:data1\" content=\"2\u00a0Minuten\" \/>\n<script type=\"application\/ld+json\" class=\"yoast-schema-graph\">{\"@context\":\"https:\\\/\\\/schema.org\",\"@graph\":[{\"@type\":\"WebPage\",\"@id\":\"https:\\\/\\\/revolutionpadelstore.com\\\/de\\\/produkt\\\/adidas-metalbone-youth-3-3-2024-1\\\/\",\"url\":\"https:\\\/\\\/revolutionpadelstore.com\\\/de\\\/produkt\\\/adidas-metalbone-youth-3-3-2024-1\\\/\",\"name\":\"ADIDAS METALBONE YOUTH 3.3 2024 - Revolution Padel Store\",\"isPartOf\":{\"@id\":\"https:\\\/\\\/revolutionpadelstore.com\\\/de\\\/#website\"},\"primaryImageOfPage\":{\"@id\":\"https:\\\/\\\/revolutionpadelstore.com\\\/de\\\/produkt\\\/adidas-metalbone-youth-3-3-2024-1\\\/#primaryimage\"},\"image\":{\"@id\":\"https:\\\/\\\/revolutionpadelstore.com\\\/de\\\/produkt\\\/adidas-metalbone-youth-3-3-2024-1\\\/#primaryimage\"},\"thumbnailUrl\":\"https:\\\/\\\/revolutionpadelstore.com\\\/wp-content\\\/uploads\\\/2024\\\/03\\\/110148_padel_webs_padel_y_grupo_pala_adidas_metalbone_youth_3_3_adrk4aa0u0116f__d3bd.webp\",\"datePublished\":\"2024-03-05T14:01:19+00:00\",\"dateModified\":\"2026-04-22T00:00:09+00:00\",\"description\":\"Pala polivalente para jugadores j\u00f3venes de p\u00e1del. Con fibra de vidrio y goma EVA Soft. Adidas Metalbone Youth 3.3, pala de p\u00e1del 2024 con forma de diamante oversize.\u00a0\",\"breadcrumb\":{\"@id\":\"https:\\\/\\\/revolutionpadelstore.com\\\/de\\\/produkt\\\/adidas-metalbone-youth-3-3-2024-1\\\/#breadcrumb\"},\"inLanguage\":\"de\",\"potentialAction\":[{\"@type\":\"ReadAction\",\"target\":[\"https:\\\/\\\/revolutionpadelstore.com\\\/de\\\/produkt\\\/adidas-metalbone-youth-3-3-2024-1\\\/\"]}]},{\"@type\":\"ImageObject\",\"inLanguage\":\"de\",\"@id\":\"https:\\\/\\\/revolutionpadelstore.com\\\/de\\\/produkt\\\/adidas-metalbone-youth-3-3-2024-1\\\/#primaryimage\",\"url\":\"https:\\\/\\\/revolutionpadelstore.com\\\/wp-content\\\/uploads\\\/2024\\\/03\\\/110148_padel_webs_padel_y_grupo_pala_adidas_metalbone_youth_3_3_adrk4aa0u0116f__d3bd.webp\",\"contentUrl\":\"https:\\\/\\\/revolutionpadelstore.com\\\/wp-content\\\/uploads\\\/2024\\\/03\\\/110148_padel_webs_padel_y_grupo_pala_adidas_metalbone_youth_3_3_adrk4aa0u0116f__d3bd.webp\",\"width\":1500,\"height\":1500},{\"@type\":\"BreadcrumbList\",\"@id\":\"https:\\\/\\\/revolutionpadelstore.com\\\/de\\\/produkt\\\/adidas-metalbone-youth-3-3-2024-1\\\/#breadcrumb\",\"itemListElement\":[{\"@type\":\"ListItem\",\"position\":1,\"name\":\"Portada\",\"item\":\"https:\\\/\\\/revolutionpadelstore.com\\\/de\\\/\"},{\"@type\":\"ListItem\",\"position\":2,\"name\":\"Shop\",\"item\":\"https:\\\/\\\/revolutionpadelstore.com\\\/de\\\/tienda\\\/\"},{\"@type\":\"ListItem\",\"position\":3,\"name\":\"ADIDAS METALBONE YOUTH 3.3 2024\"}]},{\"@type\":\"WebSite\",\"@id\":\"https:\\\/\\\/revolutionpadelstore.com\\\/de\\\/#website\",\"url\":\"https:\\\/\\\/revolutionpadelstore.com\\\/de\\\/\",\"name\":\"Revolution Padel Store\",\"description\":\"\",\"publisher\":{\"@id\":\"https:\\\/\\\/revolutionpadelstore.com\\\/de\\\/#organization\"},\"potentialAction\":[{\"@type\":\"SearchAction\",\"target\":{\"@type\":\"EntryPoint\",\"urlTemplate\":\"https:\\\/\\\/revolutionpadelstore.com\\\/de\\\/?s={search_term_string}\"},\"query-input\":{\"@type\":\"PropertyValueSpecification\",\"valueRequired\":true,\"valueName\":\"search_term_string\"}}],\"inLanguage\":\"de\"},{\"@type\":\"Organization\",\"@id\":\"https:\\\/\\\/revolutionpadelstore.com\\\/de\\\/#organization\",\"name\":\"Revolution Padel Store\",\"url\":\"https:\\\/\\\/revolutionpadelstore.com\\\/de\\\/\",\"logo\":{\"@type\":\"ImageObject\",\"inLanguage\":\"de\",\"@id\":\"https:\\\/\\\/revolutionpadelstore.com\\\/de\\\/#\\\/schema\\\/logo\\\/image\\\/\",\"url\":\"https:\\\/\\\/revolutionpadelstore.com\\\/wp-content\\\/uploads\\\/2026\\\/02\\\/revolution-padel-store.jpg\",\"contentUrl\":\"https:\\\/\\\/revolutionpadelstore.com\\\/wp-content\\\/uploads\\\/2026\\\/02\\\/revolution-padel-store.jpg\",\"width\":2000,\"height\":2000,\"caption\":\"Revolution Padel Store\"},\"image\":{\"@id\":\"https:\\\/\\\/revolutionpadelstore.com\\\/de\\\/#\\\/schema\\\/logo\\\/image\\\/\"},\"sameAs\":[\"https:\\\/\\\/www.instagram.com\\\/revolutionpadelstore\\\/\"]}]}<\/script>\n<!-- \/ Yoast SEO plugin. -->","yoast_head_json":{"title":"ADIDAS METALBONE YOUTH 3.3 2024 - Revolution Padel Store","description":"Pala polivalente para jugadores j\u00f3venes de p\u00e1del. Con fibra de vidrio y goma EVA Soft. Adidas Metalbone Youth 3.3, pala de p\u00e1del 2024 con forma de diamante oversize.\u00a0","robots":{"index":"index","follow":"follow","max-snippet":"max-snippet:-1","max-image-preview":"max-image-preview:large","max-video-preview":"max-video-preview:-1"},"canonical":"https:\/\/revolutionpadelstore.com\/de\/produkt\/adidas-metalbone-youth-3-3-2024-1\/","og_locale":"de_DE","og_type":"article","og_title":"ADIDAS METALBONE YOUTH 3.3 2024","og_description":"Pala polivalente para jugadores j\u00f3venes de p\u00e1del. Con fibra de vidrio y goma EVA Soft. Adidas Metalbone Youth 3.3, pala de p\u00e1del 2024 con forma de diamante oversize.\u00a0","og_url":"https:\/\/revolutionpadelstore.com\/de\/produkt\/adidas-metalbone-youth-3-3-2024-1\/","og_site_name":"Revolution Padel Store","article_modified_time":"2026-04-22T00:00:09+00:00","og_image":[{"width":1500,"height":1500,"url":"https:\/\/revolutionpadelstore.com\/wp-content\/uploads\/2024\/03\/110148_padel_webs_padel_y_grupo_pala_adidas_metalbone_youth_3_3_adrk4aa0u0116f__d3bd.webp","type":"image\/webp"}],"twitter_card":"summary_large_image","twitter_misc":{"Gesch\u00e4tzte Lesezeit":"2\u00a0Minuten"},"schema":{"@context":"https:\/\/schema.org","@graph":[{"@type":"WebPage","@id":"https:\/\/revolutionpadelstore.com\/de\/produkt\/adidas-metalbone-youth-3-3-2024-1\/","url":"https:\/\/revolutionpadelstore.com\/de\/produkt\/adidas-metalbone-youth-3-3-2024-1\/","name":"ADIDAS METALBONE YOUTH 3.3 2024 - Revolution Padel Store","isPartOf":{"@id":"https:\/\/revolutionpadelstore.com\/de\/#website"},"primaryImageOfPage":{"@id":"https:\/\/revolutionpadelstore.com\/de\/produkt\/adidas-metalbone-youth-3-3-2024-1\/#primaryimage"},"image":{"@id":"https:\/\/revolutionpadelstore.com\/de\/produkt\/adidas-metalbone-youth-3-3-2024-1\/#primaryimage"},"thumbnailUrl":"https:\/\/revolutionpadelstore.com\/wp-content\/uploads\/2024\/03\/110148_padel_webs_padel_y_grupo_pala_adidas_metalbone_youth_3_3_adrk4aa0u0116f__d3bd.webp","datePublished":"2024-03-05T14:01:19+00:00","dateModified":"2026-04-22T00:00:09+00:00","description":"Pala polivalente para jugadores j\u00f3venes de p\u00e1del. Con fibra de vidrio y goma EVA Soft. Adidas Metalbone Youth 3.3, pala de p\u00e1del 2024 con forma de diamante oversize.\u00a0","breadcrumb":{"@id":"https:\/\/revolutionpadelstore.com\/de\/produkt\/adidas-metalbone-youth-3-3-2024-1\/#breadcrumb"},"inLanguage":"de","potentialAction":[{"@type":"ReadAction","target":["https:\/\/revolutionpadelstore.com\/de\/produkt\/adidas-metalbone-youth-3-3-2024-1\/"]}]},{"@type":"ImageObject","inLanguage":"de","@id":"https:\/\/revolutionpadelstore.com\/de\/produkt\/adidas-metalbone-youth-3-3-2024-1\/#primaryimage","url":"https:\/\/revolutionpadelstore.com\/wp-content\/uploads\/2024\/03\/110148_padel_webs_padel_y_grupo_pala_adidas_metalbone_youth_3_3_adrk4aa0u0116f__d3bd.webp","contentUrl":"https:\/\/revolutionpadelstore.com\/wp-content\/uploads\/2024\/03\/110148_padel_webs_padel_y_grupo_pala_adidas_metalbone_youth_3_3_adrk4aa0u0116f__d3bd.webp","width":1500,"height":1500},{"@type":"BreadcrumbList","@id":"https:\/\/revolutionpadelstore.com\/de\/produkt\/adidas-metalbone-youth-3-3-2024-1\/#breadcrumb","itemListElement":[{"@type":"ListItem","position":1,"name":"Portada","item":"https:\/\/revolutionpadelstore.com\/de\/"},{"@type":"ListItem","position":2,"name":"Shop","item":"https:\/\/revolutionpadelstore.com\/de\/tienda\/"},{"@type":"ListItem","position":3,"name":"ADIDAS METALBONE YOUTH 3.3 2024"}]},{"@type":"WebSite","@id":"https:\/\/revolutionpadelstore.com\/de\/#website","url":"https:\/\/revolutionpadelstore.com\/de\/","name":"Revolution Padel Store","description":"","publisher":{"@id":"https:\/\/revolutionpadelstore.com\/de\/#organization"},"potentialAction":[{"@type":"SearchAction","target":{"@type":"EntryPoint","urlTemplate":"https:\/\/revolutionpadelstore.com\/de\/?s={search_term_string}"},"query-input":{"@type":"PropertyValueSpecification","valueRequired":true,"valueName":"search_term_string"}}],"inLanguage":"de"},{"@type":"Organization","@id":"https:\/\/revolutionpadelstore.com\/de\/#organization","name":"Revolution Padel Store","url":"https:\/\/revolutionpadelstore.com\/de\/","logo":{"@type":"ImageObject","inLanguage":"de","@id":"https:\/\/revolutionpadelstore.com\/de\/#\/schema\/logo\/image\/","url":"https:\/\/revolutionpadelstore.com\/wp-content\/uploads\/2026\/02\/revolution-padel-store.jpg","contentUrl":"https:\/\/revolutionpadelstore.com\/wp-content\/uploads\/2026\/02\/revolution-padel-store.jpg","width":2000,"height":2000,"caption":"Revolution Padel Store"},"image":{"@id":"https:\/\/revolutionpadelstore.com\/de\/#\/schema\/logo\/image\/"},"sameAs":["https:\/\/www.instagram.com\/revolutionpadelstore\/"]}]}},"_links":{"self":[{"href":"https:\/\/revolutionpadelstore.com\/de\/wp-json\/wp\/v2\/product\/21710","targetHints":{"allow":["GET"]}}],"collection":[{"href":"https:\/\/revolutionpadelstore.com\/de\/wp-json\/wp\/v2\/product"}],"about":[{"href":"https:\/\/revolutionpadelstore.com\/de\/wp-json\/wp\/v2\/types\/product"}],"replies":[{"embeddable":true,"href":"https:\/\/revolutionpadelstore.com\/de\/wp-json\/wp\/v2\/comments?post=21710"}],"wp:featuredmedia":[{"embeddable":true,"href":"https:\/\/revolutionpadelstore.com\/de\/wp-json\/wp\/v2\/media\/62165"}],"wp:attachment":[{"href":"https:\/\/revolutionpadelstore.com\/de\/wp-json\/wp\/v2\/media?parent=21710"}],"wp:term":[{"taxonomy":"acabado","embeddable":true,"href":"https:\/\/revolutionpadelstore.com\/de\/wp-json\/wp\/v2\/acabado?post=21710"},{"taxonomy":"balance","embeddable":true,"href":"https:\/\/revolutionpadelstore.com\/de\/wp-json\/wp\/v2\/balance?post=21710"},{"taxonomy":"dureza","embeddable":true,"href":"https:\/\/revolutionpadelstore.com\/de\/wp-json\/wp\/v2\/dureza?post=21710"},{"taxonomy":"forma","embeddable":true,"href":"https:\/\/revolutionpadelstore.com\/de\/wp-json\/wp\/v2\/forma?post=21710"},{"taxonomy":"jugador","embeddable":true,"href":"https:\/\/revolutionpadelstore.com\/de\/wp-json\/wp\/v2\/jugador?post=21710"},{"taxonomy":"marca","embeddable":true,"href":"https:\/\/revolutionpadelstore.com\/de\/wp-json\/wp\/v2\/marca?post=21710"},{"taxonomy":"nivel-de-juego","embeddable":true,"href":"https:\/\/revolutionpadelstore.com\/de\/wp-json\/wp\/v2\/nivel-de-juego?post=21710"},{"taxonomy":"superficie","embeddable":true,"href":"https:\/\/revolutionpadelstore.com\/de\/wp-json\/wp\/v2\/superficie?post=21710"},{"taxonomy":"tipo-de-juego","embeddable":true,"href":"https:\/\/revolutionpadelstore.com\/de\/wp-json\/wp\/v2\/tipo-de-juego?post=21710"},{"taxonomy":"product_brand","embeddable":true,"href":"https:\/\/revolutionpadelstore.com\/de\/wp-json\/wp\/v2\/product_brand?post=21710"},{"taxonomy":"product_cat","embeddable":true,"href":"https:\/\/revolutionpadelstore.com\/de\/wp-json\/wp\/v2\/product_cat?post=21710"},{"taxonomy":"product_tag","embeddable":true,"href":"https:\/\/revolutionpadelstore.com\/de\/wp-json\/wp\/v2\/product_tag?post=21710"}],"curies":[{"name":"wp","href":"https:\/\/api.w.org\/{rel}","templated":true}]}}