{"id":217053,"date":"2025-03-31T20:41:16","date_gmt":"2025-03-31T18:41:16","guid":{"rendered":"https:\/\/revolutionpadelstore.com\/siux-trilogy-lite-5\/"},"modified":"2026-04-01T02:25:47","modified_gmt":"2026-04-01T00:25:47","slug":"siux-trilogy-lite-5-1","status":"publish","type":"product","link":"https:\/\/revolutionpadelstore.com\/de\/produkt\/siux-trilogy-lite-5-1\/","title":{"rendered":"SIUX TRILOGY LITE 5"},"content":{"rendered":"<h2> <strong> Siux -Trilogie Elite 5 &#8211; Kontrolle, Pr\u00e4zision und Stil f\u00fcr fortgeschrittene Spieler <\/ strong> <\/ h2><br \/>\nDie Siux -Trilogy Elite 5 ist eine Paddelschaufel, die f\u00fcr diejenigen entwickelt wurde, die eine perfekte Balance zwischen Kontrolle, Pr\u00e4zision und Leistung suchen. Seine runde Form und das Gleichgewicht unter dem idealen Verb\u00fcndeten f\u00fcr technische Spieler, die in jeder Aktion Sicherheit und gro\u00dfe Verwaltbarkeit ben\u00f6tigen.<\/p>\n<p>Dank seines breiten s\u00fc\u00dfen Punktes garantiert diese Schaufel eine effektive Antwort aus jeder Kontaktzone und bietet das ganze Spiel Vertrauen und Konsistenz. Der durchschnittliche Touch erm\u00f6glicht eine hervorragende Auswirkung auf die Absorption und bietet in jedem Spiel ein komfortables, aber festes Erlebnis.<\/p>\n<p>In Bezug auf Materialien enth\u00e4lt die Trilogie -Elite 5 12.000 Kohlenstoffgesichter, was selbst in Situationen mit hohem Nachfrage eine h\u00f6here Steifigkeit, h\u00f6here Haltbarkeit und optimale Leistung gew\u00e4hrleistet. Das matte Finish mit 3D -Textur verleiht ihm nicht nur eine moderne und aggressive \u00e4sthetische Note in schwarzen und gr\u00fcnen T\u00f6nen, sondern erm\u00f6glicht es Ihnen auch, im Ball bessere Effekte im Ball zu erzeugen.<\/p>\n<p>Diese Schaufel wurde f\u00fcr Spieler mit fortgeschrittenem oder professionellem Niveau entwickelt und zeichnet sich aus der F\u00e4higkeit aus, Kontrolle zu bieten, ohne die Dynamik zu verlieren. Es ist ideal f\u00fcr diejenigen, die das Spiel dominieren und ein Tool ben\u00f6tigen, das ihren technischen und strategischen Stil begleitet.<\/p>\n<h2> <strong> Haupteigenschaften <\/ strong> <\/ h2><\/p>\n<p>-runde Form, die die Steuerung maximiert <\/p>\n<p>-12k Kohlenstoffoberfl\u00e4che f\u00fcr Festigkeit und Widerstand <\/p>\n<p>-3D mattes Finish, das die Effekte <\/p>\n<p> verbessert<\/p>\n<p>-Durchschnittlicher Ber\u00fchrung, der Komfort und Pr\u00e4zision ausgleichen <\/p>\n<p>-breiter s\u00fc\u00dfer Punkt und gro\u00dfartige Stabilit\u00e4t <\/p>\n<h2> <strong> Prominente Vorteile <\/ strong> <\/ h2><\/p>\n<p>-ausgezeichnet f\u00fcr pr\u00e4zise und technische Schl\u00e4ge <\/p>\n<p>-Gro\u00dfe Kontrolle ohne Stromverlust <\/p>\n<p>-attraktives Design mit professionellem Finish <\/p>\n<p>-ideal f\u00fcr hochrangige Spieler <\/p>\n<p><strong> Die Siux -Trilogy Elite 5 Shovel ist in unserem Online -Shop erh\u00e4ltlich <a href=\"http:\/\/www.revolutionpadelstore.com\/\"> www.revolutionpadelstore.com <\/a> wahrscheinlich zum besten Marktpreis. <\/strong><\/p>\n","protected":false},"excerpt":{"rendered":"<p>Die Siux -Trilogy Elite 5 ist eine Schaufel, die eine ideale Balance zwischen Pr\u00e4zision, Kontrolle und Kraft bietet, die f\u00fcr fortschrittliche Spieler entwickelt wurde, die ihre Technik verbessern m\u00f6chten, ohne ihre unverwechselbarsten und innovativen Eigenschaften aufzugeben.<\/p>\n","protected":false},"featured_media":217095,"comment_status":"open","ping_status":"closed","template":"","meta":{"_acf_changed":false,"_joinchat":[]},"acabado":[1084],"balance":[1144],"dureza":[1154],"forma":[1179],"jugador":[1189,1199],"marca":[1304],"nivel-de-juego":[1334],"superficie":[1359],"tipo-de-juego":[1369],"product_brand":[],"product_cat":[299],"product_tag":[],"class_list":{"0":"post-217053","1":"product","2":"type-product","3":"status-publish","4":"has-post-thumbnail","6":"acabado-kumpel","7":"balance-niedrig","8":"dureza-media-de","9":"forma-rund","10":"jugador-mann","11":"jugador-mehrzweck","12":"marca-siux-de","13":"superficie-rugosa-de","14":"tipo-de-juego-kontrolle","15":"product_cat-palas-de-padel-de","17":"first","18":"instock","19":"sale","20":"taxable","21":"shipping-taxable","22":"purchasable","23":"product-type-simple"},"acf":[],"yoast_head":"<!-- This site is optimized with the Yoast SEO plugin v27.3 - https:\/\/yoast.com\/product\/yoast-seo-wordpress\/ -->\n<title>SIUX TRILOGY LITE 5 - Revolution Padel Store<\/title>\n<meta name=\"description\" content=\"Pala de p\u00e1del Siux Trilogy Elite 5 para jugadores avanzados. Control, precisi\u00f3n, carbono 12K y acabado 3D. Disponible en www.revolutionpadelstore.com al mejor precio.\" \/>\n<meta name=\"robots\" content=\"index, follow, max-snippet:-1, max-image-preview:large, max-video-preview:-1\" \/>\n<link rel=\"canonical\" href=\"https:\/\/revolutionpadelstore.com\/de\/produkt\/siux-trilogy-lite-5-1\/\" \/>\n<meta property=\"og:locale\" content=\"de_DE\" \/>\n<meta property=\"og:type\" content=\"article\" \/>\n<meta property=\"og:title\" content=\"SIUX TRILOGY LITE 5 - Revolution Padel Store\" \/>\n<meta property=\"og:description\" content=\"Pala de p\u00e1del Siux Trilogy Elite 5 para jugadores avanzados. Control, precisi\u00f3n, carbono 12K y acabado 3D. Disponible en www.revolutionpadelstore.com al mejor precio.\" \/>\n<meta property=\"og:url\" content=\"https:\/\/revolutionpadelstore.com\/de\/produkt\/siux-trilogy-lite-5-1\/\" \/>\n<meta property=\"og:site_name\" content=\"Revolution Padel Store\" \/>\n<meta property=\"article:modified_time\" content=\"2026-04-01T00:25:47+00:00\" \/>\n<meta property=\"og:image\" content=\"https:\/\/revolutionpadelstore.com\/wp-content\/uploads\/2025\/03\/112653-siux-trilogy-elite-5-1500x1500-1.webp\" \/>\n\t<meta property=\"og:image:width\" content=\"1500\" \/>\n\t<meta property=\"og:image:height\" content=\"1500\" \/>\n\t<meta property=\"og:image:type\" content=\"image\/webp\" \/>\n<meta name=\"twitter:card\" content=\"summary_large_image\" \/>\n<meta name=\"twitter:label1\" content=\"Gesch\u00e4tzte Lesezeit\" \/>\n\t<meta name=\"twitter:data1\" content=\"2\u00a0Minuten\" \/>\n<script type=\"application\/ld+json\" class=\"yoast-schema-graph\">{\"@context\":\"https:\\\/\\\/schema.org\",\"@graph\":[{\"@type\":\"WebPage\",\"@id\":\"https:\\\/\\\/revolutionpadelstore.com\\\/de\\\/produkt\\\/siux-trilogy-lite-5-1\\\/\",\"url\":\"https:\\\/\\\/revolutionpadelstore.com\\\/de\\\/produkt\\\/siux-trilogy-lite-5-1\\\/\",\"name\":\"SIUX TRILOGY LITE 5 - Revolution Padel Store\",\"isPartOf\":{\"@id\":\"https:\\\/\\\/revolutionpadelstore.com\\\/de\\\/#website\"},\"primaryImageOfPage\":{\"@id\":\"https:\\\/\\\/revolutionpadelstore.com\\\/de\\\/produkt\\\/siux-trilogy-lite-5-1\\\/#primaryimage\"},\"image\":{\"@id\":\"https:\\\/\\\/revolutionpadelstore.com\\\/de\\\/produkt\\\/siux-trilogy-lite-5-1\\\/#primaryimage\"},\"thumbnailUrl\":\"https:\\\/\\\/revolutionpadelstore.com\\\/wp-content\\\/uploads\\\/2025\\\/03\\\/112653-siux-trilogy-elite-5-1500x1500-1.webp\",\"datePublished\":\"2025-03-31T18:41:16+00:00\",\"dateModified\":\"2026-04-01T00:25:47+00:00\",\"description\":\"Pala de p\u00e1del Siux Trilogy Elite 5 para jugadores avanzados. Control, precisi\u00f3n, carbono 12K y acabado 3D. Disponible en www.revolutionpadelstore.com al mejor precio.\",\"breadcrumb\":{\"@id\":\"https:\\\/\\\/revolutionpadelstore.com\\\/de\\\/produkt\\\/siux-trilogy-lite-5-1\\\/#breadcrumb\"},\"inLanguage\":\"de\",\"potentialAction\":[{\"@type\":\"ReadAction\",\"target\":[\"https:\\\/\\\/revolutionpadelstore.com\\\/de\\\/produkt\\\/siux-trilogy-lite-5-1\\\/\"]}]},{\"@type\":\"ImageObject\",\"inLanguage\":\"de\",\"@id\":\"https:\\\/\\\/revolutionpadelstore.com\\\/de\\\/produkt\\\/siux-trilogy-lite-5-1\\\/#primaryimage\",\"url\":\"https:\\\/\\\/revolutionpadelstore.com\\\/wp-content\\\/uploads\\\/2025\\\/03\\\/112653-siux-trilogy-elite-5-1500x1500-1.webp\",\"contentUrl\":\"https:\\\/\\\/revolutionpadelstore.com\\\/wp-content\\\/uploads\\\/2025\\\/03\\\/112653-siux-trilogy-elite-5-1500x1500-1.webp\",\"width\":1500,\"height\":1500},{\"@type\":\"BreadcrumbList\",\"@id\":\"https:\\\/\\\/revolutionpadelstore.com\\\/de\\\/produkt\\\/siux-trilogy-lite-5-1\\\/#breadcrumb\",\"itemListElement\":[{\"@type\":\"ListItem\",\"position\":1,\"name\":\"Portada\",\"item\":\"https:\\\/\\\/revolutionpadelstore.com\\\/de\\\/\"},{\"@type\":\"ListItem\",\"position\":2,\"name\":\"Shop\",\"item\":\"https:\\\/\\\/revolutionpadelstore.com\\\/de\\\/tienda\\\/\"},{\"@type\":\"ListItem\",\"position\":3,\"name\":\"SIUX TRILOGY LITE 5\"}]},{\"@type\":\"WebSite\",\"@id\":\"https:\\\/\\\/revolutionpadelstore.com\\\/de\\\/#website\",\"url\":\"https:\\\/\\\/revolutionpadelstore.com\\\/de\\\/\",\"name\":\"Revolution Padel Store\",\"description\":\"\",\"publisher\":{\"@id\":\"https:\\\/\\\/revolutionpadelstore.com\\\/de\\\/#organization\"},\"potentialAction\":[{\"@type\":\"SearchAction\",\"target\":{\"@type\":\"EntryPoint\",\"urlTemplate\":\"https:\\\/\\\/revolutionpadelstore.com\\\/de\\\/?s={search_term_string}\"},\"query-input\":{\"@type\":\"PropertyValueSpecification\",\"valueRequired\":true,\"valueName\":\"search_term_string\"}}],\"inLanguage\":\"de\"},{\"@type\":\"Organization\",\"@id\":\"https:\\\/\\\/revolutionpadelstore.com\\\/de\\\/#organization\",\"name\":\"Revolution Padel Store\",\"url\":\"https:\\\/\\\/revolutionpadelstore.com\\\/de\\\/\",\"logo\":{\"@type\":\"ImageObject\",\"inLanguage\":\"de\",\"@id\":\"https:\\\/\\\/revolutionpadelstore.com\\\/de\\\/#\\\/schema\\\/logo\\\/image\\\/\",\"url\":\"https:\\\/\\\/revolutionpadelstore.com\\\/wp-content\\\/uploads\\\/2026\\\/02\\\/revolution-padel-store.jpg\",\"contentUrl\":\"https:\\\/\\\/revolutionpadelstore.com\\\/wp-content\\\/uploads\\\/2026\\\/02\\\/revolution-padel-store.jpg\",\"width\":2000,\"height\":2000,\"caption\":\"Revolution Padel Store\"},\"image\":{\"@id\":\"https:\\\/\\\/revolutionpadelstore.com\\\/de\\\/#\\\/schema\\\/logo\\\/image\\\/\"},\"sameAs\":[\"https:\\\/\\\/www.instagram.com\\\/revolutionpadelstore\\\/\"]}]}<\/script>\n<!-- \/ Yoast SEO plugin. -->","yoast_head_json":{"title":"SIUX TRILOGY LITE 5 - Revolution Padel Store","description":"Pala de p\u00e1del Siux Trilogy Elite 5 para jugadores avanzados. Control, precisi\u00f3n, carbono 12K y acabado 3D. Disponible en www.revolutionpadelstore.com al mejor precio.","robots":{"index":"index","follow":"follow","max-snippet":"max-snippet:-1","max-image-preview":"max-image-preview:large","max-video-preview":"max-video-preview:-1"},"canonical":"https:\/\/revolutionpadelstore.com\/de\/produkt\/siux-trilogy-lite-5-1\/","og_locale":"de_DE","og_type":"article","og_title":"SIUX TRILOGY LITE 5 - Revolution Padel Store","og_description":"Pala de p\u00e1del Siux Trilogy Elite 5 para jugadores avanzados. Control, precisi\u00f3n, carbono 12K y acabado 3D. Disponible en www.revolutionpadelstore.com al mejor precio.","og_url":"https:\/\/revolutionpadelstore.com\/de\/produkt\/siux-trilogy-lite-5-1\/","og_site_name":"Revolution Padel Store","article_modified_time":"2026-04-01T00:25:47+00:00","og_image":[{"width":1500,"height":1500,"url":"https:\/\/revolutionpadelstore.com\/wp-content\/uploads\/2025\/03\/112653-siux-trilogy-elite-5-1500x1500-1.webp","type":"image\/webp"}],"twitter_card":"summary_large_image","twitter_misc":{"Gesch\u00e4tzte Lesezeit":"2\u00a0Minuten"},"schema":{"@context":"https:\/\/schema.org","@graph":[{"@type":"WebPage","@id":"https:\/\/revolutionpadelstore.com\/de\/produkt\/siux-trilogy-lite-5-1\/","url":"https:\/\/revolutionpadelstore.com\/de\/produkt\/siux-trilogy-lite-5-1\/","name":"SIUX TRILOGY LITE 5 - Revolution Padel Store","isPartOf":{"@id":"https:\/\/revolutionpadelstore.com\/de\/#website"},"primaryImageOfPage":{"@id":"https:\/\/revolutionpadelstore.com\/de\/produkt\/siux-trilogy-lite-5-1\/#primaryimage"},"image":{"@id":"https:\/\/revolutionpadelstore.com\/de\/produkt\/siux-trilogy-lite-5-1\/#primaryimage"},"thumbnailUrl":"https:\/\/revolutionpadelstore.com\/wp-content\/uploads\/2025\/03\/112653-siux-trilogy-elite-5-1500x1500-1.webp","datePublished":"2025-03-31T18:41:16+00:00","dateModified":"2026-04-01T00:25:47+00:00","description":"Pala de p\u00e1del Siux Trilogy Elite 5 para jugadores avanzados. Control, precisi\u00f3n, carbono 12K y acabado 3D. Disponible en www.revolutionpadelstore.com al mejor precio.","breadcrumb":{"@id":"https:\/\/revolutionpadelstore.com\/de\/produkt\/siux-trilogy-lite-5-1\/#breadcrumb"},"inLanguage":"de","potentialAction":[{"@type":"ReadAction","target":["https:\/\/revolutionpadelstore.com\/de\/produkt\/siux-trilogy-lite-5-1\/"]}]},{"@type":"ImageObject","inLanguage":"de","@id":"https:\/\/revolutionpadelstore.com\/de\/produkt\/siux-trilogy-lite-5-1\/#primaryimage","url":"https:\/\/revolutionpadelstore.com\/wp-content\/uploads\/2025\/03\/112653-siux-trilogy-elite-5-1500x1500-1.webp","contentUrl":"https:\/\/revolutionpadelstore.com\/wp-content\/uploads\/2025\/03\/112653-siux-trilogy-elite-5-1500x1500-1.webp","width":1500,"height":1500},{"@type":"BreadcrumbList","@id":"https:\/\/revolutionpadelstore.com\/de\/produkt\/siux-trilogy-lite-5-1\/#breadcrumb","itemListElement":[{"@type":"ListItem","position":1,"name":"Portada","item":"https:\/\/revolutionpadelstore.com\/de\/"},{"@type":"ListItem","position":2,"name":"Shop","item":"https:\/\/revolutionpadelstore.com\/de\/tienda\/"},{"@type":"ListItem","position":3,"name":"SIUX TRILOGY LITE 5"}]},{"@type":"WebSite","@id":"https:\/\/revolutionpadelstore.com\/de\/#website","url":"https:\/\/revolutionpadelstore.com\/de\/","name":"Revolution Padel Store","description":"","publisher":{"@id":"https:\/\/revolutionpadelstore.com\/de\/#organization"},"potentialAction":[{"@type":"SearchAction","target":{"@type":"EntryPoint","urlTemplate":"https:\/\/revolutionpadelstore.com\/de\/?s={search_term_string}"},"query-input":{"@type":"PropertyValueSpecification","valueRequired":true,"valueName":"search_term_string"}}],"inLanguage":"de"},{"@type":"Organization","@id":"https:\/\/revolutionpadelstore.com\/de\/#organization","name":"Revolution Padel Store","url":"https:\/\/revolutionpadelstore.com\/de\/","logo":{"@type":"ImageObject","inLanguage":"de","@id":"https:\/\/revolutionpadelstore.com\/de\/#\/schema\/logo\/image\/","url":"https:\/\/revolutionpadelstore.com\/wp-content\/uploads\/2026\/02\/revolution-padel-store.jpg","contentUrl":"https:\/\/revolutionpadelstore.com\/wp-content\/uploads\/2026\/02\/revolution-padel-store.jpg","width":2000,"height":2000,"caption":"Revolution Padel Store"},"image":{"@id":"https:\/\/revolutionpadelstore.com\/de\/#\/schema\/logo\/image\/"},"sameAs":["https:\/\/www.instagram.com\/revolutionpadelstore\/"]}]}},"_links":{"self":[{"href":"https:\/\/revolutionpadelstore.com\/de\/wp-json\/wp\/v2\/product\/217053","targetHints":{"allow":["GET"]}}],"collection":[{"href":"https:\/\/revolutionpadelstore.com\/de\/wp-json\/wp\/v2\/product"}],"about":[{"href":"https:\/\/revolutionpadelstore.com\/de\/wp-json\/wp\/v2\/types\/product"}],"replies":[{"embeddable":true,"href":"https:\/\/revolutionpadelstore.com\/de\/wp-json\/wp\/v2\/comments?post=217053"}],"wp:featuredmedia":[{"embeddable":true,"href":"https:\/\/revolutionpadelstore.com\/de\/wp-json\/wp\/v2\/media\/217095"}],"wp:attachment":[{"href":"https:\/\/revolutionpadelstore.com\/de\/wp-json\/wp\/v2\/media?parent=217053"}],"wp:term":[{"taxonomy":"acabado","embeddable":true,"href":"https:\/\/revolutionpadelstore.com\/de\/wp-json\/wp\/v2\/acabado?post=217053"},{"taxonomy":"balance","embeddable":true,"href":"https:\/\/revolutionpadelstore.com\/de\/wp-json\/wp\/v2\/balance?post=217053"},{"taxonomy":"dureza","embeddable":true,"href":"https:\/\/revolutionpadelstore.com\/de\/wp-json\/wp\/v2\/dureza?post=217053"},{"taxonomy":"forma","embeddable":true,"href":"https:\/\/revolutionpadelstore.com\/de\/wp-json\/wp\/v2\/forma?post=217053"},{"taxonomy":"jugador","embeddable":true,"href":"https:\/\/revolutionpadelstore.com\/de\/wp-json\/wp\/v2\/jugador?post=217053"},{"taxonomy":"marca","embeddable":true,"href":"https:\/\/revolutionpadelstore.com\/de\/wp-json\/wp\/v2\/marca?post=217053"},{"taxonomy":"nivel-de-juego","embeddable":true,"href":"https:\/\/revolutionpadelstore.com\/de\/wp-json\/wp\/v2\/nivel-de-juego?post=217053"},{"taxonomy":"superficie","embeddable":true,"href":"https:\/\/revolutionpadelstore.com\/de\/wp-json\/wp\/v2\/superficie?post=217053"},{"taxonomy":"tipo-de-juego","embeddable":true,"href":"https:\/\/revolutionpadelstore.com\/de\/wp-json\/wp\/v2\/tipo-de-juego?post=217053"},{"taxonomy":"product_brand","embeddable":true,"href":"https:\/\/revolutionpadelstore.com\/de\/wp-json\/wp\/v2\/product_brand?post=217053"},{"taxonomy":"product_cat","embeddable":true,"href":"https:\/\/revolutionpadelstore.com\/de\/wp-json\/wp\/v2\/product_cat?post=217053"},{"taxonomy":"product_tag","embeddable":true,"href":"https:\/\/revolutionpadelstore.com\/de\/wp-json\/wp\/v2\/product_tag?post=217053"}],"curies":[{"name":"wp","href":"https:\/\/api.w.org\/{rel}","templated":true}]}}