{"id":216994,"date":"2025-03-31T20:42:21","date_gmt":"2025-03-31T18:42:21","guid":{"rendered":"https:\/\/revolutionpadelstore.com\/siux-trilogy-go-5\/"},"modified":"2026-04-01T02:25:27","modified_gmt":"2026-04-01T00:25:27","slug":"siux-trilogy-pro-5-2025-1","status":"publish","type":"product","link":"https:\/\/revolutionpadelstore.com\/de\/produkt\/siux-trilogy-pro-5-2025-1\/","title":{"rendered":"SIUX TRILOGY PRO 5 2025"},"content":{"rendered":"<h2> <strong> Siux -Trilogy Pro 5 2025 &#8211; Maximale Kontrolle mit professioneller Leistung <\/ strong> <\/ h2><br \/>\nDie <strong> Siux -Trilogy Pro 5 2025 <\/strong> stellt die perfekte Balance zwischen <strong> Power and Control <\/strong> dar, ideal f\u00fcr fortgeschrittene Spieler, die Pr\u00e4zision suchen, ohne in jedem Schlag Kraft zu verlieren. Die runde Form erweitert den s\u00fc\u00dfen Punkt und garantiert eine hervorragende Reaktion auch bei dezentralen Schl\u00e4gen. Dar\u00fcber hinaus verbessert Ihr <strong> Balance Low <\/strong> die Man\u00f6vrierf\u00e4higkeit und hilft, Armverletzungen zu verhindern.<\/p>\n<h2> <strong> Hochleistungsdesign und Materialien <\/ strong> <\/ h2><br \/>\nDiese Schaufel wird mit <strong> Kohlefaser <\/strong> und Kern von <strong> Gummi -Eva <\/strong> hergestellt und bietet ein solides, resistentes und dauerhaftes Gef\u00fchl, perfekt f\u00fcr diejenigen, die professionelle Qualit\u00e4t erfordern. Die Einbeziehung des <strong> Dual Pro Grip <\/strong> -System reduziert die Vibrationen, verbessert den Komfort und verringert das Risiko von Beschwerden nach l\u00e4ngerem Gebrauch.<\/p>\n<h2> <strong> United Stil und Technologie <\/ strong> <\/ h2><br \/>\nDas Design in <strong> 3D -Helligkeit <\/strong> kombiniert die Farben <strong> gr\u00fcn, schwarz und orange <\/strong>, um ihm ein modernes und raffiniertes Erscheinungsbild zu verleihen, das auf der Strecke nicht unbemerkt bleibt.<\/p>\n<h2> <strong> Prominente Eigenschaften <\/ strong> <\/ h2><\/p>\n<p> <strong> -Forma <\/strong>: Round-Greater-Kontrolle und Pr\u00e4zision <\/p>\n<p>&lt;p style = &quot;padding-links: 40px;&quot;<\/p>\n<p> <strong> -Marco <\/strong>: 100% Kohlenstoff und Festigkeit <\/p>\n<p>&lt;p style = &quot;padding-links: 40px;&quot;<br \/>\n&lt;p style = &quot;padding-links: 40px;&quot;<\/p>\n<p> <strong> -Balance niedrig <\/strong> -Uperior Man\u00f6vrierbarkeit <\/p>\n<h2> <strong> Ideal f\u00fcr fortgeschrittene Spieler <\/ strong> <\/ h2><br \/>\nDer Trilogy Pro 5 2025 ist f\u00fcr die technischen und erfahrenen Spieler ausgestattet, die nach einer vielseitigen, leistungsstarken und pr\u00e4zisen Schaufel suchen. Dominieren Sie den Track mit Zuversicht und erh\u00f6hen Sie Ihr Spiel auf die n\u00e4chste Stufe.<br \/>\n&lt;H2 data-start = &quot;2175&quot; data-end = &quot;2251&quot;<\/p>\n<p class=\"\" data-scart=\"2252\" data-end=\"2473\"> mit dieser professionellen Schaufel in  www.revolutionPadelstore.com <\/a> , wahrscheinlich auf den besten Marktpreis. Verpassen Sie diese Gelegenheit nicht und erh\u00f6hen Sie Ihr Spiel auf das n\u00e4chste Level! <\/p>\n","protected":false},"excerpt":{"rendered":"<p>Die Siux -Trilogy Pro 5 2025 bietet ein perfektes Gleichgewicht zwischen Kontrolle und Pr\u00e4zision, ohne dass die Schl\u00e4ge an Strom verliert werden. Es wird mit einem 100% igen Kohlenstoffrahmen hergestellt und verf\u00fcgt \u00fcber das Dual Pro Grip -System.<\/p>\n","protected":false},"featured_media":217000,"comment_status":"open","ping_status":"closed","template":"","meta":{"_acf_changed":false,"_joinchat":[]},"acabado":[1079],"balance":[1144],"dureza":[1154],"forma":[1179],"jugador":[1189,1199],"marca":[1304],"nivel-de-juego":[1334,1344],"superficie":[1359],"tipo-de-juego":[1369,1374],"product_brand":[],"product_cat":[299],"product_tag":[],"class_list":{"0":"post-216994","1":"product","2":"type-product","3":"status-publish","4":"has-post-thumbnail","6":"acabado-helligkeit","7":"balance-niedrig","8":"dureza-media-de","9":"forma-rund","10":"jugador-mann","11":"jugador-mehrzweck","12":"marca-siux-de","13":"superficie-rugosa-de","14":"tipo-de-juego-kontrolle","15":"tipo-de-juego-leistung","16":"product_cat-palas-de-padel-de","18":"first","19":"instock","20":"sale","21":"taxable","22":"shipping-taxable","23":"purchasable","24":"product-type-simple"},"acf":[],"yoast_head":"<!-- This site is optimized with the Yoast SEO plugin v27.3 - https:\/\/yoast.com\/product\/yoast-seo-wordpress\/ -->\n<title>SIUX TRILOGY PRO 5 2025 - Revolution Padel Store<\/title>\n<meta name=\"description\" content=\"Descubre la nueva Siux Trilogy Pro 5 2025 en Revolution Padel Store. Pala profesional de control y potencia para jugadores avanzados. Dise\u00f1o exclusivo, materiales premium y mejor precio online.\" \/>\n<meta name=\"robots\" content=\"index, follow, max-snippet:-1, max-image-preview:large, max-video-preview:-1\" \/>\n<link rel=\"canonical\" href=\"https:\/\/revolutionpadelstore.com\/de\/produkt\/siux-trilogy-pro-5-2025-1\/\" \/>\n<meta property=\"og:locale\" content=\"de_DE\" \/>\n<meta property=\"og:type\" content=\"article\" \/>\n<meta property=\"og:title\" content=\"SIUX TRILOGY PRO 5 2025 - Revolution Padel Store\" \/>\n<meta property=\"og:description\" content=\"Descubre la nueva Siux Trilogy Pro 5 2025 en Revolution Padel Store. Pala profesional de control y potencia para jugadores avanzados. Dise\u00f1o exclusivo, materiales premium y mejor precio online.\" \/>\n<meta property=\"og:url\" content=\"https:\/\/revolutionpadelstore.com\/de\/produkt\/siux-trilogy-pro-5-2025-1\/\" \/>\n<meta property=\"og:site_name\" content=\"Revolution Padel Store\" \/>\n<meta property=\"article:modified_time\" content=\"2026-04-01T00:25:27+00:00\" \/>\n<meta property=\"og:image\" content=\"https:\/\/revolutionpadelstore.com\/wp-content\/uploads\/2025\/03\/112655-siux-trilogy-pro-5-1500x1500-1.webp\" \/>\n\t<meta property=\"og:image:width\" content=\"1500\" \/>\n\t<meta property=\"og:image:height\" content=\"1500\" \/>\n\t<meta property=\"og:image:type\" content=\"image\/webp\" \/>\n<meta name=\"twitter:card\" content=\"summary_large_image\" \/>\n<meta name=\"twitter:label1\" content=\"Gesch\u00e4tzte Lesezeit\" \/>\n\t<meta name=\"twitter:data1\" content=\"2\u00a0Minuten\" \/>\n<script type=\"application\/ld+json\" class=\"yoast-schema-graph\">{\"@context\":\"https:\\\/\\\/schema.org\",\"@graph\":[{\"@type\":\"WebPage\",\"@id\":\"https:\\\/\\\/revolutionpadelstore.com\\\/de\\\/produkt\\\/siux-trilogy-pro-5-2025-1\\\/\",\"url\":\"https:\\\/\\\/revolutionpadelstore.com\\\/de\\\/produkt\\\/siux-trilogy-pro-5-2025-1\\\/\",\"name\":\"SIUX TRILOGY PRO 5 2025 - Revolution Padel Store\",\"isPartOf\":{\"@id\":\"https:\\\/\\\/revolutionpadelstore.com\\\/de\\\/#website\"},\"primaryImageOfPage\":{\"@id\":\"https:\\\/\\\/revolutionpadelstore.com\\\/de\\\/produkt\\\/siux-trilogy-pro-5-2025-1\\\/#primaryimage\"},\"image\":{\"@id\":\"https:\\\/\\\/revolutionpadelstore.com\\\/de\\\/produkt\\\/siux-trilogy-pro-5-2025-1\\\/#primaryimage\"},\"thumbnailUrl\":\"https:\\\/\\\/revolutionpadelstore.com\\\/wp-content\\\/uploads\\\/2025\\\/03\\\/112655-siux-trilogy-pro-5-1500x1500-1.webp\",\"datePublished\":\"2025-03-31T18:42:21+00:00\",\"dateModified\":\"2026-04-01T00:25:27+00:00\",\"description\":\"Descubre la nueva Siux Trilogy Pro 5 2025 en Revolution Padel Store. Pala profesional de control y potencia para jugadores avanzados. Dise\u00f1o exclusivo, materiales premium y mejor precio online.\",\"breadcrumb\":{\"@id\":\"https:\\\/\\\/revolutionpadelstore.com\\\/de\\\/produkt\\\/siux-trilogy-pro-5-2025-1\\\/#breadcrumb\"},\"inLanguage\":\"de\",\"potentialAction\":[{\"@type\":\"ReadAction\",\"target\":[\"https:\\\/\\\/revolutionpadelstore.com\\\/de\\\/produkt\\\/siux-trilogy-pro-5-2025-1\\\/\"]}]},{\"@type\":\"ImageObject\",\"inLanguage\":\"de\",\"@id\":\"https:\\\/\\\/revolutionpadelstore.com\\\/de\\\/produkt\\\/siux-trilogy-pro-5-2025-1\\\/#primaryimage\",\"url\":\"https:\\\/\\\/revolutionpadelstore.com\\\/wp-content\\\/uploads\\\/2025\\\/03\\\/112655-siux-trilogy-pro-5-1500x1500-1.webp\",\"contentUrl\":\"https:\\\/\\\/revolutionpadelstore.com\\\/wp-content\\\/uploads\\\/2025\\\/03\\\/112655-siux-trilogy-pro-5-1500x1500-1.webp\",\"width\":1500,\"height\":1500},{\"@type\":\"BreadcrumbList\",\"@id\":\"https:\\\/\\\/revolutionpadelstore.com\\\/de\\\/produkt\\\/siux-trilogy-pro-5-2025-1\\\/#breadcrumb\",\"itemListElement\":[{\"@type\":\"ListItem\",\"position\":1,\"name\":\"Portada\",\"item\":\"https:\\\/\\\/revolutionpadelstore.com\\\/de\\\/\"},{\"@type\":\"ListItem\",\"position\":2,\"name\":\"Shop\",\"item\":\"https:\\\/\\\/revolutionpadelstore.com\\\/de\\\/tienda\\\/\"},{\"@type\":\"ListItem\",\"position\":3,\"name\":\"SIUX TRILOGY PRO 5 2025\"}]},{\"@type\":\"WebSite\",\"@id\":\"https:\\\/\\\/revolutionpadelstore.com\\\/de\\\/#website\",\"url\":\"https:\\\/\\\/revolutionpadelstore.com\\\/de\\\/\",\"name\":\"Revolution Padel Store\",\"description\":\"\",\"publisher\":{\"@id\":\"https:\\\/\\\/revolutionpadelstore.com\\\/de\\\/#organization\"},\"potentialAction\":[{\"@type\":\"SearchAction\",\"target\":{\"@type\":\"EntryPoint\",\"urlTemplate\":\"https:\\\/\\\/revolutionpadelstore.com\\\/de\\\/?s={search_term_string}\"},\"query-input\":{\"@type\":\"PropertyValueSpecification\",\"valueRequired\":true,\"valueName\":\"search_term_string\"}}],\"inLanguage\":\"de\"},{\"@type\":\"Organization\",\"@id\":\"https:\\\/\\\/revolutionpadelstore.com\\\/de\\\/#organization\",\"name\":\"Revolution Padel Store\",\"url\":\"https:\\\/\\\/revolutionpadelstore.com\\\/de\\\/\",\"logo\":{\"@type\":\"ImageObject\",\"inLanguage\":\"de\",\"@id\":\"https:\\\/\\\/revolutionpadelstore.com\\\/de\\\/#\\\/schema\\\/logo\\\/image\\\/\",\"url\":\"https:\\\/\\\/revolutionpadelstore.com\\\/wp-content\\\/uploads\\\/2026\\\/02\\\/revolution-padel-store.jpg\",\"contentUrl\":\"https:\\\/\\\/revolutionpadelstore.com\\\/wp-content\\\/uploads\\\/2026\\\/02\\\/revolution-padel-store.jpg\",\"width\":2000,\"height\":2000,\"caption\":\"Revolution Padel Store\"},\"image\":{\"@id\":\"https:\\\/\\\/revolutionpadelstore.com\\\/de\\\/#\\\/schema\\\/logo\\\/image\\\/\"},\"sameAs\":[\"https:\\\/\\\/www.instagram.com\\\/revolutionpadelstore\\\/\"]}]}<\/script>\n<!-- \/ Yoast SEO plugin. -->","yoast_head_json":{"title":"SIUX TRILOGY PRO 5 2025 - Revolution Padel Store","description":"Descubre la nueva Siux Trilogy Pro 5 2025 en Revolution Padel Store. Pala profesional de control y potencia para jugadores avanzados. Dise\u00f1o exclusivo, materiales premium y mejor precio online.","robots":{"index":"index","follow":"follow","max-snippet":"max-snippet:-1","max-image-preview":"max-image-preview:large","max-video-preview":"max-video-preview:-1"},"canonical":"https:\/\/revolutionpadelstore.com\/de\/produkt\/siux-trilogy-pro-5-2025-1\/","og_locale":"de_DE","og_type":"article","og_title":"SIUX TRILOGY PRO 5 2025 - Revolution Padel Store","og_description":"Descubre la nueva Siux Trilogy Pro 5 2025 en Revolution Padel Store. Pala profesional de control y potencia para jugadores avanzados. Dise\u00f1o exclusivo, materiales premium y mejor precio online.","og_url":"https:\/\/revolutionpadelstore.com\/de\/produkt\/siux-trilogy-pro-5-2025-1\/","og_site_name":"Revolution Padel Store","article_modified_time":"2026-04-01T00:25:27+00:00","og_image":[{"width":1500,"height":1500,"url":"https:\/\/revolutionpadelstore.com\/wp-content\/uploads\/2025\/03\/112655-siux-trilogy-pro-5-1500x1500-1.webp","type":"image\/webp"}],"twitter_card":"summary_large_image","twitter_misc":{"Gesch\u00e4tzte Lesezeit":"2\u00a0Minuten"},"schema":{"@context":"https:\/\/schema.org","@graph":[{"@type":"WebPage","@id":"https:\/\/revolutionpadelstore.com\/de\/produkt\/siux-trilogy-pro-5-2025-1\/","url":"https:\/\/revolutionpadelstore.com\/de\/produkt\/siux-trilogy-pro-5-2025-1\/","name":"SIUX TRILOGY PRO 5 2025 - Revolution Padel Store","isPartOf":{"@id":"https:\/\/revolutionpadelstore.com\/de\/#website"},"primaryImageOfPage":{"@id":"https:\/\/revolutionpadelstore.com\/de\/produkt\/siux-trilogy-pro-5-2025-1\/#primaryimage"},"image":{"@id":"https:\/\/revolutionpadelstore.com\/de\/produkt\/siux-trilogy-pro-5-2025-1\/#primaryimage"},"thumbnailUrl":"https:\/\/revolutionpadelstore.com\/wp-content\/uploads\/2025\/03\/112655-siux-trilogy-pro-5-1500x1500-1.webp","datePublished":"2025-03-31T18:42:21+00:00","dateModified":"2026-04-01T00:25:27+00:00","description":"Descubre la nueva Siux Trilogy Pro 5 2025 en Revolution Padel Store. Pala profesional de control y potencia para jugadores avanzados. Dise\u00f1o exclusivo, materiales premium y mejor precio online.","breadcrumb":{"@id":"https:\/\/revolutionpadelstore.com\/de\/produkt\/siux-trilogy-pro-5-2025-1\/#breadcrumb"},"inLanguage":"de","potentialAction":[{"@type":"ReadAction","target":["https:\/\/revolutionpadelstore.com\/de\/produkt\/siux-trilogy-pro-5-2025-1\/"]}]},{"@type":"ImageObject","inLanguage":"de","@id":"https:\/\/revolutionpadelstore.com\/de\/produkt\/siux-trilogy-pro-5-2025-1\/#primaryimage","url":"https:\/\/revolutionpadelstore.com\/wp-content\/uploads\/2025\/03\/112655-siux-trilogy-pro-5-1500x1500-1.webp","contentUrl":"https:\/\/revolutionpadelstore.com\/wp-content\/uploads\/2025\/03\/112655-siux-trilogy-pro-5-1500x1500-1.webp","width":1500,"height":1500},{"@type":"BreadcrumbList","@id":"https:\/\/revolutionpadelstore.com\/de\/produkt\/siux-trilogy-pro-5-2025-1\/#breadcrumb","itemListElement":[{"@type":"ListItem","position":1,"name":"Portada","item":"https:\/\/revolutionpadelstore.com\/de\/"},{"@type":"ListItem","position":2,"name":"Shop","item":"https:\/\/revolutionpadelstore.com\/de\/tienda\/"},{"@type":"ListItem","position":3,"name":"SIUX TRILOGY PRO 5 2025"}]},{"@type":"WebSite","@id":"https:\/\/revolutionpadelstore.com\/de\/#website","url":"https:\/\/revolutionpadelstore.com\/de\/","name":"Revolution Padel Store","description":"","publisher":{"@id":"https:\/\/revolutionpadelstore.com\/de\/#organization"},"potentialAction":[{"@type":"SearchAction","target":{"@type":"EntryPoint","urlTemplate":"https:\/\/revolutionpadelstore.com\/de\/?s={search_term_string}"},"query-input":{"@type":"PropertyValueSpecification","valueRequired":true,"valueName":"search_term_string"}}],"inLanguage":"de"},{"@type":"Organization","@id":"https:\/\/revolutionpadelstore.com\/de\/#organization","name":"Revolution Padel Store","url":"https:\/\/revolutionpadelstore.com\/de\/","logo":{"@type":"ImageObject","inLanguage":"de","@id":"https:\/\/revolutionpadelstore.com\/de\/#\/schema\/logo\/image\/","url":"https:\/\/revolutionpadelstore.com\/wp-content\/uploads\/2026\/02\/revolution-padel-store.jpg","contentUrl":"https:\/\/revolutionpadelstore.com\/wp-content\/uploads\/2026\/02\/revolution-padel-store.jpg","width":2000,"height":2000,"caption":"Revolution Padel Store"},"image":{"@id":"https:\/\/revolutionpadelstore.com\/de\/#\/schema\/logo\/image\/"},"sameAs":["https:\/\/www.instagram.com\/revolutionpadelstore\/"]}]}},"_links":{"self":[{"href":"https:\/\/revolutionpadelstore.com\/de\/wp-json\/wp\/v2\/product\/216994","targetHints":{"allow":["GET"]}}],"collection":[{"href":"https:\/\/revolutionpadelstore.com\/de\/wp-json\/wp\/v2\/product"}],"about":[{"href":"https:\/\/revolutionpadelstore.com\/de\/wp-json\/wp\/v2\/types\/product"}],"replies":[{"embeddable":true,"href":"https:\/\/revolutionpadelstore.com\/de\/wp-json\/wp\/v2\/comments?post=216994"}],"wp:featuredmedia":[{"embeddable":true,"href":"https:\/\/revolutionpadelstore.com\/de\/wp-json\/wp\/v2\/media\/217000"}],"wp:attachment":[{"href":"https:\/\/revolutionpadelstore.com\/de\/wp-json\/wp\/v2\/media?parent=216994"}],"wp:term":[{"taxonomy":"acabado","embeddable":true,"href":"https:\/\/revolutionpadelstore.com\/de\/wp-json\/wp\/v2\/acabado?post=216994"},{"taxonomy":"balance","embeddable":true,"href":"https:\/\/revolutionpadelstore.com\/de\/wp-json\/wp\/v2\/balance?post=216994"},{"taxonomy":"dureza","embeddable":true,"href":"https:\/\/revolutionpadelstore.com\/de\/wp-json\/wp\/v2\/dureza?post=216994"},{"taxonomy":"forma","embeddable":true,"href":"https:\/\/revolutionpadelstore.com\/de\/wp-json\/wp\/v2\/forma?post=216994"},{"taxonomy":"jugador","embeddable":true,"href":"https:\/\/revolutionpadelstore.com\/de\/wp-json\/wp\/v2\/jugador?post=216994"},{"taxonomy":"marca","embeddable":true,"href":"https:\/\/revolutionpadelstore.com\/de\/wp-json\/wp\/v2\/marca?post=216994"},{"taxonomy":"nivel-de-juego","embeddable":true,"href":"https:\/\/revolutionpadelstore.com\/de\/wp-json\/wp\/v2\/nivel-de-juego?post=216994"},{"taxonomy":"superficie","embeddable":true,"href":"https:\/\/revolutionpadelstore.com\/de\/wp-json\/wp\/v2\/superficie?post=216994"},{"taxonomy":"tipo-de-juego","embeddable":true,"href":"https:\/\/revolutionpadelstore.com\/de\/wp-json\/wp\/v2\/tipo-de-juego?post=216994"},{"taxonomy":"product_brand","embeddable":true,"href":"https:\/\/revolutionpadelstore.com\/de\/wp-json\/wp\/v2\/product_brand?post=216994"},{"taxonomy":"product_cat","embeddable":true,"href":"https:\/\/revolutionpadelstore.com\/de\/wp-json\/wp\/v2\/product_cat?post=216994"},{"taxonomy":"product_tag","embeddable":true,"href":"https:\/\/revolutionpadelstore.com\/de\/wp-json\/wp\/v2\/product_tag?post=216994"}],"curies":[{"name":"wp","href":"https:\/\/api.w.org\/{rel}","templated":true}]}}