{"id":216974,"date":"2025-04-02T18:58:51","date_gmt":"2025-04-02T16:58:51","guid":{"rendered":"https:\/\/revolutionpadelstore.com\/paletero-bullpadel-ionic-negro-bpp25005\/"},"modified":"2026-04-08T05:24:52","modified_gmt":"2026-04-08T03:24:52","slug":"paletero-bullpadel-ionic-negro-bpp25005-1","status":"publish","type":"product","link":"https:\/\/revolutionpadelstore.com\/de\/produkt\/paletero-bullpadel-ionic-negro-bpp25005-1\/","title":{"rendered":"PALETERO BULLPADEL IONIC NEGRO BPP25005"},"content":{"rendered":"<h2> Bullpadel Ionic Black &#8211; Maximale Organisation mit Stil und Leichtigkeit <\/ H2><br \/>\nDer <strong> Paletero Bullpadel Ionic Negro <\/strong> ist die ideale Wahl f\u00fcr Spieler, die nach <strong> Kapazit\u00e4t, Komfort und Widerstand in einem eleganten Design suchen. Diese Paletero mit einem mit 1680D -Polyester in Kombination mit gummierten Material hergestellten Materialien bietet eine au\u00dfergew\u00f6hnliche Haltbarkeit <\/strong> angesichts der intensiven Verwendung und m\u00f6glichen \u00dcberladungen und beh\u00e4lt Ihr gesch\u00fctztes Zubeh\u00f6r immer bei.<\/p>\n<p>Mit Abmessungen von <strong> 60x30x40 cm <\/strong> f\u00e4llt dieses Modell f\u00fcr sein funktionales Design und seine F\u00e4higkeit aus, die perfekte Ordnung w\u00e4hrend Ihrer Spiele oder Ihr Training <\/strong> zu erhalten. Sein n\u00fcchternes Design in Schwarz mit orangefarbenen Details bietet gleichzeitig eine klassische und moderne Note, ideal f\u00fcr diejenigen, die die \u00c4sthetik sch\u00e4tzen, ohne die Leistung aufzugeben.<\/p>\n<h2> Ausstehende Eigenschaften der bullpadel -ionischen Paletero <\/ H2><br \/>\n&lt;p style = &quot;padding-links: 40px;&quot;<\/p>\n<p> <strong> -TMO -Kompartiment f\u00fcr Schaufeln <\/strong>: sch\u00fctzt bis zu <strong> 4 Paddelschaufeln <\/strong> angesichts der Temperatur\u00e4nderungen und garantiert seine Integrit\u00e4t f\u00fcr eine l\u00e4ngere Zeit.<br \/>\n&lt;p style = &quot;padding-links: 40px;&quot;<br \/>\n&lt;p style = &quot;padding-links: 40px;&quot;<br \/>\n&lt;p style = &quot;padding-links: 40px;&quot;<\/p>\n<h2> ideal f\u00fcr den fordernden Spieler <\/ h2><br \/>\nDas Bullpadel Black Paletero Black ist f\u00fcr <strong> Intermediate- und Advanced Player <\/strong> ausgelegt, die Auftrag, Qualit\u00e4t und Design sch\u00e4tzen, die Auf- und Austragungsort an Ihre Bed\u00fcrfnisse auf und neben der Strecke. Sie m\u00fcssen sich keine Sorgen machen, etwas zur\u00fcckzulassen: Mit dieser Paletero hat jedes Zubeh\u00f6r seinen Platz.<\/p>\n<p><strong> Holen Sie ihn jetzt und nehmen Sie Ihre Ausr\u00fcstung mit der maximalen Organisation und dem maximalen Stil! <\/strong><\/p>\n<p>Erh\u00e4ltlich in unserem Online -Shop \ud83d\udc49 <a href=\"https:\/\/www.revolutionpadelstore.com\/\"> www.revolutionpadelstore.com <\/a>, <strong> wahrscheinlich zum besten Marktpreis <\/strong>.<\/p>\n<h2>Paletero Bullpadel Ionic Negro \u2013 M\u00e1xima organizaci\u00f3n con estilo y ligereza<\/h2>\n","protected":false},"excerpt":{"rendered":"<p>Die Bullpadel Ionic Paletero in Schwarz, die zur neuen Sammlung geh\u00f6rt, zeichnet sich aus seiner gro\u00dfen Lagerkapazit\u00e4t auf, da es \u00fcber vier verschiedene F\u00e4cher verf\u00fcgt, um alle Arten von Zubeh\u00f6r zu sparen.<\/p>\n","protected":false},"featured_media":216944,"comment_status":"open","ping_status":"closed","template":"","meta":{"_acf_changed":false,"_joinchat":[]},"acabado":[],"balance":[],"dureza":[],"forma":[],"jugador":[],"marca":[1304],"nivel-de-juego":[],"superficie":[],"tipo-de-juego":[],"product_brand":[],"product_cat":[314],"product_tag":[],"class_list":{"0":"post-216974","1":"product","2":"type-product","3":"status-publish","4":"has-post-thumbnail","6":"marca-siux-de","7":"product_cat-taschen","9":"first","10":"instock","11":"sale","12":"taxable","13":"shipping-taxable","14":"purchasable","15":"product-type-simple"},"acf":[],"yoast_head":"<!-- This site is optimized with the Yoast SEO plugin v27.4 - https:\/\/yoast.com\/product\/yoast-seo-wordpress\/ -->\n<title>PALETERO BULLPADEL IONIC NEGRO BPP25005 - Revolution Padel Store<\/title>\n<meta name=\"description\" content=\"Descubre el Paletero Bullpadel Ionic Negro: gran capacidad, 4 compartimentos, dise\u00f1o termo para palas y ventilaci\u00f3n. Ideal para jugadores exigentes. \u00a1Compra online al mejor precio!\" \/>\n<meta name=\"robots\" content=\"index, follow, max-snippet:-1, max-image-preview:large, max-video-preview:-1\" \/>\n<link rel=\"canonical\" href=\"https:\/\/revolutionpadelstore.com\/de\/produkt\/paletero-bullpadel-ionic-negro-bpp25005-1\/\" \/>\n<meta property=\"og:locale\" content=\"de_DE\" \/>\n<meta property=\"og:type\" content=\"article\" \/>\n<meta property=\"og:title\" content=\"PALETERO BULLPADEL IONIC NEGRO BPP25005 - Revolution Padel Store\" \/>\n<meta property=\"og:description\" content=\"Descubre el Paletero Bullpadel Ionic Negro: gran capacidad, 4 compartimentos, dise\u00f1o termo para palas y ventilaci\u00f3n. Ideal para jugadores exigentes. \u00a1Compra online al mejor precio!\" \/>\n<meta property=\"og:url\" content=\"https:\/\/revolutionpadelstore.com\/de\/produkt\/paletero-bullpadel-ionic-negro-bpp25005-1\/\" \/>\n<meta property=\"og:site_name\" content=\"Revolution Padel Store\" \/>\n<meta property=\"article:modified_time\" content=\"2026-04-08T03:24:52+00:00\" \/>\n<meta property=\"og:image\" content=\"https:\/\/revolutionpadelstore.com\/wp-content\/uploads\/2025\/04\/113806-paletero-bullpadel-bpp25005-ionic-448151-1200x1200-1.webp\" \/>\n\t<meta property=\"og:image:width\" content=\"1200\" \/>\n\t<meta property=\"og:image:height\" content=\"1200\" \/>\n\t<meta property=\"og:image:type\" content=\"image\/webp\" \/>\n<meta name=\"twitter:card\" content=\"summary_large_image\" \/>\n<meta name=\"twitter:label1\" content=\"Gesch\u00e4tzte Lesezeit\" \/>\n\t<meta name=\"twitter:data1\" content=\"2\u00a0Minuten\" \/>\n<script type=\"application\/ld+json\" class=\"yoast-schema-graph\">{\"@context\":\"https:\\\/\\\/schema.org\",\"@graph\":[{\"@type\":\"WebPage\",\"@id\":\"https:\\\/\\\/revolutionpadelstore.com\\\/de\\\/produkt\\\/paletero-bullpadel-ionic-negro-bpp25005-1\\\/\",\"url\":\"https:\\\/\\\/revolutionpadelstore.com\\\/de\\\/produkt\\\/paletero-bullpadel-ionic-negro-bpp25005-1\\\/\",\"name\":\"PALETERO BULLPADEL IONIC NEGRO BPP25005 - Revolution Padel Store\",\"isPartOf\":{\"@id\":\"https:\\\/\\\/revolutionpadelstore.com\\\/de\\\/#website\"},\"primaryImageOfPage\":{\"@id\":\"https:\\\/\\\/revolutionpadelstore.com\\\/de\\\/produkt\\\/paletero-bullpadel-ionic-negro-bpp25005-1\\\/#primaryimage\"},\"image\":{\"@id\":\"https:\\\/\\\/revolutionpadelstore.com\\\/de\\\/produkt\\\/paletero-bullpadel-ionic-negro-bpp25005-1\\\/#primaryimage\"},\"thumbnailUrl\":\"https:\\\/\\\/revolutionpadelstore.com\\\/wp-content\\\/uploads\\\/2025\\\/04\\\/113806-paletero-bullpadel-bpp25005-ionic-448151-1200x1200-1.webp\",\"datePublished\":\"2025-04-02T16:58:51+00:00\",\"dateModified\":\"2026-04-08T03:24:52+00:00\",\"description\":\"Descubre el Paletero Bullpadel Ionic Negro: gran capacidad, 4 compartimentos, dise\u00f1o termo para palas y ventilaci\u00f3n. Ideal para jugadores exigentes. \u00a1Compra online al mejor precio!\",\"breadcrumb\":{\"@id\":\"https:\\\/\\\/revolutionpadelstore.com\\\/de\\\/produkt\\\/paletero-bullpadel-ionic-negro-bpp25005-1\\\/#breadcrumb\"},\"inLanguage\":\"de\",\"potentialAction\":[{\"@type\":\"ReadAction\",\"target\":[\"https:\\\/\\\/revolutionpadelstore.com\\\/de\\\/produkt\\\/paletero-bullpadel-ionic-negro-bpp25005-1\\\/\"]}]},{\"@type\":\"ImageObject\",\"inLanguage\":\"de\",\"@id\":\"https:\\\/\\\/revolutionpadelstore.com\\\/de\\\/produkt\\\/paletero-bullpadel-ionic-negro-bpp25005-1\\\/#primaryimage\",\"url\":\"https:\\\/\\\/revolutionpadelstore.com\\\/wp-content\\\/uploads\\\/2025\\\/04\\\/113806-paletero-bullpadel-bpp25005-ionic-448151-1200x1200-1.webp\",\"contentUrl\":\"https:\\\/\\\/revolutionpadelstore.com\\\/wp-content\\\/uploads\\\/2025\\\/04\\\/113806-paletero-bullpadel-bpp25005-ionic-448151-1200x1200-1.webp\",\"width\":1200,\"height\":1200},{\"@type\":\"BreadcrumbList\",\"@id\":\"https:\\\/\\\/revolutionpadelstore.com\\\/de\\\/produkt\\\/paletero-bullpadel-ionic-negro-bpp25005-1\\\/#breadcrumb\",\"itemListElement\":[{\"@type\":\"ListItem\",\"position\":1,\"name\":\"Portada\",\"item\":\"https:\\\/\\\/revolutionpadelstore.com\\\/de\\\/\"},{\"@type\":\"ListItem\",\"position\":2,\"name\":\"Shop\",\"item\":\"https:\\\/\\\/revolutionpadelstore.com\\\/de\\\/tienda\\\/\"},{\"@type\":\"ListItem\",\"position\":3,\"name\":\"PALETERO BULLPADEL IONIC NEGRO BPP25005\"}]},{\"@type\":\"WebSite\",\"@id\":\"https:\\\/\\\/revolutionpadelstore.com\\\/de\\\/#website\",\"url\":\"https:\\\/\\\/revolutionpadelstore.com\\\/de\\\/\",\"name\":\"Revolution Padel Store\",\"description\":\"\",\"publisher\":{\"@id\":\"https:\\\/\\\/revolutionpadelstore.com\\\/de\\\/#organization\"},\"potentialAction\":[{\"@type\":\"SearchAction\",\"target\":{\"@type\":\"EntryPoint\",\"urlTemplate\":\"https:\\\/\\\/revolutionpadelstore.com\\\/de\\\/?s={search_term_string}\"},\"query-input\":{\"@type\":\"PropertyValueSpecification\",\"valueRequired\":true,\"valueName\":\"search_term_string\"}}],\"inLanguage\":\"de\"},{\"@type\":\"Organization\",\"@id\":\"https:\\\/\\\/revolutionpadelstore.com\\\/de\\\/#organization\",\"name\":\"Revolution Padel Store\",\"url\":\"https:\\\/\\\/revolutionpadelstore.com\\\/de\\\/\",\"logo\":{\"@type\":\"ImageObject\",\"inLanguage\":\"de\",\"@id\":\"https:\\\/\\\/revolutionpadelstore.com\\\/de\\\/#\\\/schema\\\/logo\\\/image\\\/\",\"url\":\"https:\\\/\\\/revolutionpadelstore.com\\\/wp-content\\\/uploads\\\/2026\\\/02\\\/revolution-padel-store.jpg\",\"contentUrl\":\"https:\\\/\\\/revolutionpadelstore.com\\\/wp-content\\\/uploads\\\/2026\\\/02\\\/revolution-padel-store.jpg\",\"width\":2000,\"height\":2000,\"caption\":\"Revolution Padel Store\"},\"image\":{\"@id\":\"https:\\\/\\\/revolutionpadelstore.com\\\/de\\\/#\\\/schema\\\/logo\\\/image\\\/\"},\"sameAs\":[\"https:\\\/\\\/www.instagram.com\\\/revolutionpadelstore\\\/\"]}]}<\/script>\n<!-- \/ Yoast SEO plugin. -->","yoast_head_json":{"title":"PALETERO BULLPADEL IONIC NEGRO BPP25005 - Revolution Padel Store","description":"Descubre el Paletero Bullpadel Ionic Negro: gran capacidad, 4 compartimentos, dise\u00f1o termo para palas y ventilaci\u00f3n. Ideal para jugadores exigentes. \u00a1Compra online al mejor precio!","robots":{"index":"index","follow":"follow","max-snippet":"max-snippet:-1","max-image-preview":"max-image-preview:large","max-video-preview":"max-video-preview:-1"},"canonical":"https:\/\/revolutionpadelstore.com\/de\/produkt\/paletero-bullpadel-ionic-negro-bpp25005-1\/","og_locale":"de_DE","og_type":"article","og_title":"PALETERO BULLPADEL IONIC NEGRO BPP25005 - Revolution Padel Store","og_description":"Descubre el Paletero Bullpadel Ionic Negro: gran capacidad, 4 compartimentos, dise\u00f1o termo para palas y ventilaci\u00f3n. Ideal para jugadores exigentes. \u00a1Compra online al mejor precio!","og_url":"https:\/\/revolutionpadelstore.com\/de\/produkt\/paletero-bullpadel-ionic-negro-bpp25005-1\/","og_site_name":"Revolution Padel Store","article_modified_time":"2026-04-08T03:24:52+00:00","og_image":[{"width":1200,"height":1200,"url":"https:\/\/revolutionpadelstore.com\/wp-content\/uploads\/2025\/04\/113806-paletero-bullpadel-bpp25005-ionic-448151-1200x1200-1.webp","type":"image\/webp"}],"twitter_card":"summary_large_image","twitter_misc":{"Gesch\u00e4tzte Lesezeit":"2\u00a0Minuten"},"schema":{"@context":"https:\/\/schema.org","@graph":[{"@type":"WebPage","@id":"https:\/\/revolutionpadelstore.com\/de\/produkt\/paletero-bullpadel-ionic-negro-bpp25005-1\/","url":"https:\/\/revolutionpadelstore.com\/de\/produkt\/paletero-bullpadel-ionic-negro-bpp25005-1\/","name":"PALETERO BULLPADEL IONIC NEGRO BPP25005 - Revolution Padel Store","isPartOf":{"@id":"https:\/\/revolutionpadelstore.com\/de\/#website"},"primaryImageOfPage":{"@id":"https:\/\/revolutionpadelstore.com\/de\/produkt\/paletero-bullpadel-ionic-negro-bpp25005-1\/#primaryimage"},"image":{"@id":"https:\/\/revolutionpadelstore.com\/de\/produkt\/paletero-bullpadel-ionic-negro-bpp25005-1\/#primaryimage"},"thumbnailUrl":"https:\/\/revolutionpadelstore.com\/wp-content\/uploads\/2025\/04\/113806-paletero-bullpadel-bpp25005-ionic-448151-1200x1200-1.webp","datePublished":"2025-04-02T16:58:51+00:00","dateModified":"2026-04-08T03:24:52+00:00","description":"Descubre el Paletero Bullpadel Ionic Negro: gran capacidad, 4 compartimentos, dise\u00f1o termo para palas y ventilaci\u00f3n. Ideal para jugadores exigentes. \u00a1Compra online al mejor precio!","breadcrumb":{"@id":"https:\/\/revolutionpadelstore.com\/de\/produkt\/paletero-bullpadel-ionic-negro-bpp25005-1\/#breadcrumb"},"inLanguage":"de","potentialAction":[{"@type":"ReadAction","target":["https:\/\/revolutionpadelstore.com\/de\/produkt\/paletero-bullpadel-ionic-negro-bpp25005-1\/"]}]},{"@type":"ImageObject","inLanguage":"de","@id":"https:\/\/revolutionpadelstore.com\/de\/produkt\/paletero-bullpadel-ionic-negro-bpp25005-1\/#primaryimage","url":"https:\/\/revolutionpadelstore.com\/wp-content\/uploads\/2025\/04\/113806-paletero-bullpadel-bpp25005-ionic-448151-1200x1200-1.webp","contentUrl":"https:\/\/revolutionpadelstore.com\/wp-content\/uploads\/2025\/04\/113806-paletero-bullpadel-bpp25005-ionic-448151-1200x1200-1.webp","width":1200,"height":1200},{"@type":"BreadcrumbList","@id":"https:\/\/revolutionpadelstore.com\/de\/produkt\/paletero-bullpadel-ionic-negro-bpp25005-1\/#breadcrumb","itemListElement":[{"@type":"ListItem","position":1,"name":"Portada","item":"https:\/\/revolutionpadelstore.com\/de\/"},{"@type":"ListItem","position":2,"name":"Shop","item":"https:\/\/revolutionpadelstore.com\/de\/tienda\/"},{"@type":"ListItem","position":3,"name":"PALETERO BULLPADEL IONIC NEGRO BPP25005"}]},{"@type":"WebSite","@id":"https:\/\/revolutionpadelstore.com\/de\/#website","url":"https:\/\/revolutionpadelstore.com\/de\/","name":"Revolution Padel Store","description":"","publisher":{"@id":"https:\/\/revolutionpadelstore.com\/de\/#organization"},"potentialAction":[{"@type":"SearchAction","target":{"@type":"EntryPoint","urlTemplate":"https:\/\/revolutionpadelstore.com\/de\/?s={search_term_string}"},"query-input":{"@type":"PropertyValueSpecification","valueRequired":true,"valueName":"search_term_string"}}],"inLanguage":"de"},{"@type":"Organization","@id":"https:\/\/revolutionpadelstore.com\/de\/#organization","name":"Revolution Padel Store","url":"https:\/\/revolutionpadelstore.com\/de\/","logo":{"@type":"ImageObject","inLanguage":"de","@id":"https:\/\/revolutionpadelstore.com\/de\/#\/schema\/logo\/image\/","url":"https:\/\/revolutionpadelstore.com\/wp-content\/uploads\/2026\/02\/revolution-padel-store.jpg","contentUrl":"https:\/\/revolutionpadelstore.com\/wp-content\/uploads\/2026\/02\/revolution-padel-store.jpg","width":2000,"height":2000,"caption":"Revolution Padel Store"},"image":{"@id":"https:\/\/revolutionpadelstore.com\/de\/#\/schema\/logo\/image\/"},"sameAs":["https:\/\/www.instagram.com\/revolutionpadelstore\/"]}]}},"_links":{"self":[{"href":"https:\/\/revolutionpadelstore.com\/de\/wp-json\/wp\/v2\/product\/216974","targetHints":{"allow":["GET"]}}],"collection":[{"href":"https:\/\/revolutionpadelstore.com\/de\/wp-json\/wp\/v2\/product"}],"about":[{"href":"https:\/\/revolutionpadelstore.com\/de\/wp-json\/wp\/v2\/types\/product"}],"replies":[{"embeddable":true,"href":"https:\/\/revolutionpadelstore.com\/de\/wp-json\/wp\/v2\/comments?post=216974"}],"wp:featuredmedia":[{"embeddable":true,"href":"https:\/\/revolutionpadelstore.com\/de\/wp-json\/wp\/v2\/media\/216944"}],"wp:attachment":[{"href":"https:\/\/revolutionpadelstore.com\/de\/wp-json\/wp\/v2\/media?parent=216974"}],"wp:term":[{"taxonomy":"acabado","embeddable":true,"href":"https:\/\/revolutionpadelstore.com\/de\/wp-json\/wp\/v2\/acabado?post=216974"},{"taxonomy":"balance","embeddable":true,"href":"https:\/\/revolutionpadelstore.com\/de\/wp-json\/wp\/v2\/balance?post=216974"},{"taxonomy":"dureza","embeddable":true,"href":"https:\/\/revolutionpadelstore.com\/de\/wp-json\/wp\/v2\/dureza?post=216974"},{"taxonomy":"forma","embeddable":true,"href":"https:\/\/revolutionpadelstore.com\/de\/wp-json\/wp\/v2\/forma?post=216974"},{"taxonomy":"jugador","embeddable":true,"href":"https:\/\/revolutionpadelstore.com\/de\/wp-json\/wp\/v2\/jugador?post=216974"},{"taxonomy":"marca","embeddable":true,"href":"https:\/\/revolutionpadelstore.com\/de\/wp-json\/wp\/v2\/marca?post=216974"},{"taxonomy":"nivel-de-juego","embeddable":true,"href":"https:\/\/revolutionpadelstore.com\/de\/wp-json\/wp\/v2\/nivel-de-juego?post=216974"},{"taxonomy":"superficie","embeddable":true,"href":"https:\/\/revolutionpadelstore.com\/de\/wp-json\/wp\/v2\/superficie?post=216974"},{"taxonomy":"tipo-de-juego","embeddable":true,"href":"https:\/\/revolutionpadelstore.com\/de\/wp-json\/wp\/v2\/tipo-de-juego?post=216974"},{"taxonomy":"product_brand","embeddable":true,"href":"https:\/\/revolutionpadelstore.com\/de\/wp-json\/wp\/v2\/product_brand?post=216974"},{"taxonomy":"product_cat","embeddable":true,"href":"https:\/\/revolutionpadelstore.com\/de\/wp-json\/wp\/v2\/product_cat?post=216974"},{"taxonomy":"product_tag","embeddable":true,"href":"https:\/\/revolutionpadelstore.com\/de\/wp-json\/wp\/v2\/product_tag?post=216974"}],"curies":[{"name":"wp","href":"https:\/\/api.w.org\/{rel}","templated":true}]}}