{"id":216895,"date":"2025-04-01T23:16:54","date_gmt":"2025-04-01T21:16:54","guid":{"rendered":"https:\/\/revolutionpadelstore.com\/?post_type=product&#038;p=216895"},"modified":"2026-04-08T05:27:13","modified_gmt":"2026-04-08T03:27:13","slug":"bolsa-siux-the-king-1","status":"publish","type":"product","link":"https:\/\/revolutionpadelstore.com\/de\/produkt\/bolsa-siux-the-king-1\/","title":{"rendered":"BOLSA SIUX THE KING"},"content":{"rendered":"<h2> siux der K\u00f6nig &#8211; Luxus, Raum und Stil f\u00fcr anspruchsvolle Paddelspieler <\/ H2><br \/>\nDie <strong> siux the King <\/strong> ist viel mehr als ein Paletero: Es ist das letzte Premium -Zubeh\u00f6r f\u00fcr Spieler, die nach <strong> Eleganz, Funktionalit\u00e4t und Qualit\u00e4t in jedem Detail <\/strong> suchen. Diese Tasche wurde f\u00fcr diejenigen entwickelt, die sich nicht dem Standard entsprechen, und kombiniert eine au\u00dfergew\u00f6hnliche Kapazit\u00e4t mit einem exklusiven Design, das sich ideal auf und neben der Strecke abhebt.<\/p>\n<h2> Ausstehende Eigenschaften <\/ H2><\/p>\n<p> <strong>&#8211; Premium-Kapazit\u00e4t <\/strong><br \/>\nGro\u00dfz\u00fcgiger Raum, um mehrere Paddelklingen, Kleidung, Schuhe und all Ihre Accessoires mit totalem Komfort und Organisation zu tragen.<\/p>\n<p> <strong>-High-End-Materialien <\/strong><br \/>\nHergestellt aus resistenten und langlebigen Materialien bietet einen \u00fcberlegenen Schutz gegen Verschlei\u00df und garantiert auch bei intensiver Verwendung eine lange Haltbarkeit. <\/p>\n<p> <strong> -Exklusive und anspruchsvolles Design <\/strong><br \/>\nInspiriert von der <strong> hohen Reichweite des Paddels <\/strong> bietet der moderne und raffinierte Stil einen Hauch von Unterscheidung zu Ihren Sportger\u00e4ten. <\/p>\n<h2> Funktionale Kompartimente <\/ H2><\/p>\n<p> <strong>&#8211; Mehrere zus\u00e4tzliche Kompartimente <\/strong><br \/>\nPerfekt f\u00fcr pers\u00f6nliche Objekte, Accessoires oder was Sie brauchen, um immer zur Hand zu haben.<\/p>\n<p> <strong>&#8211; Platz f\u00fcr Schuhe und gebrauchte Kleidung <\/strong><br \/>\nFunktionelle Trennung, um Ordnung und Hygiene im Beutel aufrechtzuerhalten. <\/p>\n<h2> bequemer und vielseitiger Transport <\/ h2><\/p>\n<p> <strong>&#8211; verst\u00e4rktes oberes Griff <\/strong> f\u00fcr den Handtransport. <\/p>\n<p>&lt;p style = &quot;padding-links: 40px;&quot;<br \/>\n&lt;p style = &quot;padding-links: 40px;&quot;<\/p>\n<h2> Warum den Siux the King -Tasche w\u00e4hlen?<br \/>\nDenn <strong> spiegelt Ihr Niveau und Ihre Leidenschaft f\u00fcr Paddle -Tennis <\/strong> wider. Sein Premium -Design, die hochwertigen Materialien und die praktische Vertrieb machen es zum perfekten Partner f\u00fcr Schulungen, Spiele oder Turniere. Es ist eine Tasche, die f\u00fcr <strong> geforderte Spieler erstellt wurde, die nach Stil, Komfort und Haltbarkeit suchen <\/strong>.<\/p>\n<p>Verg\u00fctet es bereits in unserem Online -Shop <a href=\"https:\/\/www.revolutionpadelstore.com\/\"> www.revolutionpadelstore.com <\/a> und nehmen Sie es &lt;\u00e9vatela <strong> wahrscheinlich zum besten Marktpreis <\/strong>.<\/p>\n<h2>\u00a0Bolsa Siux The King \u2013 Lujo, Espacio y Estilo para Jugadores de P\u00e1del Exigentes<\/h2>\n","protected":false},"excerpt":{"rendered":"<p>siux der K\u00f6nig &#8211; Luxus, Raum und Stil f\u00fcr anspruchsvolle Paddelspieler Die siux the King ist viel mehr als ein Paletero: Es ist das letzte Premium -Zubeh\u00f6r f\u00fcr Spieler, die nach Eleganz, Funktionalit\u00e4t und Qualit\u00e4t in jedem Detail suchen. Diese Tasche wurde f\u00fcr diejenigen entwickelt, die sich nicht dem Standard entsprechen, und kombiniert eine au\u00dfergew\u00f6hnliche [&hellip;]<\/p>\n","protected":false},"featured_media":216907,"comment_status":"open","ping_status":"closed","template":"","meta":{"_acf_changed":false,"_joinchat":[]},"acabado":[],"balance":[],"dureza":[],"forma":[],"jugador":[],"marca":[1304],"nivel-de-juego":[],"superficie":[],"tipo-de-juego":[],"product_brand":[],"product_cat":[314],"product_tag":[],"class_list":{"0":"post-216895","1":"product","2":"type-product","3":"status-publish","4":"has-post-thumbnail","6":"marca-siux-de","7":"product_cat-taschen","9":"first","10":"instock","11":"sale","12":"taxable","13":"shipping-taxable","14":"purchasable","15":"product-type-simple"},"acf":[],"yoast_head":"<!-- This site is optimized with the Yoast SEO plugin v27.4 - https:\/\/yoast.com\/product\/yoast-seo-wordpress\/ -->\n<title>BOLSA SIUX THE KING - Revolution Padel Store<\/title>\n<meta name=\"description\" content=\"La Bolsa Siux The King es el paletero premium para jugadores de p\u00e1del exigentes. Con dise\u00f1o exclusivo, materiales de alta calidad y gran capacidad, es ideal para llevar tu equipo con estilo y comodidad. \u00a1Cons\u00edguela online al mejor precio en Revolution Padel Store!\" \/>\n<meta name=\"robots\" content=\"index, follow, max-snippet:-1, max-image-preview:large, max-video-preview:-1\" \/>\n<link rel=\"canonical\" href=\"https:\/\/revolutionpadelstore.com\/de\/produkt\/bolsa-siux-the-king-1\/\" \/>\n<meta property=\"og:locale\" content=\"de_DE\" \/>\n<meta property=\"og:type\" content=\"article\" \/>\n<meta property=\"og:title\" content=\"BOLSA SIUX THE KING - Revolution Padel Store\" \/>\n<meta property=\"og:description\" content=\"La Bolsa Siux The King es el paletero premium para jugadores de p\u00e1del exigentes. Con dise\u00f1o exclusivo, materiales de alta calidad y gran capacidad, es ideal para llevar tu equipo con estilo y comodidad. \u00a1Cons\u00edguela online al mejor precio en Revolution Padel Store!\" \/>\n<meta property=\"og:url\" content=\"https:\/\/revolutionpadelstore.com\/de\/produkt\/bolsa-siux-the-king-1\/\" \/>\n<meta property=\"og:site_name\" content=\"Revolution Padel Store\" \/>\n<meta property=\"article:modified_time\" content=\"2026-04-08T03:27:13+00:00\" \/>\n<meta property=\"og:image\" content=\"https:\/\/revolutionpadelstore.com\/wp-content\/uploads\/2025\/04\/213.png\" \/>\n\t<meta property=\"og:image:width\" content=\"1500\" \/>\n\t<meta property=\"og:image:height\" content=\"1500\" \/>\n\t<meta property=\"og:image:type\" content=\"image\/png\" \/>\n<meta name=\"twitter:card\" content=\"summary_large_image\" \/>\n<meta name=\"twitter:label1\" content=\"Gesch\u00e4tzte Lesezeit\" \/>\n\t<meta name=\"twitter:data1\" content=\"2\u00a0Minuten\" \/>\n<script type=\"application\/ld+json\" class=\"yoast-schema-graph\">{\"@context\":\"https:\\\/\\\/schema.org\",\"@graph\":[{\"@type\":\"WebPage\",\"@id\":\"https:\\\/\\\/revolutionpadelstore.com\\\/de\\\/produkt\\\/bolsa-siux-the-king-1\\\/\",\"url\":\"https:\\\/\\\/revolutionpadelstore.com\\\/de\\\/produkt\\\/bolsa-siux-the-king-1\\\/\",\"name\":\"BOLSA SIUX THE KING - Revolution Padel Store\",\"isPartOf\":{\"@id\":\"https:\\\/\\\/revolutionpadelstore.com\\\/de\\\/#website\"},\"primaryImageOfPage\":{\"@id\":\"https:\\\/\\\/revolutionpadelstore.com\\\/de\\\/produkt\\\/bolsa-siux-the-king-1\\\/#primaryimage\"},\"image\":{\"@id\":\"https:\\\/\\\/revolutionpadelstore.com\\\/de\\\/produkt\\\/bolsa-siux-the-king-1\\\/#primaryimage\"},\"thumbnailUrl\":\"https:\\\/\\\/revolutionpadelstore.com\\\/wp-content\\\/uploads\\\/2025\\\/04\\\/213.png\",\"datePublished\":\"2025-04-01T21:16:54+00:00\",\"dateModified\":\"2026-04-08T03:27:13+00:00\",\"description\":\"La Bolsa Siux The King es el paletero premium para jugadores de p\u00e1del exigentes. Con dise\u00f1o exclusivo, materiales de alta calidad y gran capacidad, es ideal para llevar tu equipo con estilo y comodidad. \u00a1Cons\u00edguela online al mejor precio en Revolution Padel Store!\",\"breadcrumb\":{\"@id\":\"https:\\\/\\\/revolutionpadelstore.com\\\/de\\\/produkt\\\/bolsa-siux-the-king-1\\\/#breadcrumb\"},\"inLanguage\":\"de\",\"potentialAction\":[{\"@type\":\"ReadAction\",\"target\":[\"https:\\\/\\\/revolutionpadelstore.com\\\/de\\\/produkt\\\/bolsa-siux-the-king-1\\\/\"]}]},{\"@type\":\"ImageObject\",\"inLanguage\":\"de\",\"@id\":\"https:\\\/\\\/revolutionpadelstore.com\\\/de\\\/produkt\\\/bolsa-siux-the-king-1\\\/#primaryimage\",\"url\":\"https:\\\/\\\/revolutionpadelstore.com\\\/wp-content\\\/uploads\\\/2025\\\/04\\\/213.png\",\"contentUrl\":\"https:\\\/\\\/revolutionpadelstore.com\\\/wp-content\\\/uploads\\\/2025\\\/04\\\/213.png\",\"width\":1500,\"height\":1500},{\"@type\":\"BreadcrumbList\",\"@id\":\"https:\\\/\\\/revolutionpadelstore.com\\\/de\\\/produkt\\\/bolsa-siux-the-king-1\\\/#breadcrumb\",\"itemListElement\":[{\"@type\":\"ListItem\",\"position\":1,\"name\":\"Portada\",\"item\":\"https:\\\/\\\/revolutionpadelstore.com\\\/de\\\/\"},{\"@type\":\"ListItem\",\"position\":2,\"name\":\"Shop\",\"item\":\"https:\\\/\\\/revolutionpadelstore.com\\\/de\\\/tienda\\\/\"},{\"@type\":\"ListItem\",\"position\":3,\"name\":\"BOLSA SIUX THE KING\"}]},{\"@type\":\"WebSite\",\"@id\":\"https:\\\/\\\/revolutionpadelstore.com\\\/de\\\/#website\",\"url\":\"https:\\\/\\\/revolutionpadelstore.com\\\/de\\\/\",\"name\":\"Revolution Padel Store\",\"description\":\"\",\"publisher\":{\"@id\":\"https:\\\/\\\/revolutionpadelstore.com\\\/de\\\/#organization\"},\"potentialAction\":[{\"@type\":\"SearchAction\",\"target\":{\"@type\":\"EntryPoint\",\"urlTemplate\":\"https:\\\/\\\/revolutionpadelstore.com\\\/de\\\/?s={search_term_string}\"},\"query-input\":{\"@type\":\"PropertyValueSpecification\",\"valueRequired\":true,\"valueName\":\"search_term_string\"}}],\"inLanguage\":\"de\"},{\"@type\":\"Organization\",\"@id\":\"https:\\\/\\\/revolutionpadelstore.com\\\/de\\\/#organization\",\"name\":\"Revolution Padel Store\",\"url\":\"https:\\\/\\\/revolutionpadelstore.com\\\/de\\\/\",\"logo\":{\"@type\":\"ImageObject\",\"inLanguage\":\"de\",\"@id\":\"https:\\\/\\\/revolutionpadelstore.com\\\/de\\\/#\\\/schema\\\/logo\\\/image\\\/\",\"url\":\"https:\\\/\\\/revolutionpadelstore.com\\\/wp-content\\\/uploads\\\/2026\\\/02\\\/revolution-padel-store.jpg\",\"contentUrl\":\"https:\\\/\\\/revolutionpadelstore.com\\\/wp-content\\\/uploads\\\/2026\\\/02\\\/revolution-padel-store.jpg\",\"width\":2000,\"height\":2000,\"caption\":\"Revolution Padel Store\"},\"image\":{\"@id\":\"https:\\\/\\\/revolutionpadelstore.com\\\/de\\\/#\\\/schema\\\/logo\\\/image\\\/\"},\"sameAs\":[\"https:\\\/\\\/www.instagram.com\\\/revolutionpadelstore\\\/\"]}]}<\/script>\n<!-- \/ Yoast SEO plugin. -->","yoast_head_json":{"title":"BOLSA SIUX THE KING - Revolution Padel Store","description":"La Bolsa Siux The King es el paletero premium para jugadores de p\u00e1del exigentes. Con dise\u00f1o exclusivo, materiales de alta calidad y gran capacidad, es ideal para llevar tu equipo con estilo y comodidad. \u00a1Cons\u00edguela online al mejor precio en Revolution Padel Store!","robots":{"index":"index","follow":"follow","max-snippet":"max-snippet:-1","max-image-preview":"max-image-preview:large","max-video-preview":"max-video-preview:-1"},"canonical":"https:\/\/revolutionpadelstore.com\/de\/produkt\/bolsa-siux-the-king-1\/","og_locale":"de_DE","og_type":"article","og_title":"BOLSA SIUX THE KING - Revolution Padel Store","og_description":"La Bolsa Siux The King es el paletero premium para jugadores de p\u00e1del exigentes. Con dise\u00f1o exclusivo, materiales de alta calidad y gran capacidad, es ideal para llevar tu equipo con estilo y comodidad. \u00a1Cons\u00edguela online al mejor precio en Revolution Padel Store!","og_url":"https:\/\/revolutionpadelstore.com\/de\/produkt\/bolsa-siux-the-king-1\/","og_site_name":"Revolution Padel Store","article_modified_time":"2026-04-08T03:27:13+00:00","og_image":[{"width":1500,"height":1500,"url":"https:\/\/revolutionpadelstore.com\/wp-content\/uploads\/2025\/04\/213.png","type":"image\/png"}],"twitter_card":"summary_large_image","twitter_misc":{"Gesch\u00e4tzte Lesezeit":"2\u00a0Minuten"},"schema":{"@context":"https:\/\/schema.org","@graph":[{"@type":"WebPage","@id":"https:\/\/revolutionpadelstore.com\/de\/produkt\/bolsa-siux-the-king-1\/","url":"https:\/\/revolutionpadelstore.com\/de\/produkt\/bolsa-siux-the-king-1\/","name":"BOLSA SIUX THE KING - Revolution Padel Store","isPartOf":{"@id":"https:\/\/revolutionpadelstore.com\/de\/#website"},"primaryImageOfPage":{"@id":"https:\/\/revolutionpadelstore.com\/de\/produkt\/bolsa-siux-the-king-1\/#primaryimage"},"image":{"@id":"https:\/\/revolutionpadelstore.com\/de\/produkt\/bolsa-siux-the-king-1\/#primaryimage"},"thumbnailUrl":"https:\/\/revolutionpadelstore.com\/wp-content\/uploads\/2025\/04\/213.png","datePublished":"2025-04-01T21:16:54+00:00","dateModified":"2026-04-08T03:27:13+00:00","description":"La Bolsa Siux The King es el paletero premium para jugadores de p\u00e1del exigentes. Con dise\u00f1o exclusivo, materiales de alta calidad y gran capacidad, es ideal para llevar tu equipo con estilo y comodidad. \u00a1Cons\u00edguela online al mejor precio en Revolution Padel Store!","breadcrumb":{"@id":"https:\/\/revolutionpadelstore.com\/de\/produkt\/bolsa-siux-the-king-1\/#breadcrumb"},"inLanguage":"de","potentialAction":[{"@type":"ReadAction","target":["https:\/\/revolutionpadelstore.com\/de\/produkt\/bolsa-siux-the-king-1\/"]}]},{"@type":"ImageObject","inLanguage":"de","@id":"https:\/\/revolutionpadelstore.com\/de\/produkt\/bolsa-siux-the-king-1\/#primaryimage","url":"https:\/\/revolutionpadelstore.com\/wp-content\/uploads\/2025\/04\/213.png","contentUrl":"https:\/\/revolutionpadelstore.com\/wp-content\/uploads\/2025\/04\/213.png","width":1500,"height":1500},{"@type":"BreadcrumbList","@id":"https:\/\/revolutionpadelstore.com\/de\/produkt\/bolsa-siux-the-king-1\/#breadcrumb","itemListElement":[{"@type":"ListItem","position":1,"name":"Portada","item":"https:\/\/revolutionpadelstore.com\/de\/"},{"@type":"ListItem","position":2,"name":"Shop","item":"https:\/\/revolutionpadelstore.com\/de\/tienda\/"},{"@type":"ListItem","position":3,"name":"BOLSA SIUX THE KING"}]},{"@type":"WebSite","@id":"https:\/\/revolutionpadelstore.com\/de\/#website","url":"https:\/\/revolutionpadelstore.com\/de\/","name":"Revolution Padel Store","description":"","publisher":{"@id":"https:\/\/revolutionpadelstore.com\/de\/#organization"},"potentialAction":[{"@type":"SearchAction","target":{"@type":"EntryPoint","urlTemplate":"https:\/\/revolutionpadelstore.com\/de\/?s={search_term_string}"},"query-input":{"@type":"PropertyValueSpecification","valueRequired":true,"valueName":"search_term_string"}}],"inLanguage":"de"},{"@type":"Organization","@id":"https:\/\/revolutionpadelstore.com\/de\/#organization","name":"Revolution Padel Store","url":"https:\/\/revolutionpadelstore.com\/de\/","logo":{"@type":"ImageObject","inLanguage":"de","@id":"https:\/\/revolutionpadelstore.com\/de\/#\/schema\/logo\/image\/","url":"https:\/\/revolutionpadelstore.com\/wp-content\/uploads\/2026\/02\/revolution-padel-store.jpg","contentUrl":"https:\/\/revolutionpadelstore.com\/wp-content\/uploads\/2026\/02\/revolution-padel-store.jpg","width":2000,"height":2000,"caption":"Revolution Padel Store"},"image":{"@id":"https:\/\/revolutionpadelstore.com\/de\/#\/schema\/logo\/image\/"},"sameAs":["https:\/\/www.instagram.com\/revolutionpadelstore\/"]}]}},"_links":{"self":[{"href":"https:\/\/revolutionpadelstore.com\/de\/wp-json\/wp\/v2\/product\/216895","targetHints":{"allow":["GET"]}}],"collection":[{"href":"https:\/\/revolutionpadelstore.com\/de\/wp-json\/wp\/v2\/product"}],"about":[{"href":"https:\/\/revolutionpadelstore.com\/de\/wp-json\/wp\/v2\/types\/product"}],"replies":[{"embeddable":true,"href":"https:\/\/revolutionpadelstore.com\/de\/wp-json\/wp\/v2\/comments?post=216895"}],"wp:featuredmedia":[{"embeddable":true,"href":"https:\/\/revolutionpadelstore.com\/de\/wp-json\/wp\/v2\/media\/216907"}],"wp:attachment":[{"href":"https:\/\/revolutionpadelstore.com\/de\/wp-json\/wp\/v2\/media?parent=216895"}],"wp:term":[{"taxonomy":"acabado","embeddable":true,"href":"https:\/\/revolutionpadelstore.com\/de\/wp-json\/wp\/v2\/acabado?post=216895"},{"taxonomy":"balance","embeddable":true,"href":"https:\/\/revolutionpadelstore.com\/de\/wp-json\/wp\/v2\/balance?post=216895"},{"taxonomy":"dureza","embeddable":true,"href":"https:\/\/revolutionpadelstore.com\/de\/wp-json\/wp\/v2\/dureza?post=216895"},{"taxonomy":"forma","embeddable":true,"href":"https:\/\/revolutionpadelstore.com\/de\/wp-json\/wp\/v2\/forma?post=216895"},{"taxonomy":"jugador","embeddable":true,"href":"https:\/\/revolutionpadelstore.com\/de\/wp-json\/wp\/v2\/jugador?post=216895"},{"taxonomy":"marca","embeddable":true,"href":"https:\/\/revolutionpadelstore.com\/de\/wp-json\/wp\/v2\/marca?post=216895"},{"taxonomy":"nivel-de-juego","embeddable":true,"href":"https:\/\/revolutionpadelstore.com\/de\/wp-json\/wp\/v2\/nivel-de-juego?post=216895"},{"taxonomy":"superficie","embeddable":true,"href":"https:\/\/revolutionpadelstore.com\/de\/wp-json\/wp\/v2\/superficie?post=216895"},{"taxonomy":"tipo-de-juego","embeddable":true,"href":"https:\/\/revolutionpadelstore.com\/de\/wp-json\/wp\/v2\/tipo-de-juego?post=216895"},{"taxonomy":"product_brand","embeddable":true,"href":"https:\/\/revolutionpadelstore.com\/de\/wp-json\/wp\/v2\/product_brand?post=216895"},{"taxonomy":"product_cat","embeddable":true,"href":"https:\/\/revolutionpadelstore.com\/de\/wp-json\/wp\/v2\/product_cat?post=216895"},{"taxonomy":"product_tag","embeddable":true,"href":"https:\/\/revolutionpadelstore.com\/de\/wp-json\/wp\/v2\/product_tag?post=216895"}],"curies":[{"name":"wp","href":"https:\/\/api.w.org\/{rel}","templated":true}]}}