{"id":216729,"date":"2025-03-31T22:54:27","date_gmt":"2025-03-31T20:54:27","guid":{"rendered":"https:\/\/revolutionpadelstore.com\/paletero-siux-pro-tour-dark-grey\/"},"modified":"2026-04-08T05:29:10","modified_gmt":"2026-04-08T03:29:10","slug":"paletero-siux-pro-tour-dark-grey-1","status":"publish","type":"product","link":"https:\/\/revolutionpadelstore.com\/de\/produkt\/paletero-siux-pro-tour-dark-grey-1\/","title":{"rendered":"PALETERO SIUX PRO TOUR DARK GREY"},"content":{"rendered":"<h2> <strong> Paletero Siux Pro Tour Marine &#8211; Stil und Funktionalit\u00e4t in jedem Detail <\/ strong> <\/ h2><br \/>\nDie Paletero Siux Pro Tour Navy ist f\u00fcr fordernde Spieler konzipiert, die nach einer perfekten Balance zwischen \u00c4sthetik, Kapazit\u00e4t und Widerstand suchen. Mit einem eleganten Marineblau und Details in dunklen T\u00f6nen ist es die ideale Wahl f\u00fcr diejenigen, die das Design sch\u00e4tzen, ohne die Praktikabilit\u00e4t aufzugeben.<\/p>\n<h2> <strong> Haupteigenschaften <\/ strong> <\/ h2><br \/>\n-Amplio Central Fach f\u00fcr Kleidung, Accessoires oder Paddelger\u00e4te.<\/p>\n<p>-zwei Seitenf\u00e4cher f\u00fcr pers\u00f6nliche Objekte oder zus\u00e4tzliches Material.<\/p>\n<p>-Nach und bel\u00fcftet f\u00fcr Schuhe, ideal, um trockene und bel\u00fcftete Schuhe zu halten.<\/p>\n<p>-Harte mit hochwertigen Materialien, die Haltbarkeit und Widerstand garantieren.<\/p>\n<p>-Ge und einstellbarer Griff -Rucksack f\u00fcr einen komfortablen Transport.<\/p>\n<p>-als zentral verst\u00e4rkt, um es leicht mit einer Hand zu nehmen.<\/p>\n<p>-Kapazit\u00e4t f\u00fcr mehrere Paddelklingen, perfekt f\u00fcr Training und Turniere.<\/p>\n<h2> <strong> Hochgefugtes Design und professionelle Leistung <\/ strong> <\/ h2><br \/>\nDieses Modell f\u00e4llt auf sein n\u00fcchternes und professionelles Design auf, das f\u00fcr Spieler konzipiert ist, die sich auf und neben der Strecke abheben m\u00f6chten. Die Paletero Siux Pro Tour Navy bietet eine hervorragende Inneneinrichtung, mit der Sie alles f\u00fcr Ihre Spiele auf komfortable und sichere Weise transportieren k\u00f6nnen.<\/p>\n<h2> <strong> Ideal f\u00fcr jede Spielstufe <\/ strong> <\/ h2><br \/>\nEgal, ob Sie ein Amateurspieler und ein \u00fcblicher Konkurrent sind, dieser Paletero bietet Ihnen den Raum, den Komfort und den Schutz, der Sie in jedem Spiel begleitet. Das ergonomische Design und seine technischen Materialien machen es zu einem wesentlichen Zubeh\u00f6r f\u00fcr Ihre Paddelsitzungen.<\/p>\n<h2> <strong> Hol ihn jetzt <\/ strong> <\/ h2><br \/>\nWarten Sie nicht l\u00e4nger und tragen Sie Ihre Stilausr\u00fcstung dank der Paletero Siux Pro Tour Navy. Erh\u00e4ltlich in unserem Online -Shop <a href=\"http:\/\/www.revolutionpadelstore.com\/\"> www.revolutionpadelstore.com <\/a> Wahrscheinlich zum besten Marktpreis.<\/p>\n<h2><strong>Paletero Siux Pro Tour Navy \u2013 Estilo y funcionalidad en cada detalle<\/strong><\/p>\n","protected":false},"excerpt":{"rendered":"<p>Die Paletero Siux Pro Tour Navy bietet ein elegantes Design mit gro\u00dfer Funktionalit\u00e4t. Es verf\u00fcgt \u00fcber gro\u00dfe R\u00e4ume und ein bel\u00fcftetes Fach f\u00fcr die Schuhe, was es zu einer perfekten Option macht.<\/p>\n","protected":false},"featured_media":216712,"comment_status":"open","ping_status":"closed","template":"","meta":{"_acf_changed":false,"_joinchat":[]},"acabado":[],"balance":[],"dureza":[],"forma":[],"jugador":[],"marca":[1304],"nivel-de-juego":[],"superficie":[],"tipo-de-juego":[],"product_brand":[],"product_cat":[314],"product_tag":[],"class_list":{"0":"post-216729","1":"product","2":"type-product","3":"status-publish","4":"has-post-thumbnail","6":"marca-siux-de","7":"product_cat-taschen","9":"first","10":"outofstock","11":"sale","12":"taxable","13":"shipping-taxable","14":"purchasable","15":"product-type-simple"},"acf":[],"yoast_head":"<!-- This site is optimized with the Yoast SEO plugin v27.4 - https:\/\/yoast.com\/product\/yoast-seo-wordpress\/ -->\n<title>PALETERO SIUX PRO TOUR DARK GREY - Revolution Padel Store<\/title>\n<meta name=\"description\" content=\"Paletero Siux Pro Tour Navy con dise\u00f1o elegante, compartimentos ventilados y gran capacidad. Elige funcionalidad y estilo en Revolution Padel Store al mejor precio.\" \/>\n<meta name=\"robots\" content=\"index, follow, max-snippet:-1, max-image-preview:large, max-video-preview:-1\" \/>\n<link rel=\"canonical\" href=\"https:\/\/revolutionpadelstore.com\/de\/produkt\/paletero-siux-pro-tour-dark-grey-1\/\" \/>\n<meta property=\"og:locale\" content=\"de_DE\" \/>\n<meta property=\"og:type\" content=\"article\" \/>\n<meta property=\"og:title\" content=\"PALETERO SIUX PRO TOUR DARK GREY - Revolution Padel Store\" \/>\n<meta property=\"og:description\" content=\"Paletero Siux Pro Tour Navy con dise\u00f1o elegante, compartimentos ventilados y gran capacidad. Elige funcionalidad y estilo en Revolution Padel Store al mejor precio.\" \/>\n<meta property=\"og:url\" content=\"https:\/\/revolutionpadelstore.com\/de\/produkt\/paletero-siux-pro-tour-dark-grey-1\/\" \/>\n<meta property=\"og:site_name\" content=\"Revolution Padel Store\" \/>\n<meta property=\"article:modified_time\" content=\"2026-04-08T03:29:10+00:00\" \/>\n<meta property=\"og:image\" content=\"https:\/\/revolutionpadelstore.com\/wp-content\/uploads\/2025\/03\/113069-paletero-siux-pro-tour-grey-1200x1200-1.webp\" \/>\n\t<meta property=\"og:image:width\" content=\"1200\" \/>\n\t<meta property=\"og:image:height\" content=\"1200\" \/>\n\t<meta property=\"og:image:type\" content=\"image\/webp\" \/>\n<meta name=\"twitter:card\" content=\"summary_large_image\" \/>\n<meta name=\"twitter:label1\" content=\"Gesch\u00e4tzte Lesezeit\" \/>\n\t<meta name=\"twitter:data1\" content=\"2\u00a0Minuten\" \/>\n<script type=\"application\/ld+json\" class=\"yoast-schema-graph\">{\"@context\":\"https:\\\/\\\/schema.org\",\"@graph\":[{\"@type\":\"WebPage\",\"@id\":\"https:\\\/\\\/revolutionpadelstore.com\\\/de\\\/produkt\\\/paletero-siux-pro-tour-dark-grey-1\\\/\",\"url\":\"https:\\\/\\\/revolutionpadelstore.com\\\/de\\\/produkt\\\/paletero-siux-pro-tour-dark-grey-1\\\/\",\"name\":\"PALETERO SIUX PRO TOUR DARK GREY - Revolution Padel Store\",\"isPartOf\":{\"@id\":\"https:\\\/\\\/revolutionpadelstore.com\\\/de\\\/#website\"},\"primaryImageOfPage\":{\"@id\":\"https:\\\/\\\/revolutionpadelstore.com\\\/de\\\/produkt\\\/paletero-siux-pro-tour-dark-grey-1\\\/#primaryimage\"},\"image\":{\"@id\":\"https:\\\/\\\/revolutionpadelstore.com\\\/de\\\/produkt\\\/paletero-siux-pro-tour-dark-grey-1\\\/#primaryimage\"},\"thumbnailUrl\":\"https:\\\/\\\/revolutionpadelstore.com\\\/wp-content\\\/uploads\\\/2025\\\/03\\\/113069-paletero-siux-pro-tour-grey-1200x1200-1.webp\",\"datePublished\":\"2025-03-31T20:54:27+00:00\",\"dateModified\":\"2026-04-08T03:29:10+00:00\",\"description\":\"Paletero Siux Pro Tour Navy con dise\u00f1o elegante, compartimentos ventilados y gran capacidad. Elige funcionalidad y estilo en Revolution Padel Store al mejor precio.\",\"breadcrumb\":{\"@id\":\"https:\\\/\\\/revolutionpadelstore.com\\\/de\\\/produkt\\\/paletero-siux-pro-tour-dark-grey-1\\\/#breadcrumb\"},\"inLanguage\":\"de\",\"potentialAction\":[{\"@type\":\"ReadAction\",\"target\":[\"https:\\\/\\\/revolutionpadelstore.com\\\/de\\\/produkt\\\/paletero-siux-pro-tour-dark-grey-1\\\/\"]}]},{\"@type\":\"ImageObject\",\"inLanguage\":\"de\",\"@id\":\"https:\\\/\\\/revolutionpadelstore.com\\\/de\\\/produkt\\\/paletero-siux-pro-tour-dark-grey-1\\\/#primaryimage\",\"url\":\"https:\\\/\\\/revolutionpadelstore.com\\\/wp-content\\\/uploads\\\/2025\\\/03\\\/113069-paletero-siux-pro-tour-grey-1200x1200-1.webp\",\"contentUrl\":\"https:\\\/\\\/revolutionpadelstore.com\\\/wp-content\\\/uploads\\\/2025\\\/03\\\/113069-paletero-siux-pro-tour-grey-1200x1200-1.webp\",\"width\":1200,\"height\":1200},{\"@type\":\"BreadcrumbList\",\"@id\":\"https:\\\/\\\/revolutionpadelstore.com\\\/de\\\/produkt\\\/paletero-siux-pro-tour-dark-grey-1\\\/#breadcrumb\",\"itemListElement\":[{\"@type\":\"ListItem\",\"position\":1,\"name\":\"Portada\",\"item\":\"https:\\\/\\\/revolutionpadelstore.com\\\/de\\\/\"},{\"@type\":\"ListItem\",\"position\":2,\"name\":\"Shop\",\"item\":\"https:\\\/\\\/revolutionpadelstore.com\\\/de\\\/tienda\\\/\"},{\"@type\":\"ListItem\",\"position\":3,\"name\":\"PALETERO SIUX PRO TOUR DARK GREY\"}]},{\"@type\":\"WebSite\",\"@id\":\"https:\\\/\\\/revolutionpadelstore.com\\\/de\\\/#website\",\"url\":\"https:\\\/\\\/revolutionpadelstore.com\\\/de\\\/\",\"name\":\"Revolution Padel Store\",\"description\":\"\",\"publisher\":{\"@id\":\"https:\\\/\\\/revolutionpadelstore.com\\\/de\\\/#organization\"},\"potentialAction\":[{\"@type\":\"SearchAction\",\"target\":{\"@type\":\"EntryPoint\",\"urlTemplate\":\"https:\\\/\\\/revolutionpadelstore.com\\\/de\\\/?s={search_term_string}\"},\"query-input\":{\"@type\":\"PropertyValueSpecification\",\"valueRequired\":true,\"valueName\":\"search_term_string\"}}],\"inLanguage\":\"de\"},{\"@type\":\"Organization\",\"@id\":\"https:\\\/\\\/revolutionpadelstore.com\\\/de\\\/#organization\",\"name\":\"Revolution Padel Store\",\"url\":\"https:\\\/\\\/revolutionpadelstore.com\\\/de\\\/\",\"logo\":{\"@type\":\"ImageObject\",\"inLanguage\":\"de\",\"@id\":\"https:\\\/\\\/revolutionpadelstore.com\\\/de\\\/#\\\/schema\\\/logo\\\/image\\\/\",\"url\":\"https:\\\/\\\/revolutionpadelstore.com\\\/wp-content\\\/uploads\\\/2026\\\/02\\\/revolution-padel-store.jpg\",\"contentUrl\":\"https:\\\/\\\/revolutionpadelstore.com\\\/wp-content\\\/uploads\\\/2026\\\/02\\\/revolution-padel-store.jpg\",\"width\":2000,\"height\":2000,\"caption\":\"Revolution Padel Store\"},\"image\":{\"@id\":\"https:\\\/\\\/revolutionpadelstore.com\\\/de\\\/#\\\/schema\\\/logo\\\/image\\\/\"},\"sameAs\":[\"https:\\\/\\\/www.instagram.com\\\/revolutionpadelstore\\\/\"]}]}<\/script>\n<!-- \/ Yoast SEO plugin. -->","yoast_head_json":{"title":"PALETERO SIUX PRO TOUR DARK GREY - Revolution Padel Store","description":"Paletero Siux Pro Tour Navy con dise\u00f1o elegante, compartimentos ventilados y gran capacidad. Elige funcionalidad y estilo en Revolution Padel Store al mejor precio.","robots":{"index":"index","follow":"follow","max-snippet":"max-snippet:-1","max-image-preview":"max-image-preview:large","max-video-preview":"max-video-preview:-1"},"canonical":"https:\/\/revolutionpadelstore.com\/de\/produkt\/paletero-siux-pro-tour-dark-grey-1\/","og_locale":"de_DE","og_type":"article","og_title":"PALETERO SIUX PRO TOUR DARK GREY - Revolution Padel Store","og_description":"Paletero Siux Pro Tour Navy con dise\u00f1o elegante, compartimentos ventilados y gran capacidad. Elige funcionalidad y estilo en Revolution Padel Store al mejor precio.","og_url":"https:\/\/revolutionpadelstore.com\/de\/produkt\/paletero-siux-pro-tour-dark-grey-1\/","og_site_name":"Revolution Padel Store","article_modified_time":"2026-04-08T03:29:10+00:00","og_image":[{"width":1200,"height":1200,"url":"https:\/\/revolutionpadelstore.com\/wp-content\/uploads\/2025\/03\/113069-paletero-siux-pro-tour-grey-1200x1200-1.webp","type":"image\/webp"}],"twitter_card":"summary_large_image","twitter_misc":{"Gesch\u00e4tzte Lesezeit":"2\u00a0Minuten"},"schema":{"@context":"https:\/\/schema.org","@graph":[{"@type":"WebPage","@id":"https:\/\/revolutionpadelstore.com\/de\/produkt\/paletero-siux-pro-tour-dark-grey-1\/","url":"https:\/\/revolutionpadelstore.com\/de\/produkt\/paletero-siux-pro-tour-dark-grey-1\/","name":"PALETERO SIUX PRO TOUR DARK GREY - Revolution Padel Store","isPartOf":{"@id":"https:\/\/revolutionpadelstore.com\/de\/#website"},"primaryImageOfPage":{"@id":"https:\/\/revolutionpadelstore.com\/de\/produkt\/paletero-siux-pro-tour-dark-grey-1\/#primaryimage"},"image":{"@id":"https:\/\/revolutionpadelstore.com\/de\/produkt\/paletero-siux-pro-tour-dark-grey-1\/#primaryimage"},"thumbnailUrl":"https:\/\/revolutionpadelstore.com\/wp-content\/uploads\/2025\/03\/113069-paletero-siux-pro-tour-grey-1200x1200-1.webp","datePublished":"2025-03-31T20:54:27+00:00","dateModified":"2026-04-08T03:29:10+00:00","description":"Paletero Siux Pro Tour Navy con dise\u00f1o elegante, compartimentos ventilados y gran capacidad. Elige funcionalidad y estilo en Revolution Padel Store al mejor precio.","breadcrumb":{"@id":"https:\/\/revolutionpadelstore.com\/de\/produkt\/paletero-siux-pro-tour-dark-grey-1\/#breadcrumb"},"inLanguage":"de","potentialAction":[{"@type":"ReadAction","target":["https:\/\/revolutionpadelstore.com\/de\/produkt\/paletero-siux-pro-tour-dark-grey-1\/"]}]},{"@type":"ImageObject","inLanguage":"de","@id":"https:\/\/revolutionpadelstore.com\/de\/produkt\/paletero-siux-pro-tour-dark-grey-1\/#primaryimage","url":"https:\/\/revolutionpadelstore.com\/wp-content\/uploads\/2025\/03\/113069-paletero-siux-pro-tour-grey-1200x1200-1.webp","contentUrl":"https:\/\/revolutionpadelstore.com\/wp-content\/uploads\/2025\/03\/113069-paletero-siux-pro-tour-grey-1200x1200-1.webp","width":1200,"height":1200},{"@type":"BreadcrumbList","@id":"https:\/\/revolutionpadelstore.com\/de\/produkt\/paletero-siux-pro-tour-dark-grey-1\/#breadcrumb","itemListElement":[{"@type":"ListItem","position":1,"name":"Portada","item":"https:\/\/revolutionpadelstore.com\/de\/"},{"@type":"ListItem","position":2,"name":"Shop","item":"https:\/\/revolutionpadelstore.com\/de\/tienda\/"},{"@type":"ListItem","position":3,"name":"PALETERO SIUX PRO TOUR DARK GREY"}]},{"@type":"WebSite","@id":"https:\/\/revolutionpadelstore.com\/de\/#website","url":"https:\/\/revolutionpadelstore.com\/de\/","name":"Revolution Padel Store","description":"","publisher":{"@id":"https:\/\/revolutionpadelstore.com\/de\/#organization"},"potentialAction":[{"@type":"SearchAction","target":{"@type":"EntryPoint","urlTemplate":"https:\/\/revolutionpadelstore.com\/de\/?s={search_term_string}"},"query-input":{"@type":"PropertyValueSpecification","valueRequired":true,"valueName":"search_term_string"}}],"inLanguage":"de"},{"@type":"Organization","@id":"https:\/\/revolutionpadelstore.com\/de\/#organization","name":"Revolution Padel Store","url":"https:\/\/revolutionpadelstore.com\/de\/","logo":{"@type":"ImageObject","inLanguage":"de","@id":"https:\/\/revolutionpadelstore.com\/de\/#\/schema\/logo\/image\/","url":"https:\/\/revolutionpadelstore.com\/wp-content\/uploads\/2026\/02\/revolution-padel-store.jpg","contentUrl":"https:\/\/revolutionpadelstore.com\/wp-content\/uploads\/2026\/02\/revolution-padel-store.jpg","width":2000,"height":2000,"caption":"Revolution Padel Store"},"image":{"@id":"https:\/\/revolutionpadelstore.com\/de\/#\/schema\/logo\/image\/"},"sameAs":["https:\/\/www.instagram.com\/revolutionpadelstore\/"]}]}},"_links":{"self":[{"href":"https:\/\/revolutionpadelstore.com\/de\/wp-json\/wp\/v2\/product\/216729","targetHints":{"allow":["GET"]}}],"collection":[{"href":"https:\/\/revolutionpadelstore.com\/de\/wp-json\/wp\/v2\/product"}],"about":[{"href":"https:\/\/revolutionpadelstore.com\/de\/wp-json\/wp\/v2\/types\/product"}],"replies":[{"embeddable":true,"href":"https:\/\/revolutionpadelstore.com\/de\/wp-json\/wp\/v2\/comments?post=216729"}],"wp:featuredmedia":[{"embeddable":true,"href":"https:\/\/revolutionpadelstore.com\/de\/wp-json\/wp\/v2\/media\/216712"}],"wp:attachment":[{"href":"https:\/\/revolutionpadelstore.com\/de\/wp-json\/wp\/v2\/media?parent=216729"}],"wp:term":[{"taxonomy":"acabado","embeddable":true,"href":"https:\/\/revolutionpadelstore.com\/de\/wp-json\/wp\/v2\/acabado?post=216729"},{"taxonomy":"balance","embeddable":true,"href":"https:\/\/revolutionpadelstore.com\/de\/wp-json\/wp\/v2\/balance?post=216729"},{"taxonomy":"dureza","embeddable":true,"href":"https:\/\/revolutionpadelstore.com\/de\/wp-json\/wp\/v2\/dureza?post=216729"},{"taxonomy":"forma","embeddable":true,"href":"https:\/\/revolutionpadelstore.com\/de\/wp-json\/wp\/v2\/forma?post=216729"},{"taxonomy":"jugador","embeddable":true,"href":"https:\/\/revolutionpadelstore.com\/de\/wp-json\/wp\/v2\/jugador?post=216729"},{"taxonomy":"marca","embeddable":true,"href":"https:\/\/revolutionpadelstore.com\/de\/wp-json\/wp\/v2\/marca?post=216729"},{"taxonomy":"nivel-de-juego","embeddable":true,"href":"https:\/\/revolutionpadelstore.com\/de\/wp-json\/wp\/v2\/nivel-de-juego?post=216729"},{"taxonomy":"superficie","embeddable":true,"href":"https:\/\/revolutionpadelstore.com\/de\/wp-json\/wp\/v2\/superficie?post=216729"},{"taxonomy":"tipo-de-juego","embeddable":true,"href":"https:\/\/revolutionpadelstore.com\/de\/wp-json\/wp\/v2\/tipo-de-juego?post=216729"},{"taxonomy":"product_brand","embeddable":true,"href":"https:\/\/revolutionpadelstore.com\/de\/wp-json\/wp\/v2\/product_brand?post=216729"},{"taxonomy":"product_cat","embeddable":true,"href":"https:\/\/revolutionpadelstore.com\/de\/wp-json\/wp\/v2\/product_cat?post=216729"},{"taxonomy":"product_tag","embeddable":true,"href":"https:\/\/revolutionpadelstore.com\/de\/wp-json\/wp\/v2\/product_tag?post=216729"}],"curies":[{"name":"wp","href":"https:\/\/api.w.org\/{rel}","templated":true}]}}