{"id":216681,"date":"2025-03-31T22:36:42","date_gmt":"2025-03-31T20:36:42","guid":{"rendered":"https:\/\/revolutionpadelstore.com\/paletero-siux-diablo\/"},"modified":"2026-04-08T05:29:48","modified_gmt":"2026-04-08T03:29:48","slug":"paletero-siux-diablo-1","status":"publish","type":"product","link":"https:\/\/revolutionpadelstore.com\/de\/produkt\/paletero-siux-diablo-1\/","title":{"rendered":"PALETERO SIUX DIABLO"},"content":{"rendered":"<h2> <strong> Paletero Siux Diablo Sanyo SS24 &#8211; Exklusive Ausgabe 2024 <\/ strong> <\/ h2><br \/>\nEntdecken Sie den neuen Paletero Siux Diablo Sanyo SS24, ein hoch -End -St\u00fcck, das Teil der SIUX -Kollektion 2024 ist und in Zusammenarbeit mit dem professionellen Spieler Sanyo Guti\u00e9rrez erstellt wurde. Das moderne und elegante Design wird mit einer robusten und praktischen Struktur kombiniert, die ideal f\u00fcr diejenigen, die ihre Paddelausr\u00fcstung mit totalem Komfort und Stil transportieren m\u00f6chten.<\/p>\n<h2> <strong> Prominente Eigenschaften <\/ strong> <\/ h2><\/p>\n<p>-Tolle Kapazit\u00e4t zum Transport von bis zu 9 Paddelschaufeln.<\/p>\n<p>-breites zentrales Kompartiment mit Kapazit\u00e4t f\u00fcr 7 Klingen oder Sportger\u00e4te. <\/p>\n<p>-thermische seitliche Taschen, die Ihre Klingen vor pl\u00f6tzlichen Temperatur\u00e4nderungen sch\u00fctzen. <\/p>\n<p>-unabh\u00e4ngiges Fach an der Basis f\u00fcr Schuhe oder Sportschuhe.<\/p>\n<p>-Zus\u00e4tzliche R\u00e4ume zum Speichern von Zubeh\u00f6r und pers\u00f6nlichen Objekten. <\/p>\n<p>-Ergonomisches und gepolstertes Design f\u00fcr mehr Komfort und Schutz.<\/p>\n<p>-Verstellbare Griffe, um es als Rucksack zu tragen.<\/p>\n<h2> <strong> ideal f\u00fcr die anspruchsvollen Spieler <\/ strong> <\/ h2><br \/>\nDiese Paletero ist f\u00fcr fortgeschrittene und Fachkr\u00e4fte ausgelegt, die Organisation, Kapazit\u00e4t und thermischen Schutz erfordern. Das exklusive Design und die hochwertigen Materialien machen es zu einem der meistgesuchten Modelle von Paddelmietern.<\/p>\n<h2> <strong> Kompatibilit\u00e4t mit anderen Marken <\/ strong> <\/ h2><br \/>\nSiux geh\u00f6rt zu den prestigetr\u00e4chtigsten Marken des Paddels neben Bullpadel, Nox oder Head. Dieses spezielle Modell mit dem pers\u00f6nlichen Siegel von Sanyo f\u00e4llt auf seine Funktionalit\u00e4t und \u00c4sthetik auf und ist perfekt, um Sie in jeder Partei zu begleiten.<\/p>\n<h2> <strong> Schl\u00fcsselvorteile <\/ strong> <\/ h2><\/p>\n<p>-exklusives Design unterzeichnet von Sanyo Guti\u00e9rrez <\/p>\n<p>-thermische Kapazit\u00e4t zum Schutz Ihrer Klingen <\/p>\n<p>-Mehrere Kompartimente und gro\u00dfe Kapazit\u00e4ten <\/p>\n<p>-ideal f\u00fcr Training und Wettbewerbe <\/p>\n<h2> <strong> Hol ihn jetzt <\/ strong> <\/ h2><br \/>\nVerpassen Sie nicht die Gelegenheit, den Paletero Siux Diablo Sanyo SS24 zu erhalten, ein exklusives und funktionales Zubeh\u00f6r, das Ihre Erfahrungen auf der Strecke sammelt. Erh\u00e4ltlich in unserem Online -Shop <a href=\"http:\/\/www.revolutionpadelstore.com\/\"> www.revolutionpadelstore.com <\/a> Wahrscheinlich zum besten Marktpreis.<\/p>\n<h2><strong>Paletero Siux Diablo Sanyo SS24 \u2013 Edici\u00f3n Exclusiva 2024<\/strong><\/p>\n","protected":false},"excerpt":{"rendered":"<p>Paletero Siux Diablo Sanyo SS24 &#8211; Exklusive Ausgabe 2024 Entdecken Sie den neuen Paletero Siux Diablo Sanyo SS24, ein hoch -End -St\u00fcck, das Teil der SIUX -Kollektion 2024 ist und in Zusammenarbeit mit dem professionellen Spieler Sanyo Guti\u00e9rrez erstellt wurde. Das moderne und elegante Design wird mit einer robusten und praktischen Struktur kombiniert, die ideal [&hellip;]<\/p>\n","protected":false},"featured_media":216633,"comment_status":"open","ping_status":"closed","template":"","meta":{"_acf_changed":false,"_joinchat":[]},"acabado":[],"balance":[],"dureza":[],"forma":[],"jugador":[],"marca":[1304],"nivel-de-juego":[],"superficie":[],"tipo-de-juego":[],"product_brand":[],"product_cat":[314],"product_tag":[],"class_list":{"0":"post-216681","1":"product","2":"type-product","3":"status-publish","4":"has-post-thumbnail","6":"marca-siux-de","7":"product_cat-taschen","9":"first","10":"outofstock","11":"sale","12":"taxable","13":"shipping-taxable","14":"purchasable","15":"product-type-simple"},"acf":[],"yoast_head":"<!-- This site is optimized with the Yoast SEO plugin v27.4 - https:\/\/yoast.com\/product\/yoast-seo-wordpress\/ -->\n<title>PALETERO SIUX DIABLO - Revolution Padel Store<\/title>\n<meta name=\"description\" content=\"Paletero Siux Diablo Sanyo SS24 exclusivo de la colecci\u00f3n 2024. Dise\u00f1o t\u00e9rmico, gran capacidad y comodidad. Disponible ya en Revolution Padel Store al mejor precio.\" \/>\n<meta name=\"robots\" content=\"index, follow, max-snippet:-1, max-image-preview:large, max-video-preview:-1\" \/>\n<link rel=\"canonical\" href=\"https:\/\/revolutionpadelstore.com\/de\/produkt\/paletero-siux-diablo-1\/\" \/>\n<meta property=\"og:locale\" content=\"de_DE\" \/>\n<meta property=\"og:type\" content=\"article\" \/>\n<meta property=\"og:title\" content=\"PALETERO SIUX DIABLO - Revolution Padel Store\" \/>\n<meta property=\"og:description\" content=\"Paletero Siux Diablo Sanyo SS24 exclusivo de la colecci\u00f3n 2024. Dise\u00f1o t\u00e9rmico, gran capacidad y comodidad. Disponible ya en Revolution Padel Store al mejor precio.\" \/>\n<meta property=\"og:url\" content=\"https:\/\/revolutionpadelstore.com\/de\/produkt\/paletero-siux-diablo-1\/\" \/>\n<meta property=\"og:site_name\" content=\"Revolution Padel Store\" \/>\n<meta property=\"article:modified_time\" content=\"2026-04-08T03:29:48+00:00\" \/>\n<meta property=\"og:image\" content=\"https:\/\/revolutionpadelstore.com\/wp-content\/uploads\/2025\/03\/109435_paletero_siux_diablo_sanyo_ss24_1500x1500_1_4dc7.webp\" \/>\n\t<meta property=\"og:image:width\" content=\"1500\" \/>\n\t<meta property=\"og:image:height\" content=\"1500\" \/>\n\t<meta property=\"og:image:type\" content=\"image\/webp\" \/>\n<meta name=\"twitter:card\" content=\"summary_large_image\" \/>\n<meta name=\"twitter:label1\" content=\"Gesch\u00e4tzte Lesezeit\" \/>\n\t<meta name=\"twitter:data1\" content=\"2\u00a0Minuten\" \/>\n<script type=\"application\/ld+json\" class=\"yoast-schema-graph\">{\"@context\":\"https:\\\/\\\/schema.org\",\"@graph\":[{\"@type\":\"WebPage\",\"@id\":\"https:\\\/\\\/revolutionpadelstore.com\\\/de\\\/produkt\\\/paletero-siux-diablo-1\\\/\",\"url\":\"https:\\\/\\\/revolutionpadelstore.com\\\/de\\\/produkt\\\/paletero-siux-diablo-1\\\/\",\"name\":\"PALETERO SIUX DIABLO - Revolution Padel Store\",\"isPartOf\":{\"@id\":\"https:\\\/\\\/revolutionpadelstore.com\\\/de\\\/#website\"},\"primaryImageOfPage\":{\"@id\":\"https:\\\/\\\/revolutionpadelstore.com\\\/de\\\/produkt\\\/paletero-siux-diablo-1\\\/#primaryimage\"},\"image\":{\"@id\":\"https:\\\/\\\/revolutionpadelstore.com\\\/de\\\/produkt\\\/paletero-siux-diablo-1\\\/#primaryimage\"},\"thumbnailUrl\":\"https:\\\/\\\/revolutionpadelstore.com\\\/wp-content\\\/uploads\\\/2025\\\/03\\\/109435_paletero_siux_diablo_sanyo_ss24_1500x1500_1_4dc7.webp\",\"datePublished\":\"2025-03-31T20:36:42+00:00\",\"dateModified\":\"2026-04-08T03:29:48+00:00\",\"description\":\"Paletero Siux Diablo Sanyo SS24 exclusivo de la colecci\u00f3n 2024. Dise\u00f1o t\u00e9rmico, gran capacidad y comodidad. Disponible ya en Revolution Padel Store al mejor precio.\",\"breadcrumb\":{\"@id\":\"https:\\\/\\\/revolutionpadelstore.com\\\/de\\\/produkt\\\/paletero-siux-diablo-1\\\/#breadcrumb\"},\"inLanguage\":\"de\",\"potentialAction\":[{\"@type\":\"ReadAction\",\"target\":[\"https:\\\/\\\/revolutionpadelstore.com\\\/de\\\/produkt\\\/paletero-siux-diablo-1\\\/\"]}]},{\"@type\":\"ImageObject\",\"inLanguage\":\"de\",\"@id\":\"https:\\\/\\\/revolutionpadelstore.com\\\/de\\\/produkt\\\/paletero-siux-diablo-1\\\/#primaryimage\",\"url\":\"https:\\\/\\\/revolutionpadelstore.com\\\/wp-content\\\/uploads\\\/2025\\\/03\\\/109435_paletero_siux_diablo_sanyo_ss24_1500x1500_1_4dc7.webp\",\"contentUrl\":\"https:\\\/\\\/revolutionpadelstore.com\\\/wp-content\\\/uploads\\\/2025\\\/03\\\/109435_paletero_siux_diablo_sanyo_ss24_1500x1500_1_4dc7.webp\",\"width\":1500,\"height\":1500},{\"@type\":\"BreadcrumbList\",\"@id\":\"https:\\\/\\\/revolutionpadelstore.com\\\/de\\\/produkt\\\/paletero-siux-diablo-1\\\/#breadcrumb\",\"itemListElement\":[{\"@type\":\"ListItem\",\"position\":1,\"name\":\"Portada\",\"item\":\"https:\\\/\\\/revolutionpadelstore.com\\\/de\\\/\"},{\"@type\":\"ListItem\",\"position\":2,\"name\":\"Shop\",\"item\":\"https:\\\/\\\/revolutionpadelstore.com\\\/de\\\/tienda\\\/\"},{\"@type\":\"ListItem\",\"position\":3,\"name\":\"PALETERO SIUX DIABLO\"}]},{\"@type\":\"WebSite\",\"@id\":\"https:\\\/\\\/revolutionpadelstore.com\\\/de\\\/#website\",\"url\":\"https:\\\/\\\/revolutionpadelstore.com\\\/de\\\/\",\"name\":\"Revolution Padel Store\",\"description\":\"\",\"publisher\":{\"@id\":\"https:\\\/\\\/revolutionpadelstore.com\\\/de\\\/#organization\"},\"potentialAction\":[{\"@type\":\"SearchAction\",\"target\":{\"@type\":\"EntryPoint\",\"urlTemplate\":\"https:\\\/\\\/revolutionpadelstore.com\\\/de\\\/?s={search_term_string}\"},\"query-input\":{\"@type\":\"PropertyValueSpecification\",\"valueRequired\":true,\"valueName\":\"search_term_string\"}}],\"inLanguage\":\"de\"},{\"@type\":\"Organization\",\"@id\":\"https:\\\/\\\/revolutionpadelstore.com\\\/de\\\/#organization\",\"name\":\"Revolution Padel Store\",\"url\":\"https:\\\/\\\/revolutionpadelstore.com\\\/de\\\/\",\"logo\":{\"@type\":\"ImageObject\",\"inLanguage\":\"de\",\"@id\":\"https:\\\/\\\/revolutionpadelstore.com\\\/de\\\/#\\\/schema\\\/logo\\\/image\\\/\",\"url\":\"https:\\\/\\\/revolutionpadelstore.com\\\/wp-content\\\/uploads\\\/2026\\\/02\\\/revolution-padel-store.jpg\",\"contentUrl\":\"https:\\\/\\\/revolutionpadelstore.com\\\/wp-content\\\/uploads\\\/2026\\\/02\\\/revolution-padel-store.jpg\",\"width\":2000,\"height\":2000,\"caption\":\"Revolution Padel Store\"},\"image\":{\"@id\":\"https:\\\/\\\/revolutionpadelstore.com\\\/de\\\/#\\\/schema\\\/logo\\\/image\\\/\"},\"sameAs\":[\"https:\\\/\\\/www.instagram.com\\\/revolutionpadelstore\\\/\"]}]}<\/script>\n<!-- \/ Yoast SEO plugin. -->","yoast_head_json":{"title":"PALETERO SIUX DIABLO - Revolution Padel Store","description":"Paletero Siux Diablo Sanyo SS24 exclusivo de la colecci\u00f3n 2024. Dise\u00f1o t\u00e9rmico, gran capacidad y comodidad. Disponible ya en Revolution Padel Store al mejor precio.","robots":{"index":"index","follow":"follow","max-snippet":"max-snippet:-1","max-image-preview":"max-image-preview:large","max-video-preview":"max-video-preview:-1"},"canonical":"https:\/\/revolutionpadelstore.com\/de\/produkt\/paletero-siux-diablo-1\/","og_locale":"de_DE","og_type":"article","og_title":"PALETERO SIUX DIABLO - Revolution Padel Store","og_description":"Paletero Siux Diablo Sanyo SS24 exclusivo de la colecci\u00f3n 2024. Dise\u00f1o t\u00e9rmico, gran capacidad y comodidad. Disponible ya en Revolution Padel Store al mejor precio.","og_url":"https:\/\/revolutionpadelstore.com\/de\/produkt\/paletero-siux-diablo-1\/","og_site_name":"Revolution Padel Store","article_modified_time":"2026-04-08T03:29:48+00:00","og_image":[{"width":1500,"height":1500,"url":"https:\/\/revolutionpadelstore.com\/wp-content\/uploads\/2025\/03\/109435_paletero_siux_diablo_sanyo_ss24_1500x1500_1_4dc7.webp","type":"image\/webp"}],"twitter_card":"summary_large_image","twitter_misc":{"Gesch\u00e4tzte Lesezeit":"2\u00a0Minuten"},"schema":{"@context":"https:\/\/schema.org","@graph":[{"@type":"WebPage","@id":"https:\/\/revolutionpadelstore.com\/de\/produkt\/paletero-siux-diablo-1\/","url":"https:\/\/revolutionpadelstore.com\/de\/produkt\/paletero-siux-diablo-1\/","name":"PALETERO SIUX DIABLO - Revolution Padel Store","isPartOf":{"@id":"https:\/\/revolutionpadelstore.com\/de\/#website"},"primaryImageOfPage":{"@id":"https:\/\/revolutionpadelstore.com\/de\/produkt\/paletero-siux-diablo-1\/#primaryimage"},"image":{"@id":"https:\/\/revolutionpadelstore.com\/de\/produkt\/paletero-siux-diablo-1\/#primaryimage"},"thumbnailUrl":"https:\/\/revolutionpadelstore.com\/wp-content\/uploads\/2025\/03\/109435_paletero_siux_diablo_sanyo_ss24_1500x1500_1_4dc7.webp","datePublished":"2025-03-31T20:36:42+00:00","dateModified":"2026-04-08T03:29:48+00:00","description":"Paletero Siux Diablo Sanyo SS24 exclusivo de la colecci\u00f3n 2024. Dise\u00f1o t\u00e9rmico, gran capacidad y comodidad. Disponible ya en Revolution Padel Store al mejor precio.","breadcrumb":{"@id":"https:\/\/revolutionpadelstore.com\/de\/produkt\/paletero-siux-diablo-1\/#breadcrumb"},"inLanguage":"de","potentialAction":[{"@type":"ReadAction","target":["https:\/\/revolutionpadelstore.com\/de\/produkt\/paletero-siux-diablo-1\/"]}]},{"@type":"ImageObject","inLanguage":"de","@id":"https:\/\/revolutionpadelstore.com\/de\/produkt\/paletero-siux-diablo-1\/#primaryimage","url":"https:\/\/revolutionpadelstore.com\/wp-content\/uploads\/2025\/03\/109435_paletero_siux_diablo_sanyo_ss24_1500x1500_1_4dc7.webp","contentUrl":"https:\/\/revolutionpadelstore.com\/wp-content\/uploads\/2025\/03\/109435_paletero_siux_diablo_sanyo_ss24_1500x1500_1_4dc7.webp","width":1500,"height":1500},{"@type":"BreadcrumbList","@id":"https:\/\/revolutionpadelstore.com\/de\/produkt\/paletero-siux-diablo-1\/#breadcrumb","itemListElement":[{"@type":"ListItem","position":1,"name":"Portada","item":"https:\/\/revolutionpadelstore.com\/de\/"},{"@type":"ListItem","position":2,"name":"Shop","item":"https:\/\/revolutionpadelstore.com\/de\/tienda\/"},{"@type":"ListItem","position":3,"name":"PALETERO SIUX DIABLO"}]},{"@type":"WebSite","@id":"https:\/\/revolutionpadelstore.com\/de\/#website","url":"https:\/\/revolutionpadelstore.com\/de\/","name":"Revolution Padel Store","description":"","publisher":{"@id":"https:\/\/revolutionpadelstore.com\/de\/#organization"},"potentialAction":[{"@type":"SearchAction","target":{"@type":"EntryPoint","urlTemplate":"https:\/\/revolutionpadelstore.com\/de\/?s={search_term_string}"},"query-input":{"@type":"PropertyValueSpecification","valueRequired":true,"valueName":"search_term_string"}}],"inLanguage":"de"},{"@type":"Organization","@id":"https:\/\/revolutionpadelstore.com\/de\/#organization","name":"Revolution Padel Store","url":"https:\/\/revolutionpadelstore.com\/de\/","logo":{"@type":"ImageObject","inLanguage":"de","@id":"https:\/\/revolutionpadelstore.com\/de\/#\/schema\/logo\/image\/","url":"https:\/\/revolutionpadelstore.com\/wp-content\/uploads\/2026\/02\/revolution-padel-store.jpg","contentUrl":"https:\/\/revolutionpadelstore.com\/wp-content\/uploads\/2026\/02\/revolution-padel-store.jpg","width":2000,"height":2000,"caption":"Revolution Padel Store"},"image":{"@id":"https:\/\/revolutionpadelstore.com\/de\/#\/schema\/logo\/image\/"},"sameAs":["https:\/\/www.instagram.com\/revolutionpadelstore\/"]}]}},"_links":{"self":[{"href":"https:\/\/revolutionpadelstore.com\/de\/wp-json\/wp\/v2\/product\/216681","targetHints":{"allow":["GET"]}}],"collection":[{"href":"https:\/\/revolutionpadelstore.com\/de\/wp-json\/wp\/v2\/product"}],"about":[{"href":"https:\/\/revolutionpadelstore.com\/de\/wp-json\/wp\/v2\/types\/product"}],"replies":[{"embeddable":true,"href":"https:\/\/revolutionpadelstore.com\/de\/wp-json\/wp\/v2\/comments?post=216681"}],"wp:featuredmedia":[{"embeddable":true,"href":"https:\/\/revolutionpadelstore.com\/de\/wp-json\/wp\/v2\/media\/216633"}],"wp:attachment":[{"href":"https:\/\/revolutionpadelstore.com\/de\/wp-json\/wp\/v2\/media?parent=216681"}],"wp:term":[{"taxonomy":"acabado","embeddable":true,"href":"https:\/\/revolutionpadelstore.com\/de\/wp-json\/wp\/v2\/acabado?post=216681"},{"taxonomy":"balance","embeddable":true,"href":"https:\/\/revolutionpadelstore.com\/de\/wp-json\/wp\/v2\/balance?post=216681"},{"taxonomy":"dureza","embeddable":true,"href":"https:\/\/revolutionpadelstore.com\/de\/wp-json\/wp\/v2\/dureza?post=216681"},{"taxonomy":"forma","embeddable":true,"href":"https:\/\/revolutionpadelstore.com\/de\/wp-json\/wp\/v2\/forma?post=216681"},{"taxonomy":"jugador","embeddable":true,"href":"https:\/\/revolutionpadelstore.com\/de\/wp-json\/wp\/v2\/jugador?post=216681"},{"taxonomy":"marca","embeddable":true,"href":"https:\/\/revolutionpadelstore.com\/de\/wp-json\/wp\/v2\/marca?post=216681"},{"taxonomy":"nivel-de-juego","embeddable":true,"href":"https:\/\/revolutionpadelstore.com\/de\/wp-json\/wp\/v2\/nivel-de-juego?post=216681"},{"taxonomy":"superficie","embeddable":true,"href":"https:\/\/revolutionpadelstore.com\/de\/wp-json\/wp\/v2\/superficie?post=216681"},{"taxonomy":"tipo-de-juego","embeddable":true,"href":"https:\/\/revolutionpadelstore.com\/de\/wp-json\/wp\/v2\/tipo-de-juego?post=216681"},{"taxonomy":"product_brand","embeddable":true,"href":"https:\/\/revolutionpadelstore.com\/de\/wp-json\/wp\/v2\/product_brand?post=216681"},{"taxonomy":"product_cat","embeddable":true,"href":"https:\/\/revolutionpadelstore.com\/de\/wp-json\/wp\/v2\/product_cat?post=216681"},{"taxonomy":"product_tag","embeddable":true,"href":"https:\/\/revolutionpadelstore.com\/de\/wp-json\/wp\/v2\/product_tag?post=216681"}],"curies":[{"name":"wp","href":"https:\/\/api.w.org\/{rel}","templated":true}]}}