{"id":216571,"date":"2025-03-31T20:45:20","date_gmt":"2025-03-31T18:45:20","guid":{"rendered":"https:\/\/revolutionpadelstore.com\/paletero-siux-trilogy\/"},"modified":"2026-04-08T05:30:08","modified_gmt":"2026-04-08T03:30:08","slug":"paletero-siux-trilogy-1","status":"publish","type":"product","link":"https:\/\/revolutionpadelstore.com\/de\/produkt\/paletero-siux-trilogy-1\/","title":{"rendered":"PALETERO SIUX TRILOGY"},"content":{"rendered":"<h2> Paletero Siux -Trilogie Patty 2024 &#8211; Stil, Kapazit\u00e4t und thermischer Schutz f\u00fcr anspruchsvolle Spieler <\/ H2><br \/>\nDie <strong> Paletero Siux -Trilogie Pasty 2024 <\/strong> ist speziell f\u00fcr Paddelspieler ausgelegt, die nach <strong> -Stil, Funktionalit\u00e4t und Widerstand <\/strong> in jeder Verschiebung suchen. Inspiriert von dem <strong> Patty Llaguno Champion <\/strong> kombiniert diese Paletero eine elegante \u00c4sthetik mit praktischen L\u00f6sungen, die Sie in einem hohen Training und Spielen begleiten.<\/p>\n<h2> maximaler ergonomischer Komfort <\/ H2><br \/>\nDank seines Designs mit <strong> ergonomischem Polster auf der R\u00fcckseite und der verstellbaren Griffe <\/strong> k\u00f6nnen Sie es f\u00fcr lange Reisen unternehmen, ohne den Komfort zu beeintr\u00e4chtigen. Es enth\u00e4lt einen <strong> oberen Sch\u00fctzen <\/strong>, der den Transport mit einer Hand erleichtert, ideal f\u00fcr dynamische und konstante Bewegungsspieler.<\/p>\n<h2> Gro\u00dfe Kapazit\u00e4t mit thermischem Schutz <\/ h2><br \/>\nDieses Modell f\u00e4llt auf sein <strong> extragranden -Hauptkompartiments <\/strong> auf, das bis zu <strong> 7 Paddelschaufeln <\/strong> oder alle Ihre m\u00fchelosen Ausr\u00fcstung aufbewahrt. Dar\u00fcber hinaus enth\u00e4lt es:<br \/>\n&lt;P style = &quot;padding-links: 40px;&quot;<br \/>\n&lt;p style = &quot;padding-links: 40px;&quot;<br \/>\n&lt;P style = &quot;padding-links: 40px;&quot;<br \/>\n&lt;P style = &quot;padding-links: 40px;&quot;<\/p>\n<h2> Warum die Paletero -Siux -Trilogie Patty 2024 w\u00e4hlen?<\/p>\n<p>-ideal f\u00fcr professionelle oder anspruchsvolle Spieler. <\/p>\n<p><P>-exklusives Design mit Unterst\u00fctzung von <strong> siux <\/strong>, einer der besten Marken <\/strong> des Marktes.<\/p>\n<p>-Fortgeschrittener thermischer Schutz, um Ihre Klingen in perfektem Zustand zu halten. <\/p>\n<p>-Platz optimiert, um alle Ihr <strong> Paddle-Material <\/strong> zu organisieren. <\/p>\n<p>-elegante \u00c4sthetik und hochwertige Oberfl\u00e4chen. <\/p>\n<p><strong> Holen Sie sich die Paletero Siux -Trilogie Patty 2024 in unserem Online -Shop <a href=\"https:\/\/www.revolutionpadelstore.com\/\"> www.Revolutionpadelstore.com <\/a> <\/strong>, wahrscheinlich der <strong> beste Marktpreis <\/strong>. Entdecken Sie alles, was Sie f\u00fcr Ihr Spiel an einem Ort brauchen.<\/p>\n<h2>Paletero Siux Trilogy Patty 2024 \u2013 Estilo, capacidad y protecci\u00f3n t\u00e9rmica para jugadoras exigentes<\/h2>\n","protected":false},"excerpt":{"rendered":"<p>Die Paletero Siux Trilogy Patty 2024 bietet praktischen, stabilen und zuverl\u00e4ssigen Transport f\u00fcr Ihr Sportteam. Das Hauptfach hat die F\u00e4higkeit, bis zu 7 Klingen aufzubewahren.<\/p>\n","protected":false},"featured_media":216577,"comment_status":"open","ping_status":"closed","template":"","meta":{"_acf_changed":false,"_joinchat":[]},"acabado":[],"balance":[],"dureza":[],"forma":[],"jugador":[],"marca":[1304],"nivel-de-juego":[],"superficie":[],"tipo-de-juego":[],"product_brand":[],"product_cat":[314],"product_tag":[],"class_list":{"0":"post-216571","1":"product","2":"type-product","3":"status-publish","4":"has-post-thumbnail","6":"marca-siux-de","7":"product_cat-taschen","9":"first","10":"outofstock","11":"sale","12":"taxable","13":"shipping-taxable","14":"purchasable","15":"product-type-simple"},"acf":[],"yoast_head":"<!-- This site is optimized with the Yoast SEO plugin v27.4 - https:\/\/yoast.com\/product\/yoast-seo-wordpress\/ -->\n<title>PALETERO SIUX TRILOGY - Revolution Padel Store<\/title>\n<meta name=\"description\" content=\"Descubre el Paletero Siux Trilogy Patty 2024, dise\u00f1ado para jugadoras que buscan estilo, gran capacidad y protecci\u00f3n t\u00e9rmica. \u00a1C\u00f3mpralo en Revolution Padel Store al mejor precio online!\" \/>\n<meta name=\"robots\" content=\"index, follow, max-snippet:-1, max-image-preview:large, max-video-preview:-1\" \/>\n<link rel=\"canonical\" href=\"https:\/\/revolutionpadelstore.com\/de\/produkt\/paletero-siux-trilogy-1\/\" \/>\n<meta property=\"og:locale\" content=\"de_DE\" \/>\n<meta property=\"og:type\" content=\"article\" \/>\n<meta property=\"og:title\" content=\"PALETERO SIUX TRILOGY - Revolution Padel Store\" \/>\n<meta property=\"og:description\" content=\"Descubre el Paletero Siux Trilogy Patty 2024, dise\u00f1ado para jugadoras que buscan estilo, gran capacidad y protecci\u00f3n t\u00e9rmica. \u00a1C\u00f3mpralo en Revolution Padel Store al mejor precio online!\" \/>\n<meta property=\"og:url\" content=\"https:\/\/revolutionpadelstore.com\/de\/produkt\/paletero-siux-trilogy-1\/\" \/>\n<meta property=\"og:site_name\" content=\"Revolution Padel Store\" \/>\n<meta property=\"article:modified_time\" content=\"2026-04-08T03:30:08+00:00\" \/>\n<meta property=\"og:image\" content=\"https:\/\/revolutionpadelstore.com\/wp-content\/uploads\/2025\/03\/109437_paletero_siux_triology_ss24_1500x1500_1_ee90.webp\" \/>\n\t<meta property=\"og:image:width\" content=\"1500\" \/>\n\t<meta property=\"og:image:height\" content=\"1500\" \/>\n\t<meta property=\"og:image:type\" content=\"image\/webp\" \/>\n<meta name=\"twitter:card\" content=\"summary_large_image\" \/>\n<meta name=\"twitter:label1\" content=\"Gesch\u00e4tzte Lesezeit\" \/>\n\t<meta name=\"twitter:data1\" content=\"2\u00a0Minuten\" \/>\n<script type=\"application\/ld+json\" class=\"yoast-schema-graph\">{\"@context\":\"https:\\\/\\\/schema.org\",\"@graph\":[{\"@type\":\"WebPage\",\"@id\":\"https:\\\/\\\/revolutionpadelstore.com\\\/de\\\/produkt\\\/paletero-siux-trilogy-1\\\/\",\"url\":\"https:\\\/\\\/revolutionpadelstore.com\\\/de\\\/produkt\\\/paletero-siux-trilogy-1\\\/\",\"name\":\"PALETERO SIUX TRILOGY - Revolution Padel Store\",\"isPartOf\":{\"@id\":\"https:\\\/\\\/revolutionpadelstore.com\\\/de\\\/#website\"},\"primaryImageOfPage\":{\"@id\":\"https:\\\/\\\/revolutionpadelstore.com\\\/de\\\/produkt\\\/paletero-siux-trilogy-1\\\/#primaryimage\"},\"image\":{\"@id\":\"https:\\\/\\\/revolutionpadelstore.com\\\/de\\\/produkt\\\/paletero-siux-trilogy-1\\\/#primaryimage\"},\"thumbnailUrl\":\"https:\\\/\\\/revolutionpadelstore.com\\\/wp-content\\\/uploads\\\/2025\\\/03\\\/109437_paletero_siux_triology_ss24_1500x1500_1_ee90.webp\",\"datePublished\":\"2025-03-31T18:45:20+00:00\",\"dateModified\":\"2026-04-08T03:30:08+00:00\",\"description\":\"Descubre el Paletero Siux Trilogy Patty 2024, dise\u00f1ado para jugadoras que buscan estilo, gran capacidad y protecci\u00f3n t\u00e9rmica. \u00a1C\u00f3mpralo en Revolution Padel Store al mejor precio online!\",\"breadcrumb\":{\"@id\":\"https:\\\/\\\/revolutionpadelstore.com\\\/de\\\/produkt\\\/paletero-siux-trilogy-1\\\/#breadcrumb\"},\"inLanguage\":\"de\",\"potentialAction\":[{\"@type\":\"ReadAction\",\"target\":[\"https:\\\/\\\/revolutionpadelstore.com\\\/de\\\/produkt\\\/paletero-siux-trilogy-1\\\/\"]}]},{\"@type\":\"ImageObject\",\"inLanguage\":\"de\",\"@id\":\"https:\\\/\\\/revolutionpadelstore.com\\\/de\\\/produkt\\\/paletero-siux-trilogy-1\\\/#primaryimage\",\"url\":\"https:\\\/\\\/revolutionpadelstore.com\\\/wp-content\\\/uploads\\\/2025\\\/03\\\/109437_paletero_siux_triology_ss24_1500x1500_1_ee90.webp\",\"contentUrl\":\"https:\\\/\\\/revolutionpadelstore.com\\\/wp-content\\\/uploads\\\/2025\\\/03\\\/109437_paletero_siux_triology_ss24_1500x1500_1_ee90.webp\",\"width\":1500,\"height\":1500},{\"@type\":\"BreadcrumbList\",\"@id\":\"https:\\\/\\\/revolutionpadelstore.com\\\/de\\\/produkt\\\/paletero-siux-trilogy-1\\\/#breadcrumb\",\"itemListElement\":[{\"@type\":\"ListItem\",\"position\":1,\"name\":\"Portada\",\"item\":\"https:\\\/\\\/revolutionpadelstore.com\\\/de\\\/\"},{\"@type\":\"ListItem\",\"position\":2,\"name\":\"Shop\",\"item\":\"https:\\\/\\\/revolutionpadelstore.com\\\/de\\\/tienda\\\/\"},{\"@type\":\"ListItem\",\"position\":3,\"name\":\"PALETERO SIUX TRILOGY\"}]},{\"@type\":\"WebSite\",\"@id\":\"https:\\\/\\\/revolutionpadelstore.com\\\/de\\\/#website\",\"url\":\"https:\\\/\\\/revolutionpadelstore.com\\\/de\\\/\",\"name\":\"Revolution Padel Store\",\"description\":\"\",\"publisher\":{\"@id\":\"https:\\\/\\\/revolutionpadelstore.com\\\/de\\\/#organization\"},\"potentialAction\":[{\"@type\":\"SearchAction\",\"target\":{\"@type\":\"EntryPoint\",\"urlTemplate\":\"https:\\\/\\\/revolutionpadelstore.com\\\/de\\\/?s={search_term_string}\"},\"query-input\":{\"@type\":\"PropertyValueSpecification\",\"valueRequired\":true,\"valueName\":\"search_term_string\"}}],\"inLanguage\":\"de\"},{\"@type\":\"Organization\",\"@id\":\"https:\\\/\\\/revolutionpadelstore.com\\\/de\\\/#organization\",\"name\":\"Revolution Padel Store\",\"url\":\"https:\\\/\\\/revolutionpadelstore.com\\\/de\\\/\",\"logo\":{\"@type\":\"ImageObject\",\"inLanguage\":\"de\",\"@id\":\"https:\\\/\\\/revolutionpadelstore.com\\\/de\\\/#\\\/schema\\\/logo\\\/image\\\/\",\"url\":\"https:\\\/\\\/revolutionpadelstore.com\\\/wp-content\\\/uploads\\\/2026\\\/02\\\/revolution-padel-store.jpg\",\"contentUrl\":\"https:\\\/\\\/revolutionpadelstore.com\\\/wp-content\\\/uploads\\\/2026\\\/02\\\/revolution-padel-store.jpg\",\"width\":2000,\"height\":2000,\"caption\":\"Revolution Padel Store\"},\"image\":{\"@id\":\"https:\\\/\\\/revolutionpadelstore.com\\\/de\\\/#\\\/schema\\\/logo\\\/image\\\/\"},\"sameAs\":[\"https:\\\/\\\/www.instagram.com\\\/revolutionpadelstore\\\/\"]}]}<\/script>\n<!-- \/ Yoast SEO plugin. -->","yoast_head_json":{"title":"PALETERO SIUX TRILOGY - Revolution Padel Store","description":"Descubre el Paletero Siux Trilogy Patty 2024, dise\u00f1ado para jugadoras que buscan estilo, gran capacidad y protecci\u00f3n t\u00e9rmica. \u00a1C\u00f3mpralo en Revolution Padel Store al mejor precio online!","robots":{"index":"index","follow":"follow","max-snippet":"max-snippet:-1","max-image-preview":"max-image-preview:large","max-video-preview":"max-video-preview:-1"},"canonical":"https:\/\/revolutionpadelstore.com\/de\/produkt\/paletero-siux-trilogy-1\/","og_locale":"de_DE","og_type":"article","og_title":"PALETERO SIUX TRILOGY - Revolution Padel Store","og_description":"Descubre el Paletero Siux Trilogy Patty 2024, dise\u00f1ado para jugadoras que buscan estilo, gran capacidad y protecci\u00f3n t\u00e9rmica. \u00a1C\u00f3mpralo en Revolution Padel Store al mejor precio online!","og_url":"https:\/\/revolutionpadelstore.com\/de\/produkt\/paletero-siux-trilogy-1\/","og_site_name":"Revolution Padel Store","article_modified_time":"2026-04-08T03:30:08+00:00","og_image":[{"width":1500,"height":1500,"url":"https:\/\/revolutionpadelstore.com\/wp-content\/uploads\/2025\/03\/109437_paletero_siux_triology_ss24_1500x1500_1_ee90.webp","type":"image\/webp"}],"twitter_card":"summary_large_image","twitter_misc":{"Gesch\u00e4tzte Lesezeit":"2\u00a0Minuten"},"schema":{"@context":"https:\/\/schema.org","@graph":[{"@type":"WebPage","@id":"https:\/\/revolutionpadelstore.com\/de\/produkt\/paletero-siux-trilogy-1\/","url":"https:\/\/revolutionpadelstore.com\/de\/produkt\/paletero-siux-trilogy-1\/","name":"PALETERO SIUX TRILOGY - Revolution Padel Store","isPartOf":{"@id":"https:\/\/revolutionpadelstore.com\/de\/#website"},"primaryImageOfPage":{"@id":"https:\/\/revolutionpadelstore.com\/de\/produkt\/paletero-siux-trilogy-1\/#primaryimage"},"image":{"@id":"https:\/\/revolutionpadelstore.com\/de\/produkt\/paletero-siux-trilogy-1\/#primaryimage"},"thumbnailUrl":"https:\/\/revolutionpadelstore.com\/wp-content\/uploads\/2025\/03\/109437_paletero_siux_triology_ss24_1500x1500_1_ee90.webp","datePublished":"2025-03-31T18:45:20+00:00","dateModified":"2026-04-08T03:30:08+00:00","description":"Descubre el Paletero Siux Trilogy Patty 2024, dise\u00f1ado para jugadoras que buscan estilo, gran capacidad y protecci\u00f3n t\u00e9rmica. \u00a1C\u00f3mpralo en Revolution Padel Store al mejor precio online!","breadcrumb":{"@id":"https:\/\/revolutionpadelstore.com\/de\/produkt\/paletero-siux-trilogy-1\/#breadcrumb"},"inLanguage":"de","potentialAction":[{"@type":"ReadAction","target":["https:\/\/revolutionpadelstore.com\/de\/produkt\/paletero-siux-trilogy-1\/"]}]},{"@type":"ImageObject","inLanguage":"de","@id":"https:\/\/revolutionpadelstore.com\/de\/produkt\/paletero-siux-trilogy-1\/#primaryimage","url":"https:\/\/revolutionpadelstore.com\/wp-content\/uploads\/2025\/03\/109437_paletero_siux_triology_ss24_1500x1500_1_ee90.webp","contentUrl":"https:\/\/revolutionpadelstore.com\/wp-content\/uploads\/2025\/03\/109437_paletero_siux_triology_ss24_1500x1500_1_ee90.webp","width":1500,"height":1500},{"@type":"BreadcrumbList","@id":"https:\/\/revolutionpadelstore.com\/de\/produkt\/paletero-siux-trilogy-1\/#breadcrumb","itemListElement":[{"@type":"ListItem","position":1,"name":"Portada","item":"https:\/\/revolutionpadelstore.com\/de\/"},{"@type":"ListItem","position":2,"name":"Shop","item":"https:\/\/revolutionpadelstore.com\/de\/tienda\/"},{"@type":"ListItem","position":3,"name":"PALETERO SIUX TRILOGY"}]},{"@type":"WebSite","@id":"https:\/\/revolutionpadelstore.com\/de\/#website","url":"https:\/\/revolutionpadelstore.com\/de\/","name":"Revolution Padel Store","description":"","publisher":{"@id":"https:\/\/revolutionpadelstore.com\/de\/#organization"},"potentialAction":[{"@type":"SearchAction","target":{"@type":"EntryPoint","urlTemplate":"https:\/\/revolutionpadelstore.com\/de\/?s={search_term_string}"},"query-input":{"@type":"PropertyValueSpecification","valueRequired":true,"valueName":"search_term_string"}}],"inLanguage":"de"},{"@type":"Organization","@id":"https:\/\/revolutionpadelstore.com\/de\/#organization","name":"Revolution Padel Store","url":"https:\/\/revolutionpadelstore.com\/de\/","logo":{"@type":"ImageObject","inLanguage":"de","@id":"https:\/\/revolutionpadelstore.com\/de\/#\/schema\/logo\/image\/","url":"https:\/\/revolutionpadelstore.com\/wp-content\/uploads\/2026\/02\/revolution-padel-store.jpg","contentUrl":"https:\/\/revolutionpadelstore.com\/wp-content\/uploads\/2026\/02\/revolution-padel-store.jpg","width":2000,"height":2000,"caption":"Revolution Padel Store"},"image":{"@id":"https:\/\/revolutionpadelstore.com\/de\/#\/schema\/logo\/image\/"},"sameAs":["https:\/\/www.instagram.com\/revolutionpadelstore\/"]}]}},"_links":{"self":[{"href":"https:\/\/revolutionpadelstore.com\/de\/wp-json\/wp\/v2\/product\/216571","targetHints":{"allow":["GET"]}}],"collection":[{"href":"https:\/\/revolutionpadelstore.com\/de\/wp-json\/wp\/v2\/product"}],"about":[{"href":"https:\/\/revolutionpadelstore.com\/de\/wp-json\/wp\/v2\/types\/product"}],"replies":[{"embeddable":true,"href":"https:\/\/revolutionpadelstore.com\/de\/wp-json\/wp\/v2\/comments?post=216571"}],"wp:featuredmedia":[{"embeddable":true,"href":"https:\/\/revolutionpadelstore.com\/de\/wp-json\/wp\/v2\/media\/216577"}],"wp:attachment":[{"href":"https:\/\/revolutionpadelstore.com\/de\/wp-json\/wp\/v2\/media?parent=216571"}],"wp:term":[{"taxonomy":"acabado","embeddable":true,"href":"https:\/\/revolutionpadelstore.com\/de\/wp-json\/wp\/v2\/acabado?post=216571"},{"taxonomy":"balance","embeddable":true,"href":"https:\/\/revolutionpadelstore.com\/de\/wp-json\/wp\/v2\/balance?post=216571"},{"taxonomy":"dureza","embeddable":true,"href":"https:\/\/revolutionpadelstore.com\/de\/wp-json\/wp\/v2\/dureza?post=216571"},{"taxonomy":"forma","embeddable":true,"href":"https:\/\/revolutionpadelstore.com\/de\/wp-json\/wp\/v2\/forma?post=216571"},{"taxonomy":"jugador","embeddable":true,"href":"https:\/\/revolutionpadelstore.com\/de\/wp-json\/wp\/v2\/jugador?post=216571"},{"taxonomy":"marca","embeddable":true,"href":"https:\/\/revolutionpadelstore.com\/de\/wp-json\/wp\/v2\/marca?post=216571"},{"taxonomy":"nivel-de-juego","embeddable":true,"href":"https:\/\/revolutionpadelstore.com\/de\/wp-json\/wp\/v2\/nivel-de-juego?post=216571"},{"taxonomy":"superficie","embeddable":true,"href":"https:\/\/revolutionpadelstore.com\/de\/wp-json\/wp\/v2\/superficie?post=216571"},{"taxonomy":"tipo-de-juego","embeddable":true,"href":"https:\/\/revolutionpadelstore.com\/de\/wp-json\/wp\/v2\/tipo-de-juego?post=216571"},{"taxonomy":"product_brand","embeddable":true,"href":"https:\/\/revolutionpadelstore.com\/de\/wp-json\/wp\/v2\/product_brand?post=216571"},{"taxonomy":"product_cat","embeddable":true,"href":"https:\/\/revolutionpadelstore.com\/de\/wp-json\/wp\/v2\/product_cat?post=216571"},{"taxonomy":"product_tag","embeddable":true,"href":"https:\/\/revolutionpadelstore.com\/de\/wp-json\/wp\/v2\/product_tag?post=216571"}],"curies":[{"name":"wp","href":"https:\/\/api.w.org\/{rel}","templated":true}]}}