{"id":216486,"date":"2025-03-26T12:45:57","date_gmt":"2025-03-26T11:45:57","guid":{"rendered":"https:\/\/revolutionpadelstore.com\/siux-electra-go-4\/"},"modified":"2026-04-08T05:31:38","modified_gmt":"2026-04-08T03:31:38","slug":"siux-electra-go-4-1","status":"publish","type":"product","link":"https:\/\/revolutionpadelstore.com\/de\/produkt\/siux-electra-go-4-1\/","title":{"rendered":"SIUX ELECTRA GO 4"},"content":{"rendered":"<br \/>\n<h2> <strong> Siux Electra Go 4 &#8211; Vielseitigkeit und Gleichgewicht f\u00fcr Zwischenspieler <\/ strong> <\/ h2><br \/>\nDie Siux Electra Go 4 ist die perfekte Paddelschaufel f\u00fcr diejenigen, die eine vollst\u00e4ndige Leistung auf der Strecke suchen. Entworfene Hybridform, kombinieren Sie das Beste aus Kontrolle und Leistung und passen Sie sich an mehrere Spielstile an. Diese Schaufel ist ideal f\u00fcr Spieler mit Zwischenstufe und ist Ihr Verb\u00fcndeter, wenn Sie Ihre Technik perfektionieren und ein vielseitiges Tool ben\u00f6tigen, das sowohl auf Verteidigung als auch auf Angriff fest reagiert.<\/p>\n<h2> <strong> Spezifische technische Eigenschaften <\/ strong> <\/ h2><\/p>\n<p>-Spielebene: Intermediate <\/p>\n<p>-Form: Hybrid (Gleichgewicht zwischen Kontrolle und Leistung) <\/p>\n<p>-Gewicht: 355-375 g (ideales Gleichgewicht zwischen Verwaltbarkeit und Solidit\u00e4t) <\/p>\n<\/p>\n<p>-nucleus: eva gummi-medium\/harter Ber\u00fchrung, die Leistung und Kontrolle optimiert <\/p>\n<p>&lt;p style = &quot;padding-links: 40px;&quot;<\/p>\n<p>-rahmen: tubul\u00e4r 50\/50-Grad-Haltbarkeit und strukturelle Starrheit <\/p>\n<p>-balances: mittelgro\u00df ein vielseitiges Spiel in allen Bereichen der Strecke <\/p>\n<p>-Finish: Helligkeit + Sand (Sandfinish) f\u00fcr bessere auff\u00e4llige Effekte und \u00c4sthetik <\/p>\n<\/p>\n<h2> <strong> Vorteile f\u00fcr den Spieler <\/ strong> <\/ h2><\/p>\n<p>-Gesamt Vielseitigkeit: Anpassungsf\u00e4higkeit f\u00fcr jede Art von Spiel oder Rivalen <\/p>\n<p>-ausgeglichener Ber\u00fchrung: Ideal, um das Offensivspiel zu meistern, ohne die Kontrolle zu verlieren <\/p>\n<p>-robustes Design: Hochwertige Materialien f\u00fcr eine l\u00e4ngere Leistung <\/p>\n<p>-Perfekt f\u00fcr den Fortschritt: kontinuierliche technische Verbesserung dank Ihrer ausgewogenen Antwort <\/p>\n<h2> <strong> Warum die Siux Electra Go 4 w\u00e4hlen? <\/ strong> <\/ h2><br \/>\nSiux, eine der bekanntesten Paddelmarken auf dem Markt, hat die Electra Go 4 f\u00fcr diejenigen geschaffen, die mit Zuversicht in ihrem Spiel wachsen wollen. Sein ausgewogenes Design, seine hervorragende Haltbarkeit und seine gro\u00dfartige Leistung machen es zu einer idealen Option f\u00fcr diejenigen, die nach qualitativ hochwertigen Zwischenschaufeln f\u00fcr Paddel suchen.<\/p>\n<p>Verpassen Sie nicht die Gelegenheit, mit einer Schaufel zu spielen, die sich an Sie und Ihre Bed\u00fcrfnisse auf der Strecke anpasst. Holen Sie sich die Siux Electra 4 und bringen Sie Ihr Level auf den n\u00e4chsten Schritt.<\/p>\n<p>Jetzt in unserem Online -Shop erh\u00e4ltlich.<\/p>\n<h2><strong>Siux Electra Go 4 \u2013 Versatilidad y equilibrio para jugadores intermedios<\/strong><\/p>\n","protected":false},"excerpt":{"rendered":"<p>Die Siux Electra Go 4 ist eine Schaufel, die f\u00fcr Spieler mit Zwischenstufe entwickelt wurde. Es hat eine Hybridform, enth\u00e4lt einen Kern von EVA -Gummi- und 3K -Flexfl\u00e4chen. Es ist perfekt f\u00fcr einen vielseitigen Spielstil und bietet einen Hauch von und hart.<\/p>\n","protected":false},"featured_media":216480,"comment_status":"open","ping_status":"closed","template":"","meta":{"_acf_changed":false,"_joinchat":[]},"acabado":[1079],"balance":[1139],"dureza":[1154],"forma":[1174],"jugador":[1189,1199],"marca":[1304],"nivel-de-juego":[1349,1339],"superficie":[1359],"tipo-de-juego":[1384],"product_brand":[],"product_cat":[299],"product_tag":[],"class_list":{"0":"post-216486","1":"product","2":"type-product","3":"status-publish","4":"has-post-thumbnail","6":"acabado-helligkeit","7":"balance-mittel","8":"dureza-media-de","9":"forma-hybrid","10":"jugador-mann","11":"jugador-mehrzweck","12":"marca-siux-de","13":"superficie-rugosa-de","14":"tipo-de-juego-mehrzweck","15":"product_cat-palas-de-padel-de","17":"first","18":"instock","19":"sale","20":"taxable","21":"shipping-taxable","22":"purchasable","23":"product-type-simple"},"acf":[],"yoast_head":"<!-- This site is optimized with the Yoast SEO plugin v27.4 - https:\/\/yoast.com\/product\/yoast-seo-wordpress\/ -->\n<title>SIUX ELECTRA GO 4 - Revolution Padel Store<\/title>\n<meta name=\"description\" content=\"Pala Siux Electra Go 4 para jugadores intermedios. Dise\u00f1o h\u00edbrido, tacto medio\/duro, gran equilibrio entre control y potencia. \u00a1Compra online al mejor precio en Revolution Padel Store!\" \/>\n<meta name=\"robots\" content=\"index, follow, max-snippet:-1, max-image-preview:large, max-video-preview:-1\" \/>\n<link rel=\"canonical\" href=\"https:\/\/revolutionpadelstore.com\/de\/produkt\/siux-electra-go-4-1\/\" \/>\n<meta property=\"og:locale\" content=\"de_DE\" \/>\n<meta property=\"og:type\" content=\"article\" \/>\n<meta property=\"og:title\" content=\"SIUX ELECTRA GO 4 - Revolution Padel Store\" \/>\n<meta property=\"og:description\" content=\"Pala Siux Electra Go 4 para jugadores intermedios. Dise\u00f1o h\u00edbrido, tacto medio\/duro, gran equilibrio entre control y potencia. \u00a1Compra online al mejor precio en Revolution Padel Store!\" \/>\n<meta property=\"og:url\" content=\"https:\/\/revolutionpadelstore.com\/de\/produkt\/siux-electra-go-4-1\/\" \/>\n<meta property=\"og:site_name\" content=\"Revolution Padel Store\" \/>\n<meta property=\"article:modified_time\" content=\"2026-04-08T03:31:38+00:00\" \/>\n<meta property=\"og:image\" content=\"https:\/\/revolutionpadelstore.com\/wp-content\/uploads\/2025\/03\/112635-siux-electra-go-4-1500x1500-1.webp\" \/>\n\t<meta property=\"og:image:width\" content=\"1500\" \/>\n\t<meta property=\"og:image:height\" content=\"1500\" \/>\n\t<meta property=\"og:image:type\" content=\"image\/webp\" \/>\n<meta name=\"twitter:card\" content=\"summary_large_image\" \/>\n<meta name=\"twitter:label1\" content=\"Gesch\u00e4tzte Lesezeit\" \/>\n\t<meta name=\"twitter:data1\" content=\"2\u00a0Minuten\" \/>\n<script type=\"application\/ld+json\" class=\"yoast-schema-graph\">{\"@context\":\"https:\\\/\\\/schema.org\",\"@graph\":[{\"@type\":\"WebPage\",\"@id\":\"https:\\\/\\\/revolutionpadelstore.com\\\/de\\\/produkt\\\/siux-electra-go-4-1\\\/\",\"url\":\"https:\\\/\\\/revolutionpadelstore.com\\\/de\\\/produkt\\\/siux-electra-go-4-1\\\/\",\"name\":\"SIUX ELECTRA GO 4 - Revolution Padel Store\",\"isPartOf\":{\"@id\":\"https:\\\/\\\/revolutionpadelstore.com\\\/de\\\/#website\"},\"primaryImageOfPage\":{\"@id\":\"https:\\\/\\\/revolutionpadelstore.com\\\/de\\\/produkt\\\/siux-electra-go-4-1\\\/#primaryimage\"},\"image\":{\"@id\":\"https:\\\/\\\/revolutionpadelstore.com\\\/de\\\/produkt\\\/siux-electra-go-4-1\\\/#primaryimage\"},\"thumbnailUrl\":\"https:\\\/\\\/revolutionpadelstore.com\\\/wp-content\\\/uploads\\\/2025\\\/03\\\/112635-siux-electra-go-4-1500x1500-1.webp\",\"datePublished\":\"2025-03-26T11:45:57+00:00\",\"dateModified\":\"2026-04-08T03:31:38+00:00\",\"description\":\"Pala Siux Electra Go 4 para jugadores intermedios. Dise\u00f1o h\u00edbrido, tacto medio\\\/duro, gran equilibrio entre control y potencia. \u00a1Compra online al mejor precio en Revolution Padel Store!\",\"breadcrumb\":{\"@id\":\"https:\\\/\\\/revolutionpadelstore.com\\\/de\\\/produkt\\\/siux-electra-go-4-1\\\/#breadcrumb\"},\"inLanguage\":\"de\",\"potentialAction\":[{\"@type\":\"ReadAction\",\"target\":[\"https:\\\/\\\/revolutionpadelstore.com\\\/de\\\/produkt\\\/siux-electra-go-4-1\\\/\"]}]},{\"@type\":\"ImageObject\",\"inLanguage\":\"de\",\"@id\":\"https:\\\/\\\/revolutionpadelstore.com\\\/de\\\/produkt\\\/siux-electra-go-4-1\\\/#primaryimage\",\"url\":\"https:\\\/\\\/revolutionpadelstore.com\\\/wp-content\\\/uploads\\\/2025\\\/03\\\/112635-siux-electra-go-4-1500x1500-1.webp\",\"contentUrl\":\"https:\\\/\\\/revolutionpadelstore.com\\\/wp-content\\\/uploads\\\/2025\\\/03\\\/112635-siux-electra-go-4-1500x1500-1.webp\",\"width\":1500,\"height\":1500},{\"@type\":\"BreadcrumbList\",\"@id\":\"https:\\\/\\\/revolutionpadelstore.com\\\/de\\\/produkt\\\/siux-electra-go-4-1\\\/#breadcrumb\",\"itemListElement\":[{\"@type\":\"ListItem\",\"position\":1,\"name\":\"Portada\",\"item\":\"https:\\\/\\\/revolutionpadelstore.com\\\/de\\\/\"},{\"@type\":\"ListItem\",\"position\":2,\"name\":\"Shop\",\"item\":\"https:\\\/\\\/revolutionpadelstore.com\\\/de\\\/tienda\\\/\"},{\"@type\":\"ListItem\",\"position\":3,\"name\":\"SIUX ELECTRA GO 4\"}]},{\"@type\":\"WebSite\",\"@id\":\"https:\\\/\\\/revolutionpadelstore.com\\\/de\\\/#website\",\"url\":\"https:\\\/\\\/revolutionpadelstore.com\\\/de\\\/\",\"name\":\"Revolution Padel Store\",\"description\":\"\",\"publisher\":{\"@id\":\"https:\\\/\\\/revolutionpadelstore.com\\\/de\\\/#organization\"},\"potentialAction\":[{\"@type\":\"SearchAction\",\"target\":{\"@type\":\"EntryPoint\",\"urlTemplate\":\"https:\\\/\\\/revolutionpadelstore.com\\\/de\\\/?s={search_term_string}\"},\"query-input\":{\"@type\":\"PropertyValueSpecification\",\"valueRequired\":true,\"valueName\":\"search_term_string\"}}],\"inLanguage\":\"de\"},{\"@type\":\"Organization\",\"@id\":\"https:\\\/\\\/revolutionpadelstore.com\\\/de\\\/#organization\",\"name\":\"Revolution Padel Store\",\"url\":\"https:\\\/\\\/revolutionpadelstore.com\\\/de\\\/\",\"logo\":{\"@type\":\"ImageObject\",\"inLanguage\":\"de\",\"@id\":\"https:\\\/\\\/revolutionpadelstore.com\\\/de\\\/#\\\/schema\\\/logo\\\/image\\\/\",\"url\":\"https:\\\/\\\/revolutionpadelstore.com\\\/wp-content\\\/uploads\\\/2026\\\/02\\\/revolution-padel-store.jpg\",\"contentUrl\":\"https:\\\/\\\/revolutionpadelstore.com\\\/wp-content\\\/uploads\\\/2026\\\/02\\\/revolution-padel-store.jpg\",\"width\":2000,\"height\":2000,\"caption\":\"Revolution Padel Store\"},\"image\":{\"@id\":\"https:\\\/\\\/revolutionpadelstore.com\\\/de\\\/#\\\/schema\\\/logo\\\/image\\\/\"},\"sameAs\":[\"https:\\\/\\\/www.instagram.com\\\/revolutionpadelstore\\\/\"]}]}<\/script>\n<!-- \/ Yoast SEO plugin. -->","yoast_head_json":{"title":"SIUX ELECTRA GO 4 - Revolution Padel Store","description":"Pala Siux Electra Go 4 para jugadores intermedios. Dise\u00f1o h\u00edbrido, tacto medio\/duro, gran equilibrio entre control y potencia. \u00a1Compra online al mejor precio en Revolution Padel Store!","robots":{"index":"index","follow":"follow","max-snippet":"max-snippet:-1","max-image-preview":"max-image-preview:large","max-video-preview":"max-video-preview:-1"},"canonical":"https:\/\/revolutionpadelstore.com\/de\/produkt\/siux-electra-go-4-1\/","og_locale":"de_DE","og_type":"article","og_title":"SIUX ELECTRA GO 4 - Revolution Padel Store","og_description":"Pala Siux Electra Go 4 para jugadores intermedios. Dise\u00f1o h\u00edbrido, tacto medio\/duro, gran equilibrio entre control y potencia. \u00a1Compra online al mejor precio en Revolution Padel Store!","og_url":"https:\/\/revolutionpadelstore.com\/de\/produkt\/siux-electra-go-4-1\/","og_site_name":"Revolution Padel Store","article_modified_time":"2026-04-08T03:31:38+00:00","og_image":[{"width":1500,"height":1500,"url":"https:\/\/revolutionpadelstore.com\/wp-content\/uploads\/2025\/03\/112635-siux-electra-go-4-1500x1500-1.webp","type":"image\/webp"}],"twitter_card":"summary_large_image","twitter_misc":{"Gesch\u00e4tzte Lesezeit":"2\u00a0Minuten"},"schema":{"@context":"https:\/\/schema.org","@graph":[{"@type":"WebPage","@id":"https:\/\/revolutionpadelstore.com\/de\/produkt\/siux-electra-go-4-1\/","url":"https:\/\/revolutionpadelstore.com\/de\/produkt\/siux-electra-go-4-1\/","name":"SIUX ELECTRA GO 4 - Revolution Padel Store","isPartOf":{"@id":"https:\/\/revolutionpadelstore.com\/de\/#website"},"primaryImageOfPage":{"@id":"https:\/\/revolutionpadelstore.com\/de\/produkt\/siux-electra-go-4-1\/#primaryimage"},"image":{"@id":"https:\/\/revolutionpadelstore.com\/de\/produkt\/siux-electra-go-4-1\/#primaryimage"},"thumbnailUrl":"https:\/\/revolutionpadelstore.com\/wp-content\/uploads\/2025\/03\/112635-siux-electra-go-4-1500x1500-1.webp","datePublished":"2025-03-26T11:45:57+00:00","dateModified":"2026-04-08T03:31:38+00:00","description":"Pala Siux Electra Go 4 para jugadores intermedios. Dise\u00f1o h\u00edbrido, tacto medio\/duro, gran equilibrio entre control y potencia. \u00a1Compra online al mejor precio en Revolution Padel Store!","breadcrumb":{"@id":"https:\/\/revolutionpadelstore.com\/de\/produkt\/siux-electra-go-4-1\/#breadcrumb"},"inLanguage":"de","potentialAction":[{"@type":"ReadAction","target":["https:\/\/revolutionpadelstore.com\/de\/produkt\/siux-electra-go-4-1\/"]}]},{"@type":"ImageObject","inLanguage":"de","@id":"https:\/\/revolutionpadelstore.com\/de\/produkt\/siux-electra-go-4-1\/#primaryimage","url":"https:\/\/revolutionpadelstore.com\/wp-content\/uploads\/2025\/03\/112635-siux-electra-go-4-1500x1500-1.webp","contentUrl":"https:\/\/revolutionpadelstore.com\/wp-content\/uploads\/2025\/03\/112635-siux-electra-go-4-1500x1500-1.webp","width":1500,"height":1500},{"@type":"BreadcrumbList","@id":"https:\/\/revolutionpadelstore.com\/de\/produkt\/siux-electra-go-4-1\/#breadcrumb","itemListElement":[{"@type":"ListItem","position":1,"name":"Portada","item":"https:\/\/revolutionpadelstore.com\/de\/"},{"@type":"ListItem","position":2,"name":"Shop","item":"https:\/\/revolutionpadelstore.com\/de\/tienda\/"},{"@type":"ListItem","position":3,"name":"SIUX ELECTRA GO 4"}]},{"@type":"WebSite","@id":"https:\/\/revolutionpadelstore.com\/de\/#website","url":"https:\/\/revolutionpadelstore.com\/de\/","name":"Revolution Padel Store","description":"","publisher":{"@id":"https:\/\/revolutionpadelstore.com\/de\/#organization"},"potentialAction":[{"@type":"SearchAction","target":{"@type":"EntryPoint","urlTemplate":"https:\/\/revolutionpadelstore.com\/de\/?s={search_term_string}"},"query-input":{"@type":"PropertyValueSpecification","valueRequired":true,"valueName":"search_term_string"}}],"inLanguage":"de"},{"@type":"Organization","@id":"https:\/\/revolutionpadelstore.com\/de\/#organization","name":"Revolution Padel Store","url":"https:\/\/revolutionpadelstore.com\/de\/","logo":{"@type":"ImageObject","inLanguage":"de","@id":"https:\/\/revolutionpadelstore.com\/de\/#\/schema\/logo\/image\/","url":"https:\/\/revolutionpadelstore.com\/wp-content\/uploads\/2026\/02\/revolution-padel-store.jpg","contentUrl":"https:\/\/revolutionpadelstore.com\/wp-content\/uploads\/2026\/02\/revolution-padel-store.jpg","width":2000,"height":2000,"caption":"Revolution Padel Store"},"image":{"@id":"https:\/\/revolutionpadelstore.com\/de\/#\/schema\/logo\/image\/"},"sameAs":["https:\/\/www.instagram.com\/revolutionpadelstore\/"]}]}},"_links":{"self":[{"href":"https:\/\/revolutionpadelstore.com\/de\/wp-json\/wp\/v2\/product\/216486","targetHints":{"allow":["GET"]}}],"collection":[{"href":"https:\/\/revolutionpadelstore.com\/de\/wp-json\/wp\/v2\/product"}],"about":[{"href":"https:\/\/revolutionpadelstore.com\/de\/wp-json\/wp\/v2\/types\/product"}],"replies":[{"embeddable":true,"href":"https:\/\/revolutionpadelstore.com\/de\/wp-json\/wp\/v2\/comments?post=216486"}],"wp:featuredmedia":[{"embeddable":true,"href":"https:\/\/revolutionpadelstore.com\/de\/wp-json\/wp\/v2\/media\/216480"}],"wp:attachment":[{"href":"https:\/\/revolutionpadelstore.com\/de\/wp-json\/wp\/v2\/media?parent=216486"}],"wp:term":[{"taxonomy":"acabado","embeddable":true,"href":"https:\/\/revolutionpadelstore.com\/de\/wp-json\/wp\/v2\/acabado?post=216486"},{"taxonomy":"balance","embeddable":true,"href":"https:\/\/revolutionpadelstore.com\/de\/wp-json\/wp\/v2\/balance?post=216486"},{"taxonomy":"dureza","embeddable":true,"href":"https:\/\/revolutionpadelstore.com\/de\/wp-json\/wp\/v2\/dureza?post=216486"},{"taxonomy":"forma","embeddable":true,"href":"https:\/\/revolutionpadelstore.com\/de\/wp-json\/wp\/v2\/forma?post=216486"},{"taxonomy":"jugador","embeddable":true,"href":"https:\/\/revolutionpadelstore.com\/de\/wp-json\/wp\/v2\/jugador?post=216486"},{"taxonomy":"marca","embeddable":true,"href":"https:\/\/revolutionpadelstore.com\/de\/wp-json\/wp\/v2\/marca?post=216486"},{"taxonomy":"nivel-de-juego","embeddable":true,"href":"https:\/\/revolutionpadelstore.com\/de\/wp-json\/wp\/v2\/nivel-de-juego?post=216486"},{"taxonomy":"superficie","embeddable":true,"href":"https:\/\/revolutionpadelstore.com\/de\/wp-json\/wp\/v2\/superficie?post=216486"},{"taxonomy":"tipo-de-juego","embeddable":true,"href":"https:\/\/revolutionpadelstore.com\/de\/wp-json\/wp\/v2\/tipo-de-juego?post=216486"},{"taxonomy":"product_brand","embeddable":true,"href":"https:\/\/revolutionpadelstore.com\/de\/wp-json\/wp\/v2\/product_brand?post=216486"},{"taxonomy":"product_cat","embeddable":true,"href":"https:\/\/revolutionpadelstore.com\/de\/wp-json\/wp\/v2\/product_cat?post=216486"},{"taxonomy":"product_tag","embeddable":true,"href":"https:\/\/revolutionpadelstore.com\/de\/wp-json\/wp\/v2\/product_tag?post=216486"}],"curies":[{"name":"wp","href":"https:\/\/api.w.org\/{rel}","templated":true}]}}