{"id":216434,"date":"2025-03-25T23:35:39","date_gmt":"2025-03-25T22:35:39","guid":{"rendered":"https:\/\/revolutionpadelstore.com\/siux-fenix-pro-5-black\/"},"modified":"2026-04-21T14:01:02","modified_gmt":"2026-04-21T12:01:02","slug":"siux-fenix-pro-5-black-1","status":"publish","type":"product","link":"https:\/\/revolutionpadelstore.com\/de\/produkt\/siux-fenix-pro-5-black-1\/","title":{"rendered":"SIUX FENIX PRO 5 BLACK"},"content":{"rendered":"<h2> <strong> Siux Fenix \u200b\u200bPro 5 Schwarz &#8211; Sprengleistung f\u00fcr professionelle Spieler <\/ strong> <\/ h2><\/p>\n<h2> <strong> Die offizielle Schaufel von Leo Augsburger, ideal f\u00fcr die Dominierung des Netzwerks <\/ strong> <\/ h2><br \/>\nDer Siux Fenix \u200b\u200bPro 5 Black ist eine professionelle Paddelschaufel, die f\u00fcr fortschrittliche Spieler entwickelt wurde, die die maximale Offensivleistung suchen. Sein Diamantformat und sein hohes Gleichgewicht machen jeden Schlag zu einer starken Angriffswaffe. Diese Schaufel wird vom professionellen Spieler Leo Augsburger verwendet und bietet eine perfekte Kombination aus Pr\u00e4zision, Strom und Stil.<\/p>\n<h2> <strong> Technische Eigenschaften des Siux Fenix \u200b\u200bPro 5 Black <\/ strong> <\/ h2><\/p>\n<p>-Form: Diamond-Maximum-Leistung im offensiven Spiel <\/p>\n<p>-balance: hohe ideal f\u00fcr leistungsstarke auktionen und aggressive Schl\u00e4ge in der N\u00e4he des Netzwerks <\/p>\n<\/p>\n<p>-Flugzeugmaterial: Kohlenstoff 24K-hohes Widerstand, Haltbarkeit und ausgezeichnete Kugelausgabe <\/p>\n<p><P>-core: schwarz eva gummi-brasiver steif, harte treffer und effektive Vibrationsabsorption <\/p>\n<p>-3d raues Finishimprovie die Auswirkungen auf Schnitt und angehobene Schl\u00e4ge <\/p>\n<p><P>-system-montierbares Correa schalten, um den Griff anzupassen <\/p>\n<p>-Lange Faustbef\u00e4hlerung Die Verwendung von zwei H\u00e4nden <\/p>\n<h2> <strong> Vorteile des Spielens mit Fenix \u200b\u200bPro 5 Black <\/ strong> <\/ h2><\/p>\n<p>-entwickelt f\u00fcr fortschrittliche und professionelle Spieler <\/p>\n<\/p>\n<p>-Hervorragende Leistung in Wettbewerben und Angriffssituationen <\/p>\n<p>-resistent und robust, um anspruchsvolle Auswirkungen zu unterst\u00fctzen <\/p>\n<p>-perfekt f\u00fcr einen aggressiven, technischen und dominanten Spielstil <\/p>\n<\/p>\n<h2> <strong> Warum den Siux Fenix \u200b\u200bPro 5 Black w\u00e4hlen?<br \/>\nWenn Ihr Stil an jedem Punkt auf der Leistung, der Offensivsteuerung und der Pr\u00e4zision basiert, wird diese Schaufel f\u00fcr Sie gemacht. Die Konstruktion mit erstklassigen Materialien und fortschrittlichen technischen Details wie dem Schaltgurt und dem 24 -km -Kohlenstoff versichert Ihnen eine professionelle Leistung in jeder Party.<\/p>\n<h2> <strong> Bringen Sie Ihr Spiel auf die n\u00e4chste Stufe <\/ strong> <\/ h2><br \/>\nMag Leo Augsburger und w\u00e4hlen Sie eine Schaufel, die einen Unterschied macht. Der Siux Fenix \u200b\u200bPro 5 Black ist die endg\u00fcltige Wahl f\u00fcr Spieler, die die Strecke mit jedem Schlag hervorheben und beherrschen wollen.<\/p>\n<p><strong> Kaufen Sie es in <a href=\"http:\/\/www.revolutionpadelstore.com\/\"> www.revolutionpadelstore.com <\/a>, wahrscheinlich zum besten Marktpreis! <\/strong><\/p>\n","protected":false},"excerpt":{"rendered":"<p>Der Siux Fenix \u200b\u200bPro 5 Black ist f\u00fcr erfahrene Spieler konzipiert, die Kraft, Genauigkeit und Kontrolle in ihrem Spiel kombinieren m\u00f6chten. Das hohe Gleichgewicht und die Kohlenstoffversorgung von 24.000 verbessert die Leistung innerhalb der Strecke.<\/p>\n","protected":false},"featured_media":216393,"comment_status":"open","ping_status":"closed","template":"","meta":{"_acf_changed":false,"_joinchat":[]},"acabado":[1089],"balance":[1134],"dureza":[1159],"forma":[1169],"jugador":[1189,1199],"marca":[1304],"nivel-de-juego":[1334,1344],"superficie":[1359],"tipo-de-juego":[1374],"product_brand":[],"product_cat":[299],"product_tag":[],"class_list":{"0":"post-216434","1":"product","2":"type-product","3":"status-publish","4":"has-post-thumbnail","6":"acabado-3d-entlasten","7":"balance-hoch","8":"dureza-dura-de","9":"forma-diamante-de","10":"jugador-mann","11":"jugador-mehrzweck","12":"marca-siux-de","13":"superficie-rugosa-de","14":"tipo-de-juego-leistung","15":"product_cat-palas-de-padel-de","17":"first","18":"instock","19":"sale","20":"taxable","21":"shipping-taxable","22":"purchasable","23":"product-type-simple"},"acf":[],"yoast_head":"<!-- This site is optimized with the Yoast SEO plugin v27.4 - https:\/\/yoast.com\/product\/yoast-seo-wordpress\/ -->\n<title>SIUX FENIX PRO 5 BLACK - Revolution Padel Store<\/title>\n<meta name=\"description\" content=\"Compra la pala Siux Fenix Pro 5 Black, elegida por Leo Augsburger. M\u00e1xima potencia, precisi\u00f3n y tecnolog\u00eda para jugadores profesionales. \u00a1Disponible en Revolution Padel Store al mejor precio!\" \/>\n<meta name=\"robots\" content=\"index, follow, max-snippet:-1, max-image-preview:large, max-video-preview:-1\" \/>\n<link rel=\"canonical\" href=\"https:\/\/revolutionpadelstore.com\/de\/produkt\/siux-fenix-pro-5-black-1\/\" \/>\n<meta property=\"og:locale\" content=\"de_DE\" \/>\n<meta property=\"og:type\" content=\"article\" \/>\n<meta property=\"og:title\" content=\"SIUX FENIX PRO 5 BLACK - Revolution Padel Store\" \/>\n<meta property=\"og:description\" content=\"Compra la pala Siux Fenix Pro 5 Black, elegida por Leo Augsburger. M\u00e1xima potencia, precisi\u00f3n y tecnolog\u00eda para jugadores profesionales. \u00a1Disponible en Revolution Padel Store al mejor precio!\" \/>\n<meta property=\"og:url\" content=\"https:\/\/revolutionpadelstore.com\/de\/produkt\/siux-fenix-pro-5-black-1\/\" \/>\n<meta property=\"og:site_name\" content=\"Revolution Padel Store\" \/>\n<meta property=\"article:modified_time\" content=\"2026-04-21T12:01:02+00:00\" \/>\n<meta property=\"og:image\" content=\"https:\/\/revolutionpadelstore.com\/wp-content\/uploads\/2025\/03\/115239-siux-fenix-pro-5-black-1500x1500-1.webp\" \/>\n\t<meta property=\"og:image:width\" content=\"1500\" \/>\n\t<meta property=\"og:image:height\" content=\"1500\" \/>\n\t<meta property=\"og:image:type\" content=\"image\/webp\" \/>\n<meta name=\"twitter:card\" content=\"summary_large_image\" \/>\n<meta name=\"twitter:label1\" content=\"Gesch\u00e4tzte Lesezeit\" \/>\n\t<meta name=\"twitter:data1\" content=\"2\u00a0Minuten\" \/>\n<script type=\"application\/ld+json\" class=\"yoast-schema-graph\">{\"@context\":\"https:\\\/\\\/schema.org\",\"@graph\":[{\"@type\":\"WebPage\",\"@id\":\"https:\\\/\\\/revolutionpadelstore.com\\\/de\\\/produkt\\\/siux-fenix-pro-5-black-1\\\/\",\"url\":\"https:\\\/\\\/revolutionpadelstore.com\\\/de\\\/produkt\\\/siux-fenix-pro-5-black-1\\\/\",\"name\":\"SIUX FENIX PRO 5 BLACK - Revolution Padel Store\",\"isPartOf\":{\"@id\":\"https:\\\/\\\/revolutionpadelstore.com\\\/de\\\/#website\"},\"primaryImageOfPage\":{\"@id\":\"https:\\\/\\\/revolutionpadelstore.com\\\/de\\\/produkt\\\/siux-fenix-pro-5-black-1\\\/#primaryimage\"},\"image\":{\"@id\":\"https:\\\/\\\/revolutionpadelstore.com\\\/de\\\/produkt\\\/siux-fenix-pro-5-black-1\\\/#primaryimage\"},\"thumbnailUrl\":\"https:\\\/\\\/revolutionpadelstore.com\\\/wp-content\\\/uploads\\\/2025\\\/03\\\/115239-siux-fenix-pro-5-black-1500x1500-1.webp\",\"datePublished\":\"2025-03-25T22:35:39+00:00\",\"dateModified\":\"2026-04-21T12:01:02+00:00\",\"description\":\"Compra la pala Siux Fenix Pro 5 Black, elegida por Leo Augsburger. M\u00e1xima potencia, precisi\u00f3n y tecnolog\u00eda para jugadores profesionales. \u00a1Disponible en Revolution Padel Store al mejor precio!\",\"breadcrumb\":{\"@id\":\"https:\\\/\\\/revolutionpadelstore.com\\\/de\\\/produkt\\\/siux-fenix-pro-5-black-1\\\/#breadcrumb\"},\"inLanguage\":\"de\",\"potentialAction\":[{\"@type\":\"ReadAction\",\"target\":[\"https:\\\/\\\/revolutionpadelstore.com\\\/de\\\/produkt\\\/siux-fenix-pro-5-black-1\\\/\"]}]},{\"@type\":\"ImageObject\",\"inLanguage\":\"de\",\"@id\":\"https:\\\/\\\/revolutionpadelstore.com\\\/de\\\/produkt\\\/siux-fenix-pro-5-black-1\\\/#primaryimage\",\"url\":\"https:\\\/\\\/revolutionpadelstore.com\\\/wp-content\\\/uploads\\\/2025\\\/03\\\/115239-siux-fenix-pro-5-black-1500x1500-1.webp\",\"contentUrl\":\"https:\\\/\\\/revolutionpadelstore.com\\\/wp-content\\\/uploads\\\/2025\\\/03\\\/115239-siux-fenix-pro-5-black-1500x1500-1.webp\",\"width\":1500,\"height\":1500},{\"@type\":\"BreadcrumbList\",\"@id\":\"https:\\\/\\\/revolutionpadelstore.com\\\/de\\\/produkt\\\/siux-fenix-pro-5-black-1\\\/#breadcrumb\",\"itemListElement\":[{\"@type\":\"ListItem\",\"position\":1,\"name\":\"Portada\",\"item\":\"https:\\\/\\\/revolutionpadelstore.com\\\/de\\\/\"},{\"@type\":\"ListItem\",\"position\":2,\"name\":\"Shop\",\"item\":\"https:\\\/\\\/revolutionpadelstore.com\\\/de\\\/tienda\\\/\"},{\"@type\":\"ListItem\",\"position\":3,\"name\":\"SIUX FENIX PRO 5 BLACK\"}]},{\"@type\":\"WebSite\",\"@id\":\"https:\\\/\\\/revolutionpadelstore.com\\\/de\\\/#website\",\"url\":\"https:\\\/\\\/revolutionpadelstore.com\\\/de\\\/\",\"name\":\"Revolution Padel Store\",\"description\":\"\",\"publisher\":{\"@id\":\"https:\\\/\\\/revolutionpadelstore.com\\\/de\\\/#organization\"},\"potentialAction\":[{\"@type\":\"SearchAction\",\"target\":{\"@type\":\"EntryPoint\",\"urlTemplate\":\"https:\\\/\\\/revolutionpadelstore.com\\\/de\\\/?s={search_term_string}\"},\"query-input\":{\"@type\":\"PropertyValueSpecification\",\"valueRequired\":true,\"valueName\":\"search_term_string\"}}],\"inLanguage\":\"de\"},{\"@type\":\"Organization\",\"@id\":\"https:\\\/\\\/revolutionpadelstore.com\\\/de\\\/#organization\",\"name\":\"Revolution Padel Store\",\"url\":\"https:\\\/\\\/revolutionpadelstore.com\\\/de\\\/\",\"logo\":{\"@type\":\"ImageObject\",\"inLanguage\":\"de\",\"@id\":\"https:\\\/\\\/revolutionpadelstore.com\\\/de\\\/#\\\/schema\\\/logo\\\/image\\\/\",\"url\":\"https:\\\/\\\/revolutionpadelstore.com\\\/wp-content\\\/uploads\\\/2026\\\/02\\\/revolution-padel-store.jpg\",\"contentUrl\":\"https:\\\/\\\/revolutionpadelstore.com\\\/wp-content\\\/uploads\\\/2026\\\/02\\\/revolution-padel-store.jpg\",\"width\":2000,\"height\":2000,\"caption\":\"Revolution Padel Store\"},\"image\":{\"@id\":\"https:\\\/\\\/revolutionpadelstore.com\\\/de\\\/#\\\/schema\\\/logo\\\/image\\\/\"},\"sameAs\":[\"https:\\\/\\\/www.instagram.com\\\/revolutionpadelstore\\\/\"]}]}<\/script>\n<!-- \/ Yoast SEO plugin. -->","yoast_head_json":{"title":"SIUX FENIX PRO 5 BLACK - Revolution Padel Store","description":"Compra la pala Siux Fenix Pro 5 Black, elegida por Leo Augsburger. M\u00e1xima potencia, precisi\u00f3n y tecnolog\u00eda para jugadores profesionales. \u00a1Disponible en Revolution Padel Store al mejor precio!","robots":{"index":"index","follow":"follow","max-snippet":"max-snippet:-1","max-image-preview":"max-image-preview:large","max-video-preview":"max-video-preview:-1"},"canonical":"https:\/\/revolutionpadelstore.com\/de\/produkt\/siux-fenix-pro-5-black-1\/","og_locale":"de_DE","og_type":"article","og_title":"SIUX FENIX PRO 5 BLACK - Revolution Padel Store","og_description":"Compra la pala Siux Fenix Pro 5 Black, elegida por Leo Augsburger. M\u00e1xima potencia, precisi\u00f3n y tecnolog\u00eda para jugadores profesionales. \u00a1Disponible en Revolution Padel Store al mejor precio!","og_url":"https:\/\/revolutionpadelstore.com\/de\/produkt\/siux-fenix-pro-5-black-1\/","og_site_name":"Revolution Padel Store","article_modified_time":"2026-04-21T12:01:02+00:00","og_image":[{"width":1500,"height":1500,"url":"https:\/\/revolutionpadelstore.com\/wp-content\/uploads\/2025\/03\/115239-siux-fenix-pro-5-black-1500x1500-1.webp","type":"image\/webp"}],"twitter_card":"summary_large_image","twitter_misc":{"Gesch\u00e4tzte Lesezeit":"2\u00a0Minuten"},"schema":{"@context":"https:\/\/schema.org","@graph":[{"@type":"WebPage","@id":"https:\/\/revolutionpadelstore.com\/de\/produkt\/siux-fenix-pro-5-black-1\/","url":"https:\/\/revolutionpadelstore.com\/de\/produkt\/siux-fenix-pro-5-black-1\/","name":"SIUX FENIX PRO 5 BLACK - Revolution Padel Store","isPartOf":{"@id":"https:\/\/revolutionpadelstore.com\/de\/#website"},"primaryImageOfPage":{"@id":"https:\/\/revolutionpadelstore.com\/de\/produkt\/siux-fenix-pro-5-black-1\/#primaryimage"},"image":{"@id":"https:\/\/revolutionpadelstore.com\/de\/produkt\/siux-fenix-pro-5-black-1\/#primaryimage"},"thumbnailUrl":"https:\/\/revolutionpadelstore.com\/wp-content\/uploads\/2025\/03\/115239-siux-fenix-pro-5-black-1500x1500-1.webp","datePublished":"2025-03-25T22:35:39+00:00","dateModified":"2026-04-21T12:01:02+00:00","description":"Compra la pala Siux Fenix Pro 5 Black, elegida por Leo Augsburger. M\u00e1xima potencia, precisi\u00f3n y tecnolog\u00eda para jugadores profesionales. \u00a1Disponible en Revolution Padel Store al mejor precio!","breadcrumb":{"@id":"https:\/\/revolutionpadelstore.com\/de\/produkt\/siux-fenix-pro-5-black-1\/#breadcrumb"},"inLanguage":"de","potentialAction":[{"@type":"ReadAction","target":["https:\/\/revolutionpadelstore.com\/de\/produkt\/siux-fenix-pro-5-black-1\/"]}]},{"@type":"ImageObject","inLanguage":"de","@id":"https:\/\/revolutionpadelstore.com\/de\/produkt\/siux-fenix-pro-5-black-1\/#primaryimage","url":"https:\/\/revolutionpadelstore.com\/wp-content\/uploads\/2025\/03\/115239-siux-fenix-pro-5-black-1500x1500-1.webp","contentUrl":"https:\/\/revolutionpadelstore.com\/wp-content\/uploads\/2025\/03\/115239-siux-fenix-pro-5-black-1500x1500-1.webp","width":1500,"height":1500},{"@type":"BreadcrumbList","@id":"https:\/\/revolutionpadelstore.com\/de\/produkt\/siux-fenix-pro-5-black-1\/#breadcrumb","itemListElement":[{"@type":"ListItem","position":1,"name":"Portada","item":"https:\/\/revolutionpadelstore.com\/de\/"},{"@type":"ListItem","position":2,"name":"Shop","item":"https:\/\/revolutionpadelstore.com\/de\/tienda\/"},{"@type":"ListItem","position":3,"name":"SIUX FENIX PRO 5 BLACK"}]},{"@type":"WebSite","@id":"https:\/\/revolutionpadelstore.com\/de\/#website","url":"https:\/\/revolutionpadelstore.com\/de\/","name":"Revolution Padel Store","description":"","publisher":{"@id":"https:\/\/revolutionpadelstore.com\/de\/#organization"},"potentialAction":[{"@type":"SearchAction","target":{"@type":"EntryPoint","urlTemplate":"https:\/\/revolutionpadelstore.com\/de\/?s={search_term_string}"},"query-input":{"@type":"PropertyValueSpecification","valueRequired":true,"valueName":"search_term_string"}}],"inLanguage":"de"},{"@type":"Organization","@id":"https:\/\/revolutionpadelstore.com\/de\/#organization","name":"Revolution Padel Store","url":"https:\/\/revolutionpadelstore.com\/de\/","logo":{"@type":"ImageObject","inLanguage":"de","@id":"https:\/\/revolutionpadelstore.com\/de\/#\/schema\/logo\/image\/","url":"https:\/\/revolutionpadelstore.com\/wp-content\/uploads\/2026\/02\/revolution-padel-store.jpg","contentUrl":"https:\/\/revolutionpadelstore.com\/wp-content\/uploads\/2026\/02\/revolution-padel-store.jpg","width":2000,"height":2000,"caption":"Revolution Padel Store"},"image":{"@id":"https:\/\/revolutionpadelstore.com\/de\/#\/schema\/logo\/image\/"},"sameAs":["https:\/\/www.instagram.com\/revolutionpadelstore\/"]}]}},"_links":{"self":[{"href":"https:\/\/revolutionpadelstore.com\/de\/wp-json\/wp\/v2\/product\/216434","targetHints":{"allow":["GET"]}}],"collection":[{"href":"https:\/\/revolutionpadelstore.com\/de\/wp-json\/wp\/v2\/product"}],"about":[{"href":"https:\/\/revolutionpadelstore.com\/de\/wp-json\/wp\/v2\/types\/product"}],"replies":[{"embeddable":true,"href":"https:\/\/revolutionpadelstore.com\/de\/wp-json\/wp\/v2\/comments?post=216434"}],"wp:featuredmedia":[{"embeddable":true,"href":"https:\/\/revolutionpadelstore.com\/de\/wp-json\/wp\/v2\/media\/216393"}],"wp:attachment":[{"href":"https:\/\/revolutionpadelstore.com\/de\/wp-json\/wp\/v2\/media?parent=216434"}],"wp:term":[{"taxonomy":"acabado","embeddable":true,"href":"https:\/\/revolutionpadelstore.com\/de\/wp-json\/wp\/v2\/acabado?post=216434"},{"taxonomy":"balance","embeddable":true,"href":"https:\/\/revolutionpadelstore.com\/de\/wp-json\/wp\/v2\/balance?post=216434"},{"taxonomy":"dureza","embeddable":true,"href":"https:\/\/revolutionpadelstore.com\/de\/wp-json\/wp\/v2\/dureza?post=216434"},{"taxonomy":"forma","embeddable":true,"href":"https:\/\/revolutionpadelstore.com\/de\/wp-json\/wp\/v2\/forma?post=216434"},{"taxonomy":"jugador","embeddable":true,"href":"https:\/\/revolutionpadelstore.com\/de\/wp-json\/wp\/v2\/jugador?post=216434"},{"taxonomy":"marca","embeddable":true,"href":"https:\/\/revolutionpadelstore.com\/de\/wp-json\/wp\/v2\/marca?post=216434"},{"taxonomy":"nivel-de-juego","embeddable":true,"href":"https:\/\/revolutionpadelstore.com\/de\/wp-json\/wp\/v2\/nivel-de-juego?post=216434"},{"taxonomy":"superficie","embeddable":true,"href":"https:\/\/revolutionpadelstore.com\/de\/wp-json\/wp\/v2\/superficie?post=216434"},{"taxonomy":"tipo-de-juego","embeddable":true,"href":"https:\/\/revolutionpadelstore.com\/de\/wp-json\/wp\/v2\/tipo-de-juego?post=216434"},{"taxonomy":"product_brand","embeddable":true,"href":"https:\/\/revolutionpadelstore.com\/de\/wp-json\/wp\/v2\/product_brand?post=216434"},{"taxonomy":"product_cat","embeddable":true,"href":"https:\/\/revolutionpadelstore.com\/de\/wp-json\/wp\/v2\/product_cat?post=216434"},{"taxonomy":"product_tag","embeddable":true,"href":"https:\/\/revolutionpadelstore.com\/de\/wp-json\/wp\/v2\/product_tag?post=216434"}],"curies":[{"name":"wp","href":"https:\/\/api.w.org\/{rel}","templated":true}]}}